{"id":3959,"date":"2022-08-07T16:30:22","date_gmt":"2022-08-07T16:30:22","guid":{"rendered":"https:\/\/sexshopbajolassabanas.mx\/?page_id=3959"},"modified":"2023-09-04T20:27:58","modified_gmt":"2023-09-04T20:27:58","slug":"politicas-de-devoluciones","status":"publish","type":"page","link":"https:\/\/sexshopbajolassabanas.mx\/?page_id=3959","title":{"rendered":"Pol\u00edticas de devoluciones"},"content":{"rendered":"\t\t<div data-elementor-type=\"wp-page\" data-elementor-id=\"3959\" class=\"elementor elementor-3959\">\n\t\t\t\t\t\t\t\t\t<section class=\"elementor-section elementor-top-section elementor-element elementor-element-30179b1 elementor-section-boxed elementor-section-height-default elementor-section-height-default\" data-id=\"30179b1\" data-element_type=\"section\">\n\t\t\t\t\t\t<div class=\"elementor-container elementor-column-gap-default\">\n\t\t\t\t\t<div class=\"elementor-column elementor-col-100 elementor-top-column elementor-element elementor-element-bf535e4\" data-id=\"bf535e4\" data-element_type=\"column\">\n\t\t\t<div class=\"elementor-widget-wrap elementor-element-populated\">\n\t\t\t\t\t\t\t\t<div class=\"elementor-element elementor-element-5cba21d elementor-widget elementor-widget-spacer\" data-id=\"5cba21d\" data-element_type=\"widget\" data-widget_type=\"spacer.default\">\n\t\t\t\t<div class=\"elementor-widget-container\">\n\t\t\t<style>\/*! elementor - v3.7.8 - 02-10-2022 *\/\n.elementor-column .elementor-spacer-inner{height:var(--spacer-size)}.e-container{--container-widget-width:100%}.e-container>.elementor-widget-spacer{width:var(--container-widget-width,var(--spacer-size));-ms-flex-item-align:stretch;align-self:stretch;-ms-flex-negative:0;flex-shrink:0}.e-container>.elementor-widget-spacer>.elementor-widget-container,.e-container>.elementor-widget-spacer>.elementor-widget-container>.elementor-spacer{height:100%}.e-container>.elementor-widget-spacer>.elementor-widget-container>.elementor-spacer>.elementor-spacer-inner{height:var(--container-widget-height,var(--spacer-size))}<\/style>\t\t<div class=\"elementor-spacer\">\n\t\t\t<div class=\"elementor-spacer-inner\"><\/div>\n\t\t<\/div>\n\t\t\t\t<\/div>\n\t\t\t\t<\/div>\n\t\t\t\t<div class=\"elementor-element elementor-element-7dba69e elementor-widget elementor-widget-heading\" data-id=\"7dba69e\" data-element_type=\"widget\" data-widget_type=\"heading.default\">\n\t\t\t\t<div class=\"elementor-widget-container\">\n\t\t\t<style>\/*! elementor - v3.7.8 - 02-10-2022 *\/\n.elementor-heading-title{padding:0;margin:0;line-height:1}.elementor-widget-heading .elementor-heading-title[class*=elementor-size-]>a{color:inherit;font-size:inherit;line-height:inherit}.elementor-widget-heading .elementor-heading-title.elementor-size-small{font-size:15px}.elementor-widget-heading .elementor-heading-title.elementor-size-medium{font-size:19px}.elementor-widget-heading .elementor-heading-title.elementor-size-large{font-size:29px}.elementor-widget-heading .elementor-heading-title.elementor-size-xl{font-size:39px}.elementor-widget-heading .elementor-heading-title.elementor-size-xxl{font-size:59px}<\/style><h2 class=\"elementor-heading-title elementor-size-default\">Pol\u00edticas de devoluciones<\/h2>\t\t<\/div>\n\t\t\t\t<\/div>\n\t\t\t\t\t<\/div>\n\t\t<\/div>\n\t\t\t\t\t\t\t<\/div>\n\t\t<\/section>\n\t\t\t\t<section class=\"elementor-section elementor-top-section elementor-element elementor-element-fc5c967 elementor-section-boxed elementor-section-height-default elementor-section-height-default\" data-id=\"fc5c967\" data-element_type=\"section\">\n\t\t\t\t\t\t<div class=\"elementor-container elementor-column-gap-default\">\n\t\t\t\t\t<div class=\"elementor-column elementor-col-100 elementor-top-column elementor-element elementor-element-1778532\" data-id=\"1778532\" data-element_type=\"column\">\n\t\t\t<div class=\"elementor-widget-wrap elementor-element-populated\">\n\t\t\t\t\t\t\t\t<div class=\"elementor-element elementor-element-729c2fc elementor-widget elementor-widget-text-editor\" data-id=\"729c2fc\" data-element_type=\"widget\" data-widget_type=\"text-editor.default\">\n\t\t\t\t<div class=\"elementor-widget-container\">\n\t\t\t<style>\/*! elementor - v3.7.8 - 02-10-2022 *\/\n.elementor-widget-text-editor.elementor-drop-cap-view-stacked .elementor-drop-cap{background-color:#818a91;color:#fff}.elementor-widget-text-editor.elementor-drop-cap-view-framed .elementor-drop-cap{color:#818a91;border:3px solid;background-color:transparent}.elementor-widget-text-editor:not(.elementor-drop-cap-view-default) .elementor-drop-cap{margin-top:8px}.elementor-widget-text-editor:not(.elementor-drop-cap-view-default) .elementor-drop-cap-letter{width:1em;height:1em}.elementor-widget-text-editor .elementor-drop-cap{float:left;text-align:center;line-height:1;font-size:50px}.elementor-widget-text-editor .elementor-drop-cap-letter{display:inline-block}<\/style>\t\t\t\t<p><span style=\"font-weight: 400;\">Hola Sabaneros en caso <\/span><span style=\"font-weight: 400;\">de<\/span> <span style=\"font-weight: 400;\">que el producto est\u00e9 defectuoso<\/span><span style=\"font-weight: 400;\">,<\/span><span style=\"font-weight: 400;\"> tienes 5 d\u00edas naturales para devolverlo <\/span><span style=\"font-weight: 400;\">conserva las etiquetas, facturas, el empaque original y devuelve el producto en perfecto estado, para poder proceder con tu cambio. No hacemos reembolsos.<\/span><\/p>\n<p><span style=\"font-weight: 400;\">Si el producto no funciona, en primer lugar revisa el manual para ver si puedes solucionar el inconveniente que presenta. Si tu producto todav\u00eda no funciona y presenta fallas t\u00e9cnicas, puedes realizar la devoluci\u00f3n de tu producto en un plazo de m\u00e1ximo 5 d\u00edas naturales.<\/span><\/p>\n<p><span style=\"font-weight: 400;\">&nbsp;Situaciones m\u00e1s comunes con los juguetes son:<\/span><\/p>\n<ul>\n<li style=\"font-weight: 400;\" aria-level=\"1\"><span style=\"font-weight: 400;\">No enciende o no vibra.<\/span><\/li>\n<li style=\"font-weight: 400;\" aria-level=\"1\"><span style=\"font-weight: 400;\">No carga cuando se conecta..<\/span><\/li>\n<\/ul>\n<p><span style=\"font-weight: 400;\">Si el motivo de la devoluci\u00f3n es una supuesta falla que tras revisarse no existe, y los t\u00e9cnicos verifican que el producto funciona correctamente, se cargar\u00e1 el costo del producto de reemplazo y los gastos de gesti\u00f3n, a trav\u00e9s del m\u00e9todo de pago utilizado por el cliente en su compra.<\/span><\/p>\n<p><span style=\"font-weight: 400;\">Adem\u00e1s, puedes reportar un problema si el producto est\u00e1 da\u00f1ado, roto o en mal estado (da\u00f1os evidentes, no est\u00e9ticos ni mini defectos propios del proceso de fabricaci\u00f3n) o derramado (cuando se trata de l\u00edquidos como lubricantes o cremas).<\/span><\/p>\n<p>La mayor\u00eda de los productos en Bajo las S\u00e1banas, tienen una garant\u00eda &nbsp;de 15 d\u00edas h\u00e1biles donde el aparato&nbsp;tendr\u00e1 un &nbsp;buen estado y funcionamiento, si el periodo de garant\u00eda es m\u00e1s amplio estar\u00e1 especificado en el producto y marca correspondiente. Despu\u00e9s de superado el periodo de garant\u00eda con nosotros.<\/p>\n<p><span style=\"font-weight: 400;\">Si por error recibes un producto que no es lo que solicitaste. Disc\u00falpanos por el inconveniente que se haya presentado. Por favor devu\u00e9lvelo tan pronto como lo recibes y lo cambiaremos por el art\u00edculo correcto. Por favor conserva el empaque original.<\/span><\/p>\n<p><span style=\"font-weight: 400;\">En cualquiera de los casos descritos, s\u00f3lo tienes que mandarnos un correo electr\u00f3nico indicando el n\u00famero de tu pedido (por lo general empieza con #2\u2026) y explicando el problema a detalle. Tambi\u00e9n puedes adjuntar fotos o videos para ilustrar la falla y agilizar el proceso.<\/span><\/p>\n<p><span style=\"font-weight: 400;\">Despu\u00e9s de que tu solicitud sea recibida, la evaluaremos y te contactaremos lo antes posible para hacer verificaciones si se requieren, as\u00ed como generar una RMA para dar seguimiento a tu caso hasta el reemplazo, si proceden.<\/span><\/p>\n<p><span style=\"font-weight: 400;\">Sin embargo, esto no aplica en el caso de productos que, por su naturaleza y de acuerdo a las normas de calidad vigentes, no puedan devolverse como&nbsp;<\/span><\/p>\n<p><span style=\"font-weight: 400;\">juguetes er\u00f3ticos, a excepci\u00f3n de alguna falla t\u00e9cnica detectada antes de su uso.&nbsp;<\/span><\/p>\n<p><span style=\"font-weight: 400;\">* Lencer\u00eda<\/span><\/p>\n<ul>\n<li><span style=\"font-weight: 400;\"> Perfumes, lociones, cremas \u00edntimas* o fragancias.<\/span><\/li>\n<li><span style=\"font-weight: 400;\"> Ropa interior o trajes de ba\u00f1o.<\/span><\/li>\n<li><span style=\"font-weight: 400;\"> Suplementos alimenticios<\/span><\/li>\n<\/ul>\n<p><span style=\"font-weight: 400;\">Tampoco aplica a cualquier producto que haya sido abierto o que las cintas del empaque hayan sido retiradas, excepto por una falla t\u00e9cnica detectada durante su uso.<\/span><\/p>\n<p><span style=\"font-weight: 400;\">*Se considera cremas \u00edntimas a los productos que sean, cremas para genitales, sprays retardantes, cremas anales, cremas estrechadoras, lubricantes, aceites para masaje, desensibilizadores, intensificadores, velas para masaje y dem\u00e1s productos de uso \u00edntimo.<\/span><\/p>\n<p><a href=\"http:\/\/3\" data-wplink-url-error=\"true\"><span style=\"font-weight: 400;\">T\u00e9rminos y condiciones<\/span><\/a><\/p>\t\t\t\t\t\t<\/div>\n\t\t\t\t<\/div>\n\t\t\t\t\t<\/div>\n\t\t<\/div>\n\t\t\t\t\t\t\t<\/div>\n\t\t<\/section>\n\t\t\t\t\t\t\t<\/div>\n\t\t","protected":false},"excerpt":{"rendered":"<p>Pol\u00edticas de devoluciones Hola Sabaneros en caso de que el producto est\u00e9 defectuoso, tienes 5 d\u00edas naturales para devolverlo conserva las etiquetas, facturas, el empaque original y devuelve el producto en perfecto estado, para poder proceder con tu cambio. No hacemos reembolsos. Si el producto no funciona, en primer lugar revisa el manual para ver [&hellip;]<\/p>\n","protected":false},"author":2,"featured_media":0,"parent":0,"menu_order":0,"comment_status":"closed","ping_status":"closed","template":"","meta":{"om_disable_all_campaigns":false,"site-sidebar-layout":"no-sidebar","site-content-layout":"page-builder","ast-site-content-layout":"","site-content-style":"default","site-sidebar-style":"default","ast-global-header-display":"","ast-banner-title-visibility":"","ast-main-header-display":"","ast-hfb-above-header-display":"","ast-hfb-below-header-display":"","ast-hfb-mobile-header-display":"","site-post-title":"disabled","ast-breadcrumbs-content":"","ast-featured-img":"disabled","footer-sml-layout":"","theme-transparent-header-meta":"","adv-header-id-meta":"","stick-header-meta":"","header-above-stick-meta":"","header-main-stick-meta":"","header-below-stick-meta":"","astra-migrate-meta-layouts":"default","ast-page-background-enabled":"default","ast-page-background-meta":{"desktop":{"background-color":"","background-image":"","background-repeat":"repeat","background-position":"center center","background-size":"auto","background-attachment":"scroll","background-type":"","background-media":"","overlay-type":"","overlay-color":"","overlay-opacity":"","overlay-gradient":""},"tablet":{"background-color":"","background-image":"","background-repeat":"repeat","background-position":"center center","background-size":"auto","background-attachment":"scroll","background-type":"","background-media":"","overlay-type":"","overlay-color":"","overlay-opacity":"","overlay-gradient":""},"mobile":{"background-color":"","background-image":"","background-repeat":"repeat","background-position":"center center","background-size":"auto","background-attachment":"scroll","background-type":"","background-media":"","overlay-type":"","overlay-color":"","overlay-opacity":"","overlay-gradient":""}},"ast-content-background-meta":{"desktop":{"background-color":"var(--ast-global-color-5)","background-image":"","background-repeat":"repeat","background-position":"center center","background-size":"auto","background-attachment":"scroll","background-type":"","background-media":"","overlay-type":"","overlay-color":"","overlay-opacity":"","overlay-gradient":""},"tablet":{"background-color":"var(--ast-global-color-5)","background-image":"","background-repeat":"repeat","background-position":"center center","background-size":"auto","background-attachment":"scroll","background-type":"","background-media":"","overlay-type":"","overlay-color":"","overlay-opacity":"","overlay-gradient":""},"mobile":{"background-color":"var(--ast-global-color-5)","background-image":"","background-repeat":"repeat","background-position":"center center","background-size":"auto","background-attachment":"scroll","background-type":"","background-media":"","overlay-type":"","overlay-color":"","overlay-opacity":"","overlay-gradient":""}},"_joinchat":[],"footnotes":""},"class_list":["post-3959","page","type-page","status-publish","hentry"],"yoast_head":"<!-- This site is optimized with the Yoast SEO plugin v20.5 - https:\/\/yoast.com\/wordpress\/plugins\/seo\/ -->\n<title>Pol\u00edticas de devoluciones - sexshopbajolassabanas.mx<\/title>\n<meta name=\"robots\" content=\"index, follow, max-snippet:-1, max-image-preview:large, max-video-preview:-1\" \/>\n<link rel=\"canonical\" href=\"https:\/\/sexshopbajolassabanas.mx\/?page_id=3959\" \/>\n<meta property=\"og:locale\" content=\"es_MX\" \/>\n<meta property=\"og:type\" content=\"article\" \/>\n<meta property=\"og:title\" content=\"Pol\u00edticas de devoluciones - sexshopbajolassabanas.mx\" \/>\n<meta property=\"og:description\" content=\"Pol\u00edticas de devoluciones Hola Sabaneros en caso de que el producto est\u00e9 defectuoso, tienes 5 d\u00edas naturales para devolverlo conserva las etiquetas, facturas, el empaque original y devuelve el producto en perfecto estado, para poder proceder con tu cambio. No hacemos reembolsos. Si el producto no funciona, en primer lugar revisa el manual para ver [&hellip;]\" \/>\n<meta property=\"og:url\" content=\"https:\/\/sexshopbajolassabanas.mx\/?page_id=3959\" \/>\n<meta property=\"og:site_name\" content=\"sexshopbajolassabanas.mx\" \/>\n<meta property=\"article:modified_time\" content=\"2023-09-04T20:27:58+00:00\" \/>\n<meta name=\"twitter:card\" content=\"summary_large_image\" \/>\n<meta name=\"twitter:label1\" content=\"Tiempo de lectura\" \/>\n\t<meta name=\"twitter:data1\" content=\"3 minutos\" \/>\n<script type=\"application\/ld+json\" class=\"yoast-schema-graph\">{\"@context\":\"https:\/\/schema.org\",\"@graph\":[{\"@type\":\"WebPage\",\"@id\":\"https:\/\/sexshopbajolassabanas.mx\/?page_id=3959\",\"url\":\"https:\/\/sexshopbajolassabanas.mx\/?page_id=3959\",\"name\":\"Pol\u00edticas de devoluciones - sexshopbajolassabanas.mx\",\"isPartOf\":{\"@id\":\"https:\/\/sexshopbajolassabanas.mx\/#website\"},\"datePublished\":\"2022-08-07T16:30:22+00:00\",\"dateModified\":\"2023-09-04T20:27:58+00:00\",\"breadcrumb\":{\"@id\":\"https:\/\/sexshopbajolassabanas.mx\/?page_id=3959#breadcrumb\"},\"inLanguage\":\"es\",\"potentialAction\":[{\"@type\":\"ReadAction\",\"target\":[\"https:\/\/sexshopbajolassabanas.mx\/?page_id=3959\"]}]},{\"@type\":\"BreadcrumbList\",\"@id\":\"https:\/\/sexshopbajolassabanas.mx\/?page_id=3959#breadcrumb\",\"itemListElement\":[{\"@type\":\"ListItem\",\"position\":1,\"name\":\"Inicio\",\"item\":\"https:\/\/sexshopbajolassabanas.mx\/\"},{\"@type\":\"ListItem\",\"position\":2,\"name\":\"Pol\u00edticas de devoluciones\"}]},{\"@type\":\"WebSite\",\"@id\":\"https:\/\/sexshopbajolassabanas.mx\/#website\",\"url\":\"https:\/\/sexshopbajolassabanas.mx\/\",\"name\":\"sexshopbajolassabanas.mx\",\"description\":\"Sex Shop Bajo Las Sabanas\",\"publisher\":{\"@id\":\"https:\/\/sexshopbajolassabanas.mx\/#organization\"},\"potentialAction\":[{\"@type\":\"SearchAction\",\"target\":{\"@type\":\"EntryPoint\",\"urlTemplate\":\"https:\/\/sexshopbajolassabanas.mx\/?s={search_term_string}\"},\"query-input\":\"required name=search_term_string\"}],\"inLanguage\":\"es\"},{\"@type\":\"Organization\",\"@id\":\"https:\/\/sexshopbajolassabanas.mx\/#organization\",\"name\":\"sexshopbajolassabanas.mx\",\"url\":\"https:\/\/sexshopbajolassabanas.mx\/\",\"logo\":{\"@type\":\"ImageObject\",\"inLanguage\":\"es\",\"@id\":\"https:\/\/sexshopbajolassabanas.mx\/#\/schema\/logo\/image\/\",\"url\":\"https:\/\/sexshopbajolassabanas.mx\/wp-content\/uploads\/2022\/08\/cropped-cropped-Sin-titulo-2_Mesa-de-trabajo-1.png\",\"contentUrl\":\"https:\/\/sexshopbajolassabanas.mx\/wp-content\/uploads\/2022\/08\/cropped-cropped-Sin-titulo-2_Mesa-de-trabajo-1.png\",\"width\":375,\"height\":375,\"caption\":\"sexshopbajolassabanas.mx\"},\"image\":{\"@id\":\"https:\/\/sexshopbajolassabanas.mx\/#\/schema\/logo\/image\/\"}}]}<\/script>\n<!-- \/ Yoast SEO plugin. -->","yoast_head_json":{"title":"Pol\u00edticas de devoluciones - sexshopbajolassabanas.mx","robots":{"index":"index","follow":"follow","max-snippet":"max-snippet:-1","max-image-preview":"max-image-preview:large","max-video-preview":"max-video-preview:-1"},"canonical":"https:\/\/sexshopbajolassabanas.mx\/?page_id=3959","og_locale":"es_MX","og_type":"article","og_title":"Pol\u00edticas de devoluciones - sexshopbajolassabanas.mx","og_description":"Pol\u00edticas de devoluciones Hola Sabaneros en caso de que el producto est\u00e9 defectuoso, tienes 5 d\u00edas naturales para devolverlo conserva las etiquetas, facturas, el empaque original y devuelve el producto en perfecto estado, para poder proceder con tu cambio. No hacemos reembolsos. Si el producto no funciona, en primer lugar revisa el manual para ver [&hellip;]","og_url":"https:\/\/sexshopbajolassabanas.mx\/?page_id=3959","og_site_name":"sexshopbajolassabanas.mx","article_modified_time":"2023-09-04T20:27:58+00:00","twitter_card":"summary_large_image","twitter_misc":{"Tiempo de lectura":"3 minutos"},"schema":{"@context":"https:\/\/schema.org","@graph":[{"@type":"WebPage","@id":"https:\/\/sexshopbajolassabanas.mx\/?page_id=3959","url":"https:\/\/sexshopbajolassabanas.mx\/?page_id=3959","name":"Pol\u00edticas de devoluciones - sexshopbajolassabanas.mx","isPartOf":{"@id":"https:\/\/sexshopbajolassabanas.mx\/#website"},"datePublished":"2022-08-07T16:30:22+00:00","dateModified":"2023-09-04T20:27:58+00:00","breadcrumb":{"@id":"https:\/\/sexshopbajolassabanas.mx\/?page_id=3959#breadcrumb"},"inLanguage":"es","potentialAction":[{"@type":"ReadAction","target":["https:\/\/sexshopbajolassabanas.mx\/?page_id=3959"]}]},{"@type":"BreadcrumbList","@id":"https:\/\/sexshopbajolassabanas.mx\/?page_id=3959#breadcrumb","itemListElement":[{"@type":"ListItem","position":1,"name":"Inicio","item":"https:\/\/sexshopbajolassabanas.mx\/"},{"@type":"ListItem","position":2,"name":"Pol\u00edticas de devoluciones"}]},{"@type":"WebSite","@id":"https:\/\/sexshopbajolassabanas.mx\/#website","url":"https:\/\/sexshopbajolassabanas.mx\/","name":"sexshopbajolassabanas.mx","description":"Sex Shop Bajo Las Sabanas","publisher":{"@id":"https:\/\/sexshopbajolassabanas.mx\/#organization"},"potentialAction":[{"@type":"SearchAction","target":{"@type":"EntryPoint","urlTemplate":"https:\/\/sexshopbajolassabanas.mx\/?s={search_term_string}"},"query-input":"required name=search_term_string"}],"inLanguage":"es"},{"@type":"Organization","@id":"https:\/\/sexshopbajolassabanas.mx\/#organization","name":"sexshopbajolassabanas.mx","url":"https:\/\/sexshopbajolassabanas.mx\/","logo":{"@type":"ImageObject","inLanguage":"es","@id":"https:\/\/sexshopbajolassabanas.mx\/#\/schema\/logo\/image\/","url":"https:\/\/sexshopbajolassabanas.mx\/wp-content\/uploads\/2022\/08\/cropped-cropped-Sin-titulo-2_Mesa-de-trabajo-1.png","contentUrl":"https:\/\/sexshopbajolassabanas.mx\/wp-content\/uploads\/2022\/08\/cropped-cropped-Sin-titulo-2_Mesa-de-trabajo-1.png","width":375,"height":375,"caption":"sexshopbajolassabanas.mx"},"image":{"@id":"https:\/\/sexshopbajolassabanas.mx\/#\/schema\/logo\/image\/"}}]}},"_links":{"self":[{"href":"https:\/\/sexshopbajolassabanas.mx\/index.php?rest_route=\/wp\/v2\/pages\/3959","targetHints":{"allow":["GET"]}}],"collection":[{"href":"https:\/\/sexshopbajolassabanas.mx\/index.php?rest_route=\/wp\/v2\/pages"}],"about":[{"href":"https:\/\/sexshopbajolassabanas.mx\/index.php?rest_route=\/wp\/v2\/types\/page"}],"author":[{"embeddable":true,"href":"https:\/\/sexshopbajolassabanas.mx\/index.php?rest_route=\/wp\/v2\/users\/2"}],"replies":[{"embeddable":true,"href":"https:\/\/sexshopbajolassabanas.mx\/index.php?rest_route=%2Fwp%2Fv2%2Fcomments&post=3959"}],"version-history":[{"count":13,"href":"https:\/\/sexshopbajolassabanas.mx\/index.php?rest_route=\/wp\/v2\/pages\/3959\/revisions"}],"predecessor-version":[{"id":7677,"href":"https:\/\/sexshopbajolassabanas.mx\/index.php?rest_route=\/wp\/v2\/pages\/3959\/revisions\/7677"}],"wp:attachment":[{"href":"https:\/\/sexshopbajolassabanas.mx\/index.php?rest_route=%2Fwp%2Fv2%2Fmedia&parent=3959"}],"curies":[{"name":"wp","href":"https:\/\/api.w.org\/{rel}","templated":true}]}}