{"id":4362,"date":"2022-09-06T16:49:23","date_gmt":"2022-09-06T16:49:23","guid":{"rendered":"https:\/\/sexshopbajolassabanas.mx\/?page_id=4362"},"modified":"2022-09-26T22:12:51","modified_gmt":"2022-09-26T22:12:51","slug":"eroteca","status":"publish","type":"page","link":"https:\/\/sexshopbajolassabanas.mx\/?page_id=4362","title":{"rendered":"Eroteca"},"content":{"rendered":"\t\t<div data-elementor-type=\"wp-page\" data-elementor-id=\"4362\" class=\"elementor elementor-4362\">\n\t\t\t\t\t\t\t\t\t<section class=\"elementor-section elementor-top-section elementor-element elementor-element-30179b1 elementor-section-boxed elementor-section-height-default elementor-section-height-default\" data-id=\"30179b1\" data-element_type=\"section\">\n\t\t\t\t\t\t<div class=\"elementor-container elementor-column-gap-default\">\n\t\t\t\t\t<div class=\"elementor-column elementor-col-100 elementor-top-column elementor-element elementor-element-bf535e4\" data-id=\"bf535e4\" data-element_type=\"column\">\n\t\t\t<div class=\"elementor-widget-wrap elementor-element-populated\">\n\t\t\t\t\t\t\t\t<div class=\"elementor-element elementor-element-4fee2d8 elementor-widget elementor-widget-spacer\" data-id=\"4fee2d8\" data-element_type=\"widget\" data-widget_type=\"spacer.default\">\n\t\t\t\t<div class=\"elementor-widget-container\">\n\t\t\t<style>\/*! elementor - v3.7.8 - 02-10-2022 *\/\n.elementor-column .elementor-spacer-inner{height:var(--spacer-size)}.e-container{--container-widget-width:100%}.e-container>.elementor-widget-spacer{width:var(--container-widget-width,var(--spacer-size));-ms-flex-item-align:stretch;align-self:stretch;-ms-flex-negative:0;flex-shrink:0}.e-container>.elementor-widget-spacer>.elementor-widget-container,.e-container>.elementor-widget-spacer>.elementor-widget-container>.elementor-spacer{height:100%}.e-container>.elementor-widget-spacer>.elementor-widget-container>.elementor-spacer>.elementor-spacer-inner{height:var(--container-widget-height,var(--spacer-size))}<\/style>\t\t<div class=\"elementor-spacer\">\n\t\t\t<div class=\"elementor-spacer-inner\"><\/div>\n\t\t<\/div>\n\t\t\t\t<\/div>\n\t\t\t\t<\/div>\n\t\t\t\t\t<\/div>\n\t\t<\/div>\n\t\t\t\t\t\t\t<\/div>\n\t\t<\/section>\n\t\t\t\t<section class=\"elementor-section elementor-top-section elementor-element elementor-element-92cd5a8 elementor-section-boxed elementor-section-height-default elementor-section-height-default\" data-id=\"92cd5a8\" data-element_type=\"section\">\n\t\t\t\t\t\t<div class=\"elementor-container elementor-column-gap-default\">\n\t\t\t\t\t<div class=\"elementor-column elementor-col-100 elementor-top-column elementor-element elementor-element-ea05e26\" data-id=\"ea05e26\" data-element_type=\"column\">\n\t\t\t<div class=\"elementor-widget-wrap elementor-element-populated\">\n\t\t\t\t\t\t\t\t<div class=\"elementor-element elementor-element-9db17d2 elementor-widget elementor-widget-shortcode\" data-id=\"9db17d2\" data-element_type=\"widget\" data-widget_type=\"shortcode.default\">\n\t\t\t\t<div class=\"elementor-widget-container\">\n\t\t\t\t\t<div class=\"elementor-shortcode\">\r\n\t\t<div class=\"bdp-post-grid-main bdp-design-1 bdpgrid-3 bdp-clearfix\">\r\n\t\t\t<div class=\"bdp-post-grid  bdp-medium-4 bdp-columns  bdp-first\">\r\n\t<div class=\"bdp-post-grid-content \">\r\n\t\t\t\t<div class=\"bdp-post-image-bg\">\r\n\t\t\t<a href=\"https:\/\/sexshopbajolassabanas.mx\/?p=5248\">\r\n\t\t\t\t<img decoding=\"async\" src=\"https:\/\/sexshopbajolassabanas.mx\/wp-content\/uploads\/2022\/12\/como-elegir-mi-primer-juguete-sexual-.jpg\" alt=\"Mi primer juguete sexual\" \/>\r\n\t\t\t<\/a>\r\n\t\t<\/div>\r\n\t\t\t\t<div class=\"bdp-post-categories\">\r\n\t\t\t<a href=\"https:\/\/sexshopbajolassabanas.mx\/?cat=225\">Balas vibradoras<\/a> <a href=\"https:\/\/sexshopbajolassabanas.mx\/?cat=224\">Dildos<\/a>\t\t<\/div>\r\n\t\t\r\n\t\t<h2 class=\"bdp-post-title\">\r\n\t\t\t<a href=\"https:\/\/sexshopbajolassabanas.mx\/?p=5248\">Mi primer juguete sexual<\/a>\r\n\t\t<\/h2>\r\n\r\n\t\t\t\t\t<div class=\"bdp-post-meta\">\r\n\t\t\t\t\t\t\t\t\t<span class=\"bdp-post-meta-innr bdp-time\"> diciembre 6, 2022 <\/span>\r\n\t\t\t\t\t\t\t\t\t<span class=\"bdp-post-meta-innr bdp-post-comments\">\r\n\t\t\t\t\t\t<a href=\"https:\/\/sexshopbajolassabanas.mx\/?p=5248#comments\">10 Replies<\/a>\r\n\t\t\t\t\t<\/span>\r\n\t\t\t\t\t\t\t<\/div>\r\n\t\t\t\t\t<div class=\"bdp-post-content\">\r\n\t\t\t\t<div class=\"bdp-post-short-content\">Sabaneros, en Bajo las Sabanas sabemos que nuestra sexualidad es parte fundamental de nuestro paso en esta vida, los seres...<\/div>\r\n\t\t\t\t\t\t\t\t\t<a href=\"https:\/\/sexshopbajolassabanas.mx\/?p=5248\" class=\"bdp-readmorebtn\">Lee Mas<\/a>\r\n\t\t\t\t\t\t\t<\/div>\r\n\t\t\t\t\t<div class=\"bdp-post-tags\"> <a href=\"https:\/\/sexshopbajolassabanas.mx\/?tag=como-elegir-mi-primer-juguete-sexual\" rel=\"tag\">como elegir mi primer juguete sexual<\/a>, <a href=\"https:\/\/sexshopbajolassabanas.mx\/?tag=cuales-son-los-juguetes-sexuales-para-principiantes\" rel=\"tag\">cuales son los juguetes sexuales para principiantes<\/a>, <a href=\"https:\/\/sexshopbajolassabanas.mx\/?tag=juguete-sexual-para-principiantes\" rel=\"tag\">juguete sexual para principiantes<\/a>, <a href=\"https:\/\/sexshopbajolassabanas.mx\/?tag=juguetes-sexuales-para-principiantes\" rel=\"tag\">juguetes sexuales para principiantes<\/a>, <a href=\"https:\/\/sexshopbajolassabanas.mx\/?tag=mi-primer-juguete-intimo\" rel=\"tag\">mi primer juguete intimo<\/a>, <a href=\"https:\/\/sexshopbajolassabanas.mx\/?tag=que-juguete-sexual-comprar-si-es-mi-primer-juguete\" rel=\"tag\">que juguete sexual comprar si es mi primer juguete<\/a>, <a href=\"https:\/\/sexshopbajolassabanas.mx\/?tag=que-juguete-sexual-debo-utilizar-si-soy-principiante\" rel=\"tag\">que juguete sexual debo utilizar si soy principiante<\/a>, <a href=\"https:\/\/sexshopbajolassabanas.mx\/?tag=que-son-los-juguetes-intimos\" rel=\"tag\">que son los juguetes intimos<\/a>, <a href=\"https:\/\/sexshopbajolassabanas.mx\/?tag=que-son-los-juguetes-sexuales\" rel=\"tag\">que son los juguetes sexuales<\/a><\/div>\r\n\t\t\t<\/div>\r\n<\/div><div class=\"bdp-post-grid  bdp-medium-4 bdp-columns \">\r\n\t<div class=\"bdp-post-grid-content \">\r\n\t\t\t\t<div class=\"bdp-post-image-bg\">\r\n\t\t\t<a href=\"https:\/\/sexshopbajolassabanas.mx\/?p=4846\">\r\n\t\t\t\t<img decoding=\"async\" src=\"https:\/\/sexshopbajolassabanas.mx\/wp-content\/uploads\/2022\/09\/que-es-un-retardante-de-eyaculacion.jpg\" alt=\"Retardante de eyaculaci\u00f3n y todos sus secretos\" \/>\r\n\t\t\t<\/a>\r\n\t\t<\/div>\r\n\t\t\t\t<div class=\"bdp-post-categories\">\r\n\t\t\t<a href=\"https:\/\/sexshopbajolassabanas.mx\/?cat=166\">rendimiento sexual<\/a>\t\t<\/div>\r\n\t\t\r\n\t\t<h2 class=\"bdp-post-title\">\r\n\t\t\t<a href=\"https:\/\/sexshopbajolassabanas.mx\/?p=4846\">Retardante de eyaculaci\u00f3n y todos sus secretos<\/a>\r\n\t\t<\/h2>\r\n\r\n\t\t\t\t\t<div class=\"bdp-post-meta\">\r\n\t\t\t\t\t\t\t\t\t<span class=\"bdp-post-meta-innr bdp-time\"> septiembre 20, 2022 <\/span>\r\n\t\t\t\t\t\t\t\t\t<span class=\"bdp-post-meta-innr bdp-post-comments\">\r\n\t\t\t\t\t\t<a href=\"https:\/\/sexshopbajolassabanas.mx\/?p=4846#comments\">1 Reply<\/a>\r\n\t\t\t\t\t<\/span>\r\n\t\t\t\t\t\t\t<\/div>\r\n\t\t\t\t\t<div class=\"bdp-post-content\">\r\n\t\t\t\t<div class=\"bdp-post-short-content\">\u00bfQu\u00e9 es un retardante de eyaculaci\u00f3n? Sabaneros sabemos muchas veces que el cansancio, una mala alimentaci\u00f3n, y la edad pueden...<\/div>\r\n\t\t\t\t\t\t\t\t\t<a href=\"https:\/\/sexshopbajolassabanas.mx\/?p=4846\" class=\"bdp-readmorebtn\">Lee Mas<\/a>\r\n\t\t\t\t\t\t\t<\/div>\r\n\t\t\t\t\t<div class=\"bdp-post-tags\"> <a href=\"https:\/\/sexshopbajolassabanas.mx\/?tag=como-elegir-un-retardante-de-eyaculacion\" rel=\"tag\">como elegir un retardante de eyaculaci\u00f3n<\/a>, <a href=\"https:\/\/sexshopbajolassabanas.mx\/?tag=como-se-utiliza-un-retardante-de-eyaculacion\" rel=\"tag\">c\u00f3mo se utiliza un retardante de eyaculaci\u00f3n<\/a>, <a href=\"https:\/\/sexshopbajolassabanas.mx\/?tag=desventajas-del-retardante-de-eyaculacion\" rel=\"tag\">desventajas del retardante de eyaculacion<\/a>, <a href=\"https:\/\/sexshopbajolassabanas.mx\/?tag=que-es-un-retardante-de-eyaculacion\" rel=\"tag\">que es un retardante de eyaculaci\u00f3n<\/a>, <a href=\"https:\/\/sexshopbajolassabanas.mx\/?tag=retardante-de-eyaculacion\" rel=\"tag\">retardante de eyaculaci\u00f3n<\/a>, <a href=\"https:\/\/sexshopbajolassabanas.mx\/?tag=ventajas-del-retardante-de-eyaculacion\" rel=\"tag\">ventajas del retardante de eyaculaci\u00f3n<\/a><\/div>\r\n\t\t\t<\/div>\r\n<\/div>\t\t<\/div>\r\n\r\n\t\t<\/div>\n\t\t\t\t<\/div>\n\t\t\t\t<\/div>\n\t\t\t\t\t<\/div>\n\t\t<\/div>\n\t\t\t\t\t\t\t<\/div>\n\t\t<\/section>\n\t\t\t\t\t\t\t<\/div>\n\t\t","protected":false},"excerpt":{"rendered":"","protected":false},"author":3,"featured_media":0,"parent":0,"menu_order":0,"comment_status":"closed","ping_status":"closed","template":"","meta":{"om_disable_all_campaigns":false,"site-sidebar-layout":"no-sidebar","site-content-layout":"page-builder","ast-site-content-layout":"","site-content-style":"default","site-sidebar-style":"default","ast-global-header-display":"","ast-banner-title-visibility":"","ast-main-header-display":"","ast-hfb-above-header-display":"","ast-hfb-below-header-display":"","ast-hfb-mobile-header-display":"","site-post-title":"disabled","ast-breadcrumbs-content":"","ast-featured-img":"disabled","footer-sml-layout":"","theme-transparent-header-meta":"","adv-header-id-meta":"","stick-header-meta":"","header-above-stick-meta":"","header-main-stick-meta":"","header-below-stick-meta":"","astra-migrate-meta-layouts":"default","ast-page-background-enabled":"default","ast-page-background-meta":{"desktop":{"background-color":"","background-image":"","background-repeat":"repeat","background-position":"center center","background-size":"auto","background-attachment":"scroll","background-type":"","background-media":"","overlay-type":"","overlay-color":"","overlay-opacity":"","overlay-gradient":""},"tablet":{"background-color":"","background-image":"","background-repeat":"repeat","background-position":"center center","background-size":"auto","background-attachment":"scroll","background-type":"","background-media":"","overlay-type":"","overlay-color":"","overlay-opacity":"","overlay-gradient":""},"mobile":{"background-color":"","background-image":"","background-repeat":"repeat","background-position":"center center","background-size":"auto","background-attachment":"scroll","background-type":"","background-media":"","overlay-type":"","overlay-color":"","overlay-opacity":"","overlay-gradient":""}},"ast-content-background-meta":{"desktop":{"background-color":"var(--ast-global-color-5)","background-image":"","background-repeat":"repeat","background-position":"center center","background-size":"auto","background-attachment":"scroll","background-type":"","background-media":"","overlay-type":"","overlay-color":"","overlay-opacity":"","overlay-gradient":""},"tablet":{"background-color":"var(--ast-global-color-5)","background-image":"","background-repeat":"repeat","background-position":"center center","background-size":"auto","background-attachment":"scroll","background-type":"","background-media":"","overlay-type":"","overlay-color":"","overlay-opacity":"","overlay-gradient":""},"mobile":{"background-color":"var(--ast-global-color-5)","background-image":"","background-repeat":"repeat","background-position":"center center","background-size":"auto","background-attachment":"scroll","background-type":"","background-media":"","overlay-type":"","overlay-color":"","overlay-opacity":"","overlay-gradient":""}},"_joinchat":[],"footnotes":""},"class_list":["post-4362","page","type-page","status-publish","hentry"],"yoast_head":"<!-- This site is optimized with the Yoast SEO plugin v20.5 - https:\/\/yoast.com\/wordpress\/plugins\/seo\/ -->\n<title>Eroteca Sex Shop Bajo las S\u00e1banas<\/title>\n<meta name=\"description\" content=\"Somos la Eroteca m\u00e1s visitada de M\u00e9xico. En esta secci\u00f3n hablamos de intimidad, salud sexual, salud de pareja, tips, recomendaciones y m\u00e1s...\" \/>\n<meta name=\"robots\" content=\"index, follow, max-snippet:-1, max-image-preview:large, max-video-preview:-1\" \/>\n<link rel=\"canonical\" href=\"https:\/\/sexshopbajolassabanas.mx\/?page_id=4362\" \/>\n<meta property=\"og:locale\" content=\"es_MX\" \/>\n<meta property=\"og:type\" content=\"article\" \/>\n<meta property=\"og:title\" content=\"Eroteca Sex Shop Bajo las S\u00e1banas\" \/>\n<meta property=\"og:description\" content=\"Somos la Eroteca m\u00e1s visitada de M\u00e9xico. En esta secci\u00f3n hablamos de intimidad, salud sexual, salud de pareja, tips, recomendaciones y m\u00e1s...\" \/>\n<meta property=\"og:url\" content=\"https:\/\/sexshopbajolassabanas.mx\/?page_id=4362\" \/>\n<meta property=\"og:site_name\" content=\"sexshopbajolassabanas.mx\" \/>\n<meta property=\"article:modified_time\" content=\"2022-09-26T22:12:51+00:00\" \/>\n<meta name=\"twitter:card\" content=\"summary_large_image\" \/>\n<meta name=\"twitter:label1\" content=\"Tiempo de lectura\" \/>\n\t<meta name=\"twitter:data1\" content=\"1 minuto\" \/>\n<script type=\"application\/ld+json\" class=\"yoast-schema-graph\">{\"@context\":\"https:\/\/schema.org\",\"@graph\":[{\"@type\":\"WebPage\",\"@id\":\"https:\/\/sexshopbajolassabanas.mx\/?page_id=4362\",\"url\":\"https:\/\/sexshopbajolassabanas.mx\/?page_id=4362\",\"name\":\"Eroteca Sex Shop Bajo las S\u00e1banas\",\"isPartOf\":{\"@id\":\"https:\/\/sexshopbajolassabanas.mx\/#website\"},\"datePublished\":\"2022-09-06T16:49:23+00:00\",\"dateModified\":\"2022-09-26T22:12:51+00:00\",\"description\":\"Somos la Eroteca m\u00e1s visitada de M\u00e9xico. En esta secci\u00f3n hablamos de intimidad, salud sexual, salud de pareja, tips, recomendaciones y m\u00e1s...\",\"breadcrumb\":{\"@id\":\"https:\/\/sexshopbajolassabanas.mx\/?page_id=4362#breadcrumb\"},\"inLanguage\":\"es\",\"potentialAction\":[{\"@type\":\"ReadAction\",\"target\":[\"https:\/\/sexshopbajolassabanas.mx\/?page_id=4362\"]}]},{\"@type\":\"BreadcrumbList\",\"@id\":\"https:\/\/sexshopbajolassabanas.mx\/?page_id=4362#breadcrumb\",\"itemListElement\":[{\"@type\":\"ListItem\",\"position\":1,\"name\":\"Inicio\",\"item\":\"https:\/\/sexshopbajolassabanas.mx\/\"},{\"@type\":\"ListItem\",\"position\":2,\"name\":\"Eroteca\"}]},{\"@type\":\"WebSite\",\"@id\":\"https:\/\/sexshopbajolassabanas.mx\/#website\",\"url\":\"https:\/\/sexshopbajolassabanas.mx\/\",\"name\":\"sexshopbajolassabanas.mx\",\"description\":\"Sex Shop Bajo Las Sabanas\",\"publisher\":{\"@id\":\"https:\/\/sexshopbajolassabanas.mx\/#organization\"},\"potentialAction\":[{\"@type\":\"SearchAction\",\"target\":{\"@type\":\"EntryPoint\",\"urlTemplate\":\"https:\/\/sexshopbajolassabanas.mx\/?s={search_term_string}\"},\"query-input\":\"required name=search_term_string\"}],\"inLanguage\":\"es\"},{\"@type\":\"Organization\",\"@id\":\"https:\/\/sexshopbajolassabanas.mx\/#organization\",\"name\":\"sexshopbajolassabanas.mx\",\"url\":\"https:\/\/sexshopbajolassabanas.mx\/\",\"logo\":{\"@type\":\"ImageObject\",\"inLanguage\":\"es\",\"@id\":\"https:\/\/sexshopbajolassabanas.mx\/#\/schema\/logo\/image\/\",\"url\":\"https:\/\/sexshopbajolassabanas.mx\/wp-content\/uploads\/2022\/08\/cropped-cropped-Sin-titulo-2_Mesa-de-trabajo-1.png\",\"contentUrl\":\"https:\/\/sexshopbajolassabanas.mx\/wp-content\/uploads\/2022\/08\/cropped-cropped-Sin-titulo-2_Mesa-de-trabajo-1.png\",\"width\":375,\"height\":375,\"caption\":\"sexshopbajolassabanas.mx\"},\"image\":{\"@id\":\"https:\/\/sexshopbajolassabanas.mx\/#\/schema\/logo\/image\/\"}}]}<\/script>\n<!-- \/ Yoast SEO plugin. -->","yoast_head_json":{"title":"Eroteca Sex Shop Bajo las S\u00e1banas","description":"Somos la Eroteca m\u00e1s visitada de M\u00e9xico. En esta secci\u00f3n hablamos de intimidad, salud sexual, salud de pareja, tips, recomendaciones y m\u00e1s...","robots":{"index":"index","follow":"follow","max-snippet":"max-snippet:-1","max-image-preview":"max-image-preview:large","max-video-preview":"max-video-preview:-1"},"canonical":"https:\/\/sexshopbajolassabanas.mx\/?page_id=4362","og_locale":"es_MX","og_type":"article","og_title":"Eroteca Sex Shop Bajo las S\u00e1banas","og_description":"Somos la Eroteca m\u00e1s visitada de M\u00e9xico. En esta secci\u00f3n hablamos de intimidad, salud sexual, salud de pareja, tips, recomendaciones y m\u00e1s...","og_url":"https:\/\/sexshopbajolassabanas.mx\/?page_id=4362","og_site_name":"sexshopbajolassabanas.mx","article_modified_time":"2022-09-26T22:12:51+00:00","twitter_card":"summary_large_image","twitter_misc":{"Tiempo de lectura":"1 minuto"},"schema":{"@context":"https:\/\/schema.org","@graph":[{"@type":"WebPage","@id":"https:\/\/sexshopbajolassabanas.mx\/?page_id=4362","url":"https:\/\/sexshopbajolassabanas.mx\/?page_id=4362","name":"Eroteca Sex Shop Bajo las S\u00e1banas","isPartOf":{"@id":"https:\/\/sexshopbajolassabanas.mx\/#website"},"datePublished":"2022-09-06T16:49:23+00:00","dateModified":"2022-09-26T22:12:51+00:00","description":"Somos la Eroteca m\u00e1s visitada de M\u00e9xico. En esta secci\u00f3n hablamos de intimidad, salud sexual, salud de pareja, tips, recomendaciones y m\u00e1s...","breadcrumb":{"@id":"https:\/\/sexshopbajolassabanas.mx\/?page_id=4362#breadcrumb"},"inLanguage":"es","potentialAction":[{"@type":"ReadAction","target":["https:\/\/sexshopbajolassabanas.mx\/?page_id=4362"]}]},{"@type":"BreadcrumbList","@id":"https:\/\/sexshopbajolassabanas.mx\/?page_id=4362#breadcrumb","itemListElement":[{"@type":"ListItem","position":1,"name":"Inicio","item":"https:\/\/sexshopbajolassabanas.mx\/"},{"@type":"ListItem","position":2,"name":"Eroteca"}]},{"@type":"WebSite","@id":"https:\/\/sexshopbajolassabanas.mx\/#website","url":"https:\/\/sexshopbajolassabanas.mx\/","name":"sexshopbajolassabanas.mx","description":"Sex Shop Bajo Las Sabanas","publisher":{"@id":"https:\/\/sexshopbajolassabanas.mx\/#organization"},"potentialAction":[{"@type":"SearchAction","target":{"@type":"EntryPoint","urlTemplate":"https:\/\/sexshopbajolassabanas.mx\/?s={search_term_string}"},"query-input":"required name=search_term_string"}],"inLanguage":"es"},{"@type":"Organization","@id":"https:\/\/sexshopbajolassabanas.mx\/#organization","name":"sexshopbajolassabanas.mx","url":"https:\/\/sexshopbajolassabanas.mx\/","logo":{"@type":"ImageObject","inLanguage":"es","@id":"https:\/\/sexshopbajolassabanas.mx\/#\/schema\/logo\/image\/","url":"https:\/\/sexshopbajolassabanas.mx\/wp-content\/uploads\/2022\/08\/cropped-cropped-Sin-titulo-2_Mesa-de-trabajo-1.png","contentUrl":"https:\/\/sexshopbajolassabanas.mx\/wp-content\/uploads\/2022\/08\/cropped-cropped-Sin-titulo-2_Mesa-de-trabajo-1.png","width":375,"height":375,"caption":"sexshopbajolassabanas.mx"},"image":{"@id":"https:\/\/sexshopbajolassabanas.mx\/#\/schema\/logo\/image\/"}}]}},"_links":{"self":[{"href":"https:\/\/sexshopbajolassabanas.mx\/index.php?rest_route=\/wp\/v2\/pages\/4362","targetHints":{"allow":["GET"]}}],"collection":[{"href":"https:\/\/sexshopbajolassabanas.mx\/index.php?rest_route=\/wp\/v2\/pages"}],"about":[{"href":"https:\/\/sexshopbajolassabanas.mx\/index.php?rest_route=\/wp\/v2\/types\/page"}],"author":[{"embeddable":true,"href":"https:\/\/sexshopbajolassabanas.mx\/index.php?rest_route=\/wp\/v2\/users\/3"}],"replies":[{"embeddable":true,"href":"https:\/\/sexshopbajolassabanas.mx\/index.php?rest_route=%2Fwp%2Fv2%2Fcomments&post=4362"}],"version-history":[{"count":17,"href":"https:\/\/sexshopbajolassabanas.mx\/index.php?rest_route=\/wp\/v2\/pages\/4362\/revisions"}],"predecessor-version":[{"id":4978,"href":"https:\/\/sexshopbajolassabanas.mx\/index.php?rest_route=\/wp\/v2\/pages\/4362\/revisions\/4978"}],"wp:attachment":[{"href":"https:\/\/sexshopbajolassabanas.mx\/index.php?rest_route=%2Fwp%2Fv2%2Fmedia&parent=4362"}],"curies":[{"name":"wp","href":"https:\/\/api.w.org\/{rel}","templated":true}]}}