{"id":4947,"date":"2022-09-20T22:54:30","date_gmt":"2022-09-20T22:54:30","guid":{"rendered":"https:\/\/sexshopbajolassabanas.mx\/?page_id=4947"},"modified":"2022-09-20T22:59:15","modified_gmt":"2022-09-20T22:59:15","slug":"politica-de-envios","status":"publish","type":"page","link":"https:\/\/sexshopbajolassabanas.mx\/?page_id=4947","title":{"rendered":"Pol\u00edticas de envios"},"content":{"rendered":"\t\t<div data-elementor-type=\"wp-page\" data-elementor-id=\"4947\" class=\"elementor elementor-4947\">\n\t\t\t\t\t\t\t\t\t<section class=\"elementor-section elementor-top-section elementor-element elementor-element-30179b1 elementor-section-boxed elementor-section-height-default elementor-section-height-default\" data-id=\"30179b1\" data-element_type=\"section\">\n\t\t\t\t\t\t<div class=\"elementor-container elementor-column-gap-default\">\n\t\t\t\t\t<div class=\"elementor-column elementor-col-100 elementor-top-column elementor-element elementor-element-bf535e4\" data-id=\"bf535e4\" data-element_type=\"column\">\n\t\t\t<div class=\"elementor-widget-wrap elementor-element-populated\">\n\t\t\t\t\t\t\t\t<div class=\"elementor-element elementor-element-5cba21d elementor-widget elementor-widget-spacer\" data-id=\"5cba21d\" data-element_type=\"widget\" data-widget_type=\"spacer.default\">\n\t\t\t\t<div class=\"elementor-widget-container\">\n\t\t\t<style>\/*! elementor - v3.7.8 - 02-10-2022 *\/\n.elementor-column .elementor-spacer-inner{height:var(--spacer-size)}.e-container{--container-widget-width:100%}.e-container>.elementor-widget-spacer{width:var(--container-widget-width,var(--spacer-size));-ms-flex-item-align:stretch;align-self:stretch;-ms-flex-negative:0;flex-shrink:0}.e-container>.elementor-widget-spacer>.elementor-widget-container,.e-container>.elementor-widget-spacer>.elementor-widget-container>.elementor-spacer{height:100%}.e-container>.elementor-widget-spacer>.elementor-widget-container>.elementor-spacer>.elementor-spacer-inner{height:var(--container-widget-height,var(--spacer-size))}<\/style>\t\t<div class=\"elementor-spacer\">\n\t\t\t<div class=\"elementor-spacer-inner\"><\/div>\n\t\t<\/div>\n\t\t\t\t<\/div>\n\t\t\t\t<\/div>\n\t\t\t\t<div class=\"elementor-element elementor-element-7dba69e elementor-widget elementor-widget-heading\" data-id=\"7dba69e\" data-element_type=\"widget\" data-widget_type=\"heading.default\">\n\t\t\t\t<div class=\"elementor-widget-container\">\n\t\t\t<style>\/*! elementor - v3.7.8 - 02-10-2022 *\/\n.elementor-heading-title{padding:0;margin:0;line-height:1}.elementor-widget-heading .elementor-heading-title[class*=elementor-size-]>a{color:inherit;font-size:inherit;line-height:inherit}.elementor-widget-heading .elementor-heading-title.elementor-size-small{font-size:15px}.elementor-widget-heading .elementor-heading-title.elementor-size-medium{font-size:19px}.elementor-widget-heading .elementor-heading-title.elementor-size-large{font-size:29px}.elementor-widget-heading .elementor-heading-title.elementor-size-xl{font-size:39px}.elementor-widget-heading .elementor-heading-title.elementor-size-xxl{font-size:59px}<\/style><h2 class=\"elementor-heading-title elementor-size-default\">Pol\u00edticas de env\u00edos<\/h2>\t\t<\/div>\n\t\t\t\t<\/div>\n\t\t\t\t\t<\/div>\n\t\t<\/div>\n\t\t\t\t\t\t\t<\/div>\n\t\t<\/section>\n\t\t\t\t<section class=\"elementor-section elementor-top-section elementor-element elementor-element-fc5c967 elementor-section-boxed elementor-section-height-default elementor-section-height-default\" data-id=\"fc5c967\" data-element_type=\"section\">\n\t\t\t\t\t\t<div class=\"elementor-container elementor-column-gap-default\">\n\t\t\t\t\t<div class=\"elementor-column elementor-col-100 elementor-top-column elementor-element elementor-element-1778532\" data-id=\"1778532\" data-element_type=\"column\">\n\t\t\t<div class=\"elementor-widget-wrap elementor-element-populated\">\n\t\t\t\t\t\t\t\t<div class=\"elementor-element elementor-element-729c2fc elementor-widget elementor-widget-text-editor\" data-id=\"729c2fc\" data-element_type=\"widget\" data-widget_type=\"text-editor.default\">\n\t\t\t\t<div class=\"elementor-widget-container\">\n\t\t\t<style>\/*! elementor - v3.7.8 - 02-10-2022 *\/\n.elementor-widget-text-editor.elementor-drop-cap-view-stacked .elementor-drop-cap{background-color:#818a91;color:#fff}.elementor-widget-text-editor.elementor-drop-cap-view-framed .elementor-drop-cap{color:#818a91;border:3px solid;background-color:transparent}.elementor-widget-text-editor:not(.elementor-drop-cap-view-default) .elementor-drop-cap{margin-top:8px}.elementor-widget-text-editor:not(.elementor-drop-cap-view-default) .elementor-drop-cap-letter{width:1em;height:1em}.elementor-widget-text-editor .elementor-drop-cap{float:left;text-align:center;line-height:1;font-size:50px}.elementor-widget-text-editor .elementor-drop-cap-letter{display:inline-block}<\/style>\t\t\t\t<h3><span style=\"font-weight: 400;\">ENV\u00cdO DENTRO DE M\u00c9XICO<\/span><\/h3><p><span style=\"font-weight: 400;\">El costo de env\u00edo va a depender de tu C\u00f3digo postal o ZIP , as\u00ed como la ciudad o estado en donde que vas a proporcionar en el proceso de compra\u00a0<\/span><\/p><p><span style=\"font-weight: 400;\">El tiempo de procesamiento de los pedidos es de 12 a 48 horas laborables. En cuanto tu pedido est\u00e9 listo para ser enviado, recibir\u00e1s un correo con el n\u00famero de gu\u00eda correspondiente. El tiempo de entrega inicia a partir de que el pedido sale de nuestros almacenes.<\/span><\/p><p><span style=\"font-weight: 400;\">Enviaremos tu pedido con la paqueter\u00eda que tenga disponibilidad para los mejores tiempos de entrega:<\/span><\/p><ul><li style=\"font-weight: 400;\" aria-level=\"1\"><span style=\"font-weight: 400;\">DHL<\/span><\/li><li style=\"font-weight: 400;\" aria-level=\"1\"><span style=\"font-weight: 400;\">Fedex<\/span><\/li><li style=\"font-weight: 400;\" aria-level=\"1\"><span style=\"font-weight: 400;\">99 minutos<\/span><\/li><li style=\"font-weight: 400;\" aria-level=\"1\"><span style=\"font-weight: 400;\">Estafeta<\/span><\/li><li style=\"font-weight: 400;\" aria-level=\"1\"><span style=\"font-weight: 400;\">Redpack<\/span><\/li><li style=\"font-weight: 400;\" aria-level=\"1\"><span style=\"font-weight: 400;\">UPS<\/span><\/li><li style=\"font-weight: 400;\" aria-level=\"1\"><span style=\"font-weight: 400;\">Entre otros.<\/span><\/li><\/ul><p><span style=\"font-weight: 400;\">\u00a1Seleccionaremos a el mejor courier para tu entrega!<\/span><\/p><p><span style=\"font-weight: 400;\">De acuerdo con tu ubicaci\u00f3n los tiempos de entrega son los siguientes:<\/span><\/p><table><tbody><tr><td><p><span style=\"font-weight: 400;\">Estado de la Rep\u00fablica<\/span><\/p><\/td><td><p><span style=\"font-weight: 400;\">Tiempos de Entrega<\/span><\/p><\/td><\/tr><tr><td><p><span style=\"font-weight: 400;\">Ciudad de M\u00e9xico, Estado de M\u00e9xico, Guanajuato, Guerrero, Hidalgo, Michoac\u00e1n,\u00a0<\/span><\/p><p><span style=\"font-weight: 400;\">Morelos, Oaxaca, Puebla, Quer\u00e9taro, San Luis Potos\u00ed, Veracruz<\/span><\/p><\/td><td><p><span style=\"font-weight: 400;\">1-2 d\u00edas<\/span><\/p><\/td><\/tr><tr><td><p><span style=\"font-weight: 400;\">Aguascalientes, Chiapas, Coahuila, Colima, Durango, Jalisco, Nayarit, Nuevo Le\u00f3n, Tabasco, Tamaulipas, Zacatecas<\/span><\/p><\/td><td><p><span style=\"font-weight: 400;\">1-3 d\u00edas<\/span><\/p><\/td><\/tr><tr><td><p><span style=\"font-weight: 400;\">Campeche, Chihuahua, Quintana Roo, Sinaloa, Sonora, Tlaxcala, Yucat\u00e1n<\/span><\/p><\/td><td><p><span style=\"font-weight: 400;\">2-5 d\u00edas<\/span><\/p><\/td><\/tr><tr><td><p><span style=\"font-weight: 400;\">Baja California, Baja California Sur<\/span><\/p><\/td><td><p><span style=\"font-weight: 400;\">2-7 d\u00edas<\/span><\/p><\/td><\/tr><\/tbody><\/table><p><span style=\"font-weight: 400;\">\u00a0<\/span><\/p><p><span style=\"font-weight: 400;\">NOTA: Si tu direcci\u00f3n de entrega es remota o de dif\u00edcil acceso, los tiempos de entrega pueden variar.\u00a0<\/span><\/p><p><i><span style=\"font-weight: 400;\">Gesti\u00f3n y entrega de los pedidos:<\/span><\/i><\/p><ul><li style=\"font-weight: 400;\" aria-level=\"1\"><span style=\"font-weight: 400;\">Si realizas tu pedido entre lunes y viernes, antes de las 14h, normalmente ser\u00e1 procesado a partir de ese d\u00eda. Esto no es ninguna garant\u00eda, y puede haber alteraciones o modificaciones en el horario.<\/span><\/li><li style=\"font-weight: 400;\" aria-level=\"1\"><span style=\"font-weight: 400;\">Los pedidos realizados despu\u00e9s de las 14 h se procesan a partir del siguiente d\u00eda laborable y compras hechas durante el fin de semana se procesan a partir del lunes o martes siguientes.<\/span><\/li><li style=\"font-weight: 400;\" aria-level=\"1\"><span style=\"font-weight: 400;\">En circunstancias especiales, como d\u00edas festivos, mal clima, y otros imprevistos fuera de nuestro control, los tiempos de entrega podr\u00edan sufrir modificaciones.<\/span><\/li><li style=\"font-weight: 400;\" aria-level=\"1\"><span style=\"font-weight: 400;\">Cualquier error o cambio en la direcci\u00f3n de env\u00edo resultar\u00e1 en un retraso en la entrega del pedido.<\/span><\/li><li style=\"font-weight: 400;\" aria-level=\"1\"><span style=\"font-weight: 400;\">Podr\u00e1s consultar el estatus de tu pedido con la gu\u00eda que te enviaremos cuando tu pedido est\u00e9 listo para ser enviado.<\/span><\/li><\/ul><p><span style=\"font-weight: 400;\">IMPORTANTE: En ning\u00fan caso los plazos de entrega indicados anteriormente son una garant\u00eda 100%. Para m\u00e1s informaci\u00f3n puedes consultar el seguimiento de tu pedido, donde aparecer\u00e1 la fecha tentativa de entrega.<\/span><\/p><p><span style=\"font-weight: 400;\">\u00a0<\/span><span style=\"font-weight: 400;\">ENV\u00cdO A ESTADOS UNIDOS, CANAD\u00c1, CHILE, COLOMBIA, PER\u00da, ECUADOR, GUATEMALA, BOLIVIA, URUGUAY, ARGENTINA, PUERTO RICO<\/span><\/p><p><span style=\"font-weight: 400;\">Todos los env\u00edos se realizan a trav\u00e9s de DHL, FEDEX y el tiempo de entrega es de 3 a 11 d\u00edas h\u00e1biles.\u00a0<\/span><\/p><p><span style=\"font-weight: 400;\">El tipo de entrega es DAP, aduanas ,\u00a0 (Delivered at place), es decir, los impuestos, en caso de aplicar, los pagar\u00e1 el comprador en el momento de la recepci\u00f3n del producto. En caso de que se requiera el pago de impuestos, recibir\u00e1s una notificaci\u00f3n de parte del courier.<\/span><\/p><p><span style=\"font-weight: 400;\">AVISO IMPORTANTE: Todos aquellos productos que sean l\u00edquidos, como aceites, lubricantes, toy cleaners, y condones, no podr\u00e1n enviarse (dependera del pa\u00eds).<\/span><\/p><p><span style=\"font-weight: 400;\">Puedes consultar el costo de env\u00edo y tiempo estimado de entrega a continuaci\u00f3n:<\/span><\/p><p><span style=\"font-weight: 400;\">*Se calcular\u00e1 el importe de env\u00edo en base a los productos a\u00f1adidos al carrito de compra, la mayor\u00eda de nuestros productos pesan menos de 0.25 kg, ZIP O C\u00f3digo Postal <\/span><\/p>\t\t\t\t\t\t<\/div>\n\t\t\t\t<\/div>\n\t\t\t\t\t<\/div>\n\t\t<\/div>\n\t\t\t\t\t\t\t<\/div>\n\t\t<\/section>\n\t\t\t\t\t\t\t<\/div>\n\t\t","protected":false},"excerpt":{"rendered":"<p>Pol\u00edticas de env\u00edos ENV\u00cdO DENTRO DE M\u00c9XICO El costo de env\u00edo va a depender de tu C\u00f3digo postal o ZIP , as\u00ed como la ciudad o estado en donde que vas a proporcionar en el proceso de compra\u00a0 El tiempo de procesamiento de los pedidos es de 12 a 48 horas laborables. En cuanto tu [&hellip;]<\/p>\n","protected":false},"author":3,"featured_media":0,"parent":0,"menu_order":0,"comment_status":"closed","ping_status":"closed","template":"","meta":{"om_disable_all_campaigns":false,"site-sidebar-layout":"no-sidebar","site-content-layout":"page-builder","ast-site-content-layout":"","site-content-style":"default","site-sidebar-style":"default","ast-global-header-display":"","ast-banner-title-visibility":"","ast-main-header-display":"","ast-hfb-above-header-display":"","ast-hfb-below-header-display":"","ast-hfb-mobile-header-display":"","site-post-title":"disabled","ast-breadcrumbs-content":"","ast-featured-img":"disabled","footer-sml-layout":"","theme-transparent-header-meta":"","adv-header-id-meta":"","stick-header-meta":"","header-above-stick-meta":"","header-main-stick-meta":"","header-below-stick-meta":"","astra-migrate-meta-layouts":"default","ast-page-background-enabled":"default","ast-page-background-meta":{"desktop":{"background-color":"","background-image":"","background-repeat":"repeat","background-position":"center center","background-size":"auto","background-attachment":"scroll","background-type":"","background-media":"","overlay-type":"","overlay-color":"","overlay-opacity":"","overlay-gradient":""},"tablet":{"background-color":"","background-image":"","background-repeat":"repeat","background-position":"center center","background-size":"auto","background-attachment":"scroll","background-type":"","background-media":"","overlay-type":"","overlay-color":"","overlay-opacity":"","overlay-gradient":""},"mobile":{"background-color":"","background-image":"","background-repeat":"repeat","background-position":"center center","background-size":"auto","background-attachment":"scroll","background-type":"","background-media":"","overlay-type":"","overlay-color":"","overlay-opacity":"","overlay-gradient":""}},"ast-content-background-meta":{"desktop":{"background-color":"var(--ast-global-color-5)","background-image":"","background-repeat":"repeat","background-position":"center center","background-size":"auto","background-attachment":"scroll","background-type":"","background-media":"","overlay-type":"","overlay-color":"","overlay-opacity":"","overlay-gradient":""},"tablet":{"background-color":"var(--ast-global-color-5)","background-image":"","background-repeat":"repeat","background-position":"center center","background-size":"auto","background-attachment":"scroll","background-type":"","background-media":"","overlay-type":"","overlay-color":"","overlay-opacity":"","overlay-gradient":""},"mobile":{"background-color":"var(--ast-global-color-5)","background-image":"","background-repeat":"repeat","background-position":"center center","background-size":"auto","background-attachment":"scroll","background-type":"","background-media":"","overlay-type":"","overlay-color":"","overlay-opacity":"","overlay-gradient":""}},"_joinchat":[],"footnotes":""},"class_list":["post-4947","page","type-page","status-publish","hentry"],"yoast_head":"<!-- This site is optimized with the Yoast SEO plugin v20.5 - https:\/\/yoast.com\/wordpress\/plugins\/seo\/ -->\n<title>Pol\u00edticas de envios - sexshopbajolassabanas.mx<\/title>\n<meta name=\"robots\" content=\"index, follow, max-snippet:-1, max-image-preview:large, max-video-preview:-1\" \/>\n<link rel=\"canonical\" href=\"https:\/\/sexshopbajolassabanas.mx\/?page_id=4947\" \/>\n<meta property=\"og:locale\" content=\"es_MX\" \/>\n<meta property=\"og:type\" content=\"article\" \/>\n<meta property=\"og:title\" content=\"Pol\u00edticas de envios - sexshopbajolassabanas.mx\" \/>\n<meta property=\"og:description\" content=\"Pol\u00edticas de env\u00edos ENV\u00cdO DENTRO DE M\u00c9XICO El costo de env\u00edo va a depender de tu C\u00f3digo postal o ZIP , as\u00ed como la ciudad o estado en donde que vas a proporcionar en el proceso de compra\u00a0 El tiempo de procesamiento de los pedidos es de 12 a 48 horas laborables. En cuanto tu [&hellip;]\" \/>\n<meta property=\"og:url\" content=\"https:\/\/sexshopbajolassabanas.mx\/?page_id=4947\" \/>\n<meta property=\"og:site_name\" content=\"sexshopbajolassabanas.mx\" \/>\n<meta property=\"article:modified_time\" content=\"2022-09-20T22:59:15+00:00\" \/>\n<meta name=\"twitter:card\" content=\"summary_large_image\" \/>\n<meta name=\"twitter:label1\" content=\"Tiempo de lectura\" \/>\n\t<meta name=\"twitter:data1\" content=\"3 minutos\" \/>\n<script type=\"application\/ld+json\" class=\"yoast-schema-graph\">{\"@context\":\"https:\/\/schema.org\",\"@graph\":[{\"@type\":\"WebPage\",\"@id\":\"https:\/\/sexshopbajolassabanas.mx\/?page_id=4947\",\"url\":\"https:\/\/sexshopbajolassabanas.mx\/?page_id=4947\",\"name\":\"Pol\u00edticas de envios - sexshopbajolassabanas.mx\",\"isPartOf\":{\"@id\":\"https:\/\/sexshopbajolassabanas.mx\/#website\"},\"datePublished\":\"2022-09-20T22:54:30+00:00\",\"dateModified\":\"2022-09-20T22:59:15+00:00\",\"breadcrumb\":{\"@id\":\"https:\/\/sexshopbajolassabanas.mx\/?page_id=4947#breadcrumb\"},\"inLanguage\":\"es\",\"potentialAction\":[{\"@type\":\"ReadAction\",\"target\":[\"https:\/\/sexshopbajolassabanas.mx\/?page_id=4947\"]}]},{\"@type\":\"BreadcrumbList\",\"@id\":\"https:\/\/sexshopbajolassabanas.mx\/?page_id=4947#breadcrumb\",\"itemListElement\":[{\"@type\":\"ListItem\",\"position\":1,\"name\":\"Inicio\",\"item\":\"https:\/\/sexshopbajolassabanas.mx\/\"},{\"@type\":\"ListItem\",\"position\":2,\"name\":\"Pol\u00edticas de envios\"}]},{\"@type\":\"WebSite\",\"@id\":\"https:\/\/sexshopbajolassabanas.mx\/#website\",\"url\":\"https:\/\/sexshopbajolassabanas.mx\/\",\"name\":\"sexshopbajolassabanas.mx\",\"description\":\"Sex Shop Bajo Las Sabanas\",\"publisher\":{\"@id\":\"https:\/\/sexshopbajolassabanas.mx\/#organization\"},\"potentialAction\":[{\"@type\":\"SearchAction\",\"target\":{\"@type\":\"EntryPoint\",\"urlTemplate\":\"https:\/\/sexshopbajolassabanas.mx\/?s={search_term_string}\"},\"query-input\":\"required name=search_term_string\"}],\"inLanguage\":\"es\"},{\"@type\":\"Organization\",\"@id\":\"https:\/\/sexshopbajolassabanas.mx\/#organization\",\"name\":\"sexshopbajolassabanas.mx\",\"url\":\"https:\/\/sexshopbajolassabanas.mx\/\",\"logo\":{\"@type\":\"ImageObject\",\"inLanguage\":\"es\",\"@id\":\"https:\/\/sexshopbajolassabanas.mx\/#\/schema\/logo\/image\/\",\"url\":\"https:\/\/sexshopbajolassabanas.mx\/wp-content\/uploads\/2022\/08\/cropped-cropped-Sin-titulo-2_Mesa-de-trabajo-1.png\",\"contentUrl\":\"https:\/\/sexshopbajolassabanas.mx\/wp-content\/uploads\/2022\/08\/cropped-cropped-Sin-titulo-2_Mesa-de-trabajo-1.png\",\"width\":375,\"height\":375,\"caption\":\"sexshopbajolassabanas.mx\"},\"image\":{\"@id\":\"https:\/\/sexshopbajolassabanas.mx\/#\/schema\/logo\/image\/\"}}]}<\/script>\n<!-- \/ Yoast SEO plugin. -->","yoast_head_json":{"title":"Pol\u00edticas de envios - sexshopbajolassabanas.mx","robots":{"index":"index","follow":"follow","max-snippet":"max-snippet:-1","max-image-preview":"max-image-preview:large","max-video-preview":"max-video-preview:-1"},"canonical":"https:\/\/sexshopbajolassabanas.mx\/?page_id=4947","og_locale":"es_MX","og_type":"article","og_title":"Pol\u00edticas de envios - sexshopbajolassabanas.mx","og_description":"Pol\u00edticas de env\u00edos ENV\u00cdO DENTRO DE M\u00c9XICO El costo de env\u00edo va a depender de tu C\u00f3digo postal o ZIP , as\u00ed como la ciudad o estado en donde que vas a proporcionar en el proceso de compra\u00a0 El tiempo de procesamiento de los pedidos es de 12 a 48 horas laborables. En cuanto tu [&hellip;]","og_url":"https:\/\/sexshopbajolassabanas.mx\/?page_id=4947","og_site_name":"sexshopbajolassabanas.mx","article_modified_time":"2022-09-20T22:59:15+00:00","twitter_card":"summary_large_image","twitter_misc":{"Tiempo de lectura":"3 minutos"},"schema":{"@context":"https:\/\/schema.org","@graph":[{"@type":"WebPage","@id":"https:\/\/sexshopbajolassabanas.mx\/?page_id=4947","url":"https:\/\/sexshopbajolassabanas.mx\/?page_id=4947","name":"Pol\u00edticas de envios - sexshopbajolassabanas.mx","isPartOf":{"@id":"https:\/\/sexshopbajolassabanas.mx\/#website"},"datePublished":"2022-09-20T22:54:30+00:00","dateModified":"2022-09-20T22:59:15+00:00","breadcrumb":{"@id":"https:\/\/sexshopbajolassabanas.mx\/?page_id=4947#breadcrumb"},"inLanguage":"es","potentialAction":[{"@type":"ReadAction","target":["https:\/\/sexshopbajolassabanas.mx\/?page_id=4947"]}]},{"@type":"BreadcrumbList","@id":"https:\/\/sexshopbajolassabanas.mx\/?page_id=4947#breadcrumb","itemListElement":[{"@type":"ListItem","position":1,"name":"Inicio","item":"https:\/\/sexshopbajolassabanas.mx\/"},{"@type":"ListItem","position":2,"name":"Pol\u00edticas de envios"}]},{"@type":"WebSite","@id":"https:\/\/sexshopbajolassabanas.mx\/#website","url":"https:\/\/sexshopbajolassabanas.mx\/","name":"sexshopbajolassabanas.mx","description":"Sex Shop Bajo Las Sabanas","publisher":{"@id":"https:\/\/sexshopbajolassabanas.mx\/#organization"},"potentialAction":[{"@type":"SearchAction","target":{"@type":"EntryPoint","urlTemplate":"https:\/\/sexshopbajolassabanas.mx\/?s={search_term_string}"},"query-input":"required name=search_term_string"}],"inLanguage":"es"},{"@type":"Organization","@id":"https:\/\/sexshopbajolassabanas.mx\/#organization","name":"sexshopbajolassabanas.mx","url":"https:\/\/sexshopbajolassabanas.mx\/","logo":{"@type":"ImageObject","inLanguage":"es","@id":"https:\/\/sexshopbajolassabanas.mx\/#\/schema\/logo\/image\/","url":"https:\/\/sexshopbajolassabanas.mx\/wp-content\/uploads\/2022\/08\/cropped-cropped-Sin-titulo-2_Mesa-de-trabajo-1.png","contentUrl":"https:\/\/sexshopbajolassabanas.mx\/wp-content\/uploads\/2022\/08\/cropped-cropped-Sin-titulo-2_Mesa-de-trabajo-1.png","width":375,"height":375,"caption":"sexshopbajolassabanas.mx"},"image":{"@id":"https:\/\/sexshopbajolassabanas.mx\/#\/schema\/logo\/image\/"}}]}},"_links":{"self":[{"href":"https:\/\/sexshopbajolassabanas.mx\/index.php?rest_route=\/wp\/v2\/pages\/4947","targetHints":{"allow":["GET"]}}],"collection":[{"href":"https:\/\/sexshopbajolassabanas.mx\/index.php?rest_route=\/wp\/v2\/pages"}],"about":[{"href":"https:\/\/sexshopbajolassabanas.mx\/index.php?rest_route=\/wp\/v2\/types\/page"}],"author":[{"embeddable":true,"href":"https:\/\/sexshopbajolassabanas.mx\/index.php?rest_route=\/wp\/v2\/users\/3"}],"replies":[{"embeddable":true,"href":"https:\/\/sexshopbajolassabanas.mx\/index.php?rest_route=%2Fwp%2Fv2%2Fcomments&post=4947"}],"version-history":[{"count":4,"href":"https:\/\/sexshopbajolassabanas.mx\/index.php?rest_route=\/wp\/v2\/pages\/4947\/revisions"}],"predecessor-version":[{"id":4951,"href":"https:\/\/sexshopbajolassabanas.mx\/index.php?rest_route=\/wp\/v2\/pages\/4947\/revisions\/4951"}],"wp:attachment":[{"href":"https:\/\/sexshopbajolassabanas.mx\/index.php?rest_route=%2Fwp%2Fv2%2Fmedia&parent=4947"}],"curies":[{"name":"wp","href":"https:\/\/api.w.org\/{rel}","templated":true}]}}