{"id":4114,"date":"2022-08-15T18:05:03","date_gmt":"2022-08-15T18:05:03","guid":{"rendered":"https:\/\/sexshopbajolassabanas.mx\/?post_type=product&#038;p=4114"},"modified":"2022-10-24T19:19:59","modified_gmt":"2022-10-24T19:19:59","slug":"bolas-chinas-bolas-chinas-juguetes-bolas-chinas-kegel","status":"publish","type":"product","link":"https:\/\/sexshopbajolassabanas.mx\/?product=bolas-chinas-bolas-chinas-juguetes-bolas-chinas-kegel","title":{"rendered":"Bolas Chinas Kegel Satisfyer"},"content":{"rendered":"<p><span style=\"color: #ff00ff;\"><b>\u00bfSabanera estas buscando las mejores <\/b><b>bolas chinas <\/b><b>o entrenadores de suelo p\u00e9lvico?<\/b> <\/span><\/p>\n<p><span style=\"font-weight: 400;\">\u00a1Ya no busques m\u00e1s!, ha llegado a <\/span><span style=\"font-weight: 400;\">Bajo las\u00a0 S\u00e1banas <\/span><span style=\"font-weight: 400;\">las<\/span> <span style=\"font-weight: 400;\">bolas chinas <\/span><span style=\"font-weight: 400;\">de Satisfyer. Este kit entrenador de suelo p\u00e9lvico tiene el juego perfecto para ti, gracias a sus diferentes pesos (Principiante, intermedio y avanzado) estas bolas chinas Kegel permiten fortalecer tu suelo p\u00e9lvico despu\u00e9s de un parto, por problemas de lubricaci\u00f3n o est\u00e1s a punto de iniciar la menopausia; tambi\u00e9n mejora la la lubricaci\u00f3n de la vulva. <\/span><b>\u00a1Perfecciona tus orgasmos sin efectos secundarios!<\/b><\/p>\n<p><b>Presentaci\u00f3n:<\/b><span style=\"font-weight: 400;\"> Este kit de bolas chinas Kegel contiene 3 bolas, cuyo peso son: Azul 61.9 gramos, rosa 82.9 gramos y roja 97.9 gramos.<\/span><\/p>\n<p><b>Forma de uso<\/b><b>:<\/b><span style=\"font-weight: 400;\"> Se recomienda el uso de estas Bolas Chinas Individuales durante quince minutos todos los d\u00edas, originando como consecuencia una mejora en el suelo p\u00e9lvico generando que se encuentre fortalecido y flexible, mientras que los m\u00fasculos vaginales se conservan j\u00f3venes.<\/span><\/p>\n<p><span style=\"font-weight: 400;\">Con su uso frecuente se notar\u00e1 como se pueden contraer los m\u00fasculos vaginales en cualquier momento, con esto originar\u00e1 que la pareja sienta mayor sensaci\u00f3n de estrechez y se disfrute de orgasmos que duren hasta quince segundos.<\/span><\/p>\n<p><span style=\"font-weight: 400;\">Es de gran importancia saber que lo normal es que un orgasmo dure cuatro o cinco, por lo que esta duraci\u00f3n generar\u00e1 excelentes resultados para ti y tu pareja.<\/span><\/p>\n<p><span style=\"font-weight: 400;\">No olvides antes y despu\u00e9s de su uso utilizar <\/span><span style=\"font-weight: 400;\">un limpiador de juguetes <\/span><span style=\"font-weight: 400;\">para evitar introducir polvo o alg\u00fan contaminante en tu cuerpo.<\/span><\/p>\n<p><b>Cuidados:<\/b><span style=\"font-weight: 400;\"> Despu\u00e9s del uso se recomienda limpiarlo con agua y jab\u00f3n suave sin aroma o con nuestros <\/span><span style=\"font-weight: 400;\">limpiadores para juguetes. <\/span><span style=\"font-weight: 400;\">Cons\u00e9rvese cerrado en un lugar fresco no mayor a 30\u00ba. Prot\u00e9jase de la luz solar y el polvo.<\/span><\/p>\n","protected":false},"excerpt":{"rendered":"<p><span style=\"font-weight: 400;\">Bolas chinas Kegel<\/span><\/p>\n","protected":false},"featured_media":4328,"comment_status":"open","ping_status":"closed","template":"","meta":{"om_disable_all_campaigns":false,"site-sidebar-layout":"default","site-content-layout":"boxed-container","ast-site-content-layout":"","site-content-style":"default","site-sidebar-style":"default","ast-global-header-display":"","ast-banner-title-visibility":"","ast-main-header-display":"","ast-hfb-above-header-display":"disabled","ast-hfb-below-header-display":"","ast-hfb-mobile-header-display":"","site-post-title":"","ast-breadcrumbs-content":"","ast-featured-img":"","footer-sml-layout":"","theme-transparent-header-meta":"default","adv-header-id-meta":"","stick-header-meta":"","header-above-stick-meta":"","header-main-stick-meta":"","header-below-stick-meta":"","astra-migrate-meta-layouts":"default","ast-page-background-enabled":"default","ast-page-background-meta":{"desktop":{"background-color":"","background-image":"","background-repeat":"repeat","background-position":"center center","background-size":"auto","background-attachment":"scroll","background-type":"","background-media":"","overlay-type":"","overlay-color":"","overlay-opacity":"","overlay-gradient":""},"tablet":{"background-color":"","background-image":"","background-repeat":"repeat","background-position":"center center","background-size":"auto","background-attachment":"scroll","background-type":"","background-media":"","overlay-type":"","overlay-color":"","overlay-opacity":"","overlay-gradient":""},"mobile":{"background-color":"","background-image":"","background-repeat":"repeat","background-position":"center center","background-size":"auto","background-attachment":"scroll","background-type":"","background-media":"","overlay-type":"","overlay-color":"","overlay-opacity":"","overlay-gradient":""}},"ast-content-background-meta":{"desktop":{"background-color":"var(--ast-global-color-5)","background-image":"","background-repeat":"repeat","background-position":"center center","background-size":"auto","background-attachment":"scroll","background-type":"","background-media":"","overlay-type":"","overlay-color":"","overlay-opacity":"","overlay-gradient":""},"tablet":{"background-color":"var(--ast-global-color-5)","background-image":"","background-repeat":"repeat","background-position":"center center","background-size":"auto","background-attachment":"scroll","background-type":"","background-media":"","overlay-type":"","overlay-color":"","overlay-opacity":"","overlay-gradient":""},"mobile":{"background-color":"var(--ast-global-color-5)","background-image":"","background-repeat":"repeat","background-position":"center center","background-size":"auto","background-attachment":"scroll","background-type":"","background-media":"","overlay-type":"","overlay-color":"","overlay-opacity":"","overlay-gradient":""}},"_joinchat":[]},"product_cat":[104,103,48,196],"product_tag":[],"giftcard-category":[],"class_list":{"0":"post-4114","1":"product","2":"type-product","3":"status-publish","4":"has-post-thumbnail","6":"product_cat-bolas-kegel-chinas","7":"product_cat-kits","8":"product_cat-sabaneras","9":"product_cat-sabaneres","10":"desktop-align-left","11":"tablet-align-left","12":"mobile-align-left","14":"first","15":"instock","16":"taxable","17":"shipping-taxable","18":"purchasable","19":"product-type-simple"},"yoast_head":"<!-- This site is optimized with the Yoast SEO plugin v20.5 - https:\/\/yoast.com\/wordpress\/plugins\/seo\/ -->\n<title>Bolas Chinas Kegel Satisfyer - sexshopbajolassabanas.mx<\/title>\n<meta name=\"robots\" content=\"index, follow, max-snippet:-1, max-image-preview:large, max-video-preview:-1\" \/>\n<link rel=\"canonical\" href=\"https:\/\/sexshopbajolassabanas.mx\/?product=bolas-chinas-bolas-chinas-juguetes-bolas-chinas-kegel\" \/>\n<meta property=\"og:locale\" content=\"es_MX\" \/>\n<meta property=\"og:type\" content=\"article\" \/>\n<meta property=\"og:title\" content=\"Bolas Chinas Kegel Satisfyer - sexshopbajolassabanas.mx\" \/>\n<meta property=\"og:description\" content=\"Bolas chinas Kegel\" \/>\n<meta property=\"og:url\" content=\"https:\/\/sexshopbajolassabanas.mx\/?product=bolas-chinas-bolas-chinas-juguetes-bolas-chinas-kegel\" \/>\n<meta property=\"og:site_name\" content=\"sexshopbajolassabanas.mx\" \/>\n<meta property=\"article:modified_time\" content=\"2022-10-24T19:19:59+00:00\" \/>\n<meta property=\"og:image\" content=\"http:\/\/sexshopbajolassabanas.mx\/wp-content\/uploads\/2022\/09\/bolas-chinas-precio-como-usar-las-bolas-chinas.png\" \/>\n\t<meta property=\"og:image:width\" content=\"1080\" \/>\n\t<meta property=\"og:image:height\" content=\"1080\" \/>\n\t<meta property=\"og:image:type\" content=\"image\/png\" \/>\n<meta name=\"twitter:card\" content=\"summary_large_image\" \/>\n<meta name=\"twitter:label1\" content=\"Tiempo de lectura\" \/>\n\t<meta name=\"twitter:data1\" content=\"2 minutos\" \/>\n<script type=\"application\/ld+json\" class=\"yoast-schema-graph\">{\"@context\":\"https:\/\/schema.org\",\"@graph\":[{\"@type\":\"WebPage\",\"@id\":\"https:\/\/sexshopbajolassabanas.mx\/?product=bolas-chinas-bolas-chinas-juguetes-bolas-chinas-kegel\",\"url\":\"https:\/\/sexshopbajolassabanas.mx\/?product=bolas-chinas-bolas-chinas-juguetes-bolas-chinas-kegel\",\"name\":\"Bolas Chinas Kegel Satisfyer - sexshopbajolassabanas.mx\",\"isPartOf\":{\"@id\":\"https:\/\/sexshopbajolassabanas.mx\/#website\"},\"datePublished\":\"2022-08-15T18:05:03+00:00\",\"dateModified\":\"2022-10-24T19:19:59+00:00\",\"breadcrumb\":{\"@id\":\"https:\/\/sexshopbajolassabanas.mx\/?product=bolas-chinas-bolas-chinas-juguetes-bolas-chinas-kegel#breadcrumb\"},\"inLanguage\":\"es\",\"potentialAction\":[{\"@type\":\"ReadAction\",\"target\":[\"https:\/\/sexshopbajolassabanas.mx\/?product=bolas-chinas-bolas-chinas-juguetes-bolas-chinas-kegel\"]}]},{\"@type\":\"BreadcrumbList\",\"@id\":\"https:\/\/sexshopbajolassabanas.mx\/?product=bolas-chinas-bolas-chinas-juguetes-bolas-chinas-kegel#breadcrumb\",\"itemListElement\":[{\"@type\":\"ListItem\",\"position\":1,\"name\":\"Inicio\",\"item\":\"https:\/\/sexshopbajolassabanas.mx\/\"},{\"@type\":\"ListItem\",\"position\":2,\"name\":\"Tienda\",\"item\":\"https:\/\/sexshopbajolassabanas.mx\/?page_id=38\"},{\"@type\":\"ListItem\",\"position\":3,\"name\":\"Bolas Chinas Kegel Satisfyer\"}]},{\"@type\":\"WebSite\",\"@id\":\"https:\/\/sexshopbajolassabanas.mx\/#website\",\"url\":\"https:\/\/sexshopbajolassabanas.mx\/\",\"name\":\"sexshopbajolassabanas.mx\",\"description\":\"Sex Shop Bajo Las Sabanas\",\"publisher\":{\"@id\":\"https:\/\/sexshopbajolassabanas.mx\/#organization\"},\"potentialAction\":[{\"@type\":\"SearchAction\",\"target\":{\"@type\":\"EntryPoint\",\"urlTemplate\":\"https:\/\/sexshopbajolassabanas.mx\/?s={search_term_string}\"},\"query-input\":\"required name=search_term_string\"}],\"inLanguage\":\"es\"},{\"@type\":\"Organization\",\"@id\":\"https:\/\/sexshopbajolassabanas.mx\/#organization\",\"name\":\"sexshopbajolassabanas.mx\",\"url\":\"https:\/\/sexshopbajolassabanas.mx\/\",\"logo\":{\"@type\":\"ImageObject\",\"inLanguage\":\"es\",\"@id\":\"https:\/\/sexshopbajolassabanas.mx\/#\/schema\/logo\/image\/\",\"url\":\"https:\/\/sexshopbajolassabanas.mx\/wp-content\/uploads\/2022\/08\/cropped-cropped-Sin-titulo-2_Mesa-de-trabajo-1.png\",\"contentUrl\":\"https:\/\/sexshopbajolassabanas.mx\/wp-content\/uploads\/2022\/08\/cropped-cropped-Sin-titulo-2_Mesa-de-trabajo-1.png\",\"width\":375,\"height\":375,\"caption\":\"sexshopbajolassabanas.mx\"},\"image\":{\"@id\":\"https:\/\/sexshopbajolassabanas.mx\/#\/schema\/logo\/image\/\"}}]}<\/script>\n<!-- \/ Yoast SEO plugin. -->","yoast_head_json":{"title":"Bolas Chinas Kegel Satisfyer - sexshopbajolassabanas.mx","robots":{"index":"index","follow":"follow","max-snippet":"max-snippet:-1","max-image-preview":"max-image-preview:large","max-video-preview":"max-video-preview:-1"},"canonical":"https:\/\/sexshopbajolassabanas.mx\/?product=bolas-chinas-bolas-chinas-juguetes-bolas-chinas-kegel","og_locale":"es_MX","og_type":"article","og_title":"Bolas Chinas Kegel Satisfyer - sexshopbajolassabanas.mx","og_description":"Bolas chinas Kegel","og_url":"https:\/\/sexshopbajolassabanas.mx\/?product=bolas-chinas-bolas-chinas-juguetes-bolas-chinas-kegel","og_site_name":"sexshopbajolassabanas.mx","article_modified_time":"2022-10-24T19:19:59+00:00","og_image":[{"width":1080,"height":1080,"url":"http:\/\/sexshopbajolassabanas.mx\/wp-content\/uploads\/2022\/09\/bolas-chinas-precio-como-usar-las-bolas-chinas.png","type":"image\/png"}],"twitter_card":"summary_large_image","twitter_misc":{"Tiempo de lectura":"2 minutos"},"schema":{"@context":"https:\/\/schema.org","@graph":[{"@type":"WebPage","@id":"https:\/\/sexshopbajolassabanas.mx\/?product=bolas-chinas-bolas-chinas-juguetes-bolas-chinas-kegel","url":"https:\/\/sexshopbajolassabanas.mx\/?product=bolas-chinas-bolas-chinas-juguetes-bolas-chinas-kegel","name":"Bolas Chinas Kegel Satisfyer - sexshopbajolassabanas.mx","isPartOf":{"@id":"https:\/\/sexshopbajolassabanas.mx\/#website"},"datePublished":"2022-08-15T18:05:03+00:00","dateModified":"2022-10-24T19:19:59+00:00","breadcrumb":{"@id":"https:\/\/sexshopbajolassabanas.mx\/?product=bolas-chinas-bolas-chinas-juguetes-bolas-chinas-kegel#breadcrumb"},"inLanguage":"es","potentialAction":[{"@type":"ReadAction","target":["https:\/\/sexshopbajolassabanas.mx\/?product=bolas-chinas-bolas-chinas-juguetes-bolas-chinas-kegel"]}]},{"@type":"BreadcrumbList","@id":"https:\/\/sexshopbajolassabanas.mx\/?product=bolas-chinas-bolas-chinas-juguetes-bolas-chinas-kegel#breadcrumb","itemListElement":[{"@type":"ListItem","position":1,"name":"Inicio","item":"https:\/\/sexshopbajolassabanas.mx\/"},{"@type":"ListItem","position":2,"name":"Tienda","item":"https:\/\/sexshopbajolassabanas.mx\/?page_id=38"},{"@type":"ListItem","position":3,"name":"Bolas Chinas Kegel Satisfyer"}]},{"@type":"WebSite","@id":"https:\/\/sexshopbajolassabanas.mx\/#website","url":"https:\/\/sexshopbajolassabanas.mx\/","name":"sexshopbajolassabanas.mx","description":"Sex Shop Bajo Las Sabanas","publisher":{"@id":"https:\/\/sexshopbajolassabanas.mx\/#organization"},"potentialAction":[{"@type":"SearchAction","target":{"@type":"EntryPoint","urlTemplate":"https:\/\/sexshopbajolassabanas.mx\/?s={search_term_string}"},"query-input":"required name=search_term_string"}],"inLanguage":"es"},{"@type":"Organization","@id":"https:\/\/sexshopbajolassabanas.mx\/#organization","name":"sexshopbajolassabanas.mx","url":"https:\/\/sexshopbajolassabanas.mx\/","logo":{"@type":"ImageObject","inLanguage":"es","@id":"https:\/\/sexshopbajolassabanas.mx\/#\/schema\/logo\/image\/","url":"https:\/\/sexshopbajolassabanas.mx\/wp-content\/uploads\/2022\/08\/cropped-cropped-Sin-titulo-2_Mesa-de-trabajo-1.png","contentUrl":"https:\/\/sexshopbajolassabanas.mx\/wp-content\/uploads\/2022\/08\/cropped-cropped-Sin-titulo-2_Mesa-de-trabajo-1.png","width":375,"height":375,"caption":"sexshopbajolassabanas.mx"},"image":{"@id":"https:\/\/sexshopbajolassabanas.mx\/#\/schema\/logo\/image\/"}}]}},"_links":{"self":[{"href":"https:\/\/sexshopbajolassabanas.mx\/index.php?rest_route=\/wp\/v2\/product\/4114","targetHints":{"allow":["GET"]}}],"collection":[{"href":"https:\/\/sexshopbajolassabanas.mx\/index.php?rest_route=\/wp\/v2\/product"}],"about":[{"href":"https:\/\/sexshopbajolassabanas.mx\/index.php?rest_route=\/wp\/v2\/types\/product"}],"replies":[{"embeddable":true,"href":"https:\/\/sexshopbajolassabanas.mx\/index.php?rest_route=%2Fwp%2Fv2%2Fcomments&post=4114"}],"version-history":[{"count":3,"href":"https:\/\/sexshopbajolassabanas.mx\/index.php?rest_route=\/wp\/v2\/product\/4114\/revisions"}],"predecessor-version":[{"id":5651,"href":"https:\/\/sexshopbajolassabanas.mx\/index.php?rest_route=\/wp\/v2\/product\/4114\/revisions\/5651"}],"wp:featuredmedia":[{"embeddable":true,"href":"https:\/\/sexshopbajolassabanas.mx\/index.php?rest_route=\/wp\/v2\/media\/4328"}],"wp:attachment":[{"href":"https:\/\/sexshopbajolassabanas.mx\/index.php?rest_route=%2Fwp%2Fv2%2Fmedia&parent=4114"}],"wp:term":[{"taxonomy":"product_cat","embeddable":true,"href":"https:\/\/sexshopbajolassabanas.mx\/index.php?rest_route=%2Fwp%2Fv2%2Fproduct_cat&post=4114"},{"taxonomy":"product_tag","embeddable":true,"href":"https:\/\/sexshopbajolassabanas.mx\/index.php?rest_route=%2Fwp%2Fv2%2Fproduct_tag&post=4114"},{"taxonomy":"giftcard-category","embeddable":true,"href":"https:\/\/sexshopbajolassabanas.mx\/index.php?rest_route=%2Fwp%2Fv2%2Fgiftcard-category&post=4114"}],"curies":[{"name":"wp","href":"https:\/\/api.w.org\/{rel}","templated":true}]}}