{"id":4579,"date":"2022-09-15T05:31:56","date_gmt":"2022-09-15T05:31:56","guid":{"rendered":"https:\/\/sexshopbajolassabanas.mx\/?post_type=product&#038;p=4579"},"modified":"2022-10-24T19:15:03","modified_gmt":"2022-10-24T19:15:03","slug":"dr-skin-vibe-10","status":"publish","type":"product","link":"https:\/\/sexshopbajolassabanas.mx\/?product=dr-skin-vibe-10","title":{"rendered":"Dildo vibrador Dr. Skin vibe 10"},"content":{"rendered":"<p><b>\u00a1Pene que no has de comer , no lo hagas crecer!<\/b><\/p>\n<p><span style=\"font-weight: 400;\">Sabaneras este es un <\/span><span style=\"font-weight: 400;\">dildo vibrador <\/span><span style=\"font-weight: 400;\">con venas gira su dial\u00a0 para\u00a0 subir o bajar\u00a0 vibraci\u00f3n de varias velocidades. Su cabeza c\u00f3nica desde que entra hasta que sale\u00a0 te dar\u00e1 una caricia que no olvidaras\u00a0 y f\u00e1cilmente sirve como dildo para penetraci\u00f3n vaginal, <\/span><span style=\"font-weight: 400;\">dildo vibrador gay<\/span><span style=\"font-weight: 400;\">, imita la naturalidad de un miembro masculino, en todo su cuerpo tiene esas venas de placer que tanto nos gusta, desde el primero encuentro gritaras de placer, solo tienes que girara su dial que est\u00e1 en la parte inferior para subir o bajar las intensidades con las que quieres que vibre . Con el no tienes <\/span><span style=\"font-weight: 400;\">diferencia entre dildo y vibrador<\/span><span style=\"font-weight: 400;\">\u00a0 ya que tienes ambos en un solo juguete <\/span><span style=\"font-weight: 400;\">\u00a0<\/span><span style=\"font-weight: 400;\">puedes usarlo dentro de\u00a0 la ducha sin ning\u00fan problema.\u00a0<\/span><\/p>\n<p><span style=\"font-weight: 400;\">Ahora bien, este es un viaje salvaje, vale la pena cada segundo! \u00a1El vibrador Hard On de Blush fue hecho para sentirse y verse realista, hecho de TPE sin fragancia ni ftalato de primera calidad que es suave y seguro para el cuerpo! Este consolador de venas gruesas incre\u00edblemente suave fue dise\u00f1ado para una estimulaci\u00f3n intensa.<\/span><\/p>\n<p><b>Presentaci\u00f3n: <\/b><span style=\"font-weight: 400;\">21.59\u00a0 cm x 4.4cm de ancho. 19 cm insertables.\u00a0<\/span><\/p>\n<p><b>Forma de uso<\/b><b>: <\/b><span style=\"font-weight: 400;\">Este dildo vibrador utiliza dos pilas AA, no incluidas por lo que se deber\u00e1n colocar antes de utilizarlo. Para utilizarlo sabaneras les recomendamos primeramente coloquen un <\/span><span style=\"font-weight: 400;\">lubricante <\/span><span style=\"font-weight: 400;\">y enci\u00e9ndanlo desde su peque\u00f1o bot\u00f3n.<\/span><\/p>\n<p><b>Quitar:<\/b><span style=\"font-weight: 400;\"> Despu\u00e9s de haber llegado a tus orgasmos retirar lentamente.<\/span><\/p>\n<p><b>Cuidados:<\/b><span style=\"font-weight: 400;\"> Despu\u00e9s del uso se recomienda limpiarlo con agua y jab\u00f3n suave sin aroma o con nuestros <\/span><span style=\"font-weight: 400;\">limpiadores para juguetes. <\/span><span style=\"font-weight: 400;\">Cons\u00e9rvese cerrado en un lugar fresco no mayor a 30\u00ba. Prot\u00e9jase de la luz solar y el polvo dentro de su bolsa hipoalerg\u00e9nica.<\/span><\/p>\n<p>&nbsp;<\/p>\n","protected":false},"excerpt":{"rendered":"<p><b>\u00a1Pene que no has de comer , no lo hagas crecer!<\/b><\/p>\n<p><span style=\"font-weight: 400;\">Sabaneras este es un <\/span><span style=\"font-weight: 400;\">dildo vibrador <\/span><span style=\"font-weight: 400;\">con venas gira su dial\u00a0 para\u00a0 subir o bajar\u00a0 vibraci\u00f3n de varias velocidades. Su cabeza c\u00f3nica desde que entra hasta que sale\u00a0 te dar\u00e1 una caricia que no olvidaras\u00a0 y f\u00e1cilmente sirve como dildo para penetraci\u00f3n vaginal, <\/span><span style=\"font-weight: 400;\">dildo vibrador gay<\/span><span style=\"font-weight: 400;\">, imita la naturalidad de un miembro masculino, en todo su cuerpo tiene esas venas de placer que tanto nos gusta, desde el primero encuentro gritaras de placer, solo tienes que girara su dial que est\u00e1 en la parte inferior para subir o bajar las intensidades con las que quieres que vibre . Con el no tienes <\/span><span style=\"font-weight: 400;\">diferencia entre dildo y vibrador<\/span><span style=\"font-weight: 400;\">\u00a0 ya que tienes ambos en un solo juguete <\/span><span style=\"font-weight: 400;\">\u00a0<\/span><span style=\"font-weight: 400;\">puedes usarlo dentro de\u00a0 la ducha sin ning\u00fan problema.\u00a0<\/span><\/p>\n<p><span style=\"font-weight: 400;\">Ahora bien, este es un viaje salvaje, vale la pena cada segundo! \u00a1El vibrador Hard On de Blush fue hecho para sentirse y verse realista, hecho de TPE sin fragancia ni ftalato de primera calidad que es suave y seguro para el cuerpo! Este consolador de venas gruesas incre\u00edblemente suave fue dise\u00f1ado para una estimulaci\u00f3n intensa.<\/span><\/p>\n<p><b>Presentaci\u00f3n: <\/b><span style=\"font-weight: 400;\">21.59\u00a0 cm x 4.4cm de ancho. 19 cm insertables.\u00a0<\/span><\/p>\n<p><b>Forma de uso<\/b><b>: <\/b><span style=\"font-weight: 400;\">Este dildo vibrador utiliza dos pilas AA, no incluidas por lo que se deber\u00e1n colocar antes de utilizarlo. Para utilizarlo sabaneras les recomendamos primeramente coloquen un <\/span><span style=\"font-weight: 400;\">lubricante <\/span><span style=\"font-weight: 400;\">y enci\u00e9ndanlo desde su peque\u00f1o bot\u00f3n.<\/span><\/p>\n<p><b>Quitar:<\/b><span style=\"font-weight: 400;\"> Despu\u00e9s de haber llegado a tus orgasmos retirar lentamente.<\/span><\/p>\n<p><b>Cuidados:<\/b><span style=\"font-weight: 400;\"> Despu\u00e9s del uso se recomienda limpiarlo con agua y jab\u00f3n suave sin aroma o con nuestros <\/span><span style=\"font-weight: 400;\">limpiadores para juguetes. <\/span><span style=\"font-weight: 400;\">Cons\u00e9rvese cerrado en un lugar fresco no mayor a 30\u00ba. Prot\u00e9jase de la luz solar y el polvo dentro de su bolsa hipoalerg\u00e9nica.<\/span><\/p>\n<p>&nbsp;<\/p>\n","protected":false},"featured_media":5522,"comment_status":"open","ping_status":"closed","template":"","meta":{"om_disable_all_campaigns":false,"site-sidebar-layout":"default","site-content-layout":"default","ast-site-content-layout":"","site-content-style":"default","site-sidebar-style":"default","ast-global-header-display":"","ast-banner-title-visibility":"","ast-main-header-display":"","ast-hfb-above-header-display":"disabled","ast-hfb-below-header-display":"","ast-hfb-mobile-header-display":"","site-post-title":"","ast-breadcrumbs-content":"","ast-featured-img":"","footer-sml-layout":"","theme-transparent-header-meta":"default","adv-header-id-meta":"","stick-header-meta":"","header-above-stick-meta":"","header-main-stick-meta":"","header-below-stick-meta":"","astra-migrate-meta-layouts":"default","ast-page-background-enabled":"default","ast-page-background-meta":{"desktop":{"background-color":"","background-image":"","background-repeat":"repeat","background-position":"center center","background-size":"auto","background-attachment":"scroll","background-type":"","background-media":"","overlay-type":"","overlay-color":"","overlay-opacity":"","overlay-gradient":""},"tablet":{"background-color":"","background-image":"","background-repeat":"repeat","background-position":"center center","background-size":"auto","background-attachment":"scroll","background-type":"","background-media":"","overlay-type":"","overlay-color":"","overlay-opacity":"","overlay-gradient":""},"mobile":{"background-color":"","background-image":"","background-repeat":"repeat","background-position":"center center","background-size":"auto","background-attachment":"scroll","background-type":"","background-media":"","overlay-type":"","overlay-color":"","overlay-opacity":"","overlay-gradient":""}},"ast-content-background-meta":{"desktop":{"background-color":"var(--ast-global-color-5)","background-image":"","background-repeat":"repeat","background-position":"center center","background-size":"auto","background-attachment":"scroll","background-type":"","background-media":"","overlay-type":"","overlay-color":"","overlay-opacity":"","overlay-gradient":""},"tablet":{"background-color":"var(--ast-global-color-5)","background-image":"","background-repeat":"repeat","background-position":"center center","background-size":"auto","background-attachment":"scroll","background-type":"","background-media":"","overlay-type":"","overlay-color":"","overlay-opacity":"","overlay-gradient":""},"mobile":{"background-color":"var(--ast-global-color-5)","background-image":"","background-repeat":"repeat","background-position":"center center","background-size":"auto","background-attachment":"scroll","background-type":"","background-media":"","overlay-type":"","overlay-color":"","overlay-opacity":"","overlay-gradient":""}},"_joinchat":[]},"product_cat":[95,48,196],"product_tag":[],"giftcard-category":[],"class_list":{"0":"post-4579","1":"product","2":"type-product","3":"status-publish","4":"has-post-thumbnail","6":"product_cat-dildo-vibrador","7":"product_cat-sabaneras","8":"product_cat-sabaneres","9":"desktop-align-left","10":"tablet-align-left","11":"mobile-align-left","13":"first","14":"instock","15":"taxable","16":"shipping-taxable","17":"purchasable","18":"product-type-simple"},"yoast_head":"<!-- This site is optimized with the Yoast SEO plugin v20.5 - https:\/\/yoast.com\/wordpress\/plugins\/seo\/ -->\n<title>Dildo vibrador Dr. Skin vibe 10 - sexshopbajolassabanas.mx<\/title>\n<meta name=\"robots\" content=\"index, follow, max-snippet:-1, max-image-preview:large, max-video-preview:-1\" \/>\n<link rel=\"canonical\" href=\"https:\/\/sexshopbajolassabanas.mx\/?product=dr-skin-vibe-10\" \/>\n<meta property=\"og:locale\" content=\"es_MX\" \/>\n<meta property=\"og:type\" content=\"article\" \/>\n<meta property=\"og:title\" content=\"Dildo vibrador Dr. Skin vibe 10 - sexshopbajolassabanas.mx\" \/>\n<meta property=\"og:description\" content=\"\u00a1Pene que no has de comer , no lo hagas crecer!  Sabaneras este es un dildo vibrador con venas gira su dial\u00a0 para\u00a0 subir o bajar\u00a0 vibraci\u00f3n de varias velocidades. Su cabeza c\u00f3nica desde que entra hasta que sale\u00a0 te dar\u00e1 una caricia que no olvidaras\u00a0 y f\u00e1cilmente sirve como dildo para penetraci\u00f3n vaginal, dildo vibrador gay, imita la naturalidad de un miembro masculino, en todo su cuerpo tiene esas venas de placer que tanto nos gusta, desde el primero encuentro gritaras de placer, solo tienes que girara su dial que est\u00e1 en la parte inferior para subir o bajar las intensidades con las que quieres que vibre . Con el no tienes diferencia entre dildo y vibrador\u00a0 ya que tienes ambos en un solo juguete \u00a0puedes usarlo dentro de\u00a0 la ducha sin ning\u00fan problema.\u00a0  Ahora bien, este es un viaje salvaje, vale la pena cada segundo! \u00a1El vibrador Hard On de Blush fue hecho para sentirse y verse realista, hecho de TPE sin fragancia ni ftalato de primera calidad que es suave y seguro para el cuerpo! Este consolador de venas gruesas incre\u00edblemente suave fue dise\u00f1ado para una estimulaci\u00f3n intensa.  Presentaci\u00f3n: 21.59\u00a0 cm x 4.4cm de ancho. 19 cm insertables.\u00a0  Forma de uso: Este dildo vibrador utiliza dos pilas AA, no incluidas por lo que se deber\u00e1n colocar antes de utilizarlo. Para utilizarlo sabaneras les recomendamos primeramente coloquen un lubricante y enci\u00e9ndanlo desde su peque\u00f1o bot\u00f3n.  Quitar: Despu\u00e9s de haber llegado a tus orgasmos retirar lentamente.  Cuidados: Despu\u00e9s del uso se recomienda limpiarlo con agua y jab\u00f3n suave sin aroma o con nuestros limpiadores para juguetes. Cons\u00e9rvese cerrado en un lugar fresco no mayor a 30\u00ba. Prot\u00e9jase de la luz solar y el polvo dentro de su bolsa hipoalerg\u00e9nica.  &nbsp;\" \/>\n<meta property=\"og:url\" content=\"https:\/\/sexshopbajolassabanas.mx\/?product=dr-skin-vibe-10\" \/>\n<meta property=\"og:site_name\" content=\"sexshopbajolassabanas.mx\" \/>\n<meta property=\"article:modified_time\" content=\"2022-10-24T19:15:03+00:00\" \/>\n<meta property=\"og:image\" content=\"http:\/\/sexshopbajolassabanas.mx\/wp-content\/uploads\/2022\/09\/consolador-realista-1.png\" \/>\n\t<meta property=\"og:image:width\" content=\"1080\" \/>\n\t<meta property=\"og:image:height\" content=\"1080\" \/>\n\t<meta property=\"og:image:type\" content=\"image\/png\" \/>\n<meta name=\"twitter:card\" content=\"summary_large_image\" \/>\n<meta name=\"twitter:label1\" content=\"Tiempo de lectura\" \/>\n\t<meta name=\"twitter:data1\" content=\"2 minutos\" \/>\n<script type=\"application\/ld+json\" class=\"yoast-schema-graph\">{\"@context\":\"https:\/\/schema.org\",\"@graph\":[{\"@type\":\"WebPage\",\"@id\":\"https:\/\/sexshopbajolassabanas.mx\/?product=dr-skin-vibe-10\",\"url\":\"https:\/\/sexshopbajolassabanas.mx\/?product=dr-skin-vibe-10\",\"name\":\"Dildo vibrador Dr. Skin vibe 10 - sexshopbajolassabanas.mx\",\"isPartOf\":{\"@id\":\"https:\/\/sexshopbajolassabanas.mx\/#website\"},\"datePublished\":\"2022-09-15T05:31:56+00:00\",\"dateModified\":\"2022-10-24T19:15:03+00:00\",\"breadcrumb\":{\"@id\":\"https:\/\/sexshopbajolassabanas.mx\/?product=dr-skin-vibe-10#breadcrumb\"},\"inLanguage\":\"es\",\"potentialAction\":[{\"@type\":\"ReadAction\",\"target\":[\"https:\/\/sexshopbajolassabanas.mx\/?product=dr-skin-vibe-10\"]}]},{\"@type\":\"BreadcrumbList\",\"@id\":\"https:\/\/sexshopbajolassabanas.mx\/?product=dr-skin-vibe-10#breadcrumb\",\"itemListElement\":[{\"@type\":\"ListItem\",\"position\":1,\"name\":\"Inicio\",\"item\":\"https:\/\/sexshopbajolassabanas.mx\/\"},{\"@type\":\"ListItem\",\"position\":2,\"name\":\"Tienda\",\"item\":\"https:\/\/sexshopbajolassabanas.mx\/?page_id=38\"},{\"@type\":\"ListItem\",\"position\":3,\"name\":\"Dildo vibrador Dr. Skin vibe 10\"}]},{\"@type\":\"WebSite\",\"@id\":\"https:\/\/sexshopbajolassabanas.mx\/#website\",\"url\":\"https:\/\/sexshopbajolassabanas.mx\/\",\"name\":\"sexshopbajolassabanas.mx\",\"description\":\"Sex Shop Bajo Las Sabanas\",\"publisher\":{\"@id\":\"https:\/\/sexshopbajolassabanas.mx\/#organization\"},\"potentialAction\":[{\"@type\":\"SearchAction\",\"target\":{\"@type\":\"EntryPoint\",\"urlTemplate\":\"https:\/\/sexshopbajolassabanas.mx\/?s={search_term_string}\"},\"query-input\":\"required name=search_term_string\"}],\"inLanguage\":\"es\"},{\"@type\":\"Organization\",\"@id\":\"https:\/\/sexshopbajolassabanas.mx\/#organization\",\"name\":\"sexshopbajolassabanas.mx\",\"url\":\"https:\/\/sexshopbajolassabanas.mx\/\",\"logo\":{\"@type\":\"ImageObject\",\"inLanguage\":\"es\",\"@id\":\"https:\/\/sexshopbajolassabanas.mx\/#\/schema\/logo\/image\/\",\"url\":\"https:\/\/sexshopbajolassabanas.mx\/wp-content\/uploads\/2022\/08\/cropped-cropped-Sin-titulo-2_Mesa-de-trabajo-1.png\",\"contentUrl\":\"https:\/\/sexshopbajolassabanas.mx\/wp-content\/uploads\/2022\/08\/cropped-cropped-Sin-titulo-2_Mesa-de-trabajo-1.png\",\"width\":375,\"height\":375,\"caption\":\"sexshopbajolassabanas.mx\"},\"image\":{\"@id\":\"https:\/\/sexshopbajolassabanas.mx\/#\/schema\/logo\/image\/\"}}]}<\/script>\n<!-- \/ Yoast SEO plugin. -->","yoast_head_json":{"title":"Dildo vibrador Dr. Skin vibe 10 - sexshopbajolassabanas.mx","robots":{"index":"index","follow":"follow","max-snippet":"max-snippet:-1","max-image-preview":"max-image-preview:large","max-video-preview":"max-video-preview:-1"},"canonical":"https:\/\/sexshopbajolassabanas.mx\/?product=dr-skin-vibe-10","og_locale":"es_MX","og_type":"article","og_title":"Dildo vibrador Dr. Skin vibe 10 - sexshopbajolassabanas.mx","og_description":"\u00a1Pene que no has de comer , no lo hagas crecer!  Sabaneras este es un dildo vibrador con venas gira su dial\u00a0 para\u00a0 subir o bajar\u00a0 vibraci\u00f3n de varias velocidades. Su cabeza c\u00f3nica desde que entra hasta que sale\u00a0 te dar\u00e1 una caricia que no olvidaras\u00a0 y f\u00e1cilmente sirve como dildo para penetraci\u00f3n vaginal, dildo vibrador gay, imita la naturalidad de un miembro masculino, en todo su cuerpo tiene esas venas de placer que tanto nos gusta, desde el primero encuentro gritaras de placer, solo tienes que girara su dial que est\u00e1 en la parte inferior para subir o bajar las intensidades con las que quieres que vibre . Con el no tienes diferencia entre dildo y vibrador\u00a0 ya que tienes ambos en un solo juguete \u00a0puedes usarlo dentro de\u00a0 la ducha sin ning\u00fan problema.\u00a0  Ahora bien, este es un viaje salvaje, vale la pena cada segundo! \u00a1El vibrador Hard On de Blush fue hecho para sentirse y verse realista, hecho de TPE sin fragancia ni ftalato de primera calidad que es suave y seguro para el cuerpo! Este consolador de venas gruesas incre\u00edblemente suave fue dise\u00f1ado para una estimulaci\u00f3n intensa.  Presentaci\u00f3n: 21.59\u00a0 cm x 4.4cm de ancho. 19 cm insertables.\u00a0  Forma de uso: Este dildo vibrador utiliza dos pilas AA, no incluidas por lo que se deber\u00e1n colocar antes de utilizarlo. Para utilizarlo sabaneras les recomendamos primeramente coloquen un lubricante y enci\u00e9ndanlo desde su peque\u00f1o bot\u00f3n.  Quitar: Despu\u00e9s de haber llegado a tus orgasmos retirar lentamente.  Cuidados: Despu\u00e9s del uso se recomienda limpiarlo con agua y jab\u00f3n suave sin aroma o con nuestros limpiadores para juguetes. Cons\u00e9rvese cerrado en un lugar fresco no mayor a 30\u00ba. Prot\u00e9jase de la luz solar y el polvo dentro de su bolsa hipoalerg\u00e9nica.  &nbsp;","og_url":"https:\/\/sexshopbajolassabanas.mx\/?product=dr-skin-vibe-10","og_site_name":"sexshopbajolassabanas.mx","article_modified_time":"2022-10-24T19:15:03+00:00","og_image":[{"width":1080,"height":1080,"url":"http:\/\/sexshopbajolassabanas.mx\/wp-content\/uploads\/2022\/09\/consolador-realista-1.png","type":"image\/png"}],"twitter_card":"summary_large_image","twitter_misc":{"Tiempo de lectura":"2 minutos"},"schema":{"@context":"https:\/\/schema.org","@graph":[{"@type":"WebPage","@id":"https:\/\/sexshopbajolassabanas.mx\/?product=dr-skin-vibe-10","url":"https:\/\/sexshopbajolassabanas.mx\/?product=dr-skin-vibe-10","name":"Dildo vibrador Dr. Skin vibe 10 - sexshopbajolassabanas.mx","isPartOf":{"@id":"https:\/\/sexshopbajolassabanas.mx\/#website"},"datePublished":"2022-09-15T05:31:56+00:00","dateModified":"2022-10-24T19:15:03+00:00","breadcrumb":{"@id":"https:\/\/sexshopbajolassabanas.mx\/?product=dr-skin-vibe-10#breadcrumb"},"inLanguage":"es","potentialAction":[{"@type":"ReadAction","target":["https:\/\/sexshopbajolassabanas.mx\/?product=dr-skin-vibe-10"]}]},{"@type":"BreadcrumbList","@id":"https:\/\/sexshopbajolassabanas.mx\/?product=dr-skin-vibe-10#breadcrumb","itemListElement":[{"@type":"ListItem","position":1,"name":"Inicio","item":"https:\/\/sexshopbajolassabanas.mx\/"},{"@type":"ListItem","position":2,"name":"Tienda","item":"https:\/\/sexshopbajolassabanas.mx\/?page_id=38"},{"@type":"ListItem","position":3,"name":"Dildo vibrador Dr. Skin vibe 10"}]},{"@type":"WebSite","@id":"https:\/\/sexshopbajolassabanas.mx\/#website","url":"https:\/\/sexshopbajolassabanas.mx\/","name":"sexshopbajolassabanas.mx","description":"Sex Shop Bajo Las Sabanas","publisher":{"@id":"https:\/\/sexshopbajolassabanas.mx\/#organization"},"potentialAction":[{"@type":"SearchAction","target":{"@type":"EntryPoint","urlTemplate":"https:\/\/sexshopbajolassabanas.mx\/?s={search_term_string}"},"query-input":"required name=search_term_string"}],"inLanguage":"es"},{"@type":"Organization","@id":"https:\/\/sexshopbajolassabanas.mx\/#organization","name":"sexshopbajolassabanas.mx","url":"https:\/\/sexshopbajolassabanas.mx\/","logo":{"@type":"ImageObject","inLanguage":"es","@id":"https:\/\/sexshopbajolassabanas.mx\/#\/schema\/logo\/image\/","url":"https:\/\/sexshopbajolassabanas.mx\/wp-content\/uploads\/2022\/08\/cropped-cropped-Sin-titulo-2_Mesa-de-trabajo-1.png","contentUrl":"https:\/\/sexshopbajolassabanas.mx\/wp-content\/uploads\/2022\/08\/cropped-cropped-Sin-titulo-2_Mesa-de-trabajo-1.png","width":375,"height":375,"caption":"sexshopbajolassabanas.mx"},"image":{"@id":"https:\/\/sexshopbajolassabanas.mx\/#\/schema\/logo\/image\/"}}]}},"_links":{"self":[{"href":"https:\/\/sexshopbajolassabanas.mx\/index.php?rest_route=\/wp\/v2\/product\/4579","targetHints":{"allow":["GET"]}}],"collection":[{"href":"https:\/\/sexshopbajolassabanas.mx\/index.php?rest_route=\/wp\/v2\/product"}],"about":[{"href":"https:\/\/sexshopbajolassabanas.mx\/index.php?rest_route=\/wp\/v2\/types\/product"}],"replies":[{"embeddable":true,"href":"https:\/\/sexshopbajolassabanas.mx\/index.php?rest_route=%2Fwp%2Fv2%2Fcomments&post=4579"}],"version-history":[{"count":2,"href":"https:\/\/sexshopbajolassabanas.mx\/index.php?rest_route=\/wp\/v2\/product\/4579\/revisions"}],"predecessor-version":[{"id":5408,"href":"https:\/\/sexshopbajolassabanas.mx\/index.php?rest_route=\/wp\/v2\/product\/4579\/revisions\/5408"}],"wp:featuredmedia":[{"embeddable":true,"href":"https:\/\/sexshopbajolassabanas.mx\/index.php?rest_route=\/wp\/v2\/media\/5522"}],"wp:attachment":[{"href":"https:\/\/sexshopbajolassabanas.mx\/index.php?rest_route=%2Fwp%2Fv2%2Fmedia&parent=4579"}],"wp:term":[{"taxonomy":"product_cat","embeddable":true,"href":"https:\/\/sexshopbajolassabanas.mx\/index.php?rest_route=%2Fwp%2Fv2%2Fproduct_cat&post=4579"},{"taxonomy":"product_tag","embeddable":true,"href":"https:\/\/sexshopbajolassabanas.mx\/index.php?rest_route=%2Fwp%2Fv2%2Fproduct_tag&post=4579"},{"taxonomy":"giftcard-category","embeddable":true,"href":"https:\/\/sexshopbajolassabanas.mx\/index.php?rest_route=%2Fwp%2Fv2%2Fgiftcard-category&post=4579"}],"curies":[{"name":"wp","href":"https:\/\/api.w.org\/{rel}","templated":true}]}}