{"id":5157,"date":"2022-09-27T06:01:21","date_gmt":"2022-09-27T06:01:21","guid":{"rendered":"https:\/\/sexshopbajolassabanas.mx\/?post_type=product&#038;p=5157"},"modified":"2024-04-15T19:37:08","modified_gmt":"2024-04-15T19:37:08","slug":"lubricante-60-ml-comestible-base-agua","status":"publish","type":"product","link":"https:\/\/sexshopbajolassabanas.mx\/?product=lubricante-60-ml-comestible-base-agua","title":{"rendered":"Lubricante a base de agua 4 en 1"},"content":{"rendered":"<h3><span style=\"color: #800080;\"><b>\u00a1Lubricante a base de agua, prueba el cuerpo de tu pareja con lubricantes 100% comestibles!<\/b><\/span><\/h3>\n<p>\u00bfSabaner@s les gusta jugar con los sabores y el cuerpo de sus parejas? Han llegado a<a href=\"https:\/\/sexshopbajolassabanas.mx\/\"> Bajo las\u00a0 S\u00e1banas<\/a> este lubricante a base de agua\u00a0. Podr\u00e1n oler, saborear, besar en el cuerpo de su pareja, dar masaje con el , es t\u00e9rmico ( aplica en las zonas er\u00f3genas de tu pareja y sopla) d\u00e9jate llevar por el calor tan rico que hace que te excite aun mas y los orgasmos se disfruten al m\u00e1ximos, convirti\u00e9ndose en la delicia de sus encuentros sexuales. Este lubricante a base de agua da un rico sabor a tus zonas er\u00f3genas, por lo que aumentar\u00e1 el calor entre ustedes haciendo del encuentro un momento de placer.<\/p>\n<p><strong>Caracter\u00edsticas:<\/strong><\/p>\n<ul>\n<li>Lubrica<\/li>\n<li>Comestible<\/li>\n<li>T\u00e9rmico ( aplica en tus zonas cl\u00edtoris, test\u00edculos, glande, labios vaginales, sopla sentir\u00e1s el calor rico que te har\u00e1 estremecer de placer)<\/li>\n<li>Da masaje con \u00e9l.<\/li>\n<\/ul>\n<p><b>Presentaci\u00f3n: <\/b>Botella de 30 mililitros.<\/p>\n<p><b>Sabores:<\/b><\/p>\n<ul>\n<li aria-level=\"1\">Chocolate<\/li>\n<li aria-level=\"1\">Choco fresa<\/li>\n<li aria-level=\"1\">Frutas de la pasi\u00f3n<\/li>\n<\/ul>\n<p><b>Tipo de Lubricante:<\/b> Lubricante a base de agua 100% comestible.<\/p>\n<p><b>Forma de uso<\/b><b>: <\/b>Para utilizar este lubricante, aplica una peque\u00f1a cantidad de producto en el \u00e1rea vaginal, pene , cl\u00edtoris, glande y otras zonas en las que puedas lamer por los rincones de tu pareja.<\/p>\n<p>Aplica directo en labios vaginales, cl\u00edtoris, glande y test\u00edculos, sopla y sentir\u00e1s el calor excitante, mientras pasas tu lengua por ah\u00ed, estrem\u00e9cete de placer.<\/p>\n<p>Una vez logrado el efecto, puedes utilizar saborearlo para hacer un choque t\u00e9rmico, el cual encender\u00e1 sensaciones en tu pareja.<\/p>\n<p><b>Cuidados:<\/b> Cons\u00e9rvese cerrado en un lugar fresco no mayor a 30\u00ba. Prot\u00e9jase de la luz solar y el polvo con una bolsa hipoalerg\u00e9nica.<\/p>\n","protected":false},"excerpt":{"rendered":"<p><strong>Caracter\u00edsticas:<\/strong><\/p>\n<ul>\n<li>Lubrica<\/li>\n<li>Comestible<\/li>\n<li>T\u00e9rmico ( aplica en tus zonas cl\u00edtoris, test\u00edculos, glande, labios vaginales, sopla sentir\u00e1s el calor rico que te har\u00e1 estremecer de placer)<\/li>\n<li>Da masaje con \u00e9l.<\/li>\n<\/ul>\n<p><b>Presentaci\u00f3n: <\/b>Botella de 30 mililitros.<\/p>\n<p><b>Sabores:<\/b><\/p>\n<ul>\n<li aria-level=\"1\">Chocolate<\/li>\n<li aria-level=\"1\">Choco fresa<\/li>\n<li aria-level=\"1\">Frutas de la pasi\u00f3n<\/li>\n<\/ul>\n","protected":false},"featured_media":8021,"comment_status":"open","ping_status":"closed","template":"","meta":{"om_disable_all_campaigns":false,"site-sidebar-layout":"default","site-content-layout":"default","ast-site-content-layout":"","site-content-style":"default","site-sidebar-style":"default","ast-global-header-display":"","ast-banner-title-visibility":"","ast-main-header-display":"","ast-hfb-above-header-display":"disabled","ast-hfb-below-header-display":"","ast-hfb-mobile-header-display":"","site-post-title":"","ast-breadcrumbs-content":"","ast-featured-img":"","footer-sml-layout":"","theme-transparent-header-meta":"default","adv-header-id-meta":"","stick-header-meta":"","header-above-stick-meta":"","header-main-stick-meta":"","header-below-stick-meta":"","astra-migrate-meta-layouts":"default","ast-page-background-enabled":"default","ast-page-background-meta":{"desktop":{"background-color":"","background-image":"","background-repeat":"repeat","background-position":"center center","background-size":"auto","background-attachment":"scroll","background-type":"","background-media":"","overlay-type":"","overlay-color":"","overlay-opacity":"","overlay-gradient":""},"tablet":{"background-color":"","background-image":"","background-repeat":"repeat","background-position":"center center","background-size":"auto","background-attachment":"scroll","background-type":"","background-media":"","overlay-type":"","overlay-color":"","overlay-opacity":"","overlay-gradient":""},"mobile":{"background-color":"","background-image":"","background-repeat":"repeat","background-position":"center center","background-size":"auto","background-attachment":"scroll","background-type":"","background-media":"","overlay-type":"","overlay-color":"","overlay-opacity":"","overlay-gradient":""}},"ast-content-background-meta":{"desktop":{"background-color":"var(--ast-global-color-5)","background-image":"","background-repeat":"repeat","background-position":"center center","background-size":"auto","background-attachment":"scroll","background-type":"","background-media":"","overlay-type":"","overlay-color":"","overlay-opacity":"","overlay-gradient":""},"tablet":{"background-color":"var(--ast-global-color-5)","background-image":"","background-repeat":"repeat","background-position":"center center","background-size":"auto","background-attachment":"scroll","background-type":"","background-media":"","overlay-type":"","overlay-color":"","overlay-opacity":"","overlay-gradient":""},"mobile":{"background-color":"var(--ast-global-color-5)","background-image":"","background-repeat":"repeat","background-position":"center center","background-size":"auto","background-attachment":"scroll","background-type":"","background-media":"","overlay-type":"","overlay-color":"","overlay-opacity":"","overlay-gradient":""}},"_joinchat":[]},"product_cat":[114,78,74,161],"product_tag":[],"giftcard-category":[],"class_list":{"0":"post-5157","1":"product","2":"type-product","3":"status-publish","4":"has-post-thumbnail","6":"product_cat-comestibles","7":"product_cat-escenciales","8":"product_cat-lubricantes","9":"product_cat-lubricantes-vaginales","10":"desktop-align-left","11":"tablet-align-left","12":"mobile-align-left","14":"first","15":"instock","16":"taxable","17":"shipping-taxable","18":"purchasable","19":"product-type-variable"},"yoast_head":"<!-- This site is optimized with the Yoast SEO plugin v20.5 - https:\/\/yoast.com\/wordpress\/plugins\/seo\/ -->\n<title>Lubricante a base de agua 4 en 1 - sexshopbajolassabanas.mx<\/title>\n<meta name=\"description\" content=\"Lubricante a base de agua, lubricante sexual intimo para mujer hombres, parejas, lubrica tu vagina, lubrica tu pene, das masaje\" \/>\n<meta name=\"robots\" content=\"index, follow, max-snippet:-1, max-image-preview:large, max-video-preview:-1\" \/>\n<link rel=\"canonical\" href=\"https:\/\/sexshopbajolassabanas.mx\/?product=lubricante-60-ml-comestible-base-agua\" \/>\n<meta property=\"og:locale\" content=\"es_MX\" \/>\n<meta property=\"og:type\" content=\"article\" \/>\n<meta property=\"og:title\" content=\"Lubricante a base de agua 4 en 1 - sexshopbajolassabanas.mx\" \/>\n<meta property=\"og:description\" content=\"Lubricante a base de agua, lubricante sexual intimo para mujer hombres, parejas, lubrica tu vagina, lubrica tu pene, das masaje\" \/>\n<meta property=\"og:url\" content=\"https:\/\/sexshopbajolassabanas.mx\/?product=lubricante-60-ml-comestible-base-agua\" \/>\n<meta property=\"og:site_name\" content=\"sexshopbajolassabanas.mx\" \/>\n<meta property=\"article:modified_time\" content=\"2024-04-15T19:37:08+00:00\" \/>\n<meta property=\"og:image\" content=\"http:\/\/sexshopbajolassabanas.mx\/wp-content\/uploads\/2022\/09\/6-2.png\" \/>\n\t<meta property=\"og:image:width\" content=\"1000\" \/>\n\t<meta property=\"og:image:height\" content=\"1000\" \/>\n\t<meta property=\"og:image:type\" content=\"image\/png\" \/>\n<meta name=\"twitter:card\" content=\"summary_large_image\" \/>\n<meta name=\"twitter:label1\" content=\"Tiempo de lectura\" \/>\n\t<meta name=\"twitter:data1\" content=\"2 minutos\" \/>\n<script type=\"application\/ld+json\" class=\"yoast-schema-graph\">{\"@context\":\"https:\/\/schema.org\",\"@graph\":[{\"@type\":\"WebPage\",\"@id\":\"https:\/\/sexshopbajolassabanas.mx\/?product=lubricante-60-ml-comestible-base-agua\",\"url\":\"https:\/\/sexshopbajolassabanas.mx\/?product=lubricante-60-ml-comestible-base-agua\",\"name\":\"Lubricante a base de agua 4 en 1 - sexshopbajolassabanas.mx\",\"isPartOf\":{\"@id\":\"https:\/\/sexshopbajolassabanas.mx\/#website\"},\"datePublished\":\"2022-09-27T06:01:21+00:00\",\"dateModified\":\"2024-04-15T19:37:08+00:00\",\"description\":\"Lubricante a base de agua, lubricante sexual intimo para mujer hombres, parejas, lubrica tu vagina, lubrica tu pene, das masaje\",\"breadcrumb\":{\"@id\":\"https:\/\/sexshopbajolassabanas.mx\/?product=lubricante-60-ml-comestible-base-agua#breadcrumb\"},\"inLanguage\":\"es\",\"potentialAction\":[{\"@type\":\"ReadAction\",\"target\":[\"https:\/\/sexshopbajolassabanas.mx\/?product=lubricante-60-ml-comestible-base-agua\"]}]},{\"@type\":\"BreadcrumbList\",\"@id\":\"https:\/\/sexshopbajolassabanas.mx\/?product=lubricante-60-ml-comestible-base-agua#breadcrumb\",\"itemListElement\":[{\"@type\":\"ListItem\",\"position\":1,\"name\":\"Inicio\",\"item\":\"https:\/\/sexshopbajolassabanas.mx\/\"},{\"@type\":\"ListItem\",\"position\":2,\"name\":\"Tienda\",\"item\":\"https:\/\/sexshopbajolassabanas.mx\/?page_id=38\"},{\"@type\":\"ListItem\",\"position\":3,\"name\":\"Lubricante a base de agua 4 en 1\"}]},{\"@type\":\"WebSite\",\"@id\":\"https:\/\/sexshopbajolassabanas.mx\/#website\",\"url\":\"https:\/\/sexshopbajolassabanas.mx\/\",\"name\":\"sexshopbajolassabanas.mx\",\"description\":\"Sex Shop Bajo Las Sabanas\",\"publisher\":{\"@id\":\"https:\/\/sexshopbajolassabanas.mx\/#organization\"},\"potentialAction\":[{\"@type\":\"SearchAction\",\"target\":{\"@type\":\"EntryPoint\",\"urlTemplate\":\"https:\/\/sexshopbajolassabanas.mx\/?s={search_term_string}\"},\"query-input\":\"required name=search_term_string\"}],\"inLanguage\":\"es\"},{\"@type\":\"Organization\",\"@id\":\"https:\/\/sexshopbajolassabanas.mx\/#organization\",\"name\":\"sexshopbajolassabanas.mx\",\"url\":\"https:\/\/sexshopbajolassabanas.mx\/\",\"logo\":{\"@type\":\"ImageObject\",\"inLanguage\":\"es\",\"@id\":\"https:\/\/sexshopbajolassabanas.mx\/#\/schema\/logo\/image\/\",\"url\":\"https:\/\/sexshopbajolassabanas.mx\/wp-content\/uploads\/2022\/08\/cropped-cropped-Sin-titulo-2_Mesa-de-trabajo-1.png\",\"contentUrl\":\"https:\/\/sexshopbajolassabanas.mx\/wp-content\/uploads\/2022\/08\/cropped-cropped-Sin-titulo-2_Mesa-de-trabajo-1.png\",\"width\":375,\"height\":375,\"caption\":\"sexshopbajolassabanas.mx\"},\"image\":{\"@id\":\"https:\/\/sexshopbajolassabanas.mx\/#\/schema\/logo\/image\/\"}}]}<\/script>\n<!-- \/ Yoast SEO plugin. -->","yoast_head_json":{"title":"Lubricante a base de agua 4 en 1 - sexshopbajolassabanas.mx","description":"Lubricante a base de agua, lubricante sexual intimo para mujer hombres, parejas, lubrica tu vagina, lubrica tu pene, das masaje","robots":{"index":"index","follow":"follow","max-snippet":"max-snippet:-1","max-image-preview":"max-image-preview:large","max-video-preview":"max-video-preview:-1"},"canonical":"https:\/\/sexshopbajolassabanas.mx\/?product=lubricante-60-ml-comestible-base-agua","og_locale":"es_MX","og_type":"article","og_title":"Lubricante a base de agua 4 en 1 - sexshopbajolassabanas.mx","og_description":"Lubricante a base de agua, lubricante sexual intimo para mujer hombres, parejas, lubrica tu vagina, lubrica tu pene, das masaje","og_url":"https:\/\/sexshopbajolassabanas.mx\/?product=lubricante-60-ml-comestible-base-agua","og_site_name":"sexshopbajolassabanas.mx","article_modified_time":"2024-04-15T19:37:08+00:00","og_image":[{"width":1000,"height":1000,"url":"http:\/\/sexshopbajolassabanas.mx\/wp-content\/uploads\/2022\/09\/6-2.png","type":"image\/png"}],"twitter_card":"summary_large_image","twitter_misc":{"Tiempo de lectura":"2 minutos"},"schema":{"@context":"https:\/\/schema.org","@graph":[{"@type":"WebPage","@id":"https:\/\/sexshopbajolassabanas.mx\/?product=lubricante-60-ml-comestible-base-agua","url":"https:\/\/sexshopbajolassabanas.mx\/?product=lubricante-60-ml-comestible-base-agua","name":"Lubricante a base de agua 4 en 1 - sexshopbajolassabanas.mx","isPartOf":{"@id":"https:\/\/sexshopbajolassabanas.mx\/#website"},"datePublished":"2022-09-27T06:01:21+00:00","dateModified":"2024-04-15T19:37:08+00:00","description":"Lubricante a base de agua, lubricante sexual intimo para mujer hombres, parejas, lubrica tu vagina, lubrica tu pene, das masaje","breadcrumb":{"@id":"https:\/\/sexshopbajolassabanas.mx\/?product=lubricante-60-ml-comestible-base-agua#breadcrumb"},"inLanguage":"es","potentialAction":[{"@type":"ReadAction","target":["https:\/\/sexshopbajolassabanas.mx\/?product=lubricante-60-ml-comestible-base-agua"]}]},{"@type":"BreadcrumbList","@id":"https:\/\/sexshopbajolassabanas.mx\/?product=lubricante-60-ml-comestible-base-agua#breadcrumb","itemListElement":[{"@type":"ListItem","position":1,"name":"Inicio","item":"https:\/\/sexshopbajolassabanas.mx\/"},{"@type":"ListItem","position":2,"name":"Tienda","item":"https:\/\/sexshopbajolassabanas.mx\/?page_id=38"},{"@type":"ListItem","position":3,"name":"Lubricante a base de agua 4 en 1"}]},{"@type":"WebSite","@id":"https:\/\/sexshopbajolassabanas.mx\/#website","url":"https:\/\/sexshopbajolassabanas.mx\/","name":"sexshopbajolassabanas.mx","description":"Sex Shop Bajo Las Sabanas","publisher":{"@id":"https:\/\/sexshopbajolassabanas.mx\/#organization"},"potentialAction":[{"@type":"SearchAction","target":{"@type":"EntryPoint","urlTemplate":"https:\/\/sexshopbajolassabanas.mx\/?s={search_term_string}"},"query-input":"required name=search_term_string"}],"inLanguage":"es"},{"@type":"Organization","@id":"https:\/\/sexshopbajolassabanas.mx\/#organization","name":"sexshopbajolassabanas.mx","url":"https:\/\/sexshopbajolassabanas.mx\/","logo":{"@type":"ImageObject","inLanguage":"es","@id":"https:\/\/sexshopbajolassabanas.mx\/#\/schema\/logo\/image\/","url":"https:\/\/sexshopbajolassabanas.mx\/wp-content\/uploads\/2022\/08\/cropped-cropped-Sin-titulo-2_Mesa-de-trabajo-1.png","contentUrl":"https:\/\/sexshopbajolassabanas.mx\/wp-content\/uploads\/2022\/08\/cropped-cropped-Sin-titulo-2_Mesa-de-trabajo-1.png","width":375,"height":375,"caption":"sexshopbajolassabanas.mx"},"image":{"@id":"https:\/\/sexshopbajolassabanas.mx\/#\/schema\/logo\/image\/"}}]}},"_links":{"self":[{"href":"https:\/\/sexshopbajolassabanas.mx\/index.php?rest_route=\/wp\/v2\/product\/5157","targetHints":{"allow":["GET"]}}],"collection":[{"href":"https:\/\/sexshopbajolassabanas.mx\/index.php?rest_route=\/wp\/v2\/product"}],"about":[{"href":"https:\/\/sexshopbajolassabanas.mx\/index.php?rest_route=\/wp\/v2\/types\/product"}],"replies":[{"embeddable":true,"href":"https:\/\/sexshopbajolassabanas.mx\/index.php?rest_route=%2Fwp%2Fv2%2Fcomments&post=5157"}],"version-history":[{"count":4,"href":"https:\/\/sexshopbajolassabanas.mx\/index.php?rest_route=\/wp\/v2\/product\/5157\/revisions"}],"predecessor-version":[{"id":8033,"href":"https:\/\/sexshopbajolassabanas.mx\/index.php?rest_route=\/wp\/v2\/product\/5157\/revisions\/8033"}],"wp:featuredmedia":[{"embeddable":true,"href":"https:\/\/sexshopbajolassabanas.mx\/index.php?rest_route=\/wp\/v2\/media\/8021"}],"wp:attachment":[{"href":"https:\/\/sexshopbajolassabanas.mx\/index.php?rest_route=%2Fwp%2Fv2%2Fmedia&parent=5157"}],"wp:term":[{"taxonomy":"product_cat","embeddable":true,"href":"https:\/\/sexshopbajolassabanas.mx\/index.php?rest_route=%2Fwp%2Fv2%2Fproduct_cat&post=5157"},{"taxonomy":"product_tag","embeddable":true,"href":"https:\/\/sexshopbajolassabanas.mx\/index.php?rest_route=%2Fwp%2Fv2%2Fproduct_tag&post=5157"},{"taxonomy":"giftcard-category","embeddable":true,"href":"https:\/\/sexshopbajolassabanas.mx\/index.php?rest_route=%2Fwp%2Fv2%2Fgiftcard-category&post=5157"}],"curies":[{"name":"wp","href":"https:\/\/api.w.org\/{rel}","templated":true}]}}