{"id":5228,"date":"2022-09-28T06:49:21","date_gmt":"2022-09-28T06:49:21","guid":{"rendered":"https:\/\/sexshopbajolassabanas.mx\/?post_type=product&#038;p=5228"},"modified":"2025-06-03T21:19:47","modified_gmt":"2025-06-03T21:19:47","slug":"kit-intimo-sensual-5-sobres-diversos-de-5-ml","status":"publish","type":"product","link":"https:\/\/sexshopbajolassabanas.mx\/?product=kit-intimo-sensual-5-sobres-diversos-de-5-ml","title":{"rendered":"Lubricantes \u00edntimos &#8211; kit"},"content":{"rendered":"<h3><span style=\"color: #993366;\"><strong>\u00a1Lubricantes \u00edntimos kit para \u00e9l y ella!<\/strong><\/span><\/h3>\n<p>Sabanerooooos, si lo que quieres es tener todo en uno , experimentar, probar, este <a href=\"https:\/\/sexshopbajolassabanas.mx\/?product_cat=kits\">kit<\/a> es para ti , sum\u00e9rgete en el placer que cada botella trae para ti, disfruta dandole rienda suelta ll\u00e9vatelos de viaje por su practicidad para transportarlos.<\/p>\n<p><span style=\"color: #800080;\"><strong>Kit lubricantes \u00edntimos incluye\u00a0<\/strong><\/span><\/p>\n<p>1 .- Lubricante natural premium vaginal 10 ml<\/p>\n<p>2.- Lubricante anal duradero 10 ml<\/p>\n<p>3.- Orgasme gel d\u00e9sensibilizante para cl\u00edtoris y glande 10 ml<\/p>\n<p>Productos especiales para la salud y bienestar sexual personal y en pareja, no manchan, no te dejan sensaci\u00f3n grasosa.<\/p>\n<p><strong>Presentaci\u00f3n.<\/strong>\u00a0Frasco de 10 ml<\/p>\n<p><strong>Forma de uso.<\/strong>\u00a01.- Lubricante natural premium, aplica en la zona de tu vagina, pene para conseguir una penetraci\u00f3n muy satisfactorias , tambi\u00e9n puedes usarlo con tus \u00a0juguetes, ya que al ser base aun es compatible.<\/p>\n<p>2.- Lubricante anal, aplica en el ano, alrededor del, dentro de el, en tu miembro o juguete seg\u00fan con lo que vayas a penetrar.<\/p>\n<p>3.- Orgasme gel d\u00e9sensibilizante para cl\u00edtoris y glande, aplica directo en tu cl\u00edtoris suavemente y da un ligero masaje, en tu glande aplica alrededor de el y espera sus efectos en al menos 15 minutos, sentir\u00e1s una sensaci\u00f3n calientita.<\/p>\n<p><strong>Cuidados.<\/strong> Abre el sobre desde una esquina y d\u00e9jalo en una posici\u00f3n vertical , y d\u00e9jalo en un lugar fresco.<\/p>\n<p>&nbsp;<\/p>\n","protected":false},"excerpt":{"rendered":"<p><span style=\"color: #800080;\"><strong>Kit lubricantes \u00edntimos incluye\u00a0<\/strong><\/span><\/p>\n<p>1 .- Lubricante natural premium vaginal 10 ml<\/p>\n<p>2.- Lubricante anal duradero 10 ml<\/p>\n<p>3.- Orgasme gel d\u00e9sensibilizante para cl\u00edtoris y glande 10 ml<\/p>\n","protected":false},"featured_media":8001,"comment_status":"open","ping_status":"closed","template":"","meta":{"om_disable_all_campaigns":false,"site-sidebar-layout":"default","site-content-layout":"default","ast-site-content-layout":"","site-content-style":"default","site-sidebar-style":"default","ast-global-header-display":"","ast-banner-title-visibility":"","ast-main-header-display":"","ast-hfb-above-header-display":"disabled","ast-hfb-below-header-display":"","ast-hfb-mobile-header-display":"","site-post-title":"","ast-breadcrumbs-content":"","ast-featured-img":"","footer-sml-layout":"","theme-transparent-header-meta":"default","adv-header-id-meta":"","stick-header-meta":"","header-above-stick-meta":"","header-main-stick-meta":"","header-below-stick-meta":"","astra-migrate-meta-layouts":"default","ast-page-background-enabled":"default","ast-page-background-meta":{"desktop":{"background-color":"","background-image":"","background-repeat":"repeat","background-position":"center center","background-size":"auto","background-attachment":"scroll","background-type":"","background-media":"","overlay-type":"","overlay-color":"","overlay-opacity":"","overlay-gradient":""},"tablet":{"background-color":"","background-image":"","background-repeat":"repeat","background-position":"center center","background-size":"auto","background-attachment":"scroll","background-type":"","background-media":"","overlay-type":"","overlay-color":"","overlay-opacity":"","overlay-gradient":""},"mobile":{"background-color":"","background-image":"","background-repeat":"repeat","background-position":"center center","background-size":"auto","background-attachment":"scroll","background-type":"","background-media":"","overlay-type":"","overlay-color":"","overlay-opacity":"","overlay-gradient":""}},"ast-content-background-meta":{"desktop":{"background-color":"var(--ast-global-color-5)","background-image":"","background-repeat":"repeat","background-position":"center center","background-size":"auto","background-attachment":"scroll","background-type":"","background-media":"","overlay-type":"","overlay-color":"","overlay-opacity":"","overlay-gradient":""},"tablet":{"background-color":"var(--ast-global-color-5)","background-image":"","background-repeat":"repeat","background-position":"center center","background-size":"auto","background-attachment":"scroll","background-type":"","background-media":"","overlay-type":"","overlay-color":"","overlay-opacity":"","overlay-gradient":""},"mobile":{"background-color":"var(--ast-global-color-5)","background-image":"","background-repeat":"repeat","background-position":"center center","background-size":"auto","background-attachment":"scroll","background-type":"","background-media":"","overlay-type":"","overlay-color":"","overlay-opacity":"","overlay-gradient":""}},"_joinchat":{"message_send":"Hola estoy buscando..."}},"product_cat":[78,103,74,160,161,65,228],"product_tag":[],"giftcard-category":[],"class_list":{"0":"post-5228","1":"product","2":"type-product","3":"status-publish","4":"has-post-thumbnail","6":"product_cat-escenciales","7":"product_cat-kits","8":"product_cat-lubricantes","9":"product_cat-lubricantes-anales","10":"product_cat-lubricantes-vaginales","11":"product_cat-rendimiento-sexual","12":"product_cat-rendimiento-sexual-ella","13":"desktop-align-left","14":"tablet-align-left","15":"mobile-align-left","17":"first","18":"instock","19":"featured","20":"taxable","21":"shipping-taxable","22":"purchasable","23":"product-type-simple"},"yoast_head":"<!-- This site is optimized with the Yoast SEO plugin v20.5 - https:\/\/yoast.com\/wordpress\/plugins\/seo\/ -->\n<title>Lubricantes \u00edntimos - kit - sexshopbajolassabanas.mx<\/title>\n<meta name=\"description\" content=\"lubricantes \u00edntimos, lubricante vaginal y pene, lubricante anal, sensibilizador de cl\u00edtoris, rendimiento sexual hombres y mujeres\" \/>\n<meta name=\"robots\" content=\"index, follow, max-snippet:-1, max-image-preview:large, max-video-preview:-1\" \/>\n<link rel=\"canonical\" href=\"https:\/\/sexshopbajolassabanas.mx\/?product=kit-intimo-sensual-5-sobres-diversos-de-5-ml\" \/>\n<meta property=\"og:locale\" content=\"es_MX\" \/>\n<meta property=\"og:type\" content=\"article\" \/>\n<meta property=\"og:title\" content=\"Lubricantes \u00edntimos - kit - sexshopbajolassabanas.mx\" \/>\n<meta property=\"og:description\" content=\"lubricantes \u00edntimos, lubricante vaginal y pene, lubricante anal, sensibilizador de cl\u00edtoris, rendimiento sexual hombres y mujeres\" \/>\n<meta property=\"og:url\" content=\"https:\/\/sexshopbajolassabanas.mx\/?product=kit-intimo-sensual-5-sobres-diversos-de-5-ml\" \/>\n<meta property=\"og:site_name\" content=\"sexshopbajolassabanas.mx\" \/>\n<meta property=\"article:modified_time\" content=\"2025-06-03T21:19:47+00:00\" \/>\n<meta property=\"og:image\" content=\"http:\/\/sexshopbajolassabanas.mx\/wp-content\/uploads\/2023\/01\/8.png\" \/>\n\t<meta property=\"og:image:width\" content=\"1000\" \/>\n\t<meta property=\"og:image:height\" content=\"1000\" \/>\n\t<meta property=\"og:image:type\" content=\"image\/png\" \/>\n<meta name=\"twitter:card\" content=\"summary_large_image\" \/>\n<meta name=\"twitter:label1\" content=\"Tiempo de lectura\" \/>\n\t<meta name=\"twitter:data1\" content=\"1 minuto\" \/>\n<script type=\"application\/ld+json\" class=\"yoast-schema-graph\">{\"@context\":\"https:\/\/schema.org\",\"@graph\":[{\"@type\":\"WebPage\",\"@id\":\"https:\/\/sexshopbajolassabanas.mx\/?product=kit-intimo-sensual-5-sobres-diversos-de-5-ml\",\"url\":\"https:\/\/sexshopbajolassabanas.mx\/?product=kit-intimo-sensual-5-sobres-diversos-de-5-ml\",\"name\":\"Lubricantes \u00edntimos - kit - sexshopbajolassabanas.mx\",\"isPartOf\":{\"@id\":\"https:\/\/sexshopbajolassabanas.mx\/#website\"},\"datePublished\":\"2022-09-28T06:49:21+00:00\",\"dateModified\":\"2025-06-03T21:19:47+00:00\",\"description\":\"lubricantes \u00edntimos, lubricante vaginal y pene, lubricante anal, sensibilizador de cl\u00edtoris, rendimiento sexual hombres y mujeres\",\"breadcrumb\":{\"@id\":\"https:\/\/sexshopbajolassabanas.mx\/?product=kit-intimo-sensual-5-sobres-diversos-de-5-ml#breadcrumb\"},\"inLanguage\":\"es\",\"potentialAction\":[{\"@type\":\"ReadAction\",\"target\":[\"https:\/\/sexshopbajolassabanas.mx\/?product=kit-intimo-sensual-5-sobres-diversos-de-5-ml\"]}]},{\"@type\":\"BreadcrumbList\",\"@id\":\"https:\/\/sexshopbajolassabanas.mx\/?product=kit-intimo-sensual-5-sobres-diversos-de-5-ml#breadcrumb\",\"itemListElement\":[{\"@type\":\"ListItem\",\"position\":1,\"name\":\"Inicio\",\"item\":\"https:\/\/sexshopbajolassabanas.mx\/\"},{\"@type\":\"ListItem\",\"position\":2,\"name\":\"Tienda\",\"item\":\"https:\/\/sexshopbajolassabanas.mx\/?page_id=38\"},{\"@type\":\"ListItem\",\"position\":3,\"name\":\"Lubricantes \u00edntimos &#8211; kit\"}]},{\"@type\":\"WebSite\",\"@id\":\"https:\/\/sexshopbajolassabanas.mx\/#website\",\"url\":\"https:\/\/sexshopbajolassabanas.mx\/\",\"name\":\"sexshopbajolassabanas.mx\",\"description\":\"Sex Shop Bajo Las Sabanas\",\"publisher\":{\"@id\":\"https:\/\/sexshopbajolassabanas.mx\/#organization\"},\"potentialAction\":[{\"@type\":\"SearchAction\",\"target\":{\"@type\":\"EntryPoint\",\"urlTemplate\":\"https:\/\/sexshopbajolassabanas.mx\/?s={search_term_string}\"},\"query-input\":\"required name=search_term_string\"}],\"inLanguage\":\"es\"},{\"@type\":\"Organization\",\"@id\":\"https:\/\/sexshopbajolassabanas.mx\/#organization\",\"name\":\"sexshopbajolassabanas.mx\",\"url\":\"https:\/\/sexshopbajolassabanas.mx\/\",\"logo\":{\"@type\":\"ImageObject\",\"inLanguage\":\"es\",\"@id\":\"https:\/\/sexshopbajolassabanas.mx\/#\/schema\/logo\/image\/\",\"url\":\"https:\/\/sexshopbajolassabanas.mx\/wp-content\/uploads\/2022\/08\/cropped-cropped-Sin-titulo-2_Mesa-de-trabajo-1.png\",\"contentUrl\":\"https:\/\/sexshopbajolassabanas.mx\/wp-content\/uploads\/2022\/08\/cropped-cropped-Sin-titulo-2_Mesa-de-trabajo-1.png\",\"width\":375,\"height\":375,\"caption\":\"sexshopbajolassabanas.mx\"},\"image\":{\"@id\":\"https:\/\/sexshopbajolassabanas.mx\/#\/schema\/logo\/image\/\"}}]}<\/script>\n<!-- \/ Yoast SEO plugin. -->","yoast_head_json":{"title":"Lubricantes \u00edntimos - kit - sexshopbajolassabanas.mx","description":"lubricantes \u00edntimos, lubricante vaginal y pene, lubricante anal, sensibilizador de cl\u00edtoris, rendimiento sexual hombres y mujeres","robots":{"index":"index","follow":"follow","max-snippet":"max-snippet:-1","max-image-preview":"max-image-preview:large","max-video-preview":"max-video-preview:-1"},"canonical":"https:\/\/sexshopbajolassabanas.mx\/?product=kit-intimo-sensual-5-sobres-diversos-de-5-ml","og_locale":"es_MX","og_type":"article","og_title":"Lubricantes \u00edntimos - kit - sexshopbajolassabanas.mx","og_description":"lubricantes \u00edntimos, lubricante vaginal y pene, lubricante anal, sensibilizador de cl\u00edtoris, rendimiento sexual hombres y mujeres","og_url":"https:\/\/sexshopbajolassabanas.mx\/?product=kit-intimo-sensual-5-sobres-diversos-de-5-ml","og_site_name":"sexshopbajolassabanas.mx","article_modified_time":"2025-06-03T21:19:47+00:00","og_image":[{"width":1000,"height":1000,"url":"http:\/\/sexshopbajolassabanas.mx\/wp-content\/uploads\/2023\/01\/8.png","type":"image\/png"}],"twitter_card":"summary_large_image","twitter_misc":{"Tiempo de lectura":"1 minuto"},"schema":{"@context":"https:\/\/schema.org","@graph":[{"@type":"WebPage","@id":"https:\/\/sexshopbajolassabanas.mx\/?product=kit-intimo-sensual-5-sobres-diversos-de-5-ml","url":"https:\/\/sexshopbajolassabanas.mx\/?product=kit-intimo-sensual-5-sobres-diversos-de-5-ml","name":"Lubricantes \u00edntimos - kit - sexshopbajolassabanas.mx","isPartOf":{"@id":"https:\/\/sexshopbajolassabanas.mx\/#website"},"datePublished":"2022-09-28T06:49:21+00:00","dateModified":"2025-06-03T21:19:47+00:00","description":"lubricantes \u00edntimos, lubricante vaginal y pene, lubricante anal, sensibilizador de cl\u00edtoris, rendimiento sexual hombres y mujeres","breadcrumb":{"@id":"https:\/\/sexshopbajolassabanas.mx\/?product=kit-intimo-sensual-5-sobres-diversos-de-5-ml#breadcrumb"},"inLanguage":"es","potentialAction":[{"@type":"ReadAction","target":["https:\/\/sexshopbajolassabanas.mx\/?product=kit-intimo-sensual-5-sobres-diversos-de-5-ml"]}]},{"@type":"BreadcrumbList","@id":"https:\/\/sexshopbajolassabanas.mx\/?product=kit-intimo-sensual-5-sobres-diversos-de-5-ml#breadcrumb","itemListElement":[{"@type":"ListItem","position":1,"name":"Inicio","item":"https:\/\/sexshopbajolassabanas.mx\/"},{"@type":"ListItem","position":2,"name":"Tienda","item":"https:\/\/sexshopbajolassabanas.mx\/?page_id=38"},{"@type":"ListItem","position":3,"name":"Lubricantes \u00edntimos &#8211; kit"}]},{"@type":"WebSite","@id":"https:\/\/sexshopbajolassabanas.mx\/#website","url":"https:\/\/sexshopbajolassabanas.mx\/","name":"sexshopbajolassabanas.mx","description":"Sex Shop Bajo Las Sabanas","publisher":{"@id":"https:\/\/sexshopbajolassabanas.mx\/#organization"},"potentialAction":[{"@type":"SearchAction","target":{"@type":"EntryPoint","urlTemplate":"https:\/\/sexshopbajolassabanas.mx\/?s={search_term_string}"},"query-input":"required name=search_term_string"}],"inLanguage":"es"},{"@type":"Organization","@id":"https:\/\/sexshopbajolassabanas.mx\/#organization","name":"sexshopbajolassabanas.mx","url":"https:\/\/sexshopbajolassabanas.mx\/","logo":{"@type":"ImageObject","inLanguage":"es","@id":"https:\/\/sexshopbajolassabanas.mx\/#\/schema\/logo\/image\/","url":"https:\/\/sexshopbajolassabanas.mx\/wp-content\/uploads\/2022\/08\/cropped-cropped-Sin-titulo-2_Mesa-de-trabajo-1.png","contentUrl":"https:\/\/sexshopbajolassabanas.mx\/wp-content\/uploads\/2022\/08\/cropped-cropped-Sin-titulo-2_Mesa-de-trabajo-1.png","width":375,"height":375,"caption":"sexshopbajolassabanas.mx"},"image":{"@id":"https:\/\/sexshopbajolassabanas.mx\/#\/schema\/logo\/image\/"}}]}},"_links":{"self":[{"href":"https:\/\/sexshopbajolassabanas.mx\/index.php?rest_route=\/wp\/v2\/product\/5228","targetHints":{"allow":["GET"]}}],"collection":[{"href":"https:\/\/sexshopbajolassabanas.mx\/index.php?rest_route=\/wp\/v2\/product"}],"about":[{"href":"https:\/\/sexshopbajolassabanas.mx\/index.php?rest_route=\/wp\/v2\/types\/product"}],"replies":[{"embeddable":true,"href":"https:\/\/sexshopbajolassabanas.mx\/index.php?rest_route=%2Fwp%2Fv2%2Fcomments&post=5228"}],"version-history":[{"count":4,"href":"https:\/\/sexshopbajolassabanas.mx\/index.php?rest_route=\/wp\/v2\/product\/5228\/revisions"}],"predecessor-version":[{"id":8013,"href":"https:\/\/sexshopbajolassabanas.mx\/index.php?rest_route=\/wp\/v2\/product\/5228\/revisions\/8013"}],"wp:featuredmedia":[{"embeddable":true,"href":"https:\/\/sexshopbajolassabanas.mx\/index.php?rest_route=\/wp\/v2\/media\/8001"}],"wp:attachment":[{"href":"https:\/\/sexshopbajolassabanas.mx\/index.php?rest_route=%2Fwp%2Fv2%2Fmedia&parent=5228"}],"wp:term":[{"taxonomy":"product_cat","embeddable":true,"href":"https:\/\/sexshopbajolassabanas.mx\/index.php?rest_route=%2Fwp%2Fv2%2Fproduct_cat&post=5228"},{"taxonomy":"product_tag","embeddable":true,"href":"https:\/\/sexshopbajolassabanas.mx\/index.php?rest_route=%2Fwp%2Fv2%2Fproduct_tag&post=5228"},{"taxonomy":"giftcard-category","embeddable":true,"href":"https:\/\/sexshopbajolassabanas.mx\/index.php?rest_route=%2Fwp%2Fv2%2Fgiftcard-category&post=5228"}],"curies":[{"name":"wp","href":"https:\/\/api.w.org\/{rel}","templated":true}]}}