{"id":5374,"date":"2022-10-11T20:22:00","date_gmt":"2022-10-11T20:22:00","guid":{"rendered":"https:\/\/sexshopbajolassabanas.mx\/?post_type=product&#038;p=5374"},"modified":"2024-04-15T19:23:17","modified_gmt":"2024-04-15T19:23:17","slug":"aceite-para-masaje-erotico-kamasutra-59ml","status":"publish","type":"product","link":"https:\/\/sexshopbajolassabanas.mx\/?product=aceite-para-masaje-erotico-kamasutra-59ml","title":{"rendered":"Aceite para masaje Kamasutra"},"content":{"rendered":"<h3><span style=\"color: #333399;\"><b>\u00a1La puerta a la seducci\u00f3n siempre es con un buen Aceite para masaje !<\/b><\/span><\/h3>\n<p><span style=\"font-weight: 400;\">D\u00e9jate seducir por este aceite para masaje\u00a0<\/span><span style=\"font-weight: 400;\">de <\/span><a href=\"https:\/\/sexshopbajolassabanas.mx\"><span style=\"font-weight: 400;\">Bajo las\u00a0 S\u00e1banas<\/span><\/a><span style=\"font-weight: 400;\">, es un juguete imprescindible para los encuentros apasionados con tu pareja. Estos aceites para masaje er\u00f3tico son aroma &#8211; terap\u00e9uticos por lo que puedes \u00a0cerrar tus ojos y dejarte llevar por una relajaci\u00f3n profunda sin remordimiento, al contrario, saborea todo el cuerpo de tu pareja , deslizate sensualmente una y otra vez , toca las zonas sensibles e \u00edntimas de tu pareja. Sentir\u00e1s una sensaci\u00f3n placentera y muy excitante. \u00a1Excelente para dar un masaje!\u00a0<\/span><\/p>\n<p><span class=\"Y2IQFc\" lang=\"es\">Tama\u00f1o de viaje, as\u00ed que no tienes pretexto para llevarlo a todas partes, elaborado con aceites esenciales para promover una relajaci\u00f3n profunda, a parte que dejara s\u00faper hidratada y con un olor extra deliciosos en tu piel, ademas la dejara con una textura muy suave ,esta f\u00f3rmula rica y emoliente hace que sea un placer dar o recibir un masaje sensual de cuerpo completo. Vierta el aceite de masaje er\u00f3tico y arom\u00e1tico de KamaSutra en el ba\u00f1o o apl\u00edquelo sobre el cuerpo como humectante diario para una piel sedosa e hidratada.<\/span><\/p>\n<p><b>\u00a1Disfruta de encuentros \u00edntimos, rom\u00e1nticos y apasionados con tu pareja!<\/b><\/p>\n<p><b>Presentaci\u00f3n: <\/b><span style=\"font-weight: 400;\">1 pieza 59 ml .<\/span><\/p>\n<p><b>Forma de uso<\/b><b>: <\/b><span style=\"font-weight: 400;\">Basta con con untar en tu mano o vestirlo en el cuerpo de tu pareja, frota en tu mano para hacer fricci\u00f3n para sentir esa sensaci\u00f3n t\u00e9rmica \u00a0<\/span><span style=\"font-weight: 400;\">para comenzar el juego con tu pareja y vierte en tus y sus zonas sensibles te recomendamos pasar ligeramente tu pecho, al mismo tiempo deslizar tus dedos en su esf\u00ednter o zonas rec\u00f3nditas de su cuerpo, siente como se estremecer\u00e1 y la excitaci\u00f3n aumentara. <\/span><\/p>\n<p><b>\u00a1Juega con tu imaginaci\u00f3n,\u00a0t\u00fa\u00a0creatividad no tiene limites!<\/b><\/p>\n<p><b>Cuidados:<\/b><span style=\"font-weight: 400;\"> Despu\u00e9s del uso, cons\u00e9rvese cerrado en un lugar fresco no mayor a 30\u00ba. Prot\u00e9jase de la luz solar y el polvo.<\/span><\/p>\n","protected":false},"excerpt":{"rendered":"<h3><span style=\"color: #cc99ff;\">\u00a1Siente la diferencia<b>!<\/b><\/span><\/h3>\n<p>Con este aceite especializado para masajes tantitos, que son una delicia en la intimidad, dejen que el rico aroma los envuelva en un contexto lleno de placer y pasi\u00f3n.<\/p>\n","protected":false},"featured_media":5379,"comment_status":"open","ping_status":"closed","template":"","meta":{"om_disable_all_campaigns":false,"site-sidebar-layout":"default","site-content-layout":"default","ast-site-content-layout":"","site-content-style":"default","site-sidebar-style":"default","ast-global-header-display":"","ast-banner-title-visibility":"","ast-main-header-display":"","ast-hfb-above-header-display":"disabled","ast-hfb-below-header-display":"","ast-hfb-mobile-header-display":"","site-post-title":"","ast-breadcrumbs-content":"","ast-featured-img":"","footer-sml-layout":"","theme-transparent-header-meta":"default","adv-header-id-meta":"","stick-header-meta":"","header-above-stick-meta":"","header-main-stick-meta":"","header-below-stick-meta":"","astra-migrate-meta-layouts":"default","ast-page-background-enabled":"default","ast-page-background-meta":{"desktop":{"background-color":"","background-image":"","background-repeat":"repeat","background-position":"center center","background-size":"auto","background-attachment":"scroll","background-type":"","background-media":"","overlay-type":"","overlay-color":"","overlay-opacity":"","overlay-gradient":""},"tablet":{"background-color":"","background-image":"","background-repeat":"repeat","background-position":"center center","background-size":"auto","background-attachment":"scroll","background-type":"","background-media":"","overlay-type":"","overlay-color":"","overlay-opacity":"","overlay-gradient":""},"mobile":{"background-color":"","background-image":"","background-repeat":"repeat","background-position":"center center","background-size":"auto","background-attachment":"scroll","background-type":"","background-media":"","overlay-type":"","overlay-color":"","overlay-opacity":"","overlay-gradient":""}},"ast-content-background-meta":{"desktop":{"background-color":"var(--ast-global-color-5)","background-image":"","background-repeat":"repeat","background-position":"center center","background-size":"auto","background-attachment":"scroll","background-type":"","background-media":"","overlay-type":"","overlay-color":"","overlay-opacity":"","overlay-gradient":""},"tablet":{"background-color":"var(--ast-global-color-5)","background-image":"","background-repeat":"repeat","background-position":"center center","background-size":"auto","background-attachment":"scroll","background-type":"","background-media":"","overlay-type":"","overlay-color":"","overlay-opacity":"","overlay-gradient":""},"mobile":{"background-color":"var(--ast-global-color-5)","background-image":"","background-repeat":"repeat","background-position":"center center","background-size":"auto","background-attachment":"scroll","background-type":"","background-media":"","overlay-type":"","overlay-color":"","overlay-opacity":"","overlay-gradient":""}},"_joinchat":{"message_send":"Hola, estoy buscando..."}},"product_cat":[113,78,173],"product_tag":[],"giftcard-category":[],"class_list":{"0":"post-5374","1":"product","2":"type-product","3":"status-publish","4":"has-post-thumbnail","6":"product_cat-aceites-y-velas-eroticas","7":"product_cat-escenciales","8":"product_cat-promociones","9":"desktop-align-left","10":"tablet-align-left","11":"mobile-align-left","13":"first","14":"instock","15":"sale","16":"taxable","17":"shipping-taxable","18":"purchasable","19":"product-type-variable"},"yoast_head":"<!-- This site is optimized with the Yoast SEO plugin v20.5 - https:\/\/yoast.com\/wordpress\/plugins\/seo\/ -->\n<title>Aceite para masaje Kamasutra - sexshopbajolassabanas.mx<\/title>\n<meta name=\"description\" content=\"Abre la caja de pandora con tu pareja, con un delicioso Aceite para masaje, disfruta de su rico aroma mientas te deslizas en todos su cuerpo.\" \/>\n<meta name=\"robots\" content=\"index, follow, max-snippet:-1, max-image-preview:large, max-video-preview:-1\" \/>\n<link rel=\"canonical\" href=\"https:\/\/sexshopbajolassabanas.mx\/?product=aceite-para-masaje-erotico-kamasutra-59ml\" \/>\n<meta property=\"og:locale\" content=\"es_MX\" \/>\n<meta property=\"og:type\" content=\"article\" \/>\n<meta property=\"og:title\" content=\"Aceite para masaje Kamasutra - sexshopbajolassabanas.mx\" \/>\n<meta property=\"og:description\" content=\"Abre la caja de pandora con tu pareja, con un delicioso Aceite para masaje, disfruta de su rico aroma mientas te deslizas en todos su cuerpo.\" \/>\n<meta property=\"og:url\" content=\"https:\/\/sexshopbajolassabanas.mx\/?product=aceite-para-masaje-erotico-kamasutra-59ml\" \/>\n<meta property=\"og:site_name\" content=\"sexshopbajolassabanas.mx\" \/>\n<meta property=\"article:modified_time\" content=\"2024-04-15T19:23:17+00:00\" \/>\n<meta property=\"og:image\" content=\"http:\/\/sexshopbajolassabanas.mx\/wp-content\/uploads\/2022\/10\/Aceite-para-masaje-.png\" \/>\n\t<meta property=\"og:image:width\" content=\"1080\" \/>\n\t<meta property=\"og:image:height\" content=\"1080\" \/>\n\t<meta property=\"og:image:type\" content=\"image\/png\" \/>\n<meta name=\"twitter:card\" content=\"summary_large_image\" \/>\n<meta name=\"twitter:label1\" content=\"Tiempo de lectura\" \/>\n\t<meta name=\"twitter:data1\" content=\"2 minutos\" \/>\n<script type=\"application\/ld+json\" class=\"yoast-schema-graph\">{\"@context\":\"https:\/\/schema.org\",\"@graph\":[{\"@type\":\"WebPage\",\"@id\":\"https:\/\/sexshopbajolassabanas.mx\/?product=aceite-para-masaje-erotico-kamasutra-59ml\",\"url\":\"https:\/\/sexshopbajolassabanas.mx\/?product=aceite-para-masaje-erotico-kamasutra-59ml\",\"name\":\"Aceite para masaje Kamasutra - sexshopbajolassabanas.mx\",\"isPartOf\":{\"@id\":\"https:\/\/sexshopbajolassabanas.mx\/#website\"},\"datePublished\":\"2022-10-11T20:22:00+00:00\",\"dateModified\":\"2024-04-15T19:23:17+00:00\",\"description\":\"Abre la caja de pandora con tu pareja, con un delicioso Aceite para masaje, disfruta de su rico aroma mientas te deslizas en todos su cuerpo.\",\"breadcrumb\":{\"@id\":\"https:\/\/sexshopbajolassabanas.mx\/?product=aceite-para-masaje-erotico-kamasutra-59ml#breadcrumb\"},\"inLanguage\":\"es\",\"potentialAction\":[{\"@type\":\"ReadAction\",\"target\":[\"https:\/\/sexshopbajolassabanas.mx\/?product=aceite-para-masaje-erotico-kamasutra-59ml\"]}]},{\"@type\":\"BreadcrumbList\",\"@id\":\"https:\/\/sexshopbajolassabanas.mx\/?product=aceite-para-masaje-erotico-kamasutra-59ml#breadcrumb\",\"itemListElement\":[{\"@type\":\"ListItem\",\"position\":1,\"name\":\"Inicio\",\"item\":\"https:\/\/sexshopbajolassabanas.mx\/\"},{\"@type\":\"ListItem\",\"position\":2,\"name\":\"Tienda\",\"item\":\"https:\/\/sexshopbajolassabanas.mx\/?page_id=38\"},{\"@type\":\"ListItem\",\"position\":3,\"name\":\"Aceite para masaje Kamasutra\"}]},{\"@type\":\"WebSite\",\"@id\":\"https:\/\/sexshopbajolassabanas.mx\/#website\",\"url\":\"https:\/\/sexshopbajolassabanas.mx\/\",\"name\":\"sexshopbajolassabanas.mx\",\"description\":\"Sex Shop Bajo Las Sabanas\",\"publisher\":{\"@id\":\"https:\/\/sexshopbajolassabanas.mx\/#organization\"},\"potentialAction\":[{\"@type\":\"SearchAction\",\"target\":{\"@type\":\"EntryPoint\",\"urlTemplate\":\"https:\/\/sexshopbajolassabanas.mx\/?s={search_term_string}\"},\"query-input\":\"required name=search_term_string\"}],\"inLanguage\":\"es\"},{\"@type\":\"Organization\",\"@id\":\"https:\/\/sexshopbajolassabanas.mx\/#organization\",\"name\":\"sexshopbajolassabanas.mx\",\"url\":\"https:\/\/sexshopbajolassabanas.mx\/\",\"logo\":{\"@type\":\"ImageObject\",\"inLanguage\":\"es\",\"@id\":\"https:\/\/sexshopbajolassabanas.mx\/#\/schema\/logo\/image\/\",\"url\":\"https:\/\/sexshopbajolassabanas.mx\/wp-content\/uploads\/2022\/08\/cropped-cropped-Sin-titulo-2_Mesa-de-trabajo-1.png\",\"contentUrl\":\"https:\/\/sexshopbajolassabanas.mx\/wp-content\/uploads\/2022\/08\/cropped-cropped-Sin-titulo-2_Mesa-de-trabajo-1.png\",\"width\":375,\"height\":375,\"caption\":\"sexshopbajolassabanas.mx\"},\"image\":{\"@id\":\"https:\/\/sexshopbajolassabanas.mx\/#\/schema\/logo\/image\/\"}}]}<\/script>\n<!-- \/ Yoast SEO plugin. -->","yoast_head_json":{"title":"Aceite para masaje Kamasutra - sexshopbajolassabanas.mx","description":"Abre la caja de pandora con tu pareja, con un delicioso Aceite para masaje, disfruta de su rico aroma mientas te deslizas en todos su cuerpo.","robots":{"index":"index","follow":"follow","max-snippet":"max-snippet:-1","max-image-preview":"max-image-preview:large","max-video-preview":"max-video-preview:-1"},"canonical":"https:\/\/sexshopbajolassabanas.mx\/?product=aceite-para-masaje-erotico-kamasutra-59ml","og_locale":"es_MX","og_type":"article","og_title":"Aceite para masaje Kamasutra - sexshopbajolassabanas.mx","og_description":"Abre la caja de pandora con tu pareja, con un delicioso Aceite para masaje, disfruta de su rico aroma mientas te deslizas en todos su cuerpo.","og_url":"https:\/\/sexshopbajolassabanas.mx\/?product=aceite-para-masaje-erotico-kamasutra-59ml","og_site_name":"sexshopbajolassabanas.mx","article_modified_time":"2024-04-15T19:23:17+00:00","og_image":[{"width":1080,"height":1080,"url":"http:\/\/sexshopbajolassabanas.mx\/wp-content\/uploads\/2022\/10\/Aceite-para-masaje-.png","type":"image\/png"}],"twitter_card":"summary_large_image","twitter_misc":{"Tiempo de lectura":"2 minutos"},"schema":{"@context":"https:\/\/schema.org","@graph":[{"@type":"WebPage","@id":"https:\/\/sexshopbajolassabanas.mx\/?product=aceite-para-masaje-erotico-kamasutra-59ml","url":"https:\/\/sexshopbajolassabanas.mx\/?product=aceite-para-masaje-erotico-kamasutra-59ml","name":"Aceite para masaje Kamasutra - sexshopbajolassabanas.mx","isPartOf":{"@id":"https:\/\/sexshopbajolassabanas.mx\/#website"},"datePublished":"2022-10-11T20:22:00+00:00","dateModified":"2024-04-15T19:23:17+00:00","description":"Abre la caja de pandora con tu pareja, con un delicioso Aceite para masaje, disfruta de su rico aroma mientas te deslizas en todos su cuerpo.","breadcrumb":{"@id":"https:\/\/sexshopbajolassabanas.mx\/?product=aceite-para-masaje-erotico-kamasutra-59ml#breadcrumb"},"inLanguage":"es","potentialAction":[{"@type":"ReadAction","target":["https:\/\/sexshopbajolassabanas.mx\/?product=aceite-para-masaje-erotico-kamasutra-59ml"]}]},{"@type":"BreadcrumbList","@id":"https:\/\/sexshopbajolassabanas.mx\/?product=aceite-para-masaje-erotico-kamasutra-59ml#breadcrumb","itemListElement":[{"@type":"ListItem","position":1,"name":"Inicio","item":"https:\/\/sexshopbajolassabanas.mx\/"},{"@type":"ListItem","position":2,"name":"Tienda","item":"https:\/\/sexshopbajolassabanas.mx\/?page_id=38"},{"@type":"ListItem","position":3,"name":"Aceite para masaje Kamasutra"}]},{"@type":"WebSite","@id":"https:\/\/sexshopbajolassabanas.mx\/#website","url":"https:\/\/sexshopbajolassabanas.mx\/","name":"sexshopbajolassabanas.mx","description":"Sex Shop Bajo Las Sabanas","publisher":{"@id":"https:\/\/sexshopbajolassabanas.mx\/#organization"},"potentialAction":[{"@type":"SearchAction","target":{"@type":"EntryPoint","urlTemplate":"https:\/\/sexshopbajolassabanas.mx\/?s={search_term_string}"},"query-input":"required name=search_term_string"}],"inLanguage":"es"},{"@type":"Organization","@id":"https:\/\/sexshopbajolassabanas.mx\/#organization","name":"sexshopbajolassabanas.mx","url":"https:\/\/sexshopbajolassabanas.mx\/","logo":{"@type":"ImageObject","inLanguage":"es","@id":"https:\/\/sexshopbajolassabanas.mx\/#\/schema\/logo\/image\/","url":"https:\/\/sexshopbajolassabanas.mx\/wp-content\/uploads\/2022\/08\/cropped-cropped-Sin-titulo-2_Mesa-de-trabajo-1.png","contentUrl":"https:\/\/sexshopbajolassabanas.mx\/wp-content\/uploads\/2022\/08\/cropped-cropped-Sin-titulo-2_Mesa-de-trabajo-1.png","width":375,"height":375,"caption":"sexshopbajolassabanas.mx"},"image":{"@id":"https:\/\/sexshopbajolassabanas.mx\/#\/schema\/logo\/image\/"}}]}},"_links":{"self":[{"href":"https:\/\/sexshopbajolassabanas.mx\/index.php?rest_route=\/wp\/v2\/product\/5374","targetHints":{"allow":["GET"]}}],"collection":[{"href":"https:\/\/sexshopbajolassabanas.mx\/index.php?rest_route=\/wp\/v2\/product"}],"about":[{"href":"https:\/\/sexshopbajolassabanas.mx\/index.php?rest_route=\/wp\/v2\/types\/product"}],"replies":[{"embeddable":true,"href":"https:\/\/sexshopbajolassabanas.mx\/index.php?rest_route=%2Fwp%2Fv2%2Fcomments&post=5374"}],"version-history":[{"count":6,"href":"https:\/\/sexshopbajolassabanas.mx\/index.php?rest_route=\/wp\/v2\/product\/5374\/revisions"}],"predecessor-version":[{"id":7924,"href":"https:\/\/sexshopbajolassabanas.mx\/index.php?rest_route=\/wp\/v2\/product\/5374\/revisions\/7924"}],"wp:featuredmedia":[{"embeddable":true,"href":"https:\/\/sexshopbajolassabanas.mx\/index.php?rest_route=\/wp\/v2\/media\/5379"}],"wp:attachment":[{"href":"https:\/\/sexshopbajolassabanas.mx\/index.php?rest_route=%2Fwp%2Fv2%2Fmedia&parent=5374"}],"wp:term":[{"taxonomy":"product_cat","embeddable":true,"href":"https:\/\/sexshopbajolassabanas.mx\/index.php?rest_route=%2Fwp%2Fv2%2Fproduct_cat&post=5374"},{"taxonomy":"product_tag","embeddable":true,"href":"https:\/\/sexshopbajolassabanas.mx\/index.php?rest_route=%2Fwp%2Fv2%2Fproduct_tag&post=5374"},{"taxonomy":"giftcard-category","embeddable":true,"href":"https:\/\/sexshopbajolassabanas.mx\/index.php?rest_route=%2Fwp%2Fv2%2Fgiftcard-category&post=5374"}],"curies":[{"name":"wp","href":"https:\/\/api.w.org\/{rel}","templated":true}]}}