{"id":5683,"date":"2022-10-19T04:35:31","date_gmt":"2022-10-19T04:35:31","guid":{"rendered":"https:\/\/sexshopbajolassabanas.mx\/?post_type=product&#038;p=5683"},"modified":"2023-04-22T21:59:42","modified_gmt":"2023-04-22T21:59:42","slug":"bolas-kegel-o-chinas-dobles","status":"publish","type":"product","link":"https:\/\/sexshopbajolassabanas.mx\/?product=bolas-kegel-o-chinas-dobles","title":{"rendered":"Bolas kegel o chinas dobles"},"content":{"rendered":"<p><span style=\"font-weight: 400;\">Fortalece tus orgasmos con bolas de amor de silicona.\u00a0<\/span><\/p>\n<p><span style=\"font-weight: 400;\">\u00a1Exprime tu cuerpo alrededor de estas <\/span><span style=\"font-weight: 400;\">bolas chinas juguetes <\/span><span style=\"font-weight: 400;\">\u00a0perfectamente ponderadas para un masaje vaginal totalmente natural y travieso! \u00a1Con cada movimiento, los pesos dentro de cada uno de estas suaves bolas de amor de 3 cm recubiertas de silicona, trabajando los m\u00fasculos kegel para una vagina m\u00e1s apretada y orgasmos m\u00e1s intensos! Incluye un cord\u00f3n el\u00e1stico de recuperaci\u00f3n de 8 cm para una f\u00e1cil extracci\u00f3n.<\/span><\/p>\n<ul>\n<li style=\"font-weight: 400;\" aria-level=\"1\"><span style=\"font-weight: 400;\">Cuerda de dos<\/span><span style=\"font-weight: 400;\"> bolas chinas <\/span><span style=\"font-weight: 400;\">pesadas<\/span><\/li>\n<li style=\"font-weight: 400;\" aria-level=\"1\"><span style=\"font-weight: 400;\">ABS rosa con revestimiento de silicona<\/span><\/li>\n<li style=\"font-weight: 400;\" aria-level=\"1\"><span style=\"font-weight: 400;\">Longitud total de 16.5, las<\/span><span style=\"font-weight: 400;\"> bolas chinas kegel<\/span><span style=\"font-weight: 400;\"> tienen un di\u00e1metro de 3 cm<\/span><\/li>\n<li style=\"font-weight: 400;\" aria-level=\"1\"><span style=\"font-weight: 400;\">Cord\u00f3n de extracci\u00f3n suave y el\u00e1stico con lazo de recuperaci\u00f3n<\/span><\/li>\n<li style=\"font-weight: 400;\" aria-level=\"1\"><span style=\"font-weight: 400;\">Superficie suave y sedosa para un f\u00e1cil deslizamiento<\/span><\/li>\n<li style=\"font-weight: 400;\" aria-level=\"1\"><span style=\"font-weight: 400;\">N\u00facleo interior pesado de bolas de amor roll mientras se mueve para un masaje sin esfuerzo<\/span><\/li>\n<li style=\"font-weight: 400;\" aria-level=\"1\"><span style=\"font-weight: 400;\">Las bolas de amor hacen un excelente ejercitador kegel<\/span><\/li>\n<li style=\"font-weight: 400;\" aria-level=\"1\"><span style=\"font-weight: 400;\">Ideal para la estimulaci\u00f3n del punto G<\/span><\/li>\n<li style=\"font-weight: 400;\" aria-level=\"1\"><span style=\"font-weight: 400;\">Divertido de usar con Vibradores para cl\u00edtoris<\/span><\/li>\n<\/ul>\n<p>&nbsp;<\/p>\n<p><span style=\"font-weight: 400;\">Disfruta del placer de apretar la vagina con las sexy bolas de amor. Estas bolas de amor suaves y pesadas est\u00e1n dise\u00f1adas para deslizarse dentro f\u00e1cilmente. Una vez que se insertan estas bolas de amor, puedes hacerte un entrenamiento de kegel f\u00e1cil simplemente movi\u00e9ndote. A medida que agita y brilla (\u00a1o incluso hace las tareas del hogar!), simplemente apriete las bolas de amor con los m\u00fasculos de kegel para un entrenamiento tensor que fortalece sus m\u00fasculos, intensifica sus orgasmos y se siente incre\u00edble. Incluso puedes usar estas bolas de amor sexy junto con un juguete sexual o vibrador para tener orgasmos intensos.<\/span><\/p>\n<p><b>Presentaci\u00f3n: 16.5cm x 8 cm insertables x 3 cm de di\u00e1metro<\/b><\/p>\n<p><b>Formas de uso:<\/b><span style=\"font-weight: 400;\"> Para usar, simplemente agregue una o dos gotas de su lubricante sexual favorito a sus bolas de amor. Entonces haga lentamente estas bolas de amor en su cuerpo. Puedes empezar con una sola o ir por ambas bolas de amor a la vez. Una vez insertadas tus bolas de amor, intenta moverse. \u00bfSiento que? Cada una de tus bolas de amor contiene un peso libre-para que, a medida que te mueves, tus m\u00fasculos kegel tendr\u00e1n el reto de sujetarlos en tus bolas de amor y tus paredes interiores tendr\u00e1n un buen masaje org\u00e1smicamente.<\/span><\/p>\n<p><span style=\"font-weight: 400;\">Con cada movimiento, los n\u00facleos internos enrollables ponderados de tus bolas de amor har\u00e1n un ruido suave para indicar que tus kegels est\u00e1n trabajando duro. Intente apretar sus bolas de amor tumbadas en la cama, sent\u00e1ndose en una silla, E incluso sujeta tus bolas de amor mientras haces las tareas del hogar (\u00a1prueba esto con un vibrador de mariposa del cl\u00edtoris manos libres!).<\/span><\/p>\n<p><span style=\"font-weight: 400;\">Y cuando est\u00e9s satisfecho, simplemente usa el cord\u00f3n de recuperaci\u00f3n el\u00e1stico para quitar tus bolas de amor. Lleve sus bolas de amor a la ducha o spa para una diversi\u00f3n extra deslizante.<\/span><\/p>\n<p><b>Cuidados:<\/b><span style=\"font-weight: 400;\"> Despu\u00e9s del uso se recomienda limpiarlo con agua y jab\u00f3n suave sin aroma o con nuestros <\/span><span style=\"font-weight: 400;\">limpiadores para juguetes. <\/span><span style=\"font-weight: 400;\">Cons\u00e9rvese cerrado en un lugar fresco no mayor a 30\u00ba. Prot\u00e9jase de la luz solar y el polvo con nuestra bolsa hipoalerg\u00e9nica y antibacteriana.<\/span><\/p>\n<p>&nbsp;<\/p>\n","protected":false},"excerpt":{"rendered":"<p>Kegel son ideales para el tratamiento de incontinencia urinaria y fortalecimiento del Suelo P\u00e9lvico en mujeres<\/p>\n","protected":false},"featured_media":5687,"comment_status":"open","ping_status":"closed","template":"","meta":{"om_disable_all_campaigns":false,"site-sidebar-layout":"default","site-content-layout":"default","ast-site-content-layout":"","site-content-style":"default","site-sidebar-style":"default","ast-global-header-display":"","ast-banner-title-visibility":"","ast-main-header-display":"","ast-hfb-above-header-display":"disabled","ast-hfb-below-header-display":"","ast-hfb-mobile-header-display":"","site-post-title":"","ast-breadcrumbs-content":"","ast-featured-img":"","footer-sml-layout":"","theme-transparent-header-meta":"default","adv-header-id-meta":"","stick-header-meta":"","header-above-stick-meta":"","header-main-stick-meta":"","header-below-stick-meta":"","astra-migrate-meta-layouts":"default","ast-page-background-enabled":"default","ast-page-background-meta":{"desktop":{"background-color":"","background-image":"","background-repeat":"repeat","background-position":"center center","background-size":"auto","background-attachment":"scroll","background-type":"","background-media":"","overlay-type":"","overlay-color":"","overlay-opacity":"","overlay-gradient":""},"tablet":{"background-color":"","background-image":"","background-repeat":"repeat","background-position":"center center","background-size":"auto","background-attachment":"scroll","background-type":"","background-media":"","overlay-type":"","overlay-color":"","overlay-opacity":"","overlay-gradient":""},"mobile":{"background-color":"","background-image":"","background-repeat":"repeat","background-position":"center center","background-size":"auto","background-attachment":"scroll","background-type":"","background-media":"","overlay-type":"","overlay-color":"","overlay-opacity":"","overlay-gradient":""}},"ast-content-background-meta":{"desktop":{"background-color":"var(--ast-global-color-5)","background-image":"","background-repeat":"repeat","background-position":"center center","background-size":"auto","background-attachment":"scroll","background-type":"","background-media":"","overlay-type":"","overlay-color":"","overlay-opacity":"","overlay-gradient":""},"tablet":{"background-color":"var(--ast-global-color-5)","background-image":"","background-repeat":"repeat","background-position":"center center","background-size":"auto","background-attachment":"scroll","background-type":"","background-media":"","overlay-type":"","overlay-color":"","overlay-opacity":"","overlay-gradient":""},"mobile":{"background-color":"var(--ast-global-color-5)","background-image":"","background-repeat":"repeat","background-position":"center center","background-size":"auto","background-attachment":"scroll","background-type":"","background-media":"","overlay-type":"","overlay-color":"","overlay-opacity":"","overlay-gradient":""}},"_joinchat":[]},"product_cat":[104,48],"product_tag":[],"giftcard-category":[],"class_list":{"0":"post-5683","1":"product","2":"type-product","3":"status-publish","4":"has-post-thumbnail","6":"product_cat-bolas-kegel-chinas","7":"product_cat-sabaneras","8":"desktop-align-left","9":"tablet-align-left","10":"mobile-align-left","12":"first","13":"instock","14":"taxable","15":"shipping-taxable","16":"purchasable","17":"product-type-variable"},"yoast_head":"<!-- This site is optimized with the Yoast SEO plugin v20.5 - https:\/\/yoast.com\/wordpress\/plugins\/seo\/ -->\n<title>Bolas kegel o chinas dobles - sexshopbajolassabanas.mx<\/title>\n<meta name=\"robots\" content=\"index, follow, max-snippet:-1, max-image-preview:large, max-video-preview:-1\" \/>\n<link rel=\"canonical\" href=\"https:\/\/sexshopbajolassabanas.mx\/?product=bolas-kegel-o-chinas-dobles\" \/>\n<meta property=\"og:locale\" content=\"es_MX\" \/>\n<meta property=\"og:type\" content=\"article\" \/>\n<meta property=\"og:title\" content=\"Bolas kegel o chinas dobles - sexshopbajolassabanas.mx\" \/>\n<meta property=\"og:description\" content=\"Kegel son ideales para el tratamiento de incontinencia urinaria y fortalecimiento del Suelo P\u00e9lvico en mujeres\" \/>\n<meta property=\"og:url\" content=\"https:\/\/sexshopbajolassabanas.mx\/?product=bolas-kegel-o-chinas-dobles\" \/>\n<meta property=\"og:site_name\" content=\"sexshopbajolassabanas.mx\" \/>\n<meta property=\"article:modified_time\" content=\"2023-04-22T21:59:42+00:00\" \/>\n<meta property=\"og:image\" content=\"http:\/\/sexshopbajolassabanas.mx\/wp-content\/uploads\/2022\/10\/bolas-kegel-precio-.png\" \/>\n\t<meta property=\"og:image:width\" content=\"1080\" \/>\n\t<meta property=\"og:image:height\" content=\"1080\" \/>\n\t<meta property=\"og:image:type\" content=\"image\/png\" \/>\n<meta name=\"twitter:card\" content=\"summary_large_image\" \/>\n<meta name=\"twitter:label1\" content=\"Tiempo de lectura\" \/>\n\t<meta name=\"twitter:data1\" content=\"3 minutos\" \/>\n<script type=\"application\/ld+json\" class=\"yoast-schema-graph\">{\"@context\":\"https:\/\/schema.org\",\"@graph\":[{\"@type\":\"WebPage\",\"@id\":\"https:\/\/sexshopbajolassabanas.mx\/?product=bolas-kegel-o-chinas-dobles\",\"url\":\"https:\/\/sexshopbajolassabanas.mx\/?product=bolas-kegel-o-chinas-dobles\",\"name\":\"Bolas kegel o chinas dobles - sexshopbajolassabanas.mx\",\"isPartOf\":{\"@id\":\"https:\/\/sexshopbajolassabanas.mx\/#website\"},\"datePublished\":\"2022-10-19T04:35:31+00:00\",\"dateModified\":\"2023-04-22T21:59:42+00:00\",\"breadcrumb\":{\"@id\":\"https:\/\/sexshopbajolassabanas.mx\/?product=bolas-kegel-o-chinas-dobles#breadcrumb\"},\"inLanguage\":\"es\",\"potentialAction\":[{\"@type\":\"ReadAction\",\"target\":[\"https:\/\/sexshopbajolassabanas.mx\/?product=bolas-kegel-o-chinas-dobles\"]}]},{\"@type\":\"BreadcrumbList\",\"@id\":\"https:\/\/sexshopbajolassabanas.mx\/?product=bolas-kegel-o-chinas-dobles#breadcrumb\",\"itemListElement\":[{\"@type\":\"ListItem\",\"position\":1,\"name\":\"Inicio\",\"item\":\"https:\/\/sexshopbajolassabanas.mx\/\"},{\"@type\":\"ListItem\",\"position\":2,\"name\":\"Tienda\",\"item\":\"https:\/\/sexshopbajolassabanas.mx\/?page_id=38\"},{\"@type\":\"ListItem\",\"position\":3,\"name\":\"Bolas kegel o chinas dobles\"}]},{\"@type\":\"WebSite\",\"@id\":\"https:\/\/sexshopbajolassabanas.mx\/#website\",\"url\":\"https:\/\/sexshopbajolassabanas.mx\/\",\"name\":\"sexshopbajolassabanas.mx\",\"description\":\"Sex Shop Bajo Las Sabanas\",\"publisher\":{\"@id\":\"https:\/\/sexshopbajolassabanas.mx\/#organization\"},\"potentialAction\":[{\"@type\":\"SearchAction\",\"target\":{\"@type\":\"EntryPoint\",\"urlTemplate\":\"https:\/\/sexshopbajolassabanas.mx\/?s={search_term_string}\"},\"query-input\":\"required name=search_term_string\"}],\"inLanguage\":\"es\"},{\"@type\":\"Organization\",\"@id\":\"https:\/\/sexshopbajolassabanas.mx\/#organization\",\"name\":\"sexshopbajolassabanas.mx\",\"url\":\"https:\/\/sexshopbajolassabanas.mx\/\",\"logo\":{\"@type\":\"ImageObject\",\"inLanguage\":\"es\",\"@id\":\"https:\/\/sexshopbajolassabanas.mx\/#\/schema\/logo\/image\/\",\"url\":\"https:\/\/sexshopbajolassabanas.mx\/wp-content\/uploads\/2022\/08\/cropped-cropped-Sin-titulo-2_Mesa-de-trabajo-1.png\",\"contentUrl\":\"https:\/\/sexshopbajolassabanas.mx\/wp-content\/uploads\/2022\/08\/cropped-cropped-Sin-titulo-2_Mesa-de-trabajo-1.png\",\"width\":375,\"height\":375,\"caption\":\"sexshopbajolassabanas.mx\"},\"image\":{\"@id\":\"https:\/\/sexshopbajolassabanas.mx\/#\/schema\/logo\/image\/\"}}]}<\/script>\n<!-- \/ Yoast SEO plugin. -->","yoast_head_json":{"title":"Bolas kegel o chinas dobles - sexshopbajolassabanas.mx","robots":{"index":"index","follow":"follow","max-snippet":"max-snippet:-1","max-image-preview":"max-image-preview:large","max-video-preview":"max-video-preview:-1"},"canonical":"https:\/\/sexshopbajolassabanas.mx\/?product=bolas-kegel-o-chinas-dobles","og_locale":"es_MX","og_type":"article","og_title":"Bolas kegel o chinas dobles - sexshopbajolassabanas.mx","og_description":"Kegel son ideales para el tratamiento de incontinencia urinaria y fortalecimiento del Suelo P\u00e9lvico en mujeres","og_url":"https:\/\/sexshopbajolassabanas.mx\/?product=bolas-kegel-o-chinas-dobles","og_site_name":"sexshopbajolassabanas.mx","article_modified_time":"2023-04-22T21:59:42+00:00","og_image":[{"width":1080,"height":1080,"url":"http:\/\/sexshopbajolassabanas.mx\/wp-content\/uploads\/2022\/10\/bolas-kegel-precio-.png","type":"image\/png"}],"twitter_card":"summary_large_image","twitter_misc":{"Tiempo de lectura":"3 minutos"},"schema":{"@context":"https:\/\/schema.org","@graph":[{"@type":"WebPage","@id":"https:\/\/sexshopbajolassabanas.mx\/?product=bolas-kegel-o-chinas-dobles","url":"https:\/\/sexshopbajolassabanas.mx\/?product=bolas-kegel-o-chinas-dobles","name":"Bolas kegel o chinas dobles - sexshopbajolassabanas.mx","isPartOf":{"@id":"https:\/\/sexshopbajolassabanas.mx\/#website"},"datePublished":"2022-10-19T04:35:31+00:00","dateModified":"2023-04-22T21:59:42+00:00","breadcrumb":{"@id":"https:\/\/sexshopbajolassabanas.mx\/?product=bolas-kegel-o-chinas-dobles#breadcrumb"},"inLanguage":"es","potentialAction":[{"@type":"ReadAction","target":["https:\/\/sexshopbajolassabanas.mx\/?product=bolas-kegel-o-chinas-dobles"]}]},{"@type":"BreadcrumbList","@id":"https:\/\/sexshopbajolassabanas.mx\/?product=bolas-kegel-o-chinas-dobles#breadcrumb","itemListElement":[{"@type":"ListItem","position":1,"name":"Inicio","item":"https:\/\/sexshopbajolassabanas.mx\/"},{"@type":"ListItem","position":2,"name":"Tienda","item":"https:\/\/sexshopbajolassabanas.mx\/?page_id=38"},{"@type":"ListItem","position":3,"name":"Bolas kegel o chinas dobles"}]},{"@type":"WebSite","@id":"https:\/\/sexshopbajolassabanas.mx\/#website","url":"https:\/\/sexshopbajolassabanas.mx\/","name":"sexshopbajolassabanas.mx","description":"Sex Shop Bajo Las Sabanas","publisher":{"@id":"https:\/\/sexshopbajolassabanas.mx\/#organization"},"potentialAction":[{"@type":"SearchAction","target":{"@type":"EntryPoint","urlTemplate":"https:\/\/sexshopbajolassabanas.mx\/?s={search_term_string}"},"query-input":"required name=search_term_string"}],"inLanguage":"es"},{"@type":"Organization","@id":"https:\/\/sexshopbajolassabanas.mx\/#organization","name":"sexshopbajolassabanas.mx","url":"https:\/\/sexshopbajolassabanas.mx\/","logo":{"@type":"ImageObject","inLanguage":"es","@id":"https:\/\/sexshopbajolassabanas.mx\/#\/schema\/logo\/image\/","url":"https:\/\/sexshopbajolassabanas.mx\/wp-content\/uploads\/2022\/08\/cropped-cropped-Sin-titulo-2_Mesa-de-trabajo-1.png","contentUrl":"https:\/\/sexshopbajolassabanas.mx\/wp-content\/uploads\/2022\/08\/cropped-cropped-Sin-titulo-2_Mesa-de-trabajo-1.png","width":375,"height":375,"caption":"sexshopbajolassabanas.mx"},"image":{"@id":"https:\/\/sexshopbajolassabanas.mx\/#\/schema\/logo\/image\/"}}]}},"_links":{"self":[{"href":"https:\/\/sexshopbajolassabanas.mx\/index.php?rest_route=\/wp\/v2\/product\/5683","targetHints":{"allow":["GET"]}}],"collection":[{"href":"https:\/\/sexshopbajolassabanas.mx\/index.php?rest_route=\/wp\/v2\/product"}],"about":[{"href":"https:\/\/sexshopbajolassabanas.mx\/index.php?rest_route=\/wp\/v2\/types\/product"}],"replies":[{"embeddable":true,"href":"https:\/\/sexshopbajolassabanas.mx\/index.php?rest_route=%2Fwp%2Fv2%2Fcomments&post=5683"}],"version-history":[{"count":1,"href":"https:\/\/sexshopbajolassabanas.mx\/index.php?rest_route=\/wp\/v2\/product\/5683\/revisions"}],"predecessor-version":[{"id":5690,"href":"https:\/\/sexshopbajolassabanas.mx\/index.php?rest_route=\/wp\/v2\/product\/5683\/revisions\/5690"}],"wp:featuredmedia":[{"embeddable":true,"href":"https:\/\/sexshopbajolassabanas.mx\/index.php?rest_route=\/wp\/v2\/media\/5687"}],"wp:attachment":[{"href":"https:\/\/sexshopbajolassabanas.mx\/index.php?rest_route=%2Fwp%2Fv2%2Fmedia&parent=5683"}],"wp:term":[{"taxonomy":"product_cat","embeddable":true,"href":"https:\/\/sexshopbajolassabanas.mx\/index.php?rest_route=%2Fwp%2Fv2%2Fproduct_cat&post=5683"},{"taxonomy":"product_tag","embeddable":true,"href":"https:\/\/sexshopbajolassabanas.mx\/index.php?rest_route=%2Fwp%2Fv2%2Fproduct_tag&post=5683"},{"taxonomy":"giftcard-category","embeddable":true,"href":"https:\/\/sexshopbajolassabanas.mx\/index.php?rest_route=%2Fwp%2Fv2%2Fgiftcard-category&post=5683"}],"curies":[{"name":"wp","href":"https:\/\/api.w.org\/{rel}","templated":true}]}}