{"id":5691,"date":"2022-10-19T05:26:45","date_gmt":"2022-10-19T05:26:45","guid":{"rendered":"https:\/\/sexshopbajolassabanas.mx\/?post_type=product&#038;p=5691"},"modified":"2022-10-24T18:18:37","modified_gmt":"2022-10-24T18:18:37","slug":"ejercicios-kegel-kit-bolas-chinas","status":"publish","type":"product","link":"https:\/\/sexshopbajolassabanas.mx\/?product=ejercicios-kegel-kit-bolas-chinas","title":{"rendered":"Ejercicios kegel kit \/ bolas chinas"},"content":{"rendered":"<p><span style=\"font-weight: 400;\">Fortalece tus orgasmos con bolas de amor de silicona.\u00a0<\/span><\/p>\n<p><span style=\"font-weight: 400;\">\u00a0<\/span><span style=\"font-weight: 400;\">Las bolas chinas \u00a0juguetes de lujo provocan todo ese ejercicio que aumenta la circulaci\u00f3n sangu\u00ednea, la lubricaci\u00f3n y el tono muscular; y se trata de un m\u00fasculo muy agradecido&#8221;. Por eso siempre se han de usar de pie o en movimiento.<\/span><\/p>\n<p>Estas bolas chinas juguetes, puedes comenzar con la bola que trae su cordero de f\u00e1cil retiro para comenzar con tus ejercicios , una vez que te acostumbres , intenta con la bola suelta esto aumentara la dificultad al \u00a0sostenerle y por ende tendr\u00e1s un suelo p\u00e9lvico mas fuerte.<\/p>\n<p><span style=\"font-weight: 400;\">Disfruta del placer de apretar la vagina con las sexy bolas de amor. Estas bolas de amor suaves y pesadas est\u00e1n dise\u00f1adas para deslizarse dentro f\u00e1cilmente. Una vez que se insertan estas bolas de amor, puedes hacerte un entrenamiento de kegel f\u00e1cil simplemente movi\u00e9ndote. A medida que agita y brilla (\u00a1o incluso hace las tareas del hogar!), simplemente apriete las bolas de amor con los m\u00fasculos de kegel para un entrenamiento tensor que fortalece sus m\u00fasculos, intensifica sus orgasmos y se siente incre\u00edble. Incluso puedes usar estas bolas de amor sexy junto con un juguete sexual o vibrador para tener orgasmos intensos.<\/span><\/p>\n<p><b>Presentaci\u00f3n: una bola con\u00a0cord\u00f3n\u00a0de 30 gramos y otra suelta de 40 gramos<\/b><\/p>\n<p><b>Formas de uso:<\/b><span style=\"font-weight: 400;\"> Para usar, simplemente agregue una o dos gotas de su lubricante sexual favorito a sus bolas Kegel juguetes.Puedes empezar con una sola por do a 3 semanas , posterior puedes solo utilizar la que esta suelta esta te ayudara a tener una mayor dificultad en la contracci\u00f3n. Una vez insertadas tus bolas de amor, intenta moverse. Cada una de tus bolas de amor contiene un peso libre-para que, a medida que te mueves, tus m\u00fasculos kegel tendr\u00e1n el reto de sujetarlos en tus bolas de amor y tus paredes interiores tendr\u00e1n un buen masaje org\u00e1smicamente.<\/span><\/p>\n<p><span style=\"font-weight: 400;\">Con cada movimiento, los n\u00facleos internos enrollables ponderados de tus bolas de amor har\u00e1n un ruido suave para indicar que tus kegels est\u00e1n trabajando duro. Intente apretar sus bolas de amor, mientras haces las tareas del hogar (\u00a1prueba esto con un vibrador de mariposa del cl\u00edtoris manos libres!).<\/span><\/p>\n<p><span style=\"font-weight: 400;\">Y cuando est\u00e9s satisfecho, simplemente usa el cord\u00f3n de recuperaci\u00f3n el\u00e1stico para quitar tus bolas de amor. Lleve sus bolas de amor a la ducha o spa para una diversi\u00f3n extra deslizante.<\/span><\/p>\n<p><b>Cuidados:<\/b><span style=\"font-weight: 400;\"> Despu\u00e9s del uso se recomienda limpiarlo con agua y jab\u00f3n suave sin aroma o con nuestros <\/span><span style=\"font-weight: 400;\">limpiadores para juguetes. <\/span><span style=\"font-weight: 400;\">Cons\u00e9rvese cerrado en un lugar fresco no mayor a 30\u00ba. Prot\u00e9jase de la luz solar y el polvo con nuestra bolsa hipoalerg\u00e9nica y antibacteriana.<\/span><\/p>\n<p>&nbsp;<\/p>\n","protected":false},"excerpt":{"rendered":"<div id=\"UopPY5nZLYWHqtsPh66faA__15\">\n<div class=\"wDYxhc NFQFxe oHglmf xzPb7d\" data-md=\"32\" data-hveid=\"CBwQAA\" data-ved=\"2ahUKEwiZypSDx-v6AhWFg2oFHQfXBw0Q4dMGegQIHBAA\">\n<div id=\"media_result_group\" class=\"kno-mrg-si kno-mrg kno-swp\" data-hveid=\"CBwQAQ\">\n<div class=\"kno-fiu kno-liu\">\n<div data-count=\"1\" data-hveid=\"CBEQAA\">\n<div class=\"RYdNQb\" data-h=\"130\" data-nr=\"1\" data-ved=\"2ahUKEwiZypSDx-v6AhWFg2oFHQfXBw0QyQ0oAHoECBEQAQ\">\n<div class=\"eA0Zlc WghbWd ivg-i PZPZlf img-kc-m GMCzAd\" aria-hidden=\"true\" data-attrid=\"image\" data-docid=\"CpwZBwO-JQo0LM\" data-lpage=\"https:\/\/www.webconsultas.com\/mente-y-emociones\/sexologia\/como-se-usan-las-bolas-chinas-indicaciones-y-contraindicaciones\" data-ni=\"1\" data-hveid=\"CBQQAA\" data-ved=\"2ahUKEwiZypSDx-v6AhWFg2oFHQfXBw0Qzkx6BAgUEAA\">\n<div tabindex=\"0\" role=\"button\">\n<div class=\"uhHOwf BYbUcd\" data-bla=\"\"><span style=\"font-size: 16px;\">Las <\/span>bolas chinas<span style=\"font-size: 16px;\"> son un dispositivo de gimnasia pasiva que <\/span>se<span style=\"font-size: 16px;\"> introduce en la vagina para aumentar el tono muscular del suelo p\u00e9lvico y evitar su deterioro, y tambi\u00e9n pueden emplearse como juguete sexual.<\/span><\/div>\n<\/div>\n<\/div>\n<\/div>\n<\/div>\n<\/div>\n<\/div>\n<\/div>\n<\/div>\n","protected":false},"featured_media":5695,"comment_status":"open","ping_status":"closed","template":"","meta":{"om_disable_all_campaigns":false,"site-sidebar-layout":"default","site-content-layout":"default","ast-site-content-layout":"","site-content-style":"default","site-sidebar-style":"default","ast-global-header-display":"","ast-banner-title-visibility":"","ast-main-header-display":"","ast-hfb-above-header-display":"disabled","ast-hfb-below-header-display":"","ast-hfb-mobile-header-display":"","site-post-title":"","ast-breadcrumbs-content":"","ast-featured-img":"","footer-sml-layout":"","theme-transparent-header-meta":"default","adv-header-id-meta":"","stick-header-meta":"","header-above-stick-meta":"","header-main-stick-meta":"","header-below-stick-meta":"","astra-migrate-meta-layouts":"default","ast-page-background-enabled":"default","ast-page-background-meta":{"desktop":{"background-color":"","background-image":"","background-repeat":"repeat","background-position":"center center","background-size":"auto","background-attachment":"scroll","background-type":"","background-media":"","overlay-type":"","overlay-color":"","overlay-opacity":"","overlay-gradient":""},"tablet":{"background-color":"","background-image":"","background-repeat":"repeat","background-position":"center center","background-size":"auto","background-attachment":"scroll","background-type":"","background-media":"","overlay-type":"","overlay-color":"","overlay-opacity":"","overlay-gradient":""},"mobile":{"background-color":"","background-image":"","background-repeat":"repeat","background-position":"center center","background-size":"auto","background-attachment":"scroll","background-type":"","background-media":"","overlay-type":"","overlay-color":"","overlay-opacity":"","overlay-gradient":""}},"ast-content-background-meta":{"desktop":{"background-color":"var(--ast-global-color-5)","background-image":"","background-repeat":"repeat","background-position":"center center","background-size":"auto","background-attachment":"scroll","background-type":"","background-media":"","overlay-type":"","overlay-color":"","overlay-opacity":"","overlay-gradient":""},"tablet":{"background-color":"var(--ast-global-color-5)","background-image":"","background-repeat":"repeat","background-position":"center center","background-size":"auto","background-attachment":"scroll","background-type":"","background-media":"","overlay-type":"","overlay-color":"","overlay-opacity":"","overlay-gradient":""},"mobile":{"background-color":"var(--ast-global-color-5)","background-image":"","background-repeat":"repeat","background-position":"center center","background-size":"auto","background-attachment":"scroll","background-type":"","background-media":"","overlay-type":"","overlay-color":"","overlay-opacity":"","overlay-gradient":""}},"_joinchat":[]},"product_cat":[104,103,48],"product_tag":[],"giftcard-category":[],"class_list":{"0":"post-5691","1":"product","2":"type-product","3":"status-publish","4":"has-post-thumbnail","6":"product_cat-bolas-kegel-chinas","7":"product_cat-kits","8":"product_cat-sabaneras","9":"desktop-align-left","10":"tablet-align-left","11":"mobile-align-left","13":"first","14":"instock","15":"featured","16":"taxable","17":"shipping-taxable","18":"purchasable","19":"product-type-simple"},"yoast_head":"<!-- This site is optimized with the Yoast SEO plugin v20.5 - https:\/\/yoast.com\/wordpress\/plugins\/seo\/ -->\n<title>Ejercicios kegel kit \/ bolas chinas - sexshopbajolassabanas.mx<\/title>\n<meta name=\"robots\" content=\"index, follow, max-snippet:-1, max-image-preview:large, max-video-preview:-1\" \/>\n<link rel=\"canonical\" href=\"https:\/\/sexshopbajolassabanas.mx\/?product=ejercicios-kegel-kit-bolas-chinas\" \/>\n<meta property=\"og:locale\" content=\"es_MX\" \/>\n<meta property=\"og:type\" content=\"article\" \/>\n<meta property=\"og:title\" content=\"Ejercicios kegel kit \/ bolas chinas - sexshopbajolassabanas.mx\" \/>\n<meta property=\"og:description\" content=\"Las bolas chinas son un dispositivo de gimnasia pasiva que se introduce en la vagina para aumentar el tono muscular del suelo p\u00e9lvico y evitar su deterioro, y tambi\u00e9n pueden emplearse como juguete sexual.\" \/>\n<meta property=\"og:url\" content=\"https:\/\/sexshopbajolassabanas.mx\/?product=ejercicios-kegel-kit-bolas-chinas\" \/>\n<meta property=\"og:site_name\" content=\"sexshopbajolassabanas.mx\" \/>\n<meta property=\"article:modified_time\" content=\"2022-10-24T18:18:37+00:00\" \/>\n<meta property=\"og:image\" content=\"http:\/\/sexshopbajolassabanas.mx\/wp-content\/uploads\/2022\/10\/ejercicios-kegel-.png\" \/>\n\t<meta property=\"og:image:width\" content=\"1080\" \/>\n\t<meta property=\"og:image:height\" content=\"1080\" \/>\n\t<meta property=\"og:image:type\" content=\"image\/png\" \/>\n<meta name=\"twitter:card\" content=\"summary_large_image\" \/>\n<meta name=\"twitter:label1\" content=\"Tiempo de lectura\" \/>\n\t<meta name=\"twitter:data1\" content=\"2 minutos\" \/>\n<script type=\"application\/ld+json\" class=\"yoast-schema-graph\">{\"@context\":\"https:\/\/schema.org\",\"@graph\":[{\"@type\":\"WebPage\",\"@id\":\"https:\/\/sexshopbajolassabanas.mx\/?product=ejercicios-kegel-kit-bolas-chinas\",\"url\":\"https:\/\/sexshopbajolassabanas.mx\/?product=ejercicios-kegel-kit-bolas-chinas\",\"name\":\"Ejercicios kegel kit \/ bolas chinas - sexshopbajolassabanas.mx\",\"isPartOf\":{\"@id\":\"https:\/\/sexshopbajolassabanas.mx\/#website\"},\"datePublished\":\"2022-10-19T05:26:45+00:00\",\"dateModified\":\"2022-10-24T18:18:37+00:00\",\"breadcrumb\":{\"@id\":\"https:\/\/sexshopbajolassabanas.mx\/?product=ejercicios-kegel-kit-bolas-chinas#breadcrumb\"},\"inLanguage\":\"es\",\"potentialAction\":[{\"@type\":\"ReadAction\",\"target\":[\"https:\/\/sexshopbajolassabanas.mx\/?product=ejercicios-kegel-kit-bolas-chinas\"]}]},{\"@type\":\"BreadcrumbList\",\"@id\":\"https:\/\/sexshopbajolassabanas.mx\/?product=ejercicios-kegel-kit-bolas-chinas#breadcrumb\",\"itemListElement\":[{\"@type\":\"ListItem\",\"position\":1,\"name\":\"Inicio\",\"item\":\"https:\/\/sexshopbajolassabanas.mx\/\"},{\"@type\":\"ListItem\",\"position\":2,\"name\":\"Tienda\",\"item\":\"https:\/\/sexshopbajolassabanas.mx\/?page_id=38\"},{\"@type\":\"ListItem\",\"position\":3,\"name\":\"Ejercicios kegel kit \/ bolas chinas\"}]},{\"@type\":\"WebSite\",\"@id\":\"https:\/\/sexshopbajolassabanas.mx\/#website\",\"url\":\"https:\/\/sexshopbajolassabanas.mx\/\",\"name\":\"sexshopbajolassabanas.mx\",\"description\":\"Sex Shop Bajo Las Sabanas\",\"publisher\":{\"@id\":\"https:\/\/sexshopbajolassabanas.mx\/#organization\"},\"potentialAction\":[{\"@type\":\"SearchAction\",\"target\":{\"@type\":\"EntryPoint\",\"urlTemplate\":\"https:\/\/sexshopbajolassabanas.mx\/?s={search_term_string}\"},\"query-input\":\"required name=search_term_string\"}],\"inLanguage\":\"es\"},{\"@type\":\"Organization\",\"@id\":\"https:\/\/sexshopbajolassabanas.mx\/#organization\",\"name\":\"sexshopbajolassabanas.mx\",\"url\":\"https:\/\/sexshopbajolassabanas.mx\/\",\"logo\":{\"@type\":\"ImageObject\",\"inLanguage\":\"es\",\"@id\":\"https:\/\/sexshopbajolassabanas.mx\/#\/schema\/logo\/image\/\",\"url\":\"https:\/\/sexshopbajolassabanas.mx\/wp-content\/uploads\/2022\/08\/cropped-cropped-Sin-titulo-2_Mesa-de-trabajo-1.png\",\"contentUrl\":\"https:\/\/sexshopbajolassabanas.mx\/wp-content\/uploads\/2022\/08\/cropped-cropped-Sin-titulo-2_Mesa-de-trabajo-1.png\",\"width\":375,\"height\":375,\"caption\":\"sexshopbajolassabanas.mx\"},\"image\":{\"@id\":\"https:\/\/sexshopbajolassabanas.mx\/#\/schema\/logo\/image\/\"}}]}<\/script>\n<!-- \/ Yoast SEO plugin. -->","yoast_head_json":{"title":"Ejercicios kegel kit \/ bolas chinas - sexshopbajolassabanas.mx","robots":{"index":"index","follow":"follow","max-snippet":"max-snippet:-1","max-image-preview":"max-image-preview:large","max-video-preview":"max-video-preview:-1"},"canonical":"https:\/\/sexshopbajolassabanas.mx\/?product=ejercicios-kegel-kit-bolas-chinas","og_locale":"es_MX","og_type":"article","og_title":"Ejercicios kegel kit \/ bolas chinas - sexshopbajolassabanas.mx","og_description":"Las bolas chinas son un dispositivo de gimnasia pasiva que se introduce en la vagina para aumentar el tono muscular del suelo p\u00e9lvico y evitar su deterioro, y tambi\u00e9n pueden emplearse como juguete sexual.","og_url":"https:\/\/sexshopbajolassabanas.mx\/?product=ejercicios-kegel-kit-bolas-chinas","og_site_name":"sexshopbajolassabanas.mx","article_modified_time":"2022-10-24T18:18:37+00:00","og_image":[{"width":1080,"height":1080,"url":"http:\/\/sexshopbajolassabanas.mx\/wp-content\/uploads\/2022\/10\/ejercicios-kegel-.png","type":"image\/png"}],"twitter_card":"summary_large_image","twitter_misc":{"Tiempo de lectura":"2 minutos"},"schema":{"@context":"https:\/\/schema.org","@graph":[{"@type":"WebPage","@id":"https:\/\/sexshopbajolassabanas.mx\/?product=ejercicios-kegel-kit-bolas-chinas","url":"https:\/\/sexshopbajolassabanas.mx\/?product=ejercicios-kegel-kit-bolas-chinas","name":"Ejercicios kegel kit \/ bolas chinas - sexshopbajolassabanas.mx","isPartOf":{"@id":"https:\/\/sexshopbajolassabanas.mx\/#website"},"datePublished":"2022-10-19T05:26:45+00:00","dateModified":"2022-10-24T18:18:37+00:00","breadcrumb":{"@id":"https:\/\/sexshopbajolassabanas.mx\/?product=ejercicios-kegel-kit-bolas-chinas#breadcrumb"},"inLanguage":"es","potentialAction":[{"@type":"ReadAction","target":["https:\/\/sexshopbajolassabanas.mx\/?product=ejercicios-kegel-kit-bolas-chinas"]}]},{"@type":"BreadcrumbList","@id":"https:\/\/sexshopbajolassabanas.mx\/?product=ejercicios-kegel-kit-bolas-chinas#breadcrumb","itemListElement":[{"@type":"ListItem","position":1,"name":"Inicio","item":"https:\/\/sexshopbajolassabanas.mx\/"},{"@type":"ListItem","position":2,"name":"Tienda","item":"https:\/\/sexshopbajolassabanas.mx\/?page_id=38"},{"@type":"ListItem","position":3,"name":"Ejercicios kegel kit \/ bolas chinas"}]},{"@type":"WebSite","@id":"https:\/\/sexshopbajolassabanas.mx\/#website","url":"https:\/\/sexshopbajolassabanas.mx\/","name":"sexshopbajolassabanas.mx","description":"Sex Shop Bajo Las Sabanas","publisher":{"@id":"https:\/\/sexshopbajolassabanas.mx\/#organization"},"potentialAction":[{"@type":"SearchAction","target":{"@type":"EntryPoint","urlTemplate":"https:\/\/sexshopbajolassabanas.mx\/?s={search_term_string}"},"query-input":"required name=search_term_string"}],"inLanguage":"es"},{"@type":"Organization","@id":"https:\/\/sexshopbajolassabanas.mx\/#organization","name":"sexshopbajolassabanas.mx","url":"https:\/\/sexshopbajolassabanas.mx\/","logo":{"@type":"ImageObject","inLanguage":"es","@id":"https:\/\/sexshopbajolassabanas.mx\/#\/schema\/logo\/image\/","url":"https:\/\/sexshopbajolassabanas.mx\/wp-content\/uploads\/2022\/08\/cropped-cropped-Sin-titulo-2_Mesa-de-trabajo-1.png","contentUrl":"https:\/\/sexshopbajolassabanas.mx\/wp-content\/uploads\/2022\/08\/cropped-cropped-Sin-titulo-2_Mesa-de-trabajo-1.png","width":375,"height":375,"caption":"sexshopbajolassabanas.mx"},"image":{"@id":"https:\/\/sexshopbajolassabanas.mx\/#\/schema\/logo\/image\/"}}]}},"_links":{"self":[{"href":"https:\/\/sexshopbajolassabanas.mx\/index.php?rest_route=\/wp\/v2\/product\/5691","targetHints":{"allow":["GET"]}}],"collection":[{"href":"https:\/\/sexshopbajolassabanas.mx\/index.php?rest_route=\/wp\/v2\/product"}],"about":[{"href":"https:\/\/sexshopbajolassabanas.mx\/index.php?rest_route=\/wp\/v2\/types\/product"}],"replies":[{"embeddable":true,"href":"https:\/\/sexshopbajolassabanas.mx\/index.php?rest_route=%2Fwp%2Fv2%2Fcomments&post=5691"}],"version-history":[{"count":1,"href":"https:\/\/sexshopbajolassabanas.mx\/index.php?rest_route=\/wp\/v2\/product\/5691\/revisions"}],"predecessor-version":[{"id":5697,"href":"https:\/\/sexshopbajolassabanas.mx\/index.php?rest_route=\/wp\/v2\/product\/5691\/revisions\/5697"}],"wp:featuredmedia":[{"embeddable":true,"href":"https:\/\/sexshopbajolassabanas.mx\/index.php?rest_route=\/wp\/v2\/media\/5695"}],"wp:attachment":[{"href":"https:\/\/sexshopbajolassabanas.mx\/index.php?rest_route=%2Fwp%2Fv2%2Fmedia&parent=5691"}],"wp:term":[{"taxonomy":"product_cat","embeddable":true,"href":"https:\/\/sexshopbajolassabanas.mx\/index.php?rest_route=%2Fwp%2Fv2%2Fproduct_cat&post=5691"},{"taxonomy":"product_tag","embeddable":true,"href":"https:\/\/sexshopbajolassabanas.mx\/index.php?rest_route=%2Fwp%2Fv2%2Fproduct_tag&post=5691"},{"taxonomy":"giftcard-category","embeddable":true,"href":"https:\/\/sexshopbajolassabanas.mx\/index.php?rest_route=%2Fwp%2Fv2%2Fgiftcard-category&post=5691"}],"curies":[{"name":"wp","href":"https:\/\/api.w.org\/{rel}","templated":true}]}}