{"id":5974,"date":"2022-10-26T18:29:05","date_gmt":"2022-10-26T18:29:05","guid":{"rendered":"https:\/\/sexshopbajolassabanas.mx\/?post_type=product&#038;p=5974"},"modified":"2023-07-28T05:00:45","modified_gmt":"2023-07-28T05:00:45","slug":"plug-anal-dildo-2-en-1","status":"publish","type":"product","link":"https:\/\/sexshopbajolassabanas.mx\/?product=plug-anal-dildo-2-en-1","title":{"rendered":"Plug anal y dildo cabez\u00f3n Hoties"},"content":{"rendered":"<div class=\"woocommerce-product-gallery woocommerce-product-gallery--with-images woocommerce-product-gallery--columns-4 images\" data-columns=\"4\">\n<div class=\"flex-viewport\">\n<figure class=\"woocommerce-product-gallery__wrapper\">\n<h3 class=\"woocommerce-product-gallery__image\" data-thumb=\"https:\/\/sexshopbajolassabanas.mx\/wp-content\/uploads\/2022\/09\/plug-anal-precio-anal-plug-sex-100x100.png\"><span style=\"color: #339966;\"><b style=\"font-style: inherit;\">\u00a1Tu sexualidad a tope con tu Dildo cabez\u00f3n \u00a02 en 1!<\/b><\/span><\/h3>\n<\/figure>\n<\/div>\n<\/div>\n<div class=\"woocommerce-tabs wc-tabs-wrapper\">\n<div id=\"tab-description\" class=\"woocommerce-Tabs-panel woocommerce-Tabs-panel--description panel entry-content wc-tab\" role=\"tabpanel\" aria-labelledby=\"tab-title-description\">\n<p>Dise\u00f1ado pensado para tu placer 2 en 1 vaginal y para el placer anal con su cabeza pronunciada este Dildo cabez\u00f3n y plug anal lo sentir\u00e1s de principio a fin, te har\u00e1 disfrutar como nunca, gracias a su flexibilidad permanece de forma segura en tu cuerpo y aumenta tus orgasmos. Este dildo anal cuenta con una fuerte ventosa que te permitir\u00e1 jugar con las manos libres.<\/p>\n<p>Este precioso\u00a0Dildo cabez\u00f3n y Plug anal es el regalo ideal tanto para hombres como para mujeres. Y permite jugar y disfrutar tanto solo como en pareja. \u00a1<b>Un complemento elegante para tus juegos m\u00e1s apasionados!<\/b><\/p>\n<p><b>Presentaci\u00f3n:<\/b><\/p>\n<p class=\"_04xlpA direction-ltr align-center para-style-body\"><span class=\"JsGRdQ\">10 CMde penetraci\u00f3n<\/span><\/p>\n<p class=\"_04xlpA direction-ltr align-center para-style-body\"><span class=\"JsGRdQ\">6 cm de di\u00e1metro<\/span><\/p>\n<p><b>Forma de uso<\/b><b>: <\/b>Utilice<a href=\"https:\/\/sexshopbajolassabanas.mx\/?product_cat=lubricantes\"> lubricante<\/a> de base agua en el \u00e1rea alrededor del ano y en el plug anal. El lubricante facilita la inserci\u00f3n del mismo y ayudar\u00e1 a estimular la zona.<\/p>\n<p>Quitar: Deje de mover lentamente y retir\u00e1rtelo de la zona anal.<\/p>\n<p><b>Cuidados:<\/b> Despu\u00e9s del uso, lavar con agua o un <a href=\"https:\/\/sexshopbajolassabanas.mx\/?product_cat=limpieza-e-higiene\">limpiador de juguete antibacterial<\/a> y secar con un pa\u00f1o limpio. No utilice productos abrasivos o t\u00f3xicos para lavar los componentes. Guardar en un lugar fresco y seco dentro de su bolsa hipoalerg\u00e9nica.<\/p>\n<\/div>\n<\/div>\n","protected":false},"excerpt":{"rendered":"<p class=\"_04xlpA direction-ltr align-center para-style-body\"><span class=\"JsGRdQ\">2 en 1 Plug anal y mini Dildo HOTIS con copa de succi\u00f3n fuerte que se adhiere a cualquier superficie plana, hecho de material libre de ftalatos. Forma y textura realista, compatible con cualquier tipo de arn\u00e9s.<\/span><\/p>\n<p class=\"_04xlpA direction-ltr align-center para-style-body\"><span class=\"JsGRdQ\">10 CMde penetraci\u00f3n<\/span><\/p>\n<p class=\"_04xlpA direction-ltr align-center para-style-body\"><span class=\"JsGRdQ\">6 cm de di\u00e1metro<\/span><\/p>\n","protected":false},"featured_media":5979,"comment_status":"open","ping_status":"closed","template":"","meta":{"om_disable_all_campaigns":false,"site-sidebar-layout":"default","site-content-layout":"default","ast-site-content-layout":"","site-content-style":"default","site-sidebar-style":"default","ast-global-header-display":"","ast-banner-title-visibility":"","ast-main-header-display":"","ast-hfb-above-header-display":"disabled","ast-hfb-below-header-display":"","ast-hfb-mobile-header-display":"","site-post-title":"","ast-breadcrumbs-content":"","ast-featured-img":"","footer-sml-layout":"","theme-transparent-header-meta":"default","adv-header-id-meta":"","stick-header-meta":"","header-above-stick-meta":"","header-main-stick-meta":"","header-below-stick-meta":"","astra-migrate-meta-layouts":"default","ast-page-background-enabled":"default","ast-page-background-meta":{"desktop":{"background-color":"","background-image":"","background-repeat":"repeat","background-position":"center center","background-size":"auto","background-attachment":"scroll","background-type":"","background-media":"","overlay-type":"","overlay-color":"","overlay-opacity":"","overlay-gradient":""},"tablet":{"background-color":"","background-image":"","background-repeat":"repeat","background-position":"center center","background-size":"auto","background-attachment":"scroll","background-type":"","background-media":"","overlay-type":"","overlay-color":"","overlay-opacity":"","overlay-gradient":""},"mobile":{"background-color":"","background-image":"","background-repeat":"repeat","background-position":"center center","background-size":"auto","background-attachment":"scroll","background-type":"","background-media":"","overlay-type":"","overlay-color":"","overlay-opacity":"","overlay-gradient":""}},"ast-content-background-meta":{"desktop":{"background-color":"var(--ast-global-color-5)","background-image":"","background-repeat":"repeat","background-position":"center center","background-size":"auto","background-attachment":"scroll","background-type":"","background-media":"","overlay-type":"","overlay-color":"","overlay-opacity":"","overlay-gradient":""},"tablet":{"background-color":"var(--ast-global-color-5)","background-image":"","background-repeat":"repeat","background-position":"center center","background-size":"auto","background-attachment":"scroll","background-type":"","background-media":"","overlay-type":"","overlay-color":"","overlay-opacity":"","overlay-gradient":""},"mobile":{"background-color":"var(--ast-global-color-5)","background-image":"","background-repeat":"repeat","background-position":"center center","background-size":"auto","background-attachment":"scroll","background-type":"","background-media":"","overlay-type":"","overlay-color":"","overlay-opacity":"","overlay-gradient":""}},"_joinchat":[]},"product_cat":[85,66,48,196,40],"product_tag":[],"giftcard-category":[],"class_list":{"0":"post-5974","1":"product","2":"type-product","3":"status-publish","4":"has-post-thumbnail","6":"product_cat-dildos","7":"product_cat-juguetes-anales","8":"product_cat-sabaneras","9":"product_cat-sabaneres","10":"product_cat-sabaneros","11":"desktop-align-left","12":"tablet-align-left","13":"mobile-align-left","15":"first","16":"instock","17":"taxable","18":"shipping-taxable","19":"purchasable","20":"product-type-simple"},"yoast_head":"<!-- This site is optimized with the Yoast SEO plugin v20.5 - https:\/\/yoast.com\/wordpress\/plugins\/seo\/ -->\n<title>Plug anal y dildo cabez\u00f3n Hoties - sexshopbajolassabanas.mx<\/title>\n<meta name=\"description\" content=\"Dildo cabez\u00f3n juega con este dildo penetrando tu vagina, tambi\u00e9n puedes jugar con penetraci\u00f3n anal, juguete sexual, juguete intimo\" \/>\n<meta name=\"robots\" content=\"index, follow, max-snippet:-1, max-image-preview:large, max-video-preview:-1\" \/>\n<link rel=\"canonical\" href=\"https:\/\/sexshopbajolassabanas.mx\/?product=plug-anal-dildo-2-en-1\" \/>\n<meta property=\"og:locale\" content=\"es_MX\" \/>\n<meta property=\"og:type\" content=\"article\" \/>\n<meta property=\"og:title\" content=\"Plug anal y dildo cabez\u00f3n Hoties - sexshopbajolassabanas.mx\" \/>\n<meta property=\"og:description\" content=\"Dildo cabez\u00f3n juega con este dildo penetrando tu vagina, tambi\u00e9n puedes jugar con penetraci\u00f3n anal, juguete sexual, juguete intimo\" \/>\n<meta property=\"og:url\" content=\"https:\/\/sexshopbajolassabanas.mx\/?product=plug-anal-dildo-2-en-1\" \/>\n<meta property=\"og:site_name\" content=\"sexshopbajolassabanas.mx\" \/>\n<meta property=\"article:modified_time\" content=\"2023-07-28T05:00:45+00:00\" \/>\n<meta property=\"og:image\" content=\"http:\/\/sexshopbajolassabanas.mx\/wp-content\/uploads\/2022\/10\/plug-anal-1.png\" \/>\n\t<meta property=\"og:image:width\" content=\"1080\" \/>\n\t<meta property=\"og:image:height\" content=\"1080\" \/>\n\t<meta property=\"og:image:type\" content=\"image\/png\" \/>\n<meta name=\"twitter:card\" content=\"summary_large_image\" \/>\n<meta name=\"twitter:label1\" content=\"Tiempo de lectura\" \/>\n\t<meta name=\"twitter:data1\" content=\"1 minuto\" \/>\n<script type=\"application\/ld+json\" class=\"yoast-schema-graph\">{\"@context\":\"https:\/\/schema.org\",\"@graph\":[{\"@type\":\"WebPage\",\"@id\":\"https:\/\/sexshopbajolassabanas.mx\/?product=plug-anal-dildo-2-en-1\",\"url\":\"https:\/\/sexshopbajolassabanas.mx\/?product=plug-anal-dildo-2-en-1\",\"name\":\"Plug anal y dildo cabez\u00f3n Hoties - sexshopbajolassabanas.mx\",\"isPartOf\":{\"@id\":\"https:\/\/sexshopbajolassabanas.mx\/#website\"},\"datePublished\":\"2022-10-26T18:29:05+00:00\",\"dateModified\":\"2023-07-28T05:00:45+00:00\",\"description\":\"Dildo cabez\u00f3n juega con este dildo penetrando tu vagina, tambi\u00e9n puedes jugar con penetraci\u00f3n anal, juguete sexual, juguete intimo\",\"breadcrumb\":{\"@id\":\"https:\/\/sexshopbajolassabanas.mx\/?product=plug-anal-dildo-2-en-1#breadcrumb\"},\"inLanguage\":\"es\",\"potentialAction\":[{\"@type\":\"ReadAction\",\"target\":[\"https:\/\/sexshopbajolassabanas.mx\/?product=plug-anal-dildo-2-en-1\"]}]},{\"@type\":\"BreadcrumbList\",\"@id\":\"https:\/\/sexshopbajolassabanas.mx\/?product=plug-anal-dildo-2-en-1#breadcrumb\",\"itemListElement\":[{\"@type\":\"ListItem\",\"position\":1,\"name\":\"Inicio\",\"item\":\"https:\/\/sexshopbajolassabanas.mx\/\"},{\"@type\":\"ListItem\",\"position\":2,\"name\":\"Tienda\",\"item\":\"https:\/\/sexshopbajolassabanas.mx\/?page_id=38\"},{\"@type\":\"ListItem\",\"position\":3,\"name\":\"Plug anal y dildo cabez\u00f3n Hoties\"}]},{\"@type\":\"WebSite\",\"@id\":\"https:\/\/sexshopbajolassabanas.mx\/#website\",\"url\":\"https:\/\/sexshopbajolassabanas.mx\/\",\"name\":\"sexshopbajolassabanas.mx\",\"description\":\"Sex Shop Bajo Las Sabanas\",\"publisher\":{\"@id\":\"https:\/\/sexshopbajolassabanas.mx\/#organization\"},\"potentialAction\":[{\"@type\":\"SearchAction\",\"target\":{\"@type\":\"EntryPoint\",\"urlTemplate\":\"https:\/\/sexshopbajolassabanas.mx\/?s={search_term_string}\"},\"query-input\":\"required name=search_term_string\"}],\"inLanguage\":\"es\"},{\"@type\":\"Organization\",\"@id\":\"https:\/\/sexshopbajolassabanas.mx\/#organization\",\"name\":\"sexshopbajolassabanas.mx\",\"url\":\"https:\/\/sexshopbajolassabanas.mx\/\",\"logo\":{\"@type\":\"ImageObject\",\"inLanguage\":\"es\",\"@id\":\"https:\/\/sexshopbajolassabanas.mx\/#\/schema\/logo\/image\/\",\"url\":\"https:\/\/sexshopbajolassabanas.mx\/wp-content\/uploads\/2022\/08\/cropped-cropped-Sin-titulo-2_Mesa-de-trabajo-1.png\",\"contentUrl\":\"https:\/\/sexshopbajolassabanas.mx\/wp-content\/uploads\/2022\/08\/cropped-cropped-Sin-titulo-2_Mesa-de-trabajo-1.png\",\"width\":375,\"height\":375,\"caption\":\"sexshopbajolassabanas.mx\"},\"image\":{\"@id\":\"https:\/\/sexshopbajolassabanas.mx\/#\/schema\/logo\/image\/\"}}]}<\/script>\n<!-- \/ Yoast SEO plugin. -->","yoast_head_json":{"title":"Plug anal y dildo cabez\u00f3n Hoties - sexshopbajolassabanas.mx","description":"Dildo cabez\u00f3n juega con este dildo penetrando tu vagina, tambi\u00e9n puedes jugar con penetraci\u00f3n anal, juguete sexual, juguete intimo","robots":{"index":"index","follow":"follow","max-snippet":"max-snippet:-1","max-image-preview":"max-image-preview:large","max-video-preview":"max-video-preview:-1"},"canonical":"https:\/\/sexshopbajolassabanas.mx\/?product=plug-anal-dildo-2-en-1","og_locale":"es_MX","og_type":"article","og_title":"Plug anal y dildo cabez\u00f3n Hoties - sexshopbajolassabanas.mx","og_description":"Dildo cabez\u00f3n juega con este dildo penetrando tu vagina, tambi\u00e9n puedes jugar con penetraci\u00f3n anal, juguete sexual, juguete intimo","og_url":"https:\/\/sexshopbajolassabanas.mx\/?product=plug-anal-dildo-2-en-1","og_site_name":"sexshopbajolassabanas.mx","article_modified_time":"2023-07-28T05:00:45+00:00","og_image":[{"width":1080,"height":1080,"url":"http:\/\/sexshopbajolassabanas.mx\/wp-content\/uploads\/2022\/10\/plug-anal-1.png","type":"image\/png"}],"twitter_card":"summary_large_image","twitter_misc":{"Tiempo de lectura":"1 minuto"},"schema":{"@context":"https:\/\/schema.org","@graph":[{"@type":"WebPage","@id":"https:\/\/sexshopbajolassabanas.mx\/?product=plug-anal-dildo-2-en-1","url":"https:\/\/sexshopbajolassabanas.mx\/?product=plug-anal-dildo-2-en-1","name":"Plug anal y dildo cabez\u00f3n Hoties - sexshopbajolassabanas.mx","isPartOf":{"@id":"https:\/\/sexshopbajolassabanas.mx\/#website"},"datePublished":"2022-10-26T18:29:05+00:00","dateModified":"2023-07-28T05:00:45+00:00","description":"Dildo cabez\u00f3n juega con este dildo penetrando tu vagina, tambi\u00e9n puedes jugar con penetraci\u00f3n anal, juguete sexual, juguete intimo","breadcrumb":{"@id":"https:\/\/sexshopbajolassabanas.mx\/?product=plug-anal-dildo-2-en-1#breadcrumb"},"inLanguage":"es","potentialAction":[{"@type":"ReadAction","target":["https:\/\/sexshopbajolassabanas.mx\/?product=plug-anal-dildo-2-en-1"]}]},{"@type":"BreadcrumbList","@id":"https:\/\/sexshopbajolassabanas.mx\/?product=plug-anal-dildo-2-en-1#breadcrumb","itemListElement":[{"@type":"ListItem","position":1,"name":"Inicio","item":"https:\/\/sexshopbajolassabanas.mx\/"},{"@type":"ListItem","position":2,"name":"Tienda","item":"https:\/\/sexshopbajolassabanas.mx\/?page_id=38"},{"@type":"ListItem","position":3,"name":"Plug anal y dildo cabez\u00f3n Hoties"}]},{"@type":"WebSite","@id":"https:\/\/sexshopbajolassabanas.mx\/#website","url":"https:\/\/sexshopbajolassabanas.mx\/","name":"sexshopbajolassabanas.mx","description":"Sex Shop Bajo Las Sabanas","publisher":{"@id":"https:\/\/sexshopbajolassabanas.mx\/#organization"},"potentialAction":[{"@type":"SearchAction","target":{"@type":"EntryPoint","urlTemplate":"https:\/\/sexshopbajolassabanas.mx\/?s={search_term_string}"},"query-input":"required name=search_term_string"}],"inLanguage":"es"},{"@type":"Organization","@id":"https:\/\/sexshopbajolassabanas.mx\/#organization","name":"sexshopbajolassabanas.mx","url":"https:\/\/sexshopbajolassabanas.mx\/","logo":{"@type":"ImageObject","inLanguage":"es","@id":"https:\/\/sexshopbajolassabanas.mx\/#\/schema\/logo\/image\/","url":"https:\/\/sexshopbajolassabanas.mx\/wp-content\/uploads\/2022\/08\/cropped-cropped-Sin-titulo-2_Mesa-de-trabajo-1.png","contentUrl":"https:\/\/sexshopbajolassabanas.mx\/wp-content\/uploads\/2022\/08\/cropped-cropped-Sin-titulo-2_Mesa-de-trabajo-1.png","width":375,"height":375,"caption":"sexshopbajolassabanas.mx"},"image":{"@id":"https:\/\/sexshopbajolassabanas.mx\/#\/schema\/logo\/image\/"}}]}},"_links":{"self":[{"href":"https:\/\/sexshopbajolassabanas.mx\/index.php?rest_route=\/wp\/v2\/product\/5974","targetHints":{"allow":["GET"]}}],"collection":[{"href":"https:\/\/sexshopbajolassabanas.mx\/index.php?rest_route=\/wp\/v2\/product"}],"about":[{"href":"https:\/\/sexshopbajolassabanas.mx\/index.php?rest_route=\/wp\/v2\/types\/product"}],"replies":[{"embeddable":true,"href":"https:\/\/sexshopbajolassabanas.mx\/index.php?rest_route=%2Fwp%2Fv2%2Fcomments&post=5974"}],"version-history":[{"count":4,"href":"https:\/\/sexshopbajolassabanas.mx\/index.php?rest_route=\/wp\/v2\/product\/5974\/revisions"}],"predecessor-version":[{"id":7504,"href":"https:\/\/sexshopbajolassabanas.mx\/index.php?rest_route=\/wp\/v2\/product\/5974\/revisions\/7504"}],"wp:featuredmedia":[{"embeddable":true,"href":"https:\/\/sexshopbajolassabanas.mx\/index.php?rest_route=\/wp\/v2\/media\/5979"}],"wp:attachment":[{"href":"https:\/\/sexshopbajolassabanas.mx\/index.php?rest_route=%2Fwp%2Fv2%2Fmedia&parent=5974"}],"wp:term":[{"taxonomy":"product_cat","embeddable":true,"href":"https:\/\/sexshopbajolassabanas.mx\/index.php?rest_route=%2Fwp%2Fv2%2Fproduct_cat&post=5974"},{"taxonomy":"product_tag","embeddable":true,"href":"https:\/\/sexshopbajolassabanas.mx\/index.php?rest_route=%2Fwp%2Fv2%2Fproduct_tag&post=5974"},{"taxonomy":"giftcard-category","embeddable":true,"href":"https:\/\/sexshopbajolassabanas.mx\/index.php?rest_route=%2Fwp%2Fv2%2Fgiftcard-category&post=5974"}],"curies":[{"name":"wp","href":"https:\/\/api.w.org\/{rel}","templated":true}]}}