{"id":6079,"date":"2022-11-22T17:07:03","date_gmt":"2022-11-22T17:07:03","guid":{"rendered":"https:\/\/sexshopbajolassabanas.mx\/?post_type=product&#038;p=6079"},"modified":"2023-04-21T03:08:17","modified_gmt":"2023-04-21T03:08:17","slug":"viagra-masculino-para-diabeticos","status":"publish","type":"product","link":"https:\/\/sexshopbajolassabanas.mx\/?product=viagra-masculino-para-diabeticos","title":{"rendered":"Viagra masculino para diab\u00e9ticos"},"content":{"rendered":"<p><b>\u00a1Erecciones m\u00e1s firmes y duraderas!<\/b><\/p>\n<p><span style=\"font-weight: 400;\">Sabanero, \u00bfEres diab\u00e9tico? \u00bfEres hipertenso? No te preocupes ha llegado a <\/span><span style=\"font-weight: 400;\">Bajo las S\u00e1banas Love dress reconstituyente sexual para el hombre<\/span><span style=\"font-weight: 400;\">, mejor conocido como <\/span><span style=\"font-weight: 400;\">pastilla azul <\/span><span style=\"font-weight: 400;\">o <\/span><span style=\"font-weight: 400;\">viagra <\/span><span style=\"font-weight: 400;\">para hombre. Retarda la eyaculaci\u00f3n y obt\u00e9n erecciones m\u00e1s firmes, duraderas; Adem\u00e1s, obtendr\u00e1s pronta recuperaci\u00f3n para seguir en los momentos de placer con tu pareja.<\/span><\/p>\n<p><span style=\"font-weight: 400;\"><strong>Presentaci\u00f3n:<\/strong> Caja con 10 capsulas<\/span><\/p>\n<p><b>Forma de uso<\/b><b>: <\/b>Tomar una c\u00e1psula 30 minutos previos al coito, el tiempo de efecto en el organismo de este producto es de 48 horas, durante ese tiempo no es necesario ingerirlo nuevamente<span style=\"font-weight: 400;\">;<\/span><span style=\"font-weight: 400;\">Acompa\u00f1ar con un vaso de agua con o sin alimento. Puede mezclarse libremente con bebidas alcoholicas. La c\u00e1psula de <\/span><span style=\"font-weight: 400;\">viagra<\/span><span style=\"font-weight: 400;\"> debe consumirse \u00fanicamente en mayores de 18 a\u00f1os.<\/span><\/p>\n<p><b>Efectos secundarios<\/b><span style=\"font-weight: 400;\">: Tomar Viagra no es peligroso si te lo ha recetado un m\u00e9dico y realmente sufres de disfunci\u00f3n er\u00e9ctil o impotencia. Los problemas pueden aparecer cuando realmente quien la toma es joven y no la necesita y pueden ser los siguientes: Dolor de cabeza, de est\u00f3mago, diarrea, n\u00e1useas, sofocos o mareos<\/span><\/p>\n<p><b>Atenci\u00f3n:<\/b><span style=\"font-weight: 400;\"> No consumir <\/span><span style=\"font-weight: 400;\">viagra<\/span><span style=\"font-weight: 400;\"> en compa\u00f1\u00eda de drogas como: coca\u00edna, anfetaminas o poppers.\u00a0<\/span><\/p>\n<p>&nbsp;<\/p>\n","protected":false},"excerpt":{"rendered":"<p class=\"font_8\"><strong>Diab\u00e9tico o Hipertenso\u00a0<\/strong><strong>caja con 10 capsulas<\/strong><\/p>\n<p class=\"font_8\">Fortalece la erecci\u00f3n, brinda mayor energ\u00eda y control permitiendo un mejor desempe\u00f1o sexual y f\u00edsico puede mezclarse libremente con bebidas alcoh\u00f3licas sin efectos secundarios<\/p>\n","protected":false},"featured_media":6080,"comment_status":"open","ping_status":"closed","template":"","meta":{"om_disable_all_campaigns":false,"site-sidebar-layout":"default","site-content-layout":"default","ast-site-content-layout":"","site-content-style":"default","site-sidebar-style":"default","ast-global-header-display":"","ast-banner-title-visibility":"","ast-main-header-display":"","ast-hfb-above-header-display":"disabled","ast-hfb-below-header-display":"","ast-hfb-mobile-header-display":"","site-post-title":"","ast-breadcrumbs-content":"","ast-featured-img":"","footer-sml-layout":"","theme-transparent-header-meta":"default","adv-header-id-meta":"","stick-header-meta":"","header-above-stick-meta":"","header-main-stick-meta":"","header-below-stick-meta":"","astra-migrate-meta-layouts":"default","ast-page-background-enabled":"default","ast-page-background-meta":{"desktop":{"background-color":"","background-image":"","background-repeat":"repeat","background-position":"center center","background-size":"auto","background-attachment":"scroll","background-type":"","background-media":"","overlay-type":"","overlay-color":"","overlay-opacity":"","overlay-gradient":""},"tablet":{"background-color":"","background-image":"","background-repeat":"repeat","background-position":"center center","background-size":"auto","background-attachment":"scroll","background-type":"","background-media":"","overlay-type":"","overlay-color":"","overlay-opacity":"","overlay-gradient":""},"mobile":{"background-color":"","background-image":"","background-repeat":"repeat","background-position":"center center","background-size":"auto","background-attachment":"scroll","background-type":"","background-media":"","overlay-type":"","overlay-color":"","overlay-opacity":"","overlay-gradient":""}},"ast-content-background-meta":{"desktop":{"background-color":"var(--ast-global-color-5)","background-image":"","background-repeat":"repeat","background-position":"center center","background-size":"auto","background-attachment":"scroll","background-type":"","background-media":"","overlay-type":"","overlay-color":"","overlay-opacity":"","overlay-gradient":""},"tablet":{"background-color":"var(--ast-global-color-5)","background-image":"","background-repeat":"repeat","background-position":"center center","background-size":"auto","background-attachment":"scroll","background-type":"","background-media":"","overlay-type":"","overlay-color":"","overlay-opacity":"","overlay-gradient":""},"mobile":{"background-color":"var(--ast-global-color-5)","background-image":"","background-repeat":"repeat","background-position":"center center","background-size":"auto","background-attachment":"scroll","background-type":"","background-media":"","overlay-type":"","overlay-color":"","overlay-opacity":"","overlay-gradient":""}},"_joinchat":[]},"product_cat":[65,108,196,40],"product_tag":[],"giftcard-category":[],"class_list":{"0":"post-6079","1":"product","2":"type-product","3":"status-publish","4":"has-post-thumbnail","6":"product_cat-rendimiento-sexual","7":"product_cat-rendimiento-sexual-el","8":"product_cat-sabaneres","9":"product_cat-sabaneros","10":"desktop-align-left","11":"tablet-align-left","12":"mobile-align-left","14":"first","15":"instock","16":"taxable","17":"shipping-taxable","18":"purchasable","19":"product-type-simple"},"yoast_head":"<!-- This site is optimized with the Yoast SEO plugin v20.5 - https:\/\/yoast.com\/wordpress\/plugins\/seo\/ -->\n<title>Viagra masculino para diab\u00e9ticos - sexshopbajolassabanas.mx<\/title>\n<meta name=\"robots\" content=\"index, follow, max-snippet:-1, max-image-preview:large, max-video-preview:-1\" \/>\n<link rel=\"canonical\" href=\"https:\/\/sexshopbajolassabanas.mx\/?product=viagra-masculino-para-diabeticos\" \/>\n<meta property=\"og:locale\" content=\"es_MX\" \/>\n<meta property=\"og:type\" content=\"article\" \/>\n<meta property=\"og:title\" content=\"Viagra masculino para diab\u00e9ticos - sexshopbajolassabanas.mx\" \/>\n<meta property=\"og:description\" content=\"Diab\u00e9tico o Hipertenso\u00a0caja con 10 capsulas Fortalece la erecci\u00f3n, brinda mayor energ\u00eda y control permitiendo un mejor desempe\u00f1o sexual y f\u00edsico puede mezclarse libremente con bebidas alcoh\u00f3licas sin efectos secundarios\" \/>\n<meta property=\"og:url\" content=\"https:\/\/sexshopbajolassabanas.mx\/?product=viagra-masculino-para-diabeticos\" \/>\n<meta property=\"og:site_name\" content=\"sexshopbajolassabanas.mx\" \/>\n<meta property=\"article:modified_time\" content=\"2023-04-21T03:08:17+00:00\" \/>\n<meta property=\"og:image\" content=\"http:\/\/sexshopbajolassabanas.mx\/wp-content\/uploads\/2022\/11\/viagra-para-diabetico.png\" \/>\n\t<meta property=\"og:image:width\" content=\"1080\" \/>\n\t<meta property=\"og:image:height\" content=\"1080\" \/>\n\t<meta property=\"og:image:type\" content=\"image\/png\" \/>\n<meta name=\"twitter:card\" content=\"summary_large_image\" \/>\n<meta name=\"twitter:label1\" content=\"Tiempo de lectura\" \/>\n\t<meta name=\"twitter:data1\" content=\"1 minuto\" \/>\n<script type=\"application\/ld+json\" class=\"yoast-schema-graph\">{\"@context\":\"https:\/\/schema.org\",\"@graph\":[{\"@type\":\"WebPage\",\"@id\":\"https:\/\/sexshopbajolassabanas.mx\/?product=viagra-masculino-para-diabeticos\",\"url\":\"https:\/\/sexshopbajolassabanas.mx\/?product=viagra-masculino-para-diabeticos\",\"name\":\"Viagra masculino para diab\u00e9ticos - sexshopbajolassabanas.mx\",\"isPartOf\":{\"@id\":\"https:\/\/sexshopbajolassabanas.mx\/#website\"},\"datePublished\":\"2022-11-22T17:07:03+00:00\",\"dateModified\":\"2023-04-21T03:08:17+00:00\",\"breadcrumb\":{\"@id\":\"https:\/\/sexshopbajolassabanas.mx\/?product=viagra-masculino-para-diabeticos#breadcrumb\"},\"inLanguage\":\"es\",\"potentialAction\":[{\"@type\":\"ReadAction\",\"target\":[\"https:\/\/sexshopbajolassabanas.mx\/?product=viagra-masculino-para-diabeticos\"]}]},{\"@type\":\"BreadcrumbList\",\"@id\":\"https:\/\/sexshopbajolassabanas.mx\/?product=viagra-masculino-para-diabeticos#breadcrumb\",\"itemListElement\":[{\"@type\":\"ListItem\",\"position\":1,\"name\":\"Inicio\",\"item\":\"https:\/\/sexshopbajolassabanas.mx\/\"},{\"@type\":\"ListItem\",\"position\":2,\"name\":\"Tienda\",\"item\":\"https:\/\/sexshopbajolassabanas.mx\/?page_id=38\"},{\"@type\":\"ListItem\",\"position\":3,\"name\":\"Viagra masculino para diab\u00e9ticos\"}]},{\"@type\":\"WebSite\",\"@id\":\"https:\/\/sexshopbajolassabanas.mx\/#website\",\"url\":\"https:\/\/sexshopbajolassabanas.mx\/\",\"name\":\"sexshopbajolassabanas.mx\",\"description\":\"Sex Shop Bajo Las Sabanas\",\"publisher\":{\"@id\":\"https:\/\/sexshopbajolassabanas.mx\/#organization\"},\"potentialAction\":[{\"@type\":\"SearchAction\",\"target\":{\"@type\":\"EntryPoint\",\"urlTemplate\":\"https:\/\/sexshopbajolassabanas.mx\/?s={search_term_string}\"},\"query-input\":\"required name=search_term_string\"}],\"inLanguage\":\"es\"},{\"@type\":\"Organization\",\"@id\":\"https:\/\/sexshopbajolassabanas.mx\/#organization\",\"name\":\"sexshopbajolassabanas.mx\",\"url\":\"https:\/\/sexshopbajolassabanas.mx\/\",\"logo\":{\"@type\":\"ImageObject\",\"inLanguage\":\"es\",\"@id\":\"https:\/\/sexshopbajolassabanas.mx\/#\/schema\/logo\/image\/\",\"url\":\"https:\/\/sexshopbajolassabanas.mx\/wp-content\/uploads\/2022\/08\/cropped-cropped-Sin-titulo-2_Mesa-de-trabajo-1.png\",\"contentUrl\":\"https:\/\/sexshopbajolassabanas.mx\/wp-content\/uploads\/2022\/08\/cropped-cropped-Sin-titulo-2_Mesa-de-trabajo-1.png\",\"width\":375,\"height\":375,\"caption\":\"sexshopbajolassabanas.mx\"},\"image\":{\"@id\":\"https:\/\/sexshopbajolassabanas.mx\/#\/schema\/logo\/image\/\"}}]}<\/script>\n<!-- \/ Yoast SEO plugin. -->","yoast_head_json":{"title":"Viagra masculino para diab\u00e9ticos - sexshopbajolassabanas.mx","robots":{"index":"index","follow":"follow","max-snippet":"max-snippet:-1","max-image-preview":"max-image-preview:large","max-video-preview":"max-video-preview:-1"},"canonical":"https:\/\/sexshopbajolassabanas.mx\/?product=viagra-masculino-para-diabeticos","og_locale":"es_MX","og_type":"article","og_title":"Viagra masculino para diab\u00e9ticos - sexshopbajolassabanas.mx","og_description":"Diab\u00e9tico o Hipertenso\u00a0caja con 10 capsulas Fortalece la erecci\u00f3n, brinda mayor energ\u00eda y control permitiendo un mejor desempe\u00f1o sexual y f\u00edsico puede mezclarse libremente con bebidas alcoh\u00f3licas sin efectos secundarios","og_url":"https:\/\/sexshopbajolassabanas.mx\/?product=viagra-masculino-para-diabeticos","og_site_name":"sexshopbajolassabanas.mx","article_modified_time":"2023-04-21T03:08:17+00:00","og_image":[{"width":1080,"height":1080,"url":"http:\/\/sexshopbajolassabanas.mx\/wp-content\/uploads\/2022\/11\/viagra-para-diabetico.png","type":"image\/png"}],"twitter_card":"summary_large_image","twitter_misc":{"Tiempo de lectura":"1 minuto"},"schema":{"@context":"https:\/\/schema.org","@graph":[{"@type":"WebPage","@id":"https:\/\/sexshopbajolassabanas.mx\/?product=viagra-masculino-para-diabeticos","url":"https:\/\/sexshopbajolassabanas.mx\/?product=viagra-masculino-para-diabeticos","name":"Viagra masculino para diab\u00e9ticos - sexshopbajolassabanas.mx","isPartOf":{"@id":"https:\/\/sexshopbajolassabanas.mx\/#website"},"datePublished":"2022-11-22T17:07:03+00:00","dateModified":"2023-04-21T03:08:17+00:00","breadcrumb":{"@id":"https:\/\/sexshopbajolassabanas.mx\/?product=viagra-masculino-para-diabeticos#breadcrumb"},"inLanguage":"es","potentialAction":[{"@type":"ReadAction","target":["https:\/\/sexshopbajolassabanas.mx\/?product=viagra-masculino-para-diabeticos"]}]},{"@type":"BreadcrumbList","@id":"https:\/\/sexshopbajolassabanas.mx\/?product=viagra-masculino-para-diabeticos#breadcrumb","itemListElement":[{"@type":"ListItem","position":1,"name":"Inicio","item":"https:\/\/sexshopbajolassabanas.mx\/"},{"@type":"ListItem","position":2,"name":"Tienda","item":"https:\/\/sexshopbajolassabanas.mx\/?page_id=38"},{"@type":"ListItem","position":3,"name":"Viagra masculino para diab\u00e9ticos"}]},{"@type":"WebSite","@id":"https:\/\/sexshopbajolassabanas.mx\/#website","url":"https:\/\/sexshopbajolassabanas.mx\/","name":"sexshopbajolassabanas.mx","description":"Sex Shop Bajo Las Sabanas","publisher":{"@id":"https:\/\/sexshopbajolassabanas.mx\/#organization"},"potentialAction":[{"@type":"SearchAction","target":{"@type":"EntryPoint","urlTemplate":"https:\/\/sexshopbajolassabanas.mx\/?s={search_term_string}"},"query-input":"required name=search_term_string"}],"inLanguage":"es"},{"@type":"Organization","@id":"https:\/\/sexshopbajolassabanas.mx\/#organization","name":"sexshopbajolassabanas.mx","url":"https:\/\/sexshopbajolassabanas.mx\/","logo":{"@type":"ImageObject","inLanguage":"es","@id":"https:\/\/sexshopbajolassabanas.mx\/#\/schema\/logo\/image\/","url":"https:\/\/sexshopbajolassabanas.mx\/wp-content\/uploads\/2022\/08\/cropped-cropped-Sin-titulo-2_Mesa-de-trabajo-1.png","contentUrl":"https:\/\/sexshopbajolassabanas.mx\/wp-content\/uploads\/2022\/08\/cropped-cropped-Sin-titulo-2_Mesa-de-trabajo-1.png","width":375,"height":375,"caption":"sexshopbajolassabanas.mx"},"image":{"@id":"https:\/\/sexshopbajolassabanas.mx\/#\/schema\/logo\/image\/"}}]}},"_links":{"self":[{"href":"https:\/\/sexshopbajolassabanas.mx\/index.php?rest_route=\/wp\/v2\/product\/6079","targetHints":{"allow":["GET"]}}],"collection":[{"href":"https:\/\/sexshopbajolassabanas.mx\/index.php?rest_route=\/wp\/v2\/product"}],"about":[{"href":"https:\/\/sexshopbajolassabanas.mx\/index.php?rest_route=\/wp\/v2\/types\/product"}],"replies":[{"embeddable":true,"href":"https:\/\/sexshopbajolassabanas.mx\/index.php?rest_route=%2Fwp%2Fv2%2Fcomments&post=6079"}],"version-history":[{"count":1,"href":"https:\/\/sexshopbajolassabanas.mx\/index.php?rest_route=\/wp\/v2\/product\/6079\/revisions"}],"predecessor-version":[{"id":6081,"href":"https:\/\/sexshopbajolassabanas.mx\/index.php?rest_route=\/wp\/v2\/product\/6079\/revisions\/6081"}],"wp:featuredmedia":[{"embeddable":true,"href":"https:\/\/sexshopbajolassabanas.mx\/index.php?rest_route=\/wp\/v2\/media\/6080"}],"wp:attachment":[{"href":"https:\/\/sexshopbajolassabanas.mx\/index.php?rest_route=%2Fwp%2Fv2%2Fmedia&parent=6079"}],"wp:term":[{"taxonomy":"product_cat","embeddable":true,"href":"https:\/\/sexshopbajolassabanas.mx\/index.php?rest_route=%2Fwp%2Fv2%2Fproduct_cat&post=6079"},{"taxonomy":"product_tag","embeddable":true,"href":"https:\/\/sexshopbajolassabanas.mx\/index.php?rest_route=%2Fwp%2Fv2%2Fproduct_tag&post=6079"},{"taxonomy":"giftcard-category","embeddable":true,"href":"https:\/\/sexshopbajolassabanas.mx\/index.php?rest_route=%2Fwp%2Fv2%2Fgiftcard-category&post=6079"}],"curies":[{"name":"wp","href":"https:\/\/api.w.org\/{rel}","templated":true}]}}