{"id":6160,"date":"2022-11-26T05:30:18","date_gmt":"2022-11-26T05:30:18","guid":{"rendered":"https:\/\/sexshopbajolassabanas.mx\/?post_type=product&#038;p=6160"},"modified":"2023-11-10T16:12:11","modified_gmt":"2023-11-10T16:12:11","slug":"multi-retardador-de-eyaculacion","status":"publish","type":"product","link":"https:\/\/sexshopbajolassabanas.mx\/?product=multi-retardador-de-eyaculacion","title":{"rendered":"Multi Retardador de Eyaculaci\u00f3n"},"content":{"rendered":"<h3><span style=\"color: #993366;\"><b>\u00a1Retardador de la eyaculaci\u00f3n hasta por 40 minutos\u00a0m\u00ednimo!<\/b><\/span><\/h3>\n<p><span style=\"font-weight: 400;\"><a href=\"https:\/\/sexshopbajolassabanas.mx\/?product_cat=sabaneros\">Sabanero<\/a>\u00a0sabemos que impresionar a tu pareja es imprescindible para ti, sentirte confiado atractivo lleno de poder , fuerte y vigorozo con <a href=\"https:\/\/sexshopbajolassabanas.mx\/?p=4846\">retardador de la eyaculaci\u00f3n<\/a> PARADISE \u00a0tu\u00a0<\/span>eyaculaci\u00f3n tendr\u00e1 un stop de por lo menos por 40 minutos, permiti\u00e9ndote jugar por m\u00e1s tiempo, pero sobre todo que tu y tu pareja disfruten al esta acarici\u00e1ndose \u00a0sacudi\u00e9ndose una y otra vez sin presiones, extiende \u00a0por mayor tiempo el coito al tomar estas pastillas.<\/p>\n<p>Nuestras c\u00e1psulas para retrasar la eyaculaci\u00f3n ,tienen el efecto de disminuir la sensibilidad del pene, por lo que permiten retardar el momento del cl\u00edmax en el hombre.<\/p>\n<p><span style=\"font-weight: 400;\">A veces por el cansancio, no comer bien o las horas debidas, el exceso de trabajo y por us puesto la edad, son factores que nos limita en un buen desempe\u00f1o sexual aun que el deseo este ah\u00ed, estas c\u00e1psulas te brindaran una aumento y proporcionar un mejor un rendimiento sexual<\/span><span style=\"font-weight: 400;\">.Puede mezclarse libremente con bebidas alcoh\u00f3licas sin efectos secundarios<\/span><\/p>\n<p><b>Presentaci\u00f3n: <\/b>Caja con 10\u00a0c\u00e1psulas<\/p>\n<p><b>Modo\u00a0 de uso <span style=\"font-weight: 400;\">omar una capsula 30 minutos previos al coito, el tiempo de efecto en el organismo de este producto es de 48 horas, durante ese tiempo no es necesario ingerirlo nuevamente. Recuerda tomar dos vaso de agua despu\u00e9s de \u00a0la toma.<\/span><\/b><\/p>\n<p><b>Cuidados.<\/b><span style=\"font-weight: 400;\">Mant\u00e9ngase en un lugar fresco y lejos del alcance de ni\u00f1os.<\/span><\/p>\n","protected":false},"excerpt":{"rendered":"<p class=\"font_8\"><strong>Multi retardador de la Eyaculaci\u00f3n<\/strong><\/p>\n<p class=\"font_8\"><strong>caja con 10 capsulas<\/strong><\/p>\n<p class=\"font_8\">Retarda la eyaculaci\u00f3n por lo menos por 40 minutos, permitiendo extender por mayor tiempo el coito puede mezclarse libremente con bebidas alcoh\u00f3licas sin efectos secundarios<\/p>\n","protected":false},"featured_media":6151,"comment_status":"open","ping_status":"closed","template":"","meta":{"om_disable_all_campaigns":false,"site-sidebar-layout":"default","site-content-layout":"default","ast-site-content-layout":"","site-content-style":"default","site-sidebar-style":"default","ast-global-header-display":"","ast-banner-title-visibility":"","ast-main-header-display":"","ast-hfb-above-header-display":"disabled","ast-hfb-below-header-display":"","ast-hfb-mobile-header-display":"","site-post-title":"","ast-breadcrumbs-content":"","ast-featured-img":"","footer-sml-layout":"","theme-transparent-header-meta":"default","adv-header-id-meta":"","stick-header-meta":"","header-above-stick-meta":"","header-main-stick-meta":"","header-below-stick-meta":"","astra-migrate-meta-layouts":"default","ast-page-background-enabled":"default","ast-page-background-meta":{"desktop":{"background-color":"","background-image":"","background-repeat":"repeat","background-position":"center center","background-size":"auto","background-attachment":"scroll","background-type":"","background-media":"","overlay-type":"","overlay-color":"","overlay-opacity":"","overlay-gradient":""},"tablet":{"background-color":"","background-image":"","background-repeat":"repeat","background-position":"center center","background-size":"auto","background-attachment":"scroll","background-type":"","background-media":"","overlay-type":"","overlay-color":"","overlay-opacity":"","overlay-gradient":""},"mobile":{"background-color":"","background-image":"","background-repeat":"repeat","background-position":"center center","background-size":"auto","background-attachment":"scroll","background-type":"","background-media":"","overlay-type":"","overlay-color":"","overlay-opacity":"","overlay-gradient":""}},"ast-content-background-meta":{"desktop":{"background-color":"var(--ast-global-color-5)","background-image":"","background-repeat":"repeat","background-position":"center center","background-size":"auto","background-attachment":"scroll","background-type":"","background-media":"","overlay-type":"","overlay-color":"","overlay-opacity":"","overlay-gradient":""},"tablet":{"background-color":"var(--ast-global-color-5)","background-image":"","background-repeat":"repeat","background-position":"center center","background-size":"auto","background-attachment":"scroll","background-type":"","background-media":"","overlay-type":"","overlay-color":"","overlay-opacity":"","overlay-gradient":""},"mobile":{"background-color":"var(--ast-global-color-5)","background-image":"","background-repeat":"repeat","background-position":"center center","background-size":"auto","background-attachment":"scroll","background-type":"","background-media":"","overlay-type":"","overlay-color":"","overlay-opacity":"","overlay-gradient":""}},"_joinchat":[]},"product_cat":[108,196,40],"product_tag":[],"giftcard-category":[],"class_list":{"0":"post-6160","1":"product","2":"type-product","3":"status-publish","4":"has-post-thumbnail","6":"product_cat-rendimiento-sexual-el","7":"product_cat-sabaneres","8":"product_cat-sabaneros","9":"desktop-align-left","10":"tablet-align-left","11":"mobile-align-left","13":"first","14":"instock","15":"taxable","16":"shipping-taxable","17":"purchasable","18":"product-type-simple"},"yoast_head":"<!-- This site is optimized with the Yoast SEO plugin v20.5 - https:\/\/yoast.com\/wordpress\/plugins\/seo\/ -->\n<title>Multi Retardador de Eyaculaci\u00f3n - sexshopbajolassabanas.mx<\/title>\n<meta name=\"description\" content=\"Retardador de Eyaculaci\u00f3n, tienen el efecto de disminuir la sensibilidad del pene, por lo que permiten retardar el momento del cl\u00edmax en el hombre.\" \/>\n<meta name=\"robots\" content=\"index, follow, max-snippet:-1, max-image-preview:large, max-video-preview:-1\" \/>\n<link rel=\"canonical\" href=\"https:\/\/sexshopbajolassabanas.mx\/?product=multi-retardador-de-eyaculacion\" \/>\n<meta property=\"og:locale\" content=\"es_MX\" \/>\n<meta property=\"og:type\" content=\"article\" \/>\n<meta property=\"og:title\" content=\"Multi Retardador de Eyaculaci\u00f3n - sexshopbajolassabanas.mx\" \/>\n<meta property=\"og:description\" content=\"Retardador de Eyaculaci\u00f3n, tienen el efecto de disminuir la sensibilidad del pene, por lo que permiten retardar el momento del cl\u00edmax en el hombre.\" \/>\n<meta property=\"og:url\" content=\"https:\/\/sexshopbajolassabanas.mx\/?product=multi-retardador-de-eyaculacion\" \/>\n<meta property=\"og:site_name\" content=\"sexshopbajolassabanas.mx\" \/>\n<meta property=\"article:modified_time\" content=\"2023-11-10T16:12:11+00:00\" \/>\n<meta property=\"og:image\" content=\"http:\/\/sexshopbajolassabanas.mx\/wp-content\/uploads\/2022\/11\/retardante-de-eyaculacion.png\" \/>\n\t<meta property=\"og:image:width\" content=\"1080\" \/>\n\t<meta property=\"og:image:height\" content=\"1080\" \/>\n\t<meta property=\"og:image:type\" content=\"image\/png\" \/>\n<meta name=\"twitter:card\" content=\"summary_large_image\" \/>\n<meta name=\"twitter:label1\" content=\"Tiempo de lectura\" \/>\n\t<meta name=\"twitter:data1\" content=\"2 minutos\" \/>\n<script type=\"application\/ld+json\" class=\"yoast-schema-graph\">{\"@context\":\"https:\/\/schema.org\",\"@graph\":[{\"@type\":\"WebPage\",\"@id\":\"https:\/\/sexshopbajolassabanas.mx\/?product=multi-retardador-de-eyaculacion\",\"url\":\"https:\/\/sexshopbajolassabanas.mx\/?product=multi-retardador-de-eyaculacion\",\"name\":\"Multi Retardador de Eyaculaci\u00f3n - sexshopbajolassabanas.mx\",\"isPartOf\":{\"@id\":\"https:\/\/sexshopbajolassabanas.mx\/#website\"},\"datePublished\":\"2022-11-26T05:30:18+00:00\",\"dateModified\":\"2023-11-10T16:12:11+00:00\",\"description\":\"Retardador de Eyaculaci\u00f3n, tienen el efecto de disminuir la sensibilidad del pene, por lo que permiten retardar el momento del cl\u00edmax en el hombre.\",\"breadcrumb\":{\"@id\":\"https:\/\/sexshopbajolassabanas.mx\/?product=multi-retardador-de-eyaculacion#breadcrumb\"},\"inLanguage\":\"es\",\"potentialAction\":[{\"@type\":\"ReadAction\",\"target\":[\"https:\/\/sexshopbajolassabanas.mx\/?product=multi-retardador-de-eyaculacion\"]}]},{\"@type\":\"BreadcrumbList\",\"@id\":\"https:\/\/sexshopbajolassabanas.mx\/?product=multi-retardador-de-eyaculacion#breadcrumb\",\"itemListElement\":[{\"@type\":\"ListItem\",\"position\":1,\"name\":\"Inicio\",\"item\":\"https:\/\/sexshopbajolassabanas.mx\/\"},{\"@type\":\"ListItem\",\"position\":2,\"name\":\"Tienda\",\"item\":\"https:\/\/sexshopbajolassabanas.mx\/?page_id=38\"},{\"@type\":\"ListItem\",\"position\":3,\"name\":\"Multi Retardador de Eyaculaci\u00f3n\"}]},{\"@type\":\"WebSite\",\"@id\":\"https:\/\/sexshopbajolassabanas.mx\/#website\",\"url\":\"https:\/\/sexshopbajolassabanas.mx\/\",\"name\":\"sexshopbajolassabanas.mx\",\"description\":\"Sex Shop Bajo Las Sabanas\",\"publisher\":{\"@id\":\"https:\/\/sexshopbajolassabanas.mx\/#organization\"},\"potentialAction\":[{\"@type\":\"SearchAction\",\"target\":{\"@type\":\"EntryPoint\",\"urlTemplate\":\"https:\/\/sexshopbajolassabanas.mx\/?s={search_term_string}\"},\"query-input\":\"required name=search_term_string\"}],\"inLanguage\":\"es\"},{\"@type\":\"Organization\",\"@id\":\"https:\/\/sexshopbajolassabanas.mx\/#organization\",\"name\":\"sexshopbajolassabanas.mx\",\"url\":\"https:\/\/sexshopbajolassabanas.mx\/\",\"logo\":{\"@type\":\"ImageObject\",\"inLanguage\":\"es\",\"@id\":\"https:\/\/sexshopbajolassabanas.mx\/#\/schema\/logo\/image\/\",\"url\":\"https:\/\/sexshopbajolassabanas.mx\/wp-content\/uploads\/2022\/08\/cropped-cropped-Sin-titulo-2_Mesa-de-trabajo-1.png\",\"contentUrl\":\"https:\/\/sexshopbajolassabanas.mx\/wp-content\/uploads\/2022\/08\/cropped-cropped-Sin-titulo-2_Mesa-de-trabajo-1.png\",\"width\":375,\"height\":375,\"caption\":\"sexshopbajolassabanas.mx\"},\"image\":{\"@id\":\"https:\/\/sexshopbajolassabanas.mx\/#\/schema\/logo\/image\/\"}}]}<\/script>\n<!-- \/ Yoast SEO plugin. -->","yoast_head_json":{"title":"Multi Retardador de Eyaculaci\u00f3n - sexshopbajolassabanas.mx","description":"Retardador de Eyaculaci\u00f3n, tienen el efecto de disminuir la sensibilidad del pene, por lo que permiten retardar el momento del cl\u00edmax en el hombre.","robots":{"index":"index","follow":"follow","max-snippet":"max-snippet:-1","max-image-preview":"max-image-preview:large","max-video-preview":"max-video-preview:-1"},"canonical":"https:\/\/sexshopbajolassabanas.mx\/?product=multi-retardador-de-eyaculacion","og_locale":"es_MX","og_type":"article","og_title":"Multi Retardador de Eyaculaci\u00f3n - sexshopbajolassabanas.mx","og_description":"Retardador de Eyaculaci\u00f3n, tienen el efecto de disminuir la sensibilidad del pene, por lo que permiten retardar el momento del cl\u00edmax en el hombre.","og_url":"https:\/\/sexshopbajolassabanas.mx\/?product=multi-retardador-de-eyaculacion","og_site_name":"sexshopbajolassabanas.mx","article_modified_time":"2023-11-10T16:12:11+00:00","og_image":[{"width":1080,"height":1080,"url":"http:\/\/sexshopbajolassabanas.mx\/wp-content\/uploads\/2022\/11\/retardante-de-eyaculacion.png","type":"image\/png"}],"twitter_card":"summary_large_image","twitter_misc":{"Tiempo de lectura":"2 minutos"},"schema":{"@context":"https:\/\/schema.org","@graph":[{"@type":"WebPage","@id":"https:\/\/sexshopbajolassabanas.mx\/?product=multi-retardador-de-eyaculacion","url":"https:\/\/sexshopbajolassabanas.mx\/?product=multi-retardador-de-eyaculacion","name":"Multi Retardador de Eyaculaci\u00f3n - sexshopbajolassabanas.mx","isPartOf":{"@id":"https:\/\/sexshopbajolassabanas.mx\/#website"},"datePublished":"2022-11-26T05:30:18+00:00","dateModified":"2023-11-10T16:12:11+00:00","description":"Retardador de Eyaculaci\u00f3n, tienen el efecto de disminuir la sensibilidad del pene, por lo que permiten retardar el momento del cl\u00edmax en el hombre.","breadcrumb":{"@id":"https:\/\/sexshopbajolassabanas.mx\/?product=multi-retardador-de-eyaculacion#breadcrumb"},"inLanguage":"es","potentialAction":[{"@type":"ReadAction","target":["https:\/\/sexshopbajolassabanas.mx\/?product=multi-retardador-de-eyaculacion"]}]},{"@type":"BreadcrumbList","@id":"https:\/\/sexshopbajolassabanas.mx\/?product=multi-retardador-de-eyaculacion#breadcrumb","itemListElement":[{"@type":"ListItem","position":1,"name":"Inicio","item":"https:\/\/sexshopbajolassabanas.mx\/"},{"@type":"ListItem","position":2,"name":"Tienda","item":"https:\/\/sexshopbajolassabanas.mx\/?page_id=38"},{"@type":"ListItem","position":3,"name":"Multi Retardador de Eyaculaci\u00f3n"}]},{"@type":"WebSite","@id":"https:\/\/sexshopbajolassabanas.mx\/#website","url":"https:\/\/sexshopbajolassabanas.mx\/","name":"sexshopbajolassabanas.mx","description":"Sex Shop Bajo Las Sabanas","publisher":{"@id":"https:\/\/sexshopbajolassabanas.mx\/#organization"},"potentialAction":[{"@type":"SearchAction","target":{"@type":"EntryPoint","urlTemplate":"https:\/\/sexshopbajolassabanas.mx\/?s={search_term_string}"},"query-input":"required name=search_term_string"}],"inLanguage":"es"},{"@type":"Organization","@id":"https:\/\/sexshopbajolassabanas.mx\/#organization","name":"sexshopbajolassabanas.mx","url":"https:\/\/sexshopbajolassabanas.mx\/","logo":{"@type":"ImageObject","inLanguage":"es","@id":"https:\/\/sexshopbajolassabanas.mx\/#\/schema\/logo\/image\/","url":"https:\/\/sexshopbajolassabanas.mx\/wp-content\/uploads\/2022\/08\/cropped-cropped-Sin-titulo-2_Mesa-de-trabajo-1.png","contentUrl":"https:\/\/sexshopbajolassabanas.mx\/wp-content\/uploads\/2022\/08\/cropped-cropped-Sin-titulo-2_Mesa-de-trabajo-1.png","width":375,"height":375,"caption":"sexshopbajolassabanas.mx"},"image":{"@id":"https:\/\/sexshopbajolassabanas.mx\/#\/schema\/logo\/image\/"}}]}},"_links":{"self":[{"href":"https:\/\/sexshopbajolassabanas.mx\/index.php?rest_route=\/wp\/v2\/product\/6160","targetHints":{"allow":["GET"]}}],"collection":[{"href":"https:\/\/sexshopbajolassabanas.mx\/index.php?rest_route=\/wp\/v2\/product"}],"about":[{"href":"https:\/\/sexshopbajolassabanas.mx\/index.php?rest_route=\/wp\/v2\/types\/product"}],"replies":[{"embeddable":true,"href":"https:\/\/sexshopbajolassabanas.mx\/index.php?rest_route=%2Fwp%2Fv2%2Fcomments&post=6160"}],"version-history":[{"count":4,"href":"https:\/\/sexshopbajolassabanas.mx\/index.php?rest_route=\/wp\/v2\/product\/6160\/revisions"}],"predecessor-version":[{"id":7076,"href":"https:\/\/sexshopbajolassabanas.mx\/index.php?rest_route=\/wp\/v2\/product\/6160\/revisions\/7076"}],"wp:featuredmedia":[{"embeddable":true,"href":"https:\/\/sexshopbajolassabanas.mx\/index.php?rest_route=\/wp\/v2\/media\/6151"}],"wp:attachment":[{"href":"https:\/\/sexshopbajolassabanas.mx\/index.php?rest_route=%2Fwp%2Fv2%2Fmedia&parent=6160"}],"wp:term":[{"taxonomy":"product_cat","embeddable":true,"href":"https:\/\/sexshopbajolassabanas.mx\/index.php?rest_route=%2Fwp%2Fv2%2Fproduct_cat&post=6160"},{"taxonomy":"product_tag","embeddable":true,"href":"https:\/\/sexshopbajolassabanas.mx\/index.php?rest_route=%2Fwp%2Fv2%2Fproduct_tag&post=6160"},{"taxonomy":"giftcard-category","embeddable":true,"href":"https:\/\/sexshopbajolassabanas.mx\/index.php?rest_route=%2Fwp%2Fv2%2Fgiftcard-category&post=6160"}],"curies":[{"name":"wp","href":"https:\/\/api.w.org\/{rel}","templated":true}]}}