{"id":6326,"date":"2022-12-09T20:00:23","date_gmt":"2022-12-09T20:00:23","guid":{"rendered":"https:\/\/sexshopbajolassabanas.mx\/?post_type=product&#038;p=6326"},"modified":"2024-02-18T02:51:59","modified_gmt":"2024-02-18T02:51:59","slug":"vibrador-femenino-doble-pulsacion","status":"publish","type":"product","link":"https:\/\/sexshopbajolassabanas.mx\/?product=vibrador-femenino-doble-pulsacion","title":{"rendered":"Vibrador femenino doble pulsaci\u00f3n"},"content":{"rendered":"<h3><span style=\"color: #ff00ff;\"><b>\u00a1M\u00e1s que un vibrador femenino es el Eden del placer!<\/b><\/span><\/h3>\n<p>Este vibrador femenino sabanera es incre\u00edble y te voy a contar cual es la raz\u00f3n, tiene doble motor, que puedes configurar individual o simult\u00e1neamente, por un lado tendr\u00e1s una punta redondeada para una vibraci\u00f3n localizada,<a href=\"https:\/\/sexshopbajolassabanas.mx\/?product_cat=lubricantes\"> lubrica<\/a> bien la punta estimula y masaje tus labios vaginales, con su punta redondeada y delgada, puedes llegar espec\u00edficamente a tus zonas de alto nivel de estimulaci\u00f3n como tu cl\u00edtoris, p\u00e1salo acarici\u00e1ndolo suavemente hasta el \u00e9xtasis de placer, este vibrador femenino, del otro lado encontrar\u00e1s la parte penetrable de este vibrador, donde en su punta esta la zona pulsante y podr\u00e1s sentir en tu zona A y G al penetrar y lograr as\u00ed una fiesta de pura gozadera, aqu\u00ed en <a href=\"https:\/\/sexshopbajolassabanas.mx\">Bajo las\u00a0 S\u00e1banas<\/a>. Recuerda que con este vibrador puedes jugar tambi\u00e9n con tu pareja y excitarlo en todas partes de su cuerpo que tu conoces que le encanta.<\/p>\n<p>Recargable<\/p>\n<p>Impermeable<\/p>\n<p>Pulsaciones y vibraci\u00f3n localizada<\/p>\n<p>15 niveles de pulsaciones<\/p>\n<p>7 niveles de vibraci\u00f3n<\/p>\n<p>100% silic\u00f3n grado m\u00e9dico, recargable, a prueba de agua y sumergible<\/p>\n<p><b>Presentaci\u00f3n: Caja con vibrador, bolsa hipoalerg\u00e9nica y cargador incluidos.\u00a0<\/b><\/p>\n<p><b>Forma de uso<\/b><b>: <\/b>Basta con cargar durante 90 minutos tu vibrador, controla la velocidad de cada motor con los botones de f\u00e1cil acceso en el mango de tu juguete y disfruta con cada uno de sus niveles. Puedes sumergirlo en la ba\u00f1era, ducha o bajo el agua sin ning\u00fan inconveniente.<\/p>\n<p><b>Cuidados:<\/b>\u00a0Antes y despu\u00e9s del uso se recomienda limpiarlo con un <a href=\"https:\/\/sexshopbajolassabanas.mx\/?product_cat=limpieza-e-higiene\">shampoo hipoalerg\u00e9nico<\/a> nuestros limpiadores para juguetes. Cons\u00e9rvese cerrado en un lugar fresco no mayor a 30\u00ba. Prot\u00e9jase de la luz solar y el polvo.<\/p>\n","protected":false},"excerpt":{"rendered":"<p>Sabaneras, este Vibrador femenino de doble pulsaci\u00f3n, es inigualable ya que tiene vibraci\u00f3n localizada, para tus zonas er\u00f3genas y alcances la mayor plenitud.<\/p>\n<p>Recargable<\/p>\n<p>Impermeable<\/p>\n<p>Pulsaciones y vibraci\u00f3n localizada<\/p>\n<p>15 niveles de pulsaciones<\/p>\n<p>7 niveles de vibraci\u00f3n<\/p>\n<p>100% silic\u00f3n grado m\u00e9dico, recargable, a prueba de agua y sumergible<\/p>\n","protected":false},"featured_media":6342,"comment_status":"open","ping_status":"closed","template":"","meta":{"om_disable_all_campaigns":false,"site-sidebar-layout":"default","site-content-layout":"default","ast-site-content-layout":"","site-content-style":"default","site-sidebar-style":"default","ast-global-header-display":"","ast-banner-title-visibility":"","ast-main-header-display":"","ast-hfb-above-header-display":"disabled","ast-hfb-below-header-display":"","ast-hfb-mobile-header-display":"","site-post-title":"","ast-breadcrumbs-content":"","ast-featured-img":"","footer-sml-layout":"","theme-transparent-header-meta":"default","adv-header-id-meta":"","stick-header-meta":"","header-above-stick-meta":"","header-main-stick-meta":"","header-below-stick-meta":"","astra-migrate-meta-layouts":"default","ast-page-background-enabled":"default","ast-page-background-meta":{"desktop":{"background-color":"","background-image":"","background-repeat":"repeat","background-position":"center center","background-size":"auto","background-attachment":"scroll","background-type":"","background-media":"","overlay-type":"","overlay-color":"","overlay-opacity":"","overlay-gradient":""},"tablet":{"background-color":"","background-image":"","background-repeat":"repeat","background-position":"center center","background-size":"auto","background-attachment":"scroll","background-type":"","background-media":"","overlay-type":"","overlay-color":"","overlay-opacity":"","overlay-gradient":""},"mobile":{"background-color":"","background-image":"","background-repeat":"repeat","background-position":"center center","background-size":"auto","background-attachment":"scroll","background-type":"","background-media":"","overlay-type":"","overlay-color":"","overlay-opacity":"","overlay-gradient":""}},"ast-content-background-meta":{"desktop":{"background-color":"var(--ast-global-color-5)","background-image":"","background-repeat":"repeat","background-position":"center center","background-size":"auto","background-attachment":"scroll","background-type":"","background-media":"","overlay-type":"","overlay-color":"","overlay-opacity":"","overlay-gradient":""},"tablet":{"background-color":"var(--ast-global-color-5)","background-image":"","background-repeat":"repeat","background-position":"center center","background-size":"auto","background-attachment":"scroll","background-type":"","background-media":"","overlay-type":"","overlay-color":"","overlay-opacity":"","overlay-gradient":""},"mobile":{"background-color":"var(--ast-global-color-5)","background-image":"","background-repeat":"repeat","background-position":"center center","background-size":"auto","background-attachment":"scroll","background-type":"","background-media":"","overlay-type":"","overlay-color":"","overlay-opacity":"","overlay-gradient":""}},"_joinchat":[]},"product_cat":[48,196,40,71],"product_tag":[],"giftcard-category":[],"class_list":{"0":"post-6326","1":"product","2":"type-product","3":"status-publish","4":"has-post-thumbnail","6":"product_cat-sabaneras","7":"product_cat-sabaneres","8":"product_cat-sabaneros","9":"product_cat-vibradores","10":"desktop-align-left","11":"tablet-align-left","12":"mobile-align-left","14":"first","15":"instock","16":"featured","17":"taxable","18":"shipping-taxable","19":"purchasable","20":"product-type-variable"},"yoast_head":"<!-- This site is optimized with the Yoast SEO plugin v20.5 - https:\/\/yoast.com\/wordpress\/plugins\/seo\/ -->\n<title>Vibrador femenino doble pulsaci\u00f3n - sexshopbajolassabanas.mx<\/title>\n<meta name=\"description\" content=\"Sabaneras, este Vibrador femenino de doble pulsaci\u00f3n, es inigualable ya que tiene vibraci\u00f3n localizada, para tus zonas er\u00f3genas y alcances la mayor plenitud\" \/>\n<meta name=\"robots\" content=\"index, follow, max-snippet:-1, max-image-preview:large, max-video-preview:-1\" \/>\n<link rel=\"canonical\" href=\"https:\/\/sexshopbajolassabanas.mx\/?product=vibrador-femenino-doble-pulsacion\" \/>\n<meta property=\"og:locale\" content=\"es_MX\" \/>\n<meta property=\"og:type\" content=\"article\" \/>\n<meta property=\"og:title\" content=\"Vibrador femenino doble pulsaci\u00f3n - sexshopbajolassabanas.mx\" \/>\n<meta property=\"og:description\" content=\"Sabaneras, este Vibrador femenino de doble pulsaci\u00f3n, es inigualable ya que tiene vibraci\u00f3n localizada, para tus zonas er\u00f3genas y alcances la mayor plenitud\" \/>\n<meta property=\"og:url\" content=\"https:\/\/sexshopbajolassabanas.mx\/?product=vibrador-femenino-doble-pulsacion\" \/>\n<meta property=\"og:site_name\" content=\"sexshopbajolassabanas.mx\" \/>\n<meta property=\"article:modified_time\" content=\"2024-02-18T02:51:59+00:00\" \/>\n<meta property=\"og:image\" content=\"http:\/\/sexshopbajolassabanas.mx\/wp-content\/uploads\/2022\/12\/Vibrador-femenino-1.png\" \/>\n\t<meta property=\"og:image:width\" content=\"1080\" \/>\n\t<meta property=\"og:image:height\" content=\"1080\" \/>\n\t<meta property=\"og:image:type\" content=\"image\/png\" \/>\n<meta name=\"twitter:card\" content=\"summary_large_image\" \/>\n<meta name=\"twitter:label1\" content=\"Tiempo de lectura\" \/>\n\t<meta name=\"twitter:data1\" content=\"2 minutos\" \/>\n<script type=\"application\/ld+json\" class=\"yoast-schema-graph\">{\"@context\":\"https:\/\/schema.org\",\"@graph\":[{\"@type\":\"WebPage\",\"@id\":\"https:\/\/sexshopbajolassabanas.mx\/?product=vibrador-femenino-doble-pulsacion\",\"url\":\"https:\/\/sexshopbajolassabanas.mx\/?product=vibrador-femenino-doble-pulsacion\",\"name\":\"Vibrador femenino doble pulsaci\u00f3n - sexshopbajolassabanas.mx\",\"isPartOf\":{\"@id\":\"https:\/\/sexshopbajolassabanas.mx\/#website\"},\"datePublished\":\"2022-12-09T20:00:23+00:00\",\"dateModified\":\"2024-02-18T02:51:59+00:00\",\"description\":\"Sabaneras, este Vibrador femenino de doble pulsaci\u00f3n, es inigualable ya que tiene vibraci\u00f3n localizada, para tus zonas er\u00f3genas y alcances la mayor plenitud\",\"breadcrumb\":{\"@id\":\"https:\/\/sexshopbajolassabanas.mx\/?product=vibrador-femenino-doble-pulsacion#breadcrumb\"},\"inLanguage\":\"es\",\"potentialAction\":[{\"@type\":\"ReadAction\",\"target\":[\"https:\/\/sexshopbajolassabanas.mx\/?product=vibrador-femenino-doble-pulsacion\"]}]},{\"@type\":\"BreadcrumbList\",\"@id\":\"https:\/\/sexshopbajolassabanas.mx\/?product=vibrador-femenino-doble-pulsacion#breadcrumb\",\"itemListElement\":[{\"@type\":\"ListItem\",\"position\":1,\"name\":\"Inicio\",\"item\":\"https:\/\/sexshopbajolassabanas.mx\/\"},{\"@type\":\"ListItem\",\"position\":2,\"name\":\"Tienda\",\"item\":\"https:\/\/sexshopbajolassabanas.mx\/?page_id=38\"},{\"@type\":\"ListItem\",\"position\":3,\"name\":\"Vibrador femenino doble pulsaci\u00f3n\"}]},{\"@type\":\"WebSite\",\"@id\":\"https:\/\/sexshopbajolassabanas.mx\/#website\",\"url\":\"https:\/\/sexshopbajolassabanas.mx\/\",\"name\":\"sexshopbajolassabanas.mx\",\"description\":\"Sex Shop Bajo Las Sabanas\",\"publisher\":{\"@id\":\"https:\/\/sexshopbajolassabanas.mx\/#organization\"},\"potentialAction\":[{\"@type\":\"SearchAction\",\"target\":{\"@type\":\"EntryPoint\",\"urlTemplate\":\"https:\/\/sexshopbajolassabanas.mx\/?s={search_term_string}\"},\"query-input\":\"required name=search_term_string\"}],\"inLanguage\":\"es\"},{\"@type\":\"Organization\",\"@id\":\"https:\/\/sexshopbajolassabanas.mx\/#organization\",\"name\":\"sexshopbajolassabanas.mx\",\"url\":\"https:\/\/sexshopbajolassabanas.mx\/\",\"logo\":{\"@type\":\"ImageObject\",\"inLanguage\":\"es\",\"@id\":\"https:\/\/sexshopbajolassabanas.mx\/#\/schema\/logo\/image\/\",\"url\":\"https:\/\/sexshopbajolassabanas.mx\/wp-content\/uploads\/2022\/08\/cropped-cropped-Sin-titulo-2_Mesa-de-trabajo-1.png\",\"contentUrl\":\"https:\/\/sexshopbajolassabanas.mx\/wp-content\/uploads\/2022\/08\/cropped-cropped-Sin-titulo-2_Mesa-de-trabajo-1.png\",\"width\":375,\"height\":375,\"caption\":\"sexshopbajolassabanas.mx\"},\"image\":{\"@id\":\"https:\/\/sexshopbajolassabanas.mx\/#\/schema\/logo\/image\/\"}}]}<\/script>\n<!-- \/ Yoast SEO plugin. -->","yoast_head_json":{"title":"Vibrador femenino doble pulsaci\u00f3n - sexshopbajolassabanas.mx","description":"Sabaneras, este Vibrador femenino de doble pulsaci\u00f3n, es inigualable ya que tiene vibraci\u00f3n localizada, para tus zonas er\u00f3genas y alcances la mayor plenitud","robots":{"index":"index","follow":"follow","max-snippet":"max-snippet:-1","max-image-preview":"max-image-preview:large","max-video-preview":"max-video-preview:-1"},"canonical":"https:\/\/sexshopbajolassabanas.mx\/?product=vibrador-femenino-doble-pulsacion","og_locale":"es_MX","og_type":"article","og_title":"Vibrador femenino doble pulsaci\u00f3n - sexshopbajolassabanas.mx","og_description":"Sabaneras, este Vibrador femenino de doble pulsaci\u00f3n, es inigualable ya que tiene vibraci\u00f3n localizada, para tus zonas er\u00f3genas y alcances la mayor plenitud","og_url":"https:\/\/sexshopbajolassabanas.mx\/?product=vibrador-femenino-doble-pulsacion","og_site_name":"sexshopbajolassabanas.mx","article_modified_time":"2024-02-18T02:51:59+00:00","og_image":[{"width":1080,"height":1080,"url":"http:\/\/sexshopbajolassabanas.mx\/wp-content\/uploads\/2022\/12\/Vibrador-femenino-1.png","type":"image\/png"}],"twitter_card":"summary_large_image","twitter_misc":{"Tiempo de lectura":"2 minutos"},"schema":{"@context":"https:\/\/schema.org","@graph":[{"@type":"WebPage","@id":"https:\/\/sexshopbajolassabanas.mx\/?product=vibrador-femenino-doble-pulsacion","url":"https:\/\/sexshopbajolassabanas.mx\/?product=vibrador-femenino-doble-pulsacion","name":"Vibrador femenino doble pulsaci\u00f3n - sexshopbajolassabanas.mx","isPartOf":{"@id":"https:\/\/sexshopbajolassabanas.mx\/#website"},"datePublished":"2022-12-09T20:00:23+00:00","dateModified":"2024-02-18T02:51:59+00:00","description":"Sabaneras, este Vibrador femenino de doble pulsaci\u00f3n, es inigualable ya que tiene vibraci\u00f3n localizada, para tus zonas er\u00f3genas y alcances la mayor plenitud","breadcrumb":{"@id":"https:\/\/sexshopbajolassabanas.mx\/?product=vibrador-femenino-doble-pulsacion#breadcrumb"},"inLanguage":"es","potentialAction":[{"@type":"ReadAction","target":["https:\/\/sexshopbajolassabanas.mx\/?product=vibrador-femenino-doble-pulsacion"]}]},{"@type":"BreadcrumbList","@id":"https:\/\/sexshopbajolassabanas.mx\/?product=vibrador-femenino-doble-pulsacion#breadcrumb","itemListElement":[{"@type":"ListItem","position":1,"name":"Inicio","item":"https:\/\/sexshopbajolassabanas.mx\/"},{"@type":"ListItem","position":2,"name":"Tienda","item":"https:\/\/sexshopbajolassabanas.mx\/?page_id=38"},{"@type":"ListItem","position":3,"name":"Vibrador femenino doble pulsaci\u00f3n"}]},{"@type":"WebSite","@id":"https:\/\/sexshopbajolassabanas.mx\/#website","url":"https:\/\/sexshopbajolassabanas.mx\/","name":"sexshopbajolassabanas.mx","description":"Sex Shop Bajo Las Sabanas","publisher":{"@id":"https:\/\/sexshopbajolassabanas.mx\/#organization"},"potentialAction":[{"@type":"SearchAction","target":{"@type":"EntryPoint","urlTemplate":"https:\/\/sexshopbajolassabanas.mx\/?s={search_term_string}"},"query-input":"required name=search_term_string"}],"inLanguage":"es"},{"@type":"Organization","@id":"https:\/\/sexshopbajolassabanas.mx\/#organization","name":"sexshopbajolassabanas.mx","url":"https:\/\/sexshopbajolassabanas.mx\/","logo":{"@type":"ImageObject","inLanguage":"es","@id":"https:\/\/sexshopbajolassabanas.mx\/#\/schema\/logo\/image\/","url":"https:\/\/sexshopbajolassabanas.mx\/wp-content\/uploads\/2022\/08\/cropped-cropped-Sin-titulo-2_Mesa-de-trabajo-1.png","contentUrl":"https:\/\/sexshopbajolassabanas.mx\/wp-content\/uploads\/2022\/08\/cropped-cropped-Sin-titulo-2_Mesa-de-trabajo-1.png","width":375,"height":375,"caption":"sexshopbajolassabanas.mx"},"image":{"@id":"https:\/\/sexshopbajolassabanas.mx\/#\/schema\/logo\/image\/"}}]}},"_links":{"self":[{"href":"https:\/\/sexshopbajolassabanas.mx\/index.php?rest_route=\/wp\/v2\/product\/6326","targetHints":{"allow":["GET"]}}],"collection":[{"href":"https:\/\/sexshopbajolassabanas.mx\/index.php?rest_route=\/wp\/v2\/product"}],"about":[{"href":"https:\/\/sexshopbajolassabanas.mx\/index.php?rest_route=\/wp\/v2\/types\/product"}],"replies":[{"embeddable":true,"href":"https:\/\/sexshopbajolassabanas.mx\/index.php?rest_route=%2Fwp%2Fv2%2Fcomments&post=6326"}],"version-history":[{"count":1,"href":"https:\/\/sexshopbajolassabanas.mx\/index.php?rest_route=\/wp\/v2\/product\/6326\/revisions"}],"predecessor-version":[{"id":6345,"href":"https:\/\/sexshopbajolassabanas.mx\/index.php?rest_route=\/wp\/v2\/product\/6326\/revisions\/6345"}],"wp:featuredmedia":[{"embeddable":true,"href":"https:\/\/sexshopbajolassabanas.mx\/index.php?rest_route=\/wp\/v2\/media\/6342"}],"wp:attachment":[{"href":"https:\/\/sexshopbajolassabanas.mx\/index.php?rest_route=%2Fwp%2Fv2%2Fmedia&parent=6326"}],"wp:term":[{"taxonomy":"product_cat","embeddable":true,"href":"https:\/\/sexshopbajolassabanas.mx\/index.php?rest_route=%2Fwp%2Fv2%2Fproduct_cat&post=6326"},{"taxonomy":"product_tag","embeddable":true,"href":"https:\/\/sexshopbajolassabanas.mx\/index.php?rest_route=%2Fwp%2Fv2%2Fproduct_tag&post=6326"},{"taxonomy":"giftcard-category","embeddable":true,"href":"https:\/\/sexshopbajolassabanas.mx\/index.php?rest_route=%2Fwp%2Fv2%2Fgiftcard-category&post=6326"}],"curies":[{"name":"wp","href":"https:\/\/api.w.org\/{rel}","templated":true}]}}