{"id":6401,"date":"2022-12-12T21:22:16","date_gmt":"2022-12-12T21:22:16","guid":{"rendered":"https:\/\/sexshopbajolassabanas.mx\/?post_type=product&#038;p=6401"},"modified":"2024-05-27T06:56:30","modified_gmt":"2024-05-27T06:56:30","slug":"dilatador-anal-y-lubricante-comestible","status":"publish","type":"product","link":"https:\/\/sexshopbajolassabanas.mx\/?product=dilatador-anal-y-lubricante-comestible","title":{"rendered":"Dilatador anal y lubricante comestible"},"content":{"rendered":"<h3><span style=\"color: #ff00ff;\"><b>\u00a1Disfruta del sexo anal como nunca, con Dilatador anal lubricante comestible!<\/b><\/span><\/h3>\n<p>Sabaneros, sabaneras y sabaneros, siempre intentando explorar cambiar la rutina y tanto que nos han hablado de lo rico que es el sexo anal que queremos experimentarlo y practicarlo en nuestra vida intimida, debes de saber que el ano no lubrica para nada y es muy imprescindible que lo ayudemos con el lubricante de tu preferencia, te presento este dilatador anal lubricante comestible, dise\u00f1ado para facilitar la penetraci\u00f3n anallibre de dolor y llena de placer, es con un deliciosa textura de seda , lo que permitir\u00e1 tener un coito mucho mas delicioso y sin sacrificar tu satisfacci\u00f3n.<\/p>\n<p>Este dilatador anal lubricante comestible, abre los anillos del esf\u00ednter al mismo tiempo que desinfecta el arrea gracias a su desinfectante grado quir\u00fargico U-510. Disfruta de una nueva experiencia y descubre sensaciones nuevas e incre\u00edblemente satisfactoria\u00a0el cual permite tener la confianza de una actividad limpia sin riesgos de infecciones de tipo urinario.<\/p>\n<p>Ademas este <a href=\"https:\/\/sexshopbajolassabanas.mx\/?product_cat=lubricantes-anales\">lubricante anal<\/a> no mancha y no te deja una sensaci\u00f3n grasosa.Disfruta de una experiencia llena de placer y alcanza el \u00e9xtasis con sensaciones \u00fanicas.<\/p>\n<p>Descubre y vive nuevas experiencias con la confianza de que <a href=\"https:\/\/sexshopbajolassabanas.mx\/\">Bajo las Sabanas<\/a> cuida de ti<\/p>\n<p><b>Presentaci\u00f3n:<\/b> Botella de 60 mililitros con olor a chocolate o sandia.<\/p>\n<p><b>Tipo de Lubricante:<\/b><a href=\"https:\/\/sexshopbajolassabanas.mx\/?product_cat=lubricantes\"> Lubricante<\/a> para sexo anal.<\/p>\n<p><b>Forma de uso<\/b><b>: <\/b>Para utilizar este, lubricante anal, aplica generosamente en el \u00e1rea minutos antes de la penetraci\u00f3n y estimular.<\/p>\n<p><b>Cuidados:<\/b> Cons\u00e9rvese cerrado en un lugar fresco no mayor a 30\u00ba. Prot\u00e9jase de la luz solar y el polvo con una bolsa hipoalerg\u00e9nica. Atenci\u00f3n: si hay irritaci\u00f3n, deja de usarlo y consulta a tu doctor\/a. Este producto no es anticonceptivo y no contiene espermicidas.<\/p>\n","protected":false},"excerpt":{"rendered":"<p class=\"font_8\">Disfruta de una experiencia llena de placer y alcanza el \u00e9xtasis con sensaciones \u00fanicas, este lubricante esta dise\u00f1ado especialmente para que puedas disfrutar de la actividad anal sin que exista dolor durante la penetraci\u00f3n, su formula permite dilatar los anillos del esfinter y lubricarlos al mismo tiempo permitiendo de este modo una penetraci\u00f3n muy placentera, ademas integra un desinfectante de grado quir\u00fargico, el cual permite tener la confianza de una actividad limpia sin riesgos de infecciones de tipo urinario.<\/p>\n","protected":false},"featured_media":6403,"comment_status":"open","ping_status":"closed","template":"","meta":{"om_disable_all_campaigns":false,"site-sidebar-layout":"default","site-content-layout":"default","ast-site-content-layout":"","site-content-style":"default","site-sidebar-style":"default","ast-global-header-display":"","ast-banner-title-visibility":"","ast-main-header-display":"","ast-hfb-above-header-display":"disabled","ast-hfb-below-header-display":"","ast-hfb-mobile-header-display":"","site-post-title":"","ast-breadcrumbs-content":"","ast-featured-img":"","footer-sml-layout":"","theme-transparent-header-meta":"default","adv-header-id-meta":"","stick-header-meta":"","header-above-stick-meta":"","header-main-stick-meta":"","header-below-stick-meta":"","astra-migrate-meta-layouts":"default","ast-page-background-enabled":"default","ast-page-background-meta":{"desktop":{"background-color":"","background-image":"","background-repeat":"repeat","background-position":"center center","background-size":"auto","background-attachment":"scroll","background-type":"","background-media":"","overlay-type":"","overlay-color":"","overlay-opacity":"","overlay-gradient":""},"tablet":{"background-color":"","background-image":"","background-repeat":"repeat","background-position":"center center","background-size":"auto","background-attachment":"scroll","background-type":"","background-media":"","overlay-type":"","overlay-color":"","overlay-opacity":"","overlay-gradient":""},"mobile":{"background-color":"","background-image":"","background-repeat":"repeat","background-position":"center center","background-size":"auto","background-attachment":"scroll","background-type":"","background-media":"","overlay-type":"","overlay-color":"","overlay-opacity":"","overlay-gradient":""}},"ast-content-background-meta":{"desktop":{"background-color":"var(--ast-global-color-5)","background-image":"","background-repeat":"repeat","background-position":"center center","background-size":"auto","background-attachment":"scroll","background-type":"","background-media":"","overlay-type":"","overlay-color":"","overlay-opacity":"","overlay-gradient":""},"tablet":{"background-color":"var(--ast-global-color-5)","background-image":"","background-repeat":"repeat","background-position":"center center","background-size":"auto","background-attachment":"scroll","background-type":"","background-media":"","overlay-type":"","overlay-color":"","overlay-opacity":"","overlay-gradient":""},"mobile":{"background-color":"var(--ast-global-color-5)","background-image":"","background-repeat":"repeat","background-position":"center center","background-size":"auto","background-attachment":"scroll","background-type":"","background-media":"","overlay-type":"","overlay-color":"","overlay-opacity":"","overlay-gradient":""}},"_joinchat":[]},"product_cat":[114,74,160,65,108,196,40],"product_tag":[],"giftcard-category":[],"class_list":{"0":"post-6401","1":"product","2":"type-product","3":"status-publish","4":"has-post-thumbnail","6":"product_cat-comestibles","7":"product_cat-lubricantes","8":"product_cat-lubricantes-anales","9":"product_cat-rendimiento-sexual","10":"product_cat-rendimiento-sexual-el","11":"product_cat-sabaneres","12":"product_cat-sabaneros","13":"desktop-align-left","14":"tablet-align-left","15":"mobile-align-left","17":"first","18":"instock","19":"taxable","20":"shipping-taxable","21":"purchasable","22":"product-type-variable"},"yoast_head":"<!-- This site is optimized with the Yoast SEO plugin v20.5 - https:\/\/yoast.com\/wordpress\/plugins\/seo\/ -->\n<title>Dilatador anal y lubricante comestible - sexshopbajolassabanas.mx<\/title>\n<meta name=\"description\" content=\"Sabaneros disfruten del sexo anal increiblemente con este dilatador anal lubricante comestible, escoge el mejor sabor para ti\" \/>\n<meta name=\"robots\" content=\"index, follow, max-snippet:-1, max-image-preview:large, max-video-preview:-1\" \/>\n<link rel=\"canonical\" href=\"https:\/\/sexshopbajolassabanas.mx\/?product=dilatador-anal-y-lubricante-comestible\" \/>\n<meta property=\"og:locale\" content=\"es_MX\" \/>\n<meta property=\"og:type\" content=\"article\" \/>\n<meta property=\"og:title\" content=\"Dilatador anal y lubricante comestible - sexshopbajolassabanas.mx\" \/>\n<meta property=\"og:description\" content=\"Sabaneros disfruten del sexo anal increiblemente con este dilatador anal lubricante comestible, escoge el mejor sabor para ti\" \/>\n<meta property=\"og:url\" content=\"https:\/\/sexshopbajolassabanas.mx\/?product=dilatador-anal-y-lubricante-comestible\" \/>\n<meta property=\"og:site_name\" content=\"sexshopbajolassabanas.mx\" \/>\n<meta property=\"article:modified_time\" content=\"2024-05-27T06:56:30+00:00\" \/>\n<meta property=\"og:image\" content=\"http:\/\/sexshopbajolassabanas.mx\/wp-content\/uploads\/2022\/12\/Dilatador-anal-y-lubricante-comestible.png\" \/>\n\t<meta property=\"og:image:width\" content=\"1080\" \/>\n\t<meta property=\"og:image:height\" content=\"1080\" \/>\n\t<meta property=\"og:image:type\" content=\"image\/png\" \/>\n<meta name=\"twitter:card\" content=\"summary_large_image\" \/>\n<meta name=\"twitter:label1\" content=\"Tiempo de lectura\" \/>\n\t<meta name=\"twitter:data1\" content=\"2 minutos\" \/>\n<script type=\"application\/ld+json\" class=\"yoast-schema-graph\">{\"@context\":\"https:\/\/schema.org\",\"@graph\":[{\"@type\":\"WebPage\",\"@id\":\"https:\/\/sexshopbajolassabanas.mx\/?product=dilatador-anal-y-lubricante-comestible\",\"url\":\"https:\/\/sexshopbajolassabanas.mx\/?product=dilatador-anal-y-lubricante-comestible\",\"name\":\"Dilatador anal y lubricante comestible - sexshopbajolassabanas.mx\",\"isPartOf\":{\"@id\":\"https:\/\/sexshopbajolassabanas.mx\/#website\"},\"datePublished\":\"2022-12-12T21:22:16+00:00\",\"dateModified\":\"2024-05-27T06:56:30+00:00\",\"description\":\"Sabaneros disfruten del sexo anal increiblemente con este dilatador anal lubricante comestible, escoge el mejor sabor para ti\",\"breadcrumb\":{\"@id\":\"https:\/\/sexshopbajolassabanas.mx\/?product=dilatador-anal-y-lubricante-comestible#breadcrumb\"},\"inLanguage\":\"es\",\"potentialAction\":[{\"@type\":\"ReadAction\",\"target\":[\"https:\/\/sexshopbajolassabanas.mx\/?product=dilatador-anal-y-lubricante-comestible\"]}]},{\"@type\":\"BreadcrumbList\",\"@id\":\"https:\/\/sexshopbajolassabanas.mx\/?product=dilatador-anal-y-lubricante-comestible#breadcrumb\",\"itemListElement\":[{\"@type\":\"ListItem\",\"position\":1,\"name\":\"Inicio\",\"item\":\"https:\/\/sexshopbajolassabanas.mx\/\"},{\"@type\":\"ListItem\",\"position\":2,\"name\":\"Tienda\",\"item\":\"https:\/\/sexshopbajolassabanas.mx\/?page_id=38\"},{\"@type\":\"ListItem\",\"position\":3,\"name\":\"Dilatador anal y lubricante comestible\"}]},{\"@type\":\"WebSite\",\"@id\":\"https:\/\/sexshopbajolassabanas.mx\/#website\",\"url\":\"https:\/\/sexshopbajolassabanas.mx\/\",\"name\":\"sexshopbajolassabanas.mx\",\"description\":\"Sex Shop Bajo Las Sabanas\",\"publisher\":{\"@id\":\"https:\/\/sexshopbajolassabanas.mx\/#organization\"},\"potentialAction\":[{\"@type\":\"SearchAction\",\"target\":{\"@type\":\"EntryPoint\",\"urlTemplate\":\"https:\/\/sexshopbajolassabanas.mx\/?s={search_term_string}\"},\"query-input\":\"required name=search_term_string\"}],\"inLanguage\":\"es\"},{\"@type\":\"Organization\",\"@id\":\"https:\/\/sexshopbajolassabanas.mx\/#organization\",\"name\":\"sexshopbajolassabanas.mx\",\"url\":\"https:\/\/sexshopbajolassabanas.mx\/\",\"logo\":{\"@type\":\"ImageObject\",\"inLanguage\":\"es\",\"@id\":\"https:\/\/sexshopbajolassabanas.mx\/#\/schema\/logo\/image\/\",\"url\":\"https:\/\/sexshopbajolassabanas.mx\/wp-content\/uploads\/2022\/08\/cropped-cropped-Sin-titulo-2_Mesa-de-trabajo-1.png\",\"contentUrl\":\"https:\/\/sexshopbajolassabanas.mx\/wp-content\/uploads\/2022\/08\/cropped-cropped-Sin-titulo-2_Mesa-de-trabajo-1.png\",\"width\":375,\"height\":375,\"caption\":\"sexshopbajolassabanas.mx\"},\"image\":{\"@id\":\"https:\/\/sexshopbajolassabanas.mx\/#\/schema\/logo\/image\/\"}}]}<\/script>\n<!-- \/ Yoast SEO plugin. -->","yoast_head_json":{"title":"Dilatador anal y lubricante comestible - sexshopbajolassabanas.mx","description":"Sabaneros disfruten del sexo anal increiblemente con este dilatador anal lubricante comestible, escoge el mejor sabor para ti","robots":{"index":"index","follow":"follow","max-snippet":"max-snippet:-1","max-image-preview":"max-image-preview:large","max-video-preview":"max-video-preview:-1"},"canonical":"https:\/\/sexshopbajolassabanas.mx\/?product=dilatador-anal-y-lubricante-comestible","og_locale":"es_MX","og_type":"article","og_title":"Dilatador anal y lubricante comestible - sexshopbajolassabanas.mx","og_description":"Sabaneros disfruten del sexo anal increiblemente con este dilatador anal lubricante comestible, escoge el mejor sabor para ti","og_url":"https:\/\/sexshopbajolassabanas.mx\/?product=dilatador-anal-y-lubricante-comestible","og_site_name":"sexshopbajolassabanas.mx","article_modified_time":"2024-05-27T06:56:30+00:00","og_image":[{"width":1080,"height":1080,"url":"http:\/\/sexshopbajolassabanas.mx\/wp-content\/uploads\/2022\/12\/Dilatador-anal-y-lubricante-comestible.png","type":"image\/png"}],"twitter_card":"summary_large_image","twitter_misc":{"Tiempo de lectura":"2 minutos"},"schema":{"@context":"https:\/\/schema.org","@graph":[{"@type":"WebPage","@id":"https:\/\/sexshopbajolassabanas.mx\/?product=dilatador-anal-y-lubricante-comestible","url":"https:\/\/sexshopbajolassabanas.mx\/?product=dilatador-anal-y-lubricante-comestible","name":"Dilatador anal y lubricante comestible - sexshopbajolassabanas.mx","isPartOf":{"@id":"https:\/\/sexshopbajolassabanas.mx\/#website"},"datePublished":"2022-12-12T21:22:16+00:00","dateModified":"2024-05-27T06:56:30+00:00","description":"Sabaneros disfruten del sexo anal increiblemente con este dilatador anal lubricante comestible, escoge el mejor sabor para ti","breadcrumb":{"@id":"https:\/\/sexshopbajolassabanas.mx\/?product=dilatador-anal-y-lubricante-comestible#breadcrumb"},"inLanguage":"es","potentialAction":[{"@type":"ReadAction","target":["https:\/\/sexshopbajolassabanas.mx\/?product=dilatador-anal-y-lubricante-comestible"]}]},{"@type":"BreadcrumbList","@id":"https:\/\/sexshopbajolassabanas.mx\/?product=dilatador-anal-y-lubricante-comestible#breadcrumb","itemListElement":[{"@type":"ListItem","position":1,"name":"Inicio","item":"https:\/\/sexshopbajolassabanas.mx\/"},{"@type":"ListItem","position":2,"name":"Tienda","item":"https:\/\/sexshopbajolassabanas.mx\/?page_id=38"},{"@type":"ListItem","position":3,"name":"Dilatador anal y lubricante comestible"}]},{"@type":"WebSite","@id":"https:\/\/sexshopbajolassabanas.mx\/#website","url":"https:\/\/sexshopbajolassabanas.mx\/","name":"sexshopbajolassabanas.mx","description":"Sex Shop Bajo Las Sabanas","publisher":{"@id":"https:\/\/sexshopbajolassabanas.mx\/#organization"},"potentialAction":[{"@type":"SearchAction","target":{"@type":"EntryPoint","urlTemplate":"https:\/\/sexshopbajolassabanas.mx\/?s={search_term_string}"},"query-input":"required name=search_term_string"}],"inLanguage":"es"},{"@type":"Organization","@id":"https:\/\/sexshopbajolassabanas.mx\/#organization","name":"sexshopbajolassabanas.mx","url":"https:\/\/sexshopbajolassabanas.mx\/","logo":{"@type":"ImageObject","inLanguage":"es","@id":"https:\/\/sexshopbajolassabanas.mx\/#\/schema\/logo\/image\/","url":"https:\/\/sexshopbajolassabanas.mx\/wp-content\/uploads\/2022\/08\/cropped-cropped-Sin-titulo-2_Mesa-de-trabajo-1.png","contentUrl":"https:\/\/sexshopbajolassabanas.mx\/wp-content\/uploads\/2022\/08\/cropped-cropped-Sin-titulo-2_Mesa-de-trabajo-1.png","width":375,"height":375,"caption":"sexshopbajolassabanas.mx"},"image":{"@id":"https:\/\/sexshopbajolassabanas.mx\/#\/schema\/logo\/image\/"}}]}},"_links":{"self":[{"href":"https:\/\/sexshopbajolassabanas.mx\/index.php?rest_route=\/wp\/v2\/product\/6401","targetHints":{"allow":["GET"]}}],"collection":[{"href":"https:\/\/sexshopbajolassabanas.mx\/index.php?rest_route=\/wp\/v2\/product"}],"about":[{"href":"https:\/\/sexshopbajolassabanas.mx\/index.php?rest_route=\/wp\/v2\/types\/product"}],"replies":[{"embeddable":true,"href":"https:\/\/sexshopbajolassabanas.mx\/index.php?rest_route=%2Fwp%2Fv2%2Fcomments&post=6401"}],"version-history":[{"count":3,"href":"https:\/\/sexshopbajolassabanas.mx\/index.php?rest_route=\/wp\/v2\/product\/6401\/revisions"}],"predecessor-version":[{"id":6853,"href":"https:\/\/sexshopbajolassabanas.mx\/index.php?rest_route=\/wp\/v2\/product\/6401\/revisions\/6853"}],"wp:featuredmedia":[{"embeddable":true,"href":"https:\/\/sexshopbajolassabanas.mx\/index.php?rest_route=\/wp\/v2\/media\/6403"}],"wp:attachment":[{"href":"https:\/\/sexshopbajolassabanas.mx\/index.php?rest_route=%2Fwp%2Fv2%2Fmedia&parent=6401"}],"wp:term":[{"taxonomy":"product_cat","embeddable":true,"href":"https:\/\/sexshopbajolassabanas.mx\/index.php?rest_route=%2Fwp%2Fv2%2Fproduct_cat&post=6401"},{"taxonomy":"product_tag","embeddable":true,"href":"https:\/\/sexshopbajolassabanas.mx\/index.php?rest_route=%2Fwp%2Fv2%2Fproduct_tag&post=6401"},{"taxonomy":"giftcard-category","embeddable":true,"href":"https:\/\/sexshopbajolassabanas.mx\/index.php?rest_route=%2Fwp%2Fv2%2Fgiftcard-category&post=6401"}],"curies":[{"name":"wp","href":"https:\/\/api.w.org\/{rel}","templated":true}]}}