{"id":6438,"date":"2022-12-14T06:12:21","date_gmt":"2022-12-14T06:12:21","guid":{"rendered":"https:\/\/sexshopbajolassabanas.mx\/?post_type=product&#038;p=6438"},"modified":"2023-09-29T22:02:13","modified_gmt":"2023-09-29T22:02:13","slug":"lubricante-anal-vaginal-aceite-y-oral","status":"publish","type":"product","link":"https:\/\/sexshopbajolassabanas.mx\/?product=lubricante-anal-vaginal-aceite-y-oral","title":{"rendered":"Lubricante anal aceite y oral"},"content":{"rendered":"<h3><span style=\"color: #993366;\"><b>\u00a1Si\u00e9ntete todo terreno con este Lubricante anal aceite y oral<\/b><b>!<\/b><\/span><\/h3>\n<p>Sabaneros, sabaneras y sabaneros, siempre intentando explorar cambiar la rutina y tanto que nos han hablado de lo rico que es el sexo anal que queremos experimentarlo y practicarlo en nuestra vida intimida, debes de saber que el ano no lubrica para nada y es muy imprescindible que lo ayudemos con el lubricante de tu preferencia, te presento este Lubricante ideal para una experiencia llena de placer, por su formula elaborada con base en agua, permite su uso tanto vaginal y anal, ademas se puede usar como aceite corporal y para la practica de la actividad oral<\/p>\n<p>Este Lubricante anal \u00a0y aceite corporal, da mas comodidad durante las actividades sexuales y complementa la humedad natural del cuerpo, lo que hace que las relaciones sexuales sean m\u00e1s intensas.<\/p>\n<p>Ademas este <a href=\"https:\/\/sexshopbajolassabanas.mx\/?product_cat=lubricantes-anales\">lubricante anal<\/a> no mancha y no te deja una sensaci\u00f3n grasosa.Disfruta de una experiencia llena de placer y alcanza el \u00e9xtasis con sensaciones \u00fanicas.<\/p>\n<p>Descubre y vive nuevas experiencias con la confianza de que <a href=\"https:\/\/sexshopbajolassabanas.mx\/\">Bajo las Sabanas<\/a> cuida de ti<\/p>\n<p><b>Presentaci\u00f3n:<\/b> Botella de 15 mililitros con olor a chocolate o sandia.<\/p>\n<p><b>Tipo de Lubricante:<\/b><a href=\"https:\/\/sexshopbajolassabanas.mx\/?product_cat=lubricantes\"> Lubricante<\/a> para sexo anal, vaginal y aceite corporal.Formula 100% de origen natural libre de benzocaina, formula a base de veneno de avispa.<\/p>\n<p><b>Forma de uso<\/b><b>: <\/b>Para utilizar este, lubricante, aplica generosamente en el \u00e1rea minutos antes de la penetraci\u00f3n y estimular.<\/p>\n<p><b>Cuidados:<\/b> Cons\u00e9rvese cerrado en un lugar fresco no mayor a 30\u00ba. Prot\u00e9jase de la luz solar y el polvo con una bolsa hipoalerg\u00e9nica. Atenci\u00f3n: si hay irritaci\u00f3n, deja de usarlo y consulta a tu doctor\/a. Este producto no es anticonceptivo y no contiene espermicidas.<\/p>\n","protected":false},"excerpt":{"rendered":"<p>Lubricante ideal para una experiencia llena de placer, por su formula elaborada con base en agua, permite su uso tanto vaginal y anal, ademas se puede usar como aceite corporal y para la practica de la actividad oral<\/p>\n","protected":false},"featured_media":6440,"comment_status":"open","ping_status":"closed","template":"","meta":{"om_disable_all_campaigns":false,"site-sidebar-layout":"default","site-content-layout":"default","ast-site-content-layout":"","site-content-style":"default","site-sidebar-style":"default","ast-global-header-display":"","ast-banner-title-visibility":"","ast-main-header-display":"","ast-hfb-above-header-display":"disabled","ast-hfb-below-header-display":"","ast-hfb-mobile-header-display":"","site-post-title":"","ast-breadcrumbs-content":"","ast-featured-img":"","footer-sml-layout":"","theme-transparent-header-meta":"default","adv-header-id-meta":"","stick-header-meta":"","header-above-stick-meta":"","header-main-stick-meta":"","header-below-stick-meta":"","astra-migrate-meta-layouts":"default","ast-page-background-enabled":"default","ast-page-background-meta":{"desktop":{"background-color":"","background-image":"","background-repeat":"repeat","background-position":"center center","background-size":"auto","background-attachment":"scroll","background-type":"","background-media":"","overlay-type":"","overlay-color":"","overlay-opacity":"","overlay-gradient":""},"tablet":{"background-color":"","background-image":"","background-repeat":"repeat","background-position":"center center","background-size":"auto","background-attachment":"scroll","background-type":"","background-media":"","overlay-type":"","overlay-color":"","overlay-opacity":"","overlay-gradient":""},"mobile":{"background-color":"","background-image":"","background-repeat":"repeat","background-position":"center center","background-size":"auto","background-attachment":"scroll","background-type":"","background-media":"","overlay-type":"","overlay-color":"","overlay-opacity":"","overlay-gradient":""}},"ast-content-background-meta":{"desktop":{"background-color":"var(--ast-global-color-5)","background-image":"","background-repeat":"repeat","background-position":"center center","background-size":"auto","background-attachment":"scroll","background-type":"","background-media":"","overlay-type":"","overlay-color":"","overlay-opacity":"","overlay-gradient":""},"tablet":{"background-color":"var(--ast-global-color-5)","background-image":"","background-repeat":"repeat","background-position":"center center","background-size":"auto","background-attachment":"scroll","background-type":"","background-media":"","overlay-type":"","overlay-color":"","overlay-opacity":"","overlay-gradient":""},"mobile":{"background-color":"var(--ast-global-color-5)","background-image":"","background-repeat":"repeat","background-position":"center center","background-size":"auto","background-attachment":"scroll","background-type":"","background-media":"","overlay-type":"","overlay-color":"","overlay-opacity":"","overlay-gradient":""}},"_joinchat":[]},"product_cat":[114,74,160,48,196,40],"product_tag":[],"giftcard-category":[],"class_list":{"0":"post-6438","1":"product","2":"type-product","3":"status-publish","4":"has-post-thumbnail","6":"product_cat-comestibles","7":"product_cat-lubricantes","8":"product_cat-lubricantes-anales","9":"product_cat-sabaneras","10":"product_cat-sabaneres","11":"product_cat-sabaneros","12":"desktop-align-left","13":"tablet-align-left","14":"mobile-align-left","16":"first","17":"instock","18":"taxable","19":"shipping-taxable","20":"purchasable","21":"product-type-variable"},"yoast_head":"<!-- This site is optimized with the Yoast SEO plugin v20.5 - https:\/\/yoast.com\/wordpress\/plugins\/seo\/ -->\n<title>Lubricante anal aceite y oral - sexshopbajolassabanas.mx<\/title>\n<meta name=\"description\" content=\"Lubricante por su formula con base en agua, permite su uso tanto vaginal y anal, se puede usar como aceite corporal y para la practica de la actividad oral.\" \/>\n<meta name=\"robots\" content=\"index, follow, max-snippet:-1, max-image-preview:large, max-video-preview:-1\" \/>\n<link rel=\"canonical\" href=\"https:\/\/sexshopbajolassabanas.mx\/?product=lubricante-anal-vaginal-aceite-y-oral\" \/>\n<meta property=\"og:locale\" content=\"es_MX\" \/>\n<meta property=\"og:type\" content=\"article\" \/>\n<meta property=\"og:title\" content=\"Lubricante anal aceite y oral - sexshopbajolassabanas.mx\" \/>\n<meta property=\"og:description\" content=\"Lubricante por su formula con base en agua, permite su uso tanto vaginal y anal, se puede usar como aceite corporal y para la practica de la actividad oral.\" \/>\n<meta property=\"og:url\" content=\"https:\/\/sexshopbajolassabanas.mx\/?product=lubricante-anal-vaginal-aceite-y-oral\" \/>\n<meta property=\"og:site_name\" content=\"sexshopbajolassabanas.mx\" \/>\n<meta property=\"article:modified_time\" content=\"2023-09-29T22:02:13+00:00\" \/>\n<meta property=\"og:image\" content=\"http:\/\/sexshopbajolassabanas.mx\/wp-content\/uploads\/2022\/12\/lubricante-anal-con-lidocaina.png\" \/>\n\t<meta property=\"og:image:width\" content=\"1080\" \/>\n\t<meta property=\"og:image:height\" content=\"1080\" \/>\n\t<meta property=\"og:image:type\" content=\"image\/png\" \/>\n<meta name=\"twitter:card\" content=\"summary_large_image\" \/>\n<meta name=\"twitter:label1\" content=\"Tiempo de lectura\" \/>\n\t<meta name=\"twitter:data1\" content=\"2 minutos\" \/>\n<script type=\"application\/ld+json\" class=\"yoast-schema-graph\">{\"@context\":\"https:\/\/schema.org\",\"@graph\":[{\"@type\":\"WebPage\",\"@id\":\"https:\/\/sexshopbajolassabanas.mx\/?product=lubricante-anal-vaginal-aceite-y-oral\",\"url\":\"https:\/\/sexshopbajolassabanas.mx\/?product=lubricante-anal-vaginal-aceite-y-oral\",\"name\":\"Lubricante anal aceite y oral - sexshopbajolassabanas.mx\",\"isPartOf\":{\"@id\":\"https:\/\/sexshopbajolassabanas.mx\/#website\"},\"datePublished\":\"2022-12-14T06:12:21+00:00\",\"dateModified\":\"2023-09-29T22:02:13+00:00\",\"description\":\"Lubricante por su formula con base en agua, permite su uso tanto vaginal y anal, se puede usar como aceite corporal y para la practica de la actividad oral.\",\"breadcrumb\":{\"@id\":\"https:\/\/sexshopbajolassabanas.mx\/?product=lubricante-anal-vaginal-aceite-y-oral#breadcrumb\"},\"inLanguage\":\"es\",\"potentialAction\":[{\"@type\":\"ReadAction\",\"target\":[\"https:\/\/sexshopbajolassabanas.mx\/?product=lubricante-anal-vaginal-aceite-y-oral\"]}]},{\"@type\":\"BreadcrumbList\",\"@id\":\"https:\/\/sexshopbajolassabanas.mx\/?product=lubricante-anal-vaginal-aceite-y-oral#breadcrumb\",\"itemListElement\":[{\"@type\":\"ListItem\",\"position\":1,\"name\":\"Inicio\",\"item\":\"https:\/\/sexshopbajolassabanas.mx\/\"},{\"@type\":\"ListItem\",\"position\":2,\"name\":\"Tienda\",\"item\":\"https:\/\/sexshopbajolassabanas.mx\/?page_id=38\"},{\"@type\":\"ListItem\",\"position\":3,\"name\":\"Lubricante anal aceite y oral\"}]},{\"@type\":\"WebSite\",\"@id\":\"https:\/\/sexshopbajolassabanas.mx\/#website\",\"url\":\"https:\/\/sexshopbajolassabanas.mx\/\",\"name\":\"sexshopbajolassabanas.mx\",\"description\":\"Sex Shop Bajo Las Sabanas\",\"publisher\":{\"@id\":\"https:\/\/sexshopbajolassabanas.mx\/#organization\"},\"potentialAction\":[{\"@type\":\"SearchAction\",\"target\":{\"@type\":\"EntryPoint\",\"urlTemplate\":\"https:\/\/sexshopbajolassabanas.mx\/?s={search_term_string}\"},\"query-input\":\"required name=search_term_string\"}],\"inLanguage\":\"es\"},{\"@type\":\"Organization\",\"@id\":\"https:\/\/sexshopbajolassabanas.mx\/#organization\",\"name\":\"sexshopbajolassabanas.mx\",\"url\":\"https:\/\/sexshopbajolassabanas.mx\/\",\"logo\":{\"@type\":\"ImageObject\",\"inLanguage\":\"es\",\"@id\":\"https:\/\/sexshopbajolassabanas.mx\/#\/schema\/logo\/image\/\",\"url\":\"https:\/\/sexshopbajolassabanas.mx\/wp-content\/uploads\/2022\/08\/cropped-cropped-Sin-titulo-2_Mesa-de-trabajo-1.png\",\"contentUrl\":\"https:\/\/sexshopbajolassabanas.mx\/wp-content\/uploads\/2022\/08\/cropped-cropped-Sin-titulo-2_Mesa-de-trabajo-1.png\",\"width\":375,\"height\":375,\"caption\":\"sexshopbajolassabanas.mx\"},\"image\":{\"@id\":\"https:\/\/sexshopbajolassabanas.mx\/#\/schema\/logo\/image\/\"}}]}<\/script>\n<!-- \/ Yoast SEO plugin. -->","yoast_head_json":{"title":"Lubricante anal aceite y oral - sexshopbajolassabanas.mx","description":"Lubricante por su formula con base en agua, permite su uso tanto vaginal y anal, se puede usar como aceite corporal y para la practica de la actividad oral.","robots":{"index":"index","follow":"follow","max-snippet":"max-snippet:-1","max-image-preview":"max-image-preview:large","max-video-preview":"max-video-preview:-1"},"canonical":"https:\/\/sexshopbajolassabanas.mx\/?product=lubricante-anal-vaginal-aceite-y-oral","og_locale":"es_MX","og_type":"article","og_title":"Lubricante anal aceite y oral - sexshopbajolassabanas.mx","og_description":"Lubricante por su formula con base en agua, permite su uso tanto vaginal y anal, se puede usar como aceite corporal y para la practica de la actividad oral.","og_url":"https:\/\/sexshopbajolassabanas.mx\/?product=lubricante-anal-vaginal-aceite-y-oral","og_site_name":"sexshopbajolassabanas.mx","article_modified_time":"2023-09-29T22:02:13+00:00","og_image":[{"width":1080,"height":1080,"url":"http:\/\/sexshopbajolassabanas.mx\/wp-content\/uploads\/2022\/12\/lubricante-anal-con-lidocaina.png","type":"image\/png"}],"twitter_card":"summary_large_image","twitter_misc":{"Tiempo de lectura":"2 minutos"},"schema":{"@context":"https:\/\/schema.org","@graph":[{"@type":"WebPage","@id":"https:\/\/sexshopbajolassabanas.mx\/?product=lubricante-anal-vaginal-aceite-y-oral","url":"https:\/\/sexshopbajolassabanas.mx\/?product=lubricante-anal-vaginal-aceite-y-oral","name":"Lubricante anal aceite y oral - sexshopbajolassabanas.mx","isPartOf":{"@id":"https:\/\/sexshopbajolassabanas.mx\/#website"},"datePublished":"2022-12-14T06:12:21+00:00","dateModified":"2023-09-29T22:02:13+00:00","description":"Lubricante por su formula con base en agua, permite su uso tanto vaginal y anal, se puede usar como aceite corporal y para la practica de la actividad oral.","breadcrumb":{"@id":"https:\/\/sexshopbajolassabanas.mx\/?product=lubricante-anal-vaginal-aceite-y-oral#breadcrumb"},"inLanguage":"es","potentialAction":[{"@type":"ReadAction","target":["https:\/\/sexshopbajolassabanas.mx\/?product=lubricante-anal-vaginal-aceite-y-oral"]}]},{"@type":"BreadcrumbList","@id":"https:\/\/sexshopbajolassabanas.mx\/?product=lubricante-anal-vaginal-aceite-y-oral#breadcrumb","itemListElement":[{"@type":"ListItem","position":1,"name":"Inicio","item":"https:\/\/sexshopbajolassabanas.mx\/"},{"@type":"ListItem","position":2,"name":"Tienda","item":"https:\/\/sexshopbajolassabanas.mx\/?page_id=38"},{"@type":"ListItem","position":3,"name":"Lubricante anal aceite y oral"}]},{"@type":"WebSite","@id":"https:\/\/sexshopbajolassabanas.mx\/#website","url":"https:\/\/sexshopbajolassabanas.mx\/","name":"sexshopbajolassabanas.mx","description":"Sex Shop Bajo Las Sabanas","publisher":{"@id":"https:\/\/sexshopbajolassabanas.mx\/#organization"},"potentialAction":[{"@type":"SearchAction","target":{"@type":"EntryPoint","urlTemplate":"https:\/\/sexshopbajolassabanas.mx\/?s={search_term_string}"},"query-input":"required name=search_term_string"}],"inLanguage":"es"},{"@type":"Organization","@id":"https:\/\/sexshopbajolassabanas.mx\/#organization","name":"sexshopbajolassabanas.mx","url":"https:\/\/sexshopbajolassabanas.mx\/","logo":{"@type":"ImageObject","inLanguage":"es","@id":"https:\/\/sexshopbajolassabanas.mx\/#\/schema\/logo\/image\/","url":"https:\/\/sexshopbajolassabanas.mx\/wp-content\/uploads\/2022\/08\/cropped-cropped-Sin-titulo-2_Mesa-de-trabajo-1.png","contentUrl":"https:\/\/sexshopbajolassabanas.mx\/wp-content\/uploads\/2022\/08\/cropped-cropped-Sin-titulo-2_Mesa-de-trabajo-1.png","width":375,"height":375,"caption":"sexshopbajolassabanas.mx"},"image":{"@id":"https:\/\/sexshopbajolassabanas.mx\/#\/schema\/logo\/image\/"}}]}},"_links":{"self":[{"href":"https:\/\/sexshopbajolassabanas.mx\/index.php?rest_route=\/wp\/v2\/product\/6438","targetHints":{"allow":["GET"]}}],"collection":[{"href":"https:\/\/sexshopbajolassabanas.mx\/index.php?rest_route=\/wp\/v2\/product"}],"about":[{"href":"https:\/\/sexshopbajolassabanas.mx\/index.php?rest_route=\/wp\/v2\/types\/product"}],"replies":[{"embeddable":true,"href":"https:\/\/sexshopbajolassabanas.mx\/index.php?rest_route=%2Fwp%2Fv2%2Fcomments&post=6438"}],"version-history":[{"count":4,"href":"https:\/\/sexshopbajolassabanas.mx\/index.php?rest_route=\/wp\/v2\/product\/6438\/revisions"}],"predecessor-version":[{"id":7744,"href":"https:\/\/sexshopbajolassabanas.mx\/index.php?rest_route=\/wp\/v2\/product\/6438\/revisions\/7744"}],"wp:featuredmedia":[{"embeddable":true,"href":"https:\/\/sexshopbajolassabanas.mx\/index.php?rest_route=\/wp\/v2\/media\/6440"}],"wp:attachment":[{"href":"https:\/\/sexshopbajolassabanas.mx\/index.php?rest_route=%2Fwp%2Fv2%2Fmedia&parent=6438"}],"wp:term":[{"taxonomy":"product_cat","embeddable":true,"href":"https:\/\/sexshopbajolassabanas.mx\/index.php?rest_route=%2Fwp%2Fv2%2Fproduct_cat&post=6438"},{"taxonomy":"product_tag","embeddable":true,"href":"https:\/\/sexshopbajolassabanas.mx\/index.php?rest_route=%2Fwp%2Fv2%2Fproduct_tag&post=6438"},{"taxonomy":"giftcard-category","embeddable":true,"href":"https:\/\/sexshopbajolassabanas.mx\/index.php?rest_route=%2Fwp%2Fv2%2Fgiftcard-category&post=6438"}],"curies":[{"name":"wp","href":"https:\/\/api.w.org\/{rel}","templated":true}]}}