{"id":6455,"date":"2022-12-14T07:29:33","date_gmt":"2022-12-14T07:29:33","guid":{"rendered":"https:\/\/sexshopbajolassabanas.mx\/?post_type=product&#038;p=6455"},"modified":"2023-12-13T17:21:06","modified_gmt":"2023-12-13T17:21:06","slug":"aceite-para-masaje-con-cbd","status":"publish","type":"product","link":"https:\/\/sexshopbajolassabanas.mx\/?product=aceite-para-masaje-con-cbd","title":{"rendered":"Aceite para masaje 2 en 1"},"content":{"rendered":"<h3><span style=\"color: #333399;\"><b>\u00a1La puerta a la seducci\u00f3n siempre es con un buen Aceite para masaje con CBD !<\/b><\/span><\/h3>\n<p><span style=\"font-weight: 400;\">D\u00e9jate seducir por este aceite para masaje con CBD\u00a0<\/span><span style=\"font-weight: 400;\">de <\/span><a href=\"https:\/\/sexshopbajolassabanas.mx\"><span style=\"font-weight: 400;\">Bajo las\u00a0 S\u00e1banas<\/span><\/a><span style=\"font-weight: 400;\">, es un juguete imprescindible para los encuentros apasionados con tu pareja. Estos aceites para masaje son 100% comestibles incluso para los diab\u00e9ticos, estimula al m\u00e1ximo las zonas er\u00f3genas del cuerpo y genitales puede usarse como lubricante, al ser base agua logrando mayor sensibilidad en cl\u00edtoris y vagina. \u00a0<\/span><\/p>\n<p><span style=\"font-weight: 400;\">Con aceite de coco, <a href=\"https:\/\/sexshopbajolassabanas.mx\/?product=lubricante-con-cbd-natural-60-ml\">CBD<\/a>, y extracto de lava, \u00a1Excelente para dar un masaje!\u00a0<\/span><\/p>\n<p><span class=\"Y2IQFc\" lang=\"es\">Tama\u00f1o de viaje, as\u00ed que no tienes pretexto para llevarlo a todas partes, elaborado con aceites esenciales para promover una relajaci\u00f3n profunda, a parte que dejara s\u00faper hidratada y con un olor extra deliciosos en tu piel, ademas la dejara con una textura muy suave ,esta f\u00f3rmula rica y emoliente hace que sea un placer dar o recibir un masaje sensual de cuerpo completo.\u00a0<\/span><\/p>\n<p><b>\u00a1Disfruta de encuentros \u00edntimos, rom\u00e1nticos y apasionados con tu pareja!<\/b><\/p>\n<p><b>Presentaci\u00f3n: <\/b><span style=\"font-weight: 400;\">1 pieza 20 ml .<\/span><\/p>\n<p><b>Forma de uso<\/b><b>: <\/b><span style=\"font-weight: 400;\">Basta con con untar en tu mano o vestirlo en el cuerpo de tu pareja, frota en tu mano para hacer fricci\u00f3n para<\/span><span style=\"font-weight: 400;\">\u00a0comenzar el juego con tu pareja, vierte en tus y sus zonas sensibles te recomendamos pasar ligeramente tu pecho, al mismo tiempo deslizar tus dedos en su esf\u00ednter o zonas rec\u00f3nditas de su cuerpo, siente como se estremecer\u00e1 y la excitaci\u00f3n aumentara.<\/span><\/p>\n<p><b>\u00a1Juega con tu imaginaci\u00f3n,\u00a0t\u00fa\u00a0creatividad no tiene limites!<\/b><\/p>\n<p><b>Cuidados:<\/b><span style=\"font-weight: 400;\"> Despu\u00e9s del uso, cons\u00e9rvese cerrado en un lugar fresco no mayor a 30\u00ba. Prot\u00e9jase de la luz solar y el polvo.<\/span><\/p>\n","protected":false},"excerpt":{"rendered":"<p><span style=\"font-weight: 400;\">Estos aceites para masaje con CBD para masaje son 100% comestibles incluso para los diab\u00e9ticos, estimula al m\u00e1ximo las zonas er\u00f3genas del cuerpo y genitales puede usarse como lubricante, al ser base agua logrando mayor sensibilidad en cl\u00edtoris y vagina.<\/span><\/p>\n","protected":false},"featured_media":6456,"comment_status":"open","ping_status":"closed","template":"","meta":{"om_disable_all_campaigns":false,"site-sidebar-layout":"default","site-content-layout":"default","ast-site-content-layout":"","site-content-style":"default","site-sidebar-style":"default","ast-global-header-display":"","ast-banner-title-visibility":"","ast-main-header-display":"","ast-hfb-above-header-display":"disabled","ast-hfb-below-header-display":"","ast-hfb-mobile-header-display":"","site-post-title":"","ast-breadcrumbs-content":"","ast-featured-img":"","footer-sml-layout":"","theme-transparent-header-meta":"default","adv-header-id-meta":"","stick-header-meta":"","header-above-stick-meta":"","header-main-stick-meta":"","header-below-stick-meta":"","astra-migrate-meta-layouts":"default","ast-page-background-enabled":"default","ast-page-background-meta":{"desktop":{"background-color":"","background-image":"","background-repeat":"repeat","background-position":"center center","background-size":"auto","background-attachment":"scroll","background-type":"","background-media":"","overlay-type":"","overlay-color":"","overlay-opacity":"","overlay-gradient":""},"tablet":{"background-color":"","background-image":"","background-repeat":"repeat","background-position":"center center","background-size":"auto","background-attachment":"scroll","background-type":"","background-media":"","overlay-type":"","overlay-color":"","overlay-opacity":"","overlay-gradient":""},"mobile":{"background-color":"","background-image":"","background-repeat":"repeat","background-position":"center center","background-size":"auto","background-attachment":"scroll","background-type":"","background-media":"","overlay-type":"","overlay-color":"","overlay-opacity":"","overlay-gradient":""}},"ast-content-background-meta":{"desktop":{"background-color":"var(--ast-global-color-5)","background-image":"","background-repeat":"repeat","background-position":"center center","background-size":"auto","background-attachment":"scroll","background-type":"","background-media":"","overlay-type":"","overlay-color":"","overlay-opacity":"","overlay-gradient":""},"tablet":{"background-color":"var(--ast-global-color-5)","background-image":"","background-repeat":"repeat","background-position":"center center","background-size":"auto","background-attachment":"scroll","background-type":"","background-media":"","overlay-type":"","overlay-color":"","overlay-opacity":"","overlay-gradient":""},"mobile":{"background-color":"var(--ast-global-color-5)","background-image":"","background-repeat":"repeat","background-position":"center center","background-size":"auto","background-attachment":"scroll","background-type":"","background-media":"","overlay-type":"","overlay-color":"","overlay-opacity":"","overlay-gradient":""}},"_joinchat":[]},"product_cat":[113,114,78,74,161,48,196,40],"product_tag":[],"giftcard-category":[],"class_list":{"0":"post-6455","1":"product","2":"type-product","3":"status-publish","4":"has-post-thumbnail","6":"product_cat-aceites-y-velas-eroticas","7":"product_cat-comestibles","8":"product_cat-escenciales","9":"product_cat-lubricantes","10":"product_cat-lubricantes-vaginales","11":"product_cat-sabaneras","12":"product_cat-sabaneres","13":"product_cat-sabaneros","14":"desktop-align-left","15":"tablet-align-left","16":"mobile-align-left","18":"first","19":"instock","20":"taxable","21":"shipping-taxable","22":"purchasable","23":"product-type-variable"},"yoast_head":"<!-- This site is optimized with the Yoast SEO plugin v20.5 - https:\/\/yoast.com\/wordpress\/plugins\/seo\/ -->\n<title>Aceite para masaje 2 en 1 - sexshopbajolassabanas.mx<\/title>\n<meta name=\"description\" content=\"Este aceite para masaje con CBD, estimula al m\u00e1ximo las zonas er\u00f3genas del cuerpo y genitales, puede usarse como lubricante al ser base agua.\" \/>\n<meta name=\"robots\" content=\"index, follow, max-snippet:-1, max-image-preview:large, max-video-preview:-1\" \/>\n<link rel=\"canonical\" href=\"https:\/\/sexshopbajolassabanas.mx\/?product=aceite-para-masaje-con-cbd\" \/>\n<meta property=\"og:locale\" content=\"es_MX\" \/>\n<meta property=\"og:type\" content=\"article\" \/>\n<meta property=\"og:title\" content=\"Aceite para masaje 2 en 1 - sexshopbajolassabanas.mx\" \/>\n<meta property=\"og:description\" content=\"Este aceite para masaje con CBD, estimula al m\u00e1ximo las zonas er\u00f3genas del cuerpo y genitales, puede usarse como lubricante al ser base agua.\" \/>\n<meta property=\"og:url\" content=\"https:\/\/sexshopbajolassabanas.mx\/?product=aceite-para-masaje-con-cbd\" \/>\n<meta property=\"og:site_name\" content=\"sexshopbajolassabanas.mx\" \/>\n<meta property=\"article:modified_time\" content=\"2023-12-13T17:21:06+00:00\" \/>\n<meta property=\"og:image\" content=\"http:\/\/sexshopbajolassabanas.mx\/wp-content\/uploads\/2022\/12\/aceite-para-masaje.png\" \/>\n\t<meta property=\"og:image:width\" content=\"1080\" \/>\n\t<meta property=\"og:image:height\" content=\"1080\" \/>\n\t<meta property=\"og:image:type\" content=\"image\/png\" \/>\n<meta name=\"twitter:card\" content=\"summary_large_image\" \/>\n<meta name=\"twitter:label1\" content=\"Tiempo de lectura\" \/>\n\t<meta name=\"twitter:data1\" content=\"2 minutos\" \/>\n<script type=\"application\/ld+json\" class=\"yoast-schema-graph\">{\"@context\":\"https:\/\/schema.org\",\"@graph\":[{\"@type\":\"WebPage\",\"@id\":\"https:\/\/sexshopbajolassabanas.mx\/?product=aceite-para-masaje-con-cbd\",\"url\":\"https:\/\/sexshopbajolassabanas.mx\/?product=aceite-para-masaje-con-cbd\",\"name\":\"Aceite para masaje 2 en 1 - sexshopbajolassabanas.mx\",\"isPartOf\":{\"@id\":\"https:\/\/sexshopbajolassabanas.mx\/#website\"},\"datePublished\":\"2022-12-14T07:29:33+00:00\",\"dateModified\":\"2023-12-13T17:21:06+00:00\",\"description\":\"Este aceite para masaje con CBD, estimula al m\u00e1ximo las zonas er\u00f3genas del cuerpo y genitales, puede usarse como lubricante al ser base agua.\",\"breadcrumb\":{\"@id\":\"https:\/\/sexshopbajolassabanas.mx\/?product=aceite-para-masaje-con-cbd#breadcrumb\"},\"inLanguage\":\"es\",\"potentialAction\":[{\"@type\":\"ReadAction\",\"target\":[\"https:\/\/sexshopbajolassabanas.mx\/?product=aceite-para-masaje-con-cbd\"]}]},{\"@type\":\"BreadcrumbList\",\"@id\":\"https:\/\/sexshopbajolassabanas.mx\/?product=aceite-para-masaje-con-cbd#breadcrumb\",\"itemListElement\":[{\"@type\":\"ListItem\",\"position\":1,\"name\":\"Inicio\",\"item\":\"https:\/\/sexshopbajolassabanas.mx\/\"},{\"@type\":\"ListItem\",\"position\":2,\"name\":\"Tienda\",\"item\":\"https:\/\/sexshopbajolassabanas.mx\/?page_id=38\"},{\"@type\":\"ListItem\",\"position\":3,\"name\":\"Aceite para masaje 2 en 1\"}]},{\"@type\":\"WebSite\",\"@id\":\"https:\/\/sexshopbajolassabanas.mx\/#website\",\"url\":\"https:\/\/sexshopbajolassabanas.mx\/\",\"name\":\"sexshopbajolassabanas.mx\",\"description\":\"Sex Shop Bajo Las Sabanas\",\"publisher\":{\"@id\":\"https:\/\/sexshopbajolassabanas.mx\/#organization\"},\"potentialAction\":[{\"@type\":\"SearchAction\",\"target\":{\"@type\":\"EntryPoint\",\"urlTemplate\":\"https:\/\/sexshopbajolassabanas.mx\/?s={search_term_string}\"},\"query-input\":\"required name=search_term_string\"}],\"inLanguage\":\"es\"},{\"@type\":\"Organization\",\"@id\":\"https:\/\/sexshopbajolassabanas.mx\/#organization\",\"name\":\"sexshopbajolassabanas.mx\",\"url\":\"https:\/\/sexshopbajolassabanas.mx\/\",\"logo\":{\"@type\":\"ImageObject\",\"inLanguage\":\"es\",\"@id\":\"https:\/\/sexshopbajolassabanas.mx\/#\/schema\/logo\/image\/\",\"url\":\"https:\/\/sexshopbajolassabanas.mx\/wp-content\/uploads\/2022\/08\/cropped-cropped-Sin-titulo-2_Mesa-de-trabajo-1.png\",\"contentUrl\":\"https:\/\/sexshopbajolassabanas.mx\/wp-content\/uploads\/2022\/08\/cropped-cropped-Sin-titulo-2_Mesa-de-trabajo-1.png\",\"width\":375,\"height\":375,\"caption\":\"sexshopbajolassabanas.mx\"},\"image\":{\"@id\":\"https:\/\/sexshopbajolassabanas.mx\/#\/schema\/logo\/image\/\"}}]}<\/script>\n<!-- \/ Yoast SEO plugin. -->","yoast_head_json":{"title":"Aceite para masaje 2 en 1 - sexshopbajolassabanas.mx","description":"Este aceite para masaje con CBD, estimula al m\u00e1ximo las zonas er\u00f3genas del cuerpo y genitales, puede usarse como lubricante al ser base agua.","robots":{"index":"index","follow":"follow","max-snippet":"max-snippet:-1","max-image-preview":"max-image-preview:large","max-video-preview":"max-video-preview:-1"},"canonical":"https:\/\/sexshopbajolassabanas.mx\/?product=aceite-para-masaje-con-cbd","og_locale":"es_MX","og_type":"article","og_title":"Aceite para masaje 2 en 1 - sexshopbajolassabanas.mx","og_description":"Este aceite para masaje con CBD, estimula al m\u00e1ximo las zonas er\u00f3genas del cuerpo y genitales, puede usarse como lubricante al ser base agua.","og_url":"https:\/\/sexshopbajolassabanas.mx\/?product=aceite-para-masaje-con-cbd","og_site_name":"sexshopbajolassabanas.mx","article_modified_time":"2023-12-13T17:21:06+00:00","og_image":[{"width":1080,"height":1080,"url":"http:\/\/sexshopbajolassabanas.mx\/wp-content\/uploads\/2022\/12\/aceite-para-masaje.png","type":"image\/png"}],"twitter_card":"summary_large_image","twitter_misc":{"Tiempo de lectura":"2 minutos"},"schema":{"@context":"https:\/\/schema.org","@graph":[{"@type":"WebPage","@id":"https:\/\/sexshopbajolassabanas.mx\/?product=aceite-para-masaje-con-cbd","url":"https:\/\/sexshopbajolassabanas.mx\/?product=aceite-para-masaje-con-cbd","name":"Aceite para masaje 2 en 1 - sexshopbajolassabanas.mx","isPartOf":{"@id":"https:\/\/sexshopbajolassabanas.mx\/#website"},"datePublished":"2022-12-14T07:29:33+00:00","dateModified":"2023-12-13T17:21:06+00:00","description":"Este aceite para masaje con CBD, estimula al m\u00e1ximo las zonas er\u00f3genas del cuerpo y genitales, puede usarse como lubricante al ser base agua.","breadcrumb":{"@id":"https:\/\/sexshopbajolassabanas.mx\/?product=aceite-para-masaje-con-cbd#breadcrumb"},"inLanguage":"es","potentialAction":[{"@type":"ReadAction","target":["https:\/\/sexshopbajolassabanas.mx\/?product=aceite-para-masaje-con-cbd"]}]},{"@type":"BreadcrumbList","@id":"https:\/\/sexshopbajolassabanas.mx\/?product=aceite-para-masaje-con-cbd#breadcrumb","itemListElement":[{"@type":"ListItem","position":1,"name":"Inicio","item":"https:\/\/sexshopbajolassabanas.mx\/"},{"@type":"ListItem","position":2,"name":"Tienda","item":"https:\/\/sexshopbajolassabanas.mx\/?page_id=38"},{"@type":"ListItem","position":3,"name":"Aceite para masaje 2 en 1"}]},{"@type":"WebSite","@id":"https:\/\/sexshopbajolassabanas.mx\/#website","url":"https:\/\/sexshopbajolassabanas.mx\/","name":"sexshopbajolassabanas.mx","description":"Sex Shop Bajo Las Sabanas","publisher":{"@id":"https:\/\/sexshopbajolassabanas.mx\/#organization"},"potentialAction":[{"@type":"SearchAction","target":{"@type":"EntryPoint","urlTemplate":"https:\/\/sexshopbajolassabanas.mx\/?s={search_term_string}"},"query-input":"required name=search_term_string"}],"inLanguage":"es"},{"@type":"Organization","@id":"https:\/\/sexshopbajolassabanas.mx\/#organization","name":"sexshopbajolassabanas.mx","url":"https:\/\/sexshopbajolassabanas.mx\/","logo":{"@type":"ImageObject","inLanguage":"es","@id":"https:\/\/sexshopbajolassabanas.mx\/#\/schema\/logo\/image\/","url":"https:\/\/sexshopbajolassabanas.mx\/wp-content\/uploads\/2022\/08\/cropped-cropped-Sin-titulo-2_Mesa-de-trabajo-1.png","contentUrl":"https:\/\/sexshopbajolassabanas.mx\/wp-content\/uploads\/2022\/08\/cropped-cropped-Sin-titulo-2_Mesa-de-trabajo-1.png","width":375,"height":375,"caption":"sexshopbajolassabanas.mx"},"image":{"@id":"https:\/\/sexshopbajolassabanas.mx\/#\/schema\/logo\/image\/"}}]}},"_links":{"self":[{"href":"https:\/\/sexshopbajolassabanas.mx\/index.php?rest_route=\/wp\/v2\/product\/6455","targetHints":{"allow":["GET"]}}],"collection":[{"href":"https:\/\/sexshopbajolassabanas.mx\/index.php?rest_route=\/wp\/v2\/product"}],"about":[{"href":"https:\/\/sexshopbajolassabanas.mx\/index.php?rest_route=\/wp\/v2\/types\/product"}],"replies":[{"embeddable":true,"href":"https:\/\/sexshopbajolassabanas.mx\/index.php?rest_route=%2Fwp%2Fv2%2Fcomments&post=6455"}],"version-history":[{"count":2,"href":"https:\/\/sexshopbajolassabanas.mx\/index.php?rest_route=\/wp\/v2\/product\/6455\/revisions"}],"predecessor-version":[{"id":7500,"href":"https:\/\/sexshopbajolassabanas.mx\/index.php?rest_route=\/wp\/v2\/product\/6455\/revisions\/7500"}],"wp:featuredmedia":[{"embeddable":true,"href":"https:\/\/sexshopbajolassabanas.mx\/index.php?rest_route=\/wp\/v2\/media\/6456"}],"wp:attachment":[{"href":"https:\/\/sexshopbajolassabanas.mx\/index.php?rest_route=%2Fwp%2Fv2%2Fmedia&parent=6455"}],"wp:term":[{"taxonomy":"product_cat","embeddable":true,"href":"https:\/\/sexshopbajolassabanas.mx\/index.php?rest_route=%2Fwp%2Fv2%2Fproduct_cat&post=6455"},{"taxonomy":"product_tag","embeddable":true,"href":"https:\/\/sexshopbajolassabanas.mx\/index.php?rest_route=%2Fwp%2Fv2%2Fproduct_tag&post=6455"},{"taxonomy":"giftcard-category","embeddable":true,"href":"https:\/\/sexshopbajolassabanas.mx\/index.php?rest_route=%2Fwp%2Fv2%2Fgiftcard-category&post=6455"}],"curies":[{"name":"wp","href":"https:\/\/api.w.org\/{rel}","templated":true}]}}