{"id":6484,"date":"2023-01-23T03:33:01","date_gmt":"2023-01-23T03:33:01","guid":{"rendered":"https:\/\/sexshopbajolassabanas.mx\/?post_type=product&#038;p=6484"},"modified":"2024-02-26T20:29:21","modified_gmt":"2024-02-26T20:29:21","slug":"viagra-para-hombre-rhino-89","status":"publish","type":"product","link":"https:\/\/sexshopbajolassabanas.mx\/?product=viagra-para-hombre-rhino-89","title":{"rendered":"Viagra para hombre rhino 25"},"content":{"rendered":"<h3><span style=\"color: #808000;\"><b>\u00a1 Viagra para hombre\u00a0aqu\u00ed\u00a0sabr\u00e1s\u00a0como funciona el viagra<span class=\"JsGRdQ\">\u00a0<\/span>!<\/b><\/span><\/h3>\n<p><span style=\"font-weight: 400;\"><a href=\"https:\/\/sexshopbajolassabanas.mx\/?product_cat=sabaneros\">Sabanero<\/a>, \u00bfDisfunci\u00f3n er\u00e9ctil? \u00bfDeseas tener mayor vigor en tus relaciones \u00edntimas? Tendr\u00e1s mayor energ\u00eda \u00a0fuerza para rendir y disfrutar juntos en cada encuentro. Lo mejor de todo es que ha llegado a Bajo las S\u00e1banas Rhino 25, mejor conocido como pastilla azul o viagra para hombre, pero esta es natural. <\/span><\/p>\n<p class=\"_04xlpA direction-ltr align-center para-style-body\">Prolonga el tiempo de las relaciones sexuales<\/p>\n<p>Maximizar en longitud, ancho y resistencia<\/p>\n<p class=\"_04xlpA direction-ltr align-center para-style-body\"><span class=\"JsGRdQ\">Erecci\u00f3n solida como roca<\/span><\/p>\n<p>Cero eyaculaci\u00f3n precoz<\/p>\n<p class=\"_04xlpA direction-ltr align-center para-style-body\"><span class=\"JsGRdQ\">Maximiza la intensidad de tus orgasmos<\/span><\/p>\n<p class=\"_04xlpA direction-ltr align-center para-style-body\"><span class=\"JsGRdQ\">1 capsula dura 7 d\u00edas<\/span><\/p>\n<p class=\"_04xlpA direction-ltr align-center para-style-body\"><span class=\"JsGRdQ\">100% natural<\/span><\/p>\n<p class=\"_04xlpA direction-ltr align-center para-style-body\"><span class=\"JsGRdQ\">Sin efectos secundarios, no duele la cabeza<\/span><\/p>\n<p class=\"_04xlpA direction-ltr align-center para-style-body\"><span class=\"JsGRdQ\">Mejor control en tu eyaculaci\u00f3n<\/span><\/p>\n<p>Sorprendente aumento de grosor en tu miembro<\/p>\n<p><span style=\"font-weight: 400;\">Adem\u00e1s, obtendr\u00e1s pronta recuperaci\u00f3n para seguir en los momentos de placer con tu pareja.\u00a1Se mezcla bien con alcohol!\u200b Recuerda tomar al menos dos vasos de agua despu\u00e9s de ingerirla.<\/span><\/p>\n<p><b>\u00a1Hasta por 7 d\u00edas!<\/b><\/p>\n<p><span style=\"font-weight: 400;\">Presentaci\u00f3n: 1\u00a0 C\u00e1psula\u00a0<\/span><\/p>\n<p><b>Forma de uso:<\/b>\u00bfC<span data-sheets-value=\"{&quot;1&quot;:2,&quot;2&quot;:&quot;como funciona el viagra&quot;}\" data-sheets-userformat=\"{&quot;2&quot;:14399,&quot;3&quot;:{&quot;1&quot;:0,&quot;3&quot;:1},&quot;4&quot;:{&quot;1&quot;:2,&quot;2&quot;:14211288},&quot;5&quot;:{&quot;1&quot;:[{&quot;1&quot;:2,&quot;2&quot;:0,&quot;5&quot;:{&quot;1&quot;:2,&quot;2&quot;:0}},{&quot;1&quot;:0,&quot;2&quot;:0,&quot;3&quot;:3},{&quot;1&quot;:1,&quot;2&quot;:0,&quot;4&quot;:1}]},&quot;6&quot;:{&quot;1&quot;:[{&quot;1&quot;:2,&quot;2&quot;:0,&quot;5&quot;:{&quot;1&quot;:2,&quot;2&quot;:0}},{&quot;1&quot;:0,&quot;2&quot;:0,&quot;3&quot;:3},{&quot;1&quot;:1,&quot;2&quot;:0,&quot;4&quot;:1}]},&quot;7&quot;:{&quot;1&quot;:[{&quot;1&quot;:2,&quot;2&quot;:0,&quot;5&quot;:{&quot;1&quot;:2,&quot;2&quot;:0}},{&quot;1&quot;:0,&quot;2&quot;:0,&quot;3&quot;:3},{&quot;1&quot;:1,&quot;2&quot;:0,&quot;4&quot;:1}]},&quot;8&quot;:{&quot;1&quot;:[{&quot;1&quot;:2,&quot;2&quot;:0,&quot;5&quot;:{&quot;1&quot;:2,&quot;2&quot;:0}},{&quot;1&quot;:0,&quot;2&quot;:0,&quot;3&quot;:3},{&quot;1&quot;:1,&quot;2&quot;:0,&quot;4&quot;:1}]},&quot;14&quot;:{&quot;1&quot;:3,&quot;3&quot;:1},&quot;15&quot;:&quot;Calibri&quot;,&quot;16&quot;:11}\">\u00f3mo\u00a0funciona el viagra?\u00a0<\/span><span style=\"font-weight: 400;\">Consumir la c\u00e1psula de viagra para hombre como m\u00ednimo 60 minutos antes de tu relaci\u00f3n sexual , los efectos los comenzaras a sentir en 5 minutos, as\u00ed que estar\u00e1s m\u00e1s que listo para ser el actor principal, en tus momentos de pasi\u00f3n. Acompa\u00f1ar con dos vasos de agua, funciona mejor tom\u00e1ndola despu\u00e9s de cada alimento , tambi\u00e9n puedes combinarla con suplementos alimenticios como la<a href=\"https:\/\/sexshopbajolassabanas.mx\/?product=rendimiento-sexual-mamba-negra\"> mamba negra<\/a> . Se mezcla bien con alcohol. La c\u00e1psula de viagra debe consumirse \u00fanicamente en mayores de 18 a\u00f1os.<\/span><\/p>\n<p><b>Efectos secundarios<\/b><span style=\"font-weight: 400;\">: Tomar <a href=\"https:\/\/sexshopbajolassabanas.mx\/?product=blue-rhino-79-viagra-natural\">Viagra para hombre<\/a> no es peligroso si te lo ha recetado un m\u00e9dico y realmente sufres de disfunci\u00f3n er\u00e9ctil o impotencia. Los problemas pueden aparecer cuando realmente quien la toma es joven y no la necesita y pueden ser los siguientes: Dolor de cabeza, de est\u00f3mago, diarrea, n\u00e1useas, sofocos o mareos, o simplemente quieres tener mas poder la reino es para ti sin excesos., y disfunci\u00f3n er\u00e9ctil temprana.<\/span><\/p>\n<p><b>Atenci\u00f3n:<\/b><span style=\"font-weight: 400;\"> No consumir viagra en compa\u00f1\u00eda de drogas como: coca\u00edna, anfetaminas o poppers.<\/span><\/p>\n<p>&nbsp;<\/p>\n","protected":false},"excerpt":{"rendered":"<p class=\"_04xlpA direction-ltr align-center para-style-body\">Prolonga el tiempo de las relaciones sexuales<\/p>\n<p>Maximizar en longitud, ancho y resistencia<\/p>\n<p class=\"_04xlpA direction-ltr align-center para-style-body\"><span class=\"JsGRdQ\">Erecci\u00f3n solida como roca<\/span><\/p>\n<p>Cero eyaculaci\u00f3n precoz<\/p>\n<p class=\"_04xlpA direction-ltr align-center para-style-body\"><span class=\"JsGRdQ\">Maximiza la intensidad de tus orgasmos<\/span><\/p>\n<p class=\"_04xlpA direction-ltr align-center para-style-body\"><span class=\"JsGRdQ\">1 capsula dura 7 d\u00edas<\/span><\/p>\n<p class=\"_04xlpA direction-ltr align-center para-style-body\"><span class=\"JsGRdQ\">100% natural<\/span><\/p>\n<p class=\"_04xlpA direction-ltr align-center para-style-body\"><span class=\"JsGRdQ\">Sin efectos secundarios, no duele la cabeza<\/span><\/p>\n<p class=\"_04xlpA direction-ltr align-center para-style-body\"><span class=\"JsGRdQ\">Mejor control en tu eyaculaci\u00f3n<\/span><\/p>\n<p>Sorprendente aumento de grosor en tu miembro<\/p>\n","protected":false},"featured_media":7997,"comment_status":"open","ping_status":"closed","template":"","meta":{"om_disable_all_campaigns":false,"site-sidebar-layout":"default","site-content-layout":"default","ast-site-content-layout":"","site-content-style":"default","site-sidebar-style":"default","ast-global-header-display":"","ast-banner-title-visibility":"","ast-main-header-display":"","ast-hfb-above-header-display":"disabled","ast-hfb-below-header-display":"","ast-hfb-mobile-header-display":"","site-post-title":"","ast-breadcrumbs-content":"","ast-featured-img":"","footer-sml-layout":"","theme-transparent-header-meta":"default","adv-header-id-meta":"","stick-header-meta":"","header-above-stick-meta":"","header-main-stick-meta":"","header-below-stick-meta":"","astra-migrate-meta-layouts":"default","ast-page-background-enabled":"default","ast-page-background-meta":{"desktop":{"background-color":"","background-image":"","background-repeat":"repeat","background-position":"center center","background-size":"auto","background-attachment":"scroll","background-type":"","background-media":"","overlay-type":"","overlay-color":"","overlay-opacity":"","overlay-gradient":""},"tablet":{"background-color":"","background-image":"","background-repeat":"repeat","background-position":"center center","background-size":"auto","background-attachment":"scroll","background-type":"","background-media":"","overlay-type":"","overlay-color":"","overlay-opacity":"","overlay-gradient":""},"mobile":{"background-color":"","background-image":"","background-repeat":"repeat","background-position":"center center","background-size":"auto","background-attachment":"scroll","background-type":"","background-media":"","overlay-type":"","overlay-color":"","overlay-opacity":"","overlay-gradient":""}},"ast-content-background-meta":{"desktop":{"background-color":"var(--ast-global-color-5)","background-image":"","background-repeat":"repeat","background-position":"center center","background-size":"auto","background-attachment":"scroll","background-type":"","background-media":"","overlay-type":"","overlay-color":"","overlay-opacity":"","overlay-gradient":""},"tablet":{"background-color":"var(--ast-global-color-5)","background-image":"","background-repeat":"repeat","background-position":"center center","background-size":"auto","background-attachment":"scroll","background-type":"","background-media":"","overlay-type":"","overlay-color":"","overlay-opacity":"","overlay-gradient":""},"mobile":{"background-color":"var(--ast-global-color-5)","background-image":"","background-repeat":"repeat","background-position":"center center","background-size":"auto","background-attachment":"scroll","background-type":"","background-media":"","overlay-type":"","overlay-color":"","overlay-opacity":"","overlay-gradient":""}},"_joinchat":[]},"product_cat":[65,108,196,40],"product_tag":[],"giftcard-category":[],"class_list":{"0":"post-6484","1":"product","2":"type-product","3":"status-publish","4":"has-post-thumbnail","6":"product_cat-rendimiento-sexual","7":"product_cat-rendimiento-sexual-el","8":"product_cat-sabaneres","9":"product_cat-sabaneros","10":"desktop-align-left","11":"tablet-align-left","12":"mobile-align-left","14":"first","15":"instock","16":"taxable","17":"shipping-taxable","18":"purchasable","19":"product-type-simple"},"yoast_head":"<!-- This site is optimized with the Yoast SEO plugin v20.5 - https:\/\/yoast.com\/wordpress\/plugins\/seo\/ -->\n<title>Viagra para hombre rhino 25 - sexshopbajolassabanas.mx<\/title>\n<meta name=\"description\" content=\"Quieres saber c\u00f3mo funciona el viagra para hombre, Tomal\u00e1 60 minutos antes y sentir\u00e1s el efecto en 5 minutos, mejoras tus relaciones intimas.\" \/>\n<meta name=\"robots\" content=\"index, follow, max-snippet:-1, max-image-preview:large, max-video-preview:-1\" \/>\n<link rel=\"canonical\" href=\"https:\/\/sexshopbajolassabanas.mx\/?product=viagra-para-hombre-rhino-89\" \/>\n<meta property=\"og:locale\" content=\"es_MX\" \/>\n<meta property=\"og:type\" content=\"article\" \/>\n<meta property=\"og:title\" content=\"Viagra para hombre rhino 25 - sexshopbajolassabanas.mx\" \/>\n<meta property=\"og:description\" content=\"Quieres saber c\u00f3mo funciona el viagra para hombre, Tomal\u00e1 60 minutos antes y sentir\u00e1s el efecto en 5 minutos, mejoras tus relaciones intimas.\" \/>\n<meta property=\"og:url\" content=\"https:\/\/sexshopbajolassabanas.mx\/?product=viagra-para-hombre-rhino-89\" \/>\n<meta property=\"og:site_name\" content=\"sexshopbajolassabanas.mx\" \/>\n<meta property=\"article:modified_time\" content=\"2024-02-26T20:29:21+00:00\" \/>\n<meta property=\"og:image\" content=\"http:\/\/sexshopbajolassabanas.mx\/wp-content\/uploads\/2023\/01\/4.png\" \/>\n\t<meta property=\"og:image:width\" content=\"1000\" \/>\n\t<meta property=\"og:image:height\" content=\"1000\" \/>\n\t<meta property=\"og:image:type\" content=\"image\/png\" \/>\n<meta name=\"twitter:card\" content=\"summary_large_image\" \/>\n<meta name=\"twitter:label1\" content=\"Tiempo de lectura\" \/>\n\t<meta name=\"twitter:data1\" content=\"2 minutos\" \/>\n<script type=\"application\/ld+json\" class=\"yoast-schema-graph\">{\"@context\":\"https:\/\/schema.org\",\"@graph\":[{\"@type\":\"WebPage\",\"@id\":\"https:\/\/sexshopbajolassabanas.mx\/?product=viagra-para-hombre-rhino-89\",\"url\":\"https:\/\/sexshopbajolassabanas.mx\/?product=viagra-para-hombre-rhino-89\",\"name\":\"Viagra para hombre rhino 25 - sexshopbajolassabanas.mx\",\"isPartOf\":{\"@id\":\"https:\/\/sexshopbajolassabanas.mx\/#website\"},\"datePublished\":\"2023-01-23T03:33:01+00:00\",\"dateModified\":\"2024-02-26T20:29:21+00:00\",\"description\":\"Quieres saber c\u00f3mo funciona el viagra para hombre, Tomal\u00e1 60 minutos antes y sentir\u00e1s el efecto en 5 minutos, mejoras tus relaciones intimas.\",\"breadcrumb\":{\"@id\":\"https:\/\/sexshopbajolassabanas.mx\/?product=viagra-para-hombre-rhino-89#breadcrumb\"},\"inLanguage\":\"es\",\"potentialAction\":[{\"@type\":\"ReadAction\",\"target\":[\"https:\/\/sexshopbajolassabanas.mx\/?product=viagra-para-hombre-rhino-89\"]}]},{\"@type\":\"BreadcrumbList\",\"@id\":\"https:\/\/sexshopbajolassabanas.mx\/?product=viagra-para-hombre-rhino-89#breadcrumb\",\"itemListElement\":[{\"@type\":\"ListItem\",\"position\":1,\"name\":\"Inicio\",\"item\":\"https:\/\/sexshopbajolassabanas.mx\/\"},{\"@type\":\"ListItem\",\"position\":2,\"name\":\"Tienda\",\"item\":\"https:\/\/sexshopbajolassabanas.mx\/?page_id=38\"},{\"@type\":\"ListItem\",\"position\":3,\"name\":\"Viagra para hombre rhino 25\"}]},{\"@type\":\"WebSite\",\"@id\":\"https:\/\/sexshopbajolassabanas.mx\/#website\",\"url\":\"https:\/\/sexshopbajolassabanas.mx\/\",\"name\":\"sexshopbajolassabanas.mx\",\"description\":\"Sex Shop Bajo Las Sabanas\",\"publisher\":{\"@id\":\"https:\/\/sexshopbajolassabanas.mx\/#organization\"},\"potentialAction\":[{\"@type\":\"SearchAction\",\"target\":{\"@type\":\"EntryPoint\",\"urlTemplate\":\"https:\/\/sexshopbajolassabanas.mx\/?s={search_term_string}\"},\"query-input\":\"required name=search_term_string\"}],\"inLanguage\":\"es\"},{\"@type\":\"Organization\",\"@id\":\"https:\/\/sexshopbajolassabanas.mx\/#organization\",\"name\":\"sexshopbajolassabanas.mx\",\"url\":\"https:\/\/sexshopbajolassabanas.mx\/\",\"logo\":{\"@type\":\"ImageObject\",\"inLanguage\":\"es\",\"@id\":\"https:\/\/sexshopbajolassabanas.mx\/#\/schema\/logo\/image\/\",\"url\":\"https:\/\/sexshopbajolassabanas.mx\/wp-content\/uploads\/2022\/08\/cropped-cropped-Sin-titulo-2_Mesa-de-trabajo-1.png\",\"contentUrl\":\"https:\/\/sexshopbajolassabanas.mx\/wp-content\/uploads\/2022\/08\/cropped-cropped-Sin-titulo-2_Mesa-de-trabajo-1.png\",\"width\":375,\"height\":375,\"caption\":\"sexshopbajolassabanas.mx\"},\"image\":{\"@id\":\"https:\/\/sexshopbajolassabanas.mx\/#\/schema\/logo\/image\/\"}}]}<\/script>\n<!-- \/ Yoast SEO plugin. -->","yoast_head_json":{"title":"Viagra para hombre rhino 25 - sexshopbajolassabanas.mx","description":"Quieres saber c\u00f3mo funciona el viagra para hombre, Tomal\u00e1 60 minutos antes y sentir\u00e1s el efecto en 5 minutos, mejoras tus relaciones intimas.","robots":{"index":"index","follow":"follow","max-snippet":"max-snippet:-1","max-image-preview":"max-image-preview:large","max-video-preview":"max-video-preview:-1"},"canonical":"https:\/\/sexshopbajolassabanas.mx\/?product=viagra-para-hombre-rhino-89","og_locale":"es_MX","og_type":"article","og_title":"Viagra para hombre rhino 25 - sexshopbajolassabanas.mx","og_description":"Quieres saber c\u00f3mo funciona el viagra para hombre, Tomal\u00e1 60 minutos antes y sentir\u00e1s el efecto en 5 minutos, mejoras tus relaciones intimas.","og_url":"https:\/\/sexshopbajolassabanas.mx\/?product=viagra-para-hombre-rhino-89","og_site_name":"sexshopbajolassabanas.mx","article_modified_time":"2024-02-26T20:29:21+00:00","og_image":[{"width":1000,"height":1000,"url":"http:\/\/sexshopbajolassabanas.mx\/wp-content\/uploads\/2023\/01\/4.png","type":"image\/png"}],"twitter_card":"summary_large_image","twitter_misc":{"Tiempo de lectura":"2 minutos"},"schema":{"@context":"https:\/\/schema.org","@graph":[{"@type":"WebPage","@id":"https:\/\/sexshopbajolassabanas.mx\/?product=viagra-para-hombre-rhino-89","url":"https:\/\/sexshopbajolassabanas.mx\/?product=viagra-para-hombre-rhino-89","name":"Viagra para hombre rhino 25 - sexshopbajolassabanas.mx","isPartOf":{"@id":"https:\/\/sexshopbajolassabanas.mx\/#website"},"datePublished":"2023-01-23T03:33:01+00:00","dateModified":"2024-02-26T20:29:21+00:00","description":"Quieres saber c\u00f3mo funciona el viagra para hombre, Tomal\u00e1 60 minutos antes y sentir\u00e1s el efecto en 5 minutos, mejoras tus relaciones intimas.","breadcrumb":{"@id":"https:\/\/sexshopbajolassabanas.mx\/?product=viagra-para-hombre-rhino-89#breadcrumb"},"inLanguage":"es","potentialAction":[{"@type":"ReadAction","target":["https:\/\/sexshopbajolassabanas.mx\/?product=viagra-para-hombre-rhino-89"]}]},{"@type":"BreadcrumbList","@id":"https:\/\/sexshopbajolassabanas.mx\/?product=viagra-para-hombre-rhino-89#breadcrumb","itemListElement":[{"@type":"ListItem","position":1,"name":"Inicio","item":"https:\/\/sexshopbajolassabanas.mx\/"},{"@type":"ListItem","position":2,"name":"Tienda","item":"https:\/\/sexshopbajolassabanas.mx\/?page_id=38"},{"@type":"ListItem","position":3,"name":"Viagra para hombre rhino 25"}]},{"@type":"WebSite","@id":"https:\/\/sexshopbajolassabanas.mx\/#website","url":"https:\/\/sexshopbajolassabanas.mx\/","name":"sexshopbajolassabanas.mx","description":"Sex Shop Bajo Las Sabanas","publisher":{"@id":"https:\/\/sexshopbajolassabanas.mx\/#organization"},"potentialAction":[{"@type":"SearchAction","target":{"@type":"EntryPoint","urlTemplate":"https:\/\/sexshopbajolassabanas.mx\/?s={search_term_string}"},"query-input":"required name=search_term_string"}],"inLanguage":"es"},{"@type":"Organization","@id":"https:\/\/sexshopbajolassabanas.mx\/#organization","name":"sexshopbajolassabanas.mx","url":"https:\/\/sexshopbajolassabanas.mx\/","logo":{"@type":"ImageObject","inLanguage":"es","@id":"https:\/\/sexshopbajolassabanas.mx\/#\/schema\/logo\/image\/","url":"https:\/\/sexshopbajolassabanas.mx\/wp-content\/uploads\/2022\/08\/cropped-cropped-Sin-titulo-2_Mesa-de-trabajo-1.png","contentUrl":"https:\/\/sexshopbajolassabanas.mx\/wp-content\/uploads\/2022\/08\/cropped-cropped-Sin-titulo-2_Mesa-de-trabajo-1.png","width":375,"height":375,"caption":"sexshopbajolassabanas.mx"},"image":{"@id":"https:\/\/sexshopbajolassabanas.mx\/#\/schema\/logo\/image\/"}}]}},"_links":{"self":[{"href":"https:\/\/sexshopbajolassabanas.mx\/index.php?rest_route=\/wp\/v2\/product\/6484","targetHints":{"allow":["GET"]}}],"collection":[{"href":"https:\/\/sexshopbajolassabanas.mx\/index.php?rest_route=\/wp\/v2\/product"}],"about":[{"href":"https:\/\/sexshopbajolassabanas.mx\/index.php?rest_route=\/wp\/v2\/types\/product"}],"replies":[{"embeddable":true,"href":"https:\/\/sexshopbajolassabanas.mx\/index.php?rest_route=%2Fwp%2Fv2%2Fcomments&post=6484"}],"version-history":[{"count":4,"href":"https:\/\/sexshopbajolassabanas.mx\/index.php?rest_route=\/wp\/v2\/product\/6484\/revisions"}],"predecessor-version":[{"id":8004,"href":"https:\/\/sexshopbajolassabanas.mx\/index.php?rest_route=\/wp\/v2\/product\/6484\/revisions\/8004"}],"wp:featuredmedia":[{"embeddable":true,"href":"https:\/\/sexshopbajolassabanas.mx\/index.php?rest_route=\/wp\/v2\/media\/7997"}],"wp:attachment":[{"href":"https:\/\/sexshopbajolassabanas.mx\/index.php?rest_route=%2Fwp%2Fv2%2Fmedia&parent=6484"}],"wp:term":[{"taxonomy":"product_cat","embeddable":true,"href":"https:\/\/sexshopbajolassabanas.mx\/index.php?rest_route=%2Fwp%2Fv2%2Fproduct_cat&post=6484"},{"taxonomy":"product_tag","embeddable":true,"href":"https:\/\/sexshopbajolassabanas.mx\/index.php?rest_route=%2Fwp%2Fv2%2Fproduct_tag&post=6484"},{"taxonomy":"giftcard-category","embeddable":true,"href":"https:\/\/sexshopbajolassabanas.mx\/index.php?rest_route=%2Fwp%2Fv2%2Fgiftcard-category&post=6484"}],"curies":[{"name":"wp","href":"https:\/\/api.w.org\/{rel}","templated":true}]}}