{"id":6497,"date":"2023-01-23T05:11:12","date_gmt":"2023-01-23T05:11:12","guid":{"rendered":"https:\/\/sexshopbajolassabanas.mx\/?post_type=product&#038;p=6497"},"modified":"2023-12-17T06:11:31","modified_gmt":"2023-12-17T06:11:31","slug":"viagra-natural-rhino-79","status":"publish","type":"product","link":"https:\/\/sexshopbajolassabanas.mx\/?product=viagra-natural-rhino-79","title":{"rendered":"Viagra natural platinum 10k"},"content":{"rendered":"<h3><span style=\"color: #666699;\"><strong>Viagra natural, disfruta sin interrupciones<\/strong><\/span><\/h3>\n<p>Sabanero, \u00bfDeseas tener mayor vigor en tus relaciones \u00edntimas? Toma una c\u00e1psula de viagra natural antes de cada actividad sexual, funciona mejor si se toma con el estomago vac\u00edo.<\/p>\n<p>Tendr\u00e1s mayor energ\u00eda \u00a0fuerza para rendir y disfrutar juntos en cada encuentro. Lo mejor de todo es que ha llegado a Bajo las S\u00e1banas Rhino 79, mejor conocido como pastilla azul o viagra para hombre pero esta es natural, sin efectos secundarios.<\/p>\n<p class=\"_04xlpA direction-ltr align-center para-style-body\">Prolonga el tiempo de las relaciones sexuales<\/p>\n<p>Cero eyaculaci\u00f3n precoz<\/p>\n<p class=\"_04xlpA direction-ltr align-center para-style-body\"><span class=\"JsGRdQ\">Erecci\u00f3n solida como roca<\/span><\/p>\n<p class=\"_04xlpA direction-ltr align-center para-style-body\"><span class=\"JsGRdQ\">Maximiza la intensidad de tus orgasmos<\/span><\/p>\n<p>Aumenta el volumen de la eyaculaci\u00f3n<\/p>\n<p>Sorprendente aumento de grosor en tu miembro<\/p>\n<p class=\"_04xlpA direction-ltr align-center para-style-body\"><span class=\"JsGRdQ\">100% natural<\/span><\/p>\n<p>Orgasmos intensos y explosivos<\/p>\n<p class=\"_04xlpA direction-ltr align-center para-style-body\"><span class=\"JsGRdQ\">Sin efectos secundarios, no duele la cabeza<\/span><\/p>\n<p class=\"_04xlpA direction-ltr align-center para-style-body\"><span class=\"JsGRdQ\">Mejor control en tu eyaculaci\u00f3n<\/span><\/p>\n<p id=\"tw-target-text\" class=\"tw-data-text tw-text-large tw-ta\" dir=\"ltr\" data-placeholder=\"Traducci\u00f3n\" data-ved=\"2ahUKEwjjm66j3ZWDAxV_OUQIHVwOC10Q3ewLegQIBRAQ\"><span class=\"Y2IQFc\" lang=\"es\">Maximizar en longitud, ancho y resistencia<\/span><\/p>\n<p>Adem\u00e1s, obtendr\u00e1s pronta recuperaci\u00f3n para seguir en los momentos de placer con tu pareja<\/p>\n<p><strong>Una\u00a0c\u00e1psula\u00a0rinde \u00a1Hasta por 7 d\u00edas!<\/strong><\/p>\n<p>Presentaci\u00f3n: 1\u00a0 C\u00e1psula platinum 10 k<\/p>\n<p><strong>Forma de uso:\u00a0<\/strong>Viagra natural , consumir la c\u00e1psula de viagra para hombre como m\u00ednimo 60 minutos antes de tu relaci\u00f3n sexual, as\u00ed que estar\u00e1s m\u00e1s que listo para ser el actor principal, en tus momentos de pasi\u00f3n. Acompa\u00f1ar con dos vasos de agua, funciona mejor tom\u00e1ndola con el estomago vac\u00edo, tambi\u00e9n puedes combinarla con suplementos alimenticios como <a href=\"https:\/\/sexshopbajolassabanas.mx\/?product=rendimiento-sexual-mamba-negra\">mamba negra<\/a><a href=\"https:\/\/sexshopbajolassabanas.mx\/?product=rendimiento-fisico-y-sexual-vitality\">\u00a0<\/a>. Se mezcla bien con alcohol. La c\u00e1psula de viagra debe consumirse \u00fanicamente en mayores de 18 a\u00f1os.<\/p>\n<p><strong>Efectos secundarios<\/strong>: Tomar\u00a0<a href=\"https:\/\/sexshopbajolassabanas.mx\/?product=blue-rhino-79-viagra-natural\">Viagra natural <\/a>no es peligroso si te lo ha recetado un m\u00e9dico y realmente sufres de disfunci\u00f3n er\u00e9ctil o impotencia. Los problemas pueden aparecer cuando realmente quien la toma es joven menor a los 30\u00a0a\u00f1os\u00a0no la necesita y pueden ser los siguientes: Dolor de cabeza, de est\u00f3mago, diarrea, n\u00e1useas, sofocos o mareos, o simplemente quieres tener mas poder la reino es para ti sin excesos, y disfunci\u00f3n er\u00e9ctil temprana.<\/p>\n<p><strong>Atenci\u00f3n:<\/strong>\u00a0No consumir viagra en compa\u00f1\u00eda de drogas como: coca\u00edna, anfetaminas o poppers.<\/p>\n","protected":false},"excerpt":{"rendered":"<p class=\"_04xlpA direction-ltr align-center para-style-body\">Prolonga el tiempo de las relaciones sexuales<\/p>\n<p>Cero eyaculaci\u00f3n precoz<\/p>\n<p class=\"_04xlpA direction-ltr align-center para-style-body\"><span class=\"JsGRdQ\">Erecci\u00f3n solida como roca<\/span><\/p>\n<p class=\"_04xlpA direction-ltr align-center para-style-body\"><span class=\"JsGRdQ\">Maximiza la intensidad de tus orgasmos<\/span><\/p>\n<p>Aumenta el volumen de la eyaculaci\u00f3n<\/p>\n<p>Sorprendente aumento de grosor en tu miembro<\/p>\n<p class=\"_04xlpA direction-ltr align-center para-style-body\"><span class=\"JsGRdQ\">100% natural<\/span><\/p>\n<p>Orgasmos intensos y explosivos<\/p>\n<p class=\"_04xlpA direction-ltr align-center para-style-body\"><span class=\"JsGRdQ\">Sin efectos secundarios, no duele la cabeza<\/span><\/p>\n<p class=\"_04xlpA direction-ltr align-center para-style-body\"><span class=\"JsGRdQ\">Mejor control en tu eyaculaci\u00f3n<\/span><\/p>\n<p id=\"tw-target-text\" class=\"tw-data-text tw-text-large tw-ta\" dir=\"ltr\" data-placeholder=\"Traducci\u00f3n\" data-ved=\"2ahUKEwjjm66j3ZWDAxV_OUQIHVwOC10Q3ewLegQIBRAQ\"><span class=\"Y2IQFc\" lang=\"es\">Maximizar en longitud, ancho y resistencia<\/span><\/p>\n<p>Adem\u00e1s, obtendr\u00e1s pronta recuperaci\u00f3n para seguir en los momentos de placer con tu pareja<\/p>\n<p>&nbsp;<\/p>\n","protected":false},"featured_media":7998,"comment_status":"open","ping_status":"closed","template":"","meta":{"om_disable_all_campaigns":false,"site-sidebar-layout":"default","site-content-layout":"default","ast-site-content-layout":"","site-content-style":"default","site-sidebar-style":"default","ast-global-header-display":"","ast-banner-title-visibility":"","ast-main-header-display":"","ast-hfb-above-header-display":"disabled","ast-hfb-below-header-display":"","ast-hfb-mobile-header-display":"","site-post-title":"","ast-breadcrumbs-content":"","ast-featured-img":"","footer-sml-layout":"","theme-transparent-header-meta":"default","adv-header-id-meta":"","stick-header-meta":"","header-above-stick-meta":"","header-main-stick-meta":"","header-below-stick-meta":"","astra-migrate-meta-layouts":"default","ast-page-background-enabled":"default","ast-page-background-meta":{"desktop":{"background-color":"","background-image":"","background-repeat":"repeat","background-position":"center center","background-size":"auto","background-attachment":"scroll","background-type":"","background-media":"","overlay-type":"","overlay-color":"","overlay-opacity":"","overlay-gradient":""},"tablet":{"background-color":"","background-image":"","background-repeat":"repeat","background-position":"center center","background-size":"auto","background-attachment":"scroll","background-type":"","background-media":"","overlay-type":"","overlay-color":"","overlay-opacity":"","overlay-gradient":""},"mobile":{"background-color":"","background-image":"","background-repeat":"repeat","background-position":"center center","background-size":"auto","background-attachment":"scroll","background-type":"","background-media":"","overlay-type":"","overlay-color":"","overlay-opacity":"","overlay-gradient":""}},"ast-content-background-meta":{"desktop":{"background-color":"var(--ast-global-color-5)","background-image":"","background-repeat":"repeat","background-position":"center center","background-size":"auto","background-attachment":"scroll","background-type":"","background-media":"","overlay-type":"","overlay-color":"","overlay-opacity":"","overlay-gradient":""},"tablet":{"background-color":"var(--ast-global-color-5)","background-image":"","background-repeat":"repeat","background-position":"center center","background-size":"auto","background-attachment":"scroll","background-type":"","background-media":"","overlay-type":"","overlay-color":"","overlay-opacity":"","overlay-gradient":""},"mobile":{"background-color":"var(--ast-global-color-5)","background-image":"","background-repeat":"repeat","background-position":"center center","background-size":"auto","background-attachment":"scroll","background-type":"","background-media":"","overlay-type":"","overlay-color":"","overlay-opacity":"","overlay-gradient":""}},"_joinchat":[]},"product_cat":[65,108,196,40],"product_tag":[],"giftcard-category":[],"class_list":{"0":"post-6497","1":"product","2":"type-product","3":"status-publish","4":"has-post-thumbnail","6":"product_cat-rendimiento-sexual","7":"product_cat-rendimiento-sexual-el","8":"product_cat-sabaneres","9":"product_cat-sabaneros","10":"desktop-align-left","11":"tablet-align-left","12":"mobile-align-left","14":"first","15":"instock","16":"taxable","17":"shipping-taxable","18":"purchasable","19":"product-type-simple"},"yoast_head":"<!-- This site is optimized with the Yoast SEO plugin v20.5 - https:\/\/yoast.com\/wordpress\/plugins\/seo\/ -->\n<title>Viagra natural platinum 10k - sexshopbajolassabanas.mx<\/title>\n<meta name=\"description\" content=\"El viagra natural, te brindara mejores erecciones, mayores orgasmos, erecciones mas firmes y toda la energia que necesites\" \/>\n<meta name=\"robots\" content=\"index, follow, max-snippet:-1, max-image-preview:large, max-video-preview:-1\" \/>\n<link rel=\"canonical\" href=\"https:\/\/sexshopbajolassabanas.mx\/?product=viagra-natural-rhino-79\" \/>\n<meta property=\"og:locale\" content=\"es_MX\" \/>\n<meta property=\"og:type\" content=\"article\" \/>\n<meta property=\"og:title\" content=\"Viagra natural platinum 10k - sexshopbajolassabanas.mx\" \/>\n<meta property=\"og:description\" content=\"El viagra natural, te brindara mejores erecciones, mayores orgasmos, erecciones mas firmes y toda la energia que necesites\" \/>\n<meta property=\"og:url\" content=\"https:\/\/sexshopbajolassabanas.mx\/?product=viagra-natural-rhino-79\" \/>\n<meta property=\"og:site_name\" content=\"sexshopbajolassabanas.mx\" \/>\n<meta property=\"article:modified_time\" content=\"2023-12-17T06:11:31+00:00\" \/>\n<meta property=\"og:image\" content=\"http:\/\/sexshopbajolassabanas.mx\/wp-content\/uploads\/2023\/01\/5.png\" \/>\n\t<meta property=\"og:image:width\" content=\"1000\" \/>\n\t<meta property=\"og:image:height\" content=\"1000\" \/>\n\t<meta property=\"og:image:type\" content=\"image\/png\" \/>\n<meta name=\"twitter:card\" content=\"summary_large_image\" \/>\n<meta name=\"twitter:label1\" content=\"Tiempo de lectura\" \/>\n\t<meta name=\"twitter:data1\" content=\"2 minutos\" \/>\n<script type=\"application\/ld+json\" class=\"yoast-schema-graph\">{\"@context\":\"https:\/\/schema.org\",\"@graph\":[{\"@type\":\"WebPage\",\"@id\":\"https:\/\/sexshopbajolassabanas.mx\/?product=viagra-natural-rhino-79\",\"url\":\"https:\/\/sexshopbajolassabanas.mx\/?product=viagra-natural-rhino-79\",\"name\":\"Viagra natural platinum 10k - sexshopbajolassabanas.mx\",\"isPartOf\":{\"@id\":\"https:\/\/sexshopbajolassabanas.mx\/#website\"},\"datePublished\":\"2023-01-23T05:11:12+00:00\",\"dateModified\":\"2023-12-17T06:11:31+00:00\",\"description\":\"El viagra natural, te brindara mejores erecciones, mayores orgasmos, erecciones mas firmes y toda la energia que necesites\",\"breadcrumb\":{\"@id\":\"https:\/\/sexshopbajolassabanas.mx\/?product=viagra-natural-rhino-79#breadcrumb\"},\"inLanguage\":\"es\",\"potentialAction\":[{\"@type\":\"ReadAction\",\"target\":[\"https:\/\/sexshopbajolassabanas.mx\/?product=viagra-natural-rhino-79\"]}]},{\"@type\":\"BreadcrumbList\",\"@id\":\"https:\/\/sexshopbajolassabanas.mx\/?product=viagra-natural-rhino-79#breadcrumb\",\"itemListElement\":[{\"@type\":\"ListItem\",\"position\":1,\"name\":\"Inicio\",\"item\":\"https:\/\/sexshopbajolassabanas.mx\/\"},{\"@type\":\"ListItem\",\"position\":2,\"name\":\"Tienda\",\"item\":\"https:\/\/sexshopbajolassabanas.mx\/?page_id=38\"},{\"@type\":\"ListItem\",\"position\":3,\"name\":\"Viagra natural platinum 10k\"}]},{\"@type\":\"WebSite\",\"@id\":\"https:\/\/sexshopbajolassabanas.mx\/#website\",\"url\":\"https:\/\/sexshopbajolassabanas.mx\/\",\"name\":\"sexshopbajolassabanas.mx\",\"description\":\"Sex Shop Bajo Las Sabanas\",\"publisher\":{\"@id\":\"https:\/\/sexshopbajolassabanas.mx\/#organization\"},\"potentialAction\":[{\"@type\":\"SearchAction\",\"target\":{\"@type\":\"EntryPoint\",\"urlTemplate\":\"https:\/\/sexshopbajolassabanas.mx\/?s={search_term_string}\"},\"query-input\":\"required name=search_term_string\"}],\"inLanguage\":\"es\"},{\"@type\":\"Organization\",\"@id\":\"https:\/\/sexshopbajolassabanas.mx\/#organization\",\"name\":\"sexshopbajolassabanas.mx\",\"url\":\"https:\/\/sexshopbajolassabanas.mx\/\",\"logo\":{\"@type\":\"ImageObject\",\"inLanguage\":\"es\",\"@id\":\"https:\/\/sexshopbajolassabanas.mx\/#\/schema\/logo\/image\/\",\"url\":\"https:\/\/sexshopbajolassabanas.mx\/wp-content\/uploads\/2022\/08\/cropped-cropped-Sin-titulo-2_Mesa-de-trabajo-1.png\",\"contentUrl\":\"https:\/\/sexshopbajolassabanas.mx\/wp-content\/uploads\/2022\/08\/cropped-cropped-Sin-titulo-2_Mesa-de-trabajo-1.png\",\"width\":375,\"height\":375,\"caption\":\"sexshopbajolassabanas.mx\"},\"image\":{\"@id\":\"https:\/\/sexshopbajolassabanas.mx\/#\/schema\/logo\/image\/\"}}]}<\/script>\n<!-- \/ Yoast SEO plugin. -->","yoast_head_json":{"title":"Viagra natural platinum 10k - sexshopbajolassabanas.mx","description":"El viagra natural, te brindara mejores erecciones, mayores orgasmos, erecciones mas firmes y toda la energia que necesites","robots":{"index":"index","follow":"follow","max-snippet":"max-snippet:-1","max-image-preview":"max-image-preview:large","max-video-preview":"max-video-preview:-1"},"canonical":"https:\/\/sexshopbajolassabanas.mx\/?product=viagra-natural-rhino-79","og_locale":"es_MX","og_type":"article","og_title":"Viagra natural platinum 10k - sexshopbajolassabanas.mx","og_description":"El viagra natural, te brindara mejores erecciones, mayores orgasmos, erecciones mas firmes y toda la energia que necesites","og_url":"https:\/\/sexshopbajolassabanas.mx\/?product=viagra-natural-rhino-79","og_site_name":"sexshopbajolassabanas.mx","article_modified_time":"2023-12-17T06:11:31+00:00","og_image":[{"width":1000,"height":1000,"url":"http:\/\/sexshopbajolassabanas.mx\/wp-content\/uploads\/2023\/01\/5.png","type":"image\/png"}],"twitter_card":"summary_large_image","twitter_misc":{"Tiempo de lectura":"2 minutos"},"schema":{"@context":"https:\/\/schema.org","@graph":[{"@type":"WebPage","@id":"https:\/\/sexshopbajolassabanas.mx\/?product=viagra-natural-rhino-79","url":"https:\/\/sexshopbajolassabanas.mx\/?product=viagra-natural-rhino-79","name":"Viagra natural platinum 10k - sexshopbajolassabanas.mx","isPartOf":{"@id":"https:\/\/sexshopbajolassabanas.mx\/#website"},"datePublished":"2023-01-23T05:11:12+00:00","dateModified":"2023-12-17T06:11:31+00:00","description":"El viagra natural, te brindara mejores erecciones, mayores orgasmos, erecciones mas firmes y toda la energia que necesites","breadcrumb":{"@id":"https:\/\/sexshopbajolassabanas.mx\/?product=viagra-natural-rhino-79#breadcrumb"},"inLanguage":"es","potentialAction":[{"@type":"ReadAction","target":["https:\/\/sexshopbajolassabanas.mx\/?product=viagra-natural-rhino-79"]}]},{"@type":"BreadcrumbList","@id":"https:\/\/sexshopbajolassabanas.mx\/?product=viagra-natural-rhino-79#breadcrumb","itemListElement":[{"@type":"ListItem","position":1,"name":"Inicio","item":"https:\/\/sexshopbajolassabanas.mx\/"},{"@type":"ListItem","position":2,"name":"Tienda","item":"https:\/\/sexshopbajolassabanas.mx\/?page_id=38"},{"@type":"ListItem","position":3,"name":"Viagra natural platinum 10k"}]},{"@type":"WebSite","@id":"https:\/\/sexshopbajolassabanas.mx\/#website","url":"https:\/\/sexshopbajolassabanas.mx\/","name":"sexshopbajolassabanas.mx","description":"Sex Shop Bajo Las Sabanas","publisher":{"@id":"https:\/\/sexshopbajolassabanas.mx\/#organization"},"potentialAction":[{"@type":"SearchAction","target":{"@type":"EntryPoint","urlTemplate":"https:\/\/sexshopbajolassabanas.mx\/?s={search_term_string}"},"query-input":"required name=search_term_string"}],"inLanguage":"es"},{"@type":"Organization","@id":"https:\/\/sexshopbajolassabanas.mx\/#organization","name":"sexshopbajolassabanas.mx","url":"https:\/\/sexshopbajolassabanas.mx\/","logo":{"@type":"ImageObject","inLanguage":"es","@id":"https:\/\/sexshopbajolassabanas.mx\/#\/schema\/logo\/image\/","url":"https:\/\/sexshopbajolassabanas.mx\/wp-content\/uploads\/2022\/08\/cropped-cropped-Sin-titulo-2_Mesa-de-trabajo-1.png","contentUrl":"https:\/\/sexshopbajolassabanas.mx\/wp-content\/uploads\/2022\/08\/cropped-cropped-Sin-titulo-2_Mesa-de-trabajo-1.png","width":375,"height":375,"caption":"sexshopbajolassabanas.mx"},"image":{"@id":"https:\/\/sexshopbajolassabanas.mx\/#\/schema\/logo\/image\/"}}]}},"_links":{"self":[{"href":"https:\/\/sexshopbajolassabanas.mx\/index.php?rest_route=\/wp\/v2\/product\/6497","targetHints":{"allow":["GET"]}}],"collection":[{"href":"https:\/\/sexshopbajolassabanas.mx\/index.php?rest_route=\/wp\/v2\/product"}],"about":[{"href":"https:\/\/sexshopbajolassabanas.mx\/index.php?rest_route=\/wp\/v2\/types\/product"}],"replies":[{"embeddable":true,"href":"https:\/\/sexshopbajolassabanas.mx\/index.php?rest_route=%2Fwp%2Fv2%2Fcomments&post=6497"}],"version-history":[{"count":2,"href":"https:\/\/sexshopbajolassabanas.mx\/index.php?rest_route=\/wp\/v2\/product\/6497\/revisions"}],"predecessor-version":[{"id":8005,"href":"https:\/\/sexshopbajolassabanas.mx\/index.php?rest_route=\/wp\/v2\/product\/6497\/revisions\/8005"}],"wp:featuredmedia":[{"embeddable":true,"href":"https:\/\/sexshopbajolassabanas.mx\/index.php?rest_route=\/wp\/v2\/media\/7998"}],"wp:attachment":[{"href":"https:\/\/sexshopbajolassabanas.mx\/index.php?rest_route=%2Fwp%2Fv2%2Fmedia&parent=6497"}],"wp:term":[{"taxonomy":"product_cat","embeddable":true,"href":"https:\/\/sexshopbajolassabanas.mx\/index.php?rest_route=%2Fwp%2Fv2%2Fproduct_cat&post=6497"},{"taxonomy":"product_tag","embeddable":true,"href":"https:\/\/sexshopbajolassabanas.mx\/index.php?rest_route=%2Fwp%2Fv2%2Fproduct_tag&post=6497"},{"taxonomy":"giftcard-category","embeddable":true,"href":"https:\/\/sexshopbajolassabanas.mx\/index.php?rest_route=%2Fwp%2Fv2%2Fgiftcard-category&post=6497"}],"curies":[{"name":"wp","href":"https:\/\/api.w.org\/{rel}","templated":true}]}}