{"id":6526,"date":"2023-02-21T20:18:17","date_gmt":"2023-02-21T20:18:17","guid":{"rendered":"https:\/\/sexshopbajolassabanas.mx\/?post_type=product&#038;p=6526"},"modified":"2024-10-07T19:01:12","modified_gmt":"2024-10-07T19:01:12","slug":"martillo-masturbador-multiorgasmico","status":"publish","type":"product","link":"https:\/\/sexshopbajolassabanas.mx\/?product=martillo-masturbador-multiorgasmico","title":{"rendered":"Martillo masturbador multiorgasmico"},"content":{"rendered":"<h3><span style=\"color: #ff99cc;\"><b>\u00a1Martillo masturbador, <\/b><b>quiero clavar tus deseos en orgasmos!<\/b><\/span><\/h3>\n<p>&nbsp;<\/p>\n<p>Nuestro martillo masturbador. El hammer vibe, es el compa\u00f1ero perfecto para una diversi\u00f3n \u00edntima intensamente placentera y sumamente interesante. Tiene 3 puntos de placer inmensamente originales, y aparte es un juguete 4 en 1, punto de succi\u00f3n, <a href=\"https:\/\/sexshopbajolassabanas.mx\/?product_cat=vibradores\">vibraci\u00f3n<\/a>, y penetraci\u00f3n sube y baja<\/p>\n<p>7 funciones de sube y baja<\/p>\n<p>10 niveles de vibraci\u00f3n<\/p>\n<p>7 niveles de <a href=\"https:\/\/sexshopbajolassabanas.mx\/?product_cat=succionador-de-clitoris\">succi\u00f3n<\/a><\/p>\n<p><b>Presentaci\u00f3n:<\/b>\u00a018.32 cm insertables\u00a0 x 3.5cm.<\/p>\n<p><b>Forma de uso:<\/b>\u00a0El martillo masturbador basta con cargar 1 hora 50 minutos, para un juego de 60 minutos seguido, enci\u00e9ndelo y comienza\u00a0 a disfrutar configura cualquiera de sus motores a tu antojo, puedes configurarlos juntos o por separados. Puedes empezar ocup\u00e1ndolo sobre tu ropa interior, lo cual les permite sabaneras disfrutar de nuevas sensaciones. No te olvides de pasarlo por tus labios vaginales y cl\u00edtoris, al momento de insertarlo les sugerimos utilice un lubricante y comiences a aumentar la intensidad hasta que llegues al orgasmo.<\/p>\n<p><b>Cuidados:<\/b> Despu\u00e9s del uso se recomienda limpiarlo con nuestro <a href=\"https:\/\/sexshopbajolassabanas.mx\/?product=limpiador-de-juguetes-hipoalergenico\">shampoo hipoalerg\u00e9nico<\/a> suave sin aroma o con nuestros limpiadores para juguetes. Cons\u00e9rvese cerrado en un lugar fresco no mayor a 30\u00ba. Prot\u00e9jase de la luz solar y el polvo dentro de su bolsa hipoalerg\u00e9nica<\/p>\n","protected":false},"excerpt":{"rendered":"<p>Martillo masturbador ideal para cumplir tus fantas\u00edas de una manera m\u00e1s interesante y con diferentes puntos de placer, succiona, sube y baja, vibra completo.<\/p>\n<p>P\u00e1salo por tu pezones, acaricia tu cl\u00edtoris, succiona el glande test\u00edculos de tu pareja, tus labios vaginales, y entrar hasta tu punto G<\/p>\n<p>7 funciones de sube y baja<\/p>\n<p>10 niveles de vibraci\u00f3n<\/p>\n<p>7 niveles de succi\u00f3n<\/p>\n","protected":false},"featured_media":6780,"comment_status":"open","ping_status":"closed","template":"","meta":{"om_disable_all_campaigns":false,"site-sidebar-layout":"default","site-content-layout":"default","ast-site-content-layout":"default","site-content-style":"default","site-sidebar-style":"default","ast-global-header-display":"","ast-banner-title-visibility":"","ast-main-header-display":"","ast-hfb-above-header-display":"disabled","ast-hfb-below-header-display":"","ast-hfb-mobile-header-display":"","site-post-title":"","ast-breadcrumbs-content":"","ast-featured-img":"","footer-sml-layout":"","theme-transparent-header-meta":"default","adv-header-id-meta":"","stick-header-meta":"","header-above-stick-meta":"","header-main-stick-meta":"","header-below-stick-meta":"","astra-migrate-meta-layouts":"set","ast-page-background-enabled":"default","ast-page-background-meta":{"desktop":{"background-color":"","background-image":"","background-repeat":"repeat","background-position":"center center","background-size":"auto","background-attachment":"scroll","background-type":"","background-media":"","overlay-type":"","overlay-color":"","overlay-opacity":"","overlay-gradient":""},"tablet":{"background-color":"","background-image":"","background-repeat":"repeat","background-position":"center center","background-size":"auto","background-attachment":"scroll","background-type":"","background-media":"","overlay-type":"","overlay-color":"","overlay-opacity":"","overlay-gradient":""},"mobile":{"background-color":"","background-image":"","background-repeat":"repeat","background-position":"center center","background-size":"auto","background-attachment":"scroll","background-type":"","background-media":"","overlay-type":"","overlay-color":"","overlay-opacity":"","overlay-gradient":""}},"ast-content-background-meta":{"desktop":{"background-color":"var(--ast-global-color-5)","background-image":"","background-repeat":"repeat","background-position":"center center","background-size":"auto","background-attachment":"scroll","background-type":"","background-media":"","overlay-type":"","overlay-color":"","overlay-opacity":"","overlay-gradient":""},"tablet":{"background-color":"var(--ast-global-color-5)","background-image":"","background-repeat":"repeat","background-position":"center center","background-size":"auto","background-attachment":"scroll","background-type":"","background-media":"","overlay-type":"","overlay-color":"","overlay-opacity":"","overlay-gradient":""},"mobile":{"background-color":"var(--ast-global-color-5)","background-image":"","background-repeat":"repeat","background-position":"center center","background-size":"auto","background-attachment":"scroll","background-type":"","background-media":"","overlay-type":"","overlay-color":"","overlay-opacity":"","overlay-gradient":""}},"_joinchat":[]},"product_cat":[72,48,196,40,80,71],"product_tag":[],"giftcard-category":[],"class_list":{"0":"post-6526","1":"product","2":"type-product","3":"status-publish","4":"has-post-thumbnail","6":"product_cat-multiorgasmicos","7":"product_cat-sabaneras","8":"product_cat-sabaneres","9":"product_cat-sabaneros","10":"product_cat-succionador-de-clitoris","11":"product_cat-vibradores","12":"desktop-align-left","13":"tablet-align-left","14":"mobile-align-left","16":"first","17":"instock","18":"featured","19":"taxable","20":"shipping-taxable","21":"purchasable","22":"product-type-simple"},"yoast_head":"<!-- This site is optimized with the Yoast SEO plugin v20.5 - https:\/\/yoast.com\/wordpress\/plugins\/seo\/ -->\n<title>Martillo masturbador multiorgasmico - sexshopbajolassabanas.mx<\/title>\n<meta name=\"description\" content=\"Martillo masturbador ideal para cumplir tus fantas\u00edas de una manera mas interesante y con diferentes puntos de placer, succiona, sube y baja, vibra completo\" \/>\n<meta name=\"robots\" content=\"index, follow, max-snippet:-1, max-image-preview:large, max-video-preview:-1\" \/>\n<link rel=\"canonical\" href=\"https:\/\/sexshopbajolassabanas.mx\/?product=martillo-masturbador-multiorgasmico\" \/>\n<meta property=\"og:locale\" content=\"es_MX\" \/>\n<meta property=\"og:type\" content=\"article\" \/>\n<meta property=\"og:title\" content=\"Martillo masturbador multiorgasmico - sexshopbajolassabanas.mx\" \/>\n<meta property=\"og:description\" content=\"Martillo masturbador ideal para cumplir tus fantas\u00edas de una manera mas interesante y con diferentes puntos de placer, succiona, sube y baja, vibra completo\" \/>\n<meta property=\"og:url\" content=\"https:\/\/sexshopbajolassabanas.mx\/?product=martillo-masturbador-multiorgasmico\" \/>\n<meta property=\"og:site_name\" content=\"sexshopbajolassabanas.mx\" \/>\n<meta property=\"article:modified_time\" content=\"2024-10-07T19:01:12+00:00\" \/>\n<meta property=\"og:image\" content=\"http:\/\/sexshopbajolassabanas.mx\/wp-content\/uploads\/2023\/02\/Martillo-masturbador.png\" \/>\n\t<meta property=\"og:image:width\" content=\"1080\" \/>\n\t<meta property=\"og:image:height\" content=\"1080\" \/>\n\t<meta property=\"og:image:type\" content=\"image\/png\" \/>\n<meta name=\"twitter:card\" content=\"summary_large_image\" \/>\n<meta name=\"twitter:label1\" content=\"Tiempo de lectura\" \/>\n\t<meta name=\"twitter:data1\" content=\"1 minuto\" \/>\n<script type=\"application\/ld+json\" class=\"yoast-schema-graph\">{\"@context\":\"https:\/\/schema.org\",\"@graph\":[{\"@type\":\"WebPage\",\"@id\":\"https:\/\/sexshopbajolassabanas.mx\/?product=martillo-masturbador-multiorgasmico\",\"url\":\"https:\/\/sexshopbajolassabanas.mx\/?product=martillo-masturbador-multiorgasmico\",\"name\":\"Martillo masturbador multiorgasmico - sexshopbajolassabanas.mx\",\"isPartOf\":{\"@id\":\"https:\/\/sexshopbajolassabanas.mx\/#website\"},\"datePublished\":\"2023-02-21T20:18:17+00:00\",\"dateModified\":\"2024-10-07T19:01:12+00:00\",\"description\":\"Martillo masturbador ideal para cumplir tus fantas\u00edas de una manera mas interesante y con diferentes puntos de placer, succiona, sube y baja, vibra completo\",\"breadcrumb\":{\"@id\":\"https:\/\/sexshopbajolassabanas.mx\/?product=martillo-masturbador-multiorgasmico#breadcrumb\"},\"inLanguage\":\"es\",\"potentialAction\":[{\"@type\":\"ReadAction\",\"target\":[\"https:\/\/sexshopbajolassabanas.mx\/?product=martillo-masturbador-multiorgasmico\"]}]},{\"@type\":\"BreadcrumbList\",\"@id\":\"https:\/\/sexshopbajolassabanas.mx\/?product=martillo-masturbador-multiorgasmico#breadcrumb\",\"itemListElement\":[{\"@type\":\"ListItem\",\"position\":1,\"name\":\"Inicio\",\"item\":\"https:\/\/sexshopbajolassabanas.mx\/\"},{\"@type\":\"ListItem\",\"position\":2,\"name\":\"Tienda\",\"item\":\"https:\/\/sexshopbajolassabanas.mx\/?page_id=38\"},{\"@type\":\"ListItem\",\"position\":3,\"name\":\"Martillo masturbador multiorgasmico\"}]},{\"@type\":\"WebSite\",\"@id\":\"https:\/\/sexshopbajolassabanas.mx\/#website\",\"url\":\"https:\/\/sexshopbajolassabanas.mx\/\",\"name\":\"sexshopbajolassabanas.mx\",\"description\":\"Sex Shop Bajo Las Sabanas\",\"publisher\":{\"@id\":\"https:\/\/sexshopbajolassabanas.mx\/#organization\"},\"potentialAction\":[{\"@type\":\"SearchAction\",\"target\":{\"@type\":\"EntryPoint\",\"urlTemplate\":\"https:\/\/sexshopbajolassabanas.mx\/?s={search_term_string}\"},\"query-input\":\"required name=search_term_string\"}],\"inLanguage\":\"es\"},{\"@type\":\"Organization\",\"@id\":\"https:\/\/sexshopbajolassabanas.mx\/#organization\",\"name\":\"sexshopbajolassabanas.mx\",\"url\":\"https:\/\/sexshopbajolassabanas.mx\/\",\"logo\":{\"@type\":\"ImageObject\",\"inLanguage\":\"es\",\"@id\":\"https:\/\/sexshopbajolassabanas.mx\/#\/schema\/logo\/image\/\",\"url\":\"https:\/\/sexshopbajolassabanas.mx\/wp-content\/uploads\/2022\/08\/cropped-cropped-Sin-titulo-2_Mesa-de-trabajo-1.png\",\"contentUrl\":\"https:\/\/sexshopbajolassabanas.mx\/wp-content\/uploads\/2022\/08\/cropped-cropped-Sin-titulo-2_Mesa-de-trabajo-1.png\",\"width\":375,\"height\":375,\"caption\":\"sexshopbajolassabanas.mx\"},\"image\":{\"@id\":\"https:\/\/sexshopbajolassabanas.mx\/#\/schema\/logo\/image\/\"}}]}<\/script>\n<!-- \/ Yoast SEO plugin. -->","yoast_head_json":{"title":"Martillo masturbador multiorgasmico - sexshopbajolassabanas.mx","description":"Martillo masturbador ideal para cumplir tus fantas\u00edas de una manera mas interesante y con diferentes puntos de placer, succiona, sube y baja, vibra completo","robots":{"index":"index","follow":"follow","max-snippet":"max-snippet:-1","max-image-preview":"max-image-preview:large","max-video-preview":"max-video-preview:-1"},"canonical":"https:\/\/sexshopbajolassabanas.mx\/?product=martillo-masturbador-multiorgasmico","og_locale":"es_MX","og_type":"article","og_title":"Martillo masturbador multiorgasmico - sexshopbajolassabanas.mx","og_description":"Martillo masturbador ideal para cumplir tus fantas\u00edas de una manera mas interesante y con diferentes puntos de placer, succiona, sube y baja, vibra completo","og_url":"https:\/\/sexshopbajolassabanas.mx\/?product=martillo-masturbador-multiorgasmico","og_site_name":"sexshopbajolassabanas.mx","article_modified_time":"2024-10-07T19:01:12+00:00","og_image":[{"width":1080,"height":1080,"url":"http:\/\/sexshopbajolassabanas.mx\/wp-content\/uploads\/2023\/02\/Martillo-masturbador.png","type":"image\/png"}],"twitter_card":"summary_large_image","twitter_misc":{"Tiempo de lectura":"1 minuto"},"schema":{"@context":"https:\/\/schema.org","@graph":[{"@type":"WebPage","@id":"https:\/\/sexshopbajolassabanas.mx\/?product=martillo-masturbador-multiorgasmico","url":"https:\/\/sexshopbajolassabanas.mx\/?product=martillo-masturbador-multiorgasmico","name":"Martillo masturbador multiorgasmico - sexshopbajolassabanas.mx","isPartOf":{"@id":"https:\/\/sexshopbajolassabanas.mx\/#website"},"datePublished":"2023-02-21T20:18:17+00:00","dateModified":"2024-10-07T19:01:12+00:00","description":"Martillo masturbador ideal para cumplir tus fantas\u00edas de una manera mas interesante y con diferentes puntos de placer, succiona, sube y baja, vibra completo","breadcrumb":{"@id":"https:\/\/sexshopbajolassabanas.mx\/?product=martillo-masturbador-multiorgasmico#breadcrumb"},"inLanguage":"es","potentialAction":[{"@type":"ReadAction","target":["https:\/\/sexshopbajolassabanas.mx\/?product=martillo-masturbador-multiorgasmico"]}]},{"@type":"BreadcrumbList","@id":"https:\/\/sexshopbajolassabanas.mx\/?product=martillo-masturbador-multiorgasmico#breadcrumb","itemListElement":[{"@type":"ListItem","position":1,"name":"Inicio","item":"https:\/\/sexshopbajolassabanas.mx\/"},{"@type":"ListItem","position":2,"name":"Tienda","item":"https:\/\/sexshopbajolassabanas.mx\/?page_id=38"},{"@type":"ListItem","position":3,"name":"Martillo masturbador multiorgasmico"}]},{"@type":"WebSite","@id":"https:\/\/sexshopbajolassabanas.mx\/#website","url":"https:\/\/sexshopbajolassabanas.mx\/","name":"sexshopbajolassabanas.mx","description":"Sex Shop Bajo Las Sabanas","publisher":{"@id":"https:\/\/sexshopbajolassabanas.mx\/#organization"},"potentialAction":[{"@type":"SearchAction","target":{"@type":"EntryPoint","urlTemplate":"https:\/\/sexshopbajolassabanas.mx\/?s={search_term_string}"},"query-input":"required name=search_term_string"}],"inLanguage":"es"},{"@type":"Organization","@id":"https:\/\/sexshopbajolassabanas.mx\/#organization","name":"sexshopbajolassabanas.mx","url":"https:\/\/sexshopbajolassabanas.mx\/","logo":{"@type":"ImageObject","inLanguage":"es","@id":"https:\/\/sexshopbajolassabanas.mx\/#\/schema\/logo\/image\/","url":"https:\/\/sexshopbajolassabanas.mx\/wp-content\/uploads\/2022\/08\/cropped-cropped-Sin-titulo-2_Mesa-de-trabajo-1.png","contentUrl":"https:\/\/sexshopbajolassabanas.mx\/wp-content\/uploads\/2022\/08\/cropped-cropped-Sin-titulo-2_Mesa-de-trabajo-1.png","width":375,"height":375,"caption":"sexshopbajolassabanas.mx"},"image":{"@id":"https:\/\/sexshopbajolassabanas.mx\/#\/schema\/logo\/image\/"}}]}},"_links":{"self":[{"href":"https:\/\/sexshopbajolassabanas.mx\/index.php?rest_route=\/wp\/v2\/product\/6526","targetHints":{"allow":["GET"]}}],"collection":[{"href":"https:\/\/sexshopbajolassabanas.mx\/index.php?rest_route=\/wp\/v2\/product"}],"about":[{"href":"https:\/\/sexshopbajolassabanas.mx\/index.php?rest_route=\/wp\/v2\/types\/product"}],"replies":[{"embeddable":true,"href":"https:\/\/sexshopbajolassabanas.mx\/index.php?rest_route=%2Fwp%2Fv2%2Fcomments&post=6526"}],"version-history":[{"count":1,"href":"https:\/\/sexshopbajolassabanas.mx\/index.php?rest_route=\/wp\/v2\/product\/6526\/revisions"}],"predecessor-version":[{"id":6791,"href":"https:\/\/sexshopbajolassabanas.mx\/index.php?rest_route=\/wp\/v2\/product\/6526\/revisions\/6791"}],"wp:featuredmedia":[{"embeddable":true,"href":"https:\/\/sexshopbajolassabanas.mx\/index.php?rest_route=\/wp\/v2\/media\/6780"}],"wp:attachment":[{"href":"https:\/\/sexshopbajolassabanas.mx\/index.php?rest_route=%2Fwp%2Fv2%2Fmedia&parent=6526"}],"wp:term":[{"taxonomy":"product_cat","embeddable":true,"href":"https:\/\/sexshopbajolassabanas.mx\/index.php?rest_route=%2Fwp%2Fv2%2Fproduct_cat&post=6526"},{"taxonomy":"product_tag","embeddable":true,"href":"https:\/\/sexshopbajolassabanas.mx\/index.php?rest_route=%2Fwp%2Fv2%2Fproduct_tag&post=6526"},{"taxonomy":"giftcard-category","embeddable":true,"href":"https:\/\/sexshopbajolassabanas.mx\/index.php?rest_route=%2Fwp%2Fv2%2Fgiftcard-category&post=6526"}],"curies":[{"name":"wp","href":"https:\/\/api.w.org\/{rel}","templated":true}]}}