{"id":6624,"date":"2023-02-14T06:32:11","date_gmt":"2023-02-14T06:32:11","guid":{"rendered":"https:\/\/sexshopbajolassabanas.mx\/?post_type=product&#038;p=6624"},"modified":"2023-12-01T05:30:17","modified_gmt":"2023-12-01T05:30:17","slug":"afrodisiaco-spanish-fly","status":"publish","type":"product","link":"https:\/\/sexshopbajolassabanas.mx\/?product=afrodisiaco-spanish-fly","title":{"rendered":"Mosca Espa\u00f1ola en chicle"},"content":{"rendered":"<h3 class=\"product-title entry-title\"><span style=\"color: #33cccc;\"><strong>Mosca Espa\u00f1ola en chicle, te pondr\u00e1 a tope de \u00a1cahonda!<\/strong><\/span><\/h3>\n<p>&nbsp;<\/p>\n<p><a href=\"https:\/\/sexshopbajolassabanas.mx\/?product_cat=sabaneras\">Sabaneras<\/a>, fuera de tab\u00faes, debes, necesitas, atr\u00e9vete a sentir el poder de nuestro Afrodis\u00edaco\u00a0Mosca Espa\u00f1ola en chicle, te cuento el t\u00e9rmino afrodis\u00edaco procede de la diosa griega Afrodita: divinidad del amor, la energ\u00eda primaveral y la fecundidad. Estos Afrodis\u00edacos desencadenan una reacci\u00f3n biol\u00f3gica y otra bioqu\u00edmica en el organismo. Los afrodis\u00edacos <b>pueden ser sustancias naturales o qu\u00edmicas que estimulan y aumentan la libido<\/b>.<\/p>\n<p>Saben delicioso, desde la primera masticada deja que tu imaginaci\u00f3n fluya y tu cuerpo se sienta ligero, c\u00f3modo, sensual, atrevido, y lleno de energ\u00eda, dalo todo sin prejuicios d\u00e9jate llevar por la sensualidad que tienes y mereces explotar, seduce a tu pareja tanto que no quer\u00eda quitarte las manos de encima nunca, eleva tu dopamina, estimulada cuan nuestro Afrod\u00edsiaco mosca Espa\u00f1ola, sin por alg\u00fan motivo , te sientes con bajo deseo sexual, tambi\u00e9n puedes masticar, mejorara tu estado del libido y mejorara la atracci\u00f3n hacia tu pareja, no permitas , que el exceso de trabajo o la mala alimentaci\u00f3n perjudiquen tu intimidad, tenemos aliado perfectos<\/p>\n<p>Cuando una persona toma un <a href=\"https:\/\/sexshopbajolassabanas.mx\/?product_cat=rendimiento-sexual\">afrodisiaco<\/a> o capta mediante los sentidos un objeto de deseo, estos env\u00edan una se\u00f1al desde el sistema nervioso a la zona p\u00e9lvica. Ah\u00ed se produce una vasodilataci\u00f3n y una erecci\u00f3n de los tejidos del pene o del cl\u00edtoris. Asimismo, se liberan neurotransmisores que te hacen sentir placer.Tu deseo sexual se puede alterar por diferentes motivos, algunos pueden ser externos y otros internos. Esto hace que no tengas siempre la misma libido.<\/p>\n<p>Beneficios de los Afrodis\u00edacos<\/p>\n<ul>\n<li><strong>Aumentar el deseo sexual<\/strong><\/li>\n<li><strong>Mejorar la circulaci\u00f3n sangu\u00ednea<\/strong><\/li>\n<li><strong>Mejorar la fertilidad<\/strong>:<\/li>\n<li><strong>Proporcionar antioxidantes<\/strong><\/li>\n<li><strong>Mejorar la salud cardiovascular<\/strong><\/li>\n<\/ul>\n<p><strong>Presentaci\u00f3n:<\/strong> Caja con 10 tabletas.<\/p>\n<p><strong>Modo de uso:<\/strong>\u00a0Masticar una tableta, se presentan los efectos 10 minutos despu\u00e9s de haberse ingerido<\/p>\n","protected":false},"excerpt":{"rendered":"<h4 class=\"font_8\"><span style=\"color: #ff0000;\"><strong>Afrodis\u00edaco para la Pareja en chicle\u00a0<\/strong><strong>10 chicles<\/strong><\/span><\/h4>\n<p class=\"font_8\">Despierta el deseo sexual, permite un mejor desempe\u00f1o intimo e intensifica el orgasmo en la pareja puede mezclarse libremente con bebidas alcoh\u00f3licas sin efectos secundarios.<\/p>\n","protected":false},"featured_media":7904,"comment_status":"open","ping_status":"closed","template":"","meta":{"om_disable_all_campaigns":false,"site-sidebar-layout":"default","site-content-layout":"default","ast-site-content-layout":"","site-content-style":"default","site-sidebar-style":"default","ast-global-header-display":"","ast-banner-title-visibility":"","ast-main-header-display":"","ast-hfb-above-header-display":"disabled","ast-hfb-below-header-display":"","ast-hfb-mobile-header-display":"","site-post-title":"","ast-breadcrumbs-content":"","ast-featured-img":"","footer-sml-layout":"","theme-transparent-header-meta":"default","adv-header-id-meta":"","stick-header-meta":"","header-above-stick-meta":"","header-main-stick-meta":"","header-below-stick-meta":"","astra-migrate-meta-layouts":"default","ast-page-background-enabled":"default","ast-page-background-meta":{"desktop":{"background-color":"","background-image":"","background-repeat":"repeat","background-position":"center center","background-size":"auto","background-attachment":"scroll","background-type":"","background-media":"","overlay-type":"","overlay-color":"","overlay-opacity":"","overlay-gradient":""},"tablet":{"background-color":"","background-image":"","background-repeat":"repeat","background-position":"center center","background-size":"auto","background-attachment":"scroll","background-type":"","background-media":"","overlay-type":"","overlay-color":"","overlay-opacity":"","overlay-gradient":""},"mobile":{"background-color":"","background-image":"","background-repeat":"repeat","background-position":"center center","background-size":"auto","background-attachment":"scroll","background-type":"","background-media":"","overlay-type":"","overlay-color":"","overlay-opacity":"","overlay-gradient":""}},"ast-content-background-meta":{"desktop":{"background-color":"var(--ast-global-color-5)","background-image":"","background-repeat":"repeat","background-position":"center center","background-size":"auto","background-attachment":"scroll","background-type":"","background-media":"","overlay-type":"","overlay-color":"","overlay-opacity":"","overlay-gradient":""},"tablet":{"background-color":"var(--ast-global-color-5)","background-image":"","background-repeat":"repeat","background-position":"center center","background-size":"auto","background-attachment":"scroll","background-type":"","background-media":"","overlay-type":"","overlay-color":"","overlay-opacity":"","overlay-gradient":""},"mobile":{"background-color":"var(--ast-global-color-5)","background-image":"","background-repeat":"repeat","background-position":"center center","background-size":"auto","background-attachment":"scroll","background-type":"","background-media":"","overlay-type":"","overlay-color":"","overlay-opacity":"","overlay-gradient":""}},"_joinchat":{"message_send":"Hola, estoy buscando..."}},"product_cat":[114,65,108,228],"product_tag":[],"giftcard-category":[],"class_list":{"0":"post-6624","1":"product","2":"type-product","3":"status-publish","4":"has-post-thumbnail","6":"product_cat-comestibles","7":"product_cat-rendimiento-sexual","8":"product_cat-rendimiento-sexual-el","9":"product_cat-rendimiento-sexual-ella","10":"desktop-align-left","11":"tablet-align-left","12":"mobile-align-left","14":"first","15":"instock","16":"taxable","17":"shipping-taxable","18":"purchasable","19":"product-type-simple"},"yoast_head":"<!-- This site is optimized with the Yoast SEO plugin v20.5 - https:\/\/yoast.com\/wordpress\/plugins\/seo\/ -->\n<title>Mosca Espa\u00f1ola en chicle - sexshopbajolassabanas.mx<\/title>\n<meta name=\"description\" content=\"Mosca Espa\u00f1ola Despierta el deseo sexual, permite un mejor desempe\u00f1o intimo e intensifica el orgasmo en la pareja puede mezclarse con bebidas alcoh\u00f3licas\" \/>\n<meta name=\"robots\" content=\"index, follow, max-snippet:-1, max-image-preview:large, max-video-preview:-1\" \/>\n<link rel=\"canonical\" href=\"https:\/\/sexshopbajolassabanas.mx\/?product=afrodisiaco-spanish-fly\" \/>\n<meta property=\"og:locale\" content=\"es_MX\" \/>\n<meta property=\"og:type\" content=\"article\" \/>\n<meta property=\"og:title\" content=\"Mosca Espa\u00f1ola en chicle - sexshopbajolassabanas.mx\" \/>\n<meta property=\"og:description\" content=\"Mosca Espa\u00f1ola Despierta el deseo sexual, permite un mejor desempe\u00f1o intimo e intensifica el orgasmo en la pareja puede mezclarse con bebidas alcoh\u00f3licas\" \/>\n<meta property=\"og:url\" content=\"https:\/\/sexshopbajolassabanas.mx\/?product=afrodisiaco-spanish-fly\" \/>\n<meta property=\"og:site_name\" content=\"sexshopbajolassabanas.mx\" \/>\n<meta property=\"article:modified_time\" content=\"2023-12-01T05:30:17+00:00\" \/>\n<meta property=\"og:image\" content=\"http:\/\/sexshopbajolassabanas.mx\/wp-content\/uploads\/2023\/11\/WhatsApp-Image-2023-11-30-at-2.01.20-PM-6.jpeg\" \/>\n\t<meta property=\"og:image:width\" content=\"1000\" \/>\n\t<meta property=\"og:image:height\" content=\"1000\" \/>\n\t<meta property=\"og:image:type\" content=\"image\/jpeg\" \/>\n<meta name=\"twitter:card\" content=\"summary_large_image\" \/>\n<meta name=\"twitter:label1\" content=\"Tiempo de lectura\" \/>\n\t<meta name=\"twitter:data1\" content=\"2 minutos\" \/>\n<script type=\"application\/ld+json\" class=\"yoast-schema-graph\">{\"@context\":\"https:\/\/schema.org\",\"@graph\":[{\"@type\":\"WebPage\",\"@id\":\"https:\/\/sexshopbajolassabanas.mx\/?product=afrodisiaco-spanish-fly\",\"url\":\"https:\/\/sexshopbajolassabanas.mx\/?product=afrodisiaco-spanish-fly\",\"name\":\"Mosca Espa\u00f1ola en chicle - sexshopbajolassabanas.mx\",\"isPartOf\":{\"@id\":\"https:\/\/sexshopbajolassabanas.mx\/#website\"},\"datePublished\":\"2023-02-14T06:32:11+00:00\",\"dateModified\":\"2023-12-01T05:30:17+00:00\",\"description\":\"Mosca Espa\u00f1ola Despierta el deseo sexual, permite un mejor desempe\u00f1o intimo e intensifica el orgasmo en la pareja puede mezclarse con bebidas alcoh\u00f3licas\",\"breadcrumb\":{\"@id\":\"https:\/\/sexshopbajolassabanas.mx\/?product=afrodisiaco-spanish-fly#breadcrumb\"},\"inLanguage\":\"es\",\"potentialAction\":[{\"@type\":\"ReadAction\",\"target\":[\"https:\/\/sexshopbajolassabanas.mx\/?product=afrodisiaco-spanish-fly\"]}]},{\"@type\":\"BreadcrumbList\",\"@id\":\"https:\/\/sexshopbajolassabanas.mx\/?product=afrodisiaco-spanish-fly#breadcrumb\",\"itemListElement\":[{\"@type\":\"ListItem\",\"position\":1,\"name\":\"Inicio\",\"item\":\"https:\/\/sexshopbajolassabanas.mx\/\"},{\"@type\":\"ListItem\",\"position\":2,\"name\":\"Tienda\",\"item\":\"https:\/\/sexshopbajolassabanas.mx\/?page_id=38\"},{\"@type\":\"ListItem\",\"position\":3,\"name\":\"Mosca Espa\u00f1ola en chicle\"}]},{\"@type\":\"WebSite\",\"@id\":\"https:\/\/sexshopbajolassabanas.mx\/#website\",\"url\":\"https:\/\/sexshopbajolassabanas.mx\/\",\"name\":\"sexshopbajolassabanas.mx\",\"description\":\"Sex Shop Bajo Las Sabanas\",\"publisher\":{\"@id\":\"https:\/\/sexshopbajolassabanas.mx\/#organization\"},\"potentialAction\":[{\"@type\":\"SearchAction\",\"target\":{\"@type\":\"EntryPoint\",\"urlTemplate\":\"https:\/\/sexshopbajolassabanas.mx\/?s={search_term_string}\"},\"query-input\":\"required name=search_term_string\"}],\"inLanguage\":\"es\"},{\"@type\":\"Organization\",\"@id\":\"https:\/\/sexshopbajolassabanas.mx\/#organization\",\"name\":\"sexshopbajolassabanas.mx\",\"url\":\"https:\/\/sexshopbajolassabanas.mx\/\",\"logo\":{\"@type\":\"ImageObject\",\"inLanguage\":\"es\",\"@id\":\"https:\/\/sexshopbajolassabanas.mx\/#\/schema\/logo\/image\/\",\"url\":\"https:\/\/sexshopbajolassabanas.mx\/wp-content\/uploads\/2022\/08\/cropped-cropped-Sin-titulo-2_Mesa-de-trabajo-1.png\",\"contentUrl\":\"https:\/\/sexshopbajolassabanas.mx\/wp-content\/uploads\/2022\/08\/cropped-cropped-Sin-titulo-2_Mesa-de-trabajo-1.png\",\"width\":375,\"height\":375,\"caption\":\"sexshopbajolassabanas.mx\"},\"image\":{\"@id\":\"https:\/\/sexshopbajolassabanas.mx\/#\/schema\/logo\/image\/\"}}]}<\/script>\n<!-- \/ Yoast SEO plugin. -->","yoast_head_json":{"title":"Mosca Espa\u00f1ola en chicle - sexshopbajolassabanas.mx","description":"Mosca Espa\u00f1ola Despierta el deseo sexual, permite un mejor desempe\u00f1o intimo e intensifica el orgasmo en la pareja puede mezclarse con bebidas alcoh\u00f3licas","robots":{"index":"index","follow":"follow","max-snippet":"max-snippet:-1","max-image-preview":"max-image-preview:large","max-video-preview":"max-video-preview:-1"},"canonical":"https:\/\/sexshopbajolassabanas.mx\/?product=afrodisiaco-spanish-fly","og_locale":"es_MX","og_type":"article","og_title":"Mosca Espa\u00f1ola en chicle - sexshopbajolassabanas.mx","og_description":"Mosca Espa\u00f1ola Despierta el deseo sexual, permite un mejor desempe\u00f1o intimo e intensifica el orgasmo en la pareja puede mezclarse con bebidas alcoh\u00f3licas","og_url":"https:\/\/sexshopbajolassabanas.mx\/?product=afrodisiaco-spanish-fly","og_site_name":"sexshopbajolassabanas.mx","article_modified_time":"2023-12-01T05:30:17+00:00","og_image":[{"width":1000,"height":1000,"url":"http:\/\/sexshopbajolassabanas.mx\/wp-content\/uploads\/2023\/11\/WhatsApp-Image-2023-11-30-at-2.01.20-PM-6.jpeg","type":"image\/jpeg"}],"twitter_card":"summary_large_image","twitter_misc":{"Tiempo de lectura":"2 minutos"},"schema":{"@context":"https:\/\/schema.org","@graph":[{"@type":"WebPage","@id":"https:\/\/sexshopbajolassabanas.mx\/?product=afrodisiaco-spanish-fly","url":"https:\/\/sexshopbajolassabanas.mx\/?product=afrodisiaco-spanish-fly","name":"Mosca Espa\u00f1ola en chicle - sexshopbajolassabanas.mx","isPartOf":{"@id":"https:\/\/sexshopbajolassabanas.mx\/#website"},"datePublished":"2023-02-14T06:32:11+00:00","dateModified":"2023-12-01T05:30:17+00:00","description":"Mosca Espa\u00f1ola Despierta el deseo sexual, permite un mejor desempe\u00f1o intimo e intensifica el orgasmo en la pareja puede mezclarse con bebidas alcoh\u00f3licas","breadcrumb":{"@id":"https:\/\/sexshopbajolassabanas.mx\/?product=afrodisiaco-spanish-fly#breadcrumb"},"inLanguage":"es","potentialAction":[{"@type":"ReadAction","target":["https:\/\/sexshopbajolassabanas.mx\/?product=afrodisiaco-spanish-fly"]}]},{"@type":"BreadcrumbList","@id":"https:\/\/sexshopbajolassabanas.mx\/?product=afrodisiaco-spanish-fly#breadcrumb","itemListElement":[{"@type":"ListItem","position":1,"name":"Inicio","item":"https:\/\/sexshopbajolassabanas.mx\/"},{"@type":"ListItem","position":2,"name":"Tienda","item":"https:\/\/sexshopbajolassabanas.mx\/?page_id=38"},{"@type":"ListItem","position":3,"name":"Mosca Espa\u00f1ola en chicle"}]},{"@type":"WebSite","@id":"https:\/\/sexshopbajolassabanas.mx\/#website","url":"https:\/\/sexshopbajolassabanas.mx\/","name":"sexshopbajolassabanas.mx","description":"Sex Shop Bajo Las Sabanas","publisher":{"@id":"https:\/\/sexshopbajolassabanas.mx\/#organization"},"potentialAction":[{"@type":"SearchAction","target":{"@type":"EntryPoint","urlTemplate":"https:\/\/sexshopbajolassabanas.mx\/?s={search_term_string}"},"query-input":"required name=search_term_string"}],"inLanguage":"es"},{"@type":"Organization","@id":"https:\/\/sexshopbajolassabanas.mx\/#organization","name":"sexshopbajolassabanas.mx","url":"https:\/\/sexshopbajolassabanas.mx\/","logo":{"@type":"ImageObject","inLanguage":"es","@id":"https:\/\/sexshopbajolassabanas.mx\/#\/schema\/logo\/image\/","url":"https:\/\/sexshopbajolassabanas.mx\/wp-content\/uploads\/2022\/08\/cropped-cropped-Sin-titulo-2_Mesa-de-trabajo-1.png","contentUrl":"https:\/\/sexshopbajolassabanas.mx\/wp-content\/uploads\/2022\/08\/cropped-cropped-Sin-titulo-2_Mesa-de-trabajo-1.png","width":375,"height":375,"caption":"sexshopbajolassabanas.mx"},"image":{"@id":"https:\/\/sexshopbajolassabanas.mx\/#\/schema\/logo\/image\/"}}]}},"_links":{"self":[{"href":"https:\/\/sexshopbajolassabanas.mx\/index.php?rest_route=\/wp\/v2\/product\/6624","targetHints":{"allow":["GET"]}}],"collection":[{"href":"https:\/\/sexshopbajolassabanas.mx\/index.php?rest_route=\/wp\/v2\/product"}],"about":[{"href":"https:\/\/sexshopbajolassabanas.mx\/index.php?rest_route=\/wp\/v2\/types\/product"}],"replies":[{"embeddable":true,"href":"https:\/\/sexshopbajolassabanas.mx\/index.php?rest_route=%2Fwp%2Fv2%2Fcomments&post=6624"}],"version-history":[{"count":2,"href":"https:\/\/sexshopbajolassabanas.mx\/index.php?rest_route=\/wp\/v2\/product\/6624\/revisions"}],"predecessor-version":[{"id":7945,"href":"https:\/\/sexshopbajolassabanas.mx\/index.php?rest_route=\/wp\/v2\/product\/6624\/revisions\/7945"}],"wp:featuredmedia":[{"embeddable":true,"href":"https:\/\/sexshopbajolassabanas.mx\/index.php?rest_route=\/wp\/v2\/media\/7904"}],"wp:attachment":[{"href":"https:\/\/sexshopbajolassabanas.mx\/index.php?rest_route=%2Fwp%2Fv2%2Fmedia&parent=6624"}],"wp:term":[{"taxonomy":"product_cat","embeddable":true,"href":"https:\/\/sexshopbajolassabanas.mx\/index.php?rest_route=%2Fwp%2Fv2%2Fproduct_cat&post=6624"},{"taxonomy":"product_tag","embeddable":true,"href":"https:\/\/sexshopbajolassabanas.mx\/index.php?rest_route=%2Fwp%2Fv2%2Fproduct_tag&post=6624"},{"taxonomy":"giftcard-category","embeddable":true,"href":"https:\/\/sexshopbajolassabanas.mx\/index.php?rest_route=%2Fwp%2Fv2%2Fgiftcard-category&post=6624"}],"curies":[{"name":"wp","href":"https:\/\/api.w.org\/{rel}","templated":true}]}}