{"id":6672,"date":"2023-02-16T05:02:19","date_gmt":"2023-02-16T05:02:19","guid":{"rendered":"https:\/\/sexshopbajolassabanas.mx\/?post_type=product&#038;p=6672"},"modified":"2023-02-16T05:02:20","modified_gmt":"2023-02-16T05:02:20","slug":"antifaz-erotico-raton","status":"publish","type":"product","link":"https:\/\/sexshopbajolassabanas.mx\/?product=antifaz-erotico-raton","title":{"rendered":"Antifaz er\u00f3tico rat\u00f3n"},"content":{"rendered":"<h3><span style=\"color: #00ccff;\"><strong>\u00a1Antifaz \u00a0er\u00f3tico, ideal para las noches misteriosas!<\/strong><\/span><\/h3>\n<p><a href=\"https:\/\/sexshopbajolassabanas.mx\/?product_cat=sabaneras\">Sabanera<\/a> misteriosa, nuestro antifaz er\u00f3tico de piel sint\u00e9tica para mujer son perfectas para noches de pasi\u00f3n con juego de roles, o comb\u00ednalas con una lencer\u00eda super sexy y a\u00f1\u00e1dele un toque te misterio, tambi\u00e9n las puedes ocupar para fiestas de cosplay, discotecas, bailes, eventos, Halloween, fiestas de disfraces, fiestas swinger etc. para convertirte en el centro de atenci\u00f3n.<\/p>\n<p>Nuestro antifaz er\u00f3tico tiene un dise\u00f1o lujoso y sexy: la forma general de la m\u00e1scara son orejas de gato, lo que te hace lucir m\u00e1s misteriosa, er\u00f3tica, sexy y sensual. Cuando te pones una m\u00e1scara de orejas de gato te trasformara es aquello que tus instintos seductores quieren sacar, en esos momentos en las que estas con tu pareja o en una fiesta atraer a esa persona con la que quieres pasar un rico momento ,siempre ser\u00e1s la m\u00e1s brillante, bonita de la fiesta y sobre todo recibir muchos elogios. El dise\u00f1o de ojales grandes no bloquea la visi\u00f3n en absoluto.<\/p>\n<p>El antifaz er\u00f3tico est\u00e1 hecho de cuero PU inofensivo de alta calidad y remaches, que est\u00e1n dise\u00f1ados ergon\u00f3micamente para embellecer su rostro perfectamente. Suave y c\u00f3modo. Las tachuelas de estilo punk te hacen lucir genial entre la multitud y le da un toque mas sensual. El material resistente no se ensucia ni se da\u00f1a f\u00e1cilmente.<\/p>\n<p>Diadema el\u00e1stica ajustable, la m\u00e1scara con dise\u00f1o de gato tiene correas el\u00e1sticas ajustables es m\u00e1s f\u00e1cil de usar y las correas se pueden ajustar para diferentes tama\u00f1os de cabeza. Ajustable y muy el\u00e1stico, se estira para adaptarse a la mayor\u00eda de las cabezas de adultos.<\/p>\n<p>Presentaci\u00f3n: 1 Mascara en forma de gato, con correa ajustable , negro o rojo<\/p>\n<p>Modos de uso: S\u00e1cala del empaque l\u00edmpiala con un trapo h\u00famedo con <a href=\"https:\/\/sexshopbajolassabanas.mx\/?product_cat=limpieza-e-higiene\">shampoo hipoalerg\u00e9nico<\/a>, p\u00e9sala por encima de la cabeza y ajusta c\u00f3modamente y empieza a disfrutar.<\/p>\n","protected":false},"excerpt":{"rendered":"<p>Sabanera misteriosa, este antifaz er\u00f3tico, esconder\u00e1 tus intensiones salvajes y llenas de puro erotismo, que complaciente te destaparas ante tu pareja.kinky<\/p>\n","protected":false},"featured_media":6673,"comment_status":"open","ping_status":"closed","template":"","meta":{"om_disable_all_campaigns":false,"site-sidebar-layout":"default","site-content-layout":"default","ast-site-content-layout":"","site-content-style":"default","site-sidebar-style":"default","ast-global-header-display":"","ast-banner-title-visibility":"","ast-main-header-display":"","ast-hfb-above-header-display":"disabled","ast-hfb-below-header-display":"","ast-hfb-mobile-header-display":"","site-post-title":"","ast-breadcrumbs-content":"","ast-featured-img":"","footer-sml-layout":"","theme-transparent-header-meta":"default","adv-header-id-meta":"","stick-header-meta":"","header-above-stick-meta":"","header-main-stick-meta":"","header-below-stick-meta":"","astra-migrate-meta-layouts":"default","ast-page-background-enabled":"default","ast-page-background-meta":{"desktop":{"background-color":"","background-image":"","background-repeat":"repeat","background-position":"center center","background-size":"auto","background-attachment":"scroll","background-type":"","background-media":"","overlay-type":"","overlay-color":"","overlay-opacity":"","overlay-gradient":""},"tablet":{"background-color":"","background-image":"","background-repeat":"repeat","background-position":"center center","background-size":"auto","background-attachment":"scroll","background-type":"","background-media":"","overlay-type":"","overlay-color":"","overlay-opacity":"","overlay-gradient":""},"mobile":{"background-color":"","background-image":"","background-repeat":"repeat","background-position":"center center","background-size":"auto","background-attachment":"scroll","background-type":"","background-media":"","overlay-type":"","overlay-color":"","overlay-opacity":"","overlay-gradient":""}},"ast-content-background-meta":{"desktop":{"background-color":"var(--ast-global-color-5)","background-image":"","background-repeat":"repeat","background-position":"center center","background-size":"auto","background-attachment":"scroll","background-type":"","background-media":"","overlay-type":"","overlay-color":"","overlay-opacity":"","overlay-gradient":""},"tablet":{"background-color":"var(--ast-global-color-5)","background-image":"","background-repeat":"repeat","background-position":"center center","background-size":"auto","background-attachment":"scroll","background-type":"","background-media":"","overlay-type":"","overlay-color":"","overlay-opacity":"","overlay-gradient":""},"mobile":{"background-color":"var(--ast-global-color-5)","background-image":"","background-repeat":"repeat","background-position":"center center","background-size":"auto","background-attachment":"scroll","background-type":"","background-media":"","overlay-type":"","overlay-color":"","overlay-opacity":"","overlay-gradient":""}},"_joinchat":[]},"product_cat":[76,48,196,40],"product_tag":[],"giftcard-category":[],"class_list":{"0":"post-6672","1":"product","2":"type-product","3":"status-publish","4":"has-post-thumbnail","6":"product_cat-bondage-fetish","7":"product_cat-sabaneras","8":"product_cat-sabaneres","9":"product_cat-sabaneros","10":"desktop-align-left","11":"tablet-align-left","12":"mobile-align-left","14":"first","15":"instock","16":"taxable","17":"shipping-taxable","18":"purchasable","19":"product-type-simple"},"yoast_head":"<!-- This site is optimized with the Yoast SEO plugin v20.5 - https:\/\/yoast.com\/wordpress\/plugins\/seo\/ -->\n<title>Antifaz er\u00f3tico rat\u00f3n - sexshopbajolassabanas.mx<\/title>\n<meta name=\"description\" content=\"Sabanera misteriosa, este antifaz er\u00f3tico, esconder\u00e1 tus intensiones salvajes y llenas de puro erotismo, que complaciente te destaparas ante tu pareja.\" \/>\n<meta name=\"robots\" content=\"index, follow, max-snippet:-1, max-image-preview:large, max-video-preview:-1\" \/>\n<link rel=\"canonical\" href=\"https:\/\/sexshopbajolassabanas.mx\/?product=antifaz-erotico-raton\" \/>\n<meta property=\"og:locale\" content=\"es_MX\" \/>\n<meta property=\"og:type\" content=\"article\" \/>\n<meta property=\"og:title\" content=\"Antifaz er\u00f3tico rat\u00f3n - sexshopbajolassabanas.mx\" \/>\n<meta property=\"og:description\" content=\"Sabanera misteriosa, este antifaz er\u00f3tico, esconder\u00e1 tus intensiones salvajes y llenas de puro erotismo, que complaciente te destaparas ante tu pareja.\" \/>\n<meta property=\"og:url\" content=\"https:\/\/sexshopbajolassabanas.mx\/?product=antifaz-erotico-raton\" \/>\n<meta property=\"og:site_name\" content=\"sexshopbajolassabanas.mx\" \/>\n<meta property=\"article:modified_time\" content=\"2023-02-16T05:02:20+00:00\" \/>\n<meta property=\"og:image\" content=\"http:\/\/sexshopbajolassabanas.mx\/wp-content\/uploads\/2023\/02\/antifaz-erotico.png\" \/>\n\t<meta property=\"og:image:width\" content=\"1080\" \/>\n\t<meta property=\"og:image:height\" content=\"1080\" \/>\n\t<meta property=\"og:image:type\" content=\"image\/png\" \/>\n<meta name=\"twitter:card\" content=\"summary_large_image\" \/>\n<meta name=\"twitter:label1\" content=\"Tiempo de lectura\" \/>\n\t<meta name=\"twitter:data1\" content=\"2 minutos\" \/>\n<script type=\"application\/ld+json\" class=\"yoast-schema-graph\">{\"@context\":\"https:\/\/schema.org\",\"@graph\":[{\"@type\":\"WebPage\",\"@id\":\"https:\/\/sexshopbajolassabanas.mx\/?product=antifaz-erotico-raton\",\"url\":\"https:\/\/sexshopbajolassabanas.mx\/?product=antifaz-erotico-raton\",\"name\":\"Antifaz er\u00f3tico rat\u00f3n - sexshopbajolassabanas.mx\",\"isPartOf\":{\"@id\":\"https:\/\/sexshopbajolassabanas.mx\/#website\"},\"datePublished\":\"2023-02-16T05:02:19+00:00\",\"dateModified\":\"2023-02-16T05:02:20+00:00\",\"description\":\"Sabanera misteriosa, este antifaz er\u00f3tico, esconder\u00e1 tus intensiones salvajes y llenas de puro erotismo, que complaciente te destaparas ante tu pareja.\",\"breadcrumb\":{\"@id\":\"https:\/\/sexshopbajolassabanas.mx\/?product=antifaz-erotico-raton#breadcrumb\"},\"inLanguage\":\"es\",\"potentialAction\":[{\"@type\":\"ReadAction\",\"target\":[\"https:\/\/sexshopbajolassabanas.mx\/?product=antifaz-erotico-raton\"]}]},{\"@type\":\"BreadcrumbList\",\"@id\":\"https:\/\/sexshopbajolassabanas.mx\/?product=antifaz-erotico-raton#breadcrumb\",\"itemListElement\":[{\"@type\":\"ListItem\",\"position\":1,\"name\":\"Inicio\",\"item\":\"https:\/\/sexshopbajolassabanas.mx\/\"},{\"@type\":\"ListItem\",\"position\":2,\"name\":\"Tienda\",\"item\":\"https:\/\/sexshopbajolassabanas.mx\/?page_id=38\"},{\"@type\":\"ListItem\",\"position\":3,\"name\":\"Antifaz er\u00f3tico rat\u00f3n\"}]},{\"@type\":\"WebSite\",\"@id\":\"https:\/\/sexshopbajolassabanas.mx\/#website\",\"url\":\"https:\/\/sexshopbajolassabanas.mx\/\",\"name\":\"sexshopbajolassabanas.mx\",\"description\":\"Sex Shop Bajo Las Sabanas\",\"publisher\":{\"@id\":\"https:\/\/sexshopbajolassabanas.mx\/#organization\"},\"potentialAction\":[{\"@type\":\"SearchAction\",\"target\":{\"@type\":\"EntryPoint\",\"urlTemplate\":\"https:\/\/sexshopbajolassabanas.mx\/?s={search_term_string}\"},\"query-input\":\"required name=search_term_string\"}],\"inLanguage\":\"es\"},{\"@type\":\"Organization\",\"@id\":\"https:\/\/sexshopbajolassabanas.mx\/#organization\",\"name\":\"sexshopbajolassabanas.mx\",\"url\":\"https:\/\/sexshopbajolassabanas.mx\/\",\"logo\":{\"@type\":\"ImageObject\",\"inLanguage\":\"es\",\"@id\":\"https:\/\/sexshopbajolassabanas.mx\/#\/schema\/logo\/image\/\",\"url\":\"https:\/\/sexshopbajolassabanas.mx\/wp-content\/uploads\/2022\/08\/cropped-cropped-Sin-titulo-2_Mesa-de-trabajo-1.png\",\"contentUrl\":\"https:\/\/sexshopbajolassabanas.mx\/wp-content\/uploads\/2022\/08\/cropped-cropped-Sin-titulo-2_Mesa-de-trabajo-1.png\",\"width\":375,\"height\":375,\"caption\":\"sexshopbajolassabanas.mx\"},\"image\":{\"@id\":\"https:\/\/sexshopbajolassabanas.mx\/#\/schema\/logo\/image\/\"}}]}<\/script>\n<!-- \/ Yoast SEO plugin. -->","yoast_head_json":{"title":"Antifaz er\u00f3tico rat\u00f3n - sexshopbajolassabanas.mx","description":"Sabanera misteriosa, este antifaz er\u00f3tico, esconder\u00e1 tus intensiones salvajes y llenas de puro erotismo, que complaciente te destaparas ante tu pareja.","robots":{"index":"index","follow":"follow","max-snippet":"max-snippet:-1","max-image-preview":"max-image-preview:large","max-video-preview":"max-video-preview:-1"},"canonical":"https:\/\/sexshopbajolassabanas.mx\/?product=antifaz-erotico-raton","og_locale":"es_MX","og_type":"article","og_title":"Antifaz er\u00f3tico rat\u00f3n - sexshopbajolassabanas.mx","og_description":"Sabanera misteriosa, este antifaz er\u00f3tico, esconder\u00e1 tus intensiones salvajes y llenas de puro erotismo, que complaciente te destaparas ante tu pareja.","og_url":"https:\/\/sexshopbajolassabanas.mx\/?product=antifaz-erotico-raton","og_site_name":"sexshopbajolassabanas.mx","article_modified_time":"2023-02-16T05:02:20+00:00","og_image":[{"width":1080,"height":1080,"url":"http:\/\/sexshopbajolassabanas.mx\/wp-content\/uploads\/2023\/02\/antifaz-erotico.png","type":"image\/png"}],"twitter_card":"summary_large_image","twitter_misc":{"Tiempo de lectura":"2 minutos"},"schema":{"@context":"https:\/\/schema.org","@graph":[{"@type":"WebPage","@id":"https:\/\/sexshopbajolassabanas.mx\/?product=antifaz-erotico-raton","url":"https:\/\/sexshopbajolassabanas.mx\/?product=antifaz-erotico-raton","name":"Antifaz er\u00f3tico rat\u00f3n - sexshopbajolassabanas.mx","isPartOf":{"@id":"https:\/\/sexshopbajolassabanas.mx\/#website"},"datePublished":"2023-02-16T05:02:19+00:00","dateModified":"2023-02-16T05:02:20+00:00","description":"Sabanera misteriosa, este antifaz er\u00f3tico, esconder\u00e1 tus intensiones salvajes y llenas de puro erotismo, que complaciente te destaparas ante tu pareja.","breadcrumb":{"@id":"https:\/\/sexshopbajolassabanas.mx\/?product=antifaz-erotico-raton#breadcrumb"},"inLanguage":"es","potentialAction":[{"@type":"ReadAction","target":["https:\/\/sexshopbajolassabanas.mx\/?product=antifaz-erotico-raton"]}]},{"@type":"BreadcrumbList","@id":"https:\/\/sexshopbajolassabanas.mx\/?product=antifaz-erotico-raton#breadcrumb","itemListElement":[{"@type":"ListItem","position":1,"name":"Inicio","item":"https:\/\/sexshopbajolassabanas.mx\/"},{"@type":"ListItem","position":2,"name":"Tienda","item":"https:\/\/sexshopbajolassabanas.mx\/?page_id=38"},{"@type":"ListItem","position":3,"name":"Antifaz er\u00f3tico rat\u00f3n"}]},{"@type":"WebSite","@id":"https:\/\/sexshopbajolassabanas.mx\/#website","url":"https:\/\/sexshopbajolassabanas.mx\/","name":"sexshopbajolassabanas.mx","description":"Sex Shop Bajo Las Sabanas","publisher":{"@id":"https:\/\/sexshopbajolassabanas.mx\/#organization"},"potentialAction":[{"@type":"SearchAction","target":{"@type":"EntryPoint","urlTemplate":"https:\/\/sexshopbajolassabanas.mx\/?s={search_term_string}"},"query-input":"required name=search_term_string"}],"inLanguage":"es"},{"@type":"Organization","@id":"https:\/\/sexshopbajolassabanas.mx\/#organization","name":"sexshopbajolassabanas.mx","url":"https:\/\/sexshopbajolassabanas.mx\/","logo":{"@type":"ImageObject","inLanguage":"es","@id":"https:\/\/sexshopbajolassabanas.mx\/#\/schema\/logo\/image\/","url":"https:\/\/sexshopbajolassabanas.mx\/wp-content\/uploads\/2022\/08\/cropped-cropped-Sin-titulo-2_Mesa-de-trabajo-1.png","contentUrl":"https:\/\/sexshopbajolassabanas.mx\/wp-content\/uploads\/2022\/08\/cropped-cropped-Sin-titulo-2_Mesa-de-trabajo-1.png","width":375,"height":375,"caption":"sexshopbajolassabanas.mx"},"image":{"@id":"https:\/\/sexshopbajolassabanas.mx\/#\/schema\/logo\/image\/"}}]}},"_links":{"self":[{"href":"https:\/\/sexshopbajolassabanas.mx\/index.php?rest_route=\/wp\/v2\/product\/6672","targetHints":{"allow":["GET"]}}],"collection":[{"href":"https:\/\/sexshopbajolassabanas.mx\/index.php?rest_route=\/wp\/v2\/product"}],"about":[{"href":"https:\/\/sexshopbajolassabanas.mx\/index.php?rest_route=\/wp\/v2\/types\/product"}],"replies":[{"embeddable":true,"href":"https:\/\/sexshopbajolassabanas.mx\/index.php?rest_route=%2Fwp%2Fv2%2Fcomments&post=6672"}],"version-history":[{"count":1,"href":"https:\/\/sexshopbajolassabanas.mx\/index.php?rest_route=\/wp\/v2\/product\/6672\/revisions"}],"predecessor-version":[{"id":6676,"href":"https:\/\/sexshopbajolassabanas.mx\/index.php?rest_route=\/wp\/v2\/product\/6672\/revisions\/6676"}],"wp:featuredmedia":[{"embeddable":true,"href":"https:\/\/sexshopbajolassabanas.mx\/index.php?rest_route=\/wp\/v2\/media\/6673"}],"wp:attachment":[{"href":"https:\/\/sexshopbajolassabanas.mx\/index.php?rest_route=%2Fwp%2Fv2%2Fmedia&parent=6672"}],"wp:term":[{"taxonomy":"product_cat","embeddable":true,"href":"https:\/\/sexshopbajolassabanas.mx\/index.php?rest_route=%2Fwp%2Fv2%2Fproduct_cat&post=6672"},{"taxonomy":"product_tag","embeddable":true,"href":"https:\/\/sexshopbajolassabanas.mx\/index.php?rest_route=%2Fwp%2Fv2%2Fproduct_tag&post=6672"},{"taxonomy":"giftcard-category","embeddable":true,"href":"https:\/\/sexshopbajolassabanas.mx\/index.php?rest_route=%2Fwp%2Fv2%2Fgiftcard-category&post=6672"}],"curies":[{"name":"wp","href":"https:\/\/api.w.org\/{rel}","templated":true}]}}