{"id":6695,"date":"2023-02-17T00:59:07","date_gmt":"2023-02-17T00:59:07","guid":{"rendered":"https:\/\/sexshopbajolassabanas.mx\/?post_type=product&#038;p=6695"},"modified":"2025-06-03T21:15:12","modified_gmt":"2025-06-03T21:15:12","slug":"bomba-de-vacio-para-hombre","status":"publish","type":"product","link":"https:\/\/sexshopbajolassabanas.mx\/?product=bomba-de-vacio-para-hombre","title":{"rendered":"Bomba de vac\u00edo para hombre"},"content":{"rendered":"<h3><span style=\"color: #993366;\"><b>\u00a1 Erecci\u00f3n\u00a0asegurada con tu Bomba de vac\u00edo para hombre!\u00a0<\/b><\/span><\/h3>\n<p><span style=\"font-weight: 400;\">No permitas que el juego se acabe con esta <\/span><span style=\"font-weight: 400;\">bomba de vac\u00edo para hombre<\/span><span style=\"font-weight: 400;\">. Aumenta el tiempo de tus erecciones con sus 3 tapas que mejoraran la presi\u00f3n y crecimiento de la erecci\u00f3n, tiene una agarradera de f\u00e1cil control para manipular correctamente tu bomba de vac\u00edo.Engrosa tu miembro y si sufres de alguna disfunci\u00f3n er\u00e9ctil es muy \u00fatil para recuperar tu vigor a lado de tu pareja.<\/span><\/p>\n<p><span style=\"font-weight: 400;\">Esta <\/span><span style=\"font-weight: 400;\">bomba de vac\u00edo<\/span><span style=\"font-weight: 400;\">\u00a0para hombre estimula el pene favoreciendo su flujo sangu\u00edneo, consiguiendo as\u00ed una <\/span><b>erecci\u00f3n m\u00e1s r\u00e1pida y duradera.<\/b><\/p>\n<p><b>Presentaci\u00f3n:\u00a0 <\/b><span style=\"font-weight: 400;\">Cilindro: PS Cristal. Manguera. CLORURO DE POLIVINILO. Pera: Plastificante, Estabilizador, . 3 Anillos de elast\u00f3mero termopl\u00e1stico (TPE) con diferentes tama\u00f1os. Acompa\u00f1a: 1 Tubo Ahumado, 1 Manguera Ahumada de 30cm, y masturbador.<\/span><\/p>\n<p><b>Forma de uso<\/b><b>:<\/b><\/p>\n<p><span style=\"font-weight: 400;\">Utilice <\/span><a href=\"https:\/\/sexshopbajolassabanas.mx\/?product_cat=lubricantes\"><span style=\"font-weight: 400;\">lubricante de base agua<\/span><\/a><span style=\"font-weight: 400;\"> en el \u00e1rea alrededor de la base del pene y en el anillo de silicona al final del cilindro. El lubricante facilita la inserci\u00f3n del pene y ayuda a sellar el anillo de silicona.<\/span><\/p>\n<p><span style=\"font-weight: 400;\">Insertar: Coloque el pene en el cilindro , previamente su pene y la boquilla cil\u00edndrica lubricada para un mejor deslizamiento. Se obtiene un sellado completo debido a la ausencia de aire, encienda su bomba y despu\u00e9s presiones el segundo bot\u00f3n con el que configurar\u00e1 las funciones de succi\u00f3n su pene comenzar\u00e1 a crecer dentro del cilindro, expandi\u00e9ndose y volvi\u00e9ndose m\u00e1s r\u00edgido.<\/span><\/p>\n<p><span style=\"font-weight: 400;\">Quitar: Presiones el primer bot\u00f3n para liberar el vac\u00edo y poder retirar tu miembro. Si siente dolor, detenga el ejercicio inmediatamente y libere el aire.\u00a0<\/span><\/p>\n<p><b>Cuidados<\/b><span style=\"font-weight: 400;\">: Despu\u00e9s del uso, lavar con shampoo <a href=\"https:\/\/sexshopbajolassabanas.mx\/?product=limpiador-de-juguetes-hipoalergenico\">hipoalerg\u00e9nico<\/a> y secar con un pa\u00f1o limpio. No utilice productos abrasivos o t\u00f3xicos para lavar los componentes. Guardar en un lugar fresco y seco dentro de su bolsa hipoalerg\u00e9nica.<\/span><\/p>\n","protected":false},"excerpt":{"rendered":"<p>Bomba de vac\u00edo para hombre, mejora tu erecci\u00f3n mientras agrandas tu pene, incluye tres tapas de diferentes tamanos que ayudan a la presi\u00f3n.<\/p>\n","protected":false},"featured_media":6698,"comment_status":"open","ping_status":"closed","template":"","meta":{"om_disable_all_campaigns":false,"site-sidebar-layout":"default","site-content-layout":"default","ast-site-content-layout":"","site-content-style":"default","site-sidebar-style":"default","ast-global-header-display":"","ast-banner-title-visibility":"","ast-main-header-display":"","ast-hfb-above-header-display":"disabled","ast-hfb-below-header-display":"","ast-hfb-mobile-header-display":"","site-post-title":"","ast-breadcrumbs-content":"","ast-featured-img":"","footer-sml-layout":"","theme-transparent-header-meta":"default","adv-header-id-meta":"","stick-header-meta":"","header-above-stick-meta":"","header-main-stick-meta":"","header-below-stick-meta":"","astra-migrate-meta-layouts":"default","ast-page-background-enabled":"default","ast-page-background-meta":{"desktop":{"background-color":"","background-image":"","background-repeat":"repeat","background-position":"center center","background-size":"auto","background-attachment":"scroll","background-type":"","background-media":"","overlay-type":"","overlay-color":"","overlay-opacity":"","overlay-gradient":""},"tablet":{"background-color":"","background-image":"","background-repeat":"repeat","background-position":"center center","background-size":"auto","background-attachment":"scroll","background-type":"","background-media":"","overlay-type":"","overlay-color":"","overlay-opacity":"","overlay-gradient":""},"mobile":{"background-color":"","background-image":"","background-repeat":"repeat","background-position":"center center","background-size":"auto","background-attachment":"scroll","background-type":"","background-media":"","overlay-type":"","overlay-color":"","overlay-opacity":"","overlay-gradient":""}},"ast-content-background-meta":{"desktop":{"background-color":"var(--ast-global-color-5)","background-image":"","background-repeat":"repeat","background-position":"center center","background-size":"auto","background-attachment":"scroll","background-type":"","background-media":"","overlay-type":"","overlay-color":"","overlay-opacity":"","overlay-gradient":""},"tablet":{"background-color":"var(--ast-global-color-5)","background-image":"","background-repeat":"repeat","background-position":"center center","background-size":"auto","background-attachment":"scroll","background-type":"","background-media":"","overlay-type":"","overlay-color":"","overlay-opacity":"","overlay-gradient":""},"mobile":{"background-color":"var(--ast-global-color-5)","background-image":"","background-repeat":"repeat","background-position":"center center","background-size":"auto","background-attachment":"scroll","background-type":"","background-media":"","overlay-type":"","overlay-color":"","overlay-opacity":"","overlay-gradient":""}},"_joinchat":[]},"product_cat":[107,196,40],"product_tag":[],"giftcard-category":[],"class_list":{"0":"post-6695","1":"product","2":"type-product","3":"status-publish","4":"has-post-thumbnail","6":"product_cat-bombas-de-vacio","7":"product_cat-sabaneres","8":"product_cat-sabaneros","9":"desktop-align-left","10":"tablet-align-left","11":"mobile-align-left","13":"first","14":"instock","15":"taxable","16":"shipping-taxable","17":"purchasable","18":"product-type-simple"},"yoast_head":"<!-- This site is optimized with the Yoast SEO plugin v20.5 - https:\/\/yoast.com\/wordpress\/plugins\/seo\/ -->\n<title>Bomba de vac\u00edo para hombre - sexshopbajolassabanas.mx<\/title>\n<meta name=\"description\" content=\"Bomba de vac\u00edo para hombre, mejora tu erecci\u00f3n mientras agrandas tu pene, incluye tres tapas de diferentes tama\u00f1os que ayudan a la presi\u00f3n.\" \/>\n<meta name=\"robots\" content=\"index, follow, max-snippet:-1, max-image-preview:large, max-video-preview:-1\" \/>\n<link rel=\"canonical\" href=\"https:\/\/sexshopbajolassabanas.mx\/?product=bomba-de-vacio-para-hombre\" \/>\n<meta property=\"og:locale\" content=\"es_MX\" \/>\n<meta property=\"og:type\" content=\"article\" \/>\n<meta property=\"og:title\" content=\"Bomba de vac\u00edo para hombre - sexshopbajolassabanas.mx\" \/>\n<meta property=\"og:description\" content=\"Bomba de vac\u00edo para hombre, mejora tu erecci\u00f3n mientras agrandas tu pene, incluye tres tapas de diferentes tama\u00f1os que ayudan a la presi\u00f3n.\" \/>\n<meta property=\"og:url\" content=\"https:\/\/sexshopbajolassabanas.mx\/?product=bomba-de-vacio-para-hombre\" \/>\n<meta property=\"og:site_name\" content=\"sexshopbajolassabanas.mx\" \/>\n<meta property=\"article:modified_time\" content=\"2025-06-03T21:15:12+00:00\" \/>\n<meta property=\"og:image\" content=\"http:\/\/sexshopbajolassabanas.mx\/wp-content\/uploads\/2023\/02\/Bomba-de-vacio-para-hombre-1.png\" \/>\n\t<meta property=\"og:image:width\" content=\"1080\" \/>\n\t<meta property=\"og:image:height\" content=\"1080\" \/>\n\t<meta property=\"og:image:type\" content=\"image\/png\" \/>\n<meta name=\"twitter:card\" content=\"summary_large_image\" \/>\n<meta name=\"twitter:label1\" content=\"Tiempo de lectura\" \/>\n\t<meta name=\"twitter:data1\" content=\"2 minutos\" \/>\n<script type=\"application\/ld+json\" class=\"yoast-schema-graph\">{\"@context\":\"https:\/\/schema.org\",\"@graph\":[{\"@type\":\"WebPage\",\"@id\":\"https:\/\/sexshopbajolassabanas.mx\/?product=bomba-de-vacio-para-hombre\",\"url\":\"https:\/\/sexshopbajolassabanas.mx\/?product=bomba-de-vacio-para-hombre\",\"name\":\"Bomba de vac\u00edo para hombre - sexshopbajolassabanas.mx\",\"isPartOf\":{\"@id\":\"https:\/\/sexshopbajolassabanas.mx\/#website\"},\"datePublished\":\"2023-02-17T00:59:07+00:00\",\"dateModified\":\"2025-06-03T21:15:12+00:00\",\"description\":\"Bomba de vac\u00edo para hombre, mejora tu erecci\u00f3n mientras agrandas tu pene, incluye tres tapas de diferentes tama\u00f1os que ayudan a la presi\u00f3n.\",\"breadcrumb\":{\"@id\":\"https:\/\/sexshopbajolassabanas.mx\/?product=bomba-de-vacio-para-hombre#breadcrumb\"},\"inLanguage\":\"es\",\"potentialAction\":[{\"@type\":\"ReadAction\",\"target\":[\"https:\/\/sexshopbajolassabanas.mx\/?product=bomba-de-vacio-para-hombre\"]}]},{\"@type\":\"BreadcrumbList\",\"@id\":\"https:\/\/sexshopbajolassabanas.mx\/?product=bomba-de-vacio-para-hombre#breadcrumb\",\"itemListElement\":[{\"@type\":\"ListItem\",\"position\":1,\"name\":\"Inicio\",\"item\":\"https:\/\/sexshopbajolassabanas.mx\/\"},{\"@type\":\"ListItem\",\"position\":2,\"name\":\"Tienda\",\"item\":\"https:\/\/sexshopbajolassabanas.mx\/?page_id=38\"},{\"@type\":\"ListItem\",\"position\":3,\"name\":\"Bomba de vac\u00edo para hombre\"}]},{\"@type\":\"WebSite\",\"@id\":\"https:\/\/sexshopbajolassabanas.mx\/#website\",\"url\":\"https:\/\/sexshopbajolassabanas.mx\/\",\"name\":\"sexshopbajolassabanas.mx\",\"description\":\"Sex Shop Bajo Las Sabanas\",\"publisher\":{\"@id\":\"https:\/\/sexshopbajolassabanas.mx\/#organization\"},\"potentialAction\":[{\"@type\":\"SearchAction\",\"target\":{\"@type\":\"EntryPoint\",\"urlTemplate\":\"https:\/\/sexshopbajolassabanas.mx\/?s={search_term_string}\"},\"query-input\":\"required name=search_term_string\"}],\"inLanguage\":\"es\"},{\"@type\":\"Organization\",\"@id\":\"https:\/\/sexshopbajolassabanas.mx\/#organization\",\"name\":\"sexshopbajolassabanas.mx\",\"url\":\"https:\/\/sexshopbajolassabanas.mx\/\",\"logo\":{\"@type\":\"ImageObject\",\"inLanguage\":\"es\",\"@id\":\"https:\/\/sexshopbajolassabanas.mx\/#\/schema\/logo\/image\/\",\"url\":\"https:\/\/sexshopbajolassabanas.mx\/wp-content\/uploads\/2022\/08\/cropped-cropped-Sin-titulo-2_Mesa-de-trabajo-1.png\",\"contentUrl\":\"https:\/\/sexshopbajolassabanas.mx\/wp-content\/uploads\/2022\/08\/cropped-cropped-Sin-titulo-2_Mesa-de-trabajo-1.png\",\"width\":375,\"height\":375,\"caption\":\"sexshopbajolassabanas.mx\"},\"image\":{\"@id\":\"https:\/\/sexshopbajolassabanas.mx\/#\/schema\/logo\/image\/\"}}]}<\/script>\n<!-- \/ Yoast SEO plugin. -->","yoast_head_json":{"title":"Bomba de vac\u00edo para hombre - sexshopbajolassabanas.mx","description":"Bomba de vac\u00edo para hombre, mejora tu erecci\u00f3n mientras agrandas tu pene, incluye tres tapas de diferentes tama\u00f1os que ayudan a la presi\u00f3n.","robots":{"index":"index","follow":"follow","max-snippet":"max-snippet:-1","max-image-preview":"max-image-preview:large","max-video-preview":"max-video-preview:-1"},"canonical":"https:\/\/sexshopbajolassabanas.mx\/?product=bomba-de-vacio-para-hombre","og_locale":"es_MX","og_type":"article","og_title":"Bomba de vac\u00edo para hombre - sexshopbajolassabanas.mx","og_description":"Bomba de vac\u00edo para hombre, mejora tu erecci\u00f3n mientras agrandas tu pene, incluye tres tapas de diferentes tama\u00f1os que ayudan a la presi\u00f3n.","og_url":"https:\/\/sexshopbajolassabanas.mx\/?product=bomba-de-vacio-para-hombre","og_site_name":"sexshopbajolassabanas.mx","article_modified_time":"2025-06-03T21:15:12+00:00","og_image":[{"width":1080,"height":1080,"url":"http:\/\/sexshopbajolassabanas.mx\/wp-content\/uploads\/2023\/02\/Bomba-de-vacio-para-hombre-1.png","type":"image\/png"}],"twitter_card":"summary_large_image","twitter_misc":{"Tiempo de lectura":"2 minutos"},"schema":{"@context":"https:\/\/schema.org","@graph":[{"@type":"WebPage","@id":"https:\/\/sexshopbajolassabanas.mx\/?product=bomba-de-vacio-para-hombre","url":"https:\/\/sexshopbajolassabanas.mx\/?product=bomba-de-vacio-para-hombre","name":"Bomba de vac\u00edo para hombre - sexshopbajolassabanas.mx","isPartOf":{"@id":"https:\/\/sexshopbajolassabanas.mx\/#website"},"datePublished":"2023-02-17T00:59:07+00:00","dateModified":"2025-06-03T21:15:12+00:00","description":"Bomba de vac\u00edo para hombre, mejora tu erecci\u00f3n mientras agrandas tu pene, incluye tres tapas de diferentes tama\u00f1os que ayudan a la presi\u00f3n.","breadcrumb":{"@id":"https:\/\/sexshopbajolassabanas.mx\/?product=bomba-de-vacio-para-hombre#breadcrumb"},"inLanguage":"es","potentialAction":[{"@type":"ReadAction","target":["https:\/\/sexshopbajolassabanas.mx\/?product=bomba-de-vacio-para-hombre"]}]},{"@type":"BreadcrumbList","@id":"https:\/\/sexshopbajolassabanas.mx\/?product=bomba-de-vacio-para-hombre#breadcrumb","itemListElement":[{"@type":"ListItem","position":1,"name":"Inicio","item":"https:\/\/sexshopbajolassabanas.mx\/"},{"@type":"ListItem","position":2,"name":"Tienda","item":"https:\/\/sexshopbajolassabanas.mx\/?page_id=38"},{"@type":"ListItem","position":3,"name":"Bomba de vac\u00edo para hombre"}]},{"@type":"WebSite","@id":"https:\/\/sexshopbajolassabanas.mx\/#website","url":"https:\/\/sexshopbajolassabanas.mx\/","name":"sexshopbajolassabanas.mx","description":"Sex Shop Bajo Las Sabanas","publisher":{"@id":"https:\/\/sexshopbajolassabanas.mx\/#organization"},"potentialAction":[{"@type":"SearchAction","target":{"@type":"EntryPoint","urlTemplate":"https:\/\/sexshopbajolassabanas.mx\/?s={search_term_string}"},"query-input":"required name=search_term_string"}],"inLanguage":"es"},{"@type":"Organization","@id":"https:\/\/sexshopbajolassabanas.mx\/#organization","name":"sexshopbajolassabanas.mx","url":"https:\/\/sexshopbajolassabanas.mx\/","logo":{"@type":"ImageObject","inLanguage":"es","@id":"https:\/\/sexshopbajolassabanas.mx\/#\/schema\/logo\/image\/","url":"https:\/\/sexshopbajolassabanas.mx\/wp-content\/uploads\/2022\/08\/cropped-cropped-Sin-titulo-2_Mesa-de-trabajo-1.png","contentUrl":"https:\/\/sexshopbajolassabanas.mx\/wp-content\/uploads\/2022\/08\/cropped-cropped-Sin-titulo-2_Mesa-de-trabajo-1.png","width":375,"height":375,"caption":"sexshopbajolassabanas.mx"},"image":{"@id":"https:\/\/sexshopbajolassabanas.mx\/#\/schema\/logo\/image\/"}}]}},"_links":{"self":[{"href":"https:\/\/sexshopbajolassabanas.mx\/index.php?rest_route=\/wp\/v2\/product\/6695","targetHints":{"allow":["GET"]}}],"collection":[{"href":"https:\/\/sexshopbajolassabanas.mx\/index.php?rest_route=\/wp\/v2\/product"}],"about":[{"href":"https:\/\/sexshopbajolassabanas.mx\/index.php?rest_route=\/wp\/v2\/types\/product"}],"replies":[{"embeddable":true,"href":"https:\/\/sexshopbajolassabanas.mx\/index.php?rest_route=%2Fwp%2Fv2%2Fcomments&post=6695"}],"version-history":[{"count":1,"href":"https:\/\/sexshopbajolassabanas.mx\/index.php?rest_route=\/wp\/v2\/product\/6695\/revisions"}],"predecessor-version":[{"id":6700,"href":"https:\/\/sexshopbajolassabanas.mx\/index.php?rest_route=\/wp\/v2\/product\/6695\/revisions\/6700"}],"wp:featuredmedia":[{"embeddable":true,"href":"https:\/\/sexshopbajolassabanas.mx\/index.php?rest_route=\/wp\/v2\/media\/6698"}],"wp:attachment":[{"href":"https:\/\/sexshopbajolassabanas.mx\/index.php?rest_route=%2Fwp%2Fv2%2Fmedia&parent=6695"}],"wp:term":[{"taxonomy":"product_cat","embeddable":true,"href":"https:\/\/sexshopbajolassabanas.mx\/index.php?rest_route=%2Fwp%2Fv2%2Fproduct_cat&post=6695"},{"taxonomy":"product_tag","embeddable":true,"href":"https:\/\/sexshopbajolassabanas.mx\/index.php?rest_route=%2Fwp%2Fv2%2Fproduct_tag&post=6695"},{"taxonomy":"giftcard-category","embeddable":true,"href":"https:\/\/sexshopbajolassabanas.mx\/index.php?rest_route=%2Fwp%2Fv2%2Fgiftcard-category&post=6695"}],"curies":[{"name":"wp","href":"https:\/\/api.w.org\/{rel}","templated":true}]}}