{"id":6713,"date":"2023-02-17T22:55:26","date_gmt":"2023-02-17T22:55:26","guid":{"rendered":"https:\/\/sexshopbajolassabanas.mx\/?post_type=product&#038;p=6713"},"modified":"2023-02-17T22:55:27","modified_gmt":"2023-02-17T22:55:27","slug":"esposas-bondage","status":"publish","type":"product","link":"https:\/\/sexshopbajolassabanas.mx\/?product=esposas-bondage","title":{"rendered":"Esposas bondage"},"content":{"rendered":"<h3><span><b><span style=\"color: #ff0000;\">\u00a1A\u00f1ade juego de\u00a0<span style=\"caret-color: #ff0000;\">roles<\/span>\u00a0con estas esposas de bondage!<\/span><\/b><\/span><\/h3>\n<p><span style=\"font-weight: 400;\"><a href=\"https:\/\/sexshopbajolassabanas.mx\/?product_cat=sabaneras\">Sabaneres<\/a>, Mis esposas bondage \u00bfsab\u00edan que la inmovilizaci\u00f3n en un encuentro sexual aumenta la excitaci\u00f3n de su pareja? Al igual que el juego de roles, la inmovilizaci\u00f3n estimula el deseo y apetito sexual con tu pareja.<\/span><\/p>\n<p><span style=\"font-weight: 400;\">Los juegos consensuados son posibles aqu\u00ed en <\/span><a href=\"https:\/\/sexshopbajolassabanas.mx\"><span style=\"font-weight: 400;\">Bajo las S\u00e1banas<\/span><\/a><span style=\"font-weight: 400;\">, ya que han llegado estas <\/span><span style=\"font-weight: 400;\">esposas para bondage 100% nacionales, <\/span><span style=\"font-weight: 400;\">muy c\u00f3modas, pero, sobre todo, muy resistentes. Estas <\/span><span style=\"font-weight: 400;\">esposas \u00a0bondage <\/span><span style=\"font-weight: 400;\">cuentan con un cierre de metal de hebilla que aseguran su resistencia durante tus juegos.\u00a0<\/span><\/p>\n<p><b>Material: <\/b><span style=\"font-weight: 400;\">Piel sint\u00e9tica roja, con peluche por dentro.<\/span><\/p>\n<p><b>Medidas: <\/b><span style=\"font-weight: 400;\">Ajustable a la medida.<\/span><\/p>\n<p><b>Forma de uso<\/b><b>: <\/b><span style=\"font-weight: 400;\">Las esposas pueden usarse de forma independiente o combinada con otros accesorios como ataduras de tobillo, antifaz, l\u00e1tigo&#8230;<\/span><\/p>\n<p><span style=\"font-weight: 400;\">La colocaci\u00f3n es sencilla, sigue los siguientes pasos, para hacerlo de forma adecuada:<\/span><\/p>\n<p><span style=\"font-weight: 400;\">Abre la esposa, col\u00f3cala sobre una superficie plana y apoya la mu\u00f1eca sobre ella. Tambi\u00e9n puedes rodear la mu\u00f1eca directamente una vez abierta completamente.<\/span><\/p>\n<p><span style=\"font-weight: 400;\">Ajusta a la esposa sobre la mu\u00f1eca y cierra la hebilla como si fuera un cintur\u00f3n. Elige el agujero de forma que la atadura quede algo holgada, pero sin la posibilidad de que al tirar, la mano pueda salirse.<\/span><\/p>\n<p><span style=\"font-weight: 400;\">Para terminar, pasa la tira por la anilla restante para que quede m\u00e1s sujeta y prueba a estirar para comprobar que la esposa resulta c\u00f3moda.<\/span><\/p>\n<p><span style=\"font-weight: 400;\">Realiza el mismo proceso en la otra mano y engancha la cadena entre las dos ataduras en las anillas pensadas para ello.<\/span><\/p>\n<p><span style=\"font-weight: 400;\">En el caso de querer liberar por un instante a la persona que lleva las ataduras, se puede soltar el enganche de sujeci\u00f3n de la cadena de una de las tobilleras con facilidad.<\/span><\/p>\n<p><span style=\"font-weight: 400;\">Cuidados: Las <\/span><span style=\"font-weight: 400;\">esposas bondage <\/span><span style=\"font-weight: 400;\">est\u00e1n fabricados en cuero sint\u00e9tico con enganches de metal libre de n\u00edquel, materiales muy sencillos de limpiar.<\/span><\/p>\n<p><span style=\"font-weight: 400;\">Recomendamos limpiarlas siempre despu\u00e9s de cada uso y para hacerlo puedes usar un limpiador espec\u00edfico de juguetes, un pa\u00f1o que no deje residuos humedecidos en agua tibia o tus propias manos con agua y jab\u00f3n pH neutro.<\/span><\/p>\n<p><span style=\"font-weight: 400;\">No sumerjas las esposas bajo el agua y evita mojar en exceso los apliques de metal.<\/span><\/p>\n<p><span style=\"font-weight: 400;\">Para el buen mantenimiento de los materiales, el secado es muy importante. Seca bien todo el producto con una toalla limpia que no suelte fibras o d\u00e9jalo secar al aire en un lugar bien ventilado.<\/span><\/p>\n","protected":false},"excerpt":{"rendered":"<p>Mis esposas bondage, estas dise\u00f1adas para no lastimarte pero si para quitarte el control y solo dejarte llevar por la pasi\u00f3n. Disfruta y atr\u00e9vete hacer que la pasi\u00f3n sea de alto nivel.<\/p>\n","protected":false},"featured_media":6714,"comment_status":"open","ping_status":"closed","template":"","meta":{"om_disable_all_campaigns":false,"site-sidebar-layout":"default","site-content-layout":"default","ast-site-content-layout":"","site-content-style":"default","site-sidebar-style":"default","ast-global-header-display":"","ast-banner-title-visibility":"","ast-main-header-display":"","ast-hfb-above-header-display":"disabled","ast-hfb-below-header-display":"","ast-hfb-mobile-header-display":"","site-post-title":"","ast-breadcrumbs-content":"","ast-featured-img":"","footer-sml-layout":"","theme-transparent-header-meta":"default","adv-header-id-meta":"","stick-header-meta":"","header-above-stick-meta":"","header-main-stick-meta":"","header-below-stick-meta":"","astra-migrate-meta-layouts":"default","ast-page-background-enabled":"default","ast-page-background-meta":{"desktop":{"background-color":"","background-image":"","background-repeat":"repeat","background-position":"center center","background-size":"auto","background-attachment":"scroll","background-type":"","background-media":"","overlay-type":"","overlay-color":"","overlay-opacity":"","overlay-gradient":""},"tablet":{"background-color":"","background-image":"","background-repeat":"repeat","background-position":"center center","background-size":"auto","background-attachment":"scroll","background-type":"","background-media":"","overlay-type":"","overlay-color":"","overlay-opacity":"","overlay-gradient":""},"mobile":{"background-color":"","background-image":"","background-repeat":"repeat","background-position":"center center","background-size":"auto","background-attachment":"scroll","background-type":"","background-media":"","overlay-type":"","overlay-color":"","overlay-opacity":"","overlay-gradient":""}},"ast-content-background-meta":{"desktop":{"background-color":"var(--ast-global-color-5)","background-image":"","background-repeat":"repeat","background-position":"center center","background-size":"auto","background-attachment":"scroll","background-type":"","background-media":"","overlay-type":"","overlay-color":"","overlay-opacity":"","overlay-gradient":""},"tablet":{"background-color":"var(--ast-global-color-5)","background-image":"","background-repeat":"repeat","background-position":"center center","background-size":"auto","background-attachment":"scroll","background-type":"","background-media":"","overlay-type":"","overlay-color":"","overlay-opacity":"","overlay-gradient":""},"mobile":{"background-color":"var(--ast-global-color-5)","background-image":"","background-repeat":"repeat","background-position":"center center","background-size":"auto","background-attachment":"scroll","background-type":"","background-media":"","overlay-type":"","overlay-color":"","overlay-opacity":"","overlay-gradient":""}},"_joinchat":[]},"product_cat":[76,196,40],"product_tag":[],"giftcard-category":[],"class_list":{"0":"post-6713","1":"product","2":"type-product","3":"status-publish","4":"has-post-thumbnail","6":"product_cat-bondage-fetish","7":"product_cat-sabaneres","8":"product_cat-sabaneros","9":"desktop-align-left","10":"tablet-align-left","11":"mobile-align-left","13":"first","14":"instock","15":"taxable","16":"shipping-taxable","17":"purchasable","18":"product-type-simple"},"yoast_head":"<!-- This site is optimized with the Yoast SEO plugin v20.5 - https:\/\/yoast.com\/wordpress\/plugins\/seo\/ -->\n<title>Esposas bondage - sexshopbajolassabanas.mx<\/title>\n<meta name=\"description\" content=\"Mis esposas bondage, me tienen en suspenso, alerta en que momento el placer aumentara sin control, que rico cuando no puedo controlar el sexo.\" \/>\n<meta name=\"robots\" content=\"index, follow, max-snippet:-1, max-image-preview:large, max-video-preview:-1\" \/>\n<link rel=\"canonical\" href=\"https:\/\/sexshopbajolassabanas.mx\/?product=esposas-bondage\" \/>\n<meta property=\"og:locale\" content=\"es_MX\" \/>\n<meta property=\"og:type\" content=\"article\" \/>\n<meta property=\"og:title\" content=\"Esposas bondage - sexshopbajolassabanas.mx\" \/>\n<meta property=\"og:description\" content=\"Mis esposas bondage, me tienen en suspenso, alerta en que momento el placer aumentara sin control, que rico cuando no puedo controlar el sexo.\" \/>\n<meta property=\"og:url\" content=\"https:\/\/sexshopbajolassabanas.mx\/?product=esposas-bondage\" \/>\n<meta property=\"og:site_name\" content=\"sexshopbajolassabanas.mx\" \/>\n<meta property=\"article:modified_time\" content=\"2023-02-17T22:55:27+00:00\" \/>\n<meta property=\"og:image\" content=\"http:\/\/sexshopbajolassabanas.mx\/wp-content\/uploads\/2023\/02\/esposas-bondage.png\" \/>\n\t<meta property=\"og:image:width\" content=\"1080\" \/>\n\t<meta property=\"og:image:height\" content=\"1080\" \/>\n\t<meta property=\"og:image:type\" content=\"image\/png\" \/>\n<meta name=\"twitter:card\" content=\"summary_large_image\" \/>\n<meta name=\"twitter:label1\" content=\"Tiempo de lectura\" \/>\n\t<meta name=\"twitter:data1\" content=\"2 minutos\" \/>\n<script type=\"application\/ld+json\" class=\"yoast-schema-graph\">{\"@context\":\"https:\/\/schema.org\",\"@graph\":[{\"@type\":\"WebPage\",\"@id\":\"https:\/\/sexshopbajolassabanas.mx\/?product=esposas-bondage\",\"url\":\"https:\/\/sexshopbajolassabanas.mx\/?product=esposas-bondage\",\"name\":\"Esposas bondage - sexshopbajolassabanas.mx\",\"isPartOf\":{\"@id\":\"https:\/\/sexshopbajolassabanas.mx\/#website\"},\"datePublished\":\"2023-02-17T22:55:26+00:00\",\"dateModified\":\"2023-02-17T22:55:27+00:00\",\"description\":\"Mis esposas bondage, me tienen en suspenso, alerta en que momento el placer aumentara sin control, que rico cuando no puedo controlar el sexo.\",\"breadcrumb\":{\"@id\":\"https:\/\/sexshopbajolassabanas.mx\/?product=esposas-bondage#breadcrumb\"},\"inLanguage\":\"es\",\"potentialAction\":[{\"@type\":\"ReadAction\",\"target\":[\"https:\/\/sexshopbajolassabanas.mx\/?product=esposas-bondage\"]}]},{\"@type\":\"BreadcrumbList\",\"@id\":\"https:\/\/sexshopbajolassabanas.mx\/?product=esposas-bondage#breadcrumb\",\"itemListElement\":[{\"@type\":\"ListItem\",\"position\":1,\"name\":\"Inicio\",\"item\":\"https:\/\/sexshopbajolassabanas.mx\/\"},{\"@type\":\"ListItem\",\"position\":2,\"name\":\"Tienda\",\"item\":\"https:\/\/sexshopbajolassabanas.mx\/?page_id=38\"},{\"@type\":\"ListItem\",\"position\":3,\"name\":\"Esposas bondage\"}]},{\"@type\":\"WebSite\",\"@id\":\"https:\/\/sexshopbajolassabanas.mx\/#website\",\"url\":\"https:\/\/sexshopbajolassabanas.mx\/\",\"name\":\"sexshopbajolassabanas.mx\",\"description\":\"Sex Shop Bajo Las Sabanas\",\"publisher\":{\"@id\":\"https:\/\/sexshopbajolassabanas.mx\/#organization\"},\"potentialAction\":[{\"@type\":\"SearchAction\",\"target\":{\"@type\":\"EntryPoint\",\"urlTemplate\":\"https:\/\/sexshopbajolassabanas.mx\/?s={search_term_string}\"},\"query-input\":\"required name=search_term_string\"}],\"inLanguage\":\"es\"},{\"@type\":\"Organization\",\"@id\":\"https:\/\/sexshopbajolassabanas.mx\/#organization\",\"name\":\"sexshopbajolassabanas.mx\",\"url\":\"https:\/\/sexshopbajolassabanas.mx\/\",\"logo\":{\"@type\":\"ImageObject\",\"inLanguage\":\"es\",\"@id\":\"https:\/\/sexshopbajolassabanas.mx\/#\/schema\/logo\/image\/\",\"url\":\"https:\/\/sexshopbajolassabanas.mx\/wp-content\/uploads\/2022\/08\/cropped-cropped-Sin-titulo-2_Mesa-de-trabajo-1.png\",\"contentUrl\":\"https:\/\/sexshopbajolassabanas.mx\/wp-content\/uploads\/2022\/08\/cropped-cropped-Sin-titulo-2_Mesa-de-trabajo-1.png\",\"width\":375,\"height\":375,\"caption\":\"sexshopbajolassabanas.mx\"},\"image\":{\"@id\":\"https:\/\/sexshopbajolassabanas.mx\/#\/schema\/logo\/image\/\"}}]}<\/script>\n<!-- \/ Yoast SEO plugin. -->","yoast_head_json":{"title":"Esposas bondage - sexshopbajolassabanas.mx","description":"Mis esposas bondage, me tienen en suspenso, alerta en que momento el placer aumentara sin control, que rico cuando no puedo controlar el sexo.","robots":{"index":"index","follow":"follow","max-snippet":"max-snippet:-1","max-image-preview":"max-image-preview:large","max-video-preview":"max-video-preview:-1"},"canonical":"https:\/\/sexshopbajolassabanas.mx\/?product=esposas-bondage","og_locale":"es_MX","og_type":"article","og_title":"Esposas bondage - sexshopbajolassabanas.mx","og_description":"Mis esposas bondage, me tienen en suspenso, alerta en que momento el placer aumentara sin control, que rico cuando no puedo controlar el sexo.","og_url":"https:\/\/sexshopbajolassabanas.mx\/?product=esposas-bondage","og_site_name":"sexshopbajolassabanas.mx","article_modified_time":"2023-02-17T22:55:27+00:00","og_image":[{"width":1080,"height":1080,"url":"http:\/\/sexshopbajolassabanas.mx\/wp-content\/uploads\/2023\/02\/esposas-bondage.png","type":"image\/png"}],"twitter_card":"summary_large_image","twitter_misc":{"Tiempo de lectura":"2 minutos"},"schema":{"@context":"https:\/\/schema.org","@graph":[{"@type":"WebPage","@id":"https:\/\/sexshopbajolassabanas.mx\/?product=esposas-bondage","url":"https:\/\/sexshopbajolassabanas.mx\/?product=esposas-bondage","name":"Esposas bondage - sexshopbajolassabanas.mx","isPartOf":{"@id":"https:\/\/sexshopbajolassabanas.mx\/#website"},"datePublished":"2023-02-17T22:55:26+00:00","dateModified":"2023-02-17T22:55:27+00:00","description":"Mis esposas bondage, me tienen en suspenso, alerta en que momento el placer aumentara sin control, que rico cuando no puedo controlar el sexo.","breadcrumb":{"@id":"https:\/\/sexshopbajolassabanas.mx\/?product=esposas-bondage#breadcrumb"},"inLanguage":"es","potentialAction":[{"@type":"ReadAction","target":["https:\/\/sexshopbajolassabanas.mx\/?product=esposas-bondage"]}]},{"@type":"BreadcrumbList","@id":"https:\/\/sexshopbajolassabanas.mx\/?product=esposas-bondage#breadcrumb","itemListElement":[{"@type":"ListItem","position":1,"name":"Inicio","item":"https:\/\/sexshopbajolassabanas.mx\/"},{"@type":"ListItem","position":2,"name":"Tienda","item":"https:\/\/sexshopbajolassabanas.mx\/?page_id=38"},{"@type":"ListItem","position":3,"name":"Esposas bondage"}]},{"@type":"WebSite","@id":"https:\/\/sexshopbajolassabanas.mx\/#website","url":"https:\/\/sexshopbajolassabanas.mx\/","name":"sexshopbajolassabanas.mx","description":"Sex Shop Bajo Las Sabanas","publisher":{"@id":"https:\/\/sexshopbajolassabanas.mx\/#organization"},"potentialAction":[{"@type":"SearchAction","target":{"@type":"EntryPoint","urlTemplate":"https:\/\/sexshopbajolassabanas.mx\/?s={search_term_string}"},"query-input":"required name=search_term_string"}],"inLanguage":"es"},{"@type":"Organization","@id":"https:\/\/sexshopbajolassabanas.mx\/#organization","name":"sexshopbajolassabanas.mx","url":"https:\/\/sexshopbajolassabanas.mx\/","logo":{"@type":"ImageObject","inLanguage":"es","@id":"https:\/\/sexshopbajolassabanas.mx\/#\/schema\/logo\/image\/","url":"https:\/\/sexshopbajolassabanas.mx\/wp-content\/uploads\/2022\/08\/cropped-cropped-Sin-titulo-2_Mesa-de-trabajo-1.png","contentUrl":"https:\/\/sexshopbajolassabanas.mx\/wp-content\/uploads\/2022\/08\/cropped-cropped-Sin-titulo-2_Mesa-de-trabajo-1.png","width":375,"height":375,"caption":"sexshopbajolassabanas.mx"},"image":{"@id":"https:\/\/sexshopbajolassabanas.mx\/#\/schema\/logo\/image\/"}}]}},"_links":{"self":[{"href":"https:\/\/sexshopbajolassabanas.mx\/index.php?rest_route=\/wp\/v2\/product\/6713","targetHints":{"allow":["GET"]}}],"collection":[{"href":"https:\/\/sexshopbajolassabanas.mx\/index.php?rest_route=\/wp\/v2\/product"}],"about":[{"href":"https:\/\/sexshopbajolassabanas.mx\/index.php?rest_route=\/wp\/v2\/types\/product"}],"replies":[{"embeddable":true,"href":"https:\/\/sexshopbajolassabanas.mx\/index.php?rest_route=%2Fwp%2Fv2%2Fcomments&post=6713"}],"version-history":[{"count":1,"href":"https:\/\/sexshopbajolassabanas.mx\/index.php?rest_route=\/wp\/v2\/product\/6713\/revisions"}],"predecessor-version":[{"id":6715,"href":"https:\/\/sexshopbajolassabanas.mx\/index.php?rest_route=\/wp\/v2\/product\/6713\/revisions\/6715"}],"wp:featuredmedia":[{"embeddable":true,"href":"https:\/\/sexshopbajolassabanas.mx\/index.php?rest_route=\/wp\/v2\/media\/6714"}],"wp:attachment":[{"href":"https:\/\/sexshopbajolassabanas.mx\/index.php?rest_route=%2Fwp%2Fv2%2Fmedia&parent=6713"}],"wp:term":[{"taxonomy":"product_cat","embeddable":true,"href":"https:\/\/sexshopbajolassabanas.mx\/index.php?rest_route=%2Fwp%2Fv2%2Fproduct_cat&post=6713"},{"taxonomy":"product_tag","embeddable":true,"href":"https:\/\/sexshopbajolassabanas.mx\/index.php?rest_route=%2Fwp%2Fv2%2Fproduct_tag&post=6713"},{"taxonomy":"giftcard-category","embeddable":true,"href":"https:\/\/sexshopbajolassabanas.mx\/index.php?rest_route=%2Fwp%2Fv2%2Fgiftcard-category&post=6713"}],"curies":[{"name":"wp","href":"https:\/\/api.w.org\/{rel}","templated":true}]}}