{"id":6810,"date":"2023-02-22T19:48:44","date_gmt":"2023-02-22T19:48:44","guid":{"rendered":"https:\/\/sexshopbajolassabanas.mx\/?post_type=product&#038;p=6810"},"modified":"2023-02-22T19:48:45","modified_gmt":"2023-02-22T19:48:45","slug":"choker-con-cadena-fetiche","status":"publish","type":"product","link":"https:\/\/sexshopbajolassabanas.mx\/?product=choker-con-cadena-fetiche","title":{"rendered":"Choker con cadena fetiche"},"content":{"rendered":"<h3><b><span style=\"color: #ff0000;\">\u00a1 Choker con cadena fetiche!<\/span><\/b><\/h3>\n<p>&nbsp;<\/p>\n<p><span style=\"font-weight: 400;\"><a href=\"https:\/\/sexshopbajolassabanas.mx\/?product_cat=sabaneras\">Sabaneres<\/a>, Nuestro Choker con cadena fetiche o <a href=\"https:\/\/lifeandstyle.expansion.mx\/vida\/2021\/08\/25\/esto-es-lo-que-el-bdsm-puede-hacer-por-ti-y-por-tu-relacion\">BDSM<\/a> es lo que estabas esperando para tener encuentros sexuales diferentes y sobre todo duros ya atrevidos, excita desde el primero momento que tirando la cadena para que vengas \u00a0hacia es apersona que te esta dominando, hasta llegar al instante en que est\u00e1n frente a frente mas mojados que nunca, te genera una excitaci\u00f3n grandiosa y es com\u00fanmente utilizada momentos \u00edntimos sexuales de sumisi\u00f3n \u00bfsab\u00edan que la inmovilizaci\u00f3n en un encuentro sexual aumenta la excitaci\u00f3n de su pareja? Al igual que el juego de roles, la inmovilizaci\u00f3n estimula el deseo y apetito sexual con tu pareja.<\/span><\/p>\n<p><span style=\"font-weight: 400;\">Los juegos consensuados son posibles aqu\u00ed en <\/span><a href=\"https:\/\/sexshopbajolassabanas.mx\"><span style=\"font-weight: 400;\">Bajo las S\u00e1banas<\/span><\/a><span style=\"font-weight: 400;\">, ya que han llegado este choker con cadena fetiche\u00a0<\/span><span style=\"font-weight: 400;\">100% nacionales, <\/span><span style=\"font-weight: 400;\">muy c\u00f3modos, y resistentes.<\/span><\/p>\n<p>Fabricada de material cuero sint\u00e9tico que se ajusta en el cuello de tu pareja por dentro tiene terciopelo para evitar enrojecer el \u00e1rea donde lo vas a colocar tiene un broche para ajustar a medida.<\/p>\n<p><strong>Material:<\/strong> Cuero PU<span style=\"font-weight: 400;\">.<\/span><\/p>\n<p><b>Medidas: <\/b><span style=\"font-weight: 400;\">Ajustable .<\/span><\/p>\n<p><b>Forma de uso<\/b><b>:<\/b>El choker con cadena fetiche, abre el broche del choker rodeado por el cuello de tu pareja y ajusta de acuerdo al tama\u00f1o que necesites.<\/p>\n<p><span style=\"font-weight: 400;\"><strong>Cuidados:<\/strong>\u00a0El choker con cadena fetiche<\/span><span style=\"font-weight: 400;\">\u00a0lavarla a mano con nuestro<a href=\"https:\/\/sexshopbajolassabanas.mx\/?product_cat=limpieza-e-higiene\"> shampoo hipoalerg\u00e9nico<\/a><\/span><span style=\"font-weight: 400;\">\u00a0siempre antes y despu\u00e9s de cada uso, para hacerlo puedes usar un limpiador espec\u00edfico de juguetes, un pa\u00f1o que no deje residuos humedecidos en agua tibia o tus propias manos con agua y jab\u00f3n pH neutro.<\/span><\/p>\n<p><span style=\"font-weight: 400;\">Para el buen mantenimiento de los materiales, el secado es muy importante. Seca bien todo el producto con una toalla limpia que no suelte fibras o d\u00e9jalo secar al aire en un lugar bien ventilado.<\/span><\/p>\n","protected":false},"excerpt":{"rendered":"<p>Nuestro choker con cadena es muy c\u00f3modo y se ajusta perfectamente al tama\u00f1o del cuellos que necesites, trae una cadena que permite el acto de la sumisi\u00f3n<\/p>\n","protected":false},"featured_media":6816,"comment_status":"open","ping_status":"closed","template":"","meta":{"om_disable_all_campaigns":false,"site-sidebar-layout":"default","site-content-layout":"default","ast-site-content-layout":"","site-content-style":"default","site-sidebar-style":"default","ast-global-header-display":"","ast-banner-title-visibility":"","ast-main-header-display":"","ast-hfb-above-header-display":"disabled","ast-hfb-below-header-display":"","ast-hfb-mobile-header-display":"","site-post-title":"","ast-breadcrumbs-content":"","ast-featured-img":"","footer-sml-layout":"","theme-transparent-header-meta":"default","adv-header-id-meta":"","stick-header-meta":"","header-above-stick-meta":"","header-main-stick-meta":"","header-below-stick-meta":"","astra-migrate-meta-layouts":"default","ast-page-background-enabled":"default","ast-page-background-meta":{"desktop":{"background-color":"","background-image":"","background-repeat":"repeat","background-position":"center center","background-size":"auto","background-attachment":"scroll","background-type":"","background-media":"","overlay-type":"","overlay-color":"","overlay-opacity":"","overlay-gradient":""},"tablet":{"background-color":"","background-image":"","background-repeat":"repeat","background-position":"center center","background-size":"auto","background-attachment":"scroll","background-type":"","background-media":"","overlay-type":"","overlay-color":"","overlay-opacity":"","overlay-gradient":""},"mobile":{"background-color":"","background-image":"","background-repeat":"repeat","background-position":"center center","background-size":"auto","background-attachment":"scroll","background-type":"","background-media":"","overlay-type":"","overlay-color":"","overlay-opacity":"","overlay-gradient":""}},"ast-content-background-meta":{"desktop":{"background-color":"var(--ast-global-color-5)","background-image":"","background-repeat":"repeat","background-position":"center center","background-size":"auto","background-attachment":"scroll","background-type":"","background-media":"","overlay-type":"","overlay-color":"","overlay-opacity":"","overlay-gradient":""},"tablet":{"background-color":"var(--ast-global-color-5)","background-image":"","background-repeat":"repeat","background-position":"center center","background-size":"auto","background-attachment":"scroll","background-type":"","background-media":"","overlay-type":"","overlay-color":"","overlay-opacity":"","overlay-gradient":""},"mobile":{"background-color":"var(--ast-global-color-5)","background-image":"","background-repeat":"repeat","background-position":"center center","background-size":"auto","background-attachment":"scroll","background-type":"","background-media":"","overlay-type":"","overlay-color":"","overlay-opacity":"","overlay-gradient":""}},"_joinchat":[]},"product_cat":[76,48,196,40],"product_tag":[],"giftcard-category":[],"class_list":{"0":"post-6810","1":"product","2":"type-product","3":"status-publish","4":"has-post-thumbnail","6":"product_cat-bondage-fetish","7":"product_cat-sabaneras","8":"product_cat-sabaneres","9":"product_cat-sabaneros","10":"desktop-align-left","11":"tablet-align-left","12":"mobile-align-left","14":"first","15":"instock","16":"taxable","17":"shipping-taxable","18":"purchasable","19":"product-type-simple"},"yoast_head":"<!-- This site is optimized with the Yoast SEO plugin v20.5 - https:\/\/yoast.com\/wordpress\/plugins\/seo\/ -->\n<title>Choker con cadena fetiche - sexshopbajolassabanas.mx<\/title>\n<meta name=\"description\" content=\"Nuestro choker con cadena es muy c\u00f3modo y se ajusta perfectamente al tama\u00f1o del cuellos que necesites, trae una cadena que permite el acto de la sumisi\u00f3n\" \/>\n<meta name=\"robots\" content=\"index, follow, max-snippet:-1, max-image-preview:large, max-video-preview:-1\" \/>\n<link rel=\"canonical\" href=\"https:\/\/sexshopbajolassabanas.mx\/?product=choker-con-cadena-fetiche\" \/>\n<meta property=\"og:locale\" content=\"es_MX\" \/>\n<meta property=\"og:type\" content=\"article\" \/>\n<meta property=\"og:title\" content=\"Choker con cadena fetiche - sexshopbajolassabanas.mx\" \/>\n<meta property=\"og:description\" content=\"Nuestro choker con cadena es muy c\u00f3modo y se ajusta perfectamente al tama\u00f1o del cuellos que necesites, trae una cadena que permite el acto de la sumisi\u00f3n\" \/>\n<meta property=\"og:url\" content=\"https:\/\/sexshopbajolassabanas.mx\/?product=choker-con-cadena-fetiche\" \/>\n<meta property=\"og:site_name\" content=\"sexshopbajolassabanas.mx\" \/>\n<meta property=\"article:modified_time\" content=\"2023-02-22T19:48:45+00:00\" \/>\n<meta property=\"og:image\" content=\"http:\/\/sexshopbajolassabanas.mx\/wp-content\/uploads\/2023\/02\/choker-con-cadena-fetiche.png\" \/>\n\t<meta property=\"og:image:width\" content=\"1080\" \/>\n\t<meta property=\"og:image:height\" content=\"1080\" \/>\n\t<meta property=\"og:image:type\" content=\"image\/png\" \/>\n<meta name=\"twitter:card\" content=\"summary_large_image\" \/>\n<meta name=\"twitter:label1\" content=\"Tiempo de lectura\" \/>\n\t<meta name=\"twitter:data1\" content=\"2 minutos\" \/>\n<script type=\"application\/ld+json\" class=\"yoast-schema-graph\">{\"@context\":\"https:\/\/schema.org\",\"@graph\":[{\"@type\":\"WebPage\",\"@id\":\"https:\/\/sexshopbajolassabanas.mx\/?product=choker-con-cadena-fetiche\",\"url\":\"https:\/\/sexshopbajolassabanas.mx\/?product=choker-con-cadena-fetiche\",\"name\":\"Choker con cadena fetiche - sexshopbajolassabanas.mx\",\"isPartOf\":{\"@id\":\"https:\/\/sexshopbajolassabanas.mx\/#website\"},\"datePublished\":\"2023-02-22T19:48:44+00:00\",\"dateModified\":\"2023-02-22T19:48:45+00:00\",\"description\":\"Nuestro choker con cadena es muy c\u00f3modo y se ajusta perfectamente al tama\u00f1o del cuellos que necesites, trae una cadena que permite el acto de la sumisi\u00f3n\",\"breadcrumb\":{\"@id\":\"https:\/\/sexshopbajolassabanas.mx\/?product=choker-con-cadena-fetiche#breadcrumb\"},\"inLanguage\":\"es\",\"potentialAction\":[{\"@type\":\"ReadAction\",\"target\":[\"https:\/\/sexshopbajolassabanas.mx\/?product=choker-con-cadena-fetiche\"]}]},{\"@type\":\"BreadcrumbList\",\"@id\":\"https:\/\/sexshopbajolassabanas.mx\/?product=choker-con-cadena-fetiche#breadcrumb\",\"itemListElement\":[{\"@type\":\"ListItem\",\"position\":1,\"name\":\"Inicio\",\"item\":\"https:\/\/sexshopbajolassabanas.mx\/\"},{\"@type\":\"ListItem\",\"position\":2,\"name\":\"Tienda\",\"item\":\"https:\/\/sexshopbajolassabanas.mx\/?page_id=38\"},{\"@type\":\"ListItem\",\"position\":3,\"name\":\"Choker con cadena fetiche\"}]},{\"@type\":\"WebSite\",\"@id\":\"https:\/\/sexshopbajolassabanas.mx\/#website\",\"url\":\"https:\/\/sexshopbajolassabanas.mx\/\",\"name\":\"sexshopbajolassabanas.mx\",\"description\":\"Sex Shop Bajo Las Sabanas\",\"publisher\":{\"@id\":\"https:\/\/sexshopbajolassabanas.mx\/#organization\"},\"potentialAction\":[{\"@type\":\"SearchAction\",\"target\":{\"@type\":\"EntryPoint\",\"urlTemplate\":\"https:\/\/sexshopbajolassabanas.mx\/?s={search_term_string}\"},\"query-input\":\"required name=search_term_string\"}],\"inLanguage\":\"es\"},{\"@type\":\"Organization\",\"@id\":\"https:\/\/sexshopbajolassabanas.mx\/#organization\",\"name\":\"sexshopbajolassabanas.mx\",\"url\":\"https:\/\/sexshopbajolassabanas.mx\/\",\"logo\":{\"@type\":\"ImageObject\",\"inLanguage\":\"es\",\"@id\":\"https:\/\/sexshopbajolassabanas.mx\/#\/schema\/logo\/image\/\",\"url\":\"https:\/\/sexshopbajolassabanas.mx\/wp-content\/uploads\/2022\/08\/cropped-cropped-Sin-titulo-2_Mesa-de-trabajo-1.png\",\"contentUrl\":\"https:\/\/sexshopbajolassabanas.mx\/wp-content\/uploads\/2022\/08\/cropped-cropped-Sin-titulo-2_Mesa-de-trabajo-1.png\",\"width\":375,\"height\":375,\"caption\":\"sexshopbajolassabanas.mx\"},\"image\":{\"@id\":\"https:\/\/sexshopbajolassabanas.mx\/#\/schema\/logo\/image\/\"}}]}<\/script>\n<!-- \/ Yoast SEO plugin. -->","yoast_head_json":{"title":"Choker con cadena fetiche - sexshopbajolassabanas.mx","description":"Nuestro choker con cadena es muy c\u00f3modo y se ajusta perfectamente al tama\u00f1o del cuellos que necesites, trae una cadena que permite el acto de la sumisi\u00f3n","robots":{"index":"index","follow":"follow","max-snippet":"max-snippet:-1","max-image-preview":"max-image-preview:large","max-video-preview":"max-video-preview:-1"},"canonical":"https:\/\/sexshopbajolassabanas.mx\/?product=choker-con-cadena-fetiche","og_locale":"es_MX","og_type":"article","og_title":"Choker con cadena fetiche - sexshopbajolassabanas.mx","og_description":"Nuestro choker con cadena es muy c\u00f3modo y se ajusta perfectamente al tama\u00f1o del cuellos que necesites, trae una cadena que permite el acto de la sumisi\u00f3n","og_url":"https:\/\/sexshopbajolassabanas.mx\/?product=choker-con-cadena-fetiche","og_site_name":"sexshopbajolassabanas.mx","article_modified_time":"2023-02-22T19:48:45+00:00","og_image":[{"width":1080,"height":1080,"url":"http:\/\/sexshopbajolassabanas.mx\/wp-content\/uploads\/2023\/02\/choker-con-cadena-fetiche.png","type":"image\/png"}],"twitter_card":"summary_large_image","twitter_misc":{"Tiempo de lectura":"2 minutos"},"schema":{"@context":"https:\/\/schema.org","@graph":[{"@type":"WebPage","@id":"https:\/\/sexshopbajolassabanas.mx\/?product=choker-con-cadena-fetiche","url":"https:\/\/sexshopbajolassabanas.mx\/?product=choker-con-cadena-fetiche","name":"Choker con cadena fetiche - sexshopbajolassabanas.mx","isPartOf":{"@id":"https:\/\/sexshopbajolassabanas.mx\/#website"},"datePublished":"2023-02-22T19:48:44+00:00","dateModified":"2023-02-22T19:48:45+00:00","description":"Nuestro choker con cadena es muy c\u00f3modo y se ajusta perfectamente al tama\u00f1o del cuellos que necesites, trae una cadena que permite el acto de la sumisi\u00f3n","breadcrumb":{"@id":"https:\/\/sexshopbajolassabanas.mx\/?product=choker-con-cadena-fetiche#breadcrumb"},"inLanguage":"es","potentialAction":[{"@type":"ReadAction","target":["https:\/\/sexshopbajolassabanas.mx\/?product=choker-con-cadena-fetiche"]}]},{"@type":"BreadcrumbList","@id":"https:\/\/sexshopbajolassabanas.mx\/?product=choker-con-cadena-fetiche#breadcrumb","itemListElement":[{"@type":"ListItem","position":1,"name":"Inicio","item":"https:\/\/sexshopbajolassabanas.mx\/"},{"@type":"ListItem","position":2,"name":"Tienda","item":"https:\/\/sexshopbajolassabanas.mx\/?page_id=38"},{"@type":"ListItem","position":3,"name":"Choker con cadena fetiche"}]},{"@type":"WebSite","@id":"https:\/\/sexshopbajolassabanas.mx\/#website","url":"https:\/\/sexshopbajolassabanas.mx\/","name":"sexshopbajolassabanas.mx","description":"Sex Shop Bajo Las Sabanas","publisher":{"@id":"https:\/\/sexshopbajolassabanas.mx\/#organization"},"potentialAction":[{"@type":"SearchAction","target":{"@type":"EntryPoint","urlTemplate":"https:\/\/sexshopbajolassabanas.mx\/?s={search_term_string}"},"query-input":"required name=search_term_string"}],"inLanguage":"es"},{"@type":"Organization","@id":"https:\/\/sexshopbajolassabanas.mx\/#organization","name":"sexshopbajolassabanas.mx","url":"https:\/\/sexshopbajolassabanas.mx\/","logo":{"@type":"ImageObject","inLanguage":"es","@id":"https:\/\/sexshopbajolassabanas.mx\/#\/schema\/logo\/image\/","url":"https:\/\/sexshopbajolassabanas.mx\/wp-content\/uploads\/2022\/08\/cropped-cropped-Sin-titulo-2_Mesa-de-trabajo-1.png","contentUrl":"https:\/\/sexshopbajolassabanas.mx\/wp-content\/uploads\/2022\/08\/cropped-cropped-Sin-titulo-2_Mesa-de-trabajo-1.png","width":375,"height":375,"caption":"sexshopbajolassabanas.mx"},"image":{"@id":"https:\/\/sexshopbajolassabanas.mx\/#\/schema\/logo\/image\/"}}]}},"_links":{"self":[{"href":"https:\/\/sexshopbajolassabanas.mx\/index.php?rest_route=\/wp\/v2\/product\/6810","targetHints":{"allow":["GET"]}}],"collection":[{"href":"https:\/\/sexshopbajolassabanas.mx\/index.php?rest_route=\/wp\/v2\/product"}],"about":[{"href":"https:\/\/sexshopbajolassabanas.mx\/index.php?rest_route=\/wp\/v2\/types\/product"}],"replies":[{"embeddable":true,"href":"https:\/\/sexshopbajolassabanas.mx\/index.php?rest_route=%2Fwp%2Fv2%2Fcomments&post=6810"}],"version-history":[{"count":1,"href":"https:\/\/sexshopbajolassabanas.mx\/index.php?rest_route=\/wp\/v2\/product\/6810\/revisions"}],"predecessor-version":[{"id":6820,"href":"https:\/\/sexshopbajolassabanas.mx\/index.php?rest_route=\/wp\/v2\/product\/6810\/revisions\/6820"}],"wp:featuredmedia":[{"embeddable":true,"href":"https:\/\/sexshopbajolassabanas.mx\/index.php?rest_route=\/wp\/v2\/media\/6816"}],"wp:attachment":[{"href":"https:\/\/sexshopbajolassabanas.mx\/index.php?rest_route=%2Fwp%2Fv2%2Fmedia&parent=6810"}],"wp:term":[{"taxonomy":"product_cat","embeddable":true,"href":"https:\/\/sexshopbajolassabanas.mx\/index.php?rest_route=%2Fwp%2Fv2%2Fproduct_cat&post=6810"},{"taxonomy":"product_tag","embeddable":true,"href":"https:\/\/sexshopbajolassabanas.mx\/index.php?rest_route=%2Fwp%2Fv2%2Fproduct_tag&post=6810"},{"taxonomy":"giftcard-category","embeddable":true,"href":"https:\/\/sexshopbajolassabanas.mx\/index.php?rest_route=%2Fwp%2Fv2%2Fgiftcard-category&post=6810"}],"curies":[{"name":"wp","href":"https:\/\/api.w.org\/{rel}","templated":true}]}}