{"id":6821,"date":"2023-02-22T21:04:48","date_gmt":"2023-02-22T21:04:48","guid":{"rendered":"https:\/\/sexshopbajolassabanas.mx\/?post_type=product&#038;p=6821"},"modified":"2024-10-16T17:36:21","modified_gmt":"2024-10-16T17:36:21","slug":"kit-bdsm-7-piezas","status":"publish","type":"product","link":"https:\/\/sexshopbajolassabanas.mx\/?product=kit-bdsm-7-piezas","title":{"rendered":"Kit BDSM 7 piezas"},"content":{"rendered":"<h3><b>\u00a1S\u00e9\u00a0el\u00a0m\u00e1s\u00a0sumiso con\u00a0kit BDSM 7 piezas!<\/b><\/h3>\n<p><a href=\"https:\/\/sexshopbajolassabanas.mx\/?product_cat=sabaneras\">Sabaneres<\/a>, Nuestro kit BDSM de iniciaci\u00f3n es lo que estabas esperando para tener encuentros sexuales diferentes y sobre todo duros y atrevidos \u00bfsab\u00edan que la inmovilizaci\u00f3n en un encuentro sexual aumenta la excitaci\u00f3n de su pareja? Al igual que el juego de roles, la inmovilizaci\u00f3n estimula el deseo y apetito sexual con tu pareja.<\/p>\n<p>Los juegos consensuados son posibles aqu\u00ed en <a href=\"https:\/\/sexshopbajolassabanas.mx\">Bajo las S\u00e1banas<\/a>, ya que han llegado este kit de bondage de iniciaci\u00f3n\u00a0100% nacionales, muy c\u00f3modos, pero, sobre todo, muy resistentes.<\/p>\n<p>Este kit\u00a0bondage incluye:<\/p>\n<p><a href=\"https:\/\/sexshopbajolassabanas.mx\/?product=latigo-fetiche\">L\u00e1tigo.<\/a><\/p>\n<p><a href=\"https:\/\/sexshopbajolassabanas.mx\/?product=esposas-bondage\">Esposas manos<\/a><\/p>\n<p><a href=\"https:\/\/sexshopbajolassabanas.mx\/?product=esposas-bondage-para-pies\">Esposas pies<\/a><\/p>\n<p><a href=\"https:\/\/sexshopbajolassabanas.mx\/?product=antifaz-sexy-conejo-bdsm\">Antifaz<\/a><\/p>\n<p><a href=\"https:\/\/sexshopbajolassabanas.mx\/?product=mordaza-fetiche\">Mordaza<\/a><\/p>\n<p><a href=\"https:\/\/sexshopbajolassabanas.mx\/?product=choker-con-cadena-fetiche\">Choker\u00a0<\/a><\/p>\n<p>Cuerda BDSM<\/p>\n<p><b>Material: <\/b>Piel sint\u00e9tica con peluche morada, y herrajes.<\/p>\n<p><b>Medidas: <\/b>Ajustable a la medida.<\/p>\n<p><b>Forma de uso<\/b><b>: <\/b>Todo nuestro kit puede usarse juntos o por separado.<\/p>\n<p>La colocaci\u00f3n es sencilla, sigue los siguientes pasos, para hacerlo de forma adecuada:<\/p>\n<p>Abre la esposa, col\u00f3cala sobre una superficie plana y apoya la mu\u00f1eca sobre ella. Tambi\u00e9n puedes rodear la mu\u00f1eca directamente una vez abierta completamente, ajusta a la esposa sobre tu tobillo y cierra la hebilla como si fuera un cintur\u00f3n.<\/p>\n<p>El antifaz simplemente pasado por encima de la cabeza, tiene un resorte que se ajustara a tu tama\u00f1o.<\/p>\n<p>En el caso de querer liberar por un instante a la persona que lleva las ataduras, se puede soltar el enganche de sujeci\u00f3n de la cadena de una de las tobilleras con facilidad.<\/p>\n<p>Cuidados: Las esposas bondage est\u00e1n fabricados en cuero sint\u00e9tico con enganches de metal libre de n\u00edquel, materiales muy sencillos de limpiar.<\/p>\n<p>Recomendamos limpiarlas siempre despu\u00e9s de cada uso y para hacerlo puedes usar un limpiador espec\u00edfico de juguetes, un pa\u00f1o que no deje residuos humedecidos en agua tibia o tus propias manos con agua y jab\u00f3n pH neutro.<\/p>\n<p>No sumerjas las esposas bajo el agua y evita mojar en exceso los apliques de metal.<\/p>\n<p>Para el buen mantenimiento de los materiales, el secado es muy importante. Seca bien todo el producto con una toalla limpia que no suelte fibras o d\u00e9jalo secar al aire en un lugar bien ventilado.<\/p>\n","protected":false},"excerpt":{"rendered":"<p>Kit BDSM de 7 piezas ideal para tener todo lo que necesitas para esos encuentros diferentes llenos de pasi\u00f3n y lujuria, sexo duro consensuado.<\/p>\n<p>Este kit\u00a0bondage incluye:<\/p>\n<p><a href=\"https:\/\/sexshopbajolassabanas.mx\/?product=latigo-fetiche\">L\u00e1tigo.<\/a><\/p>\n<p><a href=\"https:\/\/sexshopbajolassabanas.mx\/?product=esposas-bondage\">Esposas manos<\/a><\/p>\n<p><a href=\"https:\/\/sexshopbajolassabanas.mx\/?product=esposas-bondage-para-pies\">Esposas pies<\/a><\/p>\n<p><a href=\"https:\/\/sexshopbajolassabanas.mx\/?product=antifaz-sexy-conejo-bdsm\">Antifaz<\/a><\/p>\n<p><a href=\"https:\/\/sexshopbajolassabanas.mx\/?product=mordaza-fetiche\">Mordaza<\/a><\/p>\n<p><a href=\"https:\/\/sexshopbajolassabanas.mx\/?product=choker-con-cadena-fetiche\">Choker\u00a0<\/a><\/p>\n<p>Cuerda BDSM<\/p>\n","protected":false},"featured_media":6826,"comment_status":"open","ping_status":"closed","template":"","meta":{"om_disable_all_campaigns":false,"site-sidebar-layout":"default","site-content-layout":"default","ast-site-content-layout":"","site-content-style":"default","site-sidebar-style":"default","ast-global-header-display":"","ast-banner-title-visibility":"","ast-main-header-display":"","ast-hfb-above-header-display":"disabled","ast-hfb-below-header-display":"","ast-hfb-mobile-header-display":"","site-post-title":"","ast-breadcrumbs-content":"","ast-featured-img":"","footer-sml-layout":"","theme-transparent-header-meta":"default","adv-header-id-meta":"","stick-header-meta":"","header-above-stick-meta":"","header-main-stick-meta":"","header-below-stick-meta":"","astra-migrate-meta-layouts":"default","ast-page-background-enabled":"default","ast-page-background-meta":{"desktop":{"background-color":"","background-image":"","background-repeat":"repeat","background-position":"center center","background-size":"auto","background-attachment":"scroll","background-type":"","background-media":"","overlay-type":"","overlay-color":"","overlay-opacity":"","overlay-gradient":""},"tablet":{"background-color":"","background-image":"","background-repeat":"repeat","background-position":"center center","background-size":"auto","background-attachment":"scroll","background-type":"","background-media":"","overlay-type":"","overlay-color":"","overlay-opacity":"","overlay-gradient":""},"mobile":{"background-color":"","background-image":"","background-repeat":"repeat","background-position":"center center","background-size":"auto","background-attachment":"scroll","background-type":"","background-media":"","overlay-type":"","overlay-color":"","overlay-opacity":"","overlay-gradient":""}},"ast-content-background-meta":{"desktop":{"background-color":"var(--ast-global-color-5)","background-image":"","background-repeat":"repeat","background-position":"center center","background-size":"auto","background-attachment":"scroll","background-type":"","background-media":"","overlay-type":"","overlay-color":"","overlay-opacity":"","overlay-gradient":""},"tablet":{"background-color":"var(--ast-global-color-5)","background-image":"","background-repeat":"repeat","background-position":"center center","background-size":"auto","background-attachment":"scroll","background-type":"","background-media":"","overlay-type":"","overlay-color":"","overlay-opacity":"","overlay-gradient":""},"mobile":{"background-color":"var(--ast-global-color-5)","background-image":"","background-repeat":"repeat","background-position":"center center","background-size":"auto","background-attachment":"scroll","background-type":"","background-media":"","overlay-type":"","overlay-color":"","overlay-opacity":"","overlay-gradient":""}},"_joinchat":[]},"product_cat":[76,48,196,40],"product_tag":[],"giftcard-category":[],"class_list":{"0":"post-6821","1":"product","2":"type-product","3":"status-publish","4":"has-post-thumbnail","6":"product_cat-bondage-fetish","7":"product_cat-sabaneras","8":"product_cat-sabaneres","9":"product_cat-sabaneros","10":"desktop-align-left","11":"tablet-align-left","12":"mobile-align-left","14":"first","15":"outofstock","16":"taxable","17":"shipping-taxable","18":"purchasable","19":"product-type-simple"},"yoast_head":"<!-- This site is optimized with the Yoast SEO plugin v20.5 - https:\/\/yoast.com\/wordpress\/plugins\/seo\/ -->\n<title>Kit BDSM 7 piezas - sexshopbajolassabanas.mx<\/title>\n<meta name=\"description\" content=\"Kit BDSM de 7 piezas ideal para tener todo lo que necesitas para esos encuentros diferentes llenos de pasi\u00f3n y lujuria, sexo duro consensuado.\" \/>\n<meta name=\"robots\" content=\"index, follow, max-snippet:-1, max-image-preview:large, max-video-preview:-1\" \/>\n<link rel=\"canonical\" href=\"https:\/\/sexshopbajolassabanas.mx\/?product=kit-bdsm-7-piezas\" \/>\n<meta property=\"og:locale\" content=\"es_MX\" \/>\n<meta property=\"og:type\" content=\"article\" \/>\n<meta property=\"og:title\" content=\"Kit BDSM 7 piezas - sexshopbajolassabanas.mx\" \/>\n<meta property=\"og:description\" content=\"Kit BDSM de 7 piezas ideal para tener todo lo que necesitas para esos encuentros diferentes llenos de pasi\u00f3n y lujuria, sexo duro consensuado.\" \/>\n<meta property=\"og:url\" content=\"https:\/\/sexshopbajolassabanas.mx\/?product=kit-bdsm-7-piezas\" \/>\n<meta property=\"og:site_name\" content=\"sexshopbajolassabanas.mx\" \/>\n<meta property=\"article:modified_time\" content=\"2024-10-16T17:36:21+00:00\" \/>\n<meta property=\"og:image\" content=\"http:\/\/sexshopbajolassabanas.mx\/wp-content\/uploads\/2023\/02\/Kit-BDSM-7-piezas.png\" \/>\n\t<meta property=\"og:image:width\" content=\"1080\" \/>\n\t<meta property=\"og:image:height\" content=\"1080\" \/>\n\t<meta property=\"og:image:type\" content=\"image\/png\" \/>\n<meta name=\"twitter:card\" content=\"summary_large_image\" \/>\n<meta name=\"twitter:label1\" content=\"Tiempo de lectura\" \/>\n\t<meta name=\"twitter:data1\" content=\"2 minutos\" \/>\n<script type=\"application\/ld+json\" class=\"yoast-schema-graph\">{\"@context\":\"https:\/\/schema.org\",\"@graph\":[{\"@type\":\"WebPage\",\"@id\":\"https:\/\/sexshopbajolassabanas.mx\/?product=kit-bdsm-7-piezas\",\"url\":\"https:\/\/sexshopbajolassabanas.mx\/?product=kit-bdsm-7-piezas\",\"name\":\"Kit BDSM 7 piezas - sexshopbajolassabanas.mx\",\"isPartOf\":{\"@id\":\"https:\/\/sexshopbajolassabanas.mx\/#website\"},\"datePublished\":\"2023-02-22T21:04:48+00:00\",\"dateModified\":\"2024-10-16T17:36:21+00:00\",\"description\":\"Kit BDSM de 7 piezas ideal para tener todo lo que necesitas para esos encuentros diferentes llenos de pasi\u00f3n y lujuria, sexo duro consensuado.\",\"breadcrumb\":{\"@id\":\"https:\/\/sexshopbajolassabanas.mx\/?product=kit-bdsm-7-piezas#breadcrumb\"},\"inLanguage\":\"es\",\"potentialAction\":[{\"@type\":\"ReadAction\",\"target\":[\"https:\/\/sexshopbajolassabanas.mx\/?product=kit-bdsm-7-piezas\"]}]},{\"@type\":\"BreadcrumbList\",\"@id\":\"https:\/\/sexshopbajolassabanas.mx\/?product=kit-bdsm-7-piezas#breadcrumb\",\"itemListElement\":[{\"@type\":\"ListItem\",\"position\":1,\"name\":\"Inicio\",\"item\":\"https:\/\/sexshopbajolassabanas.mx\/\"},{\"@type\":\"ListItem\",\"position\":2,\"name\":\"Tienda\",\"item\":\"https:\/\/sexshopbajolassabanas.mx\/?page_id=38\"},{\"@type\":\"ListItem\",\"position\":3,\"name\":\"Kit BDSM 7 piezas\"}]},{\"@type\":\"WebSite\",\"@id\":\"https:\/\/sexshopbajolassabanas.mx\/#website\",\"url\":\"https:\/\/sexshopbajolassabanas.mx\/\",\"name\":\"sexshopbajolassabanas.mx\",\"description\":\"Sex Shop Bajo Las Sabanas\",\"publisher\":{\"@id\":\"https:\/\/sexshopbajolassabanas.mx\/#organization\"},\"potentialAction\":[{\"@type\":\"SearchAction\",\"target\":{\"@type\":\"EntryPoint\",\"urlTemplate\":\"https:\/\/sexshopbajolassabanas.mx\/?s={search_term_string}\"},\"query-input\":\"required name=search_term_string\"}],\"inLanguage\":\"es\"},{\"@type\":\"Organization\",\"@id\":\"https:\/\/sexshopbajolassabanas.mx\/#organization\",\"name\":\"sexshopbajolassabanas.mx\",\"url\":\"https:\/\/sexshopbajolassabanas.mx\/\",\"logo\":{\"@type\":\"ImageObject\",\"inLanguage\":\"es\",\"@id\":\"https:\/\/sexshopbajolassabanas.mx\/#\/schema\/logo\/image\/\",\"url\":\"https:\/\/sexshopbajolassabanas.mx\/wp-content\/uploads\/2022\/08\/cropped-cropped-Sin-titulo-2_Mesa-de-trabajo-1.png\",\"contentUrl\":\"https:\/\/sexshopbajolassabanas.mx\/wp-content\/uploads\/2022\/08\/cropped-cropped-Sin-titulo-2_Mesa-de-trabajo-1.png\",\"width\":375,\"height\":375,\"caption\":\"sexshopbajolassabanas.mx\"},\"image\":{\"@id\":\"https:\/\/sexshopbajolassabanas.mx\/#\/schema\/logo\/image\/\"}}]}<\/script>\n<!-- \/ Yoast SEO plugin. -->","yoast_head_json":{"title":"Kit BDSM 7 piezas - sexshopbajolassabanas.mx","description":"Kit BDSM de 7 piezas ideal para tener todo lo que necesitas para esos encuentros diferentes llenos de pasi\u00f3n y lujuria, sexo duro consensuado.","robots":{"index":"index","follow":"follow","max-snippet":"max-snippet:-1","max-image-preview":"max-image-preview:large","max-video-preview":"max-video-preview:-1"},"canonical":"https:\/\/sexshopbajolassabanas.mx\/?product=kit-bdsm-7-piezas","og_locale":"es_MX","og_type":"article","og_title":"Kit BDSM 7 piezas - sexshopbajolassabanas.mx","og_description":"Kit BDSM de 7 piezas ideal para tener todo lo que necesitas para esos encuentros diferentes llenos de pasi\u00f3n y lujuria, sexo duro consensuado.","og_url":"https:\/\/sexshopbajolassabanas.mx\/?product=kit-bdsm-7-piezas","og_site_name":"sexshopbajolassabanas.mx","article_modified_time":"2024-10-16T17:36:21+00:00","og_image":[{"width":1080,"height":1080,"url":"http:\/\/sexshopbajolassabanas.mx\/wp-content\/uploads\/2023\/02\/Kit-BDSM-7-piezas.png","type":"image\/png"}],"twitter_card":"summary_large_image","twitter_misc":{"Tiempo de lectura":"2 minutos"},"schema":{"@context":"https:\/\/schema.org","@graph":[{"@type":"WebPage","@id":"https:\/\/sexshopbajolassabanas.mx\/?product=kit-bdsm-7-piezas","url":"https:\/\/sexshopbajolassabanas.mx\/?product=kit-bdsm-7-piezas","name":"Kit BDSM 7 piezas - sexshopbajolassabanas.mx","isPartOf":{"@id":"https:\/\/sexshopbajolassabanas.mx\/#website"},"datePublished":"2023-02-22T21:04:48+00:00","dateModified":"2024-10-16T17:36:21+00:00","description":"Kit BDSM de 7 piezas ideal para tener todo lo que necesitas para esos encuentros diferentes llenos de pasi\u00f3n y lujuria, sexo duro consensuado.","breadcrumb":{"@id":"https:\/\/sexshopbajolassabanas.mx\/?product=kit-bdsm-7-piezas#breadcrumb"},"inLanguage":"es","potentialAction":[{"@type":"ReadAction","target":["https:\/\/sexshopbajolassabanas.mx\/?product=kit-bdsm-7-piezas"]}]},{"@type":"BreadcrumbList","@id":"https:\/\/sexshopbajolassabanas.mx\/?product=kit-bdsm-7-piezas#breadcrumb","itemListElement":[{"@type":"ListItem","position":1,"name":"Inicio","item":"https:\/\/sexshopbajolassabanas.mx\/"},{"@type":"ListItem","position":2,"name":"Tienda","item":"https:\/\/sexshopbajolassabanas.mx\/?page_id=38"},{"@type":"ListItem","position":3,"name":"Kit BDSM 7 piezas"}]},{"@type":"WebSite","@id":"https:\/\/sexshopbajolassabanas.mx\/#website","url":"https:\/\/sexshopbajolassabanas.mx\/","name":"sexshopbajolassabanas.mx","description":"Sex Shop Bajo Las Sabanas","publisher":{"@id":"https:\/\/sexshopbajolassabanas.mx\/#organization"},"potentialAction":[{"@type":"SearchAction","target":{"@type":"EntryPoint","urlTemplate":"https:\/\/sexshopbajolassabanas.mx\/?s={search_term_string}"},"query-input":"required name=search_term_string"}],"inLanguage":"es"},{"@type":"Organization","@id":"https:\/\/sexshopbajolassabanas.mx\/#organization","name":"sexshopbajolassabanas.mx","url":"https:\/\/sexshopbajolassabanas.mx\/","logo":{"@type":"ImageObject","inLanguage":"es","@id":"https:\/\/sexshopbajolassabanas.mx\/#\/schema\/logo\/image\/","url":"https:\/\/sexshopbajolassabanas.mx\/wp-content\/uploads\/2022\/08\/cropped-cropped-Sin-titulo-2_Mesa-de-trabajo-1.png","contentUrl":"https:\/\/sexshopbajolassabanas.mx\/wp-content\/uploads\/2022\/08\/cropped-cropped-Sin-titulo-2_Mesa-de-trabajo-1.png","width":375,"height":375,"caption":"sexshopbajolassabanas.mx"},"image":{"@id":"https:\/\/sexshopbajolassabanas.mx\/#\/schema\/logo\/image\/"}}]}},"_links":{"self":[{"href":"https:\/\/sexshopbajolassabanas.mx\/index.php?rest_route=\/wp\/v2\/product\/6821","targetHints":{"allow":["GET"]}}],"collection":[{"href":"https:\/\/sexshopbajolassabanas.mx\/index.php?rest_route=\/wp\/v2\/product"}],"about":[{"href":"https:\/\/sexshopbajolassabanas.mx\/index.php?rest_route=\/wp\/v2\/types\/product"}],"replies":[{"embeddable":true,"href":"https:\/\/sexshopbajolassabanas.mx\/index.php?rest_route=%2Fwp%2Fv2%2Fcomments&post=6821"}],"version-history":[{"count":1,"href":"https:\/\/sexshopbajolassabanas.mx\/index.php?rest_route=\/wp\/v2\/product\/6821\/revisions"}],"predecessor-version":[{"id":6829,"href":"https:\/\/sexshopbajolassabanas.mx\/index.php?rest_route=\/wp\/v2\/product\/6821\/revisions\/6829"}],"wp:featuredmedia":[{"embeddable":true,"href":"https:\/\/sexshopbajolassabanas.mx\/index.php?rest_route=\/wp\/v2\/media\/6826"}],"wp:attachment":[{"href":"https:\/\/sexshopbajolassabanas.mx\/index.php?rest_route=%2Fwp%2Fv2%2Fmedia&parent=6821"}],"wp:term":[{"taxonomy":"product_cat","embeddable":true,"href":"https:\/\/sexshopbajolassabanas.mx\/index.php?rest_route=%2Fwp%2Fv2%2Fproduct_cat&post=6821"},{"taxonomy":"product_tag","embeddable":true,"href":"https:\/\/sexshopbajolassabanas.mx\/index.php?rest_route=%2Fwp%2Fv2%2Fproduct_tag&post=6821"},{"taxonomy":"giftcard-category","embeddable":true,"href":"https:\/\/sexshopbajolassabanas.mx\/index.php?rest_route=%2Fwp%2Fv2%2Fgiftcard-category&post=6821"}],"curies":[{"name":"wp","href":"https:\/\/api.w.org\/{rel}","templated":true}]}}