{"id":6867,"date":"2023-03-07T05:30:24","date_gmt":"2023-03-07T05:30:24","guid":{"rendered":"https:\/\/sexshopbajolassabanas.mx\/?post_type=product&#038;p=6867"},"modified":"2025-06-03T21:13:49","modified_gmt":"2025-06-03T21:13:49","slug":"lubricante-sensibilizador-de-clitoris","status":"publish","type":"product","link":"https:\/\/sexshopbajolassabanas.mx\/?product=lubricante-sensibilizador-de-clitoris","title":{"rendered":"Lubricante sensibilizador de cl\u00edtoris"},"content":{"rendered":"<h3><b><span style=\"color: #993366;\">Orgasmos m\u00e1s intensos y llenos de placer, con tu aliado Lubricante\u00a0<span style=\"caret-color: #993366;\">sensibilizador<\/span>\u00a0cl\u00edtoris! <\/span><\/b><span style=\"color: #993366;\">\u00a0<\/span><\/h3>\n<p>\u00bfSientes que has perdido el apetito sexual? Despierta tu deseo sexual alcanza el m\u00e1ximo con nuestro <a href=\"https:\/\/sexshopbajolassabanas.mx\/?product_cat=lubricantes\">Lubricante<\/a>\u00a0sensibilizador de cl\u00edtoris.<\/p>\n<p>Permite estimular el flujo de sangre en la zona del cl\u00edtoris, ayudando a aumentar la sensaci\u00f3n de placer, cosquilleo y calor. Est\u00e1 formulado con extractos org\u00e1nicos como Damiana natural, L-arginina, L-ornitina y Aloe Barbadensis, entre otros. Su formulaci\u00f3n es a base de agua por lo que es seguro para la flora vaginal,\u00a0este lubricante es totalmente de origen natural, compatible con l\u00e1tex y totalmente hipoalerg\u00e9nico.<\/p>\n<p>Al aplicarlo notar\u00e1s c\u00f3mo la temperatura de tu zona vaginal aumenta y c\u00f3mo tu excitaci\u00f3n sexual se intensifica.<\/p>\n<p>Intensificador de cl\u00edtoris sirve para\u00a0 sensibilizar las terminales nerviosas que hay en las paredes vaginales as\u00ed como aquellas que se encuentran en el \u00e1rea del cl\u00edtoris, permitiendo experimentar una sensaci\u00f3n de placer absoluto durante el coito, este lubricante es comestible.<\/p>\n<p>Lograr\u00e1s aumentar la libido y te sentir\u00e1s m\u00e1s fogosa (o) que nunca. De forma natural el aumenta del flujo sangu\u00edneo mientras lubrica. Tiene sabor \u00a0a pina colada, con esto aseguras un placer global en todos tus sentidos, es compatible con preservativos y juguetes sexuales.<\/p>\n<p><b>Presentaci\u00f3n: <\/b>Cont 60 ml<\/p>\n<p><b>Modo de uso:<\/b><\/p>\n<p>Aplica intensificador cl\u00edtorial en el \u00e1rea deseada antes del contacto previo, estimula con las yemas de los dedos o la lengua, sin efectos secundarios de hipersensibilidad.<\/p>\n<p>Aplique seg\u00fan sea necesario<\/p>\n<p><b>Detalles y Cuidados<\/b><\/p>\n<p>No se deje al alcance de los ni\u00f1os<\/p>\n<p>Conservar en su envase original<\/p>\n<p>Mant\u00e9ngase en un lugar fresco y seco<\/p>\n<p>Prot\u00e9jase de la luz solar<\/p>\n<p>Si presenta alergia o irritaci\u00f3n suspenda su uso y lave la zona afectada con abundante agua.<\/p>\n","protected":false},"excerpt":{"rendered":"<p>Lubricante de sensibilizador comestible elaborado con extracto de Bamb\u00fa, dise\u00f1ado para facilitar la penetraci\u00f3n vaginal. Experimenta sensaciones incre\u00edbles.<\/p>\n<p>Al tener contacto con el cl\u00edtoris estimula las terminales nerviosas en esta \u00e1rea logrando una mejor experiencia al estimularlo con las yemas de los dedos o la lengua, sin efectos desagradables.<\/p>\n","protected":false},"featured_media":6871,"comment_status":"open","ping_status":"closed","template":"","meta":{"om_disable_all_campaigns":false,"site-sidebar-layout":"default","site-content-layout":"default","ast-site-content-layout":"default","site-content-style":"default","site-sidebar-style":"default","ast-global-header-display":"","ast-banner-title-visibility":"","ast-main-header-display":"","ast-hfb-above-header-display":"disabled","ast-hfb-below-header-display":"","ast-hfb-mobile-header-display":"","site-post-title":"","ast-breadcrumbs-content":"","ast-featured-img":"","footer-sml-layout":"","theme-transparent-header-meta":"default","adv-header-id-meta":"","stick-header-meta":"","header-above-stick-meta":"","header-main-stick-meta":"","header-below-stick-meta":"","astra-migrate-meta-layouts":"set","ast-page-background-enabled":"default","ast-page-background-meta":{"desktop":{"background-color":"","background-image":"","background-repeat":"repeat","background-position":"center center","background-size":"auto","background-attachment":"scroll","background-type":"","background-media":"","overlay-type":"","overlay-color":"","overlay-opacity":"","overlay-gradient":""},"tablet":{"background-color":"","background-image":"","background-repeat":"repeat","background-position":"center center","background-size":"auto","background-attachment":"scroll","background-type":"","background-media":"","overlay-type":"","overlay-color":"","overlay-opacity":"","overlay-gradient":""},"mobile":{"background-color":"","background-image":"","background-repeat":"repeat","background-position":"center center","background-size":"auto","background-attachment":"scroll","background-type":"","background-media":"","overlay-type":"","overlay-color":"","overlay-opacity":"","overlay-gradient":""}},"ast-content-background-meta":{"desktop":{"background-color":"var(--ast-global-color-5)","background-image":"","background-repeat":"repeat","background-position":"center center","background-size":"auto","background-attachment":"scroll","background-type":"","background-media":"","overlay-type":"","overlay-color":"","overlay-opacity":"","overlay-gradient":""},"tablet":{"background-color":"var(--ast-global-color-5)","background-image":"","background-repeat":"repeat","background-position":"center center","background-size":"auto","background-attachment":"scroll","background-type":"","background-media":"","overlay-type":"","overlay-color":"","overlay-opacity":"","overlay-gradient":""},"mobile":{"background-color":"var(--ast-global-color-5)","background-image":"","background-repeat":"repeat","background-position":"center center","background-size":"auto","background-attachment":"scroll","background-type":"","background-media":"","overlay-type":"","overlay-color":"","overlay-opacity":"","overlay-gradient":""}},"_joinchat":[]},"product_cat":[114,78,74,161,65,228,48,196],"product_tag":[],"giftcard-category":[],"class_list":{"0":"post-6867","1":"product","2":"type-product","3":"status-publish","4":"has-post-thumbnail","6":"product_cat-comestibles","7":"product_cat-escenciales","8":"product_cat-lubricantes","9":"product_cat-lubricantes-vaginales","10":"product_cat-rendimiento-sexual","11":"product_cat-rendimiento-sexual-ella","12":"product_cat-sabaneras","13":"product_cat-sabaneres","14":"desktop-align-left","15":"tablet-align-left","16":"mobile-align-left","18":"first","19":"outofstock","20":"taxable","21":"shipping-taxable","22":"purchasable","23":"product-type-variable"},"yoast_head":"<!-- This site is optimized with the Yoast SEO plugin v20.5 - https:\/\/yoast.com\/wordpress\/plugins\/seo\/ -->\n<title>Lubricante sensibilizador de cl\u00edtoris - sexshopbajolassabanas.mx<\/title>\n<meta name=\"description\" content=\"Lubricante de sensibilizador comestible elaborado con extracto de Bamb\u00fa, dise\u00f1ado para facilitar la penetraci\u00f3n vaginal. Experimenta sensaciones incre\u00edbles.\" \/>\n<meta name=\"robots\" content=\"index, follow, max-snippet:-1, max-image-preview:large, max-video-preview:-1\" \/>\n<link rel=\"canonical\" href=\"https:\/\/sexshopbajolassabanas.mx\/?product=lubricante-sensibilizador-de-clitoris\" \/>\n<meta property=\"og:locale\" content=\"es_MX\" \/>\n<meta property=\"og:type\" content=\"article\" \/>\n<meta property=\"og:title\" content=\"Lubricante sensibilizador de cl\u00edtoris - sexshopbajolassabanas.mx\" \/>\n<meta property=\"og:description\" content=\"Lubricante de sensibilizador comestible elaborado con extracto de Bamb\u00fa, dise\u00f1ado para facilitar la penetraci\u00f3n vaginal. Experimenta sensaciones incre\u00edbles.\" \/>\n<meta property=\"og:url\" content=\"https:\/\/sexshopbajolassabanas.mx\/?product=lubricante-sensibilizador-de-clitoris\" \/>\n<meta property=\"og:site_name\" content=\"sexshopbajolassabanas.mx\" \/>\n<meta property=\"article:modified_time\" content=\"2025-06-03T21:13:49+00:00\" \/>\n<meta property=\"og:image\" content=\"http:\/\/sexshopbajolassabanas.mx\/wp-content\/uploads\/2023\/03\/Lubricante-sensibilizador-.png\" \/>\n\t<meta property=\"og:image:width\" content=\"1080\" \/>\n\t<meta property=\"og:image:height\" content=\"1080\" \/>\n\t<meta property=\"og:image:type\" content=\"image\/png\" \/>\n<meta name=\"twitter:card\" content=\"summary_large_image\" \/>\n<meta name=\"twitter:label1\" content=\"Tiempo de lectura\" \/>\n\t<meta name=\"twitter:data1\" content=\"2 minutos\" \/>\n<script type=\"application\/ld+json\" class=\"yoast-schema-graph\">{\"@context\":\"https:\/\/schema.org\",\"@graph\":[{\"@type\":\"WebPage\",\"@id\":\"https:\/\/sexshopbajolassabanas.mx\/?product=lubricante-sensibilizador-de-clitoris\",\"url\":\"https:\/\/sexshopbajolassabanas.mx\/?product=lubricante-sensibilizador-de-clitoris\",\"name\":\"Lubricante sensibilizador de cl\u00edtoris - sexshopbajolassabanas.mx\",\"isPartOf\":{\"@id\":\"https:\/\/sexshopbajolassabanas.mx\/#website\"},\"datePublished\":\"2023-03-07T05:30:24+00:00\",\"dateModified\":\"2025-06-03T21:13:49+00:00\",\"description\":\"Lubricante de sensibilizador comestible elaborado con extracto de Bamb\u00fa, dise\u00f1ado para facilitar la penetraci\u00f3n vaginal. Experimenta sensaciones incre\u00edbles.\",\"breadcrumb\":{\"@id\":\"https:\/\/sexshopbajolassabanas.mx\/?product=lubricante-sensibilizador-de-clitoris#breadcrumb\"},\"inLanguage\":\"es\",\"potentialAction\":[{\"@type\":\"ReadAction\",\"target\":[\"https:\/\/sexshopbajolassabanas.mx\/?product=lubricante-sensibilizador-de-clitoris\"]}]},{\"@type\":\"BreadcrumbList\",\"@id\":\"https:\/\/sexshopbajolassabanas.mx\/?product=lubricante-sensibilizador-de-clitoris#breadcrumb\",\"itemListElement\":[{\"@type\":\"ListItem\",\"position\":1,\"name\":\"Inicio\",\"item\":\"https:\/\/sexshopbajolassabanas.mx\/\"},{\"@type\":\"ListItem\",\"position\":2,\"name\":\"Tienda\",\"item\":\"https:\/\/sexshopbajolassabanas.mx\/?page_id=38\"},{\"@type\":\"ListItem\",\"position\":3,\"name\":\"Lubricante sensibilizador de cl\u00edtoris\"}]},{\"@type\":\"WebSite\",\"@id\":\"https:\/\/sexshopbajolassabanas.mx\/#website\",\"url\":\"https:\/\/sexshopbajolassabanas.mx\/\",\"name\":\"sexshopbajolassabanas.mx\",\"description\":\"Sex Shop Bajo Las Sabanas\",\"publisher\":{\"@id\":\"https:\/\/sexshopbajolassabanas.mx\/#organization\"},\"potentialAction\":[{\"@type\":\"SearchAction\",\"target\":{\"@type\":\"EntryPoint\",\"urlTemplate\":\"https:\/\/sexshopbajolassabanas.mx\/?s={search_term_string}\"},\"query-input\":\"required name=search_term_string\"}],\"inLanguage\":\"es\"},{\"@type\":\"Organization\",\"@id\":\"https:\/\/sexshopbajolassabanas.mx\/#organization\",\"name\":\"sexshopbajolassabanas.mx\",\"url\":\"https:\/\/sexshopbajolassabanas.mx\/\",\"logo\":{\"@type\":\"ImageObject\",\"inLanguage\":\"es\",\"@id\":\"https:\/\/sexshopbajolassabanas.mx\/#\/schema\/logo\/image\/\",\"url\":\"https:\/\/sexshopbajolassabanas.mx\/wp-content\/uploads\/2022\/08\/cropped-cropped-Sin-titulo-2_Mesa-de-trabajo-1.png\",\"contentUrl\":\"https:\/\/sexshopbajolassabanas.mx\/wp-content\/uploads\/2022\/08\/cropped-cropped-Sin-titulo-2_Mesa-de-trabajo-1.png\",\"width\":375,\"height\":375,\"caption\":\"sexshopbajolassabanas.mx\"},\"image\":{\"@id\":\"https:\/\/sexshopbajolassabanas.mx\/#\/schema\/logo\/image\/\"}}]}<\/script>\n<!-- \/ Yoast SEO plugin. -->","yoast_head_json":{"title":"Lubricante sensibilizador de cl\u00edtoris - sexshopbajolassabanas.mx","description":"Lubricante de sensibilizador comestible elaborado con extracto de Bamb\u00fa, dise\u00f1ado para facilitar la penetraci\u00f3n vaginal. Experimenta sensaciones incre\u00edbles.","robots":{"index":"index","follow":"follow","max-snippet":"max-snippet:-1","max-image-preview":"max-image-preview:large","max-video-preview":"max-video-preview:-1"},"canonical":"https:\/\/sexshopbajolassabanas.mx\/?product=lubricante-sensibilizador-de-clitoris","og_locale":"es_MX","og_type":"article","og_title":"Lubricante sensibilizador de cl\u00edtoris - sexshopbajolassabanas.mx","og_description":"Lubricante de sensibilizador comestible elaborado con extracto de Bamb\u00fa, dise\u00f1ado para facilitar la penetraci\u00f3n vaginal. Experimenta sensaciones incre\u00edbles.","og_url":"https:\/\/sexshopbajolassabanas.mx\/?product=lubricante-sensibilizador-de-clitoris","og_site_name":"sexshopbajolassabanas.mx","article_modified_time":"2025-06-03T21:13:49+00:00","og_image":[{"width":1080,"height":1080,"url":"http:\/\/sexshopbajolassabanas.mx\/wp-content\/uploads\/2023\/03\/Lubricante-sensibilizador-.png","type":"image\/png"}],"twitter_card":"summary_large_image","twitter_misc":{"Tiempo de lectura":"2 minutos"},"schema":{"@context":"https:\/\/schema.org","@graph":[{"@type":"WebPage","@id":"https:\/\/sexshopbajolassabanas.mx\/?product=lubricante-sensibilizador-de-clitoris","url":"https:\/\/sexshopbajolassabanas.mx\/?product=lubricante-sensibilizador-de-clitoris","name":"Lubricante sensibilizador de cl\u00edtoris - sexshopbajolassabanas.mx","isPartOf":{"@id":"https:\/\/sexshopbajolassabanas.mx\/#website"},"datePublished":"2023-03-07T05:30:24+00:00","dateModified":"2025-06-03T21:13:49+00:00","description":"Lubricante de sensibilizador comestible elaborado con extracto de Bamb\u00fa, dise\u00f1ado para facilitar la penetraci\u00f3n vaginal. Experimenta sensaciones incre\u00edbles.","breadcrumb":{"@id":"https:\/\/sexshopbajolassabanas.mx\/?product=lubricante-sensibilizador-de-clitoris#breadcrumb"},"inLanguage":"es","potentialAction":[{"@type":"ReadAction","target":["https:\/\/sexshopbajolassabanas.mx\/?product=lubricante-sensibilizador-de-clitoris"]}]},{"@type":"BreadcrumbList","@id":"https:\/\/sexshopbajolassabanas.mx\/?product=lubricante-sensibilizador-de-clitoris#breadcrumb","itemListElement":[{"@type":"ListItem","position":1,"name":"Inicio","item":"https:\/\/sexshopbajolassabanas.mx\/"},{"@type":"ListItem","position":2,"name":"Tienda","item":"https:\/\/sexshopbajolassabanas.mx\/?page_id=38"},{"@type":"ListItem","position":3,"name":"Lubricante sensibilizador de cl\u00edtoris"}]},{"@type":"WebSite","@id":"https:\/\/sexshopbajolassabanas.mx\/#website","url":"https:\/\/sexshopbajolassabanas.mx\/","name":"sexshopbajolassabanas.mx","description":"Sex Shop Bajo Las Sabanas","publisher":{"@id":"https:\/\/sexshopbajolassabanas.mx\/#organization"},"potentialAction":[{"@type":"SearchAction","target":{"@type":"EntryPoint","urlTemplate":"https:\/\/sexshopbajolassabanas.mx\/?s={search_term_string}"},"query-input":"required name=search_term_string"}],"inLanguage":"es"},{"@type":"Organization","@id":"https:\/\/sexshopbajolassabanas.mx\/#organization","name":"sexshopbajolassabanas.mx","url":"https:\/\/sexshopbajolassabanas.mx\/","logo":{"@type":"ImageObject","inLanguage":"es","@id":"https:\/\/sexshopbajolassabanas.mx\/#\/schema\/logo\/image\/","url":"https:\/\/sexshopbajolassabanas.mx\/wp-content\/uploads\/2022\/08\/cropped-cropped-Sin-titulo-2_Mesa-de-trabajo-1.png","contentUrl":"https:\/\/sexshopbajolassabanas.mx\/wp-content\/uploads\/2022\/08\/cropped-cropped-Sin-titulo-2_Mesa-de-trabajo-1.png","width":375,"height":375,"caption":"sexshopbajolassabanas.mx"},"image":{"@id":"https:\/\/sexshopbajolassabanas.mx\/#\/schema\/logo\/image\/"}}]}},"_links":{"self":[{"href":"https:\/\/sexshopbajolassabanas.mx\/index.php?rest_route=\/wp\/v2\/product\/6867","targetHints":{"allow":["GET"]}}],"collection":[{"href":"https:\/\/sexshopbajolassabanas.mx\/index.php?rest_route=\/wp\/v2\/product"}],"about":[{"href":"https:\/\/sexshopbajolassabanas.mx\/index.php?rest_route=\/wp\/v2\/types\/product"}],"replies":[{"embeddable":true,"href":"https:\/\/sexshopbajolassabanas.mx\/index.php?rest_route=%2Fwp%2Fv2%2Fcomments&post=6867"}],"version-history":[{"count":2,"href":"https:\/\/sexshopbajolassabanas.mx\/index.php?rest_route=\/wp\/v2\/product\/6867\/revisions"}],"predecessor-version":[{"id":7314,"href":"https:\/\/sexshopbajolassabanas.mx\/index.php?rest_route=\/wp\/v2\/product\/6867\/revisions\/7314"}],"wp:featuredmedia":[{"embeddable":true,"href":"https:\/\/sexshopbajolassabanas.mx\/index.php?rest_route=\/wp\/v2\/media\/6871"}],"wp:attachment":[{"href":"https:\/\/sexshopbajolassabanas.mx\/index.php?rest_route=%2Fwp%2Fv2%2Fmedia&parent=6867"}],"wp:term":[{"taxonomy":"product_cat","embeddable":true,"href":"https:\/\/sexshopbajolassabanas.mx\/index.php?rest_route=%2Fwp%2Fv2%2Fproduct_cat&post=6867"},{"taxonomy":"product_tag","embeddable":true,"href":"https:\/\/sexshopbajolassabanas.mx\/index.php?rest_route=%2Fwp%2Fv2%2Fproduct_tag&post=6867"},{"taxonomy":"giftcard-category","embeddable":true,"href":"https:\/\/sexshopbajolassabanas.mx\/index.php?rest_route=%2Fwp%2Fv2%2Fgiftcard-category&post=6867"}],"curies":[{"name":"wp","href":"https:\/\/api.w.org\/{rel}","templated":true}]}}