{"id":6983,"date":"2023-03-26T22:34:05","date_gmt":"2023-03-26T22:34:05","guid":{"rendered":"https:\/\/sexshopbajolassabanas.mx\/?post_type=product&#038;p=6983"},"modified":"2024-04-02T05:28:05","modified_gmt":"2024-04-02T05:28:05","slug":"gel-crecimiento-de-pene","status":"publish","type":"product","link":"https:\/\/sexshopbajolassabanas.mx\/?product=gel-crecimiento-de-pene","title":{"rendered":"Gel crecimiento de pene"},"content":{"rendered":"<h3><span style=\"color: #99cc00;\"><b>Quiero mi pene m\u00e1s grande y frondoso! Crecimiento de pene temporal.<\/b><\/span><\/h3>\n<p>&nbsp;<\/p>\n<p><span style=\"font-weight: 400;\"><a href=\"https:\/\/www.facebook.com\/groups\/979616805883322\/posts\/1172199409958393\/?paipv=0&amp;eav=AfbJFkZo4D9QOXXarH-FTn6TCTKSvvoFZ1vmRJon3jw77qxsn7DjejwgwxgUcRK9-XU&amp;_rdr\">Sabanero<\/a> sabemos que la mayor\u00eda de las veces quieres mas y mas sorprender a tu chica, las noches, los d\u00edas de pasi\u00f3n son el momento para compenetrarse en pareja a veces nos gusta lo cl\u00e1sico , lo de siempre, lento suave, y otra veces queremos algo m\u00e1s salvaje y atrevido, para estos momentos <a href=\"https:\/\/sexshopbajolassabanas.mx\">Bajo las S\u00e1banas<\/a> te trae un\u00a0<\/span><span style=\"font-weight: 400;\">gel para crecimiento de pene<\/span><span style=\"font-weight: 400;\"> , es un expansivo muscular que te permite expandir la dimensi\u00f3n y longitud del m\u00fasculo del pene, otorgando as\u00ed un mayor tama\u00f1o durante la actividad sexual, te preguntar\u00e1s <\/span><span style=\"font-weight: 400;\">qu\u00e9 pasa si tomo un gel para crecimiento de pene<\/span><span style=\"font-weight: 400;\">? Este permanecer\u00e1 m\u00e1s frondoso\u00a0 temporalmente no te asustes , as\u00ed tu y tu pareja disfrutar\u00e1n de un momento diferente y lleno de placer.\u00a0\u00a0<\/span><\/p>\n<p><span style=\"font-weight: 400;\">Este\u00a0<\/span><span style=\"font-weight: 400;\">gel para crecimiento de pene<\/span><span style=\"font-weight: 400;\"> puede mezclarse libremente con bebidas alcoh\u00f3licas sin efectos secundarios.<\/span><\/p>\n<ul>\n<li class=\"font_8\">Permite expandir la dimensi\u00f3n y longitud del m\u00fasculo del pene,<\/li>\n<li class=\"font_8\">otorgando as\u00ed un mayor tama\u00f1o durante la actividad sexual<\/li>\n<li class=\"font_8\">puede mezclarse libremente con bebidas alcoh\u00f3licas<\/li>\n<li class=\"font_8\">sin efectos secundarios<\/li>\n<\/ul>\n<p><b>Presentaci\u00f3n:<\/b><\/p>\n<p>Gel de 60 ml<\/p>\n<p>Este producto es 100% de origen natural, no tiene ninguna contra indicaci\u00f3n y aunque no tiene fragancia ni saborizantes, su sabor es muy agradable si llega ha haber actividad oral.<\/p>\n<p><b>Modo de uso:<\/b><\/p>\n<p>Aplicar de manera generosa\u00a0directamente en el pene durante el pre\u00e1mbulo, su efecto es casi inmediato<\/p>\n<p>&nbsp;<\/p>\n","protected":false},"excerpt":{"rendered":"<p class=\"font_8\">Este gel te ayudar\u00e1 a\u00a0aumentar el tama\u00f1o del pene,\u00a0mejorando la calidad y el\u00a0placer de tus relaciones sexuales.<\/p>\n<p class=\"font_8\">Sus ingredientes naturales act\u00faan directamente sobre los cuerpos cavernosos y tejidos del pene, estimulando la circulaci\u00f3n y de esta manera el crecimiento del miembro.<\/p>\n<p class=\"font_8\">Este producto es 100% de origen natural, no tiene ninguna contra indicaci\u00f3n y aunque no tiene fragancia ni saborizantes, su sabor es muy agradable si llega ha haber actividad oral.<\/p>\n<p>Compatible con l\u00e1tex.<\/p>\n","protected":false},"featured_media":6988,"comment_status":"open","ping_status":"closed","template":"","meta":{"om_disable_all_campaigns":false,"site-sidebar-layout":"default","site-content-layout":"default","ast-site-content-layout":"","site-content-style":"default","site-sidebar-style":"default","ast-global-header-display":"","ast-banner-title-visibility":"","ast-main-header-display":"","ast-hfb-above-header-display":"disabled","ast-hfb-below-header-display":"","ast-hfb-mobile-header-display":"","site-post-title":"","ast-breadcrumbs-content":"","ast-featured-img":"","footer-sml-layout":"","theme-transparent-header-meta":"default","adv-header-id-meta":"","stick-header-meta":"","header-above-stick-meta":"","header-main-stick-meta":"","header-below-stick-meta":"","astra-migrate-meta-layouts":"default","ast-page-background-enabled":"default","ast-page-background-meta":{"desktop":{"background-color":"","background-image":"","background-repeat":"repeat","background-position":"center center","background-size":"auto","background-attachment":"scroll","background-type":"","background-media":"","overlay-type":"","overlay-color":"","overlay-opacity":"","overlay-gradient":""},"tablet":{"background-color":"","background-image":"","background-repeat":"repeat","background-position":"center center","background-size":"auto","background-attachment":"scroll","background-type":"","background-media":"","overlay-type":"","overlay-color":"","overlay-opacity":"","overlay-gradient":""},"mobile":{"background-color":"","background-image":"","background-repeat":"repeat","background-position":"center center","background-size":"auto","background-attachment":"scroll","background-type":"","background-media":"","overlay-type":"","overlay-color":"","overlay-opacity":"","overlay-gradient":""}},"ast-content-background-meta":{"desktop":{"background-color":"var(--ast-global-color-5)","background-image":"","background-repeat":"repeat","background-position":"center center","background-size":"auto","background-attachment":"scroll","background-type":"","background-media":"","overlay-type":"","overlay-color":"","overlay-opacity":"","overlay-gradient":""},"tablet":{"background-color":"var(--ast-global-color-5)","background-image":"","background-repeat":"repeat","background-position":"center center","background-size":"auto","background-attachment":"scroll","background-type":"","background-media":"","overlay-type":"","overlay-color":"","overlay-opacity":"","overlay-gradient":""},"mobile":{"background-color":"var(--ast-global-color-5)","background-image":"","background-repeat":"repeat","background-position":"center center","background-size":"auto","background-attachment":"scroll","background-type":"","background-media":"","overlay-type":"","overlay-color":"","overlay-opacity":"","overlay-gradient":""}},"_joinchat":[]},"product_cat":[65,108,196,40],"product_tag":[],"giftcard-category":[],"class_list":{"0":"post-6983","1":"product","2":"type-product","3":"status-publish","4":"has-post-thumbnail","6":"product_cat-rendimiento-sexual","7":"product_cat-rendimiento-sexual-el","8":"product_cat-sabaneres","9":"product_cat-sabaneros","10":"desktop-align-left","11":"tablet-align-left","12":"mobile-align-left","14":"first","15":"instock","16":"taxable","17":"shipping-taxable","18":"purchasable","19":"product-type-simple"},"yoast_head":"<!-- This site is optimized with the Yoast SEO plugin v20.5 - https:\/\/yoast.com\/wordpress\/plugins\/seo\/ -->\n<title>Gel crecimiento de pene - sexshopbajolassabanas.mx<\/title>\n<meta name=\"description\" content=\"Expande la dimensi\u00f3n y longitud del m\u00fasculo del pene, otorgando un mayor tama\u00f1o durante la actividad. Gel crecimiento de pene temporal.\" \/>\n<meta name=\"robots\" content=\"index, follow, max-snippet:-1, max-image-preview:large, max-video-preview:-1\" \/>\n<link rel=\"canonical\" href=\"https:\/\/sexshopbajolassabanas.mx\/?product=gel-crecimiento-de-pene\" \/>\n<meta property=\"og:locale\" content=\"es_MX\" \/>\n<meta property=\"og:type\" content=\"article\" \/>\n<meta property=\"og:title\" content=\"Gel crecimiento de pene - sexshopbajolassabanas.mx\" \/>\n<meta property=\"og:description\" content=\"Expande la dimensi\u00f3n y longitud del m\u00fasculo del pene, otorgando un mayor tama\u00f1o durante la actividad. Gel crecimiento de pene temporal.\" \/>\n<meta property=\"og:url\" content=\"https:\/\/sexshopbajolassabanas.mx\/?product=gel-crecimiento-de-pene\" \/>\n<meta property=\"og:site_name\" content=\"sexshopbajolassabanas.mx\" \/>\n<meta property=\"article:modified_time\" content=\"2024-04-02T05:28:05+00:00\" \/>\n<meta property=\"og:image\" content=\"http:\/\/sexshopbajolassabanas.mx\/wp-content\/uploads\/2023\/03\/crecimiento-de-pene-.png\" \/>\n\t<meta property=\"og:image:width\" content=\"1080\" \/>\n\t<meta property=\"og:image:height\" content=\"1080\" \/>\n\t<meta property=\"og:image:type\" content=\"image\/png\" \/>\n<meta name=\"twitter:card\" content=\"summary_large_image\" \/>\n<meta name=\"twitter:label1\" content=\"Tiempo de lectura\" \/>\n\t<meta name=\"twitter:data1\" content=\"2 minutos\" \/>\n<script type=\"application\/ld+json\" class=\"yoast-schema-graph\">{\"@context\":\"https:\/\/schema.org\",\"@graph\":[{\"@type\":\"WebPage\",\"@id\":\"https:\/\/sexshopbajolassabanas.mx\/?product=gel-crecimiento-de-pene\",\"url\":\"https:\/\/sexshopbajolassabanas.mx\/?product=gel-crecimiento-de-pene\",\"name\":\"Gel crecimiento de pene - sexshopbajolassabanas.mx\",\"isPartOf\":{\"@id\":\"https:\/\/sexshopbajolassabanas.mx\/#website\"},\"datePublished\":\"2023-03-26T22:34:05+00:00\",\"dateModified\":\"2024-04-02T05:28:05+00:00\",\"description\":\"Expande la dimensi\u00f3n y longitud del m\u00fasculo del pene, otorgando un mayor tama\u00f1o durante la actividad. Gel crecimiento de pene temporal.\",\"breadcrumb\":{\"@id\":\"https:\/\/sexshopbajolassabanas.mx\/?product=gel-crecimiento-de-pene#breadcrumb\"},\"inLanguage\":\"es\",\"potentialAction\":[{\"@type\":\"ReadAction\",\"target\":[\"https:\/\/sexshopbajolassabanas.mx\/?product=gel-crecimiento-de-pene\"]}]},{\"@type\":\"BreadcrumbList\",\"@id\":\"https:\/\/sexshopbajolassabanas.mx\/?product=gel-crecimiento-de-pene#breadcrumb\",\"itemListElement\":[{\"@type\":\"ListItem\",\"position\":1,\"name\":\"Inicio\",\"item\":\"https:\/\/sexshopbajolassabanas.mx\/\"},{\"@type\":\"ListItem\",\"position\":2,\"name\":\"Tienda\",\"item\":\"https:\/\/sexshopbajolassabanas.mx\/?page_id=38\"},{\"@type\":\"ListItem\",\"position\":3,\"name\":\"Gel crecimiento de pene\"}]},{\"@type\":\"WebSite\",\"@id\":\"https:\/\/sexshopbajolassabanas.mx\/#website\",\"url\":\"https:\/\/sexshopbajolassabanas.mx\/\",\"name\":\"sexshopbajolassabanas.mx\",\"description\":\"Sex Shop Bajo Las Sabanas\",\"publisher\":{\"@id\":\"https:\/\/sexshopbajolassabanas.mx\/#organization\"},\"potentialAction\":[{\"@type\":\"SearchAction\",\"target\":{\"@type\":\"EntryPoint\",\"urlTemplate\":\"https:\/\/sexshopbajolassabanas.mx\/?s={search_term_string}\"},\"query-input\":\"required name=search_term_string\"}],\"inLanguage\":\"es\"},{\"@type\":\"Organization\",\"@id\":\"https:\/\/sexshopbajolassabanas.mx\/#organization\",\"name\":\"sexshopbajolassabanas.mx\",\"url\":\"https:\/\/sexshopbajolassabanas.mx\/\",\"logo\":{\"@type\":\"ImageObject\",\"inLanguage\":\"es\",\"@id\":\"https:\/\/sexshopbajolassabanas.mx\/#\/schema\/logo\/image\/\",\"url\":\"https:\/\/sexshopbajolassabanas.mx\/wp-content\/uploads\/2022\/08\/cropped-cropped-Sin-titulo-2_Mesa-de-trabajo-1.png\",\"contentUrl\":\"https:\/\/sexshopbajolassabanas.mx\/wp-content\/uploads\/2022\/08\/cropped-cropped-Sin-titulo-2_Mesa-de-trabajo-1.png\",\"width\":375,\"height\":375,\"caption\":\"sexshopbajolassabanas.mx\"},\"image\":{\"@id\":\"https:\/\/sexshopbajolassabanas.mx\/#\/schema\/logo\/image\/\"}}]}<\/script>\n<!-- \/ Yoast SEO plugin. -->","yoast_head_json":{"title":"Gel crecimiento de pene - sexshopbajolassabanas.mx","description":"Expande la dimensi\u00f3n y longitud del m\u00fasculo del pene, otorgando un mayor tama\u00f1o durante la actividad. Gel crecimiento de pene temporal.","robots":{"index":"index","follow":"follow","max-snippet":"max-snippet:-1","max-image-preview":"max-image-preview:large","max-video-preview":"max-video-preview:-1"},"canonical":"https:\/\/sexshopbajolassabanas.mx\/?product=gel-crecimiento-de-pene","og_locale":"es_MX","og_type":"article","og_title":"Gel crecimiento de pene - sexshopbajolassabanas.mx","og_description":"Expande la dimensi\u00f3n y longitud del m\u00fasculo del pene, otorgando un mayor tama\u00f1o durante la actividad. Gel crecimiento de pene temporal.","og_url":"https:\/\/sexshopbajolassabanas.mx\/?product=gel-crecimiento-de-pene","og_site_name":"sexshopbajolassabanas.mx","article_modified_time":"2024-04-02T05:28:05+00:00","og_image":[{"width":1080,"height":1080,"url":"http:\/\/sexshopbajolassabanas.mx\/wp-content\/uploads\/2023\/03\/crecimiento-de-pene-.png","type":"image\/png"}],"twitter_card":"summary_large_image","twitter_misc":{"Tiempo de lectura":"2 minutos"},"schema":{"@context":"https:\/\/schema.org","@graph":[{"@type":"WebPage","@id":"https:\/\/sexshopbajolassabanas.mx\/?product=gel-crecimiento-de-pene","url":"https:\/\/sexshopbajolassabanas.mx\/?product=gel-crecimiento-de-pene","name":"Gel crecimiento de pene - sexshopbajolassabanas.mx","isPartOf":{"@id":"https:\/\/sexshopbajolassabanas.mx\/#website"},"datePublished":"2023-03-26T22:34:05+00:00","dateModified":"2024-04-02T05:28:05+00:00","description":"Expande la dimensi\u00f3n y longitud del m\u00fasculo del pene, otorgando un mayor tama\u00f1o durante la actividad. Gel crecimiento de pene temporal.","breadcrumb":{"@id":"https:\/\/sexshopbajolassabanas.mx\/?product=gel-crecimiento-de-pene#breadcrumb"},"inLanguage":"es","potentialAction":[{"@type":"ReadAction","target":["https:\/\/sexshopbajolassabanas.mx\/?product=gel-crecimiento-de-pene"]}]},{"@type":"BreadcrumbList","@id":"https:\/\/sexshopbajolassabanas.mx\/?product=gel-crecimiento-de-pene#breadcrumb","itemListElement":[{"@type":"ListItem","position":1,"name":"Inicio","item":"https:\/\/sexshopbajolassabanas.mx\/"},{"@type":"ListItem","position":2,"name":"Tienda","item":"https:\/\/sexshopbajolassabanas.mx\/?page_id=38"},{"@type":"ListItem","position":3,"name":"Gel crecimiento de pene"}]},{"@type":"WebSite","@id":"https:\/\/sexshopbajolassabanas.mx\/#website","url":"https:\/\/sexshopbajolassabanas.mx\/","name":"sexshopbajolassabanas.mx","description":"Sex Shop Bajo Las Sabanas","publisher":{"@id":"https:\/\/sexshopbajolassabanas.mx\/#organization"},"potentialAction":[{"@type":"SearchAction","target":{"@type":"EntryPoint","urlTemplate":"https:\/\/sexshopbajolassabanas.mx\/?s={search_term_string}"},"query-input":"required name=search_term_string"}],"inLanguage":"es"},{"@type":"Organization","@id":"https:\/\/sexshopbajolassabanas.mx\/#organization","name":"sexshopbajolassabanas.mx","url":"https:\/\/sexshopbajolassabanas.mx\/","logo":{"@type":"ImageObject","inLanguage":"es","@id":"https:\/\/sexshopbajolassabanas.mx\/#\/schema\/logo\/image\/","url":"https:\/\/sexshopbajolassabanas.mx\/wp-content\/uploads\/2022\/08\/cropped-cropped-Sin-titulo-2_Mesa-de-trabajo-1.png","contentUrl":"https:\/\/sexshopbajolassabanas.mx\/wp-content\/uploads\/2022\/08\/cropped-cropped-Sin-titulo-2_Mesa-de-trabajo-1.png","width":375,"height":375,"caption":"sexshopbajolassabanas.mx"},"image":{"@id":"https:\/\/sexshopbajolassabanas.mx\/#\/schema\/logo\/image\/"}}]}},"_links":{"self":[{"href":"https:\/\/sexshopbajolassabanas.mx\/index.php?rest_route=\/wp\/v2\/product\/6983","targetHints":{"allow":["GET"]}}],"collection":[{"href":"https:\/\/sexshopbajolassabanas.mx\/index.php?rest_route=\/wp\/v2\/product"}],"about":[{"href":"https:\/\/sexshopbajolassabanas.mx\/index.php?rest_route=\/wp\/v2\/types\/product"}],"replies":[{"embeddable":true,"href":"https:\/\/sexshopbajolassabanas.mx\/index.php?rest_route=%2Fwp%2Fv2%2Fcomments&post=6983"}],"version-history":[{"count":1,"href":"https:\/\/sexshopbajolassabanas.mx\/index.php?rest_route=\/wp\/v2\/product\/6983\/revisions"}],"predecessor-version":[{"id":6987,"href":"https:\/\/sexshopbajolassabanas.mx\/index.php?rest_route=\/wp\/v2\/product\/6983\/revisions\/6987"}],"wp:featuredmedia":[{"embeddable":true,"href":"https:\/\/sexshopbajolassabanas.mx\/index.php?rest_route=\/wp\/v2\/media\/6988"}],"wp:attachment":[{"href":"https:\/\/sexshopbajolassabanas.mx\/index.php?rest_route=%2Fwp%2Fv2%2Fmedia&parent=6983"}],"wp:term":[{"taxonomy":"product_cat","embeddable":true,"href":"https:\/\/sexshopbajolassabanas.mx\/index.php?rest_route=%2Fwp%2Fv2%2Fproduct_cat&post=6983"},{"taxonomy":"product_tag","embeddable":true,"href":"https:\/\/sexshopbajolassabanas.mx\/index.php?rest_route=%2Fwp%2Fv2%2Fproduct_tag&post=6983"},{"taxonomy":"giftcard-category","embeddable":true,"href":"https:\/\/sexshopbajolassabanas.mx\/index.php?rest_route=%2Fwp%2Fv2%2Fgiftcard-category&post=6983"}],"curies":[{"name":"wp","href":"https:\/\/api.w.org\/{rel}","templated":true}]}}