{"id":7068,"date":"2023-03-31T04:27:40","date_gmt":"2023-03-31T04:27:40","guid":{"rendered":"https:\/\/sexshopbajolassabanas.mx\/?post_type=product&#038;p=7068"},"modified":"2023-12-13T17:21:05","modified_gmt":"2023-12-13T17:21:05","slug":"maca-estimulante-sexual","status":"publish","type":"product","link":"https:\/\/sexshopbajolassabanas.mx\/?product=maca-estimulante-sexual","title":{"rendered":"Maca estimulante sexual"},"content":{"rendered":"<h3><span style=\"color: #ff0000;\"><b>\u00a1Maca estimulante sexual, unisex!<\/b><\/span><\/h3>\n<p>&nbsp;<\/p>\n<div>\n<p class=\"font_8\">Sabaneros si lo que buscas es una explosi\u00f3n de sensaciones nuevas y \u00fanicas \u00a0nuestro estimulante Sexual femenino y masculino te elevara al nivel que necesitas de excitaci\u00f3n al mismo tiempo que tu pareja siente palpitar sus zonas er\u00f3genas despierta el apetito sexual en ti y en la pareja, intensificando\u00a0el deseo sexual, el orgasmo, cierra los ojos, conc\u00e9ntrate respira, y disfruta cada caricia, beso, toqueteo y juego por que creemos los vas a sentir a la d\u00e9cima potencia, aseg\u00farate de que tus vecinos escuchen tus gritos de placer y se pregunten por que tanto que se les antoje tanto que te pregunte por tu ingrediente secreto, mi maca estimulante sexual<\/p>\n<p class=\"font_8\">Sensualmente en una conversaci\u00f3n casual imaginemos en un bar, se empiezan a despertar los \u00e1nimos se calientan los sentidos el toqueteo comienza junto con esas miradas picaras invitando a la seducci\u00f3n mientras toman un coctel para calentar motores, no te preocupes por mezclar tu maca estimulante sexual puede mezclarse libremente con bebidas\u00a0alcoh\u00f3licas sin efectos secundarios, arre para la acci\u00f3n.<\/p>\n<\/div>\n<form class=\"cart\" action=\"https:\/\/www.kamasutraeden.com\/producto\/maca-negra\/\" enctype=\"multipart\/form-data\" method=\"post\">\n<div class=\"quantity buttons_added\"><span style=\"font-size: 16px;\">Aumenta tu deseo sexual y comienza a la acci\u00f3n en tan solo 15 minutos. \u00a1<\/span><b style=\"font-style: inherit;\">llega al orgasmo junto a tu pareja!<\/b><\/div>\n<\/form>\n<p>\u00a0las cuales despiertan el apetito sexual y generan una experiencia llena de pasi\u00f3n y deseo a lado de su pareja.<\/p>\n<p><b>Presentaci\u00f3n<\/b>: Gotero de 10 ml<\/p>\n<p><b>Forma de uso<\/b><b>:<\/b> Diluir 10 o 15 gotas en cualquier liquido fr\u00edo el tiempo de reacci\u00f3n depende de cada organismo pero no rebasa los 15 minutos.<\/p>\n<p><b>\u00a1Incrementa tu lubricaci\u00f3n, deseo \u00a0y potencializa tus orgasmos!<\/b><\/p>\n<p><b>Cuidados<\/b>: Cons\u00e9rvese cerrado en un lugar fresco no mayor a 30\u00ba. Prot\u00e9jase de la luz solar.<\/p>\n","protected":false},"excerpt":{"rendered":"<p>Maca estimulante sexual femenino y masculino despierta el apetito sexual en la pareja, intensificando el deseo sexual y el orgasmo puede mezclarse libremente con bebidas alcoh\u00f3licas sin efectos secundarios<\/p>\n","protected":false},"featured_media":7069,"comment_status":"open","ping_status":"closed","template":"","meta":{"om_disable_all_campaigns":false,"site-sidebar-layout":"default","site-content-layout":"default","ast-site-content-layout":"","site-content-style":"default","site-sidebar-style":"default","ast-global-header-display":"","ast-banner-title-visibility":"","ast-main-header-display":"","ast-hfb-above-header-display":"disabled","ast-hfb-below-header-display":"","ast-hfb-mobile-header-display":"","site-post-title":"","ast-breadcrumbs-content":"","ast-featured-img":"","footer-sml-layout":"","theme-transparent-header-meta":"default","adv-header-id-meta":"","stick-header-meta":"","header-above-stick-meta":"","header-main-stick-meta":"","header-below-stick-meta":"","astra-migrate-meta-layouts":"default","ast-page-background-enabled":"default","ast-page-background-meta":{"desktop":{"background-color":"","background-image":"","background-repeat":"repeat","background-position":"center center","background-size":"auto","background-attachment":"scroll","background-type":"","background-media":"","overlay-type":"","overlay-color":"","overlay-opacity":"","overlay-gradient":""},"tablet":{"background-color":"","background-image":"","background-repeat":"repeat","background-position":"center center","background-size":"auto","background-attachment":"scroll","background-type":"","background-media":"","overlay-type":"","overlay-color":"","overlay-opacity":"","overlay-gradient":""},"mobile":{"background-color":"","background-image":"","background-repeat":"repeat","background-position":"center center","background-size":"auto","background-attachment":"scroll","background-type":"","background-media":"","overlay-type":"","overlay-color":"","overlay-opacity":"","overlay-gradient":""}},"ast-content-background-meta":{"desktop":{"background-color":"var(--ast-global-color-5)","background-image":"","background-repeat":"repeat","background-position":"center center","background-size":"auto","background-attachment":"scroll","background-type":"","background-media":"","overlay-type":"","overlay-color":"","overlay-opacity":"","overlay-gradient":""},"tablet":{"background-color":"var(--ast-global-color-5)","background-image":"","background-repeat":"repeat","background-position":"center center","background-size":"auto","background-attachment":"scroll","background-type":"","background-media":"","overlay-type":"","overlay-color":"","overlay-opacity":"","overlay-gradient":""},"mobile":{"background-color":"var(--ast-global-color-5)","background-image":"","background-repeat":"repeat","background-position":"center center","background-size":"auto","background-attachment":"scroll","background-type":"","background-media":"","overlay-type":"","overlay-color":"","overlay-opacity":"","overlay-gradient":""}},"_joinchat":{"message_send":"Hola estoy buscando....(escribe lo que buscas )"}},"product_cat":[65,108,228,48,196,40],"product_tag":[],"giftcard-category":[],"class_list":{"0":"post-7068","1":"product","2":"type-product","3":"status-publish","4":"has-post-thumbnail","6":"product_cat-rendimiento-sexual","7":"product_cat-rendimiento-sexual-el","8":"product_cat-rendimiento-sexual-ella","9":"product_cat-sabaneras","10":"product_cat-sabaneres","11":"product_cat-sabaneros","12":"desktop-align-left","13":"tablet-align-left","14":"mobile-align-left","16":"first","17":"instock","18":"taxable","19":"shipping-taxable","20":"purchasable","21":"product-type-simple"},"yoast_head":"<!-- This site is optimized with the Yoast SEO plugin v20.5 - https:\/\/yoast.com\/wordpress\/plugins\/seo\/ -->\n<title>Maca estimulante sexual - sexshopbajolassabanas.mx<\/title>\n<meta name=\"description\" content=\"Maca estimulante sexual femenino y masculino despierta el apetito sexual en la pareja, intensificando el deseo sexual y el orgasmo.\" \/>\n<meta name=\"robots\" content=\"index, follow, max-snippet:-1, max-image-preview:large, max-video-preview:-1\" \/>\n<link rel=\"canonical\" href=\"https:\/\/sexshopbajolassabanas.mx\/?product=maca-estimulante-sexual\" \/>\n<meta property=\"og:locale\" content=\"es_MX\" \/>\n<meta property=\"og:type\" content=\"article\" \/>\n<meta property=\"og:title\" content=\"Maca estimulante sexual - sexshopbajolassabanas.mx\" \/>\n<meta property=\"og:description\" content=\"Maca estimulante sexual femenino y masculino despierta el apetito sexual en la pareja, intensificando el deseo sexual y el orgasmo.\" \/>\n<meta property=\"og:url\" content=\"https:\/\/sexshopbajolassabanas.mx\/?product=maca-estimulante-sexual\" \/>\n<meta property=\"og:site_name\" content=\"sexshopbajolassabanas.mx\" \/>\n<meta property=\"article:modified_time\" content=\"2023-12-13T17:21:05+00:00\" \/>\n<meta property=\"og:image\" content=\"http:\/\/sexshopbajolassabanas.mx\/wp-content\/uploads\/2023\/03\/Maca.png\" \/>\n\t<meta property=\"og:image:width\" content=\"1080\" \/>\n\t<meta property=\"og:image:height\" content=\"1080\" \/>\n\t<meta property=\"og:image:type\" content=\"image\/png\" \/>\n<meta name=\"twitter:card\" content=\"summary_large_image\" \/>\n<meta name=\"twitter:label1\" content=\"Tiempo de lectura\" \/>\n\t<meta name=\"twitter:data1\" content=\"2 minutos\" \/>\n<script type=\"application\/ld+json\" class=\"yoast-schema-graph\">{\"@context\":\"https:\/\/schema.org\",\"@graph\":[{\"@type\":\"WebPage\",\"@id\":\"https:\/\/sexshopbajolassabanas.mx\/?product=maca-estimulante-sexual\",\"url\":\"https:\/\/sexshopbajolassabanas.mx\/?product=maca-estimulante-sexual\",\"name\":\"Maca estimulante sexual - sexshopbajolassabanas.mx\",\"isPartOf\":{\"@id\":\"https:\/\/sexshopbajolassabanas.mx\/#website\"},\"datePublished\":\"2023-03-31T04:27:40+00:00\",\"dateModified\":\"2023-12-13T17:21:05+00:00\",\"description\":\"Maca estimulante sexual femenino y masculino despierta el apetito sexual en la pareja, intensificando el deseo sexual y el orgasmo.\",\"breadcrumb\":{\"@id\":\"https:\/\/sexshopbajolassabanas.mx\/?product=maca-estimulante-sexual#breadcrumb\"},\"inLanguage\":\"es\",\"potentialAction\":[{\"@type\":\"ReadAction\",\"target\":[\"https:\/\/sexshopbajolassabanas.mx\/?product=maca-estimulante-sexual\"]}]},{\"@type\":\"BreadcrumbList\",\"@id\":\"https:\/\/sexshopbajolassabanas.mx\/?product=maca-estimulante-sexual#breadcrumb\",\"itemListElement\":[{\"@type\":\"ListItem\",\"position\":1,\"name\":\"Inicio\",\"item\":\"https:\/\/sexshopbajolassabanas.mx\/\"},{\"@type\":\"ListItem\",\"position\":2,\"name\":\"Tienda\",\"item\":\"https:\/\/sexshopbajolassabanas.mx\/?page_id=38\"},{\"@type\":\"ListItem\",\"position\":3,\"name\":\"Maca estimulante sexual\"}]},{\"@type\":\"WebSite\",\"@id\":\"https:\/\/sexshopbajolassabanas.mx\/#website\",\"url\":\"https:\/\/sexshopbajolassabanas.mx\/\",\"name\":\"sexshopbajolassabanas.mx\",\"description\":\"Sex Shop Bajo Las Sabanas\",\"publisher\":{\"@id\":\"https:\/\/sexshopbajolassabanas.mx\/#organization\"},\"potentialAction\":[{\"@type\":\"SearchAction\",\"target\":{\"@type\":\"EntryPoint\",\"urlTemplate\":\"https:\/\/sexshopbajolassabanas.mx\/?s={search_term_string}\"},\"query-input\":\"required name=search_term_string\"}],\"inLanguage\":\"es\"},{\"@type\":\"Organization\",\"@id\":\"https:\/\/sexshopbajolassabanas.mx\/#organization\",\"name\":\"sexshopbajolassabanas.mx\",\"url\":\"https:\/\/sexshopbajolassabanas.mx\/\",\"logo\":{\"@type\":\"ImageObject\",\"inLanguage\":\"es\",\"@id\":\"https:\/\/sexshopbajolassabanas.mx\/#\/schema\/logo\/image\/\",\"url\":\"https:\/\/sexshopbajolassabanas.mx\/wp-content\/uploads\/2022\/08\/cropped-cropped-Sin-titulo-2_Mesa-de-trabajo-1.png\",\"contentUrl\":\"https:\/\/sexshopbajolassabanas.mx\/wp-content\/uploads\/2022\/08\/cropped-cropped-Sin-titulo-2_Mesa-de-trabajo-1.png\",\"width\":375,\"height\":375,\"caption\":\"sexshopbajolassabanas.mx\"},\"image\":{\"@id\":\"https:\/\/sexshopbajolassabanas.mx\/#\/schema\/logo\/image\/\"}}]}<\/script>\n<!-- \/ Yoast SEO plugin. -->","yoast_head_json":{"title":"Maca estimulante sexual - sexshopbajolassabanas.mx","description":"Maca estimulante sexual femenino y masculino despierta el apetito sexual en la pareja, intensificando el deseo sexual y el orgasmo.","robots":{"index":"index","follow":"follow","max-snippet":"max-snippet:-1","max-image-preview":"max-image-preview:large","max-video-preview":"max-video-preview:-1"},"canonical":"https:\/\/sexshopbajolassabanas.mx\/?product=maca-estimulante-sexual","og_locale":"es_MX","og_type":"article","og_title":"Maca estimulante sexual - sexshopbajolassabanas.mx","og_description":"Maca estimulante sexual femenino y masculino despierta el apetito sexual en la pareja, intensificando el deseo sexual y el orgasmo.","og_url":"https:\/\/sexshopbajolassabanas.mx\/?product=maca-estimulante-sexual","og_site_name":"sexshopbajolassabanas.mx","article_modified_time":"2023-12-13T17:21:05+00:00","og_image":[{"width":1080,"height":1080,"url":"http:\/\/sexshopbajolassabanas.mx\/wp-content\/uploads\/2023\/03\/Maca.png","type":"image\/png"}],"twitter_card":"summary_large_image","twitter_misc":{"Tiempo de lectura":"2 minutos"},"schema":{"@context":"https:\/\/schema.org","@graph":[{"@type":"WebPage","@id":"https:\/\/sexshopbajolassabanas.mx\/?product=maca-estimulante-sexual","url":"https:\/\/sexshopbajolassabanas.mx\/?product=maca-estimulante-sexual","name":"Maca estimulante sexual - sexshopbajolassabanas.mx","isPartOf":{"@id":"https:\/\/sexshopbajolassabanas.mx\/#website"},"datePublished":"2023-03-31T04:27:40+00:00","dateModified":"2023-12-13T17:21:05+00:00","description":"Maca estimulante sexual femenino y masculino despierta el apetito sexual en la pareja, intensificando el deseo sexual y el orgasmo.","breadcrumb":{"@id":"https:\/\/sexshopbajolassabanas.mx\/?product=maca-estimulante-sexual#breadcrumb"},"inLanguage":"es","potentialAction":[{"@type":"ReadAction","target":["https:\/\/sexshopbajolassabanas.mx\/?product=maca-estimulante-sexual"]}]},{"@type":"BreadcrumbList","@id":"https:\/\/sexshopbajolassabanas.mx\/?product=maca-estimulante-sexual#breadcrumb","itemListElement":[{"@type":"ListItem","position":1,"name":"Inicio","item":"https:\/\/sexshopbajolassabanas.mx\/"},{"@type":"ListItem","position":2,"name":"Tienda","item":"https:\/\/sexshopbajolassabanas.mx\/?page_id=38"},{"@type":"ListItem","position":3,"name":"Maca estimulante sexual"}]},{"@type":"WebSite","@id":"https:\/\/sexshopbajolassabanas.mx\/#website","url":"https:\/\/sexshopbajolassabanas.mx\/","name":"sexshopbajolassabanas.mx","description":"Sex Shop Bajo Las Sabanas","publisher":{"@id":"https:\/\/sexshopbajolassabanas.mx\/#organization"},"potentialAction":[{"@type":"SearchAction","target":{"@type":"EntryPoint","urlTemplate":"https:\/\/sexshopbajolassabanas.mx\/?s={search_term_string}"},"query-input":"required name=search_term_string"}],"inLanguage":"es"},{"@type":"Organization","@id":"https:\/\/sexshopbajolassabanas.mx\/#organization","name":"sexshopbajolassabanas.mx","url":"https:\/\/sexshopbajolassabanas.mx\/","logo":{"@type":"ImageObject","inLanguage":"es","@id":"https:\/\/sexshopbajolassabanas.mx\/#\/schema\/logo\/image\/","url":"https:\/\/sexshopbajolassabanas.mx\/wp-content\/uploads\/2022\/08\/cropped-cropped-Sin-titulo-2_Mesa-de-trabajo-1.png","contentUrl":"https:\/\/sexshopbajolassabanas.mx\/wp-content\/uploads\/2022\/08\/cropped-cropped-Sin-titulo-2_Mesa-de-trabajo-1.png","width":375,"height":375,"caption":"sexshopbajolassabanas.mx"},"image":{"@id":"https:\/\/sexshopbajolassabanas.mx\/#\/schema\/logo\/image\/"}}]}},"_links":{"self":[{"href":"https:\/\/sexshopbajolassabanas.mx\/index.php?rest_route=\/wp\/v2\/product\/7068","targetHints":{"allow":["GET"]}}],"collection":[{"href":"https:\/\/sexshopbajolassabanas.mx\/index.php?rest_route=\/wp\/v2\/product"}],"about":[{"href":"https:\/\/sexshopbajolassabanas.mx\/index.php?rest_route=\/wp\/v2\/types\/product"}],"replies":[{"embeddable":true,"href":"https:\/\/sexshopbajolassabanas.mx\/index.php?rest_route=%2Fwp%2Fv2%2Fcomments&post=7068"}],"version-history":[{"count":1,"href":"https:\/\/sexshopbajolassabanas.mx\/index.php?rest_route=\/wp\/v2\/product\/7068\/revisions"}],"predecessor-version":[{"id":7070,"href":"https:\/\/sexshopbajolassabanas.mx\/index.php?rest_route=\/wp\/v2\/product\/7068\/revisions\/7070"}],"wp:featuredmedia":[{"embeddable":true,"href":"https:\/\/sexshopbajolassabanas.mx\/index.php?rest_route=\/wp\/v2\/media\/7069"}],"wp:attachment":[{"href":"https:\/\/sexshopbajolassabanas.mx\/index.php?rest_route=%2Fwp%2Fv2%2Fmedia&parent=7068"}],"wp:term":[{"taxonomy":"product_cat","embeddable":true,"href":"https:\/\/sexshopbajolassabanas.mx\/index.php?rest_route=%2Fwp%2Fv2%2Fproduct_cat&post=7068"},{"taxonomy":"product_tag","embeddable":true,"href":"https:\/\/sexshopbajolassabanas.mx\/index.php?rest_route=%2Fwp%2Fv2%2Fproduct_tag&post=7068"},{"taxonomy":"giftcard-category","embeddable":true,"href":"https:\/\/sexshopbajolassabanas.mx\/index.php?rest_route=%2Fwp%2Fv2%2Fgiftcard-category&post=7068"}],"curies":[{"name":"wp","href":"https:\/\/api.w.org\/{rel}","templated":true}]}}