{"id":7121,"date":"2023-04-01T06:00:17","date_gmt":"2023-04-01T06:00:17","guid":{"rendered":"https:\/\/sexshopbajolassabanas.mx\/?post_type=product&#038;p=7121"},"modified":"2024-01-18T04:38:44","modified_gmt":"2024-01-18T04:38:44","slug":"lenceria-encaje-ajustes-tipo-bdsm","status":"publish","type":"product","link":"https:\/\/sexshopbajolassabanas.mx\/?product=lenceria-encaje-ajustes-tipo-bdsm","title":{"rendered":"Lencer\u00eda encaje ajustes tipo bdsm"},"content":{"rendered":"<h3><span style=\"color: #ff6600;\"><b>\u00a1Lencer\u00eda encaje ajustes tipo bdsm, sensual\u00a0!<\/b><\/span><\/h3>\n<p>&nbsp;<\/p>\n<p>Si quieres seducir a tu pareja o sorprenderla con un regalito sexy y atrevido esta <a href=\"https:\/\/sexshopbajolassabanas.mx\/?product_cat=lenceria\">lencer\u00eda<\/a> para mujer es la ideal Sabanera.Lencer\u00eda encaje ajustes tipo bdsm, siempre en los momentos de pasi\u00f3n, seducci\u00f3n son atrevidos, sexys , rom\u00e1nticos, y sobre todo er\u00f3ticos, a las mujeres nos encanta vernos incre\u00edble, ser las due\u00f1as de la habitaci\u00f3n de las miradas, caricias de nuestra pareja, su miradas de complicidad deseo son lo que nos hace ser m\u00e1s cachondas, atrevidas, como unas fieras en la cama, si\u00e9ntete as\u00ed y como tu quieras con esta lencer\u00eda encaje ajustes tipo bdsm\u00a0para que no te falte nada en esa noche con tu pareja.<\/p>\n<p>Seguro atrapara a tu pareja, deja que te la quite despacito y te llene de amor, a las mujeres nos encanta recibir regalitos, pero que mejor aun cuando lo podemos compartir con nuestra pareja, tiene un dise\u00f1o super sexy con brasiere a tono claro y obscuro , con flores y tirantes ajustables, con dise\u00f1o sensual, incluye brassiere tanga y ajustes tipo bdsm este atuendo lo hace aun mas provocativo muy atrevido, mod\u00e9lale a tu pareja para aumentar su deseo sexual. Deja volar tu imaginaci\u00f3n y disfruta de verte totalmente sexy.<\/p>\n<p>Presentaci\u00f3n: Brasiere de encaje con tanga y ajustes sexy<\/p>\n<p>Talla: \u00a0CH Y M<\/p>\n<p>Material: Encaje, algod\u00f3n y polyester<\/p>\n<p><b>Cuidados:<\/b> Antes y Despu\u00e9s del uso se recomienda limpiarlo con agua y jab\u00f3n. No tallar, preferentemente a mano. Deje secar a la sombra.<\/p>\n","protected":false},"excerpt":{"rendered":"<p>Lencer\u00eda de encaje ajustes tipo bdsm, es perfecto para mostrar tu lado sexy, atrevido, salvaje y tierno a la vez ,cachondea a tu pareja<\/p>\n","protected":false},"featured_media":7122,"comment_status":"open","ping_status":"closed","template":"","meta":{"om_disable_all_campaigns":false,"site-sidebar-layout":"default","site-content-layout":"default","ast-site-content-layout":"","site-content-style":"default","site-sidebar-style":"default","ast-global-header-display":"","ast-banner-title-visibility":"","ast-main-header-display":"","ast-hfb-above-header-display":"","ast-hfb-below-header-display":"","ast-hfb-mobile-header-display":"","site-post-title":"","ast-breadcrumbs-content":"","ast-featured-img":"","footer-sml-layout":"","theme-transparent-header-meta":"default","adv-header-id-meta":"","stick-header-meta":"","header-above-stick-meta":"","header-main-stick-meta":"","header-below-stick-meta":"","astra-migrate-meta-layouts":"default","ast-page-background-enabled":"default","ast-page-background-meta":{"desktop":{"background-color":"","background-image":"","background-repeat":"repeat","background-position":"center center","background-size":"auto","background-attachment":"scroll","background-type":"","background-media":"","overlay-type":"","overlay-color":"","overlay-opacity":"","overlay-gradient":""},"tablet":{"background-color":"","background-image":"","background-repeat":"repeat","background-position":"center center","background-size":"auto","background-attachment":"scroll","background-type":"","background-media":"","overlay-type":"","overlay-color":"","overlay-opacity":"","overlay-gradient":""},"mobile":{"background-color":"","background-image":"","background-repeat":"repeat","background-position":"center center","background-size":"auto","background-attachment":"scroll","background-type":"","background-media":"","overlay-type":"","overlay-color":"","overlay-opacity":"","overlay-gradient":""}},"ast-content-background-meta":{"desktop":{"background-color":"var(--ast-global-color-5)","background-image":"","background-repeat":"repeat","background-position":"center center","background-size":"auto","background-attachment":"scroll","background-type":"","background-media":"","overlay-type":"","overlay-color":"","overlay-opacity":"","overlay-gradient":""},"tablet":{"background-color":"var(--ast-global-color-5)","background-image":"","background-repeat":"repeat","background-position":"center center","background-size":"auto","background-attachment":"scroll","background-type":"","background-media":"","overlay-type":"","overlay-color":"","overlay-opacity":"","overlay-gradient":""},"mobile":{"background-color":"var(--ast-global-color-5)","background-image":"","background-repeat":"repeat","background-position":"center center","background-size":"auto","background-attachment":"scroll","background-type":"","background-media":"","overlay-type":"","overlay-color":"","overlay-opacity":"","overlay-gradient":""}},"_joinchat":[]},"product_cat":[73,48],"product_tag":[],"giftcard-category":[],"class_list":{"0":"post-7121","1":"product","2":"type-product","3":"status-publish","4":"has-post-thumbnail","6":"product_cat-lenceria","7":"product_cat-sabaneras","8":"desktop-align-left","9":"tablet-align-left","10":"mobile-align-left","12":"first","13":"instock","14":"taxable","15":"shipping-taxable","16":"purchasable","17":"product-type-simple"},"yoast_head":"<!-- This site is optimized with the Yoast SEO plugin v20.5 - https:\/\/yoast.com\/wordpress\/plugins\/seo\/ -->\n<title>Lencer\u00eda encaje ajustes tipo bdsm - sexshopbajolassabanas.mx<\/title>\n<meta name=\"description\" content=\"Lencer\u00eda de encaje ajustes tipo bdsm, es perfecto para mostrar tu lado sexy, atrevido, salvaje y tierno a la vez ,cachondea a tu pareja\" \/>\n<meta name=\"robots\" content=\"index, follow, max-snippet:-1, max-image-preview:large, max-video-preview:-1\" \/>\n<link rel=\"canonical\" href=\"https:\/\/sexshopbajolassabanas.mx\/?product=lenceria-encaje-ajustes-tipo-bdsm\" \/>\n<meta property=\"og:locale\" content=\"es_MX\" \/>\n<meta property=\"og:type\" content=\"article\" \/>\n<meta property=\"og:title\" content=\"Lencer\u00eda encaje ajustes tipo bdsm - sexshopbajolassabanas.mx\" \/>\n<meta property=\"og:description\" content=\"Lencer\u00eda de encaje ajustes tipo bdsm, es perfecto para mostrar tu lado sexy, atrevido, salvaje y tierno a la vez ,cachondea a tu pareja\" \/>\n<meta property=\"og:url\" content=\"https:\/\/sexshopbajolassabanas.mx\/?product=lenceria-encaje-ajustes-tipo-bdsm\" \/>\n<meta property=\"og:site_name\" content=\"sexshopbajolassabanas.mx\" \/>\n<meta property=\"article:modified_time\" content=\"2024-01-18T04:38:44+00:00\" \/>\n<meta property=\"og:image\" content=\"http:\/\/sexshopbajolassabanas.mx\/wp-content\/uploads\/2023\/04\/stay-Hardin-.png\" \/>\n\t<meta property=\"og:image:width\" content=\"1080\" \/>\n\t<meta property=\"og:image:height\" content=\"1080\" \/>\n\t<meta property=\"og:image:type\" content=\"image\/png\" \/>\n<meta name=\"twitter:card\" content=\"summary_large_image\" \/>\n<meta name=\"twitter:label1\" content=\"Tiempo de lectura\" \/>\n\t<meta name=\"twitter:data1\" content=\"2 minutos\" \/>\n<script type=\"application\/ld+json\" class=\"yoast-schema-graph\">{\"@context\":\"https:\/\/schema.org\",\"@graph\":[{\"@type\":\"WebPage\",\"@id\":\"https:\/\/sexshopbajolassabanas.mx\/?product=lenceria-encaje-ajustes-tipo-bdsm\",\"url\":\"https:\/\/sexshopbajolassabanas.mx\/?product=lenceria-encaje-ajustes-tipo-bdsm\",\"name\":\"Lencer\u00eda encaje ajustes tipo bdsm - sexshopbajolassabanas.mx\",\"isPartOf\":{\"@id\":\"https:\/\/sexshopbajolassabanas.mx\/#website\"},\"datePublished\":\"2023-04-01T06:00:17+00:00\",\"dateModified\":\"2024-01-18T04:38:44+00:00\",\"description\":\"Lencer\u00eda de encaje ajustes tipo bdsm, es perfecto para mostrar tu lado sexy, atrevido, salvaje y tierno a la vez ,cachondea a tu pareja\",\"breadcrumb\":{\"@id\":\"https:\/\/sexshopbajolassabanas.mx\/?product=lenceria-encaje-ajustes-tipo-bdsm#breadcrumb\"},\"inLanguage\":\"es\",\"potentialAction\":[{\"@type\":\"ReadAction\",\"target\":[\"https:\/\/sexshopbajolassabanas.mx\/?product=lenceria-encaje-ajustes-tipo-bdsm\"]}]},{\"@type\":\"BreadcrumbList\",\"@id\":\"https:\/\/sexshopbajolassabanas.mx\/?product=lenceria-encaje-ajustes-tipo-bdsm#breadcrumb\",\"itemListElement\":[{\"@type\":\"ListItem\",\"position\":1,\"name\":\"Inicio\",\"item\":\"https:\/\/sexshopbajolassabanas.mx\/\"},{\"@type\":\"ListItem\",\"position\":2,\"name\":\"Tienda\",\"item\":\"https:\/\/sexshopbajolassabanas.mx\/?page_id=38\"},{\"@type\":\"ListItem\",\"position\":3,\"name\":\"Lencer\u00eda encaje ajustes tipo bdsm\"}]},{\"@type\":\"WebSite\",\"@id\":\"https:\/\/sexshopbajolassabanas.mx\/#website\",\"url\":\"https:\/\/sexshopbajolassabanas.mx\/\",\"name\":\"sexshopbajolassabanas.mx\",\"description\":\"Sex Shop Bajo Las Sabanas\",\"publisher\":{\"@id\":\"https:\/\/sexshopbajolassabanas.mx\/#organization\"},\"potentialAction\":[{\"@type\":\"SearchAction\",\"target\":{\"@type\":\"EntryPoint\",\"urlTemplate\":\"https:\/\/sexshopbajolassabanas.mx\/?s={search_term_string}\"},\"query-input\":\"required name=search_term_string\"}],\"inLanguage\":\"es\"},{\"@type\":\"Organization\",\"@id\":\"https:\/\/sexshopbajolassabanas.mx\/#organization\",\"name\":\"sexshopbajolassabanas.mx\",\"url\":\"https:\/\/sexshopbajolassabanas.mx\/\",\"logo\":{\"@type\":\"ImageObject\",\"inLanguage\":\"es\",\"@id\":\"https:\/\/sexshopbajolassabanas.mx\/#\/schema\/logo\/image\/\",\"url\":\"https:\/\/sexshopbajolassabanas.mx\/wp-content\/uploads\/2022\/08\/cropped-cropped-Sin-titulo-2_Mesa-de-trabajo-1.png\",\"contentUrl\":\"https:\/\/sexshopbajolassabanas.mx\/wp-content\/uploads\/2022\/08\/cropped-cropped-Sin-titulo-2_Mesa-de-trabajo-1.png\",\"width\":375,\"height\":375,\"caption\":\"sexshopbajolassabanas.mx\"},\"image\":{\"@id\":\"https:\/\/sexshopbajolassabanas.mx\/#\/schema\/logo\/image\/\"}}]}<\/script>\n<!-- \/ Yoast SEO plugin. -->","yoast_head_json":{"title":"Lencer\u00eda encaje ajustes tipo bdsm - sexshopbajolassabanas.mx","description":"Lencer\u00eda de encaje ajustes tipo bdsm, es perfecto para mostrar tu lado sexy, atrevido, salvaje y tierno a la vez ,cachondea a tu pareja","robots":{"index":"index","follow":"follow","max-snippet":"max-snippet:-1","max-image-preview":"max-image-preview:large","max-video-preview":"max-video-preview:-1"},"canonical":"https:\/\/sexshopbajolassabanas.mx\/?product=lenceria-encaje-ajustes-tipo-bdsm","og_locale":"es_MX","og_type":"article","og_title":"Lencer\u00eda encaje ajustes tipo bdsm - sexshopbajolassabanas.mx","og_description":"Lencer\u00eda de encaje ajustes tipo bdsm, es perfecto para mostrar tu lado sexy, atrevido, salvaje y tierno a la vez ,cachondea a tu pareja","og_url":"https:\/\/sexshopbajolassabanas.mx\/?product=lenceria-encaje-ajustes-tipo-bdsm","og_site_name":"sexshopbajolassabanas.mx","article_modified_time":"2024-01-18T04:38:44+00:00","og_image":[{"width":1080,"height":1080,"url":"http:\/\/sexshopbajolassabanas.mx\/wp-content\/uploads\/2023\/04\/stay-Hardin-.png","type":"image\/png"}],"twitter_card":"summary_large_image","twitter_misc":{"Tiempo de lectura":"2 minutos"},"schema":{"@context":"https:\/\/schema.org","@graph":[{"@type":"WebPage","@id":"https:\/\/sexshopbajolassabanas.mx\/?product=lenceria-encaje-ajustes-tipo-bdsm","url":"https:\/\/sexshopbajolassabanas.mx\/?product=lenceria-encaje-ajustes-tipo-bdsm","name":"Lencer\u00eda encaje ajustes tipo bdsm - sexshopbajolassabanas.mx","isPartOf":{"@id":"https:\/\/sexshopbajolassabanas.mx\/#website"},"datePublished":"2023-04-01T06:00:17+00:00","dateModified":"2024-01-18T04:38:44+00:00","description":"Lencer\u00eda de encaje ajustes tipo bdsm, es perfecto para mostrar tu lado sexy, atrevido, salvaje y tierno a la vez ,cachondea a tu pareja","breadcrumb":{"@id":"https:\/\/sexshopbajolassabanas.mx\/?product=lenceria-encaje-ajustes-tipo-bdsm#breadcrumb"},"inLanguage":"es","potentialAction":[{"@type":"ReadAction","target":["https:\/\/sexshopbajolassabanas.mx\/?product=lenceria-encaje-ajustes-tipo-bdsm"]}]},{"@type":"BreadcrumbList","@id":"https:\/\/sexshopbajolassabanas.mx\/?product=lenceria-encaje-ajustes-tipo-bdsm#breadcrumb","itemListElement":[{"@type":"ListItem","position":1,"name":"Inicio","item":"https:\/\/sexshopbajolassabanas.mx\/"},{"@type":"ListItem","position":2,"name":"Tienda","item":"https:\/\/sexshopbajolassabanas.mx\/?page_id=38"},{"@type":"ListItem","position":3,"name":"Lencer\u00eda encaje ajustes tipo bdsm"}]},{"@type":"WebSite","@id":"https:\/\/sexshopbajolassabanas.mx\/#website","url":"https:\/\/sexshopbajolassabanas.mx\/","name":"sexshopbajolassabanas.mx","description":"Sex Shop Bajo Las Sabanas","publisher":{"@id":"https:\/\/sexshopbajolassabanas.mx\/#organization"},"potentialAction":[{"@type":"SearchAction","target":{"@type":"EntryPoint","urlTemplate":"https:\/\/sexshopbajolassabanas.mx\/?s={search_term_string}"},"query-input":"required name=search_term_string"}],"inLanguage":"es"},{"@type":"Organization","@id":"https:\/\/sexshopbajolassabanas.mx\/#organization","name":"sexshopbajolassabanas.mx","url":"https:\/\/sexshopbajolassabanas.mx\/","logo":{"@type":"ImageObject","inLanguage":"es","@id":"https:\/\/sexshopbajolassabanas.mx\/#\/schema\/logo\/image\/","url":"https:\/\/sexshopbajolassabanas.mx\/wp-content\/uploads\/2022\/08\/cropped-cropped-Sin-titulo-2_Mesa-de-trabajo-1.png","contentUrl":"https:\/\/sexshopbajolassabanas.mx\/wp-content\/uploads\/2022\/08\/cropped-cropped-Sin-titulo-2_Mesa-de-trabajo-1.png","width":375,"height":375,"caption":"sexshopbajolassabanas.mx"},"image":{"@id":"https:\/\/sexshopbajolassabanas.mx\/#\/schema\/logo\/image\/"}}]}},"_links":{"self":[{"href":"https:\/\/sexshopbajolassabanas.mx\/index.php?rest_route=\/wp\/v2\/product\/7121","targetHints":{"allow":["GET"]}}],"collection":[{"href":"https:\/\/sexshopbajolassabanas.mx\/index.php?rest_route=\/wp\/v2\/product"}],"about":[{"href":"https:\/\/sexshopbajolassabanas.mx\/index.php?rest_route=\/wp\/v2\/types\/product"}],"replies":[{"embeddable":true,"href":"https:\/\/sexshopbajolassabanas.mx\/index.php?rest_route=%2Fwp%2Fv2%2Fcomments&post=7121"}],"version-history":[{"count":1,"href":"https:\/\/sexshopbajolassabanas.mx\/index.php?rest_route=\/wp\/v2\/product\/7121\/revisions"}],"predecessor-version":[{"id":7123,"href":"https:\/\/sexshopbajolassabanas.mx\/index.php?rest_route=\/wp\/v2\/product\/7121\/revisions\/7123"}],"wp:featuredmedia":[{"embeddable":true,"href":"https:\/\/sexshopbajolassabanas.mx\/index.php?rest_route=\/wp\/v2\/media\/7122"}],"wp:attachment":[{"href":"https:\/\/sexshopbajolassabanas.mx\/index.php?rest_route=%2Fwp%2Fv2%2Fmedia&parent=7121"}],"wp:term":[{"taxonomy":"product_cat","embeddable":true,"href":"https:\/\/sexshopbajolassabanas.mx\/index.php?rest_route=%2Fwp%2Fv2%2Fproduct_cat&post=7121"},{"taxonomy":"product_tag","embeddable":true,"href":"https:\/\/sexshopbajolassabanas.mx\/index.php?rest_route=%2Fwp%2Fv2%2Fproduct_tag&post=7121"},{"taxonomy":"giftcard-category","embeddable":true,"href":"https:\/\/sexshopbajolassabanas.mx\/index.php?rest_route=%2Fwp%2Fv2%2Fgiftcard-category&post=7121"}],"curies":[{"name":"wp","href":"https:\/\/api.w.org\/{rel}","templated":true}]}}