{"id":7152,"date":"2023-04-23T04:31:19","date_gmt":"2023-04-23T04:31:19","guid":{"rendered":"https:\/\/sexshopbajolassabanas.mx\/?post_type=product&#038;p=7152"},"modified":"2024-04-02T05:28:05","modified_gmt":"2024-04-02T05:28:05","slug":"pompas-masturbadoras","status":"publish","type":"product","link":"https:\/\/sexshopbajolassabanas.mx\/?product=pompas-masturbadoras","title":{"rendered":"Pompas masturbadoras"},"content":{"rendered":"<h3><span style=\"color: #800080;\"><b>\u00a1Pompas masturbadoras dise\u00f1ada para complacerte cada que t\u00fa quieras!<\/b><\/span><\/h3>\n<p>Sabanero, \u00bfdeseas una placer inigualable mientras juegas individualmente? Ha llegado a <a href=\"https:\/\/sexshopbajolassabanas.mx\">Bajo las\u00a0 S\u00e1banas<\/a> estas pompas masturbadoras tiene forma de torso y unas pompas que puedes nalguear cada que tu quieras, apachurrar mientras estas en el coito por que su material es s\u00faper realista, disfruta del coito anal o vaginal, por dentro tiene una textura suave y rugosa que cuando estas penetrado estimula mas tu miembro, d\u00e1ndote un placer sin igual, dise\u00f1ado para estimularte desde lo visual, sensorial ala penetraci\u00f3n, es f\u00e1cil de limpiar vente cuantas veces quieras. Este masturbador Angela en forma de pompas masturbadoras con vagina y ano, por debajo tiene un orificio donde puede meter la bala vibradora que ya la incluye y con su control maneja las vibraciones, con un dise\u00f1o superfino que hace que se vea y se sienta como algo real. <b>\u00a1Desl\u00edzate dentro de esta ultra real vagina!<\/b><\/p>\n<p><b>Material:<\/b><b>fanta flesh<\/b><\/p>\n<p><b>Medidas: <\/b>Este masturbador masculino en forma de vagina es adaptable a todos los tama\u00f1os de miembro masculino.<\/p>\n<p>presentaci\u00f3n: Masturbador, y bala vibradora.<\/p>\n<p><b>Forma de uso:<\/b> Antes y Despu\u00e9s del uso se recomienda limpiarlo con agua y jab\u00f3n suave sin aroma o con nuestros limpiadores para juguetes.Utiliza siempre un poco de lubricante a base de agua en tu pene y en el masturbador masculino en forma de vagina para deslizar tu miembro en el t\u00fanel creado para simular la succi\u00f3n de una vagina. Basta con utilizar tu imaginaci\u00f3n para simular una penetraci\u00f3n y llegar al orgasmo.<\/p>\n<p><b>Cuidados:<\/b>\u00a0L\u00edmpiala con un<a href=\"https:\/\/sexshopbajolassabanas.mx\/?product_cat=limpieza-e-higiene\"> shampoo o jab\u00f3n para juguete<\/a>, despu\u00e9s aplica maicena o talco para mantener el material en optimas condiciones cons\u00e9rvese cerrado en un lugar fresco no mayor a 30\u00ba. Prot\u00e9jase de la luz solar y el polvo.<\/p>\n","protected":false},"excerpt":{"rendered":"<p>Pompas masturbadoras, ideal para encuentro intimo contigo, pompas realistas con textura suave y por dentro un canal delicioso para mayor placer en el coito.<\/p>\n<p>Su material te permite disfrutar de un ambiente mas real.<\/p>\n<p>incluye bala vibradora.<\/p>\n","protected":false},"featured_media":7175,"comment_status":"open","ping_status":"closed","template":"","meta":{"om_disable_all_campaigns":false,"site-sidebar-layout":"default","site-content-layout":"default","ast-site-content-layout":"","site-content-style":"default","site-sidebar-style":"default","ast-global-header-display":"","ast-banner-title-visibility":"","ast-main-header-display":"","ast-hfb-above-header-display":"disabled","ast-hfb-below-header-display":"","ast-hfb-mobile-header-display":"","site-post-title":"","ast-breadcrumbs-content":"","ast-featured-img":"","footer-sml-layout":"","theme-transparent-header-meta":"default","adv-header-id-meta":"","stick-header-meta":"","header-above-stick-meta":"","header-main-stick-meta":"","header-below-stick-meta":"","astra-migrate-meta-layouts":"default","ast-page-background-enabled":"default","ast-page-background-meta":{"desktop":{"background-color":"","background-image":"","background-repeat":"repeat","background-position":"center center","background-size":"auto","background-attachment":"scroll","background-type":"","background-media":"","overlay-type":"","overlay-color":"","overlay-opacity":"","overlay-gradient":""},"tablet":{"background-color":"","background-image":"","background-repeat":"repeat","background-position":"center center","background-size":"auto","background-attachment":"scroll","background-type":"","background-media":"","overlay-type":"","overlay-color":"","overlay-opacity":"","overlay-gradient":""},"mobile":{"background-color":"","background-image":"","background-repeat":"repeat","background-position":"center center","background-size":"auto","background-attachment":"scroll","background-type":"","background-media":"","overlay-type":"","overlay-color":"","overlay-opacity":"","overlay-gradient":""}},"ast-content-background-meta":{"desktop":{"background-color":"var(--ast-global-color-5)","background-image":"","background-repeat":"repeat","background-position":"center center","background-size":"auto","background-attachment":"scroll","background-type":"","background-media":"","overlay-type":"","overlay-color":"","overlay-opacity":"","overlay-gradient":""},"tablet":{"background-color":"var(--ast-global-color-5)","background-image":"","background-repeat":"repeat","background-position":"center center","background-size":"auto","background-attachment":"scroll","background-type":"","background-media":"","overlay-type":"","overlay-color":"","overlay-opacity":"","overlay-gradient":""},"mobile":{"background-color":"var(--ast-global-color-5)","background-image":"","background-repeat":"repeat","background-position":"center center","background-size":"auto","background-attachment":"scroll","background-type":"","background-media":"","overlay-type":"","overlay-color":"","overlay-opacity":"","overlay-gradient":""}},"_joinchat":[]},"product_cat":[75],"product_tag":[],"giftcard-category":[],"class_list":{"0":"post-7152","1":"product","2":"type-product","3":"status-publish","4":"has-post-thumbnail","6":"product_cat-masturbadores","7":"desktop-align-left","8":"tablet-align-left","9":"mobile-align-left","11":"first","12":"instock","13":"taxable","14":"shipping-taxable","15":"purchasable","16":"product-type-simple"},"yoast_head":"<!-- This site is optimized with the Yoast SEO plugin v20.5 - https:\/\/yoast.com\/wordpress\/plugins\/seo\/ -->\n<title>Pompas masturbadoras - sexshopbajolassabanas.mx<\/title>\n<meta name=\"description\" content=\"Pompas masturbadoras, ideal para encuentro intimo contigo, pompas realistas con textura suave y por dentro un canal delicioso para mayor placer en el coito.\" \/>\n<meta name=\"robots\" content=\"index, follow, max-snippet:-1, max-image-preview:large, max-video-preview:-1\" \/>\n<link rel=\"canonical\" href=\"https:\/\/sexshopbajolassabanas.mx\/?product=pompas-masturbadoras\" \/>\n<meta property=\"og:locale\" content=\"es_MX\" \/>\n<meta property=\"og:type\" content=\"article\" \/>\n<meta property=\"og:title\" content=\"Pompas masturbadoras - sexshopbajolassabanas.mx\" \/>\n<meta property=\"og:description\" content=\"Pompas masturbadoras, ideal para encuentro intimo contigo, pompas realistas con textura suave y por dentro un canal delicioso para mayor placer en el coito.\" \/>\n<meta property=\"og:url\" content=\"https:\/\/sexshopbajolassabanas.mx\/?product=pompas-masturbadoras\" \/>\n<meta property=\"og:site_name\" content=\"sexshopbajolassabanas.mx\" \/>\n<meta property=\"article:modified_time\" content=\"2024-04-02T05:28:05+00:00\" \/>\n<meta property=\"og:image\" content=\"http:\/\/sexshopbajolassabanas.mx\/wp-content\/uploads\/2023\/04\/7.png\" \/>\n\t<meta property=\"og:image:width\" content=\"1080\" \/>\n\t<meta property=\"og:image:height\" content=\"1080\" \/>\n\t<meta property=\"og:image:type\" content=\"image\/png\" \/>\n<meta name=\"twitter:card\" content=\"summary_large_image\" \/>\n<meta name=\"twitter:label1\" content=\"Tiempo de lectura\" \/>\n\t<meta name=\"twitter:data1\" content=\"2 minutos\" \/>\n<script type=\"application\/ld+json\" class=\"yoast-schema-graph\">{\"@context\":\"https:\/\/schema.org\",\"@graph\":[{\"@type\":\"WebPage\",\"@id\":\"https:\/\/sexshopbajolassabanas.mx\/?product=pompas-masturbadoras\",\"url\":\"https:\/\/sexshopbajolassabanas.mx\/?product=pompas-masturbadoras\",\"name\":\"Pompas masturbadoras - sexshopbajolassabanas.mx\",\"isPartOf\":{\"@id\":\"https:\/\/sexshopbajolassabanas.mx\/#website\"},\"datePublished\":\"2023-04-23T04:31:19+00:00\",\"dateModified\":\"2024-04-02T05:28:05+00:00\",\"description\":\"Pompas masturbadoras, ideal para encuentro intimo contigo, pompas realistas con textura suave y por dentro un canal delicioso para mayor placer en el coito.\",\"breadcrumb\":{\"@id\":\"https:\/\/sexshopbajolassabanas.mx\/?product=pompas-masturbadoras#breadcrumb\"},\"inLanguage\":\"es\",\"potentialAction\":[{\"@type\":\"ReadAction\",\"target\":[\"https:\/\/sexshopbajolassabanas.mx\/?product=pompas-masturbadoras\"]}]},{\"@type\":\"BreadcrumbList\",\"@id\":\"https:\/\/sexshopbajolassabanas.mx\/?product=pompas-masturbadoras#breadcrumb\",\"itemListElement\":[{\"@type\":\"ListItem\",\"position\":1,\"name\":\"Inicio\",\"item\":\"https:\/\/sexshopbajolassabanas.mx\/\"},{\"@type\":\"ListItem\",\"position\":2,\"name\":\"Tienda\",\"item\":\"https:\/\/sexshopbajolassabanas.mx\/?page_id=38\"},{\"@type\":\"ListItem\",\"position\":3,\"name\":\"Pompas masturbadoras\"}]},{\"@type\":\"WebSite\",\"@id\":\"https:\/\/sexshopbajolassabanas.mx\/#website\",\"url\":\"https:\/\/sexshopbajolassabanas.mx\/\",\"name\":\"sexshopbajolassabanas.mx\",\"description\":\"Sex Shop Bajo Las Sabanas\",\"publisher\":{\"@id\":\"https:\/\/sexshopbajolassabanas.mx\/#organization\"},\"potentialAction\":[{\"@type\":\"SearchAction\",\"target\":{\"@type\":\"EntryPoint\",\"urlTemplate\":\"https:\/\/sexshopbajolassabanas.mx\/?s={search_term_string}\"},\"query-input\":\"required name=search_term_string\"}],\"inLanguage\":\"es\"},{\"@type\":\"Organization\",\"@id\":\"https:\/\/sexshopbajolassabanas.mx\/#organization\",\"name\":\"sexshopbajolassabanas.mx\",\"url\":\"https:\/\/sexshopbajolassabanas.mx\/\",\"logo\":{\"@type\":\"ImageObject\",\"inLanguage\":\"es\",\"@id\":\"https:\/\/sexshopbajolassabanas.mx\/#\/schema\/logo\/image\/\",\"url\":\"https:\/\/sexshopbajolassabanas.mx\/wp-content\/uploads\/2022\/08\/cropped-cropped-Sin-titulo-2_Mesa-de-trabajo-1.png\",\"contentUrl\":\"https:\/\/sexshopbajolassabanas.mx\/wp-content\/uploads\/2022\/08\/cropped-cropped-Sin-titulo-2_Mesa-de-trabajo-1.png\",\"width\":375,\"height\":375,\"caption\":\"sexshopbajolassabanas.mx\"},\"image\":{\"@id\":\"https:\/\/sexshopbajolassabanas.mx\/#\/schema\/logo\/image\/\"}}]}<\/script>\n<!-- \/ Yoast SEO plugin. -->","yoast_head_json":{"title":"Pompas masturbadoras - sexshopbajolassabanas.mx","description":"Pompas masturbadoras, ideal para encuentro intimo contigo, pompas realistas con textura suave y por dentro un canal delicioso para mayor placer en el coito.","robots":{"index":"index","follow":"follow","max-snippet":"max-snippet:-1","max-image-preview":"max-image-preview:large","max-video-preview":"max-video-preview:-1"},"canonical":"https:\/\/sexshopbajolassabanas.mx\/?product=pompas-masturbadoras","og_locale":"es_MX","og_type":"article","og_title":"Pompas masturbadoras - sexshopbajolassabanas.mx","og_description":"Pompas masturbadoras, ideal para encuentro intimo contigo, pompas realistas con textura suave y por dentro un canal delicioso para mayor placer en el coito.","og_url":"https:\/\/sexshopbajolassabanas.mx\/?product=pompas-masturbadoras","og_site_name":"sexshopbajolassabanas.mx","article_modified_time":"2024-04-02T05:28:05+00:00","og_image":[{"width":1080,"height":1080,"url":"http:\/\/sexshopbajolassabanas.mx\/wp-content\/uploads\/2023\/04\/7.png","type":"image\/png"}],"twitter_card":"summary_large_image","twitter_misc":{"Tiempo de lectura":"2 minutos"},"schema":{"@context":"https:\/\/schema.org","@graph":[{"@type":"WebPage","@id":"https:\/\/sexshopbajolassabanas.mx\/?product=pompas-masturbadoras","url":"https:\/\/sexshopbajolassabanas.mx\/?product=pompas-masturbadoras","name":"Pompas masturbadoras - sexshopbajolassabanas.mx","isPartOf":{"@id":"https:\/\/sexshopbajolassabanas.mx\/#website"},"datePublished":"2023-04-23T04:31:19+00:00","dateModified":"2024-04-02T05:28:05+00:00","description":"Pompas masturbadoras, ideal para encuentro intimo contigo, pompas realistas con textura suave y por dentro un canal delicioso para mayor placer en el coito.","breadcrumb":{"@id":"https:\/\/sexshopbajolassabanas.mx\/?product=pompas-masturbadoras#breadcrumb"},"inLanguage":"es","potentialAction":[{"@type":"ReadAction","target":["https:\/\/sexshopbajolassabanas.mx\/?product=pompas-masturbadoras"]}]},{"@type":"BreadcrumbList","@id":"https:\/\/sexshopbajolassabanas.mx\/?product=pompas-masturbadoras#breadcrumb","itemListElement":[{"@type":"ListItem","position":1,"name":"Inicio","item":"https:\/\/sexshopbajolassabanas.mx\/"},{"@type":"ListItem","position":2,"name":"Tienda","item":"https:\/\/sexshopbajolassabanas.mx\/?page_id=38"},{"@type":"ListItem","position":3,"name":"Pompas masturbadoras"}]},{"@type":"WebSite","@id":"https:\/\/sexshopbajolassabanas.mx\/#website","url":"https:\/\/sexshopbajolassabanas.mx\/","name":"sexshopbajolassabanas.mx","description":"Sex Shop Bajo Las Sabanas","publisher":{"@id":"https:\/\/sexshopbajolassabanas.mx\/#organization"},"potentialAction":[{"@type":"SearchAction","target":{"@type":"EntryPoint","urlTemplate":"https:\/\/sexshopbajolassabanas.mx\/?s={search_term_string}"},"query-input":"required name=search_term_string"}],"inLanguage":"es"},{"@type":"Organization","@id":"https:\/\/sexshopbajolassabanas.mx\/#organization","name":"sexshopbajolassabanas.mx","url":"https:\/\/sexshopbajolassabanas.mx\/","logo":{"@type":"ImageObject","inLanguage":"es","@id":"https:\/\/sexshopbajolassabanas.mx\/#\/schema\/logo\/image\/","url":"https:\/\/sexshopbajolassabanas.mx\/wp-content\/uploads\/2022\/08\/cropped-cropped-Sin-titulo-2_Mesa-de-trabajo-1.png","contentUrl":"https:\/\/sexshopbajolassabanas.mx\/wp-content\/uploads\/2022\/08\/cropped-cropped-Sin-titulo-2_Mesa-de-trabajo-1.png","width":375,"height":375,"caption":"sexshopbajolassabanas.mx"},"image":{"@id":"https:\/\/sexshopbajolassabanas.mx\/#\/schema\/logo\/image\/"}}]}},"_links":{"self":[{"href":"https:\/\/sexshopbajolassabanas.mx\/index.php?rest_route=\/wp\/v2\/product\/7152","targetHints":{"allow":["GET"]}}],"collection":[{"href":"https:\/\/sexshopbajolassabanas.mx\/index.php?rest_route=\/wp\/v2\/product"}],"about":[{"href":"https:\/\/sexshopbajolassabanas.mx\/index.php?rest_route=\/wp\/v2\/types\/product"}],"replies":[{"embeddable":true,"href":"https:\/\/sexshopbajolassabanas.mx\/index.php?rest_route=%2Fwp%2Fv2%2Fcomments&post=7152"}],"version-history":[{"count":5,"href":"https:\/\/sexshopbajolassabanas.mx\/index.php?rest_route=\/wp\/v2\/product\/7152\/revisions"}],"predecessor-version":[{"id":7179,"href":"https:\/\/sexshopbajolassabanas.mx\/index.php?rest_route=\/wp\/v2\/product\/7152\/revisions\/7179"}],"wp:featuredmedia":[{"embeddable":true,"href":"https:\/\/sexshopbajolassabanas.mx\/index.php?rest_route=\/wp\/v2\/media\/7175"}],"wp:attachment":[{"href":"https:\/\/sexshopbajolassabanas.mx\/index.php?rest_route=%2Fwp%2Fv2%2Fmedia&parent=7152"}],"wp:term":[{"taxonomy":"product_cat","embeddable":true,"href":"https:\/\/sexshopbajolassabanas.mx\/index.php?rest_route=%2Fwp%2Fv2%2Fproduct_cat&post=7152"},{"taxonomy":"product_tag","embeddable":true,"href":"https:\/\/sexshopbajolassabanas.mx\/index.php?rest_route=%2Fwp%2Fv2%2Fproduct_tag&post=7152"},{"taxonomy":"giftcard-category","embeddable":true,"href":"https:\/\/sexshopbajolassabanas.mx\/index.php?rest_route=%2Fwp%2Fv2%2Fgiftcard-category&post=7152"}],"curies":[{"name":"wp","href":"https:\/\/api.w.org\/{rel}","templated":true}]}}