{"id":7186,"date":"2023-05-05T06:57:21","date_gmt":"2023-05-05T06:57:21","guid":{"rendered":"https:\/\/sexshopbajolassabanas.mx\/?post_type=product&#038;p=7186"},"modified":"2023-05-05T07:19:28","modified_gmt":"2023-05-05T07:19:28","slug":"vagina-realista-con-voz","status":"publish","type":"product","link":"https:\/\/sexshopbajolassabanas.mx\/?product=vagina-realista-con-voz","title":{"rendered":"Vagina realista con voz masturbadora"},"content":{"rendered":"<h3><span style=\"color: #ff6600;\"><strong>\u00a1Vagina realista con voz de gemido masturbadora!<\/strong><\/span><\/h3>\n<p><a href=\"https:\/\/sexshopbajolassabanas.mx\/?product_cat=sabaneros\">Sabanero<\/a>, \u00bfdeseas una placer inigualable mientras juegas individualmente? Ha llegado a <a href=\"https:\/\/sexshopbajolassabanas.mx\">Bajo las\u00a0 S\u00e1banas<\/a> estas Vagina realista con voz masturbadora tiene forma de una vagina de tama\u00f1o real, apachurra mientras estas en el coito por que su material es s\u00faper realista, disfruta del coito \u00a0vaginal, por dentro tiene una textura suave y rugosa que cuando estas penetrado estimula mas tu miembro, d\u00e1ndote un placer sin igual, dise\u00f1ado para estimularte desde lo visual, sensorial ala penetraci\u00f3n, es f\u00e1cil de limpiar vente cuantas veces quieras.<\/p>\n<p>Este masturbador Katie en forma de vagina real masturbadora con mini torso, \u00a0en la parte superior tiene un orificio donde puede meter la bala vibradora que ya la incluye y con su control maneja las vibraciones, tambi\u00e9n incluye unos aud\u00edfonos que conectaras al control de la bala vibradora, para estimularte con sus ricos gemidos con un dise\u00f1o superfino que hace que se vea y se sienta como algo real. <b>\u00a1Desl\u00edzate dentro de esta ultra real vagina!<\/b><\/p>\n<p><b>Material:<\/b><b>fanta flesh<\/b><\/p>\n<p><b>Medidas: <\/b>Este masturbador masculino en forma de vagina es adaptable a todos los tama\u00f1os de miembro masculino.<\/p>\n<p>presentaci\u00f3n: Masturbador, y bala vibradora y aud\u00edfonos.<\/p>\n<p><b>Forma de uso:<\/b> Antes y Despu\u00e9s del uso se recomienda limpiarlo.Utiliza siempre un poco de <a href=\"https:\/\/sexshopbajolassabanas.mx\/?product=lubricante-60-ml-comestible-base-agua\">lubricante a base de agua<\/a> en tu pene y en el masturbador masculino en forma de vagina para deslizar tu miembro en el t\u00fanel creado para simular la succi\u00f3n de una vagina. Basta con utilizar tu imaginaci\u00f3n para simular una penetraci\u00f3n y llegar al orgasmo.<\/p>\n<p><b>Cuidados:<\/b>\u00a0L\u00edmpiala con un<a href=\"https:\/\/sexshopbajolassabanas.mx\/?product_cat=limpieza-e-higiene\"> shampoo o jab\u00f3n para juguete<\/a>, despu\u00e9s aplica maicena o talco para mantener el material en optimas condiciones cons\u00e9rvese cerrado en un lugar fresco no mayor a 30\u00ba. Prot\u00e9jase de la luz solar y el polvo.<\/p>\n","protected":false},"excerpt":{"rendered":"<p>Vagina realista con voz masturbadora, incluye su bala vibradora para brindarte un mejor orgasmos, ponte los audifonos para escuchar sus gemidos.<\/p>\n","protected":false},"featured_media":7192,"comment_status":"open","ping_status":"closed","template":"","meta":{"om_disable_all_campaigns":false,"site-sidebar-layout":"default","site-content-layout":"default","ast-site-content-layout":"","site-content-style":"default","site-sidebar-style":"default","ast-global-header-display":"","ast-banner-title-visibility":"","ast-main-header-display":"","ast-hfb-above-header-display":"disabled","ast-hfb-below-header-display":"","ast-hfb-mobile-header-display":"","site-post-title":"","ast-breadcrumbs-content":"","ast-featured-img":"","footer-sml-layout":"","theme-transparent-header-meta":"default","adv-header-id-meta":"","stick-header-meta":"","header-above-stick-meta":"","header-main-stick-meta":"","header-below-stick-meta":"","astra-migrate-meta-layouts":"default","ast-page-background-enabled":"default","ast-page-background-meta":{"desktop":{"background-color":"","background-image":"","background-repeat":"repeat","background-position":"center center","background-size":"auto","background-attachment":"scroll","background-type":"","background-media":"","overlay-type":"","overlay-color":"","overlay-opacity":"","overlay-gradient":""},"tablet":{"background-color":"","background-image":"","background-repeat":"repeat","background-position":"center center","background-size":"auto","background-attachment":"scroll","background-type":"","background-media":"","overlay-type":"","overlay-color":"","overlay-opacity":"","overlay-gradient":""},"mobile":{"background-color":"","background-image":"","background-repeat":"repeat","background-position":"center center","background-size":"auto","background-attachment":"scroll","background-type":"","background-media":"","overlay-type":"","overlay-color":"","overlay-opacity":"","overlay-gradient":""}},"ast-content-background-meta":{"desktop":{"background-color":"var(--ast-global-color-5)","background-image":"","background-repeat":"repeat","background-position":"center center","background-size":"auto","background-attachment":"scroll","background-type":"","background-media":"","overlay-type":"","overlay-color":"","overlay-opacity":"","overlay-gradient":""},"tablet":{"background-color":"var(--ast-global-color-5)","background-image":"","background-repeat":"repeat","background-position":"center center","background-size":"auto","background-attachment":"scroll","background-type":"","background-media":"","overlay-type":"","overlay-color":"","overlay-opacity":"","overlay-gradient":""},"mobile":{"background-color":"var(--ast-global-color-5)","background-image":"","background-repeat":"repeat","background-position":"center center","background-size":"auto","background-attachment":"scroll","background-type":"","background-media":"","overlay-type":"","overlay-color":"","overlay-opacity":"","overlay-gradient":""}},"_joinchat":[]},"product_cat":[75,196,40],"product_tag":[],"giftcard-category":[],"class_list":{"0":"post-7186","1":"product","2":"type-product","3":"status-publish","4":"has-post-thumbnail","6":"product_cat-masturbadores","7":"product_cat-sabaneres","8":"product_cat-sabaneros","9":"desktop-align-left","10":"tablet-align-left","11":"mobile-align-left","13":"first","14":"instock","15":"taxable","16":"shipping-taxable","17":"purchasable","18":"product-type-simple"},"yoast_head":"<!-- This site is optimized with the Yoast SEO plugin v20.5 - https:\/\/yoast.com\/wordpress\/plugins\/seo\/ -->\n<title>Vagina realista con voz masturbadora - sexshopbajolassabanas.mx<\/title>\n<meta name=\"description\" content=\"Vagina realista con voz masturbadora, incluye su bala vibradora para brindarte un mejor orgasmos, ponte los audifonos para escuchar sus gemidos.\" \/>\n<meta name=\"robots\" content=\"index, follow, max-snippet:-1, max-image-preview:large, max-video-preview:-1\" \/>\n<link rel=\"canonical\" href=\"https:\/\/sexshopbajolassabanas.mx\/?product=vagina-realista-con-voz\" \/>\n<meta property=\"og:locale\" content=\"es_MX\" \/>\n<meta property=\"og:type\" content=\"article\" \/>\n<meta property=\"og:title\" content=\"Vagina realista con voz masturbadora - sexshopbajolassabanas.mx\" \/>\n<meta property=\"og:description\" content=\"Vagina realista con voz masturbadora, incluye su bala vibradora para brindarte un mejor orgasmos, ponte los audifonos para escuchar sus gemidos.\" \/>\n<meta property=\"og:url\" content=\"https:\/\/sexshopbajolassabanas.mx\/?product=vagina-realista-con-voz\" \/>\n<meta property=\"og:site_name\" content=\"sexshopbajolassabanas.mx\" \/>\n<meta property=\"article:modified_time\" content=\"2023-05-05T07:19:28+00:00\" \/>\n<meta property=\"og:image\" content=\"http:\/\/sexshopbajolassabanas.mx\/wp-content\/uploads\/2023\/05\/7.png\" \/>\n\t<meta property=\"og:image:width\" content=\"1080\" \/>\n\t<meta property=\"og:image:height\" content=\"1080\" \/>\n\t<meta property=\"og:image:type\" content=\"image\/png\" \/>\n<meta name=\"twitter:card\" content=\"summary_large_image\" \/>\n<meta name=\"twitter:label1\" content=\"Tiempo de lectura\" \/>\n\t<meta name=\"twitter:data1\" content=\"2 minutos\" \/>\n<script type=\"application\/ld+json\" class=\"yoast-schema-graph\">{\"@context\":\"https:\/\/schema.org\",\"@graph\":[{\"@type\":\"WebPage\",\"@id\":\"https:\/\/sexshopbajolassabanas.mx\/?product=vagina-realista-con-voz\",\"url\":\"https:\/\/sexshopbajolassabanas.mx\/?product=vagina-realista-con-voz\",\"name\":\"Vagina realista con voz masturbadora - sexshopbajolassabanas.mx\",\"isPartOf\":{\"@id\":\"https:\/\/sexshopbajolassabanas.mx\/#website\"},\"datePublished\":\"2023-05-05T06:57:21+00:00\",\"dateModified\":\"2023-05-05T07:19:28+00:00\",\"description\":\"Vagina realista con voz masturbadora, incluye su bala vibradora para brindarte un mejor orgasmos, ponte los audifonos para escuchar sus gemidos.\",\"breadcrumb\":{\"@id\":\"https:\/\/sexshopbajolassabanas.mx\/?product=vagina-realista-con-voz#breadcrumb\"},\"inLanguage\":\"es\",\"potentialAction\":[{\"@type\":\"ReadAction\",\"target\":[\"https:\/\/sexshopbajolassabanas.mx\/?product=vagina-realista-con-voz\"]}]},{\"@type\":\"BreadcrumbList\",\"@id\":\"https:\/\/sexshopbajolassabanas.mx\/?product=vagina-realista-con-voz#breadcrumb\",\"itemListElement\":[{\"@type\":\"ListItem\",\"position\":1,\"name\":\"Inicio\",\"item\":\"https:\/\/sexshopbajolassabanas.mx\/\"},{\"@type\":\"ListItem\",\"position\":2,\"name\":\"Tienda\",\"item\":\"https:\/\/sexshopbajolassabanas.mx\/?page_id=38\"},{\"@type\":\"ListItem\",\"position\":3,\"name\":\"Vagina realista con voz masturbadora\"}]},{\"@type\":\"WebSite\",\"@id\":\"https:\/\/sexshopbajolassabanas.mx\/#website\",\"url\":\"https:\/\/sexshopbajolassabanas.mx\/\",\"name\":\"sexshopbajolassabanas.mx\",\"description\":\"Sex Shop Bajo Las Sabanas\",\"publisher\":{\"@id\":\"https:\/\/sexshopbajolassabanas.mx\/#organization\"},\"potentialAction\":[{\"@type\":\"SearchAction\",\"target\":{\"@type\":\"EntryPoint\",\"urlTemplate\":\"https:\/\/sexshopbajolassabanas.mx\/?s={search_term_string}\"},\"query-input\":\"required name=search_term_string\"}],\"inLanguage\":\"es\"},{\"@type\":\"Organization\",\"@id\":\"https:\/\/sexshopbajolassabanas.mx\/#organization\",\"name\":\"sexshopbajolassabanas.mx\",\"url\":\"https:\/\/sexshopbajolassabanas.mx\/\",\"logo\":{\"@type\":\"ImageObject\",\"inLanguage\":\"es\",\"@id\":\"https:\/\/sexshopbajolassabanas.mx\/#\/schema\/logo\/image\/\",\"url\":\"https:\/\/sexshopbajolassabanas.mx\/wp-content\/uploads\/2022\/08\/cropped-cropped-Sin-titulo-2_Mesa-de-trabajo-1.png\",\"contentUrl\":\"https:\/\/sexshopbajolassabanas.mx\/wp-content\/uploads\/2022\/08\/cropped-cropped-Sin-titulo-2_Mesa-de-trabajo-1.png\",\"width\":375,\"height\":375,\"caption\":\"sexshopbajolassabanas.mx\"},\"image\":{\"@id\":\"https:\/\/sexshopbajolassabanas.mx\/#\/schema\/logo\/image\/\"}}]}<\/script>\n<!-- \/ Yoast SEO plugin. -->","yoast_head_json":{"title":"Vagina realista con voz masturbadora - sexshopbajolassabanas.mx","description":"Vagina realista con voz masturbadora, incluye su bala vibradora para brindarte un mejor orgasmos, ponte los audifonos para escuchar sus gemidos.","robots":{"index":"index","follow":"follow","max-snippet":"max-snippet:-1","max-image-preview":"max-image-preview:large","max-video-preview":"max-video-preview:-1"},"canonical":"https:\/\/sexshopbajolassabanas.mx\/?product=vagina-realista-con-voz","og_locale":"es_MX","og_type":"article","og_title":"Vagina realista con voz masturbadora - sexshopbajolassabanas.mx","og_description":"Vagina realista con voz masturbadora, incluye su bala vibradora para brindarte un mejor orgasmos, ponte los audifonos para escuchar sus gemidos.","og_url":"https:\/\/sexshopbajolassabanas.mx\/?product=vagina-realista-con-voz","og_site_name":"sexshopbajolassabanas.mx","article_modified_time":"2023-05-05T07:19:28+00:00","og_image":[{"width":1080,"height":1080,"url":"http:\/\/sexshopbajolassabanas.mx\/wp-content\/uploads\/2023\/05\/7.png","type":"image\/png"}],"twitter_card":"summary_large_image","twitter_misc":{"Tiempo de lectura":"2 minutos"},"schema":{"@context":"https:\/\/schema.org","@graph":[{"@type":"WebPage","@id":"https:\/\/sexshopbajolassabanas.mx\/?product=vagina-realista-con-voz","url":"https:\/\/sexshopbajolassabanas.mx\/?product=vagina-realista-con-voz","name":"Vagina realista con voz masturbadora - sexshopbajolassabanas.mx","isPartOf":{"@id":"https:\/\/sexshopbajolassabanas.mx\/#website"},"datePublished":"2023-05-05T06:57:21+00:00","dateModified":"2023-05-05T07:19:28+00:00","description":"Vagina realista con voz masturbadora, incluye su bala vibradora para brindarte un mejor orgasmos, ponte los audifonos para escuchar sus gemidos.","breadcrumb":{"@id":"https:\/\/sexshopbajolassabanas.mx\/?product=vagina-realista-con-voz#breadcrumb"},"inLanguage":"es","potentialAction":[{"@type":"ReadAction","target":["https:\/\/sexshopbajolassabanas.mx\/?product=vagina-realista-con-voz"]}]},{"@type":"BreadcrumbList","@id":"https:\/\/sexshopbajolassabanas.mx\/?product=vagina-realista-con-voz#breadcrumb","itemListElement":[{"@type":"ListItem","position":1,"name":"Inicio","item":"https:\/\/sexshopbajolassabanas.mx\/"},{"@type":"ListItem","position":2,"name":"Tienda","item":"https:\/\/sexshopbajolassabanas.mx\/?page_id=38"},{"@type":"ListItem","position":3,"name":"Vagina realista con voz masturbadora"}]},{"@type":"WebSite","@id":"https:\/\/sexshopbajolassabanas.mx\/#website","url":"https:\/\/sexshopbajolassabanas.mx\/","name":"sexshopbajolassabanas.mx","description":"Sex Shop Bajo Las Sabanas","publisher":{"@id":"https:\/\/sexshopbajolassabanas.mx\/#organization"},"potentialAction":[{"@type":"SearchAction","target":{"@type":"EntryPoint","urlTemplate":"https:\/\/sexshopbajolassabanas.mx\/?s={search_term_string}"},"query-input":"required name=search_term_string"}],"inLanguage":"es"},{"@type":"Organization","@id":"https:\/\/sexshopbajolassabanas.mx\/#organization","name":"sexshopbajolassabanas.mx","url":"https:\/\/sexshopbajolassabanas.mx\/","logo":{"@type":"ImageObject","inLanguage":"es","@id":"https:\/\/sexshopbajolassabanas.mx\/#\/schema\/logo\/image\/","url":"https:\/\/sexshopbajolassabanas.mx\/wp-content\/uploads\/2022\/08\/cropped-cropped-Sin-titulo-2_Mesa-de-trabajo-1.png","contentUrl":"https:\/\/sexshopbajolassabanas.mx\/wp-content\/uploads\/2022\/08\/cropped-cropped-Sin-titulo-2_Mesa-de-trabajo-1.png","width":375,"height":375,"caption":"sexshopbajolassabanas.mx"},"image":{"@id":"https:\/\/sexshopbajolassabanas.mx\/#\/schema\/logo\/image\/"}}]}},"_links":{"self":[{"href":"https:\/\/sexshopbajolassabanas.mx\/index.php?rest_route=\/wp\/v2\/product\/7186","targetHints":{"allow":["GET"]}}],"collection":[{"href":"https:\/\/sexshopbajolassabanas.mx\/index.php?rest_route=\/wp\/v2\/product"}],"about":[{"href":"https:\/\/sexshopbajolassabanas.mx\/index.php?rest_route=\/wp\/v2\/types\/product"}],"replies":[{"embeddable":true,"href":"https:\/\/sexshopbajolassabanas.mx\/index.php?rest_route=%2Fwp%2Fv2%2Fcomments&post=7186"}],"version-history":[{"count":4,"href":"https:\/\/sexshopbajolassabanas.mx\/index.php?rest_route=\/wp\/v2\/product\/7186\/revisions"}],"predecessor-version":[{"id":7196,"href":"https:\/\/sexshopbajolassabanas.mx\/index.php?rest_route=\/wp\/v2\/product\/7186\/revisions\/7196"}],"wp:featuredmedia":[{"embeddable":true,"href":"https:\/\/sexshopbajolassabanas.mx\/index.php?rest_route=\/wp\/v2\/media\/7192"}],"wp:attachment":[{"href":"https:\/\/sexshopbajolassabanas.mx\/index.php?rest_route=%2Fwp%2Fv2%2Fmedia&parent=7186"}],"wp:term":[{"taxonomy":"product_cat","embeddable":true,"href":"https:\/\/sexshopbajolassabanas.mx\/index.php?rest_route=%2Fwp%2Fv2%2Fproduct_cat&post=7186"},{"taxonomy":"product_tag","embeddable":true,"href":"https:\/\/sexshopbajolassabanas.mx\/index.php?rest_route=%2Fwp%2Fv2%2Fproduct_tag&post=7186"},{"taxonomy":"giftcard-category","embeddable":true,"href":"https:\/\/sexshopbajolassabanas.mx\/index.php?rest_route=%2Fwp%2Fv2%2Fgiftcard-category&post=7186"}],"curies":[{"name":"wp","href":"https:\/\/api.w.org\/{rel}","templated":true}]}}