{"id":7398,"date":"2023-06-07T21:51:19","date_gmt":"2023-06-07T21:51:19","guid":{"rendered":"https:\/\/sexshopbajolassabanas.mx\/?post_type=product&#038;p=7398"},"modified":"2024-02-06T05:53:24","modified_gmt":"2024-02-06T05:53:24","slug":"estrechador-vaginal-en-crema","status":"publish","type":"product","link":"https:\/\/sexshopbajolassabanas.mx\/?product=estrechador-vaginal-en-crema","title":{"rendered":"Estrechador vaginal en crema"},"content":{"rendered":"<h3><span style=\"color: #ff00ff;\"><b>Estrechador vaginal \u00a1Entre m\u00e1s apretadita mejor!<\/b><\/span><\/h3>\n<p><span style=\"font-weight: 400;\">Sabemos que con el paso del tiempo , hijos, gen\u00e9tica, nuestra vagina va apretando menos cada d\u00eda, a veces no se siente igual de placentero que antes, tenemos un poco de debilitamiento, as\u00ed que la pregunta es\u00a0 \u00bfc\u00f3mo mantengo mi<\/span><span style=\"font-weight: 400;\"> vagina estrecha<\/span><span style=\"font-weight: 400;\">?. F\u00e1cil con estrechador vaginal.<\/span><\/p>\n<p><span style=\"font-weight: 400;\"><a href=\"https:\/\/sexshopbajolassabanas.mx\/?product_cat=sabaneras\">Sabanera<\/a>, estas en el lugar perfecto chica, por que tenemos una crema\u00a0<\/span><span style=\"font-weight: 400;\">estrechadora vaginal<\/span><span style=\"font-weight: 400;\">, que te ayudar\u00e1 a mantener tu <\/span><span style=\"font-weight: 400;\">vagina estrecha<\/span><span style=\"font-weight: 400;\"> cada que tu quieras, ser\u00e1 tu aliada perfecta para esos d\u00edas en donde el placer sexual lo quieres llevar a otro nivel, sorprende a tu pareja y tu sentirte tan excitada que los orgasmos vendr\u00e1n a ti todo el tiempo, al tener tu <\/span><span style=\"font-weight: 400;\">vagina estrecha <\/span><span style=\"font-weight: 400;\">permitir\u00e1 que ambos experimenten mayores sensaciones favorecedoras en el coito .<\/span><\/p>\n<p><span style=\"font-weight: 400;\">Nuestro estrechador de las paredes vaginales tiene un efecto temporal para recuperar la elasticidad.<\/span><\/p>\n<p>Contrae y estrecha labios vaginales que tu pareja va a disfrutar si o si a la hora de penetrar por que lo apretaras mas en el momento del coito, tanto el\u00a0<a href=\"https:\/\/sexshopbajolassabanas.mx\/?product_cat=sabaneros\">hombre<\/a> como la mujer tendr\u00e1n una sensaci\u00f3n mas excitante , al ser centrada y al penetrar<\/p>\n<p>Aumenta el romance<\/p>\n<p>Siente mas<\/p>\n<p><b>Presentaci\u00f3n:<\/b><span style=\"font-weight: 400;\">\u00a0Frasco cont 20 grs<\/span><\/p>\n<p><b>Modo de uso:<\/b><\/p>\n<p><span style=\"font-weight: 400;\">Introduzca una peque\u00f1a cantidad en las primeras 2&#8243; de la vagina y de un suave masaje, a<\/span>plica el producto en al \u00e1rea unos 5 min antes del acto sexual, para que surta efecto.<\/p>\n","protected":false},"excerpt":{"rendered":"<p>Estrechador vaginal en crema, contrae y estrecha labios vaginales que tu pareja va a disfrutar si o si a la hora de penetrar por que lo apretaras mas en el momento del coito, tanto el\u00a0<a href=\"https:\/\/sexshopbajolassabanas.mx\/?product_cat=sabaneros\">hombre<\/a> como la mujer tendr\u00e1n una sensaci\u00f3n mas excitante , al ser centrada y al penetrar.<\/p>\n","protected":false},"featured_media":7386,"comment_status":"open","ping_status":"closed","template":"","meta":{"om_disable_all_campaigns":false,"site-sidebar-layout":"default","site-content-layout":"default","ast-site-content-layout":"","site-content-style":"default","site-sidebar-style":"default","ast-global-header-display":"","ast-banner-title-visibility":"","ast-main-header-display":"","ast-hfb-above-header-display":"disabled","ast-hfb-below-header-display":"","ast-hfb-mobile-header-display":"","site-post-title":"","ast-breadcrumbs-content":"","ast-featured-img":"","footer-sml-layout":"","theme-transparent-header-meta":"default","adv-header-id-meta":"","stick-header-meta":"","header-above-stick-meta":"","header-main-stick-meta":"","header-below-stick-meta":"","astra-migrate-meta-layouts":"default","ast-page-background-enabled":"default","ast-page-background-meta":{"desktop":{"background-color":"","background-image":"","background-repeat":"repeat","background-position":"center center","background-size":"auto","background-attachment":"scroll","background-type":"","background-media":"","overlay-type":"","overlay-color":"","overlay-opacity":"","overlay-gradient":""},"tablet":{"background-color":"","background-image":"","background-repeat":"repeat","background-position":"center center","background-size":"auto","background-attachment":"scroll","background-type":"","background-media":"","overlay-type":"","overlay-color":"","overlay-opacity":"","overlay-gradient":""},"mobile":{"background-color":"","background-image":"","background-repeat":"repeat","background-position":"center center","background-size":"auto","background-attachment":"scroll","background-type":"","background-media":"","overlay-type":"","overlay-color":"","overlay-opacity":"","overlay-gradient":""}},"ast-content-background-meta":{"desktop":{"background-color":"var(--ast-global-color-5)","background-image":"","background-repeat":"repeat","background-position":"center center","background-size":"auto","background-attachment":"scroll","background-type":"","background-media":"","overlay-type":"","overlay-color":"","overlay-opacity":"","overlay-gradient":""},"tablet":{"background-color":"var(--ast-global-color-5)","background-image":"","background-repeat":"repeat","background-position":"center center","background-size":"auto","background-attachment":"scroll","background-type":"","background-media":"","overlay-type":"","overlay-color":"","overlay-opacity":"","overlay-gradient":""},"mobile":{"background-color":"var(--ast-global-color-5)","background-image":"","background-repeat":"repeat","background-position":"center center","background-size":"auto","background-attachment":"scroll","background-type":"","background-media":"","overlay-type":"","overlay-color":"","overlay-opacity":"","overlay-gradient":""}},"_joinchat":[]},"product_cat":[65,228,48,196],"product_tag":[],"giftcard-category":[],"class_list":{"0":"post-7398","1":"product","2":"type-product","3":"status-publish","4":"has-post-thumbnail","6":"product_cat-rendimiento-sexual","7":"product_cat-rendimiento-sexual-ella","8":"product_cat-sabaneras","9":"product_cat-sabaneres","10":"desktop-align-left","11":"tablet-align-left","12":"mobile-align-left","14":"first","15":"instock","16":"taxable","17":"shipping-taxable","18":"purchasable","19":"product-type-simple"},"yoast_head":"<!-- This site is optimized with the Yoast SEO plugin v20.5 - https:\/\/yoast.com\/wordpress\/plugins\/seo\/ -->\n<title>Estrechador vaginal en crema - sexshopbajolassabanas.mx<\/title>\n<meta name=\"description\" content=\"Estrechador vaginal contrae tu paredes vaginales, aprieta mejor el miembro de tu pareja en la penetraci\u00f3n y as\u00ed su excitaci\u00f3n aumenta.\" \/>\n<meta name=\"robots\" content=\"index, follow, max-snippet:-1, max-image-preview:large, max-video-preview:-1\" \/>\n<link rel=\"canonical\" href=\"https:\/\/sexshopbajolassabanas.mx\/?product=estrechador-vaginal-en-crema\" \/>\n<meta property=\"og:locale\" content=\"es_MX\" \/>\n<meta property=\"og:type\" content=\"article\" \/>\n<meta property=\"og:title\" content=\"Estrechador vaginal en crema - sexshopbajolassabanas.mx\" \/>\n<meta property=\"og:description\" content=\"Estrechador vaginal contrae tu paredes vaginales, aprieta mejor el miembro de tu pareja en la penetraci\u00f3n y as\u00ed su excitaci\u00f3n aumenta.\" \/>\n<meta property=\"og:url\" content=\"https:\/\/sexshopbajolassabanas.mx\/?product=estrechador-vaginal-en-crema\" \/>\n<meta property=\"og:site_name\" content=\"sexshopbajolassabanas.mx\" \/>\n<meta property=\"article:modified_time\" content=\"2024-02-06T05:53:24+00:00\" \/>\n<meta property=\"og:image\" content=\"http:\/\/sexshopbajolassabanas.mx\/wp-content\/uploads\/2022\/11\/2-1.png\" \/>\n\t<meta property=\"og:image:width\" content=\"1080\" \/>\n\t<meta property=\"og:image:height\" content=\"1080\" \/>\n\t<meta property=\"og:image:type\" content=\"image\/png\" \/>\n<meta name=\"twitter:card\" content=\"summary_large_image\" \/>\n<meta name=\"twitter:label1\" content=\"Tiempo de lectura\" \/>\n\t<meta name=\"twitter:data1\" content=\"2 minutos\" \/>\n<script type=\"application\/ld+json\" class=\"yoast-schema-graph\">{\"@context\":\"https:\/\/schema.org\",\"@graph\":[{\"@type\":\"WebPage\",\"@id\":\"https:\/\/sexshopbajolassabanas.mx\/?product=estrechador-vaginal-en-crema\",\"url\":\"https:\/\/sexshopbajolassabanas.mx\/?product=estrechador-vaginal-en-crema\",\"name\":\"Estrechador vaginal en crema - sexshopbajolassabanas.mx\",\"isPartOf\":{\"@id\":\"https:\/\/sexshopbajolassabanas.mx\/#website\"},\"datePublished\":\"2023-06-07T21:51:19+00:00\",\"dateModified\":\"2024-02-06T05:53:24+00:00\",\"description\":\"Estrechador vaginal contrae tu paredes vaginales, aprieta mejor el miembro de tu pareja en la penetraci\u00f3n y as\u00ed su excitaci\u00f3n aumenta.\",\"breadcrumb\":{\"@id\":\"https:\/\/sexshopbajolassabanas.mx\/?product=estrechador-vaginal-en-crema#breadcrumb\"},\"inLanguage\":\"es\",\"potentialAction\":[{\"@type\":\"ReadAction\",\"target\":[\"https:\/\/sexshopbajolassabanas.mx\/?product=estrechador-vaginal-en-crema\"]}]},{\"@type\":\"BreadcrumbList\",\"@id\":\"https:\/\/sexshopbajolassabanas.mx\/?product=estrechador-vaginal-en-crema#breadcrumb\",\"itemListElement\":[{\"@type\":\"ListItem\",\"position\":1,\"name\":\"Inicio\",\"item\":\"https:\/\/sexshopbajolassabanas.mx\/\"},{\"@type\":\"ListItem\",\"position\":2,\"name\":\"Tienda\",\"item\":\"https:\/\/sexshopbajolassabanas.mx\/?page_id=38\"},{\"@type\":\"ListItem\",\"position\":3,\"name\":\"Estrechador vaginal en crema\"}]},{\"@type\":\"WebSite\",\"@id\":\"https:\/\/sexshopbajolassabanas.mx\/#website\",\"url\":\"https:\/\/sexshopbajolassabanas.mx\/\",\"name\":\"sexshopbajolassabanas.mx\",\"description\":\"Sex Shop Bajo Las Sabanas\",\"publisher\":{\"@id\":\"https:\/\/sexshopbajolassabanas.mx\/#organization\"},\"potentialAction\":[{\"@type\":\"SearchAction\",\"target\":{\"@type\":\"EntryPoint\",\"urlTemplate\":\"https:\/\/sexshopbajolassabanas.mx\/?s={search_term_string}\"},\"query-input\":\"required name=search_term_string\"}],\"inLanguage\":\"es\"},{\"@type\":\"Organization\",\"@id\":\"https:\/\/sexshopbajolassabanas.mx\/#organization\",\"name\":\"sexshopbajolassabanas.mx\",\"url\":\"https:\/\/sexshopbajolassabanas.mx\/\",\"logo\":{\"@type\":\"ImageObject\",\"inLanguage\":\"es\",\"@id\":\"https:\/\/sexshopbajolassabanas.mx\/#\/schema\/logo\/image\/\",\"url\":\"https:\/\/sexshopbajolassabanas.mx\/wp-content\/uploads\/2022\/08\/cropped-cropped-Sin-titulo-2_Mesa-de-trabajo-1.png\",\"contentUrl\":\"https:\/\/sexshopbajolassabanas.mx\/wp-content\/uploads\/2022\/08\/cropped-cropped-Sin-titulo-2_Mesa-de-trabajo-1.png\",\"width\":375,\"height\":375,\"caption\":\"sexshopbajolassabanas.mx\"},\"image\":{\"@id\":\"https:\/\/sexshopbajolassabanas.mx\/#\/schema\/logo\/image\/\"}}]}<\/script>\n<!-- \/ Yoast SEO plugin. -->","yoast_head_json":{"title":"Estrechador vaginal en crema - sexshopbajolassabanas.mx","description":"Estrechador vaginal contrae tu paredes vaginales, aprieta mejor el miembro de tu pareja en la penetraci\u00f3n y as\u00ed su excitaci\u00f3n aumenta.","robots":{"index":"index","follow":"follow","max-snippet":"max-snippet:-1","max-image-preview":"max-image-preview:large","max-video-preview":"max-video-preview:-1"},"canonical":"https:\/\/sexshopbajolassabanas.mx\/?product=estrechador-vaginal-en-crema","og_locale":"es_MX","og_type":"article","og_title":"Estrechador vaginal en crema - sexshopbajolassabanas.mx","og_description":"Estrechador vaginal contrae tu paredes vaginales, aprieta mejor el miembro de tu pareja en la penetraci\u00f3n y as\u00ed su excitaci\u00f3n aumenta.","og_url":"https:\/\/sexshopbajolassabanas.mx\/?product=estrechador-vaginal-en-crema","og_site_name":"sexshopbajolassabanas.mx","article_modified_time":"2024-02-06T05:53:24+00:00","og_image":[{"width":1080,"height":1080,"url":"http:\/\/sexshopbajolassabanas.mx\/wp-content\/uploads\/2022\/11\/2-1.png","type":"image\/png"}],"twitter_card":"summary_large_image","twitter_misc":{"Tiempo de lectura":"2 minutos"},"schema":{"@context":"https:\/\/schema.org","@graph":[{"@type":"WebPage","@id":"https:\/\/sexshopbajolassabanas.mx\/?product=estrechador-vaginal-en-crema","url":"https:\/\/sexshopbajolassabanas.mx\/?product=estrechador-vaginal-en-crema","name":"Estrechador vaginal en crema - sexshopbajolassabanas.mx","isPartOf":{"@id":"https:\/\/sexshopbajolassabanas.mx\/#website"},"datePublished":"2023-06-07T21:51:19+00:00","dateModified":"2024-02-06T05:53:24+00:00","description":"Estrechador vaginal contrae tu paredes vaginales, aprieta mejor el miembro de tu pareja en la penetraci\u00f3n y as\u00ed su excitaci\u00f3n aumenta.","breadcrumb":{"@id":"https:\/\/sexshopbajolassabanas.mx\/?product=estrechador-vaginal-en-crema#breadcrumb"},"inLanguage":"es","potentialAction":[{"@type":"ReadAction","target":["https:\/\/sexshopbajolassabanas.mx\/?product=estrechador-vaginal-en-crema"]}]},{"@type":"BreadcrumbList","@id":"https:\/\/sexshopbajolassabanas.mx\/?product=estrechador-vaginal-en-crema#breadcrumb","itemListElement":[{"@type":"ListItem","position":1,"name":"Inicio","item":"https:\/\/sexshopbajolassabanas.mx\/"},{"@type":"ListItem","position":2,"name":"Tienda","item":"https:\/\/sexshopbajolassabanas.mx\/?page_id=38"},{"@type":"ListItem","position":3,"name":"Estrechador vaginal en crema"}]},{"@type":"WebSite","@id":"https:\/\/sexshopbajolassabanas.mx\/#website","url":"https:\/\/sexshopbajolassabanas.mx\/","name":"sexshopbajolassabanas.mx","description":"Sex Shop Bajo Las Sabanas","publisher":{"@id":"https:\/\/sexshopbajolassabanas.mx\/#organization"},"potentialAction":[{"@type":"SearchAction","target":{"@type":"EntryPoint","urlTemplate":"https:\/\/sexshopbajolassabanas.mx\/?s={search_term_string}"},"query-input":"required name=search_term_string"}],"inLanguage":"es"},{"@type":"Organization","@id":"https:\/\/sexshopbajolassabanas.mx\/#organization","name":"sexshopbajolassabanas.mx","url":"https:\/\/sexshopbajolassabanas.mx\/","logo":{"@type":"ImageObject","inLanguage":"es","@id":"https:\/\/sexshopbajolassabanas.mx\/#\/schema\/logo\/image\/","url":"https:\/\/sexshopbajolassabanas.mx\/wp-content\/uploads\/2022\/08\/cropped-cropped-Sin-titulo-2_Mesa-de-trabajo-1.png","contentUrl":"https:\/\/sexshopbajolassabanas.mx\/wp-content\/uploads\/2022\/08\/cropped-cropped-Sin-titulo-2_Mesa-de-trabajo-1.png","width":375,"height":375,"caption":"sexshopbajolassabanas.mx"},"image":{"@id":"https:\/\/sexshopbajolassabanas.mx\/#\/schema\/logo\/image\/"}}]}},"_links":{"self":[{"href":"https:\/\/sexshopbajolassabanas.mx\/index.php?rest_route=\/wp\/v2\/product\/7398","targetHints":{"allow":["GET"]}}],"collection":[{"href":"https:\/\/sexshopbajolassabanas.mx\/index.php?rest_route=\/wp\/v2\/product"}],"about":[{"href":"https:\/\/sexshopbajolassabanas.mx\/index.php?rest_route=\/wp\/v2\/types\/product"}],"replies":[{"embeddable":true,"href":"https:\/\/sexshopbajolassabanas.mx\/index.php?rest_route=%2Fwp%2Fv2%2Fcomments&post=7398"}],"version-history":[{"count":3,"href":"https:\/\/sexshopbajolassabanas.mx\/index.php?rest_route=\/wp\/v2\/product\/7398\/revisions"}],"predecessor-version":[{"id":7401,"href":"https:\/\/sexshopbajolassabanas.mx\/index.php?rest_route=\/wp\/v2\/product\/7398\/revisions\/7401"}],"wp:featuredmedia":[{"embeddable":true,"href":"https:\/\/sexshopbajolassabanas.mx\/index.php?rest_route=\/wp\/v2\/media\/7386"}],"wp:attachment":[{"href":"https:\/\/sexshopbajolassabanas.mx\/index.php?rest_route=%2Fwp%2Fv2%2Fmedia&parent=7398"}],"wp:term":[{"taxonomy":"product_cat","embeddable":true,"href":"https:\/\/sexshopbajolassabanas.mx\/index.php?rest_route=%2Fwp%2Fv2%2Fproduct_cat&post=7398"},{"taxonomy":"product_tag","embeddable":true,"href":"https:\/\/sexshopbajolassabanas.mx\/index.php?rest_route=%2Fwp%2Fv2%2Fproduct_tag&post=7398"},{"taxonomy":"giftcard-category","embeddable":true,"href":"https:\/\/sexshopbajolassabanas.mx\/index.php?rest_route=%2Fwp%2Fv2%2Fgiftcard-category&post=7398"}],"curies":[{"name":"wp","href":"https:\/\/api.w.org\/{rel}","templated":true}]}}