{"id":7412,"date":"2023-06-08T20:43:05","date_gmt":"2023-06-08T20:43:05","guid":{"rendered":"https:\/\/sexshopbajolassabanas.mx\/?post_type=product&#038;p=7412"},"modified":"2025-06-03T21:08:47","modified_gmt":"2025-06-03T21:08:47","slug":"multiorgasmico-lubricante","status":"publish","type":"product","link":"https:\/\/sexshopbajolassabanas.mx\/?product=multiorgasmico-lubricante","title":{"rendered":"Multiorg\u00e1smico lubricante"},"content":{"rendered":"<h3><span style=\"color: #800000;\"><b>\u00a1Multiorg\u00e1smico lubricante vaginal intimo y excitante!<\/b><\/span><\/h3>\n<p>\u00bfSientes que el apetito sexual de tu pareja ha disminuido? No te preocupes Sabaner@, ha llegado a <a href=\"https:\/\/sexshopbajolassabanas.mx\/\">Bajo las\u00a0 S\u00e1banas<\/a> este multiorg\u00e1smico lubricante\u00a0el cual ser\u00e1 tu c\u00f3mplice perfecto al momento de aumentar el deseo de tu pareja. Este multiorg\u00e1smico lubricante \u00a0despertar\u00e1n el deseo y apetito sexual de tu pareja, permiti\u00e9ndoles disfrutar momentos de mucho placer, el efecto multiorg\u00e1smico ayudara a una mejor erecci\u00f3n en tu cl\u00edtoris y por ente tendr\u00e1s m\u00faltiples orgasmos . Este lubricante base agua es transparente, no deja una sensaci\u00f3n grasosa y por supuesto no mancha.<\/p>\n<p>Gel lubricante con L-Arginina, un amino\u00e1cido de origen natural con capacidad vasodilatadora, especialmente formulado para aumentar la excitaci\u00f3n y sensibilidad en el cl\u00edtoris, facilitando orgasmos m\u00e1s intensos y m\u00e1s r\u00e1pidos <span class=\"Apple-converted-space\">\u00a0<\/span><\/p>\n<p><b>Presentaci\u00f3n: <\/b>Botella de 30 mililitros.<\/p>\n<p><b>Tipo de Lubricante:<\/b> Lubricante base agua<\/p>\n<p><b>Forma de uso<\/b><b>: <\/b>Para utilizar este <a href=\"https:\/\/sexshopbajolassabanas.mx\/?product_cat=lubricantes-vaginales\">lubricante vaginal<\/a>, aplica una peque\u00f1a cantidad de producto en el \u00e1rea vaginal \u00a0las feromonas provocaran un deseo mas intenso en tu pareja. Una vez logrado el efecto, puedes utilizar otro lubricante comestible para tener relaciones m\u00e1s placenteras.<\/p>\n<p><b>Cuidados:<\/b> Cons\u00e9rvese cerrado en un lugar fresco no mayor a 30\u00ba. Prot\u00e9jase de la luz solar y el polvo con una bolsa hipoalerg\u00e9nica.<\/p>\n","protected":false},"excerpt":{"rendered":"<p>Multiorg\u00e1smico lubricante es un amino\u00e1cido de origen natural con capacidad vaso dilatadora, especialmente formulado para aumentar la excitaci\u00f3n y sensibilidad en el cl\u00edtoris, facilitando orgasmos m\u00e1s intensos y m\u00e1s r\u00e1pido.<\/p>\n","protected":false},"featured_media":7418,"comment_status":"open","ping_status":"closed","template":"","meta":{"om_disable_all_campaigns":false,"site-sidebar-layout":"default","site-content-layout":"default","ast-site-content-layout":"","site-content-style":"default","site-sidebar-style":"default","ast-global-header-display":"","ast-banner-title-visibility":"","ast-main-header-display":"","ast-hfb-above-header-display":"disabled","ast-hfb-below-header-display":"","ast-hfb-mobile-header-display":"","site-post-title":"","ast-breadcrumbs-content":"","ast-featured-img":"","footer-sml-layout":"","theme-transparent-header-meta":"default","adv-header-id-meta":"","stick-header-meta":"","header-above-stick-meta":"","header-main-stick-meta":"","header-below-stick-meta":"","astra-migrate-meta-layouts":"default","ast-page-background-enabled":"default","ast-page-background-meta":{"desktop":{"background-color":"","background-image":"","background-repeat":"repeat","background-position":"center center","background-size":"auto","background-attachment":"scroll","background-type":"","background-media":"","overlay-type":"","overlay-color":"","overlay-opacity":"","overlay-gradient":""},"tablet":{"background-color":"","background-image":"","background-repeat":"repeat","background-position":"center center","background-size":"auto","background-attachment":"scroll","background-type":"","background-media":"","overlay-type":"","overlay-color":"","overlay-opacity":"","overlay-gradient":""},"mobile":{"background-color":"","background-image":"","background-repeat":"repeat","background-position":"center center","background-size":"auto","background-attachment":"scroll","background-type":"","background-media":"","overlay-type":"","overlay-color":"","overlay-opacity":"","overlay-gradient":""}},"ast-content-background-meta":{"desktop":{"background-color":"var(--ast-global-color-5)","background-image":"","background-repeat":"repeat","background-position":"center center","background-size":"auto","background-attachment":"scroll","background-type":"","background-media":"","overlay-type":"","overlay-color":"","overlay-opacity":"","overlay-gradient":""},"tablet":{"background-color":"var(--ast-global-color-5)","background-image":"","background-repeat":"repeat","background-position":"center center","background-size":"auto","background-attachment":"scroll","background-type":"","background-media":"","overlay-type":"","overlay-color":"","overlay-opacity":"","overlay-gradient":""},"mobile":{"background-color":"var(--ast-global-color-5)","background-image":"","background-repeat":"repeat","background-position":"center center","background-size":"auto","background-attachment":"scroll","background-type":"","background-media":"","overlay-type":"","overlay-color":"","overlay-opacity":"","overlay-gradient":""}},"_joinchat":[]},"product_cat":[78,74,161,65,228],"product_tag":[],"giftcard-category":[],"class_list":{"0":"post-7412","1":"product","2":"type-product","3":"status-publish","4":"has-post-thumbnail","6":"product_cat-escenciales","7":"product_cat-lubricantes","8":"product_cat-lubricantes-vaginales","9":"product_cat-rendimiento-sexual","10":"product_cat-rendimiento-sexual-ella","11":"desktop-align-left","12":"tablet-align-left","13":"mobile-align-left","15":"first","16":"instock","17":"taxable","18":"shipping-taxable","19":"purchasable","20":"product-type-simple"},"yoast_head":"<!-- This site is optimized with the Yoast SEO plugin v20.5 - https:\/\/yoast.com\/wordpress\/plugins\/seo\/ -->\n<title>Multiorg\u00e1smico lubricante - sexshopbajolassabanas.mx<\/title>\n<meta name=\"description\" content=\"Multiorg\u00e1smicos lubricante especialmente formuladopara aumentar la excitaci\u00f3n y sensibilidad enel cl\u00edtoris, facilitando orgasmos m\u00e1s intensosy m\u00e1s r\u00e1pidos\" \/>\n<meta name=\"robots\" content=\"index, follow, max-snippet:-1, max-image-preview:large, max-video-preview:-1\" \/>\n<link rel=\"canonical\" href=\"https:\/\/sexshopbajolassabanas.mx\/?product=multiorgasmico-lubricante\" \/>\n<meta property=\"og:locale\" content=\"es_MX\" \/>\n<meta property=\"og:type\" content=\"article\" \/>\n<meta property=\"og:title\" content=\"Multiorg\u00e1smico lubricante - sexshopbajolassabanas.mx\" \/>\n<meta property=\"og:description\" content=\"Multiorg\u00e1smicos lubricante especialmente formuladopara aumentar la excitaci\u00f3n y sensibilidad enel cl\u00edtoris, facilitando orgasmos m\u00e1s intensosy m\u00e1s r\u00e1pidos\" \/>\n<meta property=\"og:url\" content=\"https:\/\/sexshopbajolassabanas.mx\/?product=multiorgasmico-lubricante\" \/>\n<meta property=\"og:site_name\" content=\"sexshopbajolassabanas.mx\" \/>\n<meta property=\"article:modified_time\" content=\"2025-06-03T21:08:47+00:00\" \/>\n<meta property=\"og:image\" content=\"http:\/\/sexshopbajolassabanas.mx\/wp-content\/uploads\/2023\/06\/multiorgasmico.png\" \/>\n\t<meta property=\"og:image:width\" content=\"1080\" \/>\n\t<meta property=\"og:image:height\" content=\"1080\" \/>\n\t<meta property=\"og:image:type\" content=\"image\/png\" \/>\n<meta name=\"twitter:card\" content=\"summary_large_image\" \/>\n<meta name=\"twitter:label1\" content=\"Tiempo de lectura\" \/>\n\t<meta name=\"twitter:data1\" content=\"1 minuto\" \/>\n<script type=\"application\/ld+json\" class=\"yoast-schema-graph\">{\"@context\":\"https:\/\/schema.org\",\"@graph\":[{\"@type\":\"WebPage\",\"@id\":\"https:\/\/sexshopbajolassabanas.mx\/?product=multiorgasmico-lubricante\",\"url\":\"https:\/\/sexshopbajolassabanas.mx\/?product=multiorgasmico-lubricante\",\"name\":\"Multiorg\u00e1smico lubricante - sexshopbajolassabanas.mx\",\"isPartOf\":{\"@id\":\"https:\/\/sexshopbajolassabanas.mx\/#website\"},\"datePublished\":\"2023-06-08T20:43:05+00:00\",\"dateModified\":\"2025-06-03T21:08:47+00:00\",\"description\":\"Multiorg\u00e1smicos lubricante especialmente formuladopara aumentar la excitaci\u00f3n y sensibilidad enel cl\u00edtoris, facilitando orgasmos m\u00e1s intensosy m\u00e1s r\u00e1pidos\",\"breadcrumb\":{\"@id\":\"https:\/\/sexshopbajolassabanas.mx\/?product=multiorgasmico-lubricante#breadcrumb\"},\"inLanguage\":\"es\",\"potentialAction\":[{\"@type\":\"ReadAction\",\"target\":[\"https:\/\/sexshopbajolassabanas.mx\/?product=multiorgasmico-lubricante\"]}]},{\"@type\":\"BreadcrumbList\",\"@id\":\"https:\/\/sexshopbajolassabanas.mx\/?product=multiorgasmico-lubricante#breadcrumb\",\"itemListElement\":[{\"@type\":\"ListItem\",\"position\":1,\"name\":\"Inicio\",\"item\":\"https:\/\/sexshopbajolassabanas.mx\/\"},{\"@type\":\"ListItem\",\"position\":2,\"name\":\"Tienda\",\"item\":\"https:\/\/sexshopbajolassabanas.mx\/?page_id=38\"},{\"@type\":\"ListItem\",\"position\":3,\"name\":\"Multiorg\u00e1smico lubricante\"}]},{\"@type\":\"WebSite\",\"@id\":\"https:\/\/sexshopbajolassabanas.mx\/#website\",\"url\":\"https:\/\/sexshopbajolassabanas.mx\/\",\"name\":\"sexshopbajolassabanas.mx\",\"description\":\"Sex Shop Bajo Las Sabanas\",\"publisher\":{\"@id\":\"https:\/\/sexshopbajolassabanas.mx\/#organization\"},\"potentialAction\":[{\"@type\":\"SearchAction\",\"target\":{\"@type\":\"EntryPoint\",\"urlTemplate\":\"https:\/\/sexshopbajolassabanas.mx\/?s={search_term_string}\"},\"query-input\":\"required name=search_term_string\"}],\"inLanguage\":\"es\"},{\"@type\":\"Organization\",\"@id\":\"https:\/\/sexshopbajolassabanas.mx\/#organization\",\"name\":\"sexshopbajolassabanas.mx\",\"url\":\"https:\/\/sexshopbajolassabanas.mx\/\",\"logo\":{\"@type\":\"ImageObject\",\"inLanguage\":\"es\",\"@id\":\"https:\/\/sexshopbajolassabanas.mx\/#\/schema\/logo\/image\/\",\"url\":\"https:\/\/sexshopbajolassabanas.mx\/wp-content\/uploads\/2022\/08\/cropped-cropped-Sin-titulo-2_Mesa-de-trabajo-1.png\",\"contentUrl\":\"https:\/\/sexshopbajolassabanas.mx\/wp-content\/uploads\/2022\/08\/cropped-cropped-Sin-titulo-2_Mesa-de-trabajo-1.png\",\"width\":375,\"height\":375,\"caption\":\"sexshopbajolassabanas.mx\"},\"image\":{\"@id\":\"https:\/\/sexshopbajolassabanas.mx\/#\/schema\/logo\/image\/\"}}]}<\/script>\n<!-- \/ Yoast SEO plugin. -->","yoast_head_json":{"title":"Multiorg\u00e1smico lubricante - sexshopbajolassabanas.mx","description":"Multiorg\u00e1smicos lubricante especialmente formuladopara aumentar la excitaci\u00f3n y sensibilidad enel cl\u00edtoris, facilitando orgasmos m\u00e1s intensosy m\u00e1s r\u00e1pidos","robots":{"index":"index","follow":"follow","max-snippet":"max-snippet:-1","max-image-preview":"max-image-preview:large","max-video-preview":"max-video-preview:-1"},"canonical":"https:\/\/sexshopbajolassabanas.mx\/?product=multiorgasmico-lubricante","og_locale":"es_MX","og_type":"article","og_title":"Multiorg\u00e1smico lubricante - sexshopbajolassabanas.mx","og_description":"Multiorg\u00e1smicos lubricante especialmente formuladopara aumentar la excitaci\u00f3n y sensibilidad enel cl\u00edtoris, facilitando orgasmos m\u00e1s intensosy m\u00e1s r\u00e1pidos","og_url":"https:\/\/sexshopbajolassabanas.mx\/?product=multiorgasmico-lubricante","og_site_name":"sexshopbajolassabanas.mx","article_modified_time":"2025-06-03T21:08:47+00:00","og_image":[{"width":1080,"height":1080,"url":"http:\/\/sexshopbajolassabanas.mx\/wp-content\/uploads\/2023\/06\/multiorgasmico.png","type":"image\/png"}],"twitter_card":"summary_large_image","twitter_misc":{"Tiempo de lectura":"1 minuto"},"schema":{"@context":"https:\/\/schema.org","@graph":[{"@type":"WebPage","@id":"https:\/\/sexshopbajolassabanas.mx\/?product=multiorgasmico-lubricante","url":"https:\/\/sexshopbajolassabanas.mx\/?product=multiorgasmico-lubricante","name":"Multiorg\u00e1smico lubricante - sexshopbajolassabanas.mx","isPartOf":{"@id":"https:\/\/sexshopbajolassabanas.mx\/#website"},"datePublished":"2023-06-08T20:43:05+00:00","dateModified":"2025-06-03T21:08:47+00:00","description":"Multiorg\u00e1smicos lubricante especialmente formuladopara aumentar la excitaci\u00f3n y sensibilidad enel cl\u00edtoris, facilitando orgasmos m\u00e1s intensosy m\u00e1s r\u00e1pidos","breadcrumb":{"@id":"https:\/\/sexshopbajolassabanas.mx\/?product=multiorgasmico-lubricante#breadcrumb"},"inLanguage":"es","potentialAction":[{"@type":"ReadAction","target":["https:\/\/sexshopbajolassabanas.mx\/?product=multiorgasmico-lubricante"]}]},{"@type":"BreadcrumbList","@id":"https:\/\/sexshopbajolassabanas.mx\/?product=multiorgasmico-lubricante#breadcrumb","itemListElement":[{"@type":"ListItem","position":1,"name":"Inicio","item":"https:\/\/sexshopbajolassabanas.mx\/"},{"@type":"ListItem","position":2,"name":"Tienda","item":"https:\/\/sexshopbajolassabanas.mx\/?page_id=38"},{"@type":"ListItem","position":3,"name":"Multiorg\u00e1smico lubricante"}]},{"@type":"WebSite","@id":"https:\/\/sexshopbajolassabanas.mx\/#website","url":"https:\/\/sexshopbajolassabanas.mx\/","name":"sexshopbajolassabanas.mx","description":"Sex Shop Bajo Las Sabanas","publisher":{"@id":"https:\/\/sexshopbajolassabanas.mx\/#organization"},"potentialAction":[{"@type":"SearchAction","target":{"@type":"EntryPoint","urlTemplate":"https:\/\/sexshopbajolassabanas.mx\/?s={search_term_string}"},"query-input":"required name=search_term_string"}],"inLanguage":"es"},{"@type":"Organization","@id":"https:\/\/sexshopbajolassabanas.mx\/#organization","name":"sexshopbajolassabanas.mx","url":"https:\/\/sexshopbajolassabanas.mx\/","logo":{"@type":"ImageObject","inLanguage":"es","@id":"https:\/\/sexshopbajolassabanas.mx\/#\/schema\/logo\/image\/","url":"https:\/\/sexshopbajolassabanas.mx\/wp-content\/uploads\/2022\/08\/cropped-cropped-Sin-titulo-2_Mesa-de-trabajo-1.png","contentUrl":"https:\/\/sexshopbajolassabanas.mx\/wp-content\/uploads\/2022\/08\/cropped-cropped-Sin-titulo-2_Mesa-de-trabajo-1.png","width":375,"height":375,"caption":"sexshopbajolassabanas.mx"},"image":{"@id":"https:\/\/sexshopbajolassabanas.mx\/#\/schema\/logo\/image\/"}}]}},"_links":{"self":[{"href":"https:\/\/sexshopbajolassabanas.mx\/index.php?rest_route=\/wp\/v2\/product\/7412","targetHints":{"allow":["GET"]}}],"collection":[{"href":"https:\/\/sexshopbajolassabanas.mx\/index.php?rest_route=\/wp\/v2\/product"}],"about":[{"href":"https:\/\/sexshopbajolassabanas.mx\/index.php?rest_route=\/wp\/v2\/types\/product"}],"replies":[{"embeddable":true,"href":"https:\/\/sexshopbajolassabanas.mx\/index.php?rest_route=%2Fwp%2Fv2%2Fcomments&post=7412"}],"version-history":[{"count":4,"href":"https:\/\/sexshopbajolassabanas.mx\/index.php?rest_route=\/wp\/v2\/product\/7412\/revisions"}],"predecessor-version":[{"id":7857,"href":"https:\/\/sexshopbajolassabanas.mx\/index.php?rest_route=\/wp\/v2\/product\/7412\/revisions\/7857"}],"wp:featuredmedia":[{"embeddable":true,"href":"https:\/\/sexshopbajolassabanas.mx\/index.php?rest_route=\/wp\/v2\/media\/7418"}],"wp:attachment":[{"href":"https:\/\/sexshopbajolassabanas.mx\/index.php?rest_route=%2Fwp%2Fv2%2Fmedia&parent=7412"}],"wp:term":[{"taxonomy":"product_cat","embeddable":true,"href":"https:\/\/sexshopbajolassabanas.mx\/index.php?rest_route=%2Fwp%2Fv2%2Fproduct_cat&post=7412"},{"taxonomy":"product_tag","embeddable":true,"href":"https:\/\/sexshopbajolassabanas.mx\/index.php?rest_route=%2Fwp%2Fv2%2Fproduct_tag&post=7412"},{"taxonomy":"giftcard-category","embeddable":true,"href":"https:\/\/sexshopbajolassabanas.mx\/index.php?rest_route=%2Fwp%2Fv2%2Fgiftcard-category&post=7412"}],"curies":[{"name":"wp","href":"https:\/\/api.w.org\/{rel}","templated":true}]}}