{"id":7431,"date":"2023-06-08T21:54:14","date_gmt":"2023-06-08T21:54:14","guid":{"rendered":"https:\/\/sexshopbajolassabanas.mx\/?post_type=product&#038;p=7431"},"modified":"2025-06-03T21:08:30","modified_gmt":"2025-06-03T21:08:30","slug":"anillo-de-presion-para-pene","status":"publish","type":"product","link":"https:\/\/sexshopbajolassabanas.mx\/?product=anillo-de-presion-para-pene","title":{"rendered":"Anillo de presi\u00f3n para pene"},"content":{"rendered":"<h3><span style=\"color: #ff6600;\"><b>\u00a1Anillo de presi\u00f3n aumenta el tiempo de tus erecciones!<\/b><\/span><\/h3>\n<p><a href=\"https:\/\/sexshopbajolassabanas.mx\/?product_cat=sabaneros\">Sabanero,<\/a> si lo que te preocupa es tener alguna disfunci\u00f3n er\u00e9ctil al momento de estar con tu pareja, \u00a1No te preocupes! Aqu\u00ed en <a href=\"https:\/\/sexshopbajolassabanas.mx\/\">Bajo las\u00a0 S\u00e1banas<\/a> encontrar\u00e1s este anillo de presi\u00f3n \u00a0para pene que te ayuda para mantener la erecci\u00f3n el cual te permitir\u00e1 aumentar tu resistencia al momento de sentir los movimientos de tu pareja. Mejoran la sensibilidad y brindan un soporte para tu pene. <b>\u00a1Controla tu eyaculaci\u00f3n y estimula a tu pareja por mucho m\u00e1s tiempo!<\/b><\/p>\n<p><b>Presentaci\u00f3n:<\/b>\u00a03 anillos con textura penetrable.<\/p>\n<p><b>Material: <\/b>Silicona<b>\u00a0<\/b><\/p>\n<p><b>Forma de uso<\/b><b>: <\/b>Primero debes<a href=\"https:\/\/sexshopbajolassabanas.mx\/?product_cat=lubricantes-vaginales\"> lubricar<\/a> la base de tu pene. Una vez se haya conseguido una erecci\u00f3n suficiente para poder mantener relaciones, lubrica el anillo para que se deslice correctamente y col\u00f3calo en la base del pene y\/o escroto.<\/p>\n<p>La presi\u00f3n que realiza el anillo para erecci\u00f3n en la base del pene y\/o escroto permite mantener la sangre en el miembro viril, prolongando as\u00ed el tiempo en que se mantiene la erecci\u00f3n y retardando el retorno del flujo de sangre desde el pene hacia tu cuerpo.<\/p>\n<p><b>Cuidados:<\/b> Despu\u00e9s del uso se recomienda limpiarlo con agua y jab\u00f3n suave sin aroma o con nuestros limpiadores para juguetes. Cons\u00e9rvese cerrado en un lugar fresco no mayor a 30\u00ba. Prot\u00e9jase de la luz solar y el polvo.<\/p>\n<p>NOTA: El color y la textura puede varias dependiendo la disponibilidad.<\/p>\n","protected":false},"excerpt":{"rendered":"<p>Anillo de presi\u00f3n texturizado para pene que te ayuda para mantener la erecci\u00f3n el cual te permitir\u00e1 aumentar tu resistencia al momento de sentir los movimientos de tu pareja<\/p>\n","protected":false},"featured_media":7438,"comment_status":"open","ping_status":"closed","template":"","meta":{"om_disable_all_campaigns":false,"site-sidebar-layout":"default","site-content-layout":"default","ast-site-content-layout":"","site-content-style":"default","site-sidebar-style":"default","ast-global-header-display":"","ast-banner-title-visibility":"","ast-main-header-display":"","ast-hfb-above-header-display":"disabled","ast-hfb-below-header-display":"","ast-hfb-mobile-header-display":"","site-post-title":"","ast-breadcrumbs-content":"","ast-featured-img":"","footer-sml-layout":"","theme-transparent-header-meta":"default","adv-header-id-meta":"","stick-header-meta":"","header-above-stick-meta":"","header-main-stick-meta":"","header-below-stick-meta":"","astra-migrate-meta-layouts":"default","ast-page-background-enabled":"default","ast-page-background-meta":{"desktop":{"background-color":"","background-image":"","background-repeat":"repeat","background-position":"center center","background-size":"auto","background-attachment":"scroll","background-type":"","background-media":"","overlay-type":"","overlay-color":"","overlay-opacity":"","overlay-gradient":""},"tablet":{"background-color":"","background-image":"","background-repeat":"repeat","background-position":"center center","background-size":"auto","background-attachment":"scroll","background-type":"","background-media":"","overlay-type":"","overlay-color":"","overlay-opacity":"","overlay-gradient":""},"mobile":{"background-color":"","background-image":"","background-repeat":"repeat","background-position":"center center","background-size":"auto","background-attachment":"scroll","background-type":"","background-media":"","overlay-type":"","overlay-color":"","overlay-opacity":"","overlay-gradient":""}},"ast-content-background-meta":{"desktop":{"background-color":"var(--ast-global-color-5)","background-image":"","background-repeat":"repeat","background-position":"center center","background-size":"auto","background-attachment":"scroll","background-type":"","background-media":"","overlay-type":"","overlay-color":"","overlay-opacity":"","overlay-gradient":""},"tablet":{"background-color":"var(--ast-global-color-5)","background-image":"","background-repeat":"repeat","background-position":"center center","background-size":"auto","background-attachment":"scroll","background-type":"","background-media":"","overlay-type":"","overlay-color":"","overlay-opacity":"","overlay-gradient":""},"mobile":{"background-color":"var(--ast-global-color-5)","background-image":"","background-repeat":"repeat","background-position":"center center","background-size":"auto","background-attachment":"scroll","background-type":"","background-media":"","overlay-type":"","overlay-color":"","overlay-opacity":"","overlay-gradient":""}},"_joinchat":[]},"product_cat":[101,65,108,196,40],"product_tag":[],"giftcard-category":[],"class_list":{"0":"post-7431","1":"product","2":"type-product","3":"status-publish","4":"has-post-thumbnail","6":"product_cat-anillo-vibrador","7":"product_cat-rendimiento-sexual","8":"product_cat-rendimiento-sexual-el","9":"product_cat-sabaneres","10":"product_cat-sabaneros","11":"desktop-align-left","12":"tablet-align-left","13":"mobile-align-left","15":"first","16":"instock","17":"taxable","18":"shipping-taxable","19":"purchasable","20":"product-type-simple"},"yoast_head":"<!-- This site is optimized with the Yoast SEO plugin v20.5 - https:\/\/yoast.com\/wordpress\/plugins\/seo\/ -->\n<title>Anillo de presi\u00f3n para pene - sexshopbajolassabanas.mx<\/title>\n<meta name=\"description\" content=\"anillo de presi\u00f3n que te ayuda para mantener la erecci\u00f3n el cual te permitir\u00e1 aumentar tu resistencia al momento de sentir los movimientos de tu pareja\" \/>\n<meta name=\"robots\" content=\"index, follow, max-snippet:-1, max-image-preview:large, max-video-preview:-1\" \/>\n<link rel=\"canonical\" href=\"https:\/\/sexshopbajolassabanas.mx\/?product=anillo-de-presion-para-pene\" \/>\n<meta property=\"og:locale\" content=\"es_MX\" \/>\n<meta property=\"og:type\" content=\"article\" \/>\n<meta property=\"og:title\" content=\"Anillo de presi\u00f3n para pene - sexshopbajolassabanas.mx\" \/>\n<meta property=\"og:description\" content=\"anillo de presi\u00f3n que te ayuda para mantener la erecci\u00f3n el cual te permitir\u00e1 aumentar tu resistencia al momento de sentir los movimientos de tu pareja\" \/>\n<meta property=\"og:url\" content=\"https:\/\/sexshopbajolassabanas.mx\/?product=anillo-de-presion-para-pene\" \/>\n<meta property=\"og:site_name\" content=\"sexshopbajolassabanas.mx\" \/>\n<meta property=\"article:modified_time\" content=\"2025-06-03T21:08:30+00:00\" \/>\n<meta property=\"og:image\" content=\"http:\/\/sexshopbajolassabanas.mx\/wp-content\/uploads\/2023\/06\/9.png\" \/>\n\t<meta property=\"og:image:width\" content=\"1080\" \/>\n\t<meta property=\"og:image:height\" content=\"1080\" \/>\n\t<meta property=\"og:image:type\" content=\"image\/png\" \/>\n<meta name=\"twitter:card\" content=\"summary_large_image\" \/>\n<meta name=\"twitter:label1\" content=\"Tiempo de lectura\" \/>\n\t<meta name=\"twitter:data1\" content=\"2 minutos\" \/>\n<script type=\"application\/ld+json\" class=\"yoast-schema-graph\">{\"@context\":\"https:\/\/schema.org\",\"@graph\":[{\"@type\":\"WebPage\",\"@id\":\"https:\/\/sexshopbajolassabanas.mx\/?product=anillo-de-presion-para-pene\",\"url\":\"https:\/\/sexshopbajolassabanas.mx\/?product=anillo-de-presion-para-pene\",\"name\":\"Anillo de presi\u00f3n para pene - sexshopbajolassabanas.mx\",\"isPartOf\":{\"@id\":\"https:\/\/sexshopbajolassabanas.mx\/#website\"},\"datePublished\":\"2023-06-08T21:54:14+00:00\",\"dateModified\":\"2025-06-03T21:08:30+00:00\",\"description\":\"anillo de presi\u00f3n que te ayuda para mantener la erecci\u00f3n el cual te permitir\u00e1 aumentar tu resistencia al momento de sentir los movimientos de tu pareja\",\"breadcrumb\":{\"@id\":\"https:\/\/sexshopbajolassabanas.mx\/?product=anillo-de-presion-para-pene#breadcrumb\"},\"inLanguage\":\"es\",\"potentialAction\":[{\"@type\":\"ReadAction\",\"target\":[\"https:\/\/sexshopbajolassabanas.mx\/?product=anillo-de-presion-para-pene\"]}]},{\"@type\":\"BreadcrumbList\",\"@id\":\"https:\/\/sexshopbajolassabanas.mx\/?product=anillo-de-presion-para-pene#breadcrumb\",\"itemListElement\":[{\"@type\":\"ListItem\",\"position\":1,\"name\":\"Inicio\",\"item\":\"https:\/\/sexshopbajolassabanas.mx\/\"},{\"@type\":\"ListItem\",\"position\":2,\"name\":\"Tienda\",\"item\":\"https:\/\/sexshopbajolassabanas.mx\/?page_id=38\"},{\"@type\":\"ListItem\",\"position\":3,\"name\":\"Anillo de presi\u00f3n para pene\"}]},{\"@type\":\"WebSite\",\"@id\":\"https:\/\/sexshopbajolassabanas.mx\/#website\",\"url\":\"https:\/\/sexshopbajolassabanas.mx\/\",\"name\":\"sexshopbajolassabanas.mx\",\"description\":\"Sex Shop Bajo Las Sabanas\",\"publisher\":{\"@id\":\"https:\/\/sexshopbajolassabanas.mx\/#organization\"},\"potentialAction\":[{\"@type\":\"SearchAction\",\"target\":{\"@type\":\"EntryPoint\",\"urlTemplate\":\"https:\/\/sexshopbajolassabanas.mx\/?s={search_term_string}\"},\"query-input\":\"required name=search_term_string\"}],\"inLanguage\":\"es\"},{\"@type\":\"Organization\",\"@id\":\"https:\/\/sexshopbajolassabanas.mx\/#organization\",\"name\":\"sexshopbajolassabanas.mx\",\"url\":\"https:\/\/sexshopbajolassabanas.mx\/\",\"logo\":{\"@type\":\"ImageObject\",\"inLanguage\":\"es\",\"@id\":\"https:\/\/sexshopbajolassabanas.mx\/#\/schema\/logo\/image\/\",\"url\":\"https:\/\/sexshopbajolassabanas.mx\/wp-content\/uploads\/2022\/08\/cropped-cropped-Sin-titulo-2_Mesa-de-trabajo-1.png\",\"contentUrl\":\"https:\/\/sexshopbajolassabanas.mx\/wp-content\/uploads\/2022\/08\/cropped-cropped-Sin-titulo-2_Mesa-de-trabajo-1.png\",\"width\":375,\"height\":375,\"caption\":\"sexshopbajolassabanas.mx\"},\"image\":{\"@id\":\"https:\/\/sexshopbajolassabanas.mx\/#\/schema\/logo\/image\/\"}}]}<\/script>\n<!-- \/ Yoast SEO plugin. -->","yoast_head_json":{"title":"Anillo de presi\u00f3n para pene - sexshopbajolassabanas.mx","description":"anillo de presi\u00f3n que te ayuda para mantener la erecci\u00f3n el cual te permitir\u00e1 aumentar tu resistencia al momento de sentir los movimientos de tu pareja","robots":{"index":"index","follow":"follow","max-snippet":"max-snippet:-1","max-image-preview":"max-image-preview:large","max-video-preview":"max-video-preview:-1"},"canonical":"https:\/\/sexshopbajolassabanas.mx\/?product=anillo-de-presion-para-pene","og_locale":"es_MX","og_type":"article","og_title":"Anillo de presi\u00f3n para pene - sexshopbajolassabanas.mx","og_description":"anillo de presi\u00f3n que te ayuda para mantener la erecci\u00f3n el cual te permitir\u00e1 aumentar tu resistencia al momento de sentir los movimientos de tu pareja","og_url":"https:\/\/sexshopbajolassabanas.mx\/?product=anillo-de-presion-para-pene","og_site_name":"sexshopbajolassabanas.mx","article_modified_time":"2025-06-03T21:08:30+00:00","og_image":[{"width":1080,"height":1080,"url":"http:\/\/sexshopbajolassabanas.mx\/wp-content\/uploads\/2023\/06\/9.png","type":"image\/png"}],"twitter_card":"summary_large_image","twitter_misc":{"Tiempo de lectura":"2 minutos"},"schema":{"@context":"https:\/\/schema.org","@graph":[{"@type":"WebPage","@id":"https:\/\/sexshopbajolassabanas.mx\/?product=anillo-de-presion-para-pene","url":"https:\/\/sexshopbajolassabanas.mx\/?product=anillo-de-presion-para-pene","name":"Anillo de presi\u00f3n para pene - sexshopbajolassabanas.mx","isPartOf":{"@id":"https:\/\/sexshopbajolassabanas.mx\/#website"},"datePublished":"2023-06-08T21:54:14+00:00","dateModified":"2025-06-03T21:08:30+00:00","description":"anillo de presi\u00f3n que te ayuda para mantener la erecci\u00f3n el cual te permitir\u00e1 aumentar tu resistencia al momento de sentir los movimientos de tu pareja","breadcrumb":{"@id":"https:\/\/sexshopbajolassabanas.mx\/?product=anillo-de-presion-para-pene#breadcrumb"},"inLanguage":"es","potentialAction":[{"@type":"ReadAction","target":["https:\/\/sexshopbajolassabanas.mx\/?product=anillo-de-presion-para-pene"]}]},{"@type":"BreadcrumbList","@id":"https:\/\/sexshopbajolassabanas.mx\/?product=anillo-de-presion-para-pene#breadcrumb","itemListElement":[{"@type":"ListItem","position":1,"name":"Inicio","item":"https:\/\/sexshopbajolassabanas.mx\/"},{"@type":"ListItem","position":2,"name":"Tienda","item":"https:\/\/sexshopbajolassabanas.mx\/?page_id=38"},{"@type":"ListItem","position":3,"name":"Anillo de presi\u00f3n para pene"}]},{"@type":"WebSite","@id":"https:\/\/sexshopbajolassabanas.mx\/#website","url":"https:\/\/sexshopbajolassabanas.mx\/","name":"sexshopbajolassabanas.mx","description":"Sex Shop Bajo Las Sabanas","publisher":{"@id":"https:\/\/sexshopbajolassabanas.mx\/#organization"},"potentialAction":[{"@type":"SearchAction","target":{"@type":"EntryPoint","urlTemplate":"https:\/\/sexshopbajolassabanas.mx\/?s={search_term_string}"},"query-input":"required name=search_term_string"}],"inLanguage":"es"},{"@type":"Organization","@id":"https:\/\/sexshopbajolassabanas.mx\/#organization","name":"sexshopbajolassabanas.mx","url":"https:\/\/sexshopbajolassabanas.mx\/","logo":{"@type":"ImageObject","inLanguage":"es","@id":"https:\/\/sexshopbajolassabanas.mx\/#\/schema\/logo\/image\/","url":"https:\/\/sexshopbajolassabanas.mx\/wp-content\/uploads\/2022\/08\/cropped-cropped-Sin-titulo-2_Mesa-de-trabajo-1.png","contentUrl":"https:\/\/sexshopbajolassabanas.mx\/wp-content\/uploads\/2022\/08\/cropped-cropped-Sin-titulo-2_Mesa-de-trabajo-1.png","width":375,"height":375,"caption":"sexshopbajolassabanas.mx"},"image":{"@id":"https:\/\/sexshopbajolassabanas.mx\/#\/schema\/logo\/image\/"}}]}},"_links":{"self":[{"href":"https:\/\/sexshopbajolassabanas.mx\/index.php?rest_route=\/wp\/v2\/product\/7431","targetHints":{"allow":["GET"]}}],"collection":[{"href":"https:\/\/sexshopbajolassabanas.mx\/index.php?rest_route=\/wp\/v2\/product"}],"about":[{"href":"https:\/\/sexshopbajolassabanas.mx\/index.php?rest_route=\/wp\/v2\/types\/product"}],"replies":[{"embeddable":true,"href":"https:\/\/sexshopbajolassabanas.mx\/index.php?rest_route=%2Fwp%2Fv2%2Fcomments&post=7431"}],"version-history":[{"count":1,"href":"https:\/\/sexshopbajolassabanas.mx\/index.php?rest_route=\/wp\/v2\/product\/7431\/revisions"}],"predecessor-version":[{"id":7440,"href":"https:\/\/sexshopbajolassabanas.mx\/index.php?rest_route=\/wp\/v2\/product\/7431\/revisions\/7440"}],"wp:featuredmedia":[{"embeddable":true,"href":"https:\/\/sexshopbajolassabanas.mx\/index.php?rest_route=\/wp\/v2\/media\/7438"}],"wp:attachment":[{"href":"https:\/\/sexshopbajolassabanas.mx\/index.php?rest_route=%2Fwp%2Fv2%2Fmedia&parent=7431"}],"wp:term":[{"taxonomy":"product_cat","embeddable":true,"href":"https:\/\/sexshopbajolassabanas.mx\/index.php?rest_route=%2Fwp%2Fv2%2Fproduct_cat&post=7431"},{"taxonomy":"product_tag","embeddable":true,"href":"https:\/\/sexshopbajolassabanas.mx\/index.php?rest_route=%2Fwp%2Fv2%2Fproduct_tag&post=7431"},{"taxonomy":"giftcard-category","embeddable":true,"href":"https:\/\/sexshopbajolassabanas.mx\/index.php?rest_route=%2Fwp%2Fv2%2Fgiftcard-category&post=7431"}],"curies":[{"name":"wp","href":"https:\/\/api.w.org\/{rel}","templated":true}]}}