{"id":7441,"date":"2023-06-08T22:22:05","date_gmt":"2023-06-08T22:22:05","guid":{"rendered":"https:\/\/sexshopbajolassabanas.mx\/?post_type=product&#038;p=7441"},"modified":"2023-06-08T22:57:18","modified_gmt":"2023-06-08T22:57:18","slug":"dado-erotico-12-caras","status":"publish","type":"product","link":"https:\/\/sexshopbajolassabanas.mx\/?product=dado-erotico-12-caras","title":{"rendered":"Dado er\u00f3tico 12 caras"},"content":{"rendered":"<h3><span style=\"color: #333399;\">Dado er\u00f3tico, tira el dado y realiza la posici\u00f3n que te muestra.<\/span><\/h3>\n<p>&nbsp;<\/p>\n<p><a href=\"https:\/\/sexshopbajolassabanas.mx\/?product_cat=sabaneros\">Sabaneros<\/a>, jugar con tu pareja aumenta la conexi\u00f3n y los v\u00ednculos entre ustedes tener creatividad intima con tu pareja \u00a0con nuestro dado er\u00f3tico te dar\u00e1 eso y m\u00e1s, juega con el tiene 12 caras con diferentes posiciones que al tirar el dado caer\u00e1 la suerte de alguna rica posici\u00f3n.<\/p>\n<p>No hay un final, \u00a1es hasta que \u00e9l dado er\u00f3tico quieran parar! Tirar por turnos los dados y realizar la posici\u00f3n y tu decides en que lugar de la casa la har\u00e1s, para disfrutar con tu pareja.<span class=\"Apple-converted-space\">\u00a0Puedes usarlos en momentos importantes,\u00a0D\u00eda de San Valent\u00edn pareja amantes de los dados despedida de soltero, aniversario, pose m\u00faltiple juguete de dados sexuales<\/span><\/p>\n<h2 id=\"qu\u00e9-son-los-dados-sexuales\"><span style=\"color: #808000;\">\u00bfQu\u00e9 son los dados sexuales?<\/span><\/h2>\n<p>Los dados sexuales es un juego de dados para parejas adultas destinado a intensificar la atm\u00f3sfera sexual. Lanzar dados sexuales puede romper el hielo y muchas parejas los usan para extender los juegos previos.<\/p>\n<p>Si son una pareja que busca algo para darle vida a su relaci\u00f3n, el juego de dados sexuales es una de las mejores opciones. Acercarse e intimar de una manera divertida y relajada es la manera perfecta de acercarse nuevamente. Tambi\u00e9n recomendamos que ambos mantengan una conversaci\u00f3n entre rollos.<\/p>\n<p><b>Presentaci\u00f3n: <\/b>Dado de 12 caras<\/p>\n<p><b>Modo de uso: <\/b>Tira los dados\u00a0has la posici\u00f3n que te indique.<\/p>\n<p><b>Cuidados:\u00a0<\/b>Mant\u00e9ngase en un lugar fresco y lejos del alcance de ni\u00f1os.<\/p>\n<p><strong>Material:<\/strong> Acr\u00edlico<\/p>\n","protected":false},"excerpt":{"rendered":"<p>Dado er\u00f3tico, vive un momento intimo con tu pareja, divi\u00e9rtete tira el dado y que comiencen y has la posici\u00f3n que sale al tirar el dado.<\/p>\n","protected":false},"featured_media":7414,"comment_status":"open","ping_status":"closed","template":"","meta":{"om_disable_all_campaigns":false,"site-sidebar-layout":"default","site-content-layout":"default","ast-site-content-layout":"","site-content-style":"default","site-sidebar-style":"default","ast-global-header-display":"","ast-banner-title-visibility":"","ast-main-header-display":"","ast-hfb-above-header-display":"disabled","ast-hfb-below-header-display":"","ast-hfb-mobile-header-display":"","site-post-title":"","ast-breadcrumbs-content":"","ast-featured-img":"","footer-sml-layout":"","theme-transparent-header-meta":"default","adv-header-id-meta":"","stick-header-meta":"","header-above-stick-meta":"","header-main-stick-meta":"","header-below-stick-meta":"","astra-migrate-meta-layouts":"default","ast-page-background-enabled":"default","ast-page-background-meta":{"desktop":{"background-color":"","background-image":"","background-repeat":"repeat","background-position":"center center","background-size":"auto","background-attachment":"scroll","background-type":"","background-media":"","overlay-type":"","overlay-color":"","overlay-opacity":"","overlay-gradient":""},"tablet":{"background-color":"","background-image":"","background-repeat":"repeat","background-position":"center center","background-size":"auto","background-attachment":"scroll","background-type":"","background-media":"","overlay-type":"","overlay-color":"","overlay-opacity":"","overlay-gradient":""},"mobile":{"background-color":"","background-image":"","background-repeat":"repeat","background-position":"center center","background-size":"auto","background-attachment":"scroll","background-type":"","background-media":"","overlay-type":"","overlay-color":"","overlay-opacity":"","overlay-gradient":""}},"ast-content-background-meta":{"desktop":{"background-color":"var(--ast-global-color-5)","background-image":"","background-repeat":"repeat","background-position":"center center","background-size":"auto","background-attachment":"scroll","background-type":"","background-media":"","overlay-type":"","overlay-color":"","overlay-opacity":"","overlay-gradient":""},"tablet":{"background-color":"var(--ast-global-color-5)","background-image":"","background-repeat":"repeat","background-position":"center center","background-size":"auto","background-attachment":"scroll","background-type":"","background-media":"","overlay-type":"","overlay-color":"","overlay-opacity":"","overlay-gradient":""},"mobile":{"background-color":"var(--ast-global-color-5)","background-image":"","background-repeat":"repeat","background-position":"center center","background-size":"auto","background-attachment":"scroll","background-type":"","background-media":"","overlay-type":"","overlay-color":"","overlay-opacity":"","overlay-gradient":""}},"_joinchat":[]},"product_cat":[78,70],"product_tag":[],"giftcard-category":[],"class_list":{"0":"post-7441","1":"product","2":"type-product","3":"status-publish","4":"has-post-thumbnail","6":"product_cat-escenciales","7":"product_cat-juegos-eroticos","8":"desktop-align-left","9":"tablet-align-left","10":"mobile-align-left","12":"first","13":"instock","14":"taxable","15":"shipping-taxable","16":"purchasable","17":"product-type-simple"},"yoast_head":"<!-- This site is optimized with the Yoast SEO plugin v20.5 - https:\/\/yoast.com\/wordpress\/plugins\/seo\/ -->\n<title>Dado er\u00f3tico 12 caras - sexshopbajolassabanas.mx<\/title>\n<meta name=\"description\" content=\"Dado er\u00f3tico, vive un momento intimo con tu pareja, divi\u00e9rtete tira el dado y que comiencen y has la posici\u00f3n que sale al tirar el dado.\" \/>\n<meta name=\"robots\" content=\"index, follow, max-snippet:-1, max-image-preview:large, max-video-preview:-1\" \/>\n<link rel=\"canonical\" href=\"https:\/\/sexshopbajolassabanas.mx\/?product=dado-erotico-12-caras\" \/>\n<meta property=\"og:locale\" content=\"es_MX\" \/>\n<meta property=\"og:type\" content=\"article\" \/>\n<meta property=\"og:title\" content=\"Dado er\u00f3tico 12 caras - sexshopbajolassabanas.mx\" \/>\n<meta property=\"og:description\" content=\"Dado er\u00f3tico, vive un momento intimo con tu pareja, divi\u00e9rtete tira el dado y que comiencen y has la posici\u00f3n que sale al tirar el dado.\" \/>\n<meta property=\"og:url\" content=\"https:\/\/sexshopbajolassabanas.mx\/?product=dado-erotico-12-caras\" \/>\n<meta property=\"og:site_name\" content=\"sexshopbajolassabanas.mx\" \/>\n<meta property=\"article:modified_time\" content=\"2023-06-08T22:57:18+00:00\" \/>\n<meta property=\"og:image\" content=\"http:\/\/sexshopbajolassabanas.mx\/wp-content\/uploads\/2023\/06\/4.png\" \/>\n\t<meta property=\"og:image:width\" content=\"1080\" \/>\n\t<meta property=\"og:image:height\" content=\"1080\" \/>\n\t<meta property=\"og:image:type\" content=\"image\/png\" \/>\n<meta name=\"twitter:card\" content=\"summary_large_image\" \/>\n<meta name=\"twitter:label1\" content=\"Tiempo de lectura\" \/>\n\t<meta name=\"twitter:data1\" content=\"2 minutos\" \/>\n<script type=\"application\/ld+json\" class=\"yoast-schema-graph\">{\"@context\":\"https:\/\/schema.org\",\"@graph\":[{\"@type\":\"WebPage\",\"@id\":\"https:\/\/sexshopbajolassabanas.mx\/?product=dado-erotico-12-caras\",\"url\":\"https:\/\/sexshopbajolassabanas.mx\/?product=dado-erotico-12-caras\",\"name\":\"Dado er\u00f3tico 12 caras - sexshopbajolassabanas.mx\",\"isPartOf\":{\"@id\":\"https:\/\/sexshopbajolassabanas.mx\/#website\"},\"datePublished\":\"2023-06-08T22:22:05+00:00\",\"dateModified\":\"2023-06-08T22:57:18+00:00\",\"description\":\"Dado er\u00f3tico, vive un momento intimo con tu pareja, divi\u00e9rtete tira el dado y que comiencen y has la posici\u00f3n que sale al tirar el dado.\",\"breadcrumb\":{\"@id\":\"https:\/\/sexshopbajolassabanas.mx\/?product=dado-erotico-12-caras#breadcrumb\"},\"inLanguage\":\"es\",\"potentialAction\":[{\"@type\":\"ReadAction\",\"target\":[\"https:\/\/sexshopbajolassabanas.mx\/?product=dado-erotico-12-caras\"]}]},{\"@type\":\"BreadcrumbList\",\"@id\":\"https:\/\/sexshopbajolassabanas.mx\/?product=dado-erotico-12-caras#breadcrumb\",\"itemListElement\":[{\"@type\":\"ListItem\",\"position\":1,\"name\":\"Inicio\",\"item\":\"https:\/\/sexshopbajolassabanas.mx\/\"},{\"@type\":\"ListItem\",\"position\":2,\"name\":\"Tienda\",\"item\":\"https:\/\/sexshopbajolassabanas.mx\/?page_id=38\"},{\"@type\":\"ListItem\",\"position\":3,\"name\":\"Dado er\u00f3tico 12 caras\"}]},{\"@type\":\"WebSite\",\"@id\":\"https:\/\/sexshopbajolassabanas.mx\/#website\",\"url\":\"https:\/\/sexshopbajolassabanas.mx\/\",\"name\":\"sexshopbajolassabanas.mx\",\"description\":\"Sex Shop Bajo Las Sabanas\",\"publisher\":{\"@id\":\"https:\/\/sexshopbajolassabanas.mx\/#organization\"},\"potentialAction\":[{\"@type\":\"SearchAction\",\"target\":{\"@type\":\"EntryPoint\",\"urlTemplate\":\"https:\/\/sexshopbajolassabanas.mx\/?s={search_term_string}\"},\"query-input\":\"required name=search_term_string\"}],\"inLanguage\":\"es\"},{\"@type\":\"Organization\",\"@id\":\"https:\/\/sexshopbajolassabanas.mx\/#organization\",\"name\":\"sexshopbajolassabanas.mx\",\"url\":\"https:\/\/sexshopbajolassabanas.mx\/\",\"logo\":{\"@type\":\"ImageObject\",\"inLanguage\":\"es\",\"@id\":\"https:\/\/sexshopbajolassabanas.mx\/#\/schema\/logo\/image\/\",\"url\":\"https:\/\/sexshopbajolassabanas.mx\/wp-content\/uploads\/2022\/08\/cropped-cropped-Sin-titulo-2_Mesa-de-trabajo-1.png\",\"contentUrl\":\"https:\/\/sexshopbajolassabanas.mx\/wp-content\/uploads\/2022\/08\/cropped-cropped-Sin-titulo-2_Mesa-de-trabajo-1.png\",\"width\":375,\"height\":375,\"caption\":\"sexshopbajolassabanas.mx\"},\"image\":{\"@id\":\"https:\/\/sexshopbajolassabanas.mx\/#\/schema\/logo\/image\/\"}}]}<\/script>\n<!-- \/ Yoast SEO plugin. -->","yoast_head_json":{"title":"Dado er\u00f3tico 12 caras - sexshopbajolassabanas.mx","description":"Dado er\u00f3tico, vive un momento intimo con tu pareja, divi\u00e9rtete tira el dado y que comiencen y has la posici\u00f3n que sale al tirar el dado.","robots":{"index":"index","follow":"follow","max-snippet":"max-snippet:-1","max-image-preview":"max-image-preview:large","max-video-preview":"max-video-preview:-1"},"canonical":"https:\/\/sexshopbajolassabanas.mx\/?product=dado-erotico-12-caras","og_locale":"es_MX","og_type":"article","og_title":"Dado er\u00f3tico 12 caras - sexshopbajolassabanas.mx","og_description":"Dado er\u00f3tico, vive un momento intimo con tu pareja, divi\u00e9rtete tira el dado y que comiencen y has la posici\u00f3n que sale al tirar el dado.","og_url":"https:\/\/sexshopbajolassabanas.mx\/?product=dado-erotico-12-caras","og_site_name":"sexshopbajolassabanas.mx","article_modified_time":"2023-06-08T22:57:18+00:00","og_image":[{"width":1080,"height":1080,"url":"http:\/\/sexshopbajolassabanas.mx\/wp-content\/uploads\/2023\/06\/4.png","type":"image\/png"}],"twitter_card":"summary_large_image","twitter_misc":{"Tiempo de lectura":"2 minutos"},"schema":{"@context":"https:\/\/schema.org","@graph":[{"@type":"WebPage","@id":"https:\/\/sexshopbajolassabanas.mx\/?product=dado-erotico-12-caras","url":"https:\/\/sexshopbajolassabanas.mx\/?product=dado-erotico-12-caras","name":"Dado er\u00f3tico 12 caras - sexshopbajolassabanas.mx","isPartOf":{"@id":"https:\/\/sexshopbajolassabanas.mx\/#website"},"datePublished":"2023-06-08T22:22:05+00:00","dateModified":"2023-06-08T22:57:18+00:00","description":"Dado er\u00f3tico, vive un momento intimo con tu pareja, divi\u00e9rtete tira el dado y que comiencen y has la posici\u00f3n que sale al tirar el dado.","breadcrumb":{"@id":"https:\/\/sexshopbajolassabanas.mx\/?product=dado-erotico-12-caras#breadcrumb"},"inLanguage":"es","potentialAction":[{"@type":"ReadAction","target":["https:\/\/sexshopbajolassabanas.mx\/?product=dado-erotico-12-caras"]}]},{"@type":"BreadcrumbList","@id":"https:\/\/sexshopbajolassabanas.mx\/?product=dado-erotico-12-caras#breadcrumb","itemListElement":[{"@type":"ListItem","position":1,"name":"Inicio","item":"https:\/\/sexshopbajolassabanas.mx\/"},{"@type":"ListItem","position":2,"name":"Tienda","item":"https:\/\/sexshopbajolassabanas.mx\/?page_id=38"},{"@type":"ListItem","position":3,"name":"Dado er\u00f3tico 12 caras"}]},{"@type":"WebSite","@id":"https:\/\/sexshopbajolassabanas.mx\/#website","url":"https:\/\/sexshopbajolassabanas.mx\/","name":"sexshopbajolassabanas.mx","description":"Sex Shop Bajo Las Sabanas","publisher":{"@id":"https:\/\/sexshopbajolassabanas.mx\/#organization"},"potentialAction":[{"@type":"SearchAction","target":{"@type":"EntryPoint","urlTemplate":"https:\/\/sexshopbajolassabanas.mx\/?s={search_term_string}"},"query-input":"required name=search_term_string"}],"inLanguage":"es"},{"@type":"Organization","@id":"https:\/\/sexshopbajolassabanas.mx\/#organization","name":"sexshopbajolassabanas.mx","url":"https:\/\/sexshopbajolassabanas.mx\/","logo":{"@type":"ImageObject","inLanguage":"es","@id":"https:\/\/sexshopbajolassabanas.mx\/#\/schema\/logo\/image\/","url":"https:\/\/sexshopbajolassabanas.mx\/wp-content\/uploads\/2022\/08\/cropped-cropped-Sin-titulo-2_Mesa-de-trabajo-1.png","contentUrl":"https:\/\/sexshopbajolassabanas.mx\/wp-content\/uploads\/2022\/08\/cropped-cropped-Sin-titulo-2_Mesa-de-trabajo-1.png","width":375,"height":375,"caption":"sexshopbajolassabanas.mx"},"image":{"@id":"https:\/\/sexshopbajolassabanas.mx\/#\/schema\/logo\/image\/"}}]}},"_links":{"self":[{"href":"https:\/\/sexshopbajolassabanas.mx\/index.php?rest_route=\/wp\/v2\/product\/7441","targetHints":{"allow":["GET"]}}],"collection":[{"href":"https:\/\/sexshopbajolassabanas.mx\/index.php?rest_route=\/wp\/v2\/product"}],"about":[{"href":"https:\/\/sexshopbajolassabanas.mx\/index.php?rest_route=\/wp\/v2\/types\/product"}],"replies":[{"embeddable":true,"href":"https:\/\/sexshopbajolassabanas.mx\/index.php?rest_route=%2Fwp%2Fv2%2Fcomments&post=7441"}],"version-history":[{"count":1,"href":"https:\/\/sexshopbajolassabanas.mx\/index.php?rest_route=\/wp\/v2\/product\/7441\/revisions"}],"predecessor-version":[{"id":7442,"href":"https:\/\/sexshopbajolassabanas.mx\/index.php?rest_route=\/wp\/v2\/product\/7441\/revisions\/7442"}],"wp:featuredmedia":[{"embeddable":true,"href":"https:\/\/sexshopbajolassabanas.mx\/index.php?rest_route=\/wp\/v2\/media\/7414"}],"wp:attachment":[{"href":"https:\/\/sexshopbajolassabanas.mx\/index.php?rest_route=%2Fwp%2Fv2%2Fmedia&parent=7441"}],"wp:term":[{"taxonomy":"product_cat","embeddable":true,"href":"https:\/\/sexshopbajolassabanas.mx\/index.php?rest_route=%2Fwp%2Fv2%2Fproduct_cat&post=7441"},{"taxonomy":"product_tag","embeddable":true,"href":"https:\/\/sexshopbajolassabanas.mx\/index.php?rest_route=%2Fwp%2Fv2%2Fproduct_tag&post=7441"},{"taxonomy":"giftcard-category","embeddable":true,"href":"https:\/\/sexshopbajolassabanas.mx\/index.php?rest_route=%2Fwp%2Fv2%2Fgiftcard-category&post=7441"}],"curies":[{"name":"wp","href":"https:\/\/api.w.org\/{rel}","templated":true}]}}