{"id":7491,"date":"2023-07-25T00:41:51","date_gmt":"2023-07-25T00:41:51","guid":{"rendered":"https:\/\/sexshopbajolassabanas.mx\/?post_type=product&#038;p=7491"},"modified":"2023-07-25T00:54:37","modified_gmt":"2023-07-25T00:54:37","slug":"dildo-realista-cabezon","status":"publish","type":"product","link":"https:\/\/sexshopbajolassabanas.mx\/?product=dildo-realista-cabezon","title":{"rendered":"Dildo realista cabez\u00f3n"},"content":{"rendered":"<h3><span style=\"color: #000080;\"><b><span style=\"color: #ff00ff;\">\u00a1Dildo\u00a0<span style=\"caret-color: #ff00ff;\">realista cabez\u00f3n<\/span>!<\/span><\/b><\/span><\/h3>\n<p>&nbsp;<\/p>\n<p><span style=\"font-weight: 400;\">Sabaner@s ha llegado el <\/span><span style=\"font-weight: 400;\">consolador realista cabez\u00f3n en forma de pene \u00a0y ventosa\u00a0<\/span><span style=\"font-weight: 400;\">ideal para los juegos con malos libres, \u00a0si eres de las que te encanta un glande bien pronunciado un grosor frondoso, este dildo \u00a0es para ti, tambi\u00e9n tiene una ventosa muy poderosa para que puedas ponerlo en cualquier superficie lisa, como, \u00a0regadera, el suelo, la puerta, etc. para que as\u00ed puedas jugar con las manos libres, sus ventosas te har\u00e1n vibrar al penetrarte<\/span><span style=\"font-weight: 400;\">. Su color da una tonalidad sumamente real, la textura te sorprender\u00e1 de lo rico que sentir\u00e1s,\u00a0<\/span><span class=\"Y2IQFc\" lang=\"es\">vienen con un eje posable que mantiene la posici\u00f3n deseada dentro de su cuerpo para mayor comodidad durante el juego, adapt\u00e1ndose para tu placer<\/span><span style=\"font-weight: 400;\">. <\/span><\/p>\n<p><span style=\"font-weight: 400;\">Usalo en penetraci\u00f3n vaginal o anal desde cualquier \u00e1ngulo. Puedes jugar con arn\u00e9s y as\u00ed jugar en pareja. Recuerda que los juguetes sexuales y tu creatividad aumentaran el deseo, la pasi\u00f3n y dar\u00e1n un plus a tu intimidad como nunca antes.<\/span><\/p>\n<p><b>Presentaci\u00f3n:<\/b>20.32\u00a0cm\u00a0<span style=\"font-weight: 400;\">y 5.0 cent\u00edmetros de di\u00e1metro.<\/span><\/p>\n<p><b>\u00a0Material: <\/b>Hecho de PVC<\/p>\n<p><span style=\"font-weight: 400;\">.<\/span><b>Forma de uso :<\/b><span style=\"font-weight: 400;\"> Utiliza <\/span><a href=\"https:\/\/sexshopbajolassabanas.mx\/?product=kinky-lubricante-118-ml-base-agua\"><span style=\"font-weight: 400;\">lubricante de base agua<\/span><\/a><span style=\"font-weight: 400;\">, colocando una peque\u00f1a capa por \u00e9l consolador en forma de pene. El <a href=\"https:\/\/sexshopbajolassabanas.mx\/?product_cat=lubricantes\">lubricante<\/a> facilita la inserci\u00f3n en la vagina o el ano y ayudar\u00e1 a deslizar con mayor comodidad. Masajea tus labios vaginales mayores as\u00ed como t\u00fa cl\u00edtoris para relajar y facilitar el coito.<\/span><\/p>\n<p><b>Insertar:<\/b><span style=\"font-weight: 400;\"> Coloque el Consolador realista frondoso\u00a0en una superficie o base, gracias a su ventosa este se mantendr\u00e1 inm\u00f3vil facilitando ins\u00e9rtalo de forma c\u00f3moda si usar las manos en la altura y forma que m\u00e1s desees.<\/span><\/p>\n<p><b>Quitar:<\/b><span style=\"font-weight: 400;\"> Una vez llegado el orgasmo y hayas llegado al m\u00e1ximo momento de placer ret\u00edralo suavemente de tu zona vaginal o anal y limpia<\/span><\/p>\n<p><b>Cuidados: <\/b>Antes y\u00a0despu\u00e9s de cada uso, l\u00edmpialo con el <a href=\"https:\/\/sexshopbajolassabanas.mx\/?product=lubricante-60-ml-comestible-base-agua\">shampoo\u00a0hipoalerg\u00e9nico<\/a> esto ayudar a mantener siempre en optimas condiciones tu Dildo realista.<\/p>\n","protected":false},"excerpt":{"rendered":"<p id=\"tw-target-text\" class=\"tw-data-text tw-text-large tw-ta\" dir=\"ltr\" data-placeholder=\"Traducci\u00f3n\"><span class=\"Y2IQFc\" lang=\"es\">El Dr. Skin Realistic Cock de 8 pulgadas es un consolador realista con una base de ventosa resistente que se sujeta a cualquier superficie plana para el tiempo a solas.<\/span><\/p>\n","protected":false},"featured_media":7493,"comment_status":"open","ping_status":"closed","template":"","meta":{"om_disable_all_campaigns":false,"site-sidebar-layout":"default","site-content-layout":"default","ast-site-content-layout":"","site-content-style":"default","site-sidebar-style":"default","ast-global-header-display":"","ast-banner-title-visibility":"","ast-main-header-display":"","ast-hfb-above-header-display":"disabled","ast-hfb-below-header-display":"","ast-hfb-mobile-header-display":"","site-post-title":"","ast-breadcrumbs-content":"","ast-featured-img":"","footer-sml-layout":"","theme-transparent-header-meta":"default","adv-header-id-meta":"","stick-header-meta":"","header-above-stick-meta":"","header-main-stick-meta":"","header-below-stick-meta":"","astra-migrate-meta-layouts":"default","ast-page-background-enabled":"default","ast-page-background-meta":{"desktop":{"background-color":"","background-image":"","background-repeat":"repeat","background-position":"center center","background-size":"auto","background-attachment":"scroll","background-type":"","background-media":"","overlay-type":"","overlay-color":"","overlay-opacity":"","overlay-gradient":""},"tablet":{"background-color":"","background-image":"","background-repeat":"repeat","background-position":"center center","background-size":"auto","background-attachment":"scroll","background-type":"","background-media":"","overlay-type":"","overlay-color":"","overlay-opacity":"","overlay-gradient":""},"mobile":{"background-color":"","background-image":"","background-repeat":"repeat","background-position":"center center","background-size":"auto","background-attachment":"scroll","background-type":"","background-media":"","overlay-type":"","overlay-color":"","overlay-opacity":"","overlay-gradient":""}},"ast-content-background-meta":{"desktop":{"background-color":"var(--ast-global-color-5)","background-image":"","background-repeat":"repeat","background-position":"center center","background-size":"auto","background-attachment":"scroll","background-type":"","background-media":"","overlay-type":"","overlay-color":"","overlay-opacity":"","overlay-gradient":""},"tablet":{"background-color":"var(--ast-global-color-5)","background-image":"","background-repeat":"repeat","background-position":"center center","background-size":"auto","background-attachment":"scroll","background-type":"","background-media":"","overlay-type":"","overlay-color":"","overlay-opacity":"","overlay-gradient":""},"mobile":{"background-color":"var(--ast-global-color-5)","background-image":"","background-repeat":"repeat","background-position":"center center","background-size":"auto","background-attachment":"scroll","background-type":"","background-media":"","overlay-type":"","overlay-color":"","overlay-opacity":"","overlay-gradient":""}},"_joinchat":[]},"product_cat":[85,48,196,40],"product_tag":[],"giftcard-category":[],"class_list":{"0":"post-7491","1":"product","2":"type-product","3":"status-publish","4":"has-post-thumbnail","6":"product_cat-dildos","7":"product_cat-sabaneras","8":"product_cat-sabaneres","9":"product_cat-sabaneros","10":"desktop-align-left","11":"tablet-align-left","12":"mobile-align-left","14":"first","15":"instock","16":"taxable","17":"shipping-taxable","18":"purchasable","19":"product-type-simple"},"yoast_head":"<!-- This site is optimized with the Yoast SEO plugin v20.5 - https:\/\/yoast.com\/wordpress\/plugins\/seo\/ -->\n<title>Dildo realista cabez\u00f3n - sexshopbajolassabanas.mx<\/title>\n<meta name=\"description\" content=\"Dildo realista cabez\u00f3n, consolador frondoso, juguete sexual para vagina, ano , hombre y mujer, juguete gay juega tambi\u00e9n con arn\u00e9s\" \/>\n<meta name=\"robots\" content=\"index, follow, max-snippet:-1, max-image-preview:large, max-video-preview:-1\" \/>\n<link rel=\"canonical\" href=\"https:\/\/sexshopbajolassabanas.mx\/?product=dildo-realista-cabezon\" \/>\n<meta property=\"og:locale\" content=\"es_MX\" \/>\n<meta property=\"og:type\" content=\"article\" \/>\n<meta property=\"og:title\" content=\"Dildo realista cabez\u00f3n - sexshopbajolassabanas.mx\" \/>\n<meta property=\"og:description\" content=\"Dildo realista cabez\u00f3n, consolador frondoso, juguete sexual para vagina, ano , hombre y mujer, juguete gay juega tambi\u00e9n con arn\u00e9s\" \/>\n<meta property=\"og:url\" content=\"https:\/\/sexshopbajolassabanas.mx\/?product=dildo-realista-cabezon\" \/>\n<meta property=\"og:site_name\" content=\"sexshopbajolassabanas.mx\" \/>\n<meta property=\"article:modified_time\" content=\"2023-07-25T00:54:37+00:00\" \/>\n<meta property=\"og:image\" content=\"http:\/\/sexshopbajolassabanas.mx\/wp-content\/uploads\/2023\/07\/3-2.png\" \/>\n\t<meta property=\"og:image:width\" content=\"1080\" \/>\n\t<meta property=\"og:image:height\" content=\"1080\" \/>\n\t<meta property=\"og:image:type\" content=\"image\/png\" \/>\n<meta name=\"twitter:card\" content=\"summary_large_image\" \/>\n<meta name=\"twitter:label1\" content=\"Tiempo de lectura\" \/>\n\t<meta name=\"twitter:data1\" content=\"2 minutos\" \/>\n<script type=\"application\/ld+json\" class=\"yoast-schema-graph\">{\"@context\":\"https:\/\/schema.org\",\"@graph\":[{\"@type\":\"WebPage\",\"@id\":\"https:\/\/sexshopbajolassabanas.mx\/?product=dildo-realista-cabezon\",\"url\":\"https:\/\/sexshopbajolassabanas.mx\/?product=dildo-realista-cabezon\",\"name\":\"Dildo realista cabez\u00f3n - sexshopbajolassabanas.mx\",\"isPartOf\":{\"@id\":\"https:\/\/sexshopbajolassabanas.mx\/#website\"},\"datePublished\":\"2023-07-25T00:41:51+00:00\",\"dateModified\":\"2023-07-25T00:54:37+00:00\",\"description\":\"Dildo realista cabez\u00f3n, consolador frondoso, juguete sexual para vagina, ano , hombre y mujer, juguete gay juega tambi\u00e9n con arn\u00e9s\",\"breadcrumb\":{\"@id\":\"https:\/\/sexshopbajolassabanas.mx\/?product=dildo-realista-cabezon#breadcrumb\"},\"inLanguage\":\"es\",\"potentialAction\":[{\"@type\":\"ReadAction\",\"target\":[\"https:\/\/sexshopbajolassabanas.mx\/?product=dildo-realista-cabezon\"]}]},{\"@type\":\"BreadcrumbList\",\"@id\":\"https:\/\/sexshopbajolassabanas.mx\/?product=dildo-realista-cabezon#breadcrumb\",\"itemListElement\":[{\"@type\":\"ListItem\",\"position\":1,\"name\":\"Inicio\",\"item\":\"https:\/\/sexshopbajolassabanas.mx\/\"},{\"@type\":\"ListItem\",\"position\":2,\"name\":\"Tienda\",\"item\":\"https:\/\/sexshopbajolassabanas.mx\/?page_id=38\"},{\"@type\":\"ListItem\",\"position\":3,\"name\":\"Dildo realista cabez\u00f3n\"}]},{\"@type\":\"WebSite\",\"@id\":\"https:\/\/sexshopbajolassabanas.mx\/#website\",\"url\":\"https:\/\/sexshopbajolassabanas.mx\/\",\"name\":\"sexshopbajolassabanas.mx\",\"description\":\"Sex Shop Bajo Las Sabanas\",\"publisher\":{\"@id\":\"https:\/\/sexshopbajolassabanas.mx\/#organization\"},\"potentialAction\":[{\"@type\":\"SearchAction\",\"target\":{\"@type\":\"EntryPoint\",\"urlTemplate\":\"https:\/\/sexshopbajolassabanas.mx\/?s={search_term_string}\"},\"query-input\":\"required name=search_term_string\"}],\"inLanguage\":\"es\"},{\"@type\":\"Organization\",\"@id\":\"https:\/\/sexshopbajolassabanas.mx\/#organization\",\"name\":\"sexshopbajolassabanas.mx\",\"url\":\"https:\/\/sexshopbajolassabanas.mx\/\",\"logo\":{\"@type\":\"ImageObject\",\"inLanguage\":\"es\",\"@id\":\"https:\/\/sexshopbajolassabanas.mx\/#\/schema\/logo\/image\/\",\"url\":\"https:\/\/sexshopbajolassabanas.mx\/wp-content\/uploads\/2022\/08\/cropped-cropped-Sin-titulo-2_Mesa-de-trabajo-1.png\",\"contentUrl\":\"https:\/\/sexshopbajolassabanas.mx\/wp-content\/uploads\/2022\/08\/cropped-cropped-Sin-titulo-2_Mesa-de-trabajo-1.png\",\"width\":375,\"height\":375,\"caption\":\"sexshopbajolassabanas.mx\"},\"image\":{\"@id\":\"https:\/\/sexshopbajolassabanas.mx\/#\/schema\/logo\/image\/\"}}]}<\/script>\n<!-- \/ Yoast SEO plugin. -->","yoast_head_json":{"title":"Dildo realista cabez\u00f3n - sexshopbajolassabanas.mx","description":"Dildo realista cabez\u00f3n, consolador frondoso, juguete sexual para vagina, ano , hombre y mujer, juguete gay juega tambi\u00e9n con arn\u00e9s","robots":{"index":"index","follow":"follow","max-snippet":"max-snippet:-1","max-image-preview":"max-image-preview:large","max-video-preview":"max-video-preview:-1"},"canonical":"https:\/\/sexshopbajolassabanas.mx\/?product=dildo-realista-cabezon","og_locale":"es_MX","og_type":"article","og_title":"Dildo realista cabez\u00f3n - sexshopbajolassabanas.mx","og_description":"Dildo realista cabez\u00f3n, consolador frondoso, juguete sexual para vagina, ano , hombre y mujer, juguete gay juega tambi\u00e9n con arn\u00e9s","og_url":"https:\/\/sexshopbajolassabanas.mx\/?product=dildo-realista-cabezon","og_site_name":"sexshopbajolassabanas.mx","article_modified_time":"2023-07-25T00:54:37+00:00","og_image":[{"width":1080,"height":1080,"url":"http:\/\/sexshopbajolassabanas.mx\/wp-content\/uploads\/2023\/07\/3-2.png","type":"image\/png"}],"twitter_card":"summary_large_image","twitter_misc":{"Tiempo de lectura":"2 minutos"},"schema":{"@context":"https:\/\/schema.org","@graph":[{"@type":"WebPage","@id":"https:\/\/sexshopbajolassabanas.mx\/?product=dildo-realista-cabezon","url":"https:\/\/sexshopbajolassabanas.mx\/?product=dildo-realista-cabezon","name":"Dildo realista cabez\u00f3n - sexshopbajolassabanas.mx","isPartOf":{"@id":"https:\/\/sexshopbajolassabanas.mx\/#website"},"datePublished":"2023-07-25T00:41:51+00:00","dateModified":"2023-07-25T00:54:37+00:00","description":"Dildo realista cabez\u00f3n, consolador frondoso, juguete sexual para vagina, ano , hombre y mujer, juguete gay juega tambi\u00e9n con arn\u00e9s","breadcrumb":{"@id":"https:\/\/sexshopbajolassabanas.mx\/?product=dildo-realista-cabezon#breadcrumb"},"inLanguage":"es","potentialAction":[{"@type":"ReadAction","target":["https:\/\/sexshopbajolassabanas.mx\/?product=dildo-realista-cabezon"]}]},{"@type":"BreadcrumbList","@id":"https:\/\/sexshopbajolassabanas.mx\/?product=dildo-realista-cabezon#breadcrumb","itemListElement":[{"@type":"ListItem","position":1,"name":"Inicio","item":"https:\/\/sexshopbajolassabanas.mx\/"},{"@type":"ListItem","position":2,"name":"Tienda","item":"https:\/\/sexshopbajolassabanas.mx\/?page_id=38"},{"@type":"ListItem","position":3,"name":"Dildo realista cabez\u00f3n"}]},{"@type":"WebSite","@id":"https:\/\/sexshopbajolassabanas.mx\/#website","url":"https:\/\/sexshopbajolassabanas.mx\/","name":"sexshopbajolassabanas.mx","description":"Sex Shop Bajo Las Sabanas","publisher":{"@id":"https:\/\/sexshopbajolassabanas.mx\/#organization"},"potentialAction":[{"@type":"SearchAction","target":{"@type":"EntryPoint","urlTemplate":"https:\/\/sexshopbajolassabanas.mx\/?s={search_term_string}"},"query-input":"required name=search_term_string"}],"inLanguage":"es"},{"@type":"Organization","@id":"https:\/\/sexshopbajolassabanas.mx\/#organization","name":"sexshopbajolassabanas.mx","url":"https:\/\/sexshopbajolassabanas.mx\/","logo":{"@type":"ImageObject","inLanguage":"es","@id":"https:\/\/sexshopbajolassabanas.mx\/#\/schema\/logo\/image\/","url":"https:\/\/sexshopbajolassabanas.mx\/wp-content\/uploads\/2022\/08\/cropped-cropped-Sin-titulo-2_Mesa-de-trabajo-1.png","contentUrl":"https:\/\/sexshopbajolassabanas.mx\/wp-content\/uploads\/2022\/08\/cropped-cropped-Sin-titulo-2_Mesa-de-trabajo-1.png","width":375,"height":375,"caption":"sexshopbajolassabanas.mx"},"image":{"@id":"https:\/\/sexshopbajolassabanas.mx\/#\/schema\/logo\/image\/"}}]}},"_links":{"self":[{"href":"https:\/\/sexshopbajolassabanas.mx\/index.php?rest_route=\/wp\/v2\/product\/7491","targetHints":{"allow":["GET"]}}],"collection":[{"href":"https:\/\/sexshopbajolassabanas.mx\/index.php?rest_route=\/wp\/v2\/product"}],"about":[{"href":"https:\/\/sexshopbajolassabanas.mx\/index.php?rest_route=\/wp\/v2\/types\/product"}],"replies":[{"embeddable":true,"href":"https:\/\/sexshopbajolassabanas.mx\/index.php?rest_route=%2Fwp%2Fv2%2Fcomments&post=7491"}],"version-history":[{"count":1,"href":"https:\/\/sexshopbajolassabanas.mx\/index.php?rest_route=\/wp\/v2\/product\/7491\/revisions"}],"predecessor-version":[{"id":7499,"href":"https:\/\/sexshopbajolassabanas.mx\/index.php?rest_route=\/wp\/v2\/product\/7491\/revisions\/7499"}],"wp:featuredmedia":[{"embeddable":true,"href":"https:\/\/sexshopbajolassabanas.mx\/index.php?rest_route=\/wp\/v2\/media\/7493"}],"wp:attachment":[{"href":"https:\/\/sexshopbajolassabanas.mx\/index.php?rest_route=%2Fwp%2Fv2%2Fmedia&parent=7491"}],"wp:term":[{"taxonomy":"product_cat","embeddable":true,"href":"https:\/\/sexshopbajolassabanas.mx\/index.php?rest_route=%2Fwp%2Fv2%2Fproduct_cat&post=7491"},{"taxonomy":"product_tag","embeddable":true,"href":"https:\/\/sexshopbajolassabanas.mx\/index.php?rest_route=%2Fwp%2Fv2%2Fproduct_tag&post=7491"},{"taxonomy":"giftcard-category","embeddable":true,"href":"https:\/\/sexshopbajolassabanas.mx\/index.php?rest_route=%2Fwp%2Fv2%2Fgiftcard-category&post=7491"}],"curies":[{"name":"wp","href":"https:\/\/api.w.org\/{rel}","templated":true}]}}