{"id":7583,"date":"2023-08-23T05:08:27","date_gmt":"2023-08-23T05:08:27","guid":{"rendered":"https:\/\/sexshopbajolassabanas.mx\/?post_type=product&#038;p=7583"},"modified":"2023-08-23T18:54:27","modified_gmt":"2023-08-23T18:54:27","slug":"dildo-juguete-intimo-lolli-pop","status":"publish","type":"product","link":"https:\/\/sexshopbajolassabanas.mx\/?product=dildo-juguete-intimo-lolli-pop","title":{"rendered":"Dildo juguete \u00edntimo bubble"},"content":{"rendered":"<h3><span style=\"color: #ff6600;\"><b>\u00a1Dildo juguete \u00edntimo, placer que te voltear\u00e1 lo ojos!<\/b><\/span><\/h3>\n<p><span style=\"font-weight: 400;\"><a href=\"https:\/\/sexshopbajolassabanas.mx\/?product_cat=sabaneras\">Sabaneras<\/a> ha llegado el dildo juguete \u00edntimo<\/span><span style=\"font-weight: 400;\">\u00a0en forma de pene <\/span><span style=\"font-weight: 400;\">ideal para tus juegos salvajes, con una cabeza pronunciada para satisfacerte desde el comienzo de la penetraci\u00f3n llega correctamente a tu punto G . Creado con un forro de silicona segura para el cuerpo, \u00fasalo en penetraci\u00f3n vaginal o anal desde cualquier \u00e1ngulo, ya que cuenta con una ventosa para que lo puedas colocar en superficies lisas y jugar con las manos libres.Este<\/span><span style=\"font-weight: 400;\"> dildo<\/span><span style=\"font-weight: 400;\"> de color rosa neon es ideal para cumplir todas tus fantas\u00edas. Forma y textura realista, compatible con cualquier tipo de arn\u00e9s.<\/span><\/p>\n<p><b>Presentaci\u00f3n:<\/b> <span style=\"font-weight: 400;\">\u00a017 cm, ancho 3.5 cm.<\/span><\/p>\n<p><b>Material:<\/b><span style=\"font-weight: 400;\"> Silicona<\/span><\/p>\n<p><b>Forma de uso:<\/b><span style=\"font-weight: 400;\"> Utiliza <\/span><span style=\"font-weight: 400;\"><a href=\"https:\/\/sexshopbajolassabanas.mx\/?product_cat=lubricantes\">lubricante d<\/a>e base agua<\/span><span style=\"font-weight: 400;\">, colocando una peque\u00f1a capa por el consolador en forma de pene. El lubricante facilita la inserci\u00f3n en la vagina o el ano y ayudar\u00e1 a deslizar con mayor comodidad<\/span><b>,<\/b><span style=\"font-weight: 400;\"> Coloque el <\/span><span style=\"font-weight: 400;\">consolador en forma de pene<\/span><span style=\"font-weight: 400;\"> en forma de pene en una superficie o base, gracias a su ventosa fuerte este se mantendr\u00e1 inm\u00f3vil facilitando la penetraci\u00f3n de forma c\u00f3moda si usar las manos en la altura y forma que m\u00e1s desees.<\/span><\/p>\n<p><b>Quitar:<\/b><span style=\"font-weight: 400;\"> Una vez llegado el orgasmo y hallas llegado al m\u00e1ximo momento de placer ret\u00edralo suavemente de tu zona vaginal o anal.<\/span><\/p>\n<p><b>Cuidados:<\/b><span style=\"font-weight: 400;\"> Antes y Despu\u00e9s del uso se recomienda \u00a0limpiar y desinfectar \u00a0con nuestros <\/span><span style=\"font-weight: 400;\">l<a href=\"https:\/\/sexshopbajolassabanas.mx\/?product_cat=limpieza-e-higiene\">impiadores para juguetes. <\/a><\/span><span style=\"font-weight: 400;\">Cons\u00e9rvese cerrado en un lugar fresco no mayor a 30\u00ba. Prot\u00e9jase de la luz solar y el polvo con nuestra bolsa hipoalerg\u00e9nica y antibacteriana.<\/span><\/p>\n","protected":false},"excerpt":{"rendered":"<p><span style=\"font-weight: 400;\">Dildo juguete \u00edntimo<\/span><span style=\"font-weight: 400;\">\u00a0en forma de pene <\/span><span style=\"font-weight: 400;\">ideal para tus juegos salvajes,\u00a0\u00fasalo en penetraci\u00f3n vaginal o anal,<\/span><\/p>\n<p><span style=\"font-weight: 400;\">cuenta con una ventosa para que lo puedas colocar en superficies lisas y jugar con las manos libres.<\/span><\/p>\n<p><span style=\"font-weight: 400;\">\u00a017 cm, ancho 3.5 cm.<\/span><\/p>\n<p>&nbsp;<\/p>\n","protected":false},"featured_media":7585,"comment_status":"open","ping_status":"closed","template":"","meta":{"om_disable_all_campaigns":false,"site-sidebar-layout":"default","site-content-layout":"default","ast-site-content-layout":"","site-content-style":"default","site-sidebar-style":"default","ast-global-header-display":"","ast-banner-title-visibility":"","ast-main-header-display":"","ast-hfb-above-header-display":"disabled","ast-hfb-below-header-display":"","ast-hfb-mobile-header-display":"","site-post-title":"","ast-breadcrumbs-content":"","ast-featured-img":"","footer-sml-layout":"","theme-transparent-header-meta":"default","adv-header-id-meta":"","stick-header-meta":"","header-above-stick-meta":"","header-main-stick-meta":"","header-below-stick-meta":"","astra-migrate-meta-layouts":"default","ast-page-background-enabled":"default","ast-page-background-meta":{"desktop":{"background-color":"","background-image":"","background-repeat":"repeat","background-position":"center center","background-size":"auto","background-attachment":"scroll","background-type":"","background-media":"","overlay-type":"","overlay-color":"","overlay-opacity":"","overlay-gradient":""},"tablet":{"background-color":"","background-image":"","background-repeat":"repeat","background-position":"center center","background-size":"auto","background-attachment":"scroll","background-type":"","background-media":"","overlay-type":"","overlay-color":"","overlay-opacity":"","overlay-gradient":""},"mobile":{"background-color":"","background-image":"","background-repeat":"repeat","background-position":"center center","background-size":"auto","background-attachment":"scroll","background-type":"","background-media":"","overlay-type":"","overlay-color":"","overlay-opacity":"","overlay-gradient":""}},"ast-content-background-meta":{"desktop":{"background-color":"var(--ast-global-color-5)","background-image":"","background-repeat":"repeat","background-position":"center center","background-size":"auto","background-attachment":"scroll","background-type":"","background-media":"","overlay-type":"","overlay-color":"","overlay-opacity":"","overlay-gradient":""},"tablet":{"background-color":"var(--ast-global-color-5)","background-image":"","background-repeat":"repeat","background-position":"center center","background-size":"auto","background-attachment":"scroll","background-type":"","background-media":"","overlay-type":"","overlay-color":"","overlay-opacity":"","overlay-gradient":""},"mobile":{"background-color":"var(--ast-global-color-5)","background-image":"","background-repeat":"repeat","background-position":"center center","background-size":"auto","background-attachment":"scroll","background-type":"","background-media":"","overlay-type":"","overlay-color":"","overlay-opacity":"","overlay-gradient":""}},"_joinchat":{"message_send":"hola Estoy buscando..."}},"product_cat":[85,48,196],"product_tag":[],"giftcard-category":[],"class_list":{"0":"post-7583","1":"product","2":"type-product","3":"status-publish","4":"has-post-thumbnail","6":"product_cat-dildos","7":"product_cat-sabaneras","8":"product_cat-sabaneres","9":"desktop-align-left","10":"tablet-align-left","11":"mobile-align-left","13":"first","14":"instock","15":"taxable","16":"shipping-taxable","17":"purchasable","18":"product-type-simple"},"yoast_head":"<!-- This site is optimized with the Yoast SEO plugin v20.5 - https:\/\/yoast.com\/wordpress\/plugins\/seo\/ -->\n<title>Dildo juguete \u00edntimo bubble - sexshopbajolassabanas.mx<\/title>\n<meta name=\"description\" content=\"dildo juguete \u00edntimo sexual, para hombres , mujeres , transexuales, gay, Wendy guevara, penetracion vaginal , anal ,masturbate y siente super rico.\" \/>\n<meta name=\"robots\" content=\"index, follow, max-snippet:-1, max-image-preview:large, max-video-preview:-1\" \/>\n<link rel=\"canonical\" href=\"https:\/\/sexshopbajolassabanas.mx\/?product=dildo-juguete-intimo-lolli-pop\" \/>\n<meta property=\"og:locale\" content=\"es_MX\" \/>\n<meta property=\"og:type\" content=\"article\" \/>\n<meta property=\"og:title\" content=\"Dildo juguete \u00edntimo bubble - sexshopbajolassabanas.mx\" \/>\n<meta property=\"og:description\" content=\"dildo juguete \u00edntimo sexual, para hombres , mujeres , transexuales, gay, Wendy guevara, penetracion vaginal , anal ,masturbate y siente super rico.\" \/>\n<meta property=\"og:url\" content=\"https:\/\/sexshopbajolassabanas.mx\/?product=dildo-juguete-intimo-lolli-pop\" \/>\n<meta property=\"og:site_name\" content=\"sexshopbajolassabanas.mx\" \/>\n<meta property=\"article:modified_time\" content=\"2023-08-23T18:54:27+00:00\" \/>\n<meta property=\"og:image\" content=\"http:\/\/sexshopbajolassabanas.mx\/wp-content\/uploads\/2023\/08\/3-4.png\" \/>\n\t<meta property=\"og:image:width\" content=\"1080\" \/>\n\t<meta property=\"og:image:height\" content=\"1080\" \/>\n\t<meta property=\"og:image:type\" content=\"image\/png\" \/>\n<meta name=\"twitter:card\" content=\"summary_large_image\" \/>\n<meta name=\"twitter:label1\" content=\"Tiempo de lectura\" \/>\n\t<meta name=\"twitter:data1\" content=\"2 minutos\" \/>\n<script type=\"application\/ld+json\" class=\"yoast-schema-graph\">{\"@context\":\"https:\/\/schema.org\",\"@graph\":[{\"@type\":\"WebPage\",\"@id\":\"https:\/\/sexshopbajolassabanas.mx\/?product=dildo-juguete-intimo-lolli-pop\",\"url\":\"https:\/\/sexshopbajolassabanas.mx\/?product=dildo-juguete-intimo-lolli-pop\",\"name\":\"Dildo juguete \u00edntimo bubble - sexshopbajolassabanas.mx\",\"isPartOf\":{\"@id\":\"https:\/\/sexshopbajolassabanas.mx\/#website\"},\"datePublished\":\"2023-08-23T05:08:27+00:00\",\"dateModified\":\"2023-08-23T18:54:27+00:00\",\"description\":\"dildo juguete \u00edntimo sexual, para hombres , mujeres , transexuales, gay, Wendy guevara, penetracion vaginal , anal ,masturbate y siente super rico.\",\"breadcrumb\":{\"@id\":\"https:\/\/sexshopbajolassabanas.mx\/?product=dildo-juguete-intimo-lolli-pop#breadcrumb\"},\"inLanguage\":\"es\",\"potentialAction\":[{\"@type\":\"ReadAction\",\"target\":[\"https:\/\/sexshopbajolassabanas.mx\/?product=dildo-juguete-intimo-lolli-pop\"]}]},{\"@type\":\"BreadcrumbList\",\"@id\":\"https:\/\/sexshopbajolassabanas.mx\/?product=dildo-juguete-intimo-lolli-pop#breadcrumb\",\"itemListElement\":[{\"@type\":\"ListItem\",\"position\":1,\"name\":\"Inicio\",\"item\":\"https:\/\/sexshopbajolassabanas.mx\/\"},{\"@type\":\"ListItem\",\"position\":2,\"name\":\"Tienda\",\"item\":\"https:\/\/sexshopbajolassabanas.mx\/?page_id=38\"},{\"@type\":\"ListItem\",\"position\":3,\"name\":\"Dildo juguete \u00edntimo bubble\"}]},{\"@type\":\"WebSite\",\"@id\":\"https:\/\/sexshopbajolassabanas.mx\/#website\",\"url\":\"https:\/\/sexshopbajolassabanas.mx\/\",\"name\":\"sexshopbajolassabanas.mx\",\"description\":\"Sex Shop Bajo Las Sabanas\",\"publisher\":{\"@id\":\"https:\/\/sexshopbajolassabanas.mx\/#organization\"},\"potentialAction\":[{\"@type\":\"SearchAction\",\"target\":{\"@type\":\"EntryPoint\",\"urlTemplate\":\"https:\/\/sexshopbajolassabanas.mx\/?s={search_term_string}\"},\"query-input\":\"required name=search_term_string\"}],\"inLanguage\":\"es\"},{\"@type\":\"Organization\",\"@id\":\"https:\/\/sexshopbajolassabanas.mx\/#organization\",\"name\":\"sexshopbajolassabanas.mx\",\"url\":\"https:\/\/sexshopbajolassabanas.mx\/\",\"logo\":{\"@type\":\"ImageObject\",\"inLanguage\":\"es\",\"@id\":\"https:\/\/sexshopbajolassabanas.mx\/#\/schema\/logo\/image\/\",\"url\":\"https:\/\/sexshopbajolassabanas.mx\/wp-content\/uploads\/2022\/08\/cropped-cropped-Sin-titulo-2_Mesa-de-trabajo-1.png\",\"contentUrl\":\"https:\/\/sexshopbajolassabanas.mx\/wp-content\/uploads\/2022\/08\/cropped-cropped-Sin-titulo-2_Mesa-de-trabajo-1.png\",\"width\":375,\"height\":375,\"caption\":\"sexshopbajolassabanas.mx\"},\"image\":{\"@id\":\"https:\/\/sexshopbajolassabanas.mx\/#\/schema\/logo\/image\/\"}}]}<\/script>\n<!-- \/ Yoast SEO plugin. -->","yoast_head_json":{"title":"Dildo juguete \u00edntimo bubble - sexshopbajolassabanas.mx","description":"dildo juguete \u00edntimo sexual, para hombres , mujeres , transexuales, gay, Wendy guevara, penetracion vaginal , anal ,masturbate y siente super rico.","robots":{"index":"index","follow":"follow","max-snippet":"max-snippet:-1","max-image-preview":"max-image-preview:large","max-video-preview":"max-video-preview:-1"},"canonical":"https:\/\/sexshopbajolassabanas.mx\/?product=dildo-juguete-intimo-lolli-pop","og_locale":"es_MX","og_type":"article","og_title":"Dildo juguete \u00edntimo bubble - sexshopbajolassabanas.mx","og_description":"dildo juguete \u00edntimo sexual, para hombres , mujeres , transexuales, gay, Wendy guevara, penetracion vaginal , anal ,masturbate y siente super rico.","og_url":"https:\/\/sexshopbajolassabanas.mx\/?product=dildo-juguete-intimo-lolli-pop","og_site_name":"sexshopbajolassabanas.mx","article_modified_time":"2023-08-23T18:54:27+00:00","og_image":[{"width":1080,"height":1080,"url":"http:\/\/sexshopbajolassabanas.mx\/wp-content\/uploads\/2023\/08\/3-4.png","type":"image\/png"}],"twitter_card":"summary_large_image","twitter_misc":{"Tiempo de lectura":"2 minutos"},"schema":{"@context":"https:\/\/schema.org","@graph":[{"@type":"WebPage","@id":"https:\/\/sexshopbajolassabanas.mx\/?product=dildo-juguete-intimo-lolli-pop","url":"https:\/\/sexshopbajolassabanas.mx\/?product=dildo-juguete-intimo-lolli-pop","name":"Dildo juguete \u00edntimo bubble - sexshopbajolassabanas.mx","isPartOf":{"@id":"https:\/\/sexshopbajolassabanas.mx\/#website"},"datePublished":"2023-08-23T05:08:27+00:00","dateModified":"2023-08-23T18:54:27+00:00","description":"dildo juguete \u00edntimo sexual, para hombres , mujeres , transexuales, gay, Wendy guevara, penetracion vaginal , anal ,masturbate y siente super rico.","breadcrumb":{"@id":"https:\/\/sexshopbajolassabanas.mx\/?product=dildo-juguete-intimo-lolli-pop#breadcrumb"},"inLanguage":"es","potentialAction":[{"@type":"ReadAction","target":["https:\/\/sexshopbajolassabanas.mx\/?product=dildo-juguete-intimo-lolli-pop"]}]},{"@type":"BreadcrumbList","@id":"https:\/\/sexshopbajolassabanas.mx\/?product=dildo-juguete-intimo-lolli-pop#breadcrumb","itemListElement":[{"@type":"ListItem","position":1,"name":"Inicio","item":"https:\/\/sexshopbajolassabanas.mx\/"},{"@type":"ListItem","position":2,"name":"Tienda","item":"https:\/\/sexshopbajolassabanas.mx\/?page_id=38"},{"@type":"ListItem","position":3,"name":"Dildo juguete \u00edntimo bubble"}]},{"@type":"WebSite","@id":"https:\/\/sexshopbajolassabanas.mx\/#website","url":"https:\/\/sexshopbajolassabanas.mx\/","name":"sexshopbajolassabanas.mx","description":"Sex Shop Bajo Las Sabanas","publisher":{"@id":"https:\/\/sexshopbajolassabanas.mx\/#organization"},"potentialAction":[{"@type":"SearchAction","target":{"@type":"EntryPoint","urlTemplate":"https:\/\/sexshopbajolassabanas.mx\/?s={search_term_string}"},"query-input":"required name=search_term_string"}],"inLanguage":"es"},{"@type":"Organization","@id":"https:\/\/sexshopbajolassabanas.mx\/#organization","name":"sexshopbajolassabanas.mx","url":"https:\/\/sexshopbajolassabanas.mx\/","logo":{"@type":"ImageObject","inLanguage":"es","@id":"https:\/\/sexshopbajolassabanas.mx\/#\/schema\/logo\/image\/","url":"https:\/\/sexshopbajolassabanas.mx\/wp-content\/uploads\/2022\/08\/cropped-cropped-Sin-titulo-2_Mesa-de-trabajo-1.png","contentUrl":"https:\/\/sexshopbajolassabanas.mx\/wp-content\/uploads\/2022\/08\/cropped-cropped-Sin-titulo-2_Mesa-de-trabajo-1.png","width":375,"height":375,"caption":"sexshopbajolassabanas.mx"},"image":{"@id":"https:\/\/sexshopbajolassabanas.mx\/#\/schema\/logo\/image\/"}}]}},"_links":{"self":[{"href":"https:\/\/sexshopbajolassabanas.mx\/index.php?rest_route=\/wp\/v2\/product\/7583","targetHints":{"allow":["GET"]}}],"collection":[{"href":"https:\/\/sexshopbajolassabanas.mx\/index.php?rest_route=\/wp\/v2\/product"}],"about":[{"href":"https:\/\/sexshopbajolassabanas.mx\/index.php?rest_route=\/wp\/v2\/types\/product"}],"replies":[{"embeddable":true,"href":"https:\/\/sexshopbajolassabanas.mx\/index.php?rest_route=%2Fwp%2Fv2%2Fcomments&post=7583"}],"version-history":[{"count":2,"href":"https:\/\/sexshopbajolassabanas.mx\/index.php?rest_route=\/wp\/v2\/product\/7583\/revisions"}],"predecessor-version":[{"id":7598,"href":"https:\/\/sexshopbajolassabanas.mx\/index.php?rest_route=\/wp\/v2\/product\/7583\/revisions\/7598"}],"wp:featuredmedia":[{"embeddable":true,"href":"https:\/\/sexshopbajolassabanas.mx\/index.php?rest_route=\/wp\/v2\/media\/7585"}],"wp:attachment":[{"href":"https:\/\/sexshopbajolassabanas.mx\/index.php?rest_route=%2Fwp%2Fv2%2Fmedia&parent=7583"}],"wp:term":[{"taxonomy":"product_cat","embeddable":true,"href":"https:\/\/sexshopbajolassabanas.mx\/index.php?rest_route=%2Fwp%2Fv2%2Fproduct_cat&post=7583"},{"taxonomy":"product_tag","embeddable":true,"href":"https:\/\/sexshopbajolassabanas.mx\/index.php?rest_route=%2Fwp%2Fv2%2Fproduct_tag&post=7583"},{"taxonomy":"giftcard-category","embeddable":true,"href":"https:\/\/sexshopbajolassabanas.mx\/index.php?rest_route=%2Fwp%2Fv2%2Fgiftcard-category&post=7583"}],"curies":[{"name":"wp","href":"https:\/\/api.w.org\/{rel}","templated":true}]}}