{"id":7607,"date":"2023-08-23T20:56:52","date_gmt":"2023-08-23T20:56:52","guid":{"rendered":"https:\/\/sexshopbajolassabanas.mx\/?post_type=product&#038;p=7607"},"modified":"2023-08-23T21:13:18","modified_gmt":"2023-08-23T21:13:18","slug":"plug-anal-cola-de-conejo","status":"publish","type":"product","link":"https:\/\/sexshopbajolassabanas.mx\/?product=plug-anal-cola-de-conejo","title":{"rendered":"Plug anal cola de conejo"},"content":{"rendered":"<h3><span style=\"color: #800080;\"><b>\u00a1Sexo anal con plug anal cola de conejo, juego de rol!<\/b><\/span><\/h3>\n<p>&nbsp;<\/p>\n<p>Para tus juegos de rol con tu pareja este plug anal cola de conejo es lo mejor , puedes jalarla para estimular el placer de tu pareja, te har\u00e1 disfrutar como nunca, gracias a su material met\u00e1lico quir\u00fargico, puedes ocupar <a href=\"https:\/\/sexshopbajolassabanas.mx\/?product_cat=lubricantes-anales\">lubricante<\/a> de silicon como base agua permanece de forma segura en tu cuerpo y aumenta tus orgasmos.<\/p>\n<p>Este precioso Plug anal es el regalo ideal tanto para hombres como para mujeres. Y permite jugar y disfrutar tanto solo como en pareja. \u00a1<b>Un complemento elegante para tus juegos m\u00e1s apasionados!<\/b><\/p>\n<p><b>Presentaci\u00f3n:<\/b><\/p>\n<p class=\"_04xlpA direction-ltr align-center para-style-body\"><span class=\"JsGRdQ\">largo total : 14 \u00a0cm<\/span><\/p>\n<p class=\"_04xlpA direction-ltr align-center para-style-body\"><span class=\"JsGRdQ\">Ancho de la cola : 8 cm<\/span><\/p>\n<p>Di\u00e1metro del plug: 2.8<\/p>\n<p>Largo del plug: 7 cm<\/p>\n<p><b>Forma de uso<\/b><b>: <\/b>Utilice lubricante de base agua en el \u00e1rea alrededor del ano y en el plug anal. El lubricante facilita la inserci\u00f3n del mismo y ayudar\u00e1 a estimular la zona.<\/p>\n<p>Quitar: Deje de mover lentamente y retir\u00e1rtelo de la zona anal.<\/p>\n<p><b>Cuidados:<\/b> Despu\u00e9s del uso, lavar con agua o un<a href=\"https:\/\/sexshopbajolassabanas.mx\/?product_cat=limpieza-e-higiene\"> limpiador de juguete<\/a> antibacterial y secar con un pa\u00f1o limpio. No utilice productos abrasivos o t\u00f3xicos para lavar los componentes. Guardar en un lugar fresco y seco dentro de su bolsa hipoalerg\u00e9nica.<\/p>\n","protected":false},"excerpt":{"rendered":"<p>Para tus juegos de rol con tu pareja este plug anal cola de conejo es lo mejor , puedes jalarla para estimular el placer de tu pareja, te har\u00e1 disfrutar como nunca.<\/p>\n<p class=\"_04xlpA direction-ltr align-center para-style-body\"><span class=\"JsGRdQ\">largo total : 14 \u00a0cm<\/span><\/p>\n<p class=\"_04xlpA direction-ltr align-center para-style-body\"><span class=\"JsGRdQ\">Ancho de la cola : 8 cm<\/span><\/p>\n<p>Di\u00e1metro del plug: 2.8<\/p>\n<p>Largo del plug: 7 cm<\/p>\n<p>&nbsp;<\/p>\n","protected":false},"featured_media":7619,"comment_status":"open","ping_status":"closed","template":"","meta":{"om_disable_all_campaigns":false,"site-sidebar-layout":"default","site-content-layout":"default","ast-site-content-layout":"","site-content-style":"default","site-sidebar-style":"default","ast-global-header-display":"","ast-banner-title-visibility":"","ast-main-header-display":"","ast-hfb-above-header-display":"disabled","ast-hfb-below-header-display":"","ast-hfb-mobile-header-display":"","site-post-title":"","ast-breadcrumbs-content":"","ast-featured-img":"","footer-sml-layout":"","theme-transparent-header-meta":"default","adv-header-id-meta":"","stick-header-meta":"","header-above-stick-meta":"","header-main-stick-meta":"","header-below-stick-meta":"","astra-migrate-meta-layouts":"default","ast-page-background-enabled":"default","ast-page-background-meta":{"desktop":{"background-color":"","background-image":"","background-repeat":"repeat","background-position":"center center","background-size":"auto","background-attachment":"scroll","background-type":"","background-media":"","overlay-type":"","overlay-color":"","overlay-opacity":"","overlay-gradient":""},"tablet":{"background-color":"","background-image":"","background-repeat":"repeat","background-position":"center center","background-size":"auto","background-attachment":"scroll","background-type":"","background-media":"","overlay-type":"","overlay-color":"","overlay-opacity":"","overlay-gradient":""},"mobile":{"background-color":"","background-image":"","background-repeat":"repeat","background-position":"center center","background-size":"auto","background-attachment":"scroll","background-type":"","background-media":"","overlay-type":"","overlay-color":"","overlay-opacity":"","overlay-gradient":""}},"ast-content-background-meta":{"desktop":{"background-color":"var(--ast-global-color-5)","background-image":"","background-repeat":"repeat","background-position":"center center","background-size":"auto","background-attachment":"scroll","background-type":"","background-media":"","overlay-type":"","overlay-color":"","overlay-opacity":"","overlay-gradient":""},"tablet":{"background-color":"var(--ast-global-color-5)","background-image":"","background-repeat":"repeat","background-position":"center center","background-size":"auto","background-attachment":"scroll","background-type":"","background-media":"","overlay-type":"","overlay-color":"","overlay-opacity":"","overlay-gradient":""},"mobile":{"background-color":"var(--ast-global-color-5)","background-image":"","background-repeat":"repeat","background-position":"center center","background-size":"auto","background-attachment":"scroll","background-type":"","background-media":"","overlay-type":"","overlay-color":"","overlay-opacity":"","overlay-gradient":""}},"_joinchat":{"message_send":"Hola, Estoy buscando..."}},"product_cat":[66,48,196,40],"product_tag":[],"giftcard-category":[],"class_list":{"0":"post-7607","1":"product","2":"type-product","3":"status-publish","4":"has-post-thumbnail","6":"product_cat-juguetes-anales","7":"product_cat-sabaneras","8":"product_cat-sabaneres","9":"product_cat-sabaneros","10":"desktop-align-left","11":"tablet-align-left","12":"mobile-align-left","14":"first","15":"instock","16":"taxable","17":"shipping-taxable","18":"purchasable","19":"product-type-variable"},"yoast_head":"<!-- This site is optimized with the Yoast SEO plugin v20.5 - https:\/\/yoast.com\/wordpress\/plugins\/seo\/ -->\n<title>Plug anal cola de conejo - sexshopbajolassabanas.mx<\/title>\n<meta name=\"description\" content=\"Plug anal cola de conejo, juguete para penetraci\u00f3n anal sexual mujeres, hombres, transexual, wendy guevara, juego de roles BDSM\" \/>\n<meta name=\"robots\" content=\"index, follow, max-snippet:-1, max-image-preview:large, max-video-preview:-1\" \/>\n<link rel=\"canonical\" href=\"https:\/\/sexshopbajolassabanas.mx\/?product=plug-anal-cola-de-conejo\" \/>\n<meta property=\"og:locale\" content=\"es_MX\" \/>\n<meta property=\"og:type\" content=\"article\" \/>\n<meta property=\"og:title\" content=\"Plug anal cola de conejo - sexshopbajolassabanas.mx\" \/>\n<meta property=\"og:description\" content=\"Plug anal cola de conejo, juguete para penetraci\u00f3n anal sexual mujeres, hombres, transexual, wendy guevara, juego de roles BDSM\" \/>\n<meta property=\"og:url\" content=\"https:\/\/sexshopbajolassabanas.mx\/?product=plug-anal-cola-de-conejo\" \/>\n<meta property=\"og:site_name\" content=\"sexshopbajolassabanas.mx\" \/>\n<meta property=\"article:modified_time\" content=\"2023-08-23T21:13:18+00:00\" \/>\n<meta property=\"og:image\" content=\"http:\/\/sexshopbajolassabanas.mx\/wp-content\/uploads\/2023\/08\/13.png\" \/>\n\t<meta property=\"og:image:width\" content=\"1080\" \/>\n\t<meta property=\"og:image:height\" content=\"1080\" \/>\n\t<meta property=\"og:image:type\" content=\"image\/png\" \/>\n<meta name=\"twitter:card\" content=\"summary_large_image\" \/>\n<meta name=\"twitter:label1\" content=\"Tiempo de lectura\" \/>\n\t<meta name=\"twitter:data1\" content=\"1 minuto\" \/>\n<script type=\"application\/ld+json\" class=\"yoast-schema-graph\">{\"@context\":\"https:\/\/schema.org\",\"@graph\":[{\"@type\":\"WebPage\",\"@id\":\"https:\/\/sexshopbajolassabanas.mx\/?product=plug-anal-cola-de-conejo\",\"url\":\"https:\/\/sexshopbajolassabanas.mx\/?product=plug-anal-cola-de-conejo\",\"name\":\"Plug anal cola de conejo - sexshopbajolassabanas.mx\",\"isPartOf\":{\"@id\":\"https:\/\/sexshopbajolassabanas.mx\/#website\"},\"datePublished\":\"2023-08-23T20:56:52+00:00\",\"dateModified\":\"2023-08-23T21:13:18+00:00\",\"description\":\"Plug anal cola de conejo, juguete para penetraci\u00f3n anal sexual mujeres, hombres, transexual, wendy guevara, juego de roles BDSM\",\"breadcrumb\":{\"@id\":\"https:\/\/sexshopbajolassabanas.mx\/?product=plug-anal-cola-de-conejo#breadcrumb\"},\"inLanguage\":\"es\",\"potentialAction\":[{\"@type\":\"ReadAction\",\"target\":[\"https:\/\/sexshopbajolassabanas.mx\/?product=plug-anal-cola-de-conejo\"]}]},{\"@type\":\"BreadcrumbList\",\"@id\":\"https:\/\/sexshopbajolassabanas.mx\/?product=plug-anal-cola-de-conejo#breadcrumb\",\"itemListElement\":[{\"@type\":\"ListItem\",\"position\":1,\"name\":\"Inicio\",\"item\":\"https:\/\/sexshopbajolassabanas.mx\/\"},{\"@type\":\"ListItem\",\"position\":2,\"name\":\"Tienda\",\"item\":\"https:\/\/sexshopbajolassabanas.mx\/?page_id=38\"},{\"@type\":\"ListItem\",\"position\":3,\"name\":\"Plug anal cola de conejo\"}]},{\"@type\":\"WebSite\",\"@id\":\"https:\/\/sexshopbajolassabanas.mx\/#website\",\"url\":\"https:\/\/sexshopbajolassabanas.mx\/\",\"name\":\"sexshopbajolassabanas.mx\",\"description\":\"Sex Shop Bajo Las Sabanas\",\"publisher\":{\"@id\":\"https:\/\/sexshopbajolassabanas.mx\/#organization\"},\"potentialAction\":[{\"@type\":\"SearchAction\",\"target\":{\"@type\":\"EntryPoint\",\"urlTemplate\":\"https:\/\/sexshopbajolassabanas.mx\/?s={search_term_string}\"},\"query-input\":\"required name=search_term_string\"}],\"inLanguage\":\"es\"},{\"@type\":\"Organization\",\"@id\":\"https:\/\/sexshopbajolassabanas.mx\/#organization\",\"name\":\"sexshopbajolassabanas.mx\",\"url\":\"https:\/\/sexshopbajolassabanas.mx\/\",\"logo\":{\"@type\":\"ImageObject\",\"inLanguage\":\"es\",\"@id\":\"https:\/\/sexshopbajolassabanas.mx\/#\/schema\/logo\/image\/\",\"url\":\"https:\/\/sexshopbajolassabanas.mx\/wp-content\/uploads\/2022\/08\/cropped-cropped-Sin-titulo-2_Mesa-de-trabajo-1.png\",\"contentUrl\":\"https:\/\/sexshopbajolassabanas.mx\/wp-content\/uploads\/2022\/08\/cropped-cropped-Sin-titulo-2_Mesa-de-trabajo-1.png\",\"width\":375,\"height\":375,\"caption\":\"sexshopbajolassabanas.mx\"},\"image\":{\"@id\":\"https:\/\/sexshopbajolassabanas.mx\/#\/schema\/logo\/image\/\"}}]}<\/script>\n<!-- \/ Yoast SEO plugin. -->","yoast_head_json":{"title":"Plug anal cola de conejo - sexshopbajolassabanas.mx","description":"Plug anal cola de conejo, juguete para penetraci\u00f3n anal sexual mujeres, hombres, transexual, wendy guevara, juego de roles BDSM","robots":{"index":"index","follow":"follow","max-snippet":"max-snippet:-1","max-image-preview":"max-image-preview:large","max-video-preview":"max-video-preview:-1"},"canonical":"https:\/\/sexshopbajolassabanas.mx\/?product=plug-anal-cola-de-conejo","og_locale":"es_MX","og_type":"article","og_title":"Plug anal cola de conejo - sexshopbajolassabanas.mx","og_description":"Plug anal cola de conejo, juguete para penetraci\u00f3n anal sexual mujeres, hombres, transexual, wendy guevara, juego de roles BDSM","og_url":"https:\/\/sexshopbajolassabanas.mx\/?product=plug-anal-cola-de-conejo","og_site_name":"sexshopbajolassabanas.mx","article_modified_time":"2023-08-23T21:13:18+00:00","og_image":[{"width":1080,"height":1080,"url":"http:\/\/sexshopbajolassabanas.mx\/wp-content\/uploads\/2023\/08\/13.png","type":"image\/png"}],"twitter_card":"summary_large_image","twitter_misc":{"Tiempo de lectura":"1 minuto"},"schema":{"@context":"https:\/\/schema.org","@graph":[{"@type":"WebPage","@id":"https:\/\/sexshopbajolassabanas.mx\/?product=plug-anal-cola-de-conejo","url":"https:\/\/sexshopbajolassabanas.mx\/?product=plug-anal-cola-de-conejo","name":"Plug anal cola de conejo - sexshopbajolassabanas.mx","isPartOf":{"@id":"https:\/\/sexshopbajolassabanas.mx\/#website"},"datePublished":"2023-08-23T20:56:52+00:00","dateModified":"2023-08-23T21:13:18+00:00","description":"Plug anal cola de conejo, juguete para penetraci\u00f3n anal sexual mujeres, hombres, transexual, wendy guevara, juego de roles BDSM","breadcrumb":{"@id":"https:\/\/sexshopbajolassabanas.mx\/?product=plug-anal-cola-de-conejo#breadcrumb"},"inLanguage":"es","potentialAction":[{"@type":"ReadAction","target":["https:\/\/sexshopbajolassabanas.mx\/?product=plug-anal-cola-de-conejo"]}]},{"@type":"BreadcrumbList","@id":"https:\/\/sexshopbajolassabanas.mx\/?product=plug-anal-cola-de-conejo#breadcrumb","itemListElement":[{"@type":"ListItem","position":1,"name":"Inicio","item":"https:\/\/sexshopbajolassabanas.mx\/"},{"@type":"ListItem","position":2,"name":"Tienda","item":"https:\/\/sexshopbajolassabanas.mx\/?page_id=38"},{"@type":"ListItem","position":3,"name":"Plug anal cola de conejo"}]},{"@type":"WebSite","@id":"https:\/\/sexshopbajolassabanas.mx\/#website","url":"https:\/\/sexshopbajolassabanas.mx\/","name":"sexshopbajolassabanas.mx","description":"Sex Shop Bajo Las Sabanas","publisher":{"@id":"https:\/\/sexshopbajolassabanas.mx\/#organization"},"potentialAction":[{"@type":"SearchAction","target":{"@type":"EntryPoint","urlTemplate":"https:\/\/sexshopbajolassabanas.mx\/?s={search_term_string}"},"query-input":"required name=search_term_string"}],"inLanguage":"es"},{"@type":"Organization","@id":"https:\/\/sexshopbajolassabanas.mx\/#organization","name":"sexshopbajolassabanas.mx","url":"https:\/\/sexshopbajolassabanas.mx\/","logo":{"@type":"ImageObject","inLanguage":"es","@id":"https:\/\/sexshopbajolassabanas.mx\/#\/schema\/logo\/image\/","url":"https:\/\/sexshopbajolassabanas.mx\/wp-content\/uploads\/2022\/08\/cropped-cropped-Sin-titulo-2_Mesa-de-trabajo-1.png","contentUrl":"https:\/\/sexshopbajolassabanas.mx\/wp-content\/uploads\/2022\/08\/cropped-cropped-Sin-titulo-2_Mesa-de-trabajo-1.png","width":375,"height":375,"caption":"sexshopbajolassabanas.mx"},"image":{"@id":"https:\/\/sexshopbajolassabanas.mx\/#\/schema\/logo\/image\/"}}]}},"_links":{"self":[{"href":"https:\/\/sexshopbajolassabanas.mx\/index.php?rest_route=\/wp\/v2\/product\/7607","targetHints":{"allow":["GET"]}}],"collection":[{"href":"https:\/\/sexshopbajolassabanas.mx\/index.php?rest_route=\/wp\/v2\/product"}],"about":[{"href":"https:\/\/sexshopbajolassabanas.mx\/index.php?rest_route=\/wp\/v2\/types\/product"}],"replies":[{"embeddable":true,"href":"https:\/\/sexshopbajolassabanas.mx\/index.php?rest_route=%2Fwp%2Fv2%2Fcomments&post=7607"}],"version-history":[{"count":3,"href":"https:\/\/sexshopbajolassabanas.mx\/index.php?rest_route=\/wp\/v2\/product\/7607\/revisions"}],"predecessor-version":[{"id":7624,"href":"https:\/\/sexshopbajolassabanas.mx\/index.php?rest_route=\/wp\/v2\/product\/7607\/revisions\/7624"}],"wp:featuredmedia":[{"embeddable":true,"href":"https:\/\/sexshopbajolassabanas.mx\/index.php?rest_route=\/wp\/v2\/media\/7619"}],"wp:attachment":[{"href":"https:\/\/sexshopbajolassabanas.mx\/index.php?rest_route=%2Fwp%2Fv2%2Fmedia&parent=7607"}],"wp:term":[{"taxonomy":"product_cat","embeddable":true,"href":"https:\/\/sexshopbajolassabanas.mx\/index.php?rest_route=%2Fwp%2Fv2%2Fproduct_cat&post=7607"},{"taxonomy":"product_tag","embeddable":true,"href":"https:\/\/sexshopbajolassabanas.mx\/index.php?rest_route=%2Fwp%2Fv2%2Fproduct_tag&post=7607"},{"taxonomy":"giftcard-category","embeddable":true,"href":"https:\/\/sexshopbajolassabanas.mx\/index.php?rest_route=%2Fwp%2Fv2%2Fgiftcard-category&post=7607"}],"curies":[{"name":"wp","href":"https:\/\/api.w.org\/{rel}","templated":true}]}}