{"id":7643,"date":"2023-08-24T22:38:08","date_gmt":"2023-08-24T22:38:08","guid":{"rendered":"https:\/\/sexshopbajolassabanas.mx\/?post_type=product&#038;p=7643"},"modified":"2024-10-07T19:03:47","modified_gmt":"2024-10-07T19:03:47","slug":"succionador-de-clitoris-amor","status":"publish","type":"product","link":"https:\/\/sexshopbajolassabanas.mx\/?product=succionador-de-clitoris-amor","title":{"rendered":"Succionador de Cl\u00edtoris Amor"},"content":{"rendered":"<h3><span style=\"color: #ff00ff;\"><b>\u00a1Consiente a tu cl\u00edtoris o el pene de tu pareja con succionador de cl\u00edtoris!<\/b><\/span><\/h3>\n<p><span style=\"font-weight: 400;\">Disfruta de la tecnolog\u00eda de los juguetes de<a href=\"https:\/\/sexshopbajolassabanas.mx\/\"> Bajo las S\u00e1banas\u00a0<\/a><\/span><span style=\"font-weight: 400;\">\u00a0con este succionador de<\/span><span style=\"font-weight: 400;\">\u00a0cl\u00edtoris <\/span><span style=\"font-weight: 400;\">que tambi\u00e9n succiona el glande de tu pareja, ademas en la parte inferior de este succionador en flor, tiene otra mini flor que oh sorpresa tiene una lengua lamedora para andar una diversi\u00f3n extra llena de placer, puedes lamer cl\u00edtoris, pezones, glande, test\u00edculos y todas las zonas er\u00f3genas de tu cuerpo y el de tu pareja. Es super c\u00f3modo y seguro gracias a su silic\u00f3n de grado m\u00e9dico libre de BPA.\u00a0<\/span><\/p>\n<p><span style=\"font-weight: 400;\">Este <\/span><span style=\"font-weight: 400;\">succionador de cl\u00edtoris <\/span><span style=\"font-weight: 400;\">es recargable y sumergible al agua; adem\u00e1s de ser muy discreto es \u00fatil para el juego con tu pareja y para aumentar tus orgasmos de forma individual.<\/span><\/p>\n<p id=\"tw-target-text\" class=\"tw-data-text tw-text-large tw-ta\" dir=\"ltr\" data-placeholder=\"Traducci\u00f3n\"><span class=\"Y2IQFc\" lang=\"es\">Funci\u00f3n de succi\u00f3n de 10 velocidades\u00a0<\/span><\/p>\n<p><b>Presentaci\u00f3n: <\/b><span style=\"font-weight: 400;\">Caja de 11.o cm de altura x 3.9 cm de ancho<\/span><\/p>\n<p><b>Forma de uso<\/b><b>: R<\/b><span style=\"font-weight: 400;\">ecarga el <\/span><span style=\"font-weight: 400;\">succionador de cl\u00edtoris<\/span><span style=\"font-weight: 400;\"> durante 1 hora para disfrutar 60 minutos de placer. Enciende con su bot\u00f3n en la pancita hasta obtener una luz roja y percibir la succi\u00f3n y vibraci\u00f3n. Puedes utilizarlo en Cl\u00edtoris, pezones, glande, test\u00edculos. \u00a1<\/span><b>Permite disfrutar de tu imaginaci\u00f3n!<\/b><\/p>\n<p><b>Cuidados<\/b><span style=\"font-weight: 400;\">: Despu\u00e9s del uso, lavar con agua o un <\/span><span style=\"font-weight: 400;\"><a href=\"https:\/\/sexshopbajolassabanas.mx\/?product_cat=limpieza-e-higiene\">limpiador de juguete<\/a> antibacterial<\/span><span style=\"font-weight: 400;\"> y secar con un pa\u00f1o limpio. No utilice productos abrasivos o t\u00f3xicos para lavar los componentes. Guardar en un lugar fresco y seco dentro de su bolsa hipoalerg\u00e9nica.<\/span><\/p>\n","protected":false},"excerpt":{"rendered":"<p><span style=\"font-weight: 400;\">Este <\/span><span style=\"font-weight: 400;\">succionador de cl\u00edtoris <\/span><span style=\"font-weight: 400;\">es recargable y sumergible al agua; adem\u00e1s de ser muy discreto es \u00fatil para el juego con tu pareja y para aumentar tus orgasmos de forma individual.<\/span><\/p>\n<p id=\"tw-target-text\" class=\"tw-data-text tw-text-large tw-ta\" dir=\"ltr\" data-placeholder=\"Traducci\u00f3n\"><span class=\"Y2IQFc\" lang=\"es\">Funci\u00f3n de succi\u00f3n de 10 velocidades.<\/span><\/p>\n","protected":false},"featured_media":7647,"comment_status":"open","ping_status":"closed","template":"","meta":{"om_disable_all_campaigns":false,"site-sidebar-layout":"default","site-content-layout":"default","ast-site-content-layout":"default","site-content-style":"default","site-sidebar-style":"default","ast-global-header-display":"","ast-banner-title-visibility":"","ast-main-header-display":"","ast-hfb-above-header-display":"disabled","ast-hfb-below-header-display":"","ast-hfb-mobile-header-display":"","site-post-title":"","ast-breadcrumbs-content":"","ast-featured-img":"","footer-sml-layout":"","theme-transparent-header-meta":"default","adv-header-id-meta":"","stick-header-meta":"","header-above-stick-meta":"","header-main-stick-meta":"","header-below-stick-meta":"","astra-migrate-meta-layouts":"set","ast-page-background-enabled":"default","ast-page-background-meta":{"desktop":{"background-color":"","background-image":"","background-repeat":"repeat","background-position":"center center","background-size":"auto","background-attachment":"scroll","background-type":"","background-media":"","overlay-type":"","overlay-color":"","overlay-opacity":"","overlay-gradient":""},"tablet":{"background-color":"","background-image":"","background-repeat":"repeat","background-position":"center center","background-size":"auto","background-attachment":"scroll","background-type":"","background-media":"","overlay-type":"","overlay-color":"","overlay-opacity":"","overlay-gradient":""},"mobile":{"background-color":"","background-image":"","background-repeat":"repeat","background-position":"center center","background-size":"auto","background-attachment":"scroll","background-type":"","background-media":"","overlay-type":"","overlay-color":"","overlay-opacity":"","overlay-gradient":""}},"ast-content-background-meta":{"desktop":{"background-color":"var(--ast-global-color-5)","background-image":"","background-repeat":"repeat","background-position":"center center","background-size":"auto","background-attachment":"scroll","background-type":"","background-media":"","overlay-type":"","overlay-color":"","overlay-opacity":"","overlay-gradient":""},"tablet":{"background-color":"var(--ast-global-color-5)","background-image":"","background-repeat":"repeat","background-position":"center center","background-size":"auto","background-attachment":"scroll","background-type":"","background-media":"","overlay-type":"","overlay-color":"","overlay-opacity":"","overlay-gradient":""},"mobile":{"background-color":"var(--ast-global-color-5)","background-image":"","background-repeat":"repeat","background-position":"center center","background-size":"auto","background-attachment":"scroll","background-type":"","background-media":"","overlay-type":"","overlay-color":"","overlay-opacity":"","overlay-gradient":""}},"_joinchat":{"message_send":"Hola. Estoy buscando..."}},"product_cat":[48,196,80],"product_tag":[],"giftcard-category":[],"class_list":{"0":"post-7643","1":"product","2":"type-product","3":"status-publish","4":"has-post-thumbnail","6":"product_cat-sabaneras","7":"product_cat-sabaneres","8":"product_cat-succionador-de-clitoris","9":"desktop-align-left","10":"tablet-align-left","11":"mobile-align-left","13":"first","14":"instock","15":"taxable","16":"shipping-taxable","17":"purchasable","18":"product-type-simple"},"yoast_head":"<!-- This site is optimized with the Yoast SEO plugin v20.5 - https:\/\/yoast.com\/wordpress\/plugins\/seo\/ -->\n<title>Succionador de Cl\u00edtoris Amor - sexshopbajolassabanas.mx<\/title>\n<meta name=\"description\" content=\"Succionador de Cl\u00edtoris , muy pontenete para sumergir tu clitoris en un placer sin igual, para mujeres, juguetes sexuales, masturbate wendy guevara\" \/>\n<meta name=\"robots\" content=\"index, follow, max-snippet:-1, max-image-preview:large, max-video-preview:-1\" \/>\n<link rel=\"canonical\" href=\"https:\/\/sexshopbajolassabanas.mx\/?product=succionador-de-clitoris-amor\" \/>\n<meta property=\"og:locale\" content=\"es_MX\" \/>\n<meta property=\"og:type\" content=\"article\" \/>\n<meta property=\"og:title\" content=\"Succionador de Cl\u00edtoris Amor - sexshopbajolassabanas.mx\" \/>\n<meta property=\"og:description\" content=\"Succionador de Cl\u00edtoris , muy pontenete para sumergir tu clitoris en un placer sin igual, para mujeres, juguetes sexuales, masturbate wendy guevara\" \/>\n<meta property=\"og:url\" content=\"https:\/\/sexshopbajolassabanas.mx\/?product=succionador-de-clitoris-amor\" \/>\n<meta property=\"og:site_name\" content=\"sexshopbajolassabanas.mx\" \/>\n<meta property=\"article:modified_time\" content=\"2024-10-07T19:03:47+00:00\" \/>\n<meta property=\"og:image\" content=\"http:\/\/sexshopbajolassabanas.mx\/wp-content\/uploads\/2023\/08\/5-7.png\" \/>\n\t<meta property=\"og:image:width\" content=\"1080\" \/>\n\t<meta property=\"og:image:height\" content=\"1080\" \/>\n\t<meta property=\"og:image:type\" content=\"image\/png\" \/>\n<meta name=\"twitter:card\" content=\"summary_large_image\" \/>\n<meta name=\"twitter:label1\" content=\"Tiempo de lectura\" \/>\n\t<meta name=\"twitter:data1\" content=\"2 minutos\" \/>\n<script type=\"application\/ld+json\" class=\"yoast-schema-graph\">{\"@context\":\"https:\/\/schema.org\",\"@graph\":[{\"@type\":\"WebPage\",\"@id\":\"https:\/\/sexshopbajolassabanas.mx\/?product=succionador-de-clitoris-amor\",\"url\":\"https:\/\/sexshopbajolassabanas.mx\/?product=succionador-de-clitoris-amor\",\"name\":\"Succionador de Cl\u00edtoris Amor - sexshopbajolassabanas.mx\",\"isPartOf\":{\"@id\":\"https:\/\/sexshopbajolassabanas.mx\/#website\"},\"datePublished\":\"2023-08-24T22:38:08+00:00\",\"dateModified\":\"2024-10-07T19:03:47+00:00\",\"description\":\"Succionador de Cl\u00edtoris , muy pontenete para sumergir tu clitoris en un placer sin igual, para mujeres, juguetes sexuales, masturbate wendy guevara\",\"breadcrumb\":{\"@id\":\"https:\/\/sexshopbajolassabanas.mx\/?product=succionador-de-clitoris-amor#breadcrumb\"},\"inLanguage\":\"es\",\"potentialAction\":[{\"@type\":\"ReadAction\",\"target\":[\"https:\/\/sexshopbajolassabanas.mx\/?product=succionador-de-clitoris-amor\"]}]},{\"@type\":\"BreadcrumbList\",\"@id\":\"https:\/\/sexshopbajolassabanas.mx\/?product=succionador-de-clitoris-amor#breadcrumb\",\"itemListElement\":[{\"@type\":\"ListItem\",\"position\":1,\"name\":\"Inicio\",\"item\":\"https:\/\/sexshopbajolassabanas.mx\/\"},{\"@type\":\"ListItem\",\"position\":2,\"name\":\"Tienda\",\"item\":\"https:\/\/sexshopbajolassabanas.mx\/?page_id=38\"},{\"@type\":\"ListItem\",\"position\":3,\"name\":\"Succionador de Cl\u00edtoris Amor\"}]},{\"@type\":\"WebSite\",\"@id\":\"https:\/\/sexshopbajolassabanas.mx\/#website\",\"url\":\"https:\/\/sexshopbajolassabanas.mx\/\",\"name\":\"sexshopbajolassabanas.mx\",\"description\":\"Sex Shop Bajo Las Sabanas\",\"publisher\":{\"@id\":\"https:\/\/sexshopbajolassabanas.mx\/#organization\"},\"potentialAction\":[{\"@type\":\"SearchAction\",\"target\":{\"@type\":\"EntryPoint\",\"urlTemplate\":\"https:\/\/sexshopbajolassabanas.mx\/?s={search_term_string}\"},\"query-input\":\"required name=search_term_string\"}],\"inLanguage\":\"es\"},{\"@type\":\"Organization\",\"@id\":\"https:\/\/sexshopbajolassabanas.mx\/#organization\",\"name\":\"sexshopbajolassabanas.mx\",\"url\":\"https:\/\/sexshopbajolassabanas.mx\/\",\"logo\":{\"@type\":\"ImageObject\",\"inLanguage\":\"es\",\"@id\":\"https:\/\/sexshopbajolassabanas.mx\/#\/schema\/logo\/image\/\",\"url\":\"https:\/\/sexshopbajolassabanas.mx\/wp-content\/uploads\/2022\/08\/cropped-cropped-Sin-titulo-2_Mesa-de-trabajo-1.png\",\"contentUrl\":\"https:\/\/sexshopbajolassabanas.mx\/wp-content\/uploads\/2022\/08\/cropped-cropped-Sin-titulo-2_Mesa-de-trabajo-1.png\",\"width\":375,\"height\":375,\"caption\":\"sexshopbajolassabanas.mx\"},\"image\":{\"@id\":\"https:\/\/sexshopbajolassabanas.mx\/#\/schema\/logo\/image\/\"}}]}<\/script>\n<!-- \/ Yoast SEO plugin. -->","yoast_head_json":{"title":"Succionador de Cl\u00edtoris Amor - sexshopbajolassabanas.mx","description":"Succionador de Cl\u00edtoris , muy pontenete para sumergir tu clitoris en un placer sin igual, para mujeres, juguetes sexuales, masturbate wendy guevara","robots":{"index":"index","follow":"follow","max-snippet":"max-snippet:-1","max-image-preview":"max-image-preview:large","max-video-preview":"max-video-preview:-1"},"canonical":"https:\/\/sexshopbajolassabanas.mx\/?product=succionador-de-clitoris-amor","og_locale":"es_MX","og_type":"article","og_title":"Succionador de Cl\u00edtoris Amor - sexshopbajolassabanas.mx","og_description":"Succionador de Cl\u00edtoris , muy pontenete para sumergir tu clitoris en un placer sin igual, para mujeres, juguetes sexuales, masturbate wendy guevara","og_url":"https:\/\/sexshopbajolassabanas.mx\/?product=succionador-de-clitoris-amor","og_site_name":"sexshopbajolassabanas.mx","article_modified_time":"2024-10-07T19:03:47+00:00","og_image":[{"width":1080,"height":1080,"url":"http:\/\/sexshopbajolassabanas.mx\/wp-content\/uploads\/2023\/08\/5-7.png","type":"image\/png"}],"twitter_card":"summary_large_image","twitter_misc":{"Tiempo de lectura":"2 minutos"},"schema":{"@context":"https:\/\/schema.org","@graph":[{"@type":"WebPage","@id":"https:\/\/sexshopbajolassabanas.mx\/?product=succionador-de-clitoris-amor","url":"https:\/\/sexshopbajolassabanas.mx\/?product=succionador-de-clitoris-amor","name":"Succionador de Cl\u00edtoris Amor - sexshopbajolassabanas.mx","isPartOf":{"@id":"https:\/\/sexshopbajolassabanas.mx\/#website"},"datePublished":"2023-08-24T22:38:08+00:00","dateModified":"2024-10-07T19:03:47+00:00","description":"Succionador de Cl\u00edtoris , muy pontenete para sumergir tu clitoris en un placer sin igual, para mujeres, juguetes sexuales, masturbate wendy guevara","breadcrumb":{"@id":"https:\/\/sexshopbajolassabanas.mx\/?product=succionador-de-clitoris-amor#breadcrumb"},"inLanguage":"es","potentialAction":[{"@type":"ReadAction","target":["https:\/\/sexshopbajolassabanas.mx\/?product=succionador-de-clitoris-amor"]}]},{"@type":"BreadcrumbList","@id":"https:\/\/sexshopbajolassabanas.mx\/?product=succionador-de-clitoris-amor#breadcrumb","itemListElement":[{"@type":"ListItem","position":1,"name":"Inicio","item":"https:\/\/sexshopbajolassabanas.mx\/"},{"@type":"ListItem","position":2,"name":"Tienda","item":"https:\/\/sexshopbajolassabanas.mx\/?page_id=38"},{"@type":"ListItem","position":3,"name":"Succionador de Cl\u00edtoris Amor"}]},{"@type":"WebSite","@id":"https:\/\/sexshopbajolassabanas.mx\/#website","url":"https:\/\/sexshopbajolassabanas.mx\/","name":"sexshopbajolassabanas.mx","description":"Sex Shop Bajo Las Sabanas","publisher":{"@id":"https:\/\/sexshopbajolassabanas.mx\/#organization"},"potentialAction":[{"@type":"SearchAction","target":{"@type":"EntryPoint","urlTemplate":"https:\/\/sexshopbajolassabanas.mx\/?s={search_term_string}"},"query-input":"required name=search_term_string"}],"inLanguage":"es"},{"@type":"Organization","@id":"https:\/\/sexshopbajolassabanas.mx\/#organization","name":"sexshopbajolassabanas.mx","url":"https:\/\/sexshopbajolassabanas.mx\/","logo":{"@type":"ImageObject","inLanguage":"es","@id":"https:\/\/sexshopbajolassabanas.mx\/#\/schema\/logo\/image\/","url":"https:\/\/sexshopbajolassabanas.mx\/wp-content\/uploads\/2022\/08\/cropped-cropped-Sin-titulo-2_Mesa-de-trabajo-1.png","contentUrl":"https:\/\/sexshopbajolassabanas.mx\/wp-content\/uploads\/2022\/08\/cropped-cropped-Sin-titulo-2_Mesa-de-trabajo-1.png","width":375,"height":375,"caption":"sexshopbajolassabanas.mx"},"image":{"@id":"https:\/\/sexshopbajolassabanas.mx\/#\/schema\/logo\/image\/"}}]}},"_links":{"self":[{"href":"https:\/\/sexshopbajolassabanas.mx\/index.php?rest_route=\/wp\/v2\/product\/7643","targetHints":{"allow":["GET"]}}],"collection":[{"href":"https:\/\/sexshopbajolassabanas.mx\/index.php?rest_route=\/wp\/v2\/product"}],"about":[{"href":"https:\/\/sexshopbajolassabanas.mx\/index.php?rest_route=\/wp\/v2\/types\/product"}],"replies":[{"embeddable":true,"href":"https:\/\/sexshopbajolassabanas.mx\/index.php?rest_route=%2Fwp%2Fv2%2Fcomments&post=7643"}],"version-history":[{"count":1,"href":"https:\/\/sexshopbajolassabanas.mx\/index.php?rest_route=\/wp\/v2\/product\/7643\/revisions"}],"predecessor-version":[{"id":7649,"href":"https:\/\/sexshopbajolassabanas.mx\/index.php?rest_route=\/wp\/v2\/product\/7643\/revisions\/7649"}],"wp:featuredmedia":[{"embeddable":true,"href":"https:\/\/sexshopbajolassabanas.mx\/index.php?rest_route=\/wp\/v2\/media\/7647"}],"wp:attachment":[{"href":"https:\/\/sexshopbajolassabanas.mx\/index.php?rest_route=%2Fwp%2Fv2%2Fmedia&parent=7643"}],"wp:term":[{"taxonomy":"product_cat","embeddable":true,"href":"https:\/\/sexshopbajolassabanas.mx\/index.php?rest_route=%2Fwp%2Fv2%2Fproduct_cat&post=7643"},{"taxonomy":"product_tag","embeddable":true,"href":"https:\/\/sexshopbajolassabanas.mx\/index.php?rest_route=%2Fwp%2Fv2%2Fproduct_tag&post=7643"},{"taxonomy":"giftcard-category","embeddable":true,"href":"https:\/\/sexshopbajolassabanas.mx\/index.php?rest_route=%2Fwp%2Fv2%2Fgiftcard-category&post=7643"}],"curies":[{"name":"wp","href":"https:\/\/api.w.org\/{rel}","templated":true}]}}