{"id":7690,"date":"2023-09-26T06:17:54","date_gmt":"2023-09-26T06:17:54","guid":{"rendered":"https:\/\/sexshopbajolassabanas.mx\/?post_type=product&#038;p=7690"},"modified":"2024-01-16T21:26:33","modified_gmt":"2024-01-16T21:26:33","slug":"kit-fundas-texturizadas-vibrantes","status":"publish","type":"product","link":"https:\/\/sexshopbajolassabanas.mx\/?product=kit-fundas-texturizadas-vibrantes","title":{"rendered":"Kit fundas texturizadas vibrantes"},"content":{"rendered":"<h3><span style=\"color: #339966;\"><b>\u00a1Kit de fundas texturizadas con vibraci\u00f3n!<\/b><\/span><\/h3>\n<p><span style=\"font-weight: 400;\">Sabanero, \u00bfdeseas aumentar el placer con tu pareja? Haz que disfrute con nuestras fundas texturizadas vibrantes, es muy f\u00e1cil de utilizar simplemente te \u00a0<a href=\"https:\/\/sexshopbajolassabanas.mx\/?product_cat=lubricantes\">lubricas<\/a> muy bien tu miembro y la funda por dentro, y te la pones como te pondr\u00edas un cond\u00f3n, perfectamente tu pareja sentir un cambio inmediato en el grosor y largo de tu miembro, con sensaciones llenas de gozadera que podr\u00e1s verla inmediatamente en su rostro, estas fundas son reutilizables<\/span><span style=\"font-weight: 400;\">. <\/span><span style=\"font-weight: 400;\">Aumenta el grosor, largo, d\u00e9jame platicarte que estos juguetes son de los b\u00e1sicos que debes de tener, en tu cajita del amor en tu habitaci\u00f3n, nunca sabes cuando la vas a ocupar , pero en cuanto eso suceda, no querr\u00e1s dejarla de utilizar.<\/span><\/p>\n<p>Incluye bala vibradora intercambiable para tus fundas que puede utilizar con o sin la funda.<\/p>\n<p><span style=\"font-weight: 400;\">Si te estas preguntando si tienen un tama\u00f1o especifico, o si te van a lastimar, te cuento que estas fundas son muy flexibles y el material es resistente, as\u00ed que no sentir\u00e1s que te esta presionando dem\u00e1s tu miembro, f\u00e1cil de poner y f\u00e1cil de retirar , super c\u00f3modo y el\u00e1stico, no te preocupes por nada ya que se adapta a la mayor\u00eda de los tama\u00f1os del pene. <\/span><\/p>\n<p><span style=\"font-weight: 400;\">Estas fundas texturizadas vibrantes<\/span><span style=\"font-weight: 400;\">\u00a0<\/span><span style=\"font-weight: 400;\">cuenta con la punta redondeada y con doble densidad para aumentar la sensibilidad de tu pareja.<\/span><\/p>\n<p><b>Presentaci\u00f3n:<\/b><span style=\"font-weight: 400;\"> Impermeable material sensacionalismos feel, Largo: 21 cm.Ancho: 3.7 cm<\/span><\/p>\n<p><b>Material:<\/b><span style=\"font-weight: 400;\">\u00a0Sensa feel higi\u00e9nicamente superior. Este material seguro para el cuerpo no contiene ftalato para mantener sus puntos m\u00e1s sensibles felices y saludables.<\/span><\/p>\n<p><b>Cuidados: <\/b>Antes y\u00a0despu\u00e9s de utilizar tu funda tienes que lavarla muy bien con el <a href=\"https:\/\/sexshopbajolassabanas.mx\/?product=limpiador-de-juguetes\">shampoo limpiador<\/a> hipoalerg\u00e9nico, no exponer al sol, y almacena en la sombra, \u00a0. No dejes que le caiga polvo.<\/p>\n","protected":false},"excerpt":{"rendered":"<p>Kit de 5 fundas texturizadas, con porta bala vibradora, aumenta el tama\u00f1o y el grosor de tu miembro, al penetrar a tu pareja, sentir\u00e1s el placer de la textura y vibraci\u00f3n que aporta la bala vibradora.<\/p>\n","protected":false},"featured_media":7692,"comment_status":"open","ping_status":"closed","template":"","meta":{"om_disable_all_campaigns":false,"site-sidebar-layout":"default","site-content-layout":"default","ast-site-content-layout":"","site-content-style":"default","site-sidebar-style":"default","ast-global-header-display":"","ast-banner-title-visibility":"","ast-main-header-display":"","ast-hfb-above-header-display":"disabled","ast-hfb-below-header-display":"","ast-hfb-mobile-header-display":"","site-post-title":"","ast-breadcrumbs-content":"","ast-featured-img":"","footer-sml-layout":"","theme-transparent-header-meta":"default","adv-header-id-meta":"","stick-header-meta":"","header-above-stick-meta":"","header-main-stick-meta":"","header-below-stick-meta":"","astra-migrate-meta-layouts":"default","ast-page-background-enabled":"default","ast-page-background-meta":{"desktop":{"background-color":"","background-image":"","background-repeat":"repeat","background-position":"center center","background-size":"auto","background-attachment":"scroll","background-type":"","background-media":"","overlay-type":"","overlay-color":"","overlay-opacity":"","overlay-gradient":""},"tablet":{"background-color":"","background-image":"","background-repeat":"repeat","background-position":"center center","background-size":"auto","background-attachment":"scroll","background-type":"","background-media":"","overlay-type":"","overlay-color":"","overlay-opacity":"","overlay-gradient":""},"mobile":{"background-color":"","background-image":"","background-repeat":"repeat","background-position":"center center","background-size":"auto","background-attachment":"scroll","background-type":"","background-media":"","overlay-type":"","overlay-color":"","overlay-opacity":"","overlay-gradient":""}},"ast-content-background-meta":{"desktop":{"background-color":"var(--ast-global-color-5)","background-image":"","background-repeat":"repeat","background-position":"center center","background-size":"auto","background-attachment":"scroll","background-type":"","background-media":"","overlay-type":"","overlay-color":"","overlay-opacity":"","overlay-gradient":""},"tablet":{"background-color":"var(--ast-global-color-5)","background-image":"","background-repeat":"repeat","background-position":"center center","background-size":"auto","background-attachment":"scroll","background-type":"","background-media":"","overlay-type":"","overlay-color":"","overlay-opacity":"","overlay-gradient":""},"mobile":{"background-color":"var(--ast-global-color-5)","background-image":"","background-repeat":"repeat","background-position":"center center","background-size":"auto","background-attachment":"scroll","background-type":"","background-media":"","overlay-type":"","overlay-color":"","overlay-opacity":"","overlay-gradient":""}},"_joinchat":[]},"product_cat":[84,103,40],"product_tag":[],"giftcard-category":[],"class_list":{"0":"post-7690","1":"product","2":"type-product","3":"status-publish","4":"has-post-thumbnail","6":"product_cat-fundas-y-extensiones","7":"product_cat-kits","8":"product_cat-sabaneros","9":"desktop-align-left","10":"tablet-align-left","11":"mobile-align-left","13":"first","14":"instock","15":"taxable","16":"shipping-taxable","17":"purchasable","18":"product-type-simple"},"yoast_head":"<!-- This site is optimized with the Yoast SEO plugin v20.5 - https:\/\/yoast.com\/wordpress\/plugins\/seo\/ -->\n<title>Kit fundas texturizadas vibrantes - sexshopbajolassabanas.mx<\/title>\n<meta name=\"description\" content=\"fundas texturizadas vibrantes, engrosa y alarga tu miembro, penetrac\u00f3n ipara ano y vagina, vibraci\u00f3n que da mucho placer, gay, hombres mujeres\" \/>\n<meta name=\"robots\" content=\"index, follow, max-snippet:-1, max-image-preview:large, max-video-preview:-1\" \/>\n<link rel=\"canonical\" href=\"https:\/\/sexshopbajolassabanas.mx\/?product=kit-fundas-texturizadas-vibrantes\" \/>\n<meta property=\"og:locale\" content=\"es_MX\" \/>\n<meta property=\"og:type\" content=\"article\" \/>\n<meta property=\"og:title\" content=\"Kit fundas texturizadas vibrantes - sexshopbajolassabanas.mx\" \/>\n<meta property=\"og:description\" content=\"fundas texturizadas vibrantes, engrosa y alarga tu miembro, penetrac\u00f3n ipara ano y vagina, vibraci\u00f3n que da mucho placer, gay, hombres mujeres\" \/>\n<meta property=\"og:url\" content=\"https:\/\/sexshopbajolassabanas.mx\/?product=kit-fundas-texturizadas-vibrantes\" \/>\n<meta property=\"og:site_name\" content=\"sexshopbajolassabanas.mx\" \/>\n<meta property=\"article:modified_time\" content=\"2024-01-16T21:26:33+00:00\" \/>\n<meta property=\"og:image\" content=\"http:\/\/sexshopbajolassabanas.mx\/wp-content\/uploads\/2023\/09\/3-3.png\" \/>\n\t<meta property=\"og:image:width\" content=\"1000\" \/>\n\t<meta property=\"og:image:height\" content=\"1000\" \/>\n\t<meta property=\"og:image:type\" content=\"image\/png\" \/>\n<meta name=\"twitter:card\" content=\"summary_large_image\" \/>\n<meta name=\"twitter:label1\" content=\"Tiempo de lectura\" \/>\n\t<meta name=\"twitter:data1\" content=\"2 minutos\" \/>\n<script type=\"application\/ld+json\" class=\"yoast-schema-graph\">{\"@context\":\"https:\/\/schema.org\",\"@graph\":[{\"@type\":\"WebPage\",\"@id\":\"https:\/\/sexshopbajolassabanas.mx\/?product=kit-fundas-texturizadas-vibrantes\",\"url\":\"https:\/\/sexshopbajolassabanas.mx\/?product=kit-fundas-texturizadas-vibrantes\",\"name\":\"Kit fundas texturizadas vibrantes - sexshopbajolassabanas.mx\",\"isPartOf\":{\"@id\":\"https:\/\/sexshopbajolassabanas.mx\/#website\"},\"datePublished\":\"2023-09-26T06:17:54+00:00\",\"dateModified\":\"2024-01-16T21:26:33+00:00\",\"description\":\"fundas texturizadas vibrantes, engrosa y alarga tu miembro, penetrac\u00f3n ipara ano y vagina, vibraci\u00f3n que da mucho placer, gay, hombres mujeres\",\"breadcrumb\":{\"@id\":\"https:\/\/sexshopbajolassabanas.mx\/?product=kit-fundas-texturizadas-vibrantes#breadcrumb\"},\"inLanguage\":\"es\",\"potentialAction\":[{\"@type\":\"ReadAction\",\"target\":[\"https:\/\/sexshopbajolassabanas.mx\/?product=kit-fundas-texturizadas-vibrantes\"]}]},{\"@type\":\"BreadcrumbList\",\"@id\":\"https:\/\/sexshopbajolassabanas.mx\/?product=kit-fundas-texturizadas-vibrantes#breadcrumb\",\"itemListElement\":[{\"@type\":\"ListItem\",\"position\":1,\"name\":\"Inicio\",\"item\":\"https:\/\/sexshopbajolassabanas.mx\/\"},{\"@type\":\"ListItem\",\"position\":2,\"name\":\"Tienda\",\"item\":\"https:\/\/sexshopbajolassabanas.mx\/?page_id=38\"},{\"@type\":\"ListItem\",\"position\":3,\"name\":\"Kit fundas texturizadas vibrantes\"}]},{\"@type\":\"WebSite\",\"@id\":\"https:\/\/sexshopbajolassabanas.mx\/#website\",\"url\":\"https:\/\/sexshopbajolassabanas.mx\/\",\"name\":\"sexshopbajolassabanas.mx\",\"description\":\"Sex Shop Bajo Las Sabanas\",\"publisher\":{\"@id\":\"https:\/\/sexshopbajolassabanas.mx\/#organization\"},\"potentialAction\":[{\"@type\":\"SearchAction\",\"target\":{\"@type\":\"EntryPoint\",\"urlTemplate\":\"https:\/\/sexshopbajolassabanas.mx\/?s={search_term_string}\"},\"query-input\":\"required name=search_term_string\"}],\"inLanguage\":\"es\"},{\"@type\":\"Organization\",\"@id\":\"https:\/\/sexshopbajolassabanas.mx\/#organization\",\"name\":\"sexshopbajolassabanas.mx\",\"url\":\"https:\/\/sexshopbajolassabanas.mx\/\",\"logo\":{\"@type\":\"ImageObject\",\"inLanguage\":\"es\",\"@id\":\"https:\/\/sexshopbajolassabanas.mx\/#\/schema\/logo\/image\/\",\"url\":\"https:\/\/sexshopbajolassabanas.mx\/wp-content\/uploads\/2022\/08\/cropped-cropped-Sin-titulo-2_Mesa-de-trabajo-1.png\",\"contentUrl\":\"https:\/\/sexshopbajolassabanas.mx\/wp-content\/uploads\/2022\/08\/cropped-cropped-Sin-titulo-2_Mesa-de-trabajo-1.png\",\"width\":375,\"height\":375,\"caption\":\"sexshopbajolassabanas.mx\"},\"image\":{\"@id\":\"https:\/\/sexshopbajolassabanas.mx\/#\/schema\/logo\/image\/\"}}]}<\/script>\n<!-- \/ Yoast SEO plugin. -->","yoast_head_json":{"title":"Kit fundas texturizadas vibrantes - sexshopbajolassabanas.mx","description":"fundas texturizadas vibrantes, engrosa y alarga tu miembro, penetrac\u00f3n ipara ano y vagina, vibraci\u00f3n que da mucho placer, gay, hombres mujeres","robots":{"index":"index","follow":"follow","max-snippet":"max-snippet:-1","max-image-preview":"max-image-preview:large","max-video-preview":"max-video-preview:-1"},"canonical":"https:\/\/sexshopbajolassabanas.mx\/?product=kit-fundas-texturizadas-vibrantes","og_locale":"es_MX","og_type":"article","og_title":"Kit fundas texturizadas vibrantes - sexshopbajolassabanas.mx","og_description":"fundas texturizadas vibrantes, engrosa y alarga tu miembro, penetrac\u00f3n ipara ano y vagina, vibraci\u00f3n que da mucho placer, gay, hombres mujeres","og_url":"https:\/\/sexshopbajolassabanas.mx\/?product=kit-fundas-texturizadas-vibrantes","og_site_name":"sexshopbajolassabanas.mx","article_modified_time":"2024-01-16T21:26:33+00:00","og_image":[{"width":1000,"height":1000,"url":"http:\/\/sexshopbajolassabanas.mx\/wp-content\/uploads\/2023\/09\/3-3.png","type":"image\/png"}],"twitter_card":"summary_large_image","twitter_misc":{"Tiempo de lectura":"2 minutos"},"schema":{"@context":"https:\/\/schema.org","@graph":[{"@type":"WebPage","@id":"https:\/\/sexshopbajolassabanas.mx\/?product=kit-fundas-texturizadas-vibrantes","url":"https:\/\/sexshopbajolassabanas.mx\/?product=kit-fundas-texturizadas-vibrantes","name":"Kit fundas texturizadas vibrantes - sexshopbajolassabanas.mx","isPartOf":{"@id":"https:\/\/sexshopbajolassabanas.mx\/#website"},"datePublished":"2023-09-26T06:17:54+00:00","dateModified":"2024-01-16T21:26:33+00:00","description":"fundas texturizadas vibrantes, engrosa y alarga tu miembro, penetrac\u00f3n ipara ano y vagina, vibraci\u00f3n que da mucho placer, gay, hombres mujeres","breadcrumb":{"@id":"https:\/\/sexshopbajolassabanas.mx\/?product=kit-fundas-texturizadas-vibrantes#breadcrumb"},"inLanguage":"es","potentialAction":[{"@type":"ReadAction","target":["https:\/\/sexshopbajolassabanas.mx\/?product=kit-fundas-texturizadas-vibrantes"]}]},{"@type":"BreadcrumbList","@id":"https:\/\/sexshopbajolassabanas.mx\/?product=kit-fundas-texturizadas-vibrantes#breadcrumb","itemListElement":[{"@type":"ListItem","position":1,"name":"Inicio","item":"https:\/\/sexshopbajolassabanas.mx\/"},{"@type":"ListItem","position":2,"name":"Tienda","item":"https:\/\/sexshopbajolassabanas.mx\/?page_id=38"},{"@type":"ListItem","position":3,"name":"Kit fundas texturizadas vibrantes"}]},{"@type":"WebSite","@id":"https:\/\/sexshopbajolassabanas.mx\/#website","url":"https:\/\/sexshopbajolassabanas.mx\/","name":"sexshopbajolassabanas.mx","description":"Sex Shop Bajo Las Sabanas","publisher":{"@id":"https:\/\/sexshopbajolassabanas.mx\/#organization"},"potentialAction":[{"@type":"SearchAction","target":{"@type":"EntryPoint","urlTemplate":"https:\/\/sexshopbajolassabanas.mx\/?s={search_term_string}"},"query-input":"required name=search_term_string"}],"inLanguage":"es"},{"@type":"Organization","@id":"https:\/\/sexshopbajolassabanas.mx\/#organization","name":"sexshopbajolassabanas.mx","url":"https:\/\/sexshopbajolassabanas.mx\/","logo":{"@type":"ImageObject","inLanguage":"es","@id":"https:\/\/sexshopbajolassabanas.mx\/#\/schema\/logo\/image\/","url":"https:\/\/sexshopbajolassabanas.mx\/wp-content\/uploads\/2022\/08\/cropped-cropped-Sin-titulo-2_Mesa-de-trabajo-1.png","contentUrl":"https:\/\/sexshopbajolassabanas.mx\/wp-content\/uploads\/2022\/08\/cropped-cropped-Sin-titulo-2_Mesa-de-trabajo-1.png","width":375,"height":375,"caption":"sexshopbajolassabanas.mx"},"image":{"@id":"https:\/\/sexshopbajolassabanas.mx\/#\/schema\/logo\/image\/"}}]}},"_links":{"self":[{"href":"https:\/\/sexshopbajolassabanas.mx\/index.php?rest_route=\/wp\/v2\/product\/7690","targetHints":{"allow":["GET"]}}],"collection":[{"href":"https:\/\/sexshopbajolassabanas.mx\/index.php?rest_route=\/wp\/v2\/product"}],"about":[{"href":"https:\/\/sexshopbajolassabanas.mx\/index.php?rest_route=\/wp\/v2\/types\/product"}],"replies":[{"embeddable":true,"href":"https:\/\/sexshopbajolassabanas.mx\/index.php?rest_route=%2Fwp%2Fv2%2Fcomments&post=7690"}],"version-history":[{"count":1,"href":"https:\/\/sexshopbajolassabanas.mx\/index.php?rest_route=\/wp\/v2\/product\/7690\/revisions"}],"predecessor-version":[{"id":7693,"href":"https:\/\/sexshopbajolassabanas.mx\/index.php?rest_route=\/wp\/v2\/product\/7690\/revisions\/7693"}],"wp:featuredmedia":[{"embeddable":true,"href":"https:\/\/sexshopbajolassabanas.mx\/index.php?rest_route=\/wp\/v2\/media\/7692"}],"wp:attachment":[{"href":"https:\/\/sexshopbajolassabanas.mx\/index.php?rest_route=%2Fwp%2Fv2%2Fmedia&parent=7690"}],"wp:term":[{"taxonomy":"product_cat","embeddable":true,"href":"https:\/\/sexshopbajolassabanas.mx\/index.php?rest_route=%2Fwp%2Fv2%2Fproduct_cat&post=7690"},{"taxonomy":"product_tag","embeddable":true,"href":"https:\/\/sexshopbajolassabanas.mx\/index.php?rest_route=%2Fwp%2Fv2%2Fproduct_tag&post=7690"},{"taxonomy":"giftcard-category","embeddable":true,"href":"https:\/\/sexshopbajolassabanas.mx\/index.php?rest_route=%2Fwp%2Fv2%2Fgiftcard-category&post=7690"}],"curies":[{"name":"wp","href":"https:\/\/api.w.org\/{rel}","templated":true}]}}