{"id":7694,"date":"2023-09-26T06:53:01","date_gmt":"2023-09-26T06:53:01","guid":{"rendered":"https:\/\/sexshopbajolassabanas.mx\/?post_type=product&#038;p=7694"},"modified":"2023-09-26T22:45:30","modified_gmt":"2023-09-26T22:45:30","slug":"huevo-masturbador-volcan","status":"publish","type":"product","link":"https:\/\/sexshopbajolassabanas.mx\/?product=huevo-masturbador-volcan","title":{"rendered":"Huevo masturbador\u00a0volc\u00e1n"},"content":{"rendered":"<h3><span style=\"color: #ff0000;\"><b><span style=\"color: #ff00ff;\">\u00a1Huevo masturbador\u00a0volc\u00e1n\u00a0dise\u00f1ado para brindarte el m\u00e1ximo placer!<\/span><\/b><\/span><\/h3>\n<p><span style=\"font-weight: 400;\"><a href=\"https:\/\/sexshopbajolassabanas.mx\/?product_cat=sabaneros\">Sabanero<\/a>, \u00bfdeseas una acci\u00f3n texturizada mientras juegas individualmente? Ha llegado a <\/span><span style=\"font-weight: 400;\">Bajo las\u00a0 S\u00e1banas <\/span><span style=\"font-weight: 400;\">este Huevo masturbador \u00a0inspirado en un volc\u00e1n<\/span><span style=\"font-weight: 400;\">, este volc\u00e1n estar\u00e1 para cuando tu desees y llegara contigo hasta el final de tu encuentro sexual<\/span><span style=\"font-weight: 400;\">, dise\u00f1ado con textura por dentro que recorrer\u00e1 tu cuerpo, es flexible y se adapta a todo tipo de tama\u00f1o \u00a0prep\u00e1rate para sentir el \u00a0m\u00e1ximo placer. Este <\/span><span style=\"font-weight: 400;\">masturbador masculino <\/span><span style=\"font-weight: 400;\">cuenta con un c<\/span><span class=\"Y2IQFc\" lang=\"es\">anal de placer con textura arremolinada Hecho de caucho impermeable\u00a0<\/span><\/p>\n<p><span style=\"font-weight: 400;\">\u00a0<\/span><b>\u00a1Desl\u00edzate dentro de este\u00a0volc\u00e1n y explota de placer!<\/b><\/p>\n<p>Por su material te recomendamos, lubricarte con un club t\u00e9rmico o base agua, esto le dar\u00e1 una sensaci\u00f3n y temperatura mas real y por tanto, tu nivel de placer aumentara.<\/p>\n<p><b>Material: Caucho<\/b><\/p>\n<p><b>\u00a0<\/b><span style=\"font-weight: 400;\">Este huevo masturbador\u00a0<\/span><span style=\"font-weight: 400;\">\u00a0masculino explosivo\u00a0<\/span><span style=\"font-weight: 400;\">es adaptable a todos los tama\u00f1os de miembro masculino.<\/span><\/p>\n<p><b>Forma de uso:<\/b> <span style=\"font-weight: 400;\">Antes y Despu\u00e9s del uso se recomienda limpiarlo con agua y jab\u00f3n suave sin aroma o con nuestros <\/span><span style=\"font-weight: 400;\"><a href=\"https:\/\/sexshopbajolassabanas.mx\/?product_cat=limpieza-e-higiene\">limpiadores para juguetes<\/a>.<\/span><span style=\"font-weight: 400;\"> Utiliza siempre un poco de <\/span><span style=\"font-weight: 400;\">lubricante<\/span><span style=\"font-weight: 400;\"> a base de agua en tu pene y en el huevo\u00a0<\/span><span style=\"font-weight: 400;\">masturbador <\/span><span style=\"font-weight: 400;\">\u00a0para deslizar tu miembro en el t\u00fanel creado para simular la succi\u00f3n de una vagina. Basta con utilizar tu imaginaci\u00f3n para simular una penetraci\u00f3n y llegar al orgasmo.\u00a0<\/span><\/p>\n<p><b>Cuidados:<\/b> <span style=\"font-weight: 400;\">Cons\u00e9rvese cerrado en un lugar fresco no mayor a 30\u00ba. Prot\u00e9jase de la luz solar y el polvo.<\/span><\/p>\n","protected":false},"excerpt":{"rendered":"<p>Este masturbador esta inspirado en el volc\u00e1n Vesuvius, sentir\u00e1s el mismo poder de su erupci\u00f3n, as\u00ed como tu al eyacular.<\/p>\n<p>Reusable, flexible, texturizado, suave y suave de transportar para llevarlo a cualquier lugar.<\/p>\n","protected":false},"featured_media":7698,"comment_status":"open","ping_status":"closed","template":"","meta":{"om_disable_all_campaigns":false,"site-sidebar-layout":"default","site-content-layout":"default","ast-site-content-layout":"","site-content-style":"default","site-sidebar-style":"default","ast-global-header-display":"","ast-banner-title-visibility":"","ast-main-header-display":"","ast-hfb-above-header-display":"disabled","ast-hfb-below-header-display":"","ast-hfb-mobile-header-display":"","site-post-title":"","ast-breadcrumbs-content":"","ast-featured-img":"","footer-sml-layout":"","theme-transparent-header-meta":"default","adv-header-id-meta":"","stick-header-meta":"","header-above-stick-meta":"","header-main-stick-meta":"","header-below-stick-meta":"","astra-migrate-meta-layouts":"default","ast-page-background-enabled":"default","ast-page-background-meta":{"desktop":{"background-color":"","background-image":"","background-repeat":"repeat","background-position":"center center","background-size":"auto","background-attachment":"scroll","background-type":"","background-media":"","overlay-type":"","overlay-color":"","overlay-opacity":"","overlay-gradient":""},"tablet":{"background-color":"","background-image":"","background-repeat":"repeat","background-position":"center center","background-size":"auto","background-attachment":"scroll","background-type":"","background-media":"","overlay-type":"","overlay-color":"","overlay-opacity":"","overlay-gradient":""},"mobile":{"background-color":"","background-image":"","background-repeat":"repeat","background-position":"center center","background-size":"auto","background-attachment":"scroll","background-type":"","background-media":"","overlay-type":"","overlay-color":"","overlay-opacity":"","overlay-gradient":""}},"ast-content-background-meta":{"desktop":{"background-color":"var(--ast-global-color-5)","background-image":"","background-repeat":"repeat","background-position":"center center","background-size":"auto","background-attachment":"scroll","background-type":"","background-media":"","overlay-type":"","overlay-color":"","overlay-opacity":"","overlay-gradient":""},"tablet":{"background-color":"var(--ast-global-color-5)","background-image":"","background-repeat":"repeat","background-position":"center center","background-size":"auto","background-attachment":"scroll","background-type":"","background-media":"","overlay-type":"","overlay-color":"","overlay-opacity":"","overlay-gradient":""},"mobile":{"background-color":"var(--ast-global-color-5)","background-image":"","background-repeat":"repeat","background-position":"center center","background-size":"auto","background-attachment":"scroll","background-type":"","background-media":"","overlay-type":"","overlay-color":"","overlay-opacity":"","overlay-gradient":""}},"_joinchat":{"message_send":"Hola estoy buscando..."}},"product_cat":[75,40],"product_tag":[],"giftcard-category":[],"class_list":{"0":"post-7694","1":"product","2":"type-product","3":"status-publish","4":"has-post-thumbnail","6":"product_cat-masturbadores","7":"product_cat-sabaneros","8":"desktop-align-left","9":"tablet-align-left","10":"mobile-align-left","12":"first","13":"instock","14":"taxable","15":"shipping-taxable","16":"purchasable","17":"product-type-simple"},"yoast_head":"<!-- This site is optimized with the Yoast SEO plugin v20.5 - https:\/\/yoast.com\/wordpress\/plugins\/seo\/ -->\n<title>Huevo masturbador\u00a0volc\u00e1n - sexshopbajolassabanas.mx<\/title>\n<meta name=\"description\" content=\"Huevo masturbador, para masturbar el pene de tu parejao tu solo masturbarte de forma diferente, eyacula dentro de el, juego en pareja, hombres mujeres\" \/>\n<meta name=\"robots\" content=\"index, follow, max-snippet:-1, max-image-preview:large, max-video-preview:-1\" \/>\n<link rel=\"canonical\" href=\"https:\/\/sexshopbajolassabanas.mx\/?product=huevo-masturbador-volcan\" \/>\n<meta property=\"og:locale\" content=\"es_MX\" \/>\n<meta property=\"og:type\" content=\"article\" \/>\n<meta property=\"og:title\" content=\"Huevo masturbador\u00a0volc\u00e1n - sexshopbajolassabanas.mx\" \/>\n<meta property=\"og:description\" content=\"Huevo masturbador, para masturbar el pene de tu parejao tu solo masturbarte de forma diferente, eyacula dentro de el, juego en pareja, hombres mujeres\" \/>\n<meta property=\"og:url\" content=\"https:\/\/sexshopbajolassabanas.mx\/?product=huevo-masturbador-volcan\" \/>\n<meta property=\"og:site_name\" content=\"sexshopbajolassabanas.mx\" \/>\n<meta property=\"article:modified_time\" content=\"2023-09-26T22:45:30+00:00\" \/>\n<meta property=\"og:image\" content=\"http:\/\/sexshopbajolassabanas.mx\/wp-content\/uploads\/2023\/09\/4-2.png\" \/>\n\t<meta property=\"og:image:width\" content=\"1000\" \/>\n\t<meta property=\"og:image:height\" content=\"1000\" \/>\n\t<meta property=\"og:image:type\" content=\"image\/png\" \/>\n<meta name=\"twitter:card\" content=\"summary_large_image\" \/>\n<meta name=\"twitter:label1\" content=\"Tiempo de lectura\" \/>\n\t<meta name=\"twitter:data1\" content=\"2 minutos\" \/>\n<script type=\"application\/ld+json\" class=\"yoast-schema-graph\">{\"@context\":\"https:\/\/schema.org\",\"@graph\":[{\"@type\":\"WebPage\",\"@id\":\"https:\/\/sexshopbajolassabanas.mx\/?product=huevo-masturbador-volcan\",\"url\":\"https:\/\/sexshopbajolassabanas.mx\/?product=huevo-masturbador-volcan\",\"name\":\"Huevo masturbador\u00a0volc\u00e1n - sexshopbajolassabanas.mx\",\"isPartOf\":{\"@id\":\"https:\/\/sexshopbajolassabanas.mx\/#website\"},\"datePublished\":\"2023-09-26T06:53:01+00:00\",\"dateModified\":\"2023-09-26T22:45:30+00:00\",\"description\":\"Huevo masturbador, para masturbar el pene de tu parejao tu solo masturbarte de forma diferente, eyacula dentro de el, juego en pareja, hombres mujeres\",\"breadcrumb\":{\"@id\":\"https:\/\/sexshopbajolassabanas.mx\/?product=huevo-masturbador-volcan#breadcrumb\"},\"inLanguage\":\"es\",\"potentialAction\":[{\"@type\":\"ReadAction\",\"target\":[\"https:\/\/sexshopbajolassabanas.mx\/?product=huevo-masturbador-volcan\"]}]},{\"@type\":\"BreadcrumbList\",\"@id\":\"https:\/\/sexshopbajolassabanas.mx\/?product=huevo-masturbador-volcan#breadcrumb\",\"itemListElement\":[{\"@type\":\"ListItem\",\"position\":1,\"name\":\"Inicio\",\"item\":\"https:\/\/sexshopbajolassabanas.mx\/\"},{\"@type\":\"ListItem\",\"position\":2,\"name\":\"Tienda\",\"item\":\"https:\/\/sexshopbajolassabanas.mx\/?page_id=38\"},{\"@type\":\"ListItem\",\"position\":3,\"name\":\"Huevo masturbador\u00a0volc\u00e1n\"}]},{\"@type\":\"WebSite\",\"@id\":\"https:\/\/sexshopbajolassabanas.mx\/#website\",\"url\":\"https:\/\/sexshopbajolassabanas.mx\/\",\"name\":\"sexshopbajolassabanas.mx\",\"description\":\"Sex Shop Bajo Las Sabanas\",\"publisher\":{\"@id\":\"https:\/\/sexshopbajolassabanas.mx\/#organization\"},\"potentialAction\":[{\"@type\":\"SearchAction\",\"target\":{\"@type\":\"EntryPoint\",\"urlTemplate\":\"https:\/\/sexshopbajolassabanas.mx\/?s={search_term_string}\"},\"query-input\":\"required name=search_term_string\"}],\"inLanguage\":\"es\"},{\"@type\":\"Organization\",\"@id\":\"https:\/\/sexshopbajolassabanas.mx\/#organization\",\"name\":\"sexshopbajolassabanas.mx\",\"url\":\"https:\/\/sexshopbajolassabanas.mx\/\",\"logo\":{\"@type\":\"ImageObject\",\"inLanguage\":\"es\",\"@id\":\"https:\/\/sexshopbajolassabanas.mx\/#\/schema\/logo\/image\/\",\"url\":\"https:\/\/sexshopbajolassabanas.mx\/wp-content\/uploads\/2022\/08\/cropped-cropped-Sin-titulo-2_Mesa-de-trabajo-1.png\",\"contentUrl\":\"https:\/\/sexshopbajolassabanas.mx\/wp-content\/uploads\/2022\/08\/cropped-cropped-Sin-titulo-2_Mesa-de-trabajo-1.png\",\"width\":375,\"height\":375,\"caption\":\"sexshopbajolassabanas.mx\"},\"image\":{\"@id\":\"https:\/\/sexshopbajolassabanas.mx\/#\/schema\/logo\/image\/\"}}]}<\/script>\n<!-- \/ Yoast SEO plugin. -->","yoast_head_json":{"title":"Huevo masturbador\u00a0volc\u00e1n - sexshopbajolassabanas.mx","description":"Huevo masturbador, para masturbar el pene de tu parejao tu solo masturbarte de forma diferente, eyacula dentro de el, juego en pareja, hombres mujeres","robots":{"index":"index","follow":"follow","max-snippet":"max-snippet:-1","max-image-preview":"max-image-preview:large","max-video-preview":"max-video-preview:-1"},"canonical":"https:\/\/sexshopbajolassabanas.mx\/?product=huevo-masturbador-volcan","og_locale":"es_MX","og_type":"article","og_title":"Huevo masturbador\u00a0volc\u00e1n - sexshopbajolassabanas.mx","og_description":"Huevo masturbador, para masturbar el pene de tu parejao tu solo masturbarte de forma diferente, eyacula dentro de el, juego en pareja, hombres mujeres","og_url":"https:\/\/sexshopbajolassabanas.mx\/?product=huevo-masturbador-volcan","og_site_name":"sexshopbajolassabanas.mx","article_modified_time":"2023-09-26T22:45:30+00:00","og_image":[{"width":1000,"height":1000,"url":"http:\/\/sexshopbajolassabanas.mx\/wp-content\/uploads\/2023\/09\/4-2.png","type":"image\/png"}],"twitter_card":"summary_large_image","twitter_misc":{"Tiempo de lectura":"2 minutos"},"schema":{"@context":"https:\/\/schema.org","@graph":[{"@type":"WebPage","@id":"https:\/\/sexshopbajolassabanas.mx\/?product=huevo-masturbador-volcan","url":"https:\/\/sexshopbajolassabanas.mx\/?product=huevo-masturbador-volcan","name":"Huevo masturbador\u00a0volc\u00e1n - sexshopbajolassabanas.mx","isPartOf":{"@id":"https:\/\/sexshopbajolassabanas.mx\/#website"},"datePublished":"2023-09-26T06:53:01+00:00","dateModified":"2023-09-26T22:45:30+00:00","description":"Huevo masturbador, para masturbar el pene de tu parejao tu solo masturbarte de forma diferente, eyacula dentro de el, juego en pareja, hombres mujeres","breadcrumb":{"@id":"https:\/\/sexshopbajolassabanas.mx\/?product=huevo-masturbador-volcan#breadcrumb"},"inLanguage":"es","potentialAction":[{"@type":"ReadAction","target":["https:\/\/sexshopbajolassabanas.mx\/?product=huevo-masturbador-volcan"]}]},{"@type":"BreadcrumbList","@id":"https:\/\/sexshopbajolassabanas.mx\/?product=huevo-masturbador-volcan#breadcrumb","itemListElement":[{"@type":"ListItem","position":1,"name":"Inicio","item":"https:\/\/sexshopbajolassabanas.mx\/"},{"@type":"ListItem","position":2,"name":"Tienda","item":"https:\/\/sexshopbajolassabanas.mx\/?page_id=38"},{"@type":"ListItem","position":3,"name":"Huevo masturbador\u00a0volc\u00e1n"}]},{"@type":"WebSite","@id":"https:\/\/sexshopbajolassabanas.mx\/#website","url":"https:\/\/sexshopbajolassabanas.mx\/","name":"sexshopbajolassabanas.mx","description":"Sex Shop Bajo Las Sabanas","publisher":{"@id":"https:\/\/sexshopbajolassabanas.mx\/#organization"},"potentialAction":[{"@type":"SearchAction","target":{"@type":"EntryPoint","urlTemplate":"https:\/\/sexshopbajolassabanas.mx\/?s={search_term_string}"},"query-input":"required name=search_term_string"}],"inLanguage":"es"},{"@type":"Organization","@id":"https:\/\/sexshopbajolassabanas.mx\/#organization","name":"sexshopbajolassabanas.mx","url":"https:\/\/sexshopbajolassabanas.mx\/","logo":{"@type":"ImageObject","inLanguage":"es","@id":"https:\/\/sexshopbajolassabanas.mx\/#\/schema\/logo\/image\/","url":"https:\/\/sexshopbajolassabanas.mx\/wp-content\/uploads\/2022\/08\/cropped-cropped-Sin-titulo-2_Mesa-de-trabajo-1.png","contentUrl":"https:\/\/sexshopbajolassabanas.mx\/wp-content\/uploads\/2022\/08\/cropped-cropped-Sin-titulo-2_Mesa-de-trabajo-1.png","width":375,"height":375,"caption":"sexshopbajolassabanas.mx"},"image":{"@id":"https:\/\/sexshopbajolassabanas.mx\/#\/schema\/logo\/image\/"}}]}},"_links":{"self":[{"href":"https:\/\/sexshopbajolassabanas.mx\/index.php?rest_route=\/wp\/v2\/product\/7694","targetHints":{"allow":["GET"]}}],"collection":[{"href":"https:\/\/sexshopbajolassabanas.mx\/index.php?rest_route=\/wp\/v2\/product"}],"about":[{"href":"https:\/\/sexshopbajolassabanas.mx\/index.php?rest_route=\/wp\/v2\/types\/product"}],"replies":[{"embeddable":true,"href":"https:\/\/sexshopbajolassabanas.mx\/index.php?rest_route=%2Fwp%2Fv2%2Fcomments&post=7694"}],"version-history":[{"count":2,"href":"https:\/\/sexshopbajolassabanas.mx\/index.php?rest_route=\/wp\/v2\/product\/7694\/revisions"}],"predecessor-version":[{"id":7724,"href":"https:\/\/sexshopbajolassabanas.mx\/index.php?rest_route=\/wp\/v2\/product\/7694\/revisions\/7724"}],"wp:featuredmedia":[{"embeddable":true,"href":"https:\/\/sexshopbajolassabanas.mx\/index.php?rest_route=\/wp\/v2\/media\/7698"}],"wp:attachment":[{"href":"https:\/\/sexshopbajolassabanas.mx\/index.php?rest_route=%2Fwp%2Fv2%2Fmedia&parent=7694"}],"wp:term":[{"taxonomy":"product_cat","embeddable":true,"href":"https:\/\/sexshopbajolassabanas.mx\/index.php?rest_route=%2Fwp%2Fv2%2Fproduct_cat&post=7694"},{"taxonomy":"product_tag","embeddable":true,"href":"https:\/\/sexshopbajolassabanas.mx\/index.php?rest_route=%2Fwp%2Fv2%2Fproduct_tag&post=7694"},{"taxonomy":"giftcard-category","embeddable":true,"href":"https:\/\/sexshopbajolassabanas.mx\/index.php?rest_route=%2Fwp%2Fv2%2Fgiftcard-category&post=7694"}],"curies":[{"name":"wp","href":"https:\/\/api.w.org\/{rel}","templated":true}]}}