{"id":7733,"date":"2023-09-29T01:13:34","date_gmt":"2023-09-29T01:13:34","guid":{"rendered":"https:\/\/sexshopbajolassabanas.mx\/?post_type=product&#038;p=7733"},"modified":"2025-06-03T21:04:42","modified_gmt":"2025-06-03T21:04:42","slug":"kit-anillo-vibrador","status":"publish","type":"product","link":"https:\/\/sexshopbajolassabanas.mx\/?product=kit-anillo-vibrador","title":{"rendered":"Kit anillo vibrador"},"content":{"rendered":"<h3><span style=\"color: #cc99ff;\"><b><span style=\"color: #993300;\">\u00a1Juega en pareja o en\u00a0<span style=\"caret-color: #993300;\">solitario, kit<\/span>\u00a0anillo vibrador para pareja\u00a0!<\/span><\/b><\/span><\/h3>\n<p><span style=\"font-weight: 400;\"><a href=\"https:\/\/sexshopbajolassabanas.mx\/?product_cat=sabaneros\">Sabanero<\/a>, \u00bfhas o\u00eddo hablar de los <\/span><span style=\"font-weight: 400;\">anillos vibradores<\/span><span style=\"font-weight: 400;\">? Este kit anillo vibrador para pareja y en solitario, tiene tambi\u00e9n un vibrador para sexo oral y un dedal estos \u00a0art\u00edculos fueron dise\u00f1ados para ser \u00a0la antesala de otros juguetes sexuales m\u00e1s sofisticados. Ideal para empezar, f\u00e1cil de usar y lo m\u00e1s importante, muy discreto. Porque el peque\u00f1o tama\u00f1o de este <\/span><span style=\"font-weight: 400;\">anillo para pene<\/span><span style=\"font-weight: 400;\"> te permite llevarlo incluso en el bolsillo. Aunque generalmente se usan durante las relaciones sexuales, tambi\u00e9n puedes usarlos t\u00fa mismo. Dise\u00f1o suave, el\u00e1stico, con correa de anillo a prueba de agua y f\u00e1cil de limpiar.\u00a0<\/span><\/p>\n<p><b>Presentaci\u00f3n:<\/b>\u00a0Anillo vibrador para pareja<span style=\"font-weight: 400;\">\u00a0<\/span><span style=\"font-weight: 400;\">de 6 cent\u00edmetros de ancho.<\/span><\/p>\n<p><b>Forma de uso<\/b><b>: <\/b><span style=\"font-weight: 400;\">Su funcionamiento es muy sencillo:<\/span><\/p>\n<p id=\"tw-target-text\" class=\"tw-data-text tw-text-large tw-ta\" dir=\"ltr\" data-placeholder=\"Traducci\u00f3n\"><span class=\"Y2IQFc\" lang=\"es\"><strong>ANILLO DE PLACER ORAL<\/strong> Coloca el anillo sobre la lengua para intensificar la experiencia oral de tu pareja y deja que las poderosas vibraciones hagan su magia junto con tu lengua. <\/span><\/p>\n<p class=\"tw-data-text tw-text-large tw-ta\" dir=\"ltr\" data-placeholder=\"Traducci\u00f3n\"><span class=\"Y2IQFc\" lang=\"es\"><strong>ESTIMULADOR DEL PUNTO G<\/strong> Coloca el anillo sobre el dedo y deja que las poderosas vibraciones exciten su cl\u00edtoris mientras estimulas su punto G suavemente con la punta de tu dedo. <\/span><\/p>\n<p class=\"tw-data-text tw-text-large tw-ta\" dir=\"ltr\" data-placeholder=\"Traducci\u00f3n\"><span class=\"Y2IQFc\" lang=\"es\"><strong>ESTIMULADOR DEL EJE Y DEL CL\u00cdTORIS<\/strong> Deslice el anillo sobre la base del pene para una estimulaci\u00f3n intensa del eje mientras la poderosa bala vibratoria se ajusta c\u00f3modamente contra su cl\u00edtoris para lograr orgasmos intensos.<\/span><\/p>\n<p><span style=\"font-weight: 400;\">\u00a0<\/span><b>Cuidados:<\/b><span style=\"font-weight: 400;\"> Despu\u00e9s del uso se recomienda limpiarlo con agua y jab\u00f3n suave sin aroma o con nuestros <\/span><a href=\"https:\/\/sexshopbajolassabanas.mx\/?product_cat=limpieza-e-higiene\"><span style=\"font-weight: 400;\">limpiadores para juguetes. <\/span><\/a><span style=\"font-weight: 400;\">Cons\u00e9rvese cerrado en un lugar fresco no mayor a 30\u00ba. Prot\u00e9jase de la luz solar y el polvo.<\/span><\/p>\n","protected":false},"excerpt":{"rendered":"<p id=\"tw-target-text\" class=\"tw-data-text tw-text-large tw-ta\" dir=\"ltr\" data-placeholder=\"Traducci\u00f3n\"><span class=\"Y2IQFc\" lang=\"es\">Juego de anillos vibratorios de 3 piezas. Mejora el sexo oral y las relaciones sexuales.<\/span><\/p>\n<p dir=\"ltr\" data-placeholder=\"Traducci\u00f3n\"><span class=\"Y2IQFc\" lang=\"es\"><strong>ANILLO DE PLACER ORAL<\/strong><\/span><\/p>\n<p dir=\"ltr\" data-placeholder=\"Traducci\u00f3n\"><span class=\"Y2IQFc\" lang=\"es\"><strong>ESTIMULADOR DEL PUNTO G<\/strong> <\/span><\/p>\n<p dir=\"ltr\" data-placeholder=\"Traducci\u00f3n\"><span class=\"Y2IQFc\" lang=\"es\"><strong>ESTIMULADOR DEL EJE Y DEL CL\u00cdTORIS<\/strong><\/span><\/p>\n<p id=\"tw-target-text\" class=\"tw-data-text tw-text-large tw-ta\" dir=\"ltr\" data-placeholder=\"Traducci\u00f3n\"><span class=\"Y2IQFc\" lang=\"es\">Bala vibratoria de una velocidad<\/span><\/p>\n<p id=\"tw-target-text\" class=\"tw-data-text tw-text-large tw-ta\" dir=\"ltr\" data-placeholder=\"Traducci\u00f3n\"><span class=\"Y2IQFc\" lang=\"es\">Con protuberancias y crestas de placer para mayor estimulaci\u00f3n.<\/span><\/p>\n","protected":false},"featured_media":7740,"comment_status":"open","ping_status":"closed","template":"","meta":{"om_disable_all_campaigns":false,"site-sidebar-layout":"default","site-content-layout":"default","ast-site-content-layout":"","site-content-style":"default","site-sidebar-style":"default","ast-global-header-display":"","ast-banner-title-visibility":"","ast-main-header-display":"","ast-hfb-above-header-display":"disabled","ast-hfb-below-header-display":"","ast-hfb-mobile-header-display":"","site-post-title":"","ast-breadcrumbs-content":"","ast-featured-img":"","footer-sml-layout":"","theme-transparent-header-meta":"default","adv-header-id-meta":"","stick-header-meta":"","header-above-stick-meta":"","header-main-stick-meta":"","header-below-stick-meta":"","astra-migrate-meta-layouts":"default","ast-page-background-enabled":"default","ast-page-background-meta":{"desktop":{"background-color":"","background-image":"","background-repeat":"repeat","background-position":"center center","background-size":"auto","background-attachment":"scroll","background-type":"","background-media":"","overlay-type":"","overlay-color":"","overlay-opacity":"","overlay-gradient":""},"tablet":{"background-color":"","background-image":"","background-repeat":"repeat","background-position":"center center","background-size":"auto","background-attachment":"scroll","background-type":"","background-media":"","overlay-type":"","overlay-color":"","overlay-opacity":"","overlay-gradient":""},"mobile":{"background-color":"","background-image":"","background-repeat":"repeat","background-position":"center center","background-size":"auto","background-attachment":"scroll","background-type":"","background-media":"","overlay-type":"","overlay-color":"","overlay-opacity":"","overlay-gradient":""}},"ast-content-background-meta":{"desktop":{"background-color":"var(--ast-global-color-5)","background-image":"","background-repeat":"repeat","background-position":"center center","background-size":"auto","background-attachment":"scroll","background-type":"","background-media":"","overlay-type":"","overlay-color":"","overlay-opacity":"","overlay-gradient":""},"tablet":{"background-color":"var(--ast-global-color-5)","background-image":"","background-repeat":"repeat","background-position":"center center","background-size":"auto","background-attachment":"scroll","background-type":"","background-media":"","overlay-type":"","overlay-color":"","overlay-opacity":"","overlay-gradient":""},"mobile":{"background-color":"var(--ast-global-color-5)","background-image":"","background-repeat":"repeat","background-position":"center center","background-size":"auto","background-attachment":"scroll","background-type":"","background-media":"","overlay-type":"","overlay-color":"","overlay-opacity":"","overlay-gradient":""}},"_joinchat":{"message_send":"Hola, estoy buscando..."}},"product_cat":[101,103],"product_tag":[],"giftcard-category":[],"class_list":{"0":"post-7733","1":"product","2":"type-product","3":"status-publish","4":"has-post-thumbnail","6":"product_cat-anillo-vibrador","7":"product_cat-kits","8":"desktop-align-left","9":"tablet-align-left","10":"mobile-align-left","12":"first","13":"instock","14":"taxable","15":"shipping-taxable","16":"purchasable","17":"product-type-simple"},"yoast_head":"<!-- This site is optimized with the Yoast SEO plugin v20.5 - https:\/\/yoast.com\/wordpress\/plugins\/seo\/ -->\n<title>Kit anillo vibrador - sexshopbajolassabanas.mx<\/title>\n<meta name=\"description\" content=\"Kit anillo vibrador, sexo oral, dedal vibrador, y anillo vibrador, estimula las zonas erogenas de tu pareja y las tuyas, por su tamano llevalo a donde sea\" \/>\n<meta name=\"robots\" content=\"index, follow, max-snippet:-1, max-image-preview:large, max-video-preview:-1\" \/>\n<link rel=\"canonical\" href=\"https:\/\/sexshopbajolassabanas.mx\/?product=kit-anillo-vibrador\" \/>\n<meta property=\"og:locale\" content=\"es_MX\" \/>\n<meta property=\"og:type\" content=\"article\" \/>\n<meta property=\"og:title\" content=\"Kit anillo vibrador - sexshopbajolassabanas.mx\" \/>\n<meta property=\"og:description\" content=\"Kit anillo vibrador, sexo oral, dedal vibrador, y anillo vibrador, estimula las zonas erogenas de tu pareja y las tuyas, por su tamano llevalo a donde sea\" \/>\n<meta property=\"og:url\" content=\"https:\/\/sexshopbajolassabanas.mx\/?product=kit-anillo-vibrador\" \/>\n<meta property=\"og:site_name\" content=\"sexshopbajolassabanas.mx\" \/>\n<meta property=\"article:modified_time\" content=\"2025-06-03T21:04:42+00:00\" \/>\n<meta property=\"og:image\" content=\"http:\/\/sexshopbajolassabanas.mx\/wp-content\/uploads\/2023\/09\/5-2.png\" \/>\n\t<meta property=\"og:image:width\" content=\"1000\" \/>\n\t<meta property=\"og:image:height\" content=\"1000\" \/>\n\t<meta property=\"og:image:type\" content=\"image\/png\" \/>\n<meta name=\"twitter:card\" content=\"summary_large_image\" \/>\n<meta name=\"twitter:label1\" content=\"Tiempo de lectura\" \/>\n\t<meta name=\"twitter:data1\" content=\"2 minutos\" \/>\n<script type=\"application\/ld+json\" class=\"yoast-schema-graph\">{\"@context\":\"https:\/\/schema.org\",\"@graph\":[{\"@type\":\"WebPage\",\"@id\":\"https:\/\/sexshopbajolassabanas.mx\/?product=kit-anillo-vibrador\",\"url\":\"https:\/\/sexshopbajolassabanas.mx\/?product=kit-anillo-vibrador\",\"name\":\"Kit anillo vibrador - sexshopbajolassabanas.mx\",\"isPartOf\":{\"@id\":\"https:\/\/sexshopbajolassabanas.mx\/#website\"},\"datePublished\":\"2023-09-29T01:13:34+00:00\",\"dateModified\":\"2025-06-03T21:04:42+00:00\",\"description\":\"Kit anillo vibrador, sexo oral, dedal vibrador, y anillo vibrador, estimula las zonas erogenas de tu pareja y las tuyas, por su tamano llevalo a donde sea\",\"breadcrumb\":{\"@id\":\"https:\/\/sexshopbajolassabanas.mx\/?product=kit-anillo-vibrador#breadcrumb\"},\"inLanguage\":\"es\",\"potentialAction\":[{\"@type\":\"ReadAction\",\"target\":[\"https:\/\/sexshopbajolassabanas.mx\/?product=kit-anillo-vibrador\"]}]},{\"@type\":\"BreadcrumbList\",\"@id\":\"https:\/\/sexshopbajolassabanas.mx\/?product=kit-anillo-vibrador#breadcrumb\",\"itemListElement\":[{\"@type\":\"ListItem\",\"position\":1,\"name\":\"Inicio\",\"item\":\"https:\/\/sexshopbajolassabanas.mx\/\"},{\"@type\":\"ListItem\",\"position\":2,\"name\":\"Tienda\",\"item\":\"https:\/\/sexshopbajolassabanas.mx\/?page_id=38\"},{\"@type\":\"ListItem\",\"position\":3,\"name\":\"Kit anillo vibrador\"}]},{\"@type\":\"WebSite\",\"@id\":\"https:\/\/sexshopbajolassabanas.mx\/#website\",\"url\":\"https:\/\/sexshopbajolassabanas.mx\/\",\"name\":\"sexshopbajolassabanas.mx\",\"description\":\"Sex Shop Bajo Las Sabanas\",\"publisher\":{\"@id\":\"https:\/\/sexshopbajolassabanas.mx\/#organization\"},\"potentialAction\":[{\"@type\":\"SearchAction\",\"target\":{\"@type\":\"EntryPoint\",\"urlTemplate\":\"https:\/\/sexshopbajolassabanas.mx\/?s={search_term_string}\"},\"query-input\":\"required name=search_term_string\"}],\"inLanguage\":\"es\"},{\"@type\":\"Organization\",\"@id\":\"https:\/\/sexshopbajolassabanas.mx\/#organization\",\"name\":\"sexshopbajolassabanas.mx\",\"url\":\"https:\/\/sexshopbajolassabanas.mx\/\",\"logo\":{\"@type\":\"ImageObject\",\"inLanguage\":\"es\",\"@id\":\"https:\/\/sexshopbajolassabanas.mx\/#\/schema\/logo\/image\/\",\"url\":\"https:\/\/sexshopbajolassabanas.mx\/wp-content\/uploads\/2022\/08\/cropped-cropped-Sin-titulo-2_Mesa-de-trabajo-1.png\",\"contentUrl\":\"https:\/\/sexshopbajolassabanas.mx\/wp-content\/uploads\/2022\/08\/cropped-cropped-Sin-titulo-2_Mesa-de-trabajo-1.png\",\"width\":375,\"height\":375,\"caption\":\"sexshopbajolassabanas.mx\"},\"image\":{\"@id\":\"https:\/\/sexshopbajolassabanas.mx\/#\/schema\/logo\/image\/\"}}]}<\/script>\n<!-- \/ Yoast SEO plugin. -->","yoast_head_json":{"title":"Kit anillo vibrador - sexshopbajolassabanas.mx","description":"Kit anillo vibrador, sexo oral, dedal vibrador, y anillo vibrador, estimula las zonas erogenas de tu pareja y las tuyas, por su tamano llevalo a donde sea","robots":{"index":"index","follow":"follow","max-snippet":"max-snippet:-1","max-image-preview":"max-image-preview:large","max-video-preview":"max-video-preview:-1"},"canonical":"https:\/\/sexshopbajolassabanas.mx\/?product=kit-anillo-vibrador","og_locale":"es_MX","og_type":"article","og_title":"Kit anillo vibrador - sexshopbajolassabanas.mx","og_description":"Kit anillo vibrador, sexo oral, dedal vibrador, y anillo vibrador, estimula las zonas erogenas de tu pareja y las tuyas, por su tamano llevalo a donde sea","og_url":"https:\/\/sexshopbajolassabanas.mx\/?product=kit-anillo-vibrador","og_site_name":"sexshopbajolassabanas.mx","article_modified_time":"2025-06-03T21:04:42+00:00","og_image":[{"width":1000,"height":1000,"url":"http:\/\/sexshopbajolassabanas.mx\/wp-content\/uploads\/2023\/09\/5-2.png","type":"image\/png"}],"twitter_card":"summary_large_image","twitter_misc":{"Tiempo de lectura":"2 minutos"},"schema":{"@context":"https:\/\/schema.org","@graph":[{"@type":"WebPage","@id":"https:\/\/sexshopbajolassabanas.mx\/?product=kit-anillo-vibrador","url":"https:\/\/sexshopbajolassabanas.mx\/?product=kit-anillo-vibrador","name":"Kit anillo vibrador - sexshopbajolassabanas.mx","isPartOf":{"@id":"https:\/\/sexshopbajolassabanas.mx\/#website"},"datePublished":"2023-09-29T01:13:34+00:00","dateModified":"2025-06-03T21:04:42+00:00","description":"Kit anillo vibrador, sexo oral, dedal vibrador, y anillo vibrador, estimula las zonas erogenas de tu pareja y las tuyas, por su tamano llevalo a donde sea","breadcrumb":{"@id":"https:\/\/sexshopbajolassabanas.mx\/?product=kit-anillo-vibrador#breadcrumb"},"inLanguage":"es","potentialAction":[{"@type":"ReadAction","target":["https:\/\/sexshopbajolassabanas.mx\/?product=kit-anillo-vibrador"]}]},{"@type":"BreadcrumbList","@id":"https:\/\/sexshopbajolassabanas.mx\/?product=kit-anillo-vibrador#breadcrumb","itemListElement":[{"@type":"ListItem","position":1,"name":"Inicio","item":"https:\/\/sexshopbajolassabanas.mx\/"},{"@type":"ListItem","position":2,"name":"Tienda","item":"https:\/\/sexshopbajolassabanas.mx\/?page_id=38"},{"@type":"ListItem","position":3,"name":"Kit anillo vibrador"}]},{"@type":"WebSite","@id":"https:\/\/sexshopbajolassabanas.mx\/#website","url":"https:\/\/sexshopbajolassabanas.mx\/","name":"sexshopbajolassabanas.mx","description":"Sex Shop Bajo Las Sabanas","publisher":{"@id":"https:\/\/sexshopbajolassabanas.mx\/#organization"},"potentialAction":[{"@type":"SearchAction","target":{"@type":"EntryPoint","urlTemplate":"https:\/\/sexshopbajolassabanas.mx\/?s={search_term_string}"},"query-input":"required name=search_term_string"}],"inLanguage":"es"},{"@type":"Organization","@id":"https:\/\/sexshopbajolassabanas.mx\/#organization","name":"sexshopbajolassabanas.mx","url":"https:\/\/sexshopbajolassabanas.mx\/","logo":{"@type":"ImageObject","inLanguage":"es","@id":"https:\/\/sexshopbajolassabanas.mx\/#\/schema\/logo\/image\/","url":"https:\/\/sexshopbajolassabanas.mx\/wp-content\/uploads\/2022\/08\/cropped-cropped-Sin-titulo-2_Mesa-de-trabajo-1.png","contentUrl":"https:\/\/sexshopbajolassabanas.mx\/wp-content\/uploads\/2022\/08\/cropped-cropped-Sin-titulo-2_Mesa-de-trabajo-1.png","width":375,"height":375,"caption":"sexshopbajolassabanas.mx"},"image":{"@id":"https:\/\/sexshopbajolassabanas.mx\/#\/schema\/logo\/image\/"}}]}},"_links":{"self":[{"href":"https:\/\/sexshopbajolassabanas.mx\/index.php?rest_route=\/wp\/v2\/product\/7733","targetHints":{"allow":["GET"]}}],"collection":[{"href":"https:\/\/sexshopbajolassabanas.mx\/index.php?rest_route=\/wp\/v2\/product"}],"about":[{"href":"https:\/\/sexshopbajolassabanas.mx\/index.php?rest_route=\/wp\/v2\/types\/product"}],"replies":[{"embeddable":true,"href":"https:\/\/sexshopbajolassabanas.mx\/index.php?rest_route=%2Fwp%2Fv2%2Fcomments&post=7733"}],"version-history":[{"count":1,"href":"https:\/\/sexshopbajolassabanas.mx\/index.php?rest_route=\/wp\/v2\/product\/7733\/revisions"}],"predecessor-version":[{"id":7743,"href":"https:\/\/sexshopbajolassabanas.mx\/index.php?rest_route=\/wp\/v2\/product\/7733\/revisions\/7743"}],"wp:featuredmedia":[{"embeddable":true,"href":"https:\/\/sexshopbajolassabanas.mx\/index.php?rest_route=\/wp\/v2\/media\/7740"}],"wp:attachment":[{"href":"https:\/\/sexshopbajolassabanas.mx\/index.php?rest_route=%2Fwp%2Fv2%2Fmedia&parent=7733"}],"wp:term":[{"taxonomy":"product_cat","embeddable":true,"href":"https:\/\/sexshopbajolassabanas.mx\/index.php?rest_route=%2Fwp%2Fv2%2Fproduct_cat&post=7733"},{"taxonomy":"product_tag","embeddable":true,"href":"https:\/\/sexshopbajolassabanas.mx\/index.php?rest_route=%2Fwp%2Fv2%2Fproduct_tag&post=7733"},{"taxonomy":"giftcard-category","embeddable":true,"href":"https:\/\/sexshopbajolassabanas.mx\/index.php?rest_route=%2Fwp%2Fv2%2Fgiftcard-category&post=7733"}],"curies":[{"name":"wp","href":"https:\/\/api.w.org\/{rel}","templated":true}]}}