{"id":7771,"date":"2023-10-27T06:27:48","date_gmt":"2023-10-27T06:27:48","guid":{"rendered":"https:\/\/sexshopbajolassabanas.mx\/?post_type=product&#038;p=7771"},"modified":"2025-06-03T21:05:42","modified_gmt":"2025-06-03T21:05:42","slug":"clitoris-succionador-portatil","status":"publish","type":"product","link":"https:\/\/sexshopbajolassabanas.mx\/?product=clitoris-succionador-portatil","title":{"rendered":"Cl\u00edtoris succionador port\u00e1til"},"content":{"rendered":"<h3><span style=\"color: #33cccc;\"><b>\u00a1Consiente a tu cl\u00edtoris, pezones con cl\u00edtoris succionador!<\/b><\/span><\/h3>\n<p><span style=\"font-weight: 400;\">Disfruta de la tecnolog\u00eda de los juguetes de<a href=\"https:\/\/sexshopbajolassabanas.mx\/\"> Bajo las S\u00e1banas\u00a0<\/a><\/span><span style=\"font-weight: 400;\">\u00a0con este cl\u00edtoris succionador\u00a0<\/span><span style=\"font-weight: 400;\">que tambi\u00e9n succiona el glande de tu pareja, pezones, labios vaginales, ademas en la parte inferior de este succionador se abre y esta una entrada USB que te permitir\u00e1 cargarlo f\u00e1cilmente, es salpicable al agua para juegos en la ducha \u00a0para dar una diversi\u00f3n extra llena de placer, puedes usarlo sola o en pareja, divi\u00e9rtete en tu intimida, descubre nuevas formas de sentir placer, puedes invitar a tu pareja, para una diversi\u00f3n en conjunta. Es super c\u00f3modo y seguro gracias a su silic\u00f3n de grado m\u00e9dico libre de BPA.\u00a0<\/span><\/p>\n<p><span style=\"font-weight: 400;\">Este <\/span><span style=\"font-weight: 400;\">succionador de cl\u00edtoris <\/span><span style=\"font-weight: 400;\">es recargable y salpicableble al agua; adem\u00e1s de ser muy discreto es \u00fatil para el juego con tu pareja y para aumentar tus orgasmos de forma individual.<\/span><\/p>\n<p id=\"tw-target-text\" class=\"tw-data-text tw-text-large tw-ta\" dir=\"ltr\" data-placeholder=\"Traducci\u00f3n\"><span class=\"Y2IQFc\" lang=\"es\">Funci\u00f3n de succi\u00f3n de 10 velocidades\u00a0<\/span><\/p>\n<p><b>Presentaci\u00f3n: <\/b><span style=\"font-weight: 400;\">Caja de 11.o cm de altura x 3.9 cm de ancho<\/span><\/p>\n<p><b>Forma de uso<\/b><b>: R<\/b><span style=\"font-weight: 400;\">ecarga el <\/span><span style=\"font-weight: 400;\">succionador de cl\u00edtoris<\/span><span style=\"font-weight: 400;\"> durante 1 hora para disfrutar 60 minutos de placer. Enciende con su bot\u00f3n en la pancita hasta obtener una luz roja y percibir la succi\u00f3n y vibraci\u00f3n. Puedes utilizarlo en Cl\u00edtoris, pezones, glande, test\u00edculos. \u00a1<\/span><b>Permite disfrutar de tu imaginaci\u00f3n!<\/b><\/p>\n<p><b>Cuidados<\/b><span style=\"font-weight: 400;\">: Despu\u00e9s del uso, lavar con agua o un <\/span><span style=\"font-weight: 400;\"><a href=\"https:\/\/sexshopbajolassabanas.mx\/?product_cat=limpieza-e-higiene\">limpiador de juguete<\/a> antibacterial<\/span><span style=\"font-weight: 400;\"> y secar con un pa\u00f1o limpio. No utilice productos abrasivos o t\u00f3xicos para lavar los componentes. Guardar en un lugar fresco y seco dentro de su bolsa hipoalerg\u00e9nica.<\/span><\/p>\n","protected":false},"excerpt":{"rendered":"<p>Succionador de cl\u00edtoris port\u00e1til<\/p>\n<p>10 modos de succion<\/p>\n<p>Silicona segura para el cuerpo<\/p>\n<p>Salpicable al agua<\/p>\n<p>Entrada de carga USB<\/p>\n","protected":false},"featured_media":7778,"comment_status":"open","ping_status":"closed","template":"","meta":{"om_disable_all_campaigns":false,"site-sidebar-layout":"default","site-content-layout":"default","ast-site-content-layout":"default","site-content-style":"default","site-sidebar-style":"default","ast-global-header-display":"","ast-banner-title-visibility":"","ast-main-header-display":"","ast-hfb-above-header-display":"disabled","ast-hfb-below-header-display":"","ast-hfb-mobile-header-display":"","site-post-title":"","ast-breadcrumbs-content":"","ast-featured-img":"","footer-sml-layout":"","theme-transparent-header-meta":"default","adv-header-id-meta":"","stick-header-meta":"","header-above-stick-meta":"","header-main-stick-meta":"","header-below-stick-meta":"","astra-migrate-meta-layouts":"set","ast-page-background-enabled":"default","ast-page-background-meta":{"desktop":{"background-color":"","background-image":"","background-repeat":"repeat","background-position":"center center","background-size":"auto","background-attachment":"scroll","background-type":"","background-media":"","overlay-type":"","overlay-color":"","overlay-opacity":"","overlay-gradient":""},"tablet":{"background-color":"","background-image":"","background-repeat":"repeat","background-position":"center center","background-size":"auto","background-attachment":"scroll","background-type":"","background-media":"","overlay-type":"","overlay-color":"","overlay-opacity":"","overlay-gradient":""},"mobile":{"background-color":"","background-image":"","background-repeat":"repeat","background-position":"center center","background-size":"auto","background-attachment":"scroll","background-type":"","background-media":"","overlay-type":"","overlay-color":"","overlay-opacity":"","overlay-gradient":""}},"ast-content-background-meta":{"desktop":{"background-color":"var(--ast-global-color-5)","background-image":"","background-repeat":"repeat","background-position":"center center","background-size":"auto","background-attachment":"scroll","background-type":"","background-media":"","overlay-type":"","overlay-color":"","overlay-opacity":"","overlay-gradient":""},"tablet":{"background-color":"var(--ast-global-color-5)","background-image":"","background-repeat":"repeat","background-position":"center center","background-size":"auto","background-attachment":"scroll","background-type":"","background-media":"","overlay-type":"","overlay-color":"","overlay-opacity":"","overlay-gradient":""},"mobile":{"background-color":"var(--ast-global-color-5)","background-image":"","background-repeat":"repeat","background-position":"center center","background-size":"auto","background-attachment":"scroll","background-type":"","background-media":"","overlay-type":"","overlay-color":"","overlay-opacity":"","overlay-gradient":""}},"_joinchat":{"message_send":"Hola, Estoy buscando...","view":"yes"}},"product_cat":[48,80],"product_tag":[234,235,236],"giftcard-category":[],"class_list":{"0":"post-7771","1":"product","2":"type-product","3":"status-publish","4":"has-post-thumbnail","6":"product_cat-sabaneras","7":"product_cat-succionador-de-clitoris","8":"product_tag-succionador","9":"product_tag-succionador-de-clitoris","10":"product_tag-succionador-para-mujeres","11":"desktop-align-left","12":"tablet-align-left","13":"mobile-align-left","15":"first","16":"outofstock","17":"taxable","18":"shipping-taxable","19":"purchasable","20":"product-type-variable"},"yoast_head":"<!-- This site is optimized with the Yoast SEO plugin v20.5 - https:\/\/yoast.com\/wordpress\/plugins\/seo\/ -->\n<title>Cl\u00edtoris succionador port\u00e1til - sexshopbajolassabanas.mx<\/title>\n<meta name=\"description\" content=\"cl\u00edtoris succionado, estimulador sexual de pezones, labios vaginales, juguetes sexuales para mujer, juguetes intimos para gay, lesbianas, wendy guevara\" \/>\n<meta name=\"robots\" content=\"index, follow, max-snippet:-1, max-image-preview:large, max-video-preview:-1\" \/>\n<link rel=\"canonical\" href=\"https:\/\/sexshopbajolassabanas.mx\/?product=clitoris-succionador-portatil\" \/>\n<meta property=\"og:locale\" content=\"es_MX\" \/>\n<meta property=\"og:type\" content=\"article\" \/>\n<meta property=\"og:title\" content=\"Cl\u00edtoris succionador port\u00e1til - sexshopbajolassabanas.mx\" \/>\n<meta property=\"og:description\" content=\"cl\u00edtoris succionado, estimulador sexual de pezones, labios vaginales, juguetes sexuales para mujer, juguetes intimos para gay, lesbianas, wendy guevara\" \/>\n<meta property=\"og:url\" content=\"https:\/\/sexshopbajolassabanas.mx\/?product=clitoris-succionador-portatil\" \/>\n<meta property=\"og:site_name\" content=\"sexshopbajolassabanas.mx\" \/>\n<meta property=\"article:modified_time\" content=\"2025-06-03T21:05:42+00:00\" \/>\n<meta property=\"og:image\" content=\"http:\/\/sexshopbajolassabanas.mx\/wp-content\/uploads\/2023\/10\/7.png\" \/>\n\t<meta property=\"og:image:width\" content=\"1000\" \/>\n\t<meta property=\"og:image:height\" content=\"1000\" \/>\n\t<meta property=\"og:image:type\" content=\"image\/png\" \/>\n<meta name=\"twitter:card\" content=\"summary_large_image\" \/>\n<meta name=\"twitter:label1\" content=\"Tiempo de lectura\" \/>\n\t<meta name=\"twitter:data1\" content=\"2 minutos\" \/>\n<script type=\"application\/ld+json\" class=\"yoast-schema-graph\">{\"@context\":\"https:\/\/schema.org\",\"@graph\":[{\"@type\":\"WebPage\",\"@id\":\"https:\/\/sexshopbajolassabanas.mx\/?product=clitoris-succionador-portatil\",\"url\":\"https:\/\/sexshopbajolassabanas.mx\/?product=clitoris-succionador-portatil\",\"name\":\"Cl\u00edtoris succionador port\u00e1til - sexshopbajolassabanas.mx\",\"isPartOf\":{\"@id\":\"https:\/\/sexshopbajolassabanas.mx\/#website\"},\"datePublished\":\"2023-10-27T06:27:48+00:00\",\"dateModified\":\"2025-06-03T21:05:42+00:00\",\"description\":\"cl\u00edtoris succionado, estimulador sexual de pezones, labios vaginales, juguetes sexuales para mujer, juguetes intimos para gay, lesbianas, wendy guevara\",\"breadcrumb\":{\"@id\":\"https:\/\/sexshopbajolassabanas.mx\/?product=clitoris-succionador-portatil#breadcrumb\"},\"inLanguage\":\"es\",\"potentialAction\":[{\"@type\":\"ReadAction\",\"target\":[\"https:\/\/sexshopbajolassabanas.mx\/?product=clitoris-succionador-portatil\"]}]},{\"@type\":\"BreadcrumbList\",\"@id\":\"https:\/\/sexshopbajolassabanas.mx\/?product=clitoris-succionador-portatil#breadcrumb\",\"itemListElement\":[{\"@type\":\"ListItem\",\"position\":1,\"name\":\"Inicio\",\"item\":\"https:\/\/sexshopbajolassabanas.mx\/\"},{\"@type\":\"ListItem\",\"position\":2,\"name\":\"Tienda\",\"item\":\"https:\/\/sexshopbajolassabanas.mx\/?page_id=38\"},{\"@type\":\"ListItem\",\"position\":3,\"name\":\"Cl\u00edtoris succionador port\u00e1til\"}]},{\"@type\":\"WebSite\",\"@id\":\"https:\/\/sexshopbajolassabanas.mx\/#website\",\"url\":\"https:\/\/sexshopbajolassabanas.mx\/\",\"name\":\"sexshopbajolassabanas.mx\",\"description\":\"Sex Shop Bajo Las Sabanas\",\"publisher\":{\"@id\":\"https:\/\/sexshopbajolassabanas.mx\/#organization\"},\"potentialAction\":[{\"@type\":\"SearchAction\",\"target\":{\"@type\":\"EntryPoint\",\"urlTemplate\":\"https:\/\/sexshopbajolassabanas.mx\/?s={search_term_string}\"},\"query-input\":\"required name=search_term_string\"}],\"inLanguage\":\"es\"},{\"@type\":\"Organization\",\"@id\":\"https:\/\/sexshopbajolassabanas.mx\/#organization\",\"name\":\"sexshopbajolassabanas.mx\",\"url\":\"https:\/\/sexshopbajolassabanas.mx\/\",\"logo\":{\"@type\":\"ImageObject\",\"inLanguage\":\"es\",\"@id\":\"https:\/\/sexshopbajolassabanas.mx\/#\/schema\/logo\/image\/\",\"url\":\"https:\/\/sexshopbajolassabanas.mx\/wp-content\/uploads\/2022\/08\/cropped-cropped-Sin-titulo-2_Mesa-de-trabajo-1.png\",\"contentUrl\":\"https:\/\/sexshopbajolassabanas.mx\/wp-content\/uploads\/2022\/08\/cropped-cropped-Sin-titulo-2_Mesa-de-trabajo-1.png\",\"width\":375,\"height\":375,\"caption\":\"sexshopbajolassabanas.mx\"},\"image\":{\"@id\":\"https:\/\/sexshopbajolassabanas.mx\/#\/schema\/logo\/image\/\"}}]}<\/script>\n<!-- \/ Yoast SEO plugin. -->","yoast_head_json":{"title":"Cl\u00edtoris succionador port\u00e1til - sexshopbajolassabanas.mx","description":"cl\u00edtoris succionado, estimulador sexual de pezones, labios vaginales, juguetes sexuales para mujer, juguetes intimos para gay, lesbianas, wendy guevara","robots":{"index":"index","follow":"follow","max-snippet":"max-snippet:-1","max-image-preview":"max-image-preview:large","max-video-preview":"max-video-preview:-1"},"canonical":"https:\/\/sexshopbajolassabanas.mx\/?product=clitoris-succionador-portatil","og_locale":"es_MX","og_type":"article","og_title":"Cl\u00edtoris succionador port\u00e1til - sexshopbajolassabanas.mx","og_description":"cl\u00edtoris succionado, estimulador sexual de pezones, labios vaginales, juguetes sexuales para mujer, juguetes intimos para gay, lesbianas, wendy guevara","og_url":"https:\/\/sexshopbajolassabanas.mx\/?product=clitoris-succionador-portatil","og_site_name":"sexshopbajolassabanas.mx","article_modified_time":"2025-06-03T21:05:42+00:00","og_image":[{"width":1000,"height":1000,"url":"http:\/\/sexshopbajolassabanas.mx\/wp-content\/uploads\/2023\/10\/7.png","type":"image\/png"}],"twitter_card":"summary_large_image","twitter_misc":{"Tiempo de lectura":"2 minutos"},"schema":{"@context":"https:\/\/schema.org","@graph":[{"@type":"WebPage","@id":"https:\/\/sexshopbajolassabanas.mx\/?product=clitoris-succionador-portatil","url":"https:\/\/sexshopbajolassabanas.mx\/?product=clitoris-succionador-portatil","name":"Cl\u00edtoris succionador port\u00e1til - sexshopbajolassabanas.mx","isPartOf":{"@id":"https:\/\/sexshopbajolassabanas.mx\/#website"},"datePublished":"2023-10-27T06:27:48+00:00","dateModified":"2025-06-03T21:05:42+00:00","description":"cl\u00edtoris succionado, estimulador sexual de pezones, labios vaginales, juguetes sexuales para mujer, juguetes intimos para gay, lesbianas, wendy guevara","breadcrumb":{"@id":"https:\/\/sexshopbajolassabanas.mx\/?product=clitoris-succionador-portatil#breadcrumb"},"inLanguage":"es","potentialAction":[{"@type":"ReadAction","target":["https:\/\/sexshopbajolassabanas.mx\/?product=clitoris-succionador-portatil"]}]},{"@type":"BreadcrumbList","@id":"https:\/\/sexshopbajolassabanas.mx\/?product=clitoris-succionador-portatil#breadcrumb","itemListElement":[{"@type":"ListItem","position":1,"name":"Inicio","item":"https:\/\/sexshopbajolassabanas.mx\/"},{"@type":"ListItem","position":2,"name":"Tienda","item":"https:\/\/sexshopbajolassabanas.mx\/?page_id=38"},{"@type":"ListItem","position":3,"name":"Cl\u00edtoris succionador port\u00e1til"}]},{"@type":"WebSite","@id":"https:\/\/sexshopbajolassabanas.mx\/#website","url":"https:\/\/sexshopbajolassabanas.mx\/","name":"sexshopbajolassabanas.mx","description":"Sex Shop Bajo Las Sabanas","publisher":{"@id":"https:\/\/sexshopbajolassabanas.mx\/#organization"},"potentialAction":[{"@type":"SearchAction","target":{"@type":"EntryPoint","urlTemplate":"https:\/\/sexshopbajolassabanas.mx\/?s={search_term_string}"},"query-input":"required name=search_term_string"}],"inLanguage":"es"},{"@type":"Organization","@id":"https:\/\/sexshopbajolassabanas.mx\/#organization","name":"sexshopbajolassabanas.mx","url":"https:\/\/sexshopbajolassabanas.mx\/","logo":{"@type":"ImageObject","inLanguage":"es","@id":"https:\/\/sexshopbajolassabanas.mx\/#\/schema\/logo\/image\/","url":"https:\/\/sexshopbajolassabanas.mx\/wp-content\/uploads\/2022\/08\/cropped-cropped-Sin-titulo-2_Mesa-de-trabajo-1.png","contentUrl":"https:\/\/sexshopbajolassabanas.mx\/wp-content\/uploads\/2022\/08\/cropped-cropped-Sin-titulo-2_Mesa-de-trabajo-1.png","width":375,"height":375,"caption":"sexshopbajolassabanas.mx"},"image":{"@id":"https:\/\/sexshopbajolassabanas.mx\/#\/schema\/logo\/image\/"}}]}},"_links":{"self":[{"href":"https:\/\/sexshopbajolassabanas.mx\/index.php?rest_route=\/wp\/v2\/product\/7771","targetHints":{"allow":["GET"]}}],"collection":[{"href":"https:\/\/sexshopbajolassabanas.mx\/index.php?rest_route=\/wp\/v2\/product"}],"about":[{"href":"https:\/\/sexshopbajolassabanas.mx\/index.php?rest_route=\/wp\/v2\/types\/product"}],"replies":[{"embeddable":true,"href":"https:\/\/sexshopbajolassabanas.mx\/index.php?rest_route=%2Fwp%2Fv2%2Fcomments&post=7771"}],"version-history":[{"count":3,"href":"https:\/\/sexshopbajolassabanas.mx\/index.php?rest_route=\/wp\/v2\/product\/7771\/revisions"}],"predecessor-version":[{"id":7800,"href":"https:\/\/sexshopbajolassabanas.mx\/index.php?rest_route=\/wp\/v2\/product\/7771\/revisions\/7800"}],"wp:featuredmedia":[{"embeddable":true,"href":"https:\/\/sexshopbajolassabanas.mx\/index.php?rest_route=\/wp\/v2\/media\/7778"}],"wp:attachment":[{"href":"https:\/\/sexshopbajolassabanas.mx\/index.php?rest_route=%2Fwp%2Fv2%2Fmedia&parent=7771"}],"wp:term":[{"taxonomy":"product_cat","embeddable":true,"href":"https:\/\/sexshopbajolassabanas.mx\/index.php?rest_route=%2Fwp%2Fv2%2Fproduct_cat&post=7771"},{"taxonomy":"product_tag","embeddable":true,"href":"https:\/\/sexshopbajolassabanas.mx\/index.php?rest_route=%2Fwp%2Fv2%2Fproduct_tag&post=7771"},{"taxonomy":"giftcard-category","embeddable":true,"href":"https:\/\/sexshopbajolassabanas.mx\/index.php?rest_route=%2Fwp%2Fv2%2Fgiftcard-category&post=7771"}],"curies":[{"name":"wp","href":"https:\/\/api.w.org\/{rel}","templated":true}]}}