{"id":7801,"date":"2023-10-27T17:44:22","date_gmt":"2023-10-27T17:44:22","guid":{"rendered":"https:\/\/sexshopbajolassabanas.mx\/?post_type=product&#038;p=7801"},"modified":"2025-06-03T21:03:21","modified_gmt":"2025-06-03T21:03:21","slug":"bala-vibradora-recargable","status":"publish","type":"product","link":"https:\/\/sexshopbajolassabanas.mx\/?product=bala-vibradora-recargable","title":{"rendered":"Bala vibradora recargable"},"content":{"rendered":"<h3><span style=\"color: #ff00ff;\"><b>\u00a1 Bala vibradora recargable el complemento perfecto para tu intimidad!<\/b><\/span><\/h3>\n<p><span style=\"font-weight: 400;\">\u00a0<\/span><span style=\"font-weight: 400;\">Ha llegado a <a href=\"https:\/\/sexshopbajolassabanas.mx\/\">Bajo las s\u00e1banas<\/a>\u00a0esta bala vibradora recargable con textura en todo el cuerpo, para que las vibraciones se distribuyan correctamente y tu placer sea si o si\u00a0<\/span><span style=\"font-weight: 400;\">\u00a0es un juguete muy discreto, pr\u00e1ctico por que lo puedes llevar contigo en todo momento, en tu trabajo, con las amigas, de viaje \u00a0te dar\u00e1 gran complacencia, te platico que esta bala vibradora r tiene 10 frecuencias vibratorias que tu puedes escoger con solo presionar el bot\u00f3n que esta en la base , su punta que esta ovalada da esa caricia a tus zonas mas delicadas con el cl\u00edtoris, pezones, glande o test\u00edculos esta delicadamente dise\u00f1ado para darte esa suavidad que necesitas al colocarlo en tus zonas intimas ya que esta hecho de silic\u00f3n,<\/span><\/p>\n<p><span style=\"font-weight: 400;\">Juega con el tu estimulaci\u00f3n individual o en pareja, p\u00e9salo por tus labios vaginales suavemente , recorre tu cl\u00edtoris y d\u00e9jate estremecer hasta que encuentres las frecuencias que mas te lleven al orgasmo, es ideal para tus zonas externas como los pezones que juegan un papel demasiado importante en la estimulaci\u00f3n previa,pasalo por detr\u00e1s de tus o\u00eddos, en la ingle, de igual manera puedes utilizarlo para estimular testiculos, esf\u00ednter y esas zonas que oconoces de tu pareja. estimula alrededor ano, y hasta el glande de tu pareja<\/span><b>. \u00a1Deja volar tu imaginaci\u00f3n!<\/b><\/p>\n<p><span style=\"font-weight: 400;\">Presentaci\u00f3n: <span data-spm-anchor-id=\"a2g0o.detail.0.i18.20beXX19XX1984\">8. 5cm 2.5 cm\u00a0<\/span><\/span><\/p>\n<p>1o modos de vibraci\u00f3n<\/p>\n<p>Sumergible al agua<\/p>\n<p>Silicona segura para el cuerpo<\/p>\n<p>Recargable<\/p>\n<p><b>Forma de uso<\/b><b>: <\/b><span style=\"font-weight: 400;\">Esta bala vibradora<\/span><span style=\"font-weight: 400;\">\u00a0es super discreta por lo que puedes poner a jugar tu imaginaci\u00f3n con tu <a href=\"https:\/\/sexshopbajolassabanas.mx\/?product_cat=sabaneros\">Sabanero<\/a> o para momentos \u00fanicos contigo, cargado con su cable ya incluido por 90 minutos y tendr\u00e1s 60 minutos de jueg, presiona el bot\u00f3n que esta en la base \u00a0 empieza a vibrar y comenzar a tener una sensaci\u00f3n placentera y muy excitante.<\/span><b>\u00a0<\/b><\/p>\n<p><b>Cuidados:<\/b><span style=\"font-weight: 400;\">\u00a0Antes y despu\u00e9s del uso limpialo con nuestro <a href=\"https:\/\/sexshopbajolassabanas.mx\/?product_cat=limpieza-e-higiene\">shampoo antibacterial,<\/a> cons\u00e9rvese cerrado en un lugar fresco no mayor a 30\u00ba. Prot\u00e9jase de la luz solar y el polvo.<\/span><\/p>\n","protected":false},"excerpt":{"rendered":"<p>Bala vibradora recargable port\u00e1til<\/p>\n<p>1o modos de vibraci\u00f3n<\/p>\n<p>Sumergible al agua<\/p>\n<p>Silicona segura para el cuerpo<\/p>\n<p>Recargable<\/p>\n","protected":false},"featured_media":7805,"comment_status":"open","ping_status":"closed","template":"","meta":{"om_disable_all_campaigns":false,"site-sidebar-layout":"default","site-content-layout":"default","ast-site-content-layout":"default","site-content-style":"default","site-sidebar-style":"default","ast-global-header-display":"","ast-banner-title-visibility":"","ast-main-header-display":"","ast-hfb-above-header-display":"disabled","ast-hfb-below-header-display":"","ast-hfb-mobile-header-display":"","site-post-title":"","ast-breadcrumbs-content":"","ast-featured-img":"","footer-sml-layout":"","theme-transparent-header-meta":"default","adv-header-id-meta":"","stick-header-meta":"","header-above-stick-meta":"","header-main-stick-meta":"","header-below-stick-meta":"","astra-migrate-meta-layouts":"set","ast-page-background-enabled":"default","ast-page-background-meta":{"desktop":{"background-color":"","background-image":"","background-repeat":"repeat","background-position":"center center","background-size":"auto","background-attachment":"scroll","background-type":"","background-media":"","overlay-type":"","overlay-color":"","overlay-opacity":"","overlay-gradient":""},"tablet":{"background-color":"","background-image":"","background-repeat":"repeat","background-position":"center center","background-size":"auto","background-attachment":"scroll","background-type":"","background-media":"","overlay-type":"","overlay-color":"","overlay-opacity":"","overlay-gradient":""},"mobile":{"background-color":"","background-image":"","background-repeat":"repeat","background-position":"center center","background-size":"auto","background-attachment":"scroll","background-type":"","background-media":"","overlay-type":"","overlay-color":"","overlay-opacity":"","overlay-gradient":""}},"ast-content-background-meta":{"desktop":{"background-color":"var(--ast-global-color-5)","background-image":"","background-repeat":"repeat","background-position":"center center","background-size":"auto","background-attachment":"scroll","background-type":"","background-media":"","overlay-type":"","overlay-color":"","overlay-opacity":"","overlay-gradient":""},"tablet":{"background-color":"var(--ast-global-color-5)","background-image":"","background-repeat":"repeat","background-position":"center center","background-size":"auto","background-attachment":"scroll","background-type":"","background-media":"","overlay-type":"","overlay-color":"","overlay-opacity":"","overlay-gradient":""},"mobile":{"background-color":"var(--ast-global-color-5)","background-image":"","background-repeat":"repeat","background-position":"center center","background-size":"auto","background-attachment":"scroll","background-type":"","background-media":"","overlay-type":"","overlay-color":"","overlay-opacity":"","overlay-gradient":""}},"_joinchat":{"message_send":"Hola, Estoy buscando..."}},"product_cat":[82,48,196,40],"product_tag":[],"giftcard-category":[],"class_list":{"0":"post-7801","1":"product","2":"type-product","3":"status-publish","4":"has-post-thumbnail","6":"product_cat-balas-vibradoras","7":"product_cat-sabaneras","8":"product_cat-sabaneres","9":"product_cat-sabaneros","10":"desktop-align-left","11":"tablet-align-left","12":"mobile-align-left","14":"first","15":"outofstock","16":"taxable","17":"shipping-taxable","18":"purchasable","19":"product-type-variable"},"yoast_head":"<!-- This site is optimized with the Yoast SEO plugin v20.5 - https:\/\/yoast.com\/wordpress\/plugins\/seo\/ -->\n<title>Bala vibradora recargable - sexshopbajolassabanas.mx<\/title>\n<meta name=\"description\" content=\"Bala vibradora recargable port\u00e1til, juguete sexual para mujeres, hombres transexuales, wendy guevara, lesbianas, juguete intimo vibrador, opten orgasmos\" \/>\n<meta name=\"robots\" content=\"index, follow, max-snippet:-1, max-image-preview:large, max-video-preview:-1\" \/>\n<link rel=\"canonical\" href=\"https:\/\/sexshopbajolassabanas.mx\/?product=bala-vibradora-recargable\" \/>\n<meta property=\"og:locale\" content=\"es_MX\" \/>\n<meta property=\"og:type\" content=\"article\" \/>\n<meta property=\"og:title\" content=\"Bala vibradora recargable - sexshopbajolassabanas.mx\" \/>\n<meta property=\"og:description\" content=\"Bala vibradora recargable port\u00e1til, juguete sexual para mujeres, hombres transexuales, wendy guevara, lesbianas, juguete intimo vibrador, opten orgasmos\" \/>\n<meta property=\"og:url\" content=\"https:\/\/sexshopbajolassabanas.mx\/?product=bala-vibradora-recargable\" \/>\n<meta property=\"og:site_name\" content=\"sexshopbajolassabanas.mx\" \/>\n<meta property=\"article:modified_time\" content=\"2025-06-03T21:03:21+00:00\" \/>\n<meta property=\"og:image\" content=\"http:\/\/sexshopbajolassabanas.mx\/wp-content\/uploads\/2023\/10\/4-3.png\" \/>\n\t<meta property=\"og:image:width\" content=\"1000\" \/>\n\t<meta property=\"og:image:height\" content=\"1000\" \/>\n\t<meta property=\"og:image:type\" content=\"image\/png\" \/>\n<meta name=\"twitter:card\" content=\"summary_large_image\" \/>\n<meta name=\"twitter:label1\" content=\"Tiempo de lectura\" \/>\n\t<meta name=\"twitter:data1\" content=\"2 minutos\" \/>\n<script type=\"application\/ld+json\" class=\"yoast-schema-graph\">{\"@context\":\"https:\/\/schema.org\",\"@graph\":[{\"@type\":\"WebPage\",\"@id\":\"https:\/\/sexshopbajolassabanas.mx\/?product=bala-vibradora-recargable\",\"url\":\"https:\/\/sexshopbajolassabanas.mx\/?product=bala-vibradora-recargable\",\"name\":\"Bala vibradora recargable - sexshopbajolassabanas.mx\",\"isPartOf\":{\"@id\":\"https:\/\/sexshopbajolassabanas.mx\/#website\"},\"datePublished\":\"2023-10-27T17:44:22+00:00\",\"dateModified\":\"2025-06-03T21:03:21+00:00\",\"description\":\"Bala vibradora recargable port\u00e1til, juguete sexual para mujeres, hombres transexuales, wendy guevara, lesbianas, juguete intimo vibrador, opten orgasmos\",\"breadcrumb\":{\"@id\":\"https:\/\/sexshopbajolassabanas.mx\/?product=bala-vibradora-recargable#breadcrumb\"},\"inLanguage\":\"es\",\"potentialAction\":[{\"@type\":\"ReadAction\",\"target\":[\"https:\/\/sexshopbajolassabanas.mx\/?product=bala-vibradora-recargable\"]}]},{\"@type\":\"BreadcrumbList\",\"@id\":\"https:\/\/sexshopbajolassabanas.mx\/?product=bala-vibradora-recargable#breadcrumb\",\"itemListElement\":[{\"@type\":\"ListItem\",\"position\":1,\"name\":\"Inicio\",\"item\":\"https:\/\/sexshopbajolassabanas.mx\/\"},{\"@type\":\"ListItem\",\"position\":2,\"name\":\"Tienda\",\"item\":\"https:\/\/sexshopbajolassabanas.mx\/?page_id=38\"},{\"@type\":\"ListItem\",\"position\":3,\"name\":\"Bala vibradora recargable\"}]},{\"@type\":\"WebSite\",\"@id\":\"https:\/\/sexshopbajolassabanas.mx\/#website\",\"url\":\"https:\/\/sexshopbajolassabanas.mx\/\",\"name\":\"sexshopbajolassabanas.mx\",\"description\":\"Sex Shop Bajo Las Sabanas\",\"publisher\":{\"@id\":\"https:\/\/sexshopbajolassabanas.mx\/#organization\"},\"potentialAction\":[{\"@type\":\"SearchAction\",\"target\":{\"@type\":\"EntryPoint\",\"urlTemplate\":\"https:\/\/sexshopbajolassabanas.mx\/?s={search_term_string}\"},\"query-input\":\"required name=search_term_string\"}],\"inLanguage\":\"es\"},{\"@type\":\"Organization\",\"@id\":\"https:\/\/sexshopbajolassabanas.mx\/#organization\",\"name\":\"sexshopbajolassabanas.mx\",\"url\":\"https:\/\/sexshopbajolassabanas.mx\/\",\"logo\":{\"@type\":\"ImageObject\",\"inLanguage\":\"es\",\"@id\":\"https:\/\/sexshopbajolassabanas.mx\/#\/schema\/logo\/image\/\",\"url\":\"https:\/\/sexshopbajolassabanas.mx\/wp-content\/uploads\/2022\/08\/cropped-cropped-Sin-titulo-2_Mesa-de-trabajo-1.png\",\"contentUrl\":\"https:\/\/sexshopbajolassabanas.mx\/wp-content\/uploads\/2022\/08\/cropped-cropped-Sin-titulo-2_Mesa-de-trabajo-1.png\",\"width\":375,\"height\":375,\"caption\":\"sexshopbajolassabanas.mx\"},\"image\":{\"@id\":\"https:\/\/sexshopbajolassabanas.mx\/#\/schema\/logo\/image\/\"}}]}<\/script>\n<!-- \/ Yoast SEO plugin. -->","yoast_head_json":{"title":"Bala vibradora recargable - sexshopbajolassabanas.mx","description":"Bala vibradora recargable port\u00e1til, juguete sexual para mujeres, hombres transexuales, wendy guevara, lesbianas, juguete intimo vibrador, opten orgasmos","robots":{"index":"index","follow":"follow","max-snippet":"max-snippet:-1","max-image-preview":"max-image-preview:large","max-video-preview":"max-video-preview:-1"},"canonical":"https:\/\/sexshopbajolassabanas.mx\/?product=bala-vibradora-recargable","og_locale":"es_MX","og_type":"article","og_title":"Bala vibradora recargable - sexshopbajolassabanas.mx","og_description":"Bala vibradora recargable port\u00e1til, juguete sexual para mujeres, hombres transexuales, wendy guevara, lesbianas, juguete intimo vibrador, opten orgasmos","og_url":"https:\/\/sexshopbajolassabanas.mx\/?product=bala-vibradora-recargable","og_site_name":"sexshopbajolassabanas.mx","article_modified_time":"2025-06-03T21:03:21+00:00","og_image":[{"width":1000,"height":1000,"url":"http:\/\/sexshopbajolassabanas.mx\/wp-content\/uploads\/2023\/10\/4-3.png","type":"image\/png"}],"twitter_card":"summary_large_image","twitter_misc":{"Tiempo de lectura":"2 minutos"},"schema":{"@context":"https:\/\/schema.org","@graph":[{"@type":"WebPage","@id":"https:\/\/sexshopbajolassabanas.mx\/?product=bala-vibradora-recargable","url":"https:\/\/sexshopbajolassabanas.mx\/?product=bala-vibradora-recargable","name":"Bala vibradora recargable - sexshopbajolassabanas.mx","isPartOf":{"@id":"https:\/\/sexshopbajolassabanas.mx\/#website"},"datePublished":"2023-10-27T17:44:22+00:00","dateModified":"2025-06-03T21:03:21+00:00","description":"Bala vibradora recargable port\u00e1til, juguete sexual para mujeres, hombres transexuales, wendy guevara, lesbianas, juguete intimo vibrador, opten orgasmos","breadcrumb":{"@id":"https:\/\/sexshopbajolassabanas.mx\/?product=bala-vibradora-recargable#breadcrumb"},"inLanguage":"es","potentialAction":[{"@type":"ReadAction","target":["https:\/\/sexshopbajolassabanas.mx\/?product=bala-vibradora-recargable"]}]},{"@type":"BreadcrumbList","@id":"https:\/\/sexshopbajolassabanas.mx\/?product=bala-vibradora-recargable#breadcrumb","itemListElement":[{"@type":"ListItem","position":1,"name":"Inicio","item":"https:\/\/sexshopbajolassabanas.mx\/"},{"@type":"ListItem","position":2,"name":"Tienda","item":"https:\/\/sexshopbajolassabanas.mx\/?page_id=38"},{"@type":"ListItem","position":3,"name":"Bala vibradora recargable"}]},{"@type":"WebSite","@id":"https:\/\/sexshopbajolassabanas.mx\/#website","url":"https:\/\/sexshopbajolassabanas.mx\/","name":"sexshopbajolassabanas.mx","description":"Sex Shop Bajo Las Sabanas","publisher":{"@id":"https:\/\/sexshopbajolassabanas.mx\/#organization"},"potentialAction":[{"@type":"SearchAction","target":{"@type":"EntryPoint","urlTemplate":"https:\/\/sexshopbajolassabanas.mx\/?s={search_term_string}"},"query-input":"required name=search_term_string"}],"inLanguage":"es"},{"@type":"Organization","@id":"https:\/\/sexshopbajolassabanas.mx\/#organization","name":"sexshopbajolassabanas.mx","url":"https:\/\/sexshopbajolassabanas.mx\/","logo":{"@type":"ImageObject","inLanguage":"es","@id":"https:\/\/sexshopbajolassabanas.mx\/#\/schema\/logo\/image\/","url":"https:\/\/sexshopbajolassabanas.mx\/wp-content\/uploads\/2022\/08\/cropped-cropped-Sin-titulo-2_Mesa-de-trabajo-1.png","contentUrl":"https:\/\/sexshopbajolassabanas.mx\/wp-content\/uploads\/2022\/08\/cropped-cropped-Sin-titulo-2_Mesa-de-trabajo-1.png","width":375,"height":375,"caption":"sexshopbajolassabanas.mx"},"image":{"@id":"https:\/\/sexshopbajolassabanas.mx\/#\/schema\/logo\/image\/"}}]}},"_links":{"self":[{"href":"https:\/\/sexshopbajolassabanas.mx\/index.php?rest_route=\/wp\/v2\/product\/7801","targetHints":{"allow":["GET"]}}],"collection":[{"href":"https:\/\/sexshopbajolassabanas.mx\/index.php?rest_route=\/wp\/v2\/product"}],"about":[{"href":"https:\/\/sexshopbajolassabanas.mx\/index.php?rest_route=\/wp\/v2\/types\/product"}],"replies":[{"embeddable":true,"href":"https:\/\/sexshopbajolassabanas.mx\/index.php?rest_route=%2Fwp%2Fv2%2Fcomments&post=7801"}],"version-history":[{"count":1,"href":"https:\/\/sexshopbajolassabanas.mx\/index.php?rest_route=\/wp\/v2\/product\/7801\/revisions"}],"predecessor-version":[{"id":7812,"href":"https:\/\/sexshopbajolassabanas.mx\/index.php?rest_route=\/wp\/v2\/product\/7801\/revisions\/7812"}],"wp:featuredmedia":[{"embeddable":true,"href":"https:\/\/sexshopbajolassabanas.mx\/index.php?rest_route=\/wp\/v2\/media\/7805"}],"wp:attachment":[{"href":"https:\/\/sexshopbajolassabanas.mx\/index.php?rest_route=%2Fwp%2Fv2%2Fmedia&parent=7801"}],"wp:term":[{"taxonomy":"product_cat","embeddable":true,"href":"https:\/\/sexshopbajolassabanas.mx\/index.php?rest_route=%2Fwp%2Fv2%2Fproduct_cat&post=7801"},{"taxonomy":"product_tag","embeddable":true,"href":"https:\/\/sexshopbajolassabanas.mx\/index.php?rest_route=%2Fwp%2Fv2%2Fproduct_tag&post=7801"},{"taxonomy":"giftcard-category","embeddable":true,"href":"https:\/\/sexshopbajolassabanas.mx\/index.php?rest_route=%2Fwp%2Fv2%2Fgiftcard-category&post=7801"}],"curies":[{"name":"wp","href":"https:\/\/api.w.org\/{rel}","templated":true}]}}