{"id":7851,"date":"2023-11-23T04:55:07","date_gmt":"2023-11-23T04:55:07","guid":{"rendered":"https:\/\/sexshopbajolassabanas.mx\/?post_type=product&#038;p=7851"},"modified":"2023-11-29T22:40:24","modified_gmt":"2023-11-29T22:40:24","slug":"lubricante-anal-tout-temps","status":"publish","type":"product","link":"https:\/\/sexshopbajolassabanas.mx\/?product=lubricante-anal-tout-temps","title":{"rendered":"Lubricante anal Tout Temps"},"content":{"rendered":"<h3><span style=\"color: #ff00ff;\"><b>\u00a1Disfruta del sexo anal como nunca, lubricante anal con textura de seda!<\/b><\/span><\/h3>\n<p><a href=\"https:\/\/sexshopbajolassabanas.mx\/?product_cat=sabaneros\">Sabaneros<\/a>, <a href=\"https:\/\/sexshopbajolassabanas.mx\/?product_cat=sabaneras\">sabaneras<\/a> y sabaneres, siempre intentando explorar y cambiar la rutina en tu intimidad, tanto que nos han hablado de lo rico que es el sexo anal que queremos experimentarlo y practicarlo en nuestra vida intimida, debes de saber que el ano no lubrica para nada y es muy imprescindible que lo ayudemos con el lubricante de tu preferencia, te presento este lubricante anal, dise\u00f1ado para facilitar la penetraci\u00f3n anal ya que su textura es de seda lo que permite deslizarse muy f\u00e1cilmente y \u00a0te llena de placer, lo que permitir\u00e1 estar segura y seguro al tener esta practica sexual.<\/p>\n<p>Este lubricante,\u00a0es un b\u00e1sico que no puede fallar para tus momentos \u00edntimos, recuerda que todos los sex\u00f3logos recomiendan el uso de lubricantes en los encuentros sexuales. Compatible con cualquier tipo de piel te permitir\u00e1 disfrutar de las relaciones sexuales sin dolor, sin roces, ni fricci\u00f3n.<\/p>\n<p>Ademas este <a href=\"https:\/\/sexshopbajolassabanas.mx\/?product_cat=lubricantes-anales\">lubricante anal<\/a> no mancha y no te deja una sensaci\u00f3n grasosa.Disfruta de una experiencia llena de placer y alcanza el \u00e9xtasis con sensaciones \u00fanicas.<\/p>\n<p>Descubre y vive nuevas experiencias con la confianza de que <a href=\"https:\/\/sexshopbajolassabanas.mx\/\">Bajo las Sabanas<\/a> cuida de ti<\/p>\n<p><b>Presentaci\u00f3n:<\/b> Botella de 60 mililitros con olor a chocolate o sandia.<\/p>\n<p><b>Tipo de Lubricante:<\/b><a href=\"https:\/\/sexshopbajolassabanas.mx\/?product_cat=lubricantes\"> Lubricante<\/a> para sexo anal.<\/p>\n<p><b>Forma de uso<\/b><b>: <\/b>Para utilizar este lub aplica generosamente en el \u00e1rea minutos antes de la penetraci\u00f3n y estimular.<\/p>\n<p><b>Cuidados:<\/b> Cons\u00e9rvese cerrado en un lugar fresco no mayor a 30\u00ba. Prot\u00e9jase de la luz solar y el polvo con una bolsa hipoalerg\u00e9nica. Atenci\u00f3n: si hay irritaci\u00f3n, deja de usarlo y consulta a tu doctor\/a. Este producto no es anticonceptivo y no contiene espermicidas.<\/p>\n","protected":false},"excerpt":{"rendered":"<h3><strong><span style=\"color: #cc99ff;\">Lubricante anal\u00a0<\/span><\/strong><\/h3>\n<p>Es un b\u00e1sico que no puede fallar para tus momentos \u00edntimos, recuerda que todos los sexologos recomiendan el uso de lubricantes en los encuentros sexuales.<\/p>\n","protected":false},"featured_media":7860,"comment_status":"open","ping_status":"closed","template":"","meta":{"om_disable_all_campaigns":false,"site-sidebar-layout":"default","site-content-layout":"default","ast-site-content-layout":"","site-content-style":"default","site-sidebar-style":"default","ast-global-header-display":"","ast-banner-title-visibility":"","ast-main-header-display":"","ast-hfb-above-header-display":"disabled","ast-hfb-below-header-display":"","ast-hfb-mobile-header-display":"","site-post-title":"","ast-breadcrumbs-content":"","ast-featured-img":"","footer-sml-layout":"","theme-transparent-header-meta":"default","adv-header-id-meta":"","stick-header-meta":"","header-above-stick-meta":"","header-main-stick-meta":"","header-below-stick-meta":"","astra-migrate-meta-layouts":"default","ast-page-background-enabled":"default","ast-page-background-meta":{"desktop":{"background-color":"","background-image":"","background-repeat":"repeat","background-position":"center center","background-size":"auto","background-attachment":"scroll","background-type":"","background-media":"","overlay-type":"","overlay-color":"","overlay-opacity":"","overlay-gradient":""},"tablet":{"background-color":"","background-image":"","background-repeat":"repeat","background-position":"center center","background-size":"auto","background-attachment":"scroll","background-type":"","background-media":"","overlay-type":"","overlay-color":"","overlay-opacity":"","overlay-gradient":""},"mobile":{"background-color":"","background-image":"","background-repeat":"repeat","background-position":"center center","background-size":"auto","background-attachment":"scroll","background-type":"","background-media":"","overlay-type":"","overlay-color":"","overlay-opacity":"","overlay-gradient":""}},"ast-content-background-meta":{"desktop":{"background-color":"var(--ast-global-color-5)","background-image":"","background-repeat":"repeat","background-position":"center center","background-size":"auto","background-attachment":"scroll","background-type":"","background-media":"","overlay-type":"","overlay-color":"","overlay-opacity":"","overlay-gradient":""},"tablet":{"background-color":"var(--ast-global-color-5)","background-image":"","background-repeat":"repeat","background-position":"center center","background-size":"auto","background-attachment":"scroll","background-type":"","background-media":"","overlay-type":"","overlay-color":"","overlay-opacity":"","overlay-gradient":""},"mobile":{"background-color":"var(--ast-global-color-5)","background-image":"","background-repeat":"repeat","background-position":"center center","background-size":"auto","background-attachment":"scroll","background-type":"","background-media":"","overlay-type":"","overlay-color":"","overlay-opacity":"","overlay-gradient":""}},"_joinchat":{"message_send":"Hola... Estoy buscando..."}},"product_cat":[74,160],"product_tag":[],"giftcard-category":[],"class_list":{"0":"post-7851","1":"product","2":"type-product","3":"status-publish","4":"has-post-thumbnail","6":"product_cat-lubricantes","7":"product_cat-lubricantes-anales","8":"desktop-align-left","9":"tablet-align-left","10":"mobile-align-left","12":"first","13":"instock","14":"taxable","15":"shipping-taxable","16":"purchasable","17":"product-type-simple"},"yoast_head":"<!-- This site is optimized with the Yoast SEO plugin v20.5 - https:\/\/yoast.com\/wordpress\/plugins\/seo\/ -->\n<title>Lubricante anal Tout Temps - sexshopbajolassabanas.mx<\/title>\n<meta name=\"description\" content=\"Lubricante anal, para acto sexual anal, penetraci\u00f3n anal, lubricante para hombres, mujeres, gays, lesbianas, lubrica tus zonas intimas\" \/>\n<meta name=\"robots\" content=\"index, follow, max-snippet:-1, max-image-preview:large, max-video-preview:-1\" \/>\n<link rel=\"canonical\" href=\"https:\/\/sexshopbajolassabanas.mx\/?product=lubricante-anal-tout-temps\" \/>\n<meta property=\"og:locale\" content=\"es_MX\" \/>\n<meta property=\"og:type\" content=\"article\" \/>\n<meta property=\"og:title\" content=\"Lubricante anal Tout Temps - sexshopbajolassabanas.mx\" \/>\n<meta property=\"og:description\" content=\"Lubricante anal, para acto sexual anal, penetraci\u00f3n anal, lubricante para hombres, mujeres, gays, lesbianas, lubrica tus zonas intimas\" \/>\n<meta property=\"og:url\" content=\"https:\/\/sexshopbajolassabanas.mx\/?product=lubricante-anal-tout-temps\" \/>\n<meta property=\"og:site_name\" content=\"sexshopbajolassabanas.mx\" \/>\n<meta property=\"article:modified_time\" content=\"2023-11-29T22:40:24+00:00\" \/>\n<meta property=\"og:image\" content=\"http:\/\/sexshopbajolassabanas.mx\/wp-content\/uploads\/2023\/11\/2.png\" \/>\n\t<meta property=\"og:image:width\" content=\"1000\" \/>\n\t<meta property=\"og:image:height\" content=\"1000\" \/>\n\t<meta property=\"og:image:type\" content=\"image\/png\" \/>\n<meta name=\"twitter:card\" content=\"summary_large_image\" \/>\n<meta name=\"twitter:label1\" content=\"Tiempo de lectura\" \/>\n\t<meta name=\"twitter:data1\" content=\"2 minutos\" \/>\n<script type=\"application\/ld+json\" class=\"yoast-schema-graph\">{\"@context\":\"https:\/\/schema.org\",\"@graph\":[{\"@type\":\"WebPage\",\"@id\":\"https:\/\/sexshopbajolassabanas.mx\/?product=lubricante-anal-tout-temps\",\"url\":\"https:\/\/sexshopbajolassabanas.mx\/?product=lubricante-anal-tout-temps\",\"name\":\"Lubricante anal Tout Temps - sexshopbajolassabanas.mx\",\"isPartOf\":{\"@id\":\"https:\/\/sexshopbajolassabanas.mx\/#website\"},\"datePublished\":\"2023-11-23T04:55:07+00:00\",\"dateModified\":\"2023-11-29T22:40:24+00:00\",\"description\":\"Lubricante anal, para acto sexual anal, penetraci\u00f3n anal, lubricante para hombres, mujeres, gays, lesbianas, lubrica tus zonas intimas\",\"breadcrumb\":{\"@id\":\"https:\/\/sexshopbajolassabanas.mx\/?product=lubricante-anal-tout-temps#breadcrumb\"},\"inLanguage\":\"es\",\"potentialAction\":[{\"@type\":\"ReadAction\",\"target\":[\"https:\/\/sexshopbajolassabanas.mx\/?product=lubricante-anal-tout-temps\"]}]},{\"@type\":\"BreadcrumbList\",\"@id\":\"https:\/\/sexshopbajolassabanas.mx\/?product=lubricante-anal-tout-temps#breadcrumb\",\"itemListElement\":[{\"@type\":\"ListItem\",\"position\":1,\"name\":\"Inicio\",\"item\":\"https:\/\/sexshopbajolassabanas.mx\/\"},{\"@type\":\"ListItem\",\"position\":2,\"name\":\"Tienda\",\"item\":\"https:\/\/sexshopbajolassabanas.mx\/?page_id=38\"},{\"@type\":\"ListItem\",\"position\":3,\"name\":\"Lubricante anal Tout Temps\"}]},{\"@type\":\"WebSite\",\"@id\":\"https:\/\/sexshopbajolassabanas.mx\/#website\",\"url\":\"https:\/\/sexshopbajolassabanas.mx\/\",\"name\":\"sexshopbajolassabanas.mx\",\"description\":\"Sex Shop Bajo Las Sabanas\",\"publisher\":{\"@id\":\"https:\/\/sexshopbajolassabanas.mx\/#organization\"},\"potentialAction\":[{\"@type\":\"SearchAction\",\"target\":{\"@type\":\"EntryPoint\",\"urlTemplate\":\"https:\/\/sexshopbajolassabanas.mx\/?s={search_term_string}\"},\"query-input\":\"required name=search_term_string\"}],\"inLanguage\":\"es\"},{\"@type\":\"Organization\",\"@id\":\"https:\/\/sexshopbajolassabanas.mx\/#organization\",\"name\":\"sexshopbajolassabanas.mx\",\"url\":\"https:\/\/sexshopbajolassabanas.mx\/\",\"logo\":{\"@type\":\"ImageObject\",\"inLanguage\":\"es\",\"@id\":\"https:\/\/sexshopbajolassabanas.mx\/#\/schema\/logo\/image\/\",\"url\":\"https:\/\/sexshopbajolassabanas.mx\/wp-content\/uploads\/2022\/08\/cropped-cropped-Sin-titulo-2_Mesa-de-trabajo-1.png\",\"contentUrl\":\"https:\/\/sexshopbajolassabanas.mx\/wp-content\/uploads\/2022\/08\/cropped-cropped-Sin-titulo-2_Mesa-de-trabajo-1.png\",\"width\":375,\"height\":375,\"caption\":\"sexshopbajolassabanas.mx\"},\"image\":{\"@id\":\"https:\/\/sexshopbajolassabanas.mx\/#\/schema\/logo\/image\/\"}}]}<\/script>\n<!-- \/ Yoast SEO plugin. -->","yoast_head_json":{"title":"Lubricante anal Tout Temps - sexshopbajolassabanas.mx","description":"Lubricante anal, para acto sexual anal, penetraci\u00f3n anal, lubricante para hombres, mujeres, gays, lesbianas, lubrica tus zonas intimas","robots":{"index":"index","follow":"follow","max-snippet":"max-snippet:-1","max-image-preview":"max-image-preview:large","max-video-preview":"max-video-preview:-1"},"canonical":"https:\/\/sexshopbajolassabanas.mx\/?product=lubricante-anal-tout-temps","og_locale":"es_MX","og_type":"article","og_title":"Lubricante anal Tout Temps - sexshopbajolassabanas.mx","og_description":"Lubricante anal, para acto sexual anal, penetraci\u00f3n anal, lubricante para hombres, mujeres, gays, lesbianas, lubrica tus zonas intimas","og_url":"https:\/\/sexshopbajolassabanas.mx\/?product=lubricante-anal-tout-temps","og_site_name":"sexshopbajolassabanas.mx","article_modified_time":"2023-11-29T22:40:24+00:00","og_image":[{"width":1000,"height":1000,"url":"http:\/\/sexshopbajolassabanas.mx\/wp-content\/uploads\/2023\/11\/2.png","type":"image\/png"}],"twitter_card":"summary_large_image","twitter_misc":{"Tiempo de lectura":"2 minutos"},"schema":{"@context":"https:\/\/schema.org","@graph":[{"@type":"WebPage","@id":"https:\/\/sexshopbajolassabanas.mx\/?product=lubricante-anal-tout-temps","url":"https:\/\/sexshopbajolassabanas.mx\/?product=lubricante-anal-tout-temps","name":"Lubricante anal Tout Temps - sexshopbajolassabanas.mx","isPartOf":{"@id":"https:\/\/sexshopbajolassabanas.mx\/#website"},"datePublished":"2023-11-23T04:55:07+00:00","dateModified":"2023-11-29T22:40:24+00:00","description":"Lubricante anal, para acto sexual anal, penetraci\u00f3n anal, lubricante para hombres, mujeres, gays, lesbianas, lubrica tus zonas intimas","breadcrumb":{"@id":"https:\/\/sexshopbajolassabanas.mx\/?product=lubricante-anal-tout-temps#breadcrumb"},"inLanguage":"es","potentialAction":[{"@type":"ReadAction","target":["https:\/\/sexshopbajolassabanas.mx\/?product=lubricante-anal-tout-temps"]}]},{"@type":"BreadcrumbList","@id":"https:\/\/sexshopbajolassabanas.mx\/?product=lubricante-anal-tout-temps#breadcrumb","itemListElement":[{"@type":"ListItem","position":1,"name":"Inicio","item":"https:\/\/sexshopbajolassabanas.mx\/"},{"@type":"ListItem","position":2,"name":"Tienda","item":"https:\/\/sexshopbajolassabanas.mx\/?page_id=38"},{"@type":"ListItem","position":3,"name":"Lubricante anal Tout Temps"}]},{"@type":"WebSite","@id":"https:\/\/sexshopbajolassabanas.mx\/#website","url":"https:\/\/sexshopbajolassabanas.mx\/","name":"sexshopbajolassabanas.mx","description":"Sex Shop Bajo Las Sabanas","publisher":{"@id":"https:\/\/sexshopbajolassabanas.mx\/#organization"},"potentialAction":[{"@type":"SearchAction","target":{"@type":"EntryPoint","urlTemplate":"https:\/\/sexshopbajolassabanas.mx\/?s={search_term_string}"},"query-input":"required name=search_term_string"}],"inLanguage":"es"},{"@type":"Organization","@id":"https:\/\/sexshopbajolassabanas.mx\/#organization","name":"sexshopbajolassabanas.mx","url":"https:\/\/sexshopbajolassabanas.mx\/","logo":{"@type":"ImageObject","inLanguage":"es","@id":"https:\/\/sexshopbajolassabanas.mx\/#\/schema\/logo\/image\/","url":"https:\/\/sexshopbajolassabanas.mx\/wp-content\/uploads\/2022\/08\/cropped-cropped-Sin-titulo-2_Mesa-de-trabajo-1.png","contentUrl":"https:\/\/sexshopbajolassabanas.mx\/wp-content\/uploads\/2022\/08\/cropped-cropped-Sin-titulo-2_Mesa-de-trabajo-1.png","width":375,"height":375,"caption":"sexshopbajolassabanas.mx"},"image":{"@id":"https:\/\/sexshopbajolassabanas.mx\/#\/schema\/logo\/image\/"}}]}},"_links":{"self":[{"href":"https:\/\/sexshopbajolassabanas.mx\/index.php?rest_route=\/wp\/v2\/product\/7851","targetHints":{"allow":["GET"]}}],"collection":[{"href":"https:\/\/sexshopbajolassabanas.mx\/index.php?rest_route=\/wp\/v2\/product"}],"about":[{"href":"https:\/\/sexshopbajolassabanas.mx\/index.php?rest_route=\/wp\/v2\/types\/product"}],"replies":[{"embeddable":true,"href":"https:\/\/sexshopbajolassabanas.mx\/index.php?rest_route=%2Fwp%2Fv2%2Fcomments&post=7851"}],"version-history":[{"count":1,"href":"https:\/\/sexshopbajolassabanas.mx\/index.php?rest_route=\/wp\/v2\/product\/7851\/revisions"}],"predecessor-version":[{"id":7856,"href":"https:\/\/sexshopbajolassabanas.mx\/index.php?rest_route=\/wp\/v2\/product\/7851\/revisions\/7856"}],"wp:featuredmedia":[{"embeddable":true,"href":"https:\/\/sexshopbajolassabanas.mx\/index.php?rest_route=\/wp\/v2\/media\/7860"}],"wp:attachment":[{"href":"https:\/\/sexshopbajolassabanas.mx\/index.php?rest_route=%2Fwp%2Fv2%2Fmedia&parent=7851"}],"wp:term":[{"taxonomy":"product_cat","embeddable":true,"href":"https:\/\/sexshopbajolassabanas.mx\/index.php?rest_route=%2Fwp%2Fv2%2Fproduct_cat&post=7851"},{"taxonomy":"product_tag","embeddable":true,"href":"https:\/\/sexshopbajolassabanas.mx\/index.php?rest_route=%2Fwp%2Fv2%2Fproduct_tag&post=7851"},{"taxonomy":"giftcard-category","embeddable":true,"href":"https:\/\/sexshopbajolassabanas.mx\/index.php?rest_route=%2Fwp%2Fv2%2Fgiftcard-category&post=7851"}],"curies":[{"name":"wp","href":"https:\/\/api.w.org\/{rel}","templated":true}]}}