{"id":7877,"date":"2023-11-24T00:57:44","date_gmt":"2023-11-24T00:57:44","guid":{"rendered":"https:\/\/sexshopbajolassabanas.mx\/?post_type=product&#038;p=7877"},"modified":"2025-01-09T19:36:13","modified_gmt":"2025-01-09T19:36:13","slug":"multiorgasmico-juguete-spicy","status":"publish","type":"product","link":"https:\/\/sexshopbajolassabanas.mx\/?product=multiorgasmico-juguete-spicy","title":{"rendered":"Multiorg\u00e1smico juguete spicy"},"content":{"rendered":"<h3><span style=\"color: #993366;\"><b>\u00a1Multiorg\u00e1smico juguete con doble motor!<\/b><\/span><\/h3>\n<p><span style=\"font-weight: 400;\">Este <\/span><span style=\"font-weight: 400;\">multiorg\u00e1smico juguete, es incre\u00edble<\/span><span style=\"font-weight: 400;\">\u00a0disfruta desde que comienza la penetraci\u00f3n, tiene en su tronco unas protuberancias delicadas que van a distribuir perfectamente la vibraci\u00f3n y har\u00e1n palpitar tu canal vaginal.\u00a0<\/span><\/p>\n<p><span style=\"font-weight: 400;\">Silicona de alta calidad-con una silicona suave, se siente sedosa, crea un deslizamiento f\u00e1cil contra la piel, especialmente cuando se utiliza junto con un lubricante a base de agua.<\/span><\/p>\n<p><span style=\"font-weight: 400;\">Y te encantar\u00e1n las otras propiedades de la silicona, como su alto factor de higiene que viene de una superficie no porosa que no permitir\u00e1 que las bacterias crezcan.<\/span><\/p>\n<p><span style=\"font-weight: 400;\">El multiorg\u00e1smico juguete<\/span><span style=\"font-weight: 400;\">\u00a0tiene 2 motores con 10 modos: Los 2 motores controlan un total de 20 vibraciones. Sus orejas de conejo traviesas simulan tu deseo, y la varita satisface a tu cuerpo como un pene real. El uso combinado te traer\u00e1 una sorpresa inesperada.<\/span><\/p>\n<p><span style=\"font-weight: 400;\">Este<\/span> <b>rabbit vibrador<\/b><span style=\"font-weight: 400;\"> Totalmente resistente al agua, no seas t\u00edmida al llevar este conejo al ba\u00f1o o la ducha contigo, ya que es completamente impermeable y sumergible.<\/span><\/p>\n<p>20 vibraciones<\/p>\n<p>8 niveles de intensidad<\/p>\n<p>Sumergible al agua<\/p>\n<p>Silicona<\/p>\n<p>Recargable<\/p>\n<p><b>Presentaci\u00f3n:<\/b><span style=\"font-weight: 400;\"> 22 cm x 14 cm insertables , 3.6 cm de di\u00e1metro , rabbit externo 2.4 de di\u00e1metro<\/span><\/p>\n<p><b>Forma de uso:<\/b><span style=\"font-weight: 400;\"> USB recargable: Conecte el cable USB proporcionado al puerto de carga para recargar su pasi\u00f3n en 1,5 horas.<\/span><\/p>\n<p><span style=\"font-weight: 400;\">Emoci\u00f3n con hasta 60 minutos de placer vibratorio. Para controlar la estimulaci\u00f3n sin esfuerzo, la elegante almohadilla de control de 2 botones le permite operar de forma independiente las opciones de vibraci\u00f3n y golpes.<\/span><\/p>\n<p><b>Cuidados:<\/b><span style=\"font-weight: 400;\">La <a href=\"https:\/\/sexshopbajolassabanas.mx\/?product_cat=limpieza-e-higiene\">limpieza<\/a> es muy f\u00e1cil despu\u00e9s de la diversi\u00f3n con nuestro shampoo limpiador antibacterial\u00a0 y agua tibia.<\/span><\/p>\n","protected":false},"excerpt":{"rendered":"<h4><span style=\"color: #ff99cc;\"><strong>Multiorg\u00e1smico juguete spicy<\/strong><\/span><\/h4>\n<p>20 vibraciones<\/p>\n<p>8 niveles de intensidad<\/p>\n<p>Sumergible al agua<\/p>\n<p>Silicona<\/p>\n<p>Recargable<\/p>\n","protected":false},"featured_media":7879,"comment_status":"open","ping_status":"closed","template":"","meta":{"om_disable_all_campaigns":false,"site-sidebar-layout":"default","site-content-layout":"default","ast-site-content-layout":"default","site-content-style":"default","site-sidebar-style":"default","ast-global-header-display":"","ast-banner-title-visibility":"","ast-main-header-display":"","ast-hfb-above-header-display":"disabled","ast-hfb-below-header-display":"","ast-hfb-mobile-header-display":"","site-post-title":"","ast-breadcrumbs-content":"","ast-featured-img":"","footer-sml-layout":"","theme-transparent-header-meta":"default","adv-header-id-meta":"","stick-header-meta":"","header-above-stick-meta":"","header-main-stick-meta":"","header-below-stick-meta":"","astra-migrate-meta-layouts":"set","ast-page-background-enabled":"default","ast-page-background-meta":{"desktop":{"background-color":"","background-image":"","background-repeat":"repeat","background-position":"center center","background-size":"auto","background-attachment":"scroll","background-type":"","background-media":"","overlay-type":"","overlay-color":"","overlay-opacity":"","overlay-gradient":""},"tablet":{"background-color":"","background-image":"","background-repeat":"repeat","background-position":"center center","background-size":"auto","background-attachment":"scroll","background-type":"","background-media":"","overlay-type":"","overlay-color":"","overlay-opacity":"","overlay-gradient":""},"mobile":{"background-color":"","background-image":"","background-repeat":"repeat","background-position":"center center","background-size":"auto","background-attachment":"scroll","background-type":"","background-media":"","overlay-type":"","overlay-color":"","overlay-opacity":"","overlay-gradient":""}},"ast-content-background-meta":{"desktop":{"background-color":"var(--ast-global-color-5)","background-image":"","background-repeat":"repeat","background-position":"center center","background-size":"auto","background-attachment":"scroll","background-type":"","background-media":"","overlay-type":"","overlay-color":"","overlay-opacity":"","overlay-gradient":""},"tablet":{"background-color":"var(--ast-global-color-5)","background-image":"","background-repeat":"repeat","background-position":"center center","background-size":"auto","background-attachment":"scroll","background-type":"","background-media":"","overlay-type":"","overlay-color":"","overlay-opacity":"","overlay-gradient":""},"mobile":{"background-color":"var(--ast-global-color-5)","background-image":"","background-repeat":"repeat","background-position":"center center","background-size":"auto","background-attachment":"scroll","background-type":"","background-media":"","overlay-type":"","overlay-color":"","overlay-opacity":"","overlay-gradient":""}},"_joinchat":[]},"product_cat":[72,48,196],"product_tag":[],"giftcard-category":[],"class_list":{"0":"post-7877","1":"product","2":"type-product","3":"status-publish","4":"has-post-thumbnail","6":"product_cat-multiorgasmicos","7":"product_cat-sabaneras","8":"product_cat-sabaneres","9":"desktop-align-left","10":"tablet-align-left","11":"mobile-align-left","13":"first","14":"outofstock","15":"taxable","16":"shipping-taxable","17":"purchasable","18":"product-type-variable"},"yoast_head":"<!-- This site is optimized with the Yoast SEO plugin v20.5 - https:\/\/yoast.com\/wordpress\/plugins\/seo\/ -->\n<title>Multiorg\u00e1smico juguete spicy - sexshopbajolassabanas.mx<\/title>\n<meta name=\"description\" content=\"Multiorg\u00e1smico juguete sexual para penetraci\u00f3n vaginal, juguete intimo vibrador, deseo sexual,juguetes sexuales para parejas y jugar solos\" \/>\n<meta name=\"robots\" content=\"index, follow, max-snippet:-1, max-image-preview:large, max-video-preview:-1\" \/>\n<link rel=\"canonical\" href=\"https:\/\/sexshopbajolassabanas.mx\/?product=multiorgasmico-juguete-spicy\" \/>\n<meta property=\"og:locale\" content=\"es_MX\" \/>\n<meta property=\"og:type\" content=\"article\" \/>\n<meta property=\"og:title\" content=\"Multiorg\u00e1smico juguete spicy - sexshopbajolassabanas.mx\" \/>\n<meta property=\"og:description\" content=\"Multiorg\u00e1smico juguete sexual para penetraci\u00f3n vaginal, juguete intimo vibrador, deseo sexual,juguetes sexuales para parejas y jugar solos\" \/>\n<meta property=\"og:url\" content=\"https:\/\/sexshopbajolassabanas.mx\/?product=multiorgasmico-juguete-spicy\" \/>\n<meta property=\"og:site_name\" content=\"sexshopbajolassabanas.mx\" \/>\n<meta property=\"article:modified_time\" content=\"2025-01-09T19:36:13+00:00\" \/>\n<meta property=\"og:image\" content=\"http:\/\/sexshopbajolassabanas.mx\/wp-content\/uploads\/2023\/11\/2-1.png\" \/>\n\t<meta property=\"og:image:width\" content=\"1000\" \/>\n\t<meta property=\"og:image:height\" content=\"1000\" \/>\n\t<meta property=\"og:image:type\" content=\"image\/png\" \/>\n<meta name=\"twitter:card\" content=\"summary_large_image\" \/>\n<meta name=\"twitter:label1\" content=\"Tiempo de lectura\" \/>\n\t<meta name=\"twitter:data1\" content=\"2 minutos\" \/>\n<script type=\"application\/ld+json\" class=\"yoast-schema-graph\">{\"@context\":\"https:\/\/schema.org\",\"@graph\":[{\"@type\":\"WebPage\",\"@id\":\"https:\/\/sexshopbajolassabanas.mx\/?product=multiorgasmico-juguete-spicy\",\"url\":\"https:\/\/sexshopbajolassabanas.mx\/?product=multiorgasmico-juguete-spicy\",\"name\":\"Multiorg\u00e1smico juguete spicy - sexshopbajolassabanas.mx\",\"isPartOf\":{\"@id\":\"https:\/\/sexshopbajolassabanas.mx\/#website\"},\"datePublished\":\"2023-11-24T00:57:44+00:00\",\"dateModified\":\"2025-01-09T19:36:13+00:00\",\"description\":\"Multiorg\u00e1smico juguete sexual para penetraci\u00f3n vaginal, juguete intimo vibrador, deseo sexual,juguetes sexuales para parejas y jugar solos\",\"breadcrumb\":{\"@id\":\"https:\/\/sexshopbajolassabanas.mx\/?product=multiorgasmico-juguete-spicy#breadcrumb\"},\"inLanguage\":\"es\",\"potentialAction\":[{\"@type\":\"ReadAction\",\"target\":[\"https:\/\/sexshopbajolassabanas.mx\/?product=multiorgasmico-juguete-spicy\"]}]},{\"@type\":\"BreadcrumbList\",\"@id\":\"https:\/\/sexshopbajolassabanas.mx\/?product=multiorgasmico-juguete-spicy#breadcrumb\",\"itemListElement\":[{\"@type\":\"ListItem\",\"position\":1,\"name\":\"Inicio\",\"item\":\"https:\/\/sexshopbajolassabanas.mx\/\"},{\"@type\":\"ListItem\",\"position\":2,\"name\":\"Tienda\",\"item\":\"https:\/\/sexshopbajolassabanas.mx\/?page_id=38\"},{\"@type\":\"ListItem\",\"position\":3,\"name\":\"Multiorg\u00e1smico juguete spicy\"}]},{\"@type\":\"WebSite\",\"@id\":\"https:\/\/sexshopbajolassabanas.mx\/#website\",\"url\":\"https:\/\/sexshopbajolassabanas.mx\/\",\"name\":\"sexshopbajolassabanas.mx\",\"description\":\"Sex Shop Bajo Las Sabanas\",\"publisher\":{\"@id\":\"https:\/\/sexshopbajolassabanas.mx\/#organization\"},\"potentialAction\":[{\"@type\":\"SearchAction\",\"target\":{\"@type\":\"EntryPoint\",\"urlTemplate\":\"https:\/\/sexshopbajolassabanas.mx\/?s={search_term_string}\"},\"query-input\":\"required name=search_term_string\"}],\"inLanguage\":\"es\"},{\"@type\":\"Organization\",\"@id\":\"https:\/\/sexshopbajolassabanas.mx\/#organization\",\"name\":\"sexshopbajolassabanas.mx\",\"url\":\"https:\/\/sexshopbajolassabanas.mx\/\",\"logo\":{\"@type\":\"ImageObject\",\"inLanguage\":\"es\",\"@id\":\"https:\/\/sexshopbajolassabanas.mx\/#\/schema\/logo\/image\/\",\"url\":\"https:\/\/sexshopbajolassabanas.mx\/wp-content\/uploads\/2022\/08\/cropped-cropped-Sin-titulo-2_Mesa-de-trabajo-1.png\",\"contentUrl\":\"https:\/\/sexshopbajolassabanas.mx\/wp-content\/uploads\/2022\/08\/cropped-cropped-Sin-titulo-2_Mesa-de-trabajo-1.png\",\"width\":375,\"height\":375,\"caption\":\"sexshopbajolassabanas.mx\"},\"image\":{\"@id\":\"https:\/\/sexshopbajolassabanas.mx\/#\/schema\/logo\/image\/\"}}]}<\/script>\n<!-- \/ Yoast SEO plugin. -->","yoast_head_json":{"title":"Multiorg\u00e1smico juguete spicy - sexshopbajolassabanas.mx","description":"Multiorg\u00e1smico juguete sexual para penetraci\u00f3n vaginal, juguete intimo vibrador, deseo sexual,juguetes sexuales para parejas y jugar solos","robots":{"index":"index","follow":"follow","max-snippet":"max-snippet:-1","max-image-preview":"max-image-preview:large","max-video-preview":"max-video-preview:-1"},"canonical":"https:\/\/sexshopbajolassabanas.mx\/?product=multiorgasmico-juguete-spicy","og_locale":"es_MX","og_type":"article","og_title":"Multiorg\u00e1smico juguete spicy - sexshopbajolassabanas.mx","og_description":"Multiorg\u00e1smico juguete sexual para penetraci\u00f3n vaginal, juguete intimo vibrador, deseo sexual,juguetes sexuales para parejas y jugar solos","og_url":"https:\/\/sexshopbajolassabanas.mx\/?product=multiorgasmico-juguete-spicy","og_site_name":"sexshopbajolassabanas.mx","article_modified_time":"2025-01-09T19:36:13+00:00","og_image":[{"width":1000,"height":1000,"url":"http:\/\/sexshopbajolassabanas.mx\/wp-content\/uploads\/2023\/11\/2-1.png","type":"image\/png"}],"twitter_card":"summary_large_image","twitter_misc":{"Tiempo de lectura":"2 minutos"},"schema":{"@context":"https:\/\/schema.org","@graph":[{"@type":"WebPage","@id":"https:\/\/sexshopbajolassabanas.mx\/?product=multiorgasmico-juguete-spicy","url":"https:\/\/sexshopbajolassabanas.mx\/?product=multiorgasmico-juguete-spicy","name":"Multiorg\u00e1smico juguete spicy - sexshopbajolassabanas.mx","isPartOf":{"@id":"https:\/\/sexshopbajolassabanas.mx\/#website"},"datePublished":"2023-11-24T00:57:44+00:00","dateModified":"2025-01-09T19:36:13+00:00","description":"Multiorg\u00e1smico juguete sexual para penetraci\u00f3n vaginal, juguete intimo vibrador, deseo sexual,juguetes sexuales para parejas y jugar solos","breadcrumb":{"@id":"https:\/\/sexshopbajolassabanas.mx\/?product=multiorgasmico-juguete-spicy#breadcrumb"},"inLanguage":"es","potentialAction":[{"@type":"ReadAction","target":["https:\/\/sexshopbajolassabanas.mx\/?product=multiorgasmico-juguete-spicy"]}]},{"@type":"BreadcrumbList","@id":"https:\/\/sexshopbajolassabanas.mx\/?product=multiorgasmico-juguete-spicy#breadcrumb","itemListElement":[{"@type":"ListItem","position":1,"name":"Inicio","item":"https:\/\/sexshopbajolassabanas.mx\/"},{"@type":"ListItem","position":2,"name":"Tienda","item":"https:\/\/sexshopbajolassabanas.mx\/?page_id=38"},{"@type":"ListItem","position":3,"name":"Multiorg\u00e1smico juguete spicy"}]},{"@type":"WebSite","@id":"https:\/\/sexshopbajolassabanas.mx\/#website","url":"https:\/\/sexshopbajolassabanas.mx\/","name":"sexshopbajolassabanas.mx","description":"Sex Shop Bajo Las Sabanas","publisher":{"@id":"https:\/\/sexshopbajolassabanas.mx\/#organization"},"potentialAction":[{"@type":"SearchAction","target":{"@type":"EntryPoint","urlTemplate":"https:\/\/sexshopbajolassabanas.mx\/?s={search_term_string}"},"query-input":"required name=search_term_string"}],"inLanguage":"es"},{"@type":"Organization","@id":"https:\/\/sexshopbajolassabanas.mx\/#organization","name":"sexshopbajolassabanas.mx","url":"https:\/\/sexshopbajolassabanas.mx\/","logo":{"@type":"ImageObject","inLanguage":"es","@id":"https:\/\/sexshopbajolassabanas.mx\/#\/schema\/logo\/image\/","url":"https:\/\/sexshopbajolassabanas.mx\/wp-content\/uploads\/2022\/08\/cropped-cropped-Sin-titulo-2_Mesa-de-trabajo-1.png","contentUrl":"https:\/\/sexshopbajolassabanas.mx\/wp-content\/uploads\/2022\/08\/cropped-cropped-Sin-titulo-2_Mesa-de-trabajo-1.png","width":375,"height":375,"caption":"sexshopbajolassabanas.mx"},"image":{"@id":"https:\/\/sexshopbajolassabanas.mx\/#\/schema\/logo\/image\/"}}]}},"_links":{"self":[{"href":"https:\/\/sexshopbajolassabanas.mx\/index.php?rest_route=\/wp\/v2\/product\/7877","targetHints":{"allow":["GET"]}}],"collection":[{"href":"https:\/\/sexshopbajolassabanas.mx\/index.php?rest_route=\/wp\/v2\/product"}],"about":[{"href":"https:\/\/sexshopbajolassabanas.mx\/index.php?rest_route=\/wp\/v2\/types\/product"}],"replies":[{"embeddable":true,"href":"https:\/\/sexshopbajolassabanas.mx\/index.php?rest_route=%2Fwp%2Fv2%2Fcomments&post=7877"}],"version-history":[{"count":1,"href":"https:\/\/sexshopbajolassabanas.mx\/index.php?rest_route=\/wp\/v2\/product\/7877\/revisions"}],"predecessor-version":[{"id":7885,"href":"https:\/\/sexshopbajolassabanas.mx\/index.php?rest_route=\/wp\/v2\/product\/7877\/revisions\/7885"}],"wp:featuredmedia":[{"embeddable":true,"href":"https:\/\/sexshopbajolassabanas.mx\/index.php?rest_route=\/wp\/v2\/media\/7879"}],"wp:attachment":[{"href":"https:\/\/sexshopbajolassabanas.mx\/index.php?rest_route=%2Fwp%2Fv2%2Fmedia&parent=7877"}],"wp:term":[{"taxonomy":"product_cat","embeddable":true,"href":"https:\/\/sexshopbajolassabanas.mx\/index.php?rest_route=%2Fwp%2Fv2%2Fproduct_cat&post=7877"},{"taxonomy":"product_tag","embeddable":true,"href":"https:\/\/sexshopbajolassabanas.mx\/index.php?rest_route=%2Fwp%2Fv2%2Fproduct_tag&post=7877"},{"taxonomy":"giftcard-category","embeddable":true,"href":"https:\/\/sexshopbajolassabanas.mx\/index.php?rest_route=%2Fwp%2Fv2%2Fgiftcard-category&post=7877"}],"curies":[{"name":"wp","href":"https:\/\/api.w.org\/{rel}","templated":true}]}}