{"id":7897,"date":"2023-11-29T22:59:19","date_gmt":"2023-11-29T22:59:19","guid":{"rendered":"https:\/\/sexshopbajolassabanas.mx\/?post_type=product&#038;p=7897"},"modified":"2024-05-27T06:57:49","modified_gmt":"2024-05-27T06:57:49","slug":"locion-con-feromonas-para-mujer","status":"publish","type":"product","link":"https:\/\/sexshopbajolassabanas.mx\/?product=locion-con-feromonas-para-mujer","title":{"rendered":"Loci\u00f3n con Feromonas para mujer"},"content":{"rendered":"<h3><span style=\"color: #800080;\"><b>\u00a1Loci\u00f3n con feromonas para mujer\u00a0<\/b>de alto espectro concentradas<b>!<\/b><\/span><\/h3>\n<p><span style=\"font-weight: 400;\">D\u00e9jate seducir por esta Loci\u00f3n feromonas para mujer \u00a0<\/span><span style=\"font-weight: 400;\">er\u00f3tica <\/span><span style=\"font-weight: 400;\">de <\/span><a href=\"https:\/\/sexshopbajolassabanas.mx\"><span style=\"font-weight: 400;\">Bajo las\u00a0 S\u00e1banas<\/span><\/a><span style=\"font-weight: 400;\">. Tiene <a href=\"https:\/\/sexshopbajolassabanas.mx\/?product_cat=feromonas\">\u00a0feromonas<\/a>\u00a0concentradas que se activan al rosearla en ti, en tu ropa , en tu cama y en el ambiente, al olerla tu pareja despertaran su deseo hacia ti y viceversa, que los har\u00e1n disfrutar a\u00fan mas de su intimidad.<\/span><\/p>\n<p>La loci\u00f3n con feromonas son ingrediente extra que puedes a\u00f1adir todo el tiempo en tu d\u00eda a d\u00eda, estas en el caso de la \u00a0loci\u00f3n con feromona el olor lo inhalas y se activan en ti, con la excitaci\u00f3n del momento aumentas la cachonderia y atracci\u00f3n de la persona a la que quieres atraer, te recomendamos tambi\u00e9n aplicar directo en tu cuerpo para tenerla en ti todo el d\u00eda, roc\u00eda sobre tu ropa tu cama y deja que toda la habitaci\u00f3n se inunde de el rico olor, abre tu esp\u00edritu al orgasmo.<\/p>\n<p>Ll\u00e9vate contigo esta loci\u00f3n, atreve a vivir una noche de pasi\u00f3n rom\u00e1ntica, aplica en el ambiente o al rededor del jacuzzi, deja que el momento los lleve paso a paso en el infamando del sexo y pasi\u00f3n.Producto totalmente hipoalerg\u00e9nico y noble con el medio ambiente<\/p>\n<p><b>\u00a1Disfruta de encuentros \u00edntimos, rom\u00e1nticos y apasionados con tu pareja!<\/b><\/p>\n<p><b>Presentaci\u00f3n: <\/b>1<span style=\"font-weight: 400;\">\u00a0piezas.<\/span><\/p>\n<p><b>Forma de uso<\/b><b>: <\/b><span style=\"font-weight: 400;\">Basta con presionar y dejar salir el rico aroma apl\u00edcalo directamente en tu cuello, en las mu\u00f1ecas, en tu zona intima, en tu ropa , en la \u00a0habitaci\u00f3n, o mismo en tu cama, la loci\u00f3n\u00a0<\/span><span style=\"font-weight: 400;\">er\u00f3tica <\/span><span style=\"font-weight: 400;\">para comenzar el juego con tu pareja \u00a0deja que llene de su rico aroma e invada de feromonas tus momentos de placer. <\/span><b>\u00a1Juega con tu imaginaci\u00f3n!<\/b><\/p>\n<p><b>Cuidados:<\/b><span style=\"font-weight: 400;\"> Despu\u00e9s del uso, cons\u00e9rvese cerrado en un lugar fresco no mayor a 30\u00ba. Prot\u00e9jase de la luz solar y el polvo.<\/span><\/p>\n","protected":false},"excerpt":{"rendered":"<h3 class=\"font_8\"><span style=\"color: #ff00ff;\">Feromonas de alto espectro concentradas\u00a0para\u00a0mujer<\/span><\/h3>\n<p class=\"font_8\">Estas feromonas ya se encuentran activas por lo tanto no es necesario aplicarla en la piel para activarlas con el PH Puede aplicarse en textiles y en la piel, disfruta siendo el centro de atenci\u00f3n y de atracci\u00f3n, ellos enloquecer\u00e1n por ti.<\/p>\n<p class=\"font_8\">Producto totalmente hipoalerg\u00e9nico y noble con el medio ambiente.<\/p>\n","protected":false},"featured_media":7899,"comment_status":"open","ping_status":"closed","template":"","meta":{"om_disable_all_campaigns":false,"site-sidebar-layout":"default","site-content-layout":"default","ast-site-content-layout":"","site-content-style":"default","site-sidebar-style":"default","ast-global-header-display":"","ast-banner-title-visibility":"","ast-main-header-display":"","ast-hfb-above-header-display":"disabled","ast-hfb-below-header-display":"","ast-hfb-mobile-header-display":"","site-post-title":"","ast-breadcrumbs-content":"","ast-featured-img":"","footer-sml-layout":"","theme-transparent-header-meta":"default","adv-header-id-meta":"","stick-header-meta":"","header-above-stick-meta":"","header-main-stick-meta":"","header-below-stick-meta":"","astra-migrate-meta-layouts":"default","ast-page-background-enabled":"default","ast-page-background-meta":{"desktop":{"background-color":"","background-image":"","background-repeat":"repeat","background-position":"center center","background-size":"auto","background-attachment":"scroll","background-type":"","background-media":"","overlay-type":"","overlay-color":"","overlay-opacity":"","overlay-gradient":""},"tablet":{"background-color":"","background-image":"","background-repeat":"repeat","background-position":"center center","background-size":"auto","background-attachment":"scroll","background-type":"","background-media":"","overlay-type":"","overlay-color":"","overlay-opacity":"","overlay-gradient":""},"mobile":{"background-color":"","background-image":"","background-repeat":"repeat","background-position":"center center","background-size":"auto","background-attachment":"scroll","background-type":"","background-media":"","overlay-type":"","overlay-color":"","overlay-opacity":"","overlay-gradient":""}},"ast-content-background-meta":{"desktop":{"background-color":"var(--ast-global-color-5)","background-image":"","background-repeat":"repeat","background-position":"center center","background-size":"auto","background-attachment":"scroll","background-type":"","background-media":"","overlay-type":"","overlay-color":"","overlay-opacity":"","overlay-gradient":""},"tablet":{"background-color":"var(--ast-global-color-5)","background-image":"","background-repeat":"repeat","background-position":"center center","background-size":"auto","background-attachment":"scroll","background-type":"","background-media":"","overlay-type":"","overlay-color":"","overlay-opacity":"","overlay-gradient":""},"mobile":{"background-color":"var(--ast-global-color-5)","background-image":"","background-repeat":"repeat","background-position":"center center","background-size":"auto","background-attachment":"scroll","background-type":"","background-media":"","overlay-type":"","overlay-color":"","overlay-opacity":"","overlay-gradient":""}},"_joinchat":[]},"product_cat":[78,185,193,65,228],"product_tag":[],"giftcard-category":[],"class_list":{"0":"post-7897","1":"product","2":"type-product","3":"status-publish","4":"has-post-thumbnail","6":"product_cat-escenciales","7":"product_cat-feromonas","8":"product_cat-feromonas-ella","9":"product_cat-rendimiento-sexual","10":"product_cat-rendimiento-sexual-ella","11":"desktop-align-left","12":"tablet-align-left","13":"mobile-align-left","15":"first","16":"instock","17":"taxable","18":"shipping-taxable","19":"purchasable","20":"product-type-simple"},"yoast_head":"<!-- This site is optimized with the Yoast SEO plugin v20.5 - https:\/\/yoast.com\/wordpress\/plugins\/seo\/ -->\n<title>Loci\u00f3n con Feromonas para mujer - sexshopbajolassabanas.mx<\/title>\n<meta name=\"description\" content=\"Loci\u00f3n feromonas para mujer atrae a los hombres hacia ti, seduce atrapa a el hombre, feromonas concentradas untalo en tu cuerpo\" \/>\n<meta name=\"robots\" content=\"index, follow, max-snippet:-1, max-image-preview:large, max-video-preview:-1\" \/>\n<link rel=\"canonical\" href=\"https:\/\/sexshopbajolassabanas.mx\/?product=locion-con-feromonas-para-mujer\" \/>\n<meta property=\"og:locale\" content=\"es_MX\" \/>\n<meta property=\"og:type\" content=\"article\" \/>\n<meta property=\"og:title\" content=\"Loci\u00f3n con Feromonas para mujer - sexshopbajolassabanas.mx\" \/>\n<meta property=\"og:description\" content=\"Loci\u00f3n feromonas para mujer atrae a los hombres hacia ti, seduce atrapa a el hombre, feromonas concentradas untalo en tu cuerpo\" \/>\n<meta property=\"og:url\" content=\"https:\/\/sexshopbajolassabanas.mx\/?product=locion-con-feromonas-para-mujer\" \/>\n<meta property=\"og:site_name\" content=\"sexshopbajolassabanas.mx\" \/>\n<meta property=\"article:modified_time\" content=\"2024-05-27T06:57:49+00:00\" \/>\n<meta property=\"og:image\" content=\"http:\/\/sexshopbajolassabanas.mx\/wp-content\/uploads\/2023\/11\/WhatsApp-Image-2023-11-30-at-2.01.20-PM.jpeg\" \/>\n\t<meta property=\"og:image:width\" content=\"1000\" \/>\n\t<meta property=\"og:image:height\" content=\"1000\" \/>\n\t<meta property=\"og:image:type\" content=\"image\/jpeg\" \/>\n<meta name=\"twitter:card\" content=\"summary_large_image\" \/>\n<meta name=\"twitter:label1\" content=\"Tiempo de lectura\" \/>\n\t<meta name=\"twitter:data1\" content=\"2 minutos\" \/>\n<script type=\"application\/ld+json\" class=\"yoast-schema-graph\">{\"@context\":\"https:\/\/schema.org\",\"@graph\":[{\"@type\":\"WebPage\",\"@id\":\"https:\/\/sexshopbajolassabanas.mx\/?product=locion-con-feromonas-para-mujer\",\"url\":\"https:\/\/sexshopbajolassabanas.mx\/?product=locion-con-feromonas-para-mujer\",\"name\":\"Loci\u00f3n con Feromonas para mujer - sexshopbajolassabanas.mx\",\"isPartOf\":{\"@id\":\"https:\/\/sexshopbajolassabanas.mx\/#website\"},\"datePublished\":\"2023-11-29T22:59:19+00:00\",\"dateModified\":\"2024-05-27T06:57:49+00:00\",\"description\":\"Loci\u00f3n feromonas para mujer atrae a los hombres hacia ti, seduce atrapa a el hombre, feromonas concentradas untalo en tu cuerpo\",\"breadcrumb\":{\"@id\":\"https:\/\/sexshopbajolassabanas.mx\/?product=locion-con-feromonas-para-mujer#breadcrumb\"},\"inLanguage\":\"es\",\"potentialAction\":[{\"@type\":\"ReadAction\",\"target\":[\"https:\/\/sexshopbajolassabanas.mx\/?product=locion-con-feromonas-para-mujer\"]}]},{\"@type\":\"BreadcrumbList\",\"@id\":\"https:\/\/sexshopbajolassabanas.mx\/?product=locion-con-feromonas-para-mujer#breadcrumb\",\"itemListElement\":[{\"@type\":\"ListItem\",\"position\":1,\"name\":\"Inicio\",\"item\":\"https:\/\/sexshopbajolassabanas.mx\/\"},{\"@type\":\"ListItem\",\"position\":2,\"name\":\"Tienda\",\"item\":\"https:\/\/sexshopbajolassabanas.mx\/?page_id=38\"},{\"@type\":\"ListItem\",\"position\":3,\"name\":\"Loci\u00f3n con Feromonas para mujer\"}]},{\"@type\":\"WebSite\",\"@id\":\"https:\/\/sexshopbajolassabanas.mx\/#website\",\"url\":\"https:\/\/sexshopbajolassabanas.mx\/\",\"name\":\"sexshopbajolassabanas.mx\",\"description\":\"Sex Shop Bajo Las Sabanas\",\"publisher\":{\"@id\":\"https:\/\/sexshopbajolassabanas.mx\/#organization\"},\"potentialAction\":[{\"@type\":\"SearchAction\",\"target\":{\"@type\":\"EntryPoint\",\"urlTemplate\":\"https:\/\/sexshopbajolassabanas.mx\/?s={search_term_string}\"},\"query-input\":\"required name=search_term_string\"}],\"inLanguage\":\"es\"},{\"@type\":\"Organization\",\"@id\":\"https:\/\/sexshopbajolassabanas.mx\/#organization\",\"name\":\"sexshopbajolassabanas.mx\",\"url\":\"https:\/\/sexshopbajolassabanas.mx\/\",\"logo\":{\"@type\":\"ImageObject\",\"inLanguage\":\"es\",\"@id\":\"https:\/\/sexshopbajolassabanas.mx\/#\/schema\/logo\/image\/\",\"url\":\"https:\/\/sexshopbajolassabanas.mx\/wp-content\/uploads\/2022\/08\/cropped-cropped-Sin-titulo-2_Mesa-de-trabajo-1.png\",\"contentUrl\":\"https:\/\/sexshopbajolassabanas.mx\/wp-content\/uploads\/2022\/08\/cropped-cropped-Sin-titulo-2_Mesa-de-trabajo-1.png\",\"width\":375,\"height\":375,\"caption\":\"sexshopbajolassabanas.mx\"},\"image\":{\"@id\":\"https:\/\/sexshopbajolassabanas.mx\/#\/schema\/logo\/image\/\"}}]}<\/script>\n<!-- \/ Yoast SEO plugin. -->","yoast_head_json":{"title":"Loci\u00f3n con Feromonas para mujer - sexshopbajolassabanas.mx","description":"Loci\u00f3n feromonas para mujer atrae a los hombres hacia ti, seduce atrapa a el hombre, feromonas concentradas untalo en tu cuerpo","robots":{"index":"index","follow":"follow","max-snippet":"max-snippet:-1","max-image-preview":"max-image-preview:large","max-video-preview":"max-video-preview:-1"},"canonical":"https:\/\/sexshopbajolassabanas.mx\/?product=locion-con-feromonas-para-mujer","og_locale":"es_MX","og_type":"article","og_title":"Loci\u00f3n con Feromonas para mujer - sexshopbajolassabanas.mx","og_description":"Loci\u00f3n feromonas para mujer atrae a los hombres hacia ti, seduce atrapa a el hombre, feromonas concentradas untalo en tu cuerpo","og_url":"https:\/\/sexshopbajolassabanas.mx\/?product=locion-con-feromonas-para-mujer","og_site_name":"sexshopbajolassabanas.mx","article_modified_time":"2024-05-27T06:57:49+00:00","og_image":[{"width":1000,"height":1000,"url":"http:\/\/sexshopbajolassabanas.mx\/wp-content\/uploads\/2023\/11\/WhatsApp-Image-2023-11-30-at-2.01.20-PM.jpeg","type":"image\/jpeg"}],"twitter_card":"summary_large_image","twitter_misc":{"Tiempo de lectura":"2 minutos"},"schema":{"@context":"https:\/\/schema.org","@graph":[{"@type":"WebPage","@id":"https:\/\/sexshopbajolassabanas.mx\/?product=locion-con-feromonas-para-mujer","url":"https:\/\/sexshopbajolassabanas.mx\/?product=locion-con-feromonas-para-mujer","name":"Loci\u00f3n con Feromonas para mujer - sexshopbajolassabanas.mx","isPartOf":{"@id":"https:\/\/sexshopbajolassabanas.mx\/#website"},"datePublished":"2023-11-29T22:59:19+00:00","dateModified":"2024-05-27T06:57:49+00:00","description":"Loci\u00f3n feromonas para mujer atrae a los hombres hacia ti, seduce atrapa a el hombre, feromonas concentradas untalo en tu cuerpo","breadcrumb":{"@id":"https:\/\/sexshopbajolassabanas.mx\/?product=locion-con-feromonas-para-mujer#breadcrumb"},"inLanguage":"es","potentialAction":[{"@type":"ReadAction","target":["https:\/\/sexshopbajolassabanas.mx\/?product=locion-con-feromonas-para-mujer"]}]},{"@type":"BreadcrumbList","@id":"https:\/\/sexshopbajolassabanas.mx\/?product=locion-con-feromonas-para-mujer#breadcrumb","itemListElement":[{"@type":"ListItem","position":1,"name":"Inicio","item":"https:\/\/sexshopbajolassabanas.mx\/"},{"@type":"ListItem","position":2,"name":"Tienda","item":"https:\/\/sexshopbajolassabanas.mx\/?page_id=38"},{"@type":"ListItem","position":3,"name":"Loci\u00f3n con Feromonas para mujer"}]},{"@type":"WebSite","@id":"https:\/\/sexshopbajolassabanas.mx\/#website","url":"https:\/\/sexshopbajolassabanas.mx\/","name":"sexshopbajolassabanas.mx","description":"Sex Shop Bajo Las Sabanas","publisher":{"@id":"https:\/\/sexshopbajolassabanas.mx\/#organization"},"potentialAction":[{"@type":"SearchAction","target":{"@type":"EntryPoint","urlTemplate":"https:\/\/sexshopbajolassabanas.mx\/?s={search_term_string}"},"query-input":"required name=search_term_string"}],"inLanguage":"es"},{"@type":"Organization","@id":"https:\/\/sexshopbajolassabanas.mx\/#organization","name":"sexshopbajolassabanas.mx","url":"https:\/\/sexshopbajolassabanas.mx\/","logo":{"@type":"ImageObject","inLanguage":"es","@id":"https:\/\/sexshopbajolassabanas.mx\/#\/schema\/logo\/image\/","url":"https:\/\/sexshopbajolassabanas.mx\/wp-content\/uploads\/2022\/08\/cropped-cropped-Sin-titulo-2_Mesa-de-trabajo-1.png","contentUrl":"https:\/\/sexshopbajolassabanas.mx\/wp-content\/uploads\/2022\/08\/cropped-cropped-Sin-titulo-2_Mesa-de-trabajo-1.png","width":375,"height":375,"caption":"sexshopbajolassabanas.mx"},"image":{"@id":"https:\/\/sexshopbajolassabanas.mx\/#\/schema\/logo\/image\/"}}]}},"_links":{"self":[{"href":"https:\/\/sexshopbajolassabanas.mx\/index.php?rest_route=\/wp\/v2\/product\/7897","targetHints":{"allow":["GET"]}}],"collection":[{"href":"https:\/\/sexshopbajolassabanas.mx\/index.php?rest_route=\/wp\/v2\/product"}],"about":[{"href":"https:\/\/sexshopbajolassabanas.mx\/index.php?rest_route=\/wp\/v2\/types\/product"}],"replies":[{"embeddable":true,"href":"https:\/\/sexshopbajolassabanas.mx\/index.php?rest_route=%2Fwp%2Fv2%2Fcomments&post=7897"}],"version-history":[{"count":1,"href":"https:\/\/sexshopbajolassabanas.mx\/index.php?rest_route=\/wp\/v2\/product\/7897\/revisions"}],"predecessor-version":[{"id":7910,"href":"https:\/\/sexshopbajolassabanas.mx\/index.php?rest_route=\/wp\/v2\/product\/7897\/revisions\/7910"}],"wp:featuredmedia":[{"embeddable":true,"href":"https:\/\/sexshopbajolassabanas.mx\/index.php?rest_route=\/wp\/v2\/media\/7899"}],"wp:attachment":[{"href":"https:\/\/sexshopbajolassabanas.mx\/index.php?rest_route=%2Fwp%2Fv2%2Fmedia&parent=7897"}],"wp:term":[{"taxonomy":"product_cat","embeddable":true,"href":"https:\/\/sexshopbajolassabanas.mx\/index.php?rest_route=%2Fwp%2Fv2%2Fproduct_cat&post=7897"},{"taxonomy":"product_tag","embeddable":true,"href":"https:\/\/sexshopbajolassabanas.mx\/index.php?rest_route=%2Fwp%2Fv2%2Fproduct_tag&post=7897"},{"taxonomy":"giftcard-category","embeddable":true,"href":"https:\/\/sexshopbajolassabanas.mx\/index.php?rest_route=%2Fwp%2Fv2%2Fgiftcard-category&post=7897"}],"curies":[{"name":"wp","href":"https:\/\/api.w.org\/{rel}","templated":true}]}}