{"id":7925,"date":"2023-12-01T03:18:56","date_gmt":"2023-12-01T03:18:56","guid":{"rendered":"https:\/\/sexshopbajolassabanas.mx\/?post_type=product&#038;p=7925"},"modified":"2023-12-01T04:05:45","modified_gmt":"2023-12-01T04:05:45","slug":"lubricante-vaginal-con-energetico","status":"publish","type":"product","link":"https:\/\/sexshopbajolassabanas.mx\/?product=lubricante-vaginal-con-energetico","title":{"rendered":"Lubricante Vaginal con Energ\u00e9tico"},"content":{"rendered":"<h3><span style=\"color: #ff00ff;\"><b>\u00a1Lubricante vaginal que potencializa la actividad sexual!<\/b><\/span><\/h3>\n<p>Sabaner@, ha llegado a <a href=\"https:\/\/sexshopbajolassabanas.mx\/\">Bajo las\u00a0 S\u00e1banas<\/a> este lubricante vaginal, Este lubricante esta dise\u00f1ado para que de manera cut\u00e1nea el cuerpo absorba la L-Arginina logrando una mayor cantidad de energ\u00eda fisica y sexual, permitiendo extender por mayor tiempo la actividad sexual \u00a0descubre la gota que hace la diferencia entre la tierra&#8230; y el cielo. Todo lo que necesitas es el lubricante con L- Arginina , que te ayuda a tener \u00a0fortalecimiento tanto f\u00edsico como sexual, que te har\u00e1n sentir al m\u00e1ximo.<\/p>\n<p>Como todos los lubricantes de K Ed\u00e9n, Jelly Energy tiene un exquisito sabor que ara de la experiencia oral algo inolvidable,\u00a0permitiendo experimentar una sensaci\u00f3n llena de placer sin igual durante el coito\u00a0este lubricante es totalmente de origen natural, compatible con latex y totalmente hipoalerg\u00e9nico.<\/p>\n<p><b>Presentaci\u00f3n: <\/b>Botella de 60 mililitros.<\/p>\n<p><b>Tipo de Lubricante:<\/b> <a href=\"https:\/\/sexshopbajolassabanas.mx\/?product_cat=lubricantes\">Lubricante<\/a> base agua<\/p>\n<p><b>Forma de uso<\/b><b>: <\/b>Para utilizar este lubricante t\u00e9rmico natural hipoalerg\u00e9nico, aplica una peque\u00f1a cantidad de producto en el \u00e1rea vaginal y miembro.<\/p>\n<p>Aplicar directamente en genitales, 1 minuto antes del coito durante el pre\u00e1mbulo<\/p>\n<p><b>Cuidados:<\/b> Cons\u00e9rvese cerrado en un lugar fresco no mayor a 30\u00ba. Prot\u00e9jase de la luz solar y el polvo con una bolsa hipoalerg\u00e9nica.<\/p>\n","protected":false},"excerpt":{"rendered":"<h4><span style=\"color: #ff00ff;\"><strong>Lubricante Vaginal con Energ\u00e9tico comestible a base de L-Arginina<\/strong><\/span><\/h4>\n<p class=\"font_8\">Este lubricante esta dise\u00f1ado para que de manera cut\u00e1nea el cuerpo absorba la L-Arginina logrando una mayor cantidad de energ\u00eda f\u00edsica y sexual, permitiendo extender por mayor tiempo la actividad sexual.60 ml.<\/p>\n","protected":false},"featured_media":7905,"comment_status":"open","ping_status":"closed","template":"","meta":{"om_disable_all_campaigns":false,"site-sidebar-layout":"default","site-content-layout":"default","ast-site-content-layout":"","site-content-style":"default","site-sidebar-style":"default","ast-global-header-display":"","ast-banner-title-visibility":"","ast-main-header-display":"","ast-hfb-above-header-display":"disabled","ast-hfb-below-header-display":"","ast-hfb-mobile-header-display":"","site-post-title":"","ast-breadcrumbs-content":"","ast-featured-img":"","footer-sml-layout":"","theme-transparent-header-meta":"default","adv-header-id-meta":"","stick-header-meta":"","header-above-stick-meta":"","header-main-stick-meta":"","header-below-stick-meta":"","astra-migrate-meta-layouts":"default","ast-page-background-enabled":"default","ast-page-background-meta":{"desktop":{"background-color":"","background-image":"","background-repeat":"repeat","background-position":"center center","background-size":"auto","background-attachment":"scroll","background-type":"","background-media":"","overlay-type":"","overlay-color":"","overlay-opacity":"","overlay-gradient":""},"tablet":{"background-color":"","background-image":"","background-repeat":"repeat","background-position":"center center","background-size":"auto","background-attachment":"scroll","background-type":"","background-media":"","overlay-type":"","overlay-color":"","overlay-opacity":"","overlay-gradient":""},"mobile":{"background-color":"","background-image":"","background-repeat":"repeat","background-position":"center center","background-size":"auto","background-attachment":"scroll","background-type":"","background-media":"","overlay-type":"","overlay-color":"","overlay-opacity":"","overlay-gradient":""}},"ast-content-background-meta":{"desktop":{"background-color":"var(--ast-global-color-5)","background-image":"","background-repeat":"repeat","background-position":"center center","background-size":"auto","background-attachment":"scroll","background-type":"","background-media":"","overlay-type":"","overlay-color":"","overlay-opacity":"","overlay-gradient":""},"tablet":{"background-color":"var(--ast-global-color-5)","background-image":"","background-repeat":"repeat","background-position":"center center","background-size":"auto","background-attachment":"scroll","background-type":"","background-media":"","overlay-type":"","overlay-color":"","overlay-opacity":"","overlay-gradient":""},"mobile":{"background-color":"var(--ast-global-color-5)","background-image":"","background-repeat":"repeat","background-position":"center center","background-size":"auto","background-attachment":"scroll","background-type":"","background-media":"","overlay-type":"","overlay-color":"","overlay-opacity":"","overlay-gradient":""}},"_joinchat":{"message_send":"Hola, estoy bucando..."}},"product_cat":[114,78,74,161,65,108,228],"product_tag":[],"giftcard-category":[],"class_list":{"0":"post-7925","1":"product","2":"type-product","3":"status-publish","4":"has-post-thumbnail","6":"product_cat-comestibles","7":"product_cat-escenciales","8":"product_cat-lubricantes","9":"product_cat-lubricantes-vaginales","10":"product_cat-rendimiento-sexual","11":"product_cat-rendimiento-sexual-el","12":"product_cat-rendimiento-sexual-ella","13":"desktop-align-left","14":"tablet-align-left","15":"mobile-align-left","17":"first","18":"instock","19":"taxable","20":"shipping-taxable","21":"purchasable","22":"product-type-variable"},"yoast_head":"<!-- This site is optimized with the Yoast SEO plugin v20.5 - https:\/\/yoast.com\/wordpress\/plugins\/seo\/ -->\n<title>Lubricante Vaginal con Energ\u00e9tico - sexshopbajolassabanas.mx<\/title>\n<meta name=\"description\" content=\"Lubricante Vaginal con Energ\u00e9tico mayor cantidad de energ\u00eda fisica y sexual, permitiendo extender por mayor tiempo la actividad sexual\" \/>\n<meta name=\"robots\" content=\"index, follow, max-snippet:-1, max-image-preview:large, max-video-preview:-1\" \/>\n<link rel=\"canonical\" href=\"https:\/\/sexshopbajolassabanas.mx\/?product=lubricante-vaginal-con-energetico\" \/>\n<meta property=\"og:locale\" content=\"es_MX\" \/>\n<meta property=\"og:type\" content=\"article\" \/>\n<meta property=\"og:title\" content=\"Lubricante Vaginal con Energ\u00e9tico - sexshopbajolassabanas.mx\" \/>\n<meta property=\"og:description\" content=\"Lubricante Vaginal con Energ\u00e9tico mayor cantidad de energ\u00eda fisica y sexual, permitiendo extender por mayor tiempo la actividad sexual\" \/>\n<meta property=\"og:url\" content=\"https:\/\/sexshopbajolassabanas.mx\/?product=lubricante-vaginal-con-energetico\" \/>\n<meta property=\"og:site_name\" content=\"sexshopbajolassabanas.mx\" \/>\n<meta property=\"article:modified_time\" content=\"2023-12-01T04:05:45+00:00\" \/>\n<meta property=\"og:image\" content=\"http:\/\/sexshopbajolassabanas.mx\/wp-content\/uploads\/2023\/11\/WhatsApp-Image-2023-11-30-at-2.01.20-PM-7.jpeg\" \/>\n\t<meta property=\"og:image:width\" content=\"1000\" \/>\n\t<meta property=\"og:image:height\" content=\"1000\" \/>\n\t<meta property=\"og:image:type\" content=\"image\/jpeg\" \/>\n<meta name=\"twitter:card\" content=\"summary_large_image\" \/>\n<meta name=\"twitter:label1\" content=\"Tiempo de lectura\" \/>\n\t<meta name=\"twitter:data1\" content=\"1 minuto\" \/>\n<script type=\"application\/ld+json\" class=\"yoast-schema-graph\">{\"@context\":\"https:\/\/schema.org\",\"@graph\":[{\"@type\":\"WebPage\",\"@id\":\"https:\/\/sexshopbajolassabanas.mx\/?product=lubricante-vaginal-con-energetico\",\"url\":\"https:\/\/sexshopbajolassabanas.mx\/?product=lubricante-vaginal-con-energetico\",\"name\":\"Lubricante Vaginal con Energ\u00e9tico - sexshopbajolassabanas.mx\",\"isPartOf\":{\"@id\":\"https:\/\/sexshopbajolassabanas.mx\/#website\"},\"datePublished\":\"2023-12-01T03:18:56+00:00\",\"dateModified\":\"2023-12-01T04:05:45+00:00\",\"description\":\"Lubricante Vaginal con Energ\u00e9tico mayor cantidad de energ\u00eda fisica y sexual, permitiendo extender por mayor tiempo la actividad sexual\",\"breadcrumb\":{\"@id\":\"https:\/\/sexshopbajolassabanas.mx\/?product=lubricante-vaginal-con-energetico#breadcrumb\"},\"inLanguage\":\"es\",\"potentialAction\":[{\"@type\":\"ReadAction\",\"target\":[\"https:\/\/sexshopbajolassabanas.mx\/?product=lubricante-vaginal-con-energetico\"]}]},{\"@type\":\"BreadcrumbList\",\"@id\":\"https:\/\/sexshopbajolassabanas.mx\/?product=lubricante-vaginal-con-energetico#breadcrumb\",\"itemListElement\":[{\"@type\":\"ListItem\",\"position\":1,\"name\":\"Inicio\",\"item\":\"https:\/\/sexshopbajolassabanas.mx\/\"},{\"@type\":\"ListItem\",\"position\":2,\"name\":\"Tienda\",\"item\":\"https:\/\/sexshopbajolassabanas.mx\/?page_id=38\"},{\"@type\":\"ListItem\",\"position\":3,\"name\":\"Lubricante Vaginal con Energ\u00e9tico\"}]},{\"@type\":\"WebSite\",\"@id\":\"https:\/\/sexshopbajolassabanas.mx\/#website\",\"url\":\"https:\/\/sexshopbajolassabanas.mx\/\",\"name\":\"sexshopbajolassabanas.mx\",\"description\":\"Sex Shop Bajo Las Sabanas\",\"publisher\":{\"@id\":\"https:\/\/sexshopbajolassabanas.mx\/#organization\"},\"potentialAction\":[{\"@type\":\"SearchAction\",\"target\":{\"@type\":\"EntryPoint\",\"urlTemplate\":\"https:\/\/sexshopbajolassabanas.mx\/?s={search_term_string}\"},\"query-input\":\"required name=search_term_string\"}],\"inLanguage\":\"es\"},{\"@type\":\"Organization\",\"@id\":\"https:\/\/sexshopbajolassabanas.mx\/#organization\",\"name\":\"sexshopbajolassabanas.mx\",\"url\":\"https:\/\/sexshopbajolassabanas.mx\/\",\"logo\":{\"@type\":\"ImageObject\",\"inLanguage\":\"es\",\"@id\":\"https:\/\/sexshopbajolassabanas.mx\/#\/schema\/logo\/image\/\",\"url\":\"https:\/\/sexshopbajolassabanas.mx\/wp-content\/uploads\/2022\/08\/cropped-cropped-Sin-titulo-2_Mesa-de-trabajo-1.png\",\"contentUrl\":\"https:\/\/sexshopbajolassabanas.mx\/wp-content\/uploads\/2022\/08\/cropped-cropped-Sin-titulo-2_Mesa-de-trabajo-1.png\",\"width\":375,\"height\":375,\"caption\":\"sexshopbajolassabanas.mx\"},\"image\":{\"@id\":\"https:\/\/sexshopbajolassabanas.mx\/#\/schema\/logo\/image\/\"}}]}<\/script>\n<!-- \/ Yoast SEO plugin. -->","yoast_head_json":{"title":"Lubricante Vaginal con Energ\u00e9tico - sexshopbajolassabanas.mx","description":"Lubricante Vaginal con Energ\u00e9tico mayor cantidad de energ\u00eda fisica y sexual, permitiendo extender por mayor tiempo la actividad sexual","robots":{"index":"index","follow":"follow","max-snippet":"max-snippet:-1","max-image-preview":"max-image-preview:large","max-video-preview":"max-video-preview:-1"},"canonical":"https:\/\/sexshopbajolassabanas.mx\/?product=lubricante-vaginal-con-energetico","og_locale":"es_MX","og_type":"article","og_title":"Lubricante Vaginal con Energ\u00e9tico - sexshopbajolassabanas.mx","og_description":"Lubricante Vaginal con Energ\u00e9tico mayor cantidad de energ\u00eda fisica y sexual, permitiendo extender por mayor tiempo la actividad sexual","og_url":"https:\/\/sexshopbajolassabanas.mx\/?product=lubricante-vaginal-con-energetico","og_site_name":"sexshopbajolassabanas.mx","article_modified_time":"2023-12-01T04:05:45+00:00","og_image":[{"width":1000,"height":1000,"url":"http:\/\/sexshopbajolassabanas.mx\/wp-content\/uploads\/2023\/11\/WhatsApp-Image-2023-11-30-at-2.01.20-PM-7.jpeg","type":"image\/jpeg"}],"twitter_card":"summary_large_image","twitter_misc":{"Tiempo de lectura":"1 minuto"},"schema":{"@context":"https:\/\/schema.org","@graph":[{"@type":"WebPage","@id":"https:\/\/sexshopbajolassabanas.mx\/?product=lubricante-vaginal-con-energetico","url":"https:\/\/sexshopbajolassabanas.mx\/?product=lubricante-vaginal-con-energetico","name":"Lubricante Vaginal con Energ\u00e9tico - sexshopbajolassabanas.mx","isPartOf":{"@id":"https:\/\/sexshopbajolassabanas.mx\/#website"},"datePublished":"2023-12-01T03:18:56+00:00","dateModified":"2023-12-01T04:05:45+00:00","description":"Lubricante Vaginal con Energ\u00e9tico mayor cantidad de energ\u00eda fisica y sexual, permitiendo extender por mayor tiempo la actividad sexual","breadcrumb":{"@id":"https:\/\/sexshopbajolassabanas.mx\/?product=lubricante-vaginal-con-energetico#breadcrumb"},"inLanguage":"es","potentialAction":[{"@type":"ReadAction","target":["https:\/\/sexshopbajolassabanas.mx\/?product=lubricante-vaginal-con-energetico"]}]},{"@type":"BreadcrumbList","@id":"https:\/\/sexshopbajolassabanas.mx\/?product=lubricante-vaginal-con-energetico#breadcrumb","itemListElement":[{"@type":"ListItem","position":1,"name":"Inicio","item":"https:\/\/sexshopbajolassabanas.mx\/"},{"@type":"ListItem","position":2,"name":"Tienda","item":"https:\/\/sexshopbajolassabanas.mx\/?page_id=38"},{"@type":"ListItem","position":3,"name":"Lubricante Vaginal con Energ\u00e9tico"}]},{"@type":"WebSite","@id":"https:\/\/sexshopbajolassabanas.mx\/#website","url":"https:\/\/sexshopbajolassabanas.mx\/","name":"sexshopbajolassabanas.mx","description":"Sex Shop Bajo Las Sabanas","publisher":{"@id":"https:\/\/sexshopbajolassabanas.mx\/#organization"},"potentialAction":[{"@type":"SearchAction","target":{"@type":"EntryPoint","urlTemplate":"https:\/\/sexshopbajolassabanas.mx\/?s={search_term_string}"},"query-input":"required name=search_term_string"}],"inLanguage":"es"},{"@type":"Organization","@id":"https:\/\/sexshopbajolassabanas.mx\/#organization","name":"sexshopbajolassabanas.mx","url":"https:\/\/sexshopbajolassabanas.mx\/","logo":{"@type":"ImageObject","inLanguage":"es","@id":"https:\/\/sexshopbajolassabanas.mx\/#\/schema\/logo\/image\/","url":"https:\/\/sexshopbajolassabanas.mx\/wp-content\/uploads\/2022\/08\/cropped-cropped-Sin-titulo-2_Mesa-de-trabajo-1.png","contentUrl":"https:\/\/sexshopbajolassabanas.mx\/wp-content\/uploads\/2022\/08\/cropped-cropped-Sin-titulo-2_Mesa-de-trabajo-1.png","width":375,"height":375,"caption":"sexshopbajolassabanas.mx"},"image":{"@id":"https:\/\/sexshopbajolassabanas.mx\/#\/schema\/logo\/image\/"}}]}},"_links":{"self":[{"href":"https:\/\/sexshopbajolassabanas.mx\/index.php?rest_route=\/wp\/v2\/product\/7925","targetHints":{"allow":["GET"]}}],"collection":[{"href":"https:\/\/sexshopbajolassabanas.mx\/index.php?rest_route=\/wp\/v2\/product"}],"about":[{"href":"https:\/\/sexshopbajolassabanas.mx\/index.php?rest_route=\/wp\/v2\/types\/product"}],"replies":[{"embeddable":true,"href":"https:\/\/sexshopbajolassabanas.mx\/index.php?rest_route=%2Fwp%2Fv2%2Fcomments&post=7925"}],"version-history":[{"count":1,"href":"https:\/\/sexshopbajolassabanas.mx\/index.php?rest_route=\/wp\/v2\/product\/7925\/revisions"}],"predecessor-version":[{"id":7928,"href":"https:\/\/sexshopbajolassabanas.mx\/index.php?rest_route=\/wp\/v2\/product\/7925\/revisions\/7928"}],"wp:featuredmedia":[{"embeddable":true,"href":"https:\/\/sexshopbajolassabanas.mx\/index.php?rest_route=\/wp\/v2\/media\/7905"}],"wp:attachment":[{"href":"https:\/\/sexshopbajolassabanas.mx\/index.php?rest_route=%2Fwp%2Fv2%2Fmedia&parent=7925"}],"wp:term":[{"taxonomy":"product_cat","embeddable":true,"href":"https:\/\/sexshopbajolassabanas.mx\/index.php?rest_route=%2Fwp%2Fv2%2Fproduct_cat&post=7925"},{"taxonomy":"product_tag","embeddable":true,"href":"https:\/\/sexshopbajolassabanas.mx\/index.php?rest_route=%2Fwp%2Fv2%2Fproduct_tag&post=7925"},{"taxonomy":"giftcard-category","embeddable":true,"href":"https:\/\/sexshopbajolassabanas.mx\/index.php?rest_route=%2Fwp%2Fv2%2Fgiftcard-category&post=7925"}],"curies":[{"name":"wp","href":"https:\/\/api.w.org\/{rel}","templated":true}]}}