{"id":7969,"date":"2023-12-14T04:27:55","date_gmt":"2023-12-14T04:27:55","guid":{"rendered":"https:\/\/sexshopbajolassabanas.mx\/?post_type=product&#038;p=7969"},"modified":"2024-01-07T21:52:08","modified_gmt":"2024-01-07T21:52:08","slug":"miel-vigorizante-para-hombres","status":"publish","type":"product","link":"https:\/\/sexshopbajolassabanas.mx\/?product=miel-vigorizante-para-hombres","title":{"rendered":"Miel vigorizante para hombres"},"content":{"rendered":"<h3><span style=\"color: #ff6600;\">Miel vigorizante para hombres, Xcalibur Honey<\/span><\/h3>\n<p><a href=\"https:\/\/sexshopbajolassabanas.mx\/?product_cat=sabaneras\">Sabaneras<\/a> y <a href=\"https:\/\/sexshopbajolassabanas.mx\/?product_cat=sabaneros\">sabanero<\/a>, sabemos que lo mas importante en tu intimidad es que la disfrutes al m\u00e1ximo con tu pareja, por eso traemos lo de hoy para tu rendimiento sexual, miel vigorizante para hombre, para ellas y para el de origen natural conservados en miel que mejoran el desempe\u00f1o sexual as\u00ed como otros beneficios.<\/p>\n<p><strong><span style=\"color: #0000ff;\">Miel <a href=\"https:\/\/sexshopbajolassabanas.mx\/?product_cat=rendimiento-sexual\">vigorizante<\/a>\u00a0para hombres beneficios.<\/span><\/strong><\/p>\n<p>1.- Sin dolor de cabeza, dura 1o d\u00edas<\/p>\n<p>2.- Mejora la calidad de tus espermas<\/p>\n<p>3.- Mejor control de eyaculaci\u00f3n<\/p>\n<p>4.- Incre\u00edble aumento de grosor<\/p>\n<p>5.- Aumento de longitud, ancho y la resistencia<\/p>\n<p>6.- Erecciones como rocas<\/p>\n<p>7.- Aumenta los orgasmos, los hace mas intensos y explosivos<\/p>\n<p>Puede mezclarlo con un caf\u00e9, frappe, agua, jugo, ponerlo en tu coctel de frutas, comerlo directo del sobre, endulza todo lo que tu quieras, lo mejor de todo es que nadie se va a dar cuenta que tu miel realmente es tu vigorizante favorito.<\/p>\n<p><span style=\"color: #008000;\"><strong>Miel vigorizante sus activos son:<\/strong><\/span><\/p>\n<p><strong>Miel pura:\u00a0<\/strong>Antiinflamatorio, antioxidante, agente antibi\u00f3tico , brinda\u00a0energ\u00eda.<\/p>\n<p><strong>Guaran\u00e1: <\/strong>Aumenta la\u00a0energ\u00eda\u00a0 suave afrodisiaco, aminora la fatiga, estimulante ( ayuda en episodios de depresi\u00f3n,\u00a0estr\u00e9s y fatiga), acci\u00f3n diur\u00e9tica.<\/p>\n<p><strong>Maca:\u00a0<\/strong>Antioxidante, cardioprotector, buen funcionamiento muscular, mejora la fertilidad, aumenta el deseo sexual hasta un 42%, brinda energ\u00eda.<\/p>\n<p><strong>Tongkat Alli: <\/strong>Mejora la producci\u00f3n de testosterona, aumenta el libido, reduce la fatiga corporal.<\/p>\n<p><span style=\"color: #ff00ff;\"><strong>Modo de uso:<\/strong><\/span> Tomar de 30 a 45 minutos antes de cualquier interacci\u00f3n.\u00a0Una porci\u00f3n de 11000 gramos dura aproximadamente 10 d\u00edas en tu sistema<\/p>\n<p><strong><span style=\"color: #993300;\"><span style=\"color: #ff00ff;\">Presentaci\u00f3n<\/span>: <\/span><\/strong>Sobre de 11000 mg.<\/p>\n<p><span style=\"color: #ff00ff;\"><strong>Contradicciones:<\/strong><\/span> No tomar m\u00e1s de cada 60 horas, no consumir con cardiopat\u00edas. NO mezcles la miel con alcohol, la miel puede no funcionar si se mezcla con alcohol.<\/p>\n<p><strong>Ingredientes:<\/strong> Miel, Tribulus, licopeno, L arginina, Damiana ,Guaran\u00e1, Maca, Yohmbina, Vitamina B12, C, D3 Y Oxido de zinc.<\/p>\n","protected":false},"excerpt":{"rendered":"<h4><strong><span style=\"color: #0000ff;\">Miel <a href=\"https:\/\/sexshopbajolassabanas.mx\/?product_cat=rendimiento-sexual\">vigorizante<\/a> beneficios en el hombre.<\/span><\/strong><\/h4>\n<p>1.- Sin dolor de cabeza, dura 1o d\u00edas<\/p>\n<p>2.- Mejora la calidad de tus espermas<\/p>\n<p>3.- Mejor control de eyaculaci\u00f3n<\/p>\n<p>4.- Incre\u00edble aumento de grosor<\/p>\n<p>5.- Aumento de longitud, ancho y la resistencia<\/p>\n<p>6.- Erecciones como rocas<\/p>\n<p>7.- Aumenta los orgasmos, los hace mas intensos y explosivos<\/p>\n<p>8.- Aumenta el volumen de los espermas<\/p>\n<p>9.- Mejora garantizada<\/p>\n<p>&nbsp;<\/p>\n<p>&nbsp;<\/p>\n","protected":false},"featured_media":7955,"comment_status":"open","ping_status":"closed","template":"","meta":{"om_disable_all_campaigns":false,"site-sidebar-layout":"default","site-content-layout":"default","ast-site-content-layout":"","site-content-style":"default","site-sidebar-style":"default","ast-global-header-display":"","ast-banner-title-visibility":"","ast-main-header-display":"","ast-hfb-above-header-display":"disabled","ast-hfb-below-header-display":"","ast-hfb-mobile-header-display":"","site-post-title":"","ast-breadcrumbs-content":"","ast-featured-img":"","footer-sml-layout":"","theme-transparent-header-meta":"default","adv-header-id-meta":"","stick-header-meta":"","header-above-stick-meta":"","header-main-stick-meta":"","header-below-stick-meta":"","astra-migrate-meta-layouts":"default","ast-page-background-enabled":"default","ast-page-background-meta":{"desktop":{"background-color":"","background-image":"","background-repeat":"repeat","background-position":"center center","background-size":"auto","background-attachment":"scroll","background-type":"","background-media":"","overlay-type":"","overlay-color":"","overlay-opacity":"","overlay-gradient":""},"tablet":{"background-color":"","background-image":"","background-repeat":"repeat","background-position":"center center","background-size":"auto","background-attachment":"scroll","background-type":"","background-media":"","overlay-type":"","overlay-color":"","overlay-opacity":"","overlay-gradient":""},"mobile":{"background-color":"","background-image":"","background-repeat":"repeat","background-position":"center center","background-size":"auto","background-attachment":"scroll","background-type":"","background-media":"","overlay-type":"","overlay-color":"","overlay-opacity":"","overlay-gradient":""}},"ast-content-background-meta":{"desktop":{"background-color":"var(--ast-global-color-5)","background-image":"","background-repeat":"repeat","background-position":"center center","background-size":"auto","background-attachment":"scroll","background-type":"","background-media":"","overlay-type":"","overlay-color":"","overlay-opacity":"","overlay-gradient":""},"tablet":{"background-color":"var(--ast-global-color-5)","background-image":"","background-repeat":"repeat","background-position":"center center","background-size":"auto","background-attachment":"scroll","background-type":"","background-media":"","overlay-type":"","overlay-color":"","overlay-opacity":"","overlay-gradient":""},"mobile":{"background-color":"var(--ast-global-color-5)","background-image":"","background-repeat":"repeat","background-position":"center center","background-size":"auto","background-attachment":"scroll","background-type":"","background-media":"","overlay-type":"","overlay-color":"","overlay-opacity":"","overlay-gradient":""}},"_joinchat":[]},"product_cat":[114,65,108],"product_tag":[],"giftcard-category":[],"class_list":{"0":"post-7969","1":"product","2":"type-product","3":"status-publish","4":"has-post-thumbnail","6":"product_cat-comestibles","7":"product_cat-rendimiento-sexual","8":"product_cat-rendimiento-sexual-el","9":"desktop-align-left","10":"tablet-align-left","11":"mobile-align-left","13":"first","14":"instock","15":"taxable","16":"shipping-taxable","17":"purchasable","18":"product-type-simple"},"yoast_head":"<!-- This site is optimized with the Yoast SEO plugin v20.5 - https:\/\/yoast.com\/wordpress\/plugins\/seo\/ -->\n<title>Miel vigorizante para hombres - sexshopbajolassabanas.mx<\/title>\n<meta name=\"description\" content=\"Miel vigorizante para hombres , rendimiento sexual, mejora calidad de espermas, aumento en producci\u00f3n de espermas, erecciones mas firmes y duraderas\" \/>\n<meta name=\"robots\" content=\"index, follow, max-snippet:-1, max-image-preview:large, max-video-preview:-1\" \/>\n<link rel=\"canonical\" href=\"https:\/\/sexshopbajolassabanas.mx\/?product=miel-vigorizante-para-hombres\" \/>\n<meta property=\"og:locale\" content=\"es_MX\" \/>\n<meta property=\"og:type\" content=\"article\" \/>\n<meta property=\"og:title\" content=\"Miel vigorizante para hombres - sexshopbajolassabanas.mx\" \/>\n<meta property=\"og:description\" content=\"Miel vigorizante para hombres , rendimiento sexual, mejora calidad de espermas, aumento en producci\u00f3n de espermas, erecciones mas firmes y duraderas\" \/>\n<meta property=\"og:url\" content=\"https:\/\/sexshopbajolassabanas.mx\/?product=miel-vigorizante-para-hombres\" \/>\n<meta property=\"og:site_name\" content=\"sexshopbajolassabanas.mx\" \/>\n<meta property=\"article:modified_time\" content=\"2024-01-07T21:52:08+00:00\" \/>\n<meta property=\"og:image\" content=\"http:\/\/sexshopbajolassabanas.mx\/wp-content\/uploads\/2023\/12\/2.png\" \/>\n\t<meta property=\"og:image:width\" content=\"1000\" \/>\n\t<meta property=\"og:image:height\" content=\"1000\" \/>\n\t<meta property=\"og:image:type\" content=\"image\/png\" \/>\n<meta name=\"twitter:card\" content=\"summary_large_image\" \/>\n<meta name=\"twitter:label1\" content=\"Tiempo de lectura\" \/>\n\t<meta name=\"twitter:data1\" content=\"2 minutos\" \/>\n<script type=\"application\/ld+json\" class=\"yoast-schema-graph\">{\"@context\":\"https:\/\/schema.org\",\"@graph\":[{\"@type\":\"WebPage\",\"@id\":\"https:\/\/sexshopbajolassabanas.mx\/?product=miel-vigorizante-para-hombres\",\"url\":\"https:\/\/sexshopbajolassabanas.mx\/?product=miel-vigorizante-para-hombres\",\"name\":\"Miel vigorizante para hombres - sexshopbajolassabanas.mx\",\"isPartOf\":{\"@id\":\"https:\/\/sexshopbajolassabanas.mx\/#website\"},\"datePublished\":\"2023-12-14T04:27:55+00:00\",\"dateModified\":\"2024-01-07T21:52:08+00:00\",\"description\":\"Miel vigorizante para hombres , rendimiento sexual, mejora calidad de espermas, aumento en producci\u00f3n de espermas, erecciones mas firmes y duraderas\",\"breadcrumb\":{\"@id\":\"https:\/\/sexshopbajolassabanas.mx\/?product=miel-vigorizante-para-hombres#breadcrumb\"},\"inLanguage\":\"es\",\"potentialAction\":[{\"@type\":\"ReadAction\",\"target\":[\"https:\/\/sexshopbajolassabanas.mx\/?product=miel-vigorizante-para-hombres\"]}]},{\"@type\":\"BreadcrumbList\",\"@id\":\"https:\/\/sexshopbajolassabanas.mx\/?product=miel-vigorizante-para-hombres#breadcrumb\",\"itemListElement\":[{\"@type\":\"ListItem\",\"position\":1,\"name\":\"Inicio\",\"item\":\"https:\/\/sexshopbajolassabanas.mx\/\"},{\"@type\":\"ListItem\",\"position\":2,\"name\":\"Tienda\",\"item\":\"https:\/\/sexshopbajolassabanas.mx\/?page_id=38\"},{\"@type\":\"ListItem\",\"position\":3,\"name\":\"Miel vigorizante para hombres\"}]},{\"@type\":\"WebSite\",\"@id\":\"https:\/\/sexshopbajolassabanas.mx\/#website\",\"url\":\"https:\/\/sexshopbajolassabanas.mx\/\",\"name\":\"sexshopbajolassabanas.mx\",\"description\":\"Sex Shop Bajo Las Sabanas\",\"publisher\":{\"@id\":\"https:\/\/sexshopbajolassabanas.mx\/#organization\"},\"potentialAction\":[{\"@type\":\"SearchAction\",\"target\":{\"@type\":\"EntryPoint\",\"urlTemplate\":\"https:\/\/sexshopbajolassabanas.mx\/?s={search_term_string}\"},\"query-input\":\"required name=search_term_string\"}],\"inLanguage\":\"es\"},{\"@type\":\"Organization\",\"@id\":\"https:\/\/sexshopbajolassabanas.mx\/#organization\",\"name\":\"sexshopbajolassabanas.mx\",\"url\":\"https:\/\/sexshopbajolassabanas.mx\/\",\"logo\":{\"@type\":\"ImageObject\",\"inLanguage\":\"es\",\"@id\":\"https:\/\/sexshopbajolassabanas.mx\/#\/schema\/logo\/image\/\",\"url\":\"https:\/\/sexshopbajolassabanas.mx\/wp-content\/uploads\/2022\/08\/cropped-cropped-Sin-titulo-2_Mesa-de-trabajo-1.png\",\"contentUrl\":\"https:\/\/sexshopbajolassabanas.mx\/wp-content\/uploads\/2022\/08\/cropped-cropped-Sin-titulo-2_Mesa-de-trabajo-1.png\",\"width\":375,\"height\":375,\"caption\":\"sexshopbajolassabanas.mx\"},\"image\":{\"@id\":\"https:\/\/sexshopbajolassabanas.mx\/#\/schema\/logo\/image\/\"}}]}<\/script>\n<!-- \/ Yoast SEO plugin. -->","yoast_head_json":{"title":"Miel vigorizante para hombres - sexshopbajolassabanas.mx","description":"Miel vigorizante para hombres , rendimiento sexual, mejora calidad de espermas, aumento en producci\u00f3n de espermas, erecciones mas firmes y duraderas","robots":{"index":"index","follow":"follow","max-snippet":"max-snippet:-1","max-image-preview":"max-image-preview:large","max-video-preview":"max-video-preview:-1"},"canonical":"https:\/\/sexshopbajolassabanas.mx\/?product=miel-vigorizante-para-hombres","og_locale":"es_MX","og_type":"article","og_title":"Miel vigorizante para hombres - sexshopbajolassabanas.mx","og_description":"Miel vigorizante para hombres , rendimiento sexual, mejora calidad de espermas, aumento en producci\u00f3n de espermas, erecciones mas firmes y duraderas","og_url":"https:\/\/sexshopbajolassabanas.mx\/?product=miel-vigorizante-para-hombres","og_site_name":"sexshopbajolassabanas.mx","article_modified_time":"2024-01-07T21:52:08+00:00","og_image":[{"width":1000,"height":1000,"url":"http:\/\/sexshopbajolassabanas.mx\/wp-content\/uploads\/2023\/12\/2.png","type":"image\/png"}],"twitter_card":"summary_large_image","twitter_misc":{"Tiempo de lectura":"2 minutos"},"schema":{"@context":"https:\/\/schema.org","@graph":[{"@type":"WebPage","@id":"https:\/\/sexshopbajolassabanas.mx\/?product=miel-vigorizante-para-hombres","url":"https:\/\/sexshopbajolassabanas.mx\/?product=miel-vigorizante-para-hombres","name":"Miel vigorizante para hombres - sexshopbajolassabanas.mx","isPartOf":{"@id":"https:\/\/sexshopbajolassabanas.mx\/#website"},"datePublished":"2023-12-14T04:27:55+00:00","dateModified":"2024-01-07T21:52:08+00:00","description":"Miel vigorizante para hombres , rendimiento sexual, mejora calidad de espermas, aumento en producci\u00f3n de espermas, erecciones mas firmes y duraderas","breadcrumb":{"@id":"https:\/\/sexshopbajolassabanas.mx\/?product=miel-vigorizante-para-hombres#breadcrumb"},"inLanguage":"es","potentialAction":[{"@type":"ReadAction","target":["https:\/\/sexshopbajolassabanas.mx\/?product=miel-vigorizante-para-hombres"]}]},{"@type":"BreadcrumbList","@id":"https:\/\/sexshopbajolassabanas.mx\/?product=miel-vigorizante-para-hombres#breadcrumb","itemListElement":[{"@type":"ListItem","position":1,"name":"Inicio","item":"https:\/\/sexshopbajolassabanas.mx\/"},{"@type":"ListItem","position":2,"name":"Tienda","item":"https:\/\/sexshopbajolassabanas.mx\/?page_id=38"},{"@type":"ListItem","position":3,"name":"Miel vigorizante para hombres"}]},{"@type":"WebSite","@id":"https:\/\/sexshopbajolassabanas.mx\/#website","url":"https:\/\/sexshopbajolassabanas.mx\/","name":"sexshopbajolassabanas.mx","description":"Sex Shop Bajo Las Sabanas","publisher":{"@id":"https:\/\/sexshopbajolassabanas.mx\/#organization"},"potentialAction":[{"@type":"SearchAction","target":{"@type":"EntryPoint","urlTemplate":"https:\/\/sexshopbajolassabanas.mx\/?s={search_term_string}"},"query-input":"required name=search_term_string"}],"inLanguage":"es"},{"@type":"Organization","@id":"https:\/\/sexshopbajolassabanas.mx\/#organization","name":"sexshopbajolassabanas.mx","url":"https:\/\/sexshopbajolassabanas.mx\/","logo":{"@type":"ImageObject","inLanguage":"es","@id":"https:\/\/sexshopbajolassabanas.mx\/#\/schema\/logo\/image\/","url":"https:\/\/sexshopbajolassabanas.mx\/wp-content\/uploads\/2022\/08\/cropped-cropped-Sin-titulo-2_Mesa-de-trabajo-1.png","contentUrl":"https:\/\/sexshopbajolassabanas.mx\/wp-content\/uploads\/2022\/08\/cropped-cropped-Sin-titulo-2_Mesa-de-trabajo-1.png","width":375,"height":375,"caption":"sexshopbajolassabanas.mx"},"image":{"@id":"https:\/\/sexshopbajolassabanas.mx\/#\/schema\/logo\/image\/"}}]}},"_links":{"self":[{"href":"https:\/\/sexshopbajolassabanas.mx\/index.php?rest_route=\/wp\/v2\/product\/7969","targetHints":{"allow":["GET"]}}],"collection":[{"href":"https:\/\/sexshopbajolassabanas.mx\/index.php?rest_route=\/wp\/v2\/product"}],"about":[{"href":"https:\/\/sexshopbajolassabanas.mx\/index.php?rest_route=\/wp\/v2\/types\/product"}],"replies":[{"embeddable":true,"href":"https:\/\/sexshopbajolassabanas.mx\/index.php?rest_route=%2Fwp%2Fv2%2Fcomments&post=7969"}],"version-history":[{"count":2,"href":"https:\/\/sexshopbajolassabanas.mx\/index.php?rest_route=\/wp\/v2\/product\/7969\/revisions"}],"predecessor-version":[{"id":8044,"href":"https:\/\/sexshopbajolassabanas.mx\/index.php?rest_route=\/wp\/v2\/product\/7969\/revisions\/8044"}],"wp:featuredmedia":[{"embeddable":true,"href":"https:\/\/sexshopbajolassabanas.mx\/index.php?rest_route=\/wp\/v2\/media\/7955"}],"wp:attachment":[{"href":"https:\/\/sexshopbajolassabanas.mx\/index.php?rest_route=%2Fwp%2Fv2%2Fmedia&parent=7969"}],"wp:term":[{"taxonomy":"product_cat","embeddable":true,"href":"https:\/\/sexshopbajolassabanas.mx\/index.php?rest_route=%2Fwp%2Fv2%2Fproduct_cat&post=7969"},{"taxonomy":"product_tag","embeddable":true,"href":"https:\/\/sexshopbajolassabanas.mx\/index.php?rest_route=%2Fwp%2Fv2%2Fproduct_tag&post=7969"},{"taxonomy":"giftcard-category","embeddable":true,"href":"https:\/\/sexshopbajolassabanas.mx\/index.php?rest_route=%2Fwp%2Fv2%2Fgiftcard-category&post=7969"}],"curies":[{"name":"wp","href":"https:\/\/api.w.org\/{rel}","templated":true}]}}